{"id":81,"date":"2022-10-10T10:16:15","date_gmt":"2022-10-10T10:16:15","guid":{"rendered":"https:\/\/factum-omibu.es\/walkin\/?page_id=81"},"modified":"2025-04-02T10:01:34","modified_gmt":"2025-04-02T10:01:34","slug":"free-tour-granada","status":"publish","type":"page","link":"https:\/\/walkingranada.com\/pt\/free-tour-granada\/","title":{"rendered":"Free tours"},"content":{"rendered":"<h1>\r\n\t\tFREE TOURS A P\u00c9\r\n\t<\/h1>\r\n<h2>\r\n\t\tFREE TOURS TODOS OS DIAS\r\n\t<\/h2>\r\n<h3>\r\n\t\tRESERVA TU TOUR, ven a PLAZA NUEVA y busca nuestro PARAGUAS ROJO\r\n\t<\/h3>\r\n\tSomos uma empresa pioneira empresa em Granada que oferece roteiros matinais e vespertinos com roteiros diferentes dos Free Tours, percorrendo assim os bairros mais representativos da cidade: Centro Hist\u00f3rico, Albaicin e Sacromonte.<br \/>\r\nTodas as visitas duram cerca de 2 horas e meia e s\u00e3o perfeitamente compat\u00edveis entre si. \n\nNossos passeios gratuitos s\u00e3o oferecidos apenas em espanhol ou ingl\u00eas (atualmente n\u00e3o est\u00e3o dispon\u00edveis em portugu\u00eas), por favor, escolha seu idioma preferido.\r\n<h3>\r\n\t\tEstos son nuestros  free tours a pie en Granada\r\n\t<\/h3>\r\n\t <section id=\"servicios\">\r\n            <img decoding=\"async\" loading=\"lazy\" src=\"https:\/\/walkingranada.com\/wp-content\/uploads\/2023\/01\/Esencial-tour.webp\" width=\"100%\" alt=\"Free Tour Esencial\"\/>\r\n                <h3>Free Tour Granada Esencial<\/h3>\r\n                <hr \/>\r\n                <p>Visita guiada em Granada. Mergulhe na hist\u00f3ria da cidade da Alhambra.<\/p>\r\n                <hr \/>\r\n                    <p> Todos os dias<\/p>\r\n                    <p> 11:00<\/p>\r\n                    <p> 2,5h<\/p>\r\n                    <p>Livre<\/p>\r\n            <a href=\"https:\/\/walkingranada.com\/pt\/free-tour-granada\/granada-essencial\/\">Reservar &gt;<\/a>\r\n            <img decoding=\"async\" loading=\"lazy\" src=\"https:\/\/walkingranada.com\/wp-content\/uploads\/2023\/01\/Freetour-albaicin-y-sacromonte.webp\" width=\"100%\" alt=\"Free Tour Freetour Albaicin y Sacromonte\"\/>\r\n                <h3>Free tour Albaic\u00edn e Sacromonte<\/h3>\r\n                <hr \/>\r\n                <p>De ruas estreitas e miradouros de tirar o f\u00f4lego. Descubra estes dois bairros.<\/p>\r\n                <hr \/>\r\n                    <p> Todos os dias<\/p>\r\n                    <p> Dependendo da esta\u00e7\u00e3o do ano<\/p>\r\n                    <p> 2,5h<\/p>\r\n                    <p>Livre<\/p>\r\n            <a href=\"https:\/\/walkingranada.com\/pt\/free-tour-granada\/albaicin-sacromonte\/\">Reservar &gt;<\/a>\r\n    <\/section>\r\n<h2>\r\n\t\tViaja para mais cidades?\r\n\t<\/h2>\r\n\t<p>FREE TOUR COMMUNITY<\/p>\r\n\t<p>Walk in Granada \u00e9 uma empresa local que oferece visitas guiadas exclusivamente em Granada. No entanto, fazemos parte de uma rede de ag\u00eancias locais que se uniram sob a mesma filosofia: Respeito pelas nossas cidades e turismo respons\u00e1vel. Confira as melhores viagens locais de todo o mundo em Free Tour Community.<\/p>\r\n\t\t\t\t<a href=\"https:\/\/freetourcommunity.com\/\" target=\"_blank\" rel=\"noopener\" itemprop=\"url\">\r\n\t\t\t\t<img decoding=\"async\" loading=\"lazy\" src=\"https:\/\/walkingranada.com\/wp-content\/uploads\/2022\/10\/logo-freetour-1.png\" alt=\"logo-freetour\" itemprop=\"image\" height=\"98\" width=\"316\" title=\"logo-freetour 1\" onerror=\"this.style.display='none'\"  \/>\r\n\t\t\t\t<\/a>\r\n<h3>\r\n\t\tTambi\u00e9n puedes reservar nuestros otros servicios&#8230;\r\n\t<\/h3>\r\n\t<a href=\"https:\/\/walkingranada.com\/pt\/que-fazer-em-granada\/flamenco\/\" target=\"_self\" rel=\"noopener\"><\/a>\r\n\t\t\t<img decoding=\"async\" loading=\"lazy\" alt=\"bailaora flamenca\" src=\"https:\/\/walkingranada.com\/wp-content\/uploads\/2022\/10\/Rectangle-42.png\"\/>\r\n\t\t<h3>Flamenco<\/h3>\r\n\t<a href=\"https:\/\/walkingranada.com\/pt\/que-fazer-em-granada\/hammam-al-andalus\/\" target=\"_self\" rel=\"noopener\"><\/a>\r\n\t\t\t<img decoding=\"async\" loading=\"lazy\" alt=\"ba\u00f1os \u00e1rabes\" src=\"https:\/\/walkingranada.com\/wp-content\/uploads\/2022\/10\/Rectangle-43.png\"\/>\r\n\t\t<h3>Hammam <br \/>Al-\u00e1ndalus<\/h3>\r\n\t<a href=\"https:\/\/walkingranada.com\/pt\/que-fazer-em-granada\/excursoes\/\" target=\"_self\" rel=\"noopener\"><\/a>\r\n\t\t\t<img decoding=\"async\" loading=\"lazy\" alt=\"mezquita de c\u00f3rdoba\" src=\"https:\/\/walkingranada.com\/wp-content\/uploads\/2022\/10\/Rectangle-45.png\"\/>\r\n\t\t<h3>excurs\u00f5es <br \/>de un dia<\/h3>\r\n\t<a href=\"https:\/\/walkingranada.com\/pt\/que-fazer-em-granada\/rota-olfativa\/\" target=\"_self\" rel=\"noopener\"><\/a>\r\n\t\t\t<img decoding=\"async\" loading=\"lazy\" alt=\"imagen de una chica joven\" src=\"https:\/\/walkingranada.com\/wp-content\/uploads\/2022\/10\/Rectangle-38.png\"\/>\r\n\t\t<h3>Rota olfativa<\/h3>","protected":false},"excerpt":{"rendered":"<p>FREE TOURS A PIE FREE TOURS TODOS LOS D\u00cdAS RESERVA TU TOUR, ven a PLAZA NUEVA y busca nuestro PARAGUAS ROJO Somos una empresa pionera en Granada que ofrece rutas por la ma\u00f1ana y por la tarde con itinerarios distintos de Free Tours, cubriendo as\u00ed los barrios m\u00e1s representativos de la ciudad: Centro Hist\u00f3rico, Albaic\u00edn &#8230; <a title=\"Free tours\" class=\"read-more\" href=\"https:\/\/walkingranada.com\/pt\/free-tour-granada\/\" aria-label=\"Leia mais sobre Free tours\">Ler mais<\/a><\/p>","protected":false},"author":2,"featured_media":0,"parent":0,"menu_order":0,"comment_status":"closed","ping_status":"closed","template":"","meta":{"footnotes":""},"class_list":["post-81","page","type-page","status-publish"],"yoast_head":"<!-- This site is optimized with the Yoast SEO plugin v27.4 - https:\/\/yoast.com\/product\/yoast-seo-wordpress\/ -->\n<title>Free Tours en Granada - Walk in Granada<\/title>\n<meta name=\"description\" content=\"Somos una empresa especializada en Free Tours en Granada. Disponemos de varios itinerarios a diferentes horas del d\u00eda. \u00a1Reserva tu plaza!\" \/>\n<meta name=\"robots\" content=\"index, follow, max-snippet:-1, max-image-preview:large, max-video-preview:-1\" \/>\n<link rel=\"canonical\" href=\"https:\/\/walkingranada.com\/pt\/free-tour-granada\/\" \/>\n<meta property=\"og:locale\" content=\"pt_PT\" \/>\n<meta property=\"og:type\" content=\"article\" \/>\n<meta property=\"og:title\" content=\"Free Tours en Granada - Walk in Granada\" \/>\n<meta property=\"og:description\" content=\"Somos una empresa especializada en Free Tours en Granada. Disponemos de varios itinerarios a diferentes horas del d\u00eda. \u00a1Reserva tu plaza!\" \/>\n<meta property=\"og:url\" content=\"https:\/\/walkingranada.com\/pt\/free-tour-granada\/\" \/>\n<meta property=\"og:site_name\" content=\"Walk in Granada\" \/>\n<meta property=\"article:publisher\" content=\"https:\/\/es-es.facebook.com\/walkingranadatour\/\" \/>\n<meta property=\"article:modified_time\" content=\"2025-04-02T10:01:34+00:00\" \/>\n<meta property=\"og:image\" content=\"https:\/\/walkingranada.com\/wp-content\/uploads\/2023\/01\/Esencial-tour.webp\" \/>\n<meta name=\"twitter:card\" content=\"summary_large_image\" \/>\n<meta name=\"twitter:site\" content=\"@walkingranada\" \/>\n<meta name=\"twitter:label1\" content=\"Tempo estimado de leitura\" \/>\n\t<meta name=\"twitter:data1\" content=\"3 minutos\" \/>\n<script type=\"application\/ld+json\" class=\"yoast-schema-graph\">{\"@context\":\"https:\\\/\\\/schema.org\",\"@graph\":[{\"@type\":\"WebPage\",\"@id\":\"https:\\\/\\\/walkingranada.com\\\/free-tour-granada\\\/\",\"url\":\"https:\\\/\\\/walkingranada.com\\\/free-tour-granada\\\/\",\"name\":\"Free Tours en Granada - Walk in Granada\",\"isPartOf\":{\"@id\":\"https:\\\/\\\/walkingranada.com\\\/#website\"},\"primaryImageOfPage\":{\"@id\":\"https:\\\/\\\/walkingranada.com\\\/free-tour-granada\\\/#primaryimage\"},\"image\":{\"@id\":\"https:\\\/\\\/walkingranada.com\\\/free-tour-granada\\\/#primaryimage\"},\"thumbnailUrl\":\"https:\\\/\\\/walkingranada.com\\\/wp-content\\\/uploads\\\/2023\\\/01\\\/Esencial-tour.webp\",\"datePublished\":\"2022-10-10T10:16:15+00:00\",\"dateModified\":\"2025-04-02T10:01:34+00:00\",\"description\":\"Somos una empresa especializada en Free Tours en Granada. Disponemos de varios itinerarios a diferentes horas del d\u00eda. \u00a1Reserva tu plaza!\",\"breadcrumb\":{\"@id\":\"https:\\\/\\\/walkingranada.com\\\/free-tour-granada\\\/#breadcrumb\"},\"inLanguage\":\"pt-PT\",\"potentialAction\":[{\"@type\":\"ReadAction\",\"target\":[\"https:\\\/\\\/walkingranada.com\\\/free-tour-granada\\\/\"]}]},{\"@type\":\"ImageObject\",\"inLanguage\":\"pt-PT\",\"@id\":\"https:\\\/\\\/walkingranada.com\\\/free-tour-granada\\\/#primaryimage\",\"url\":\"https:\\\/\\\/walkingranada.com\\\/wp-content\\\/uploads\\\/2023\\\/01\\\/Esencial-tour.webp\",\"contentUrl\":\"https:\\\/\\\/walkingranada.com\\\/wp-content\\\/uploads\\\/2023\\\/01\\\/Esencial-tour.webp\"},{\"@type\":\"BreadcrumbList\",\"@id\":\"https:\\\/\\\/walkingranada.com\\\/free-tour-granada\\\/#breadcrumb\",\"itemListElement\":[{\"@type\":\"ListItem\",\"position\":1,\"name\":\"Portada\",\"item\":\"https:\\\/\\\/walkingranada.com\\\/\"},{\"@type\":\"ListItem\",\"position\":2,\"name\":\"Free tours\"}]},{\"@type\":\"WebSite\",\"@id\":\"https:\\\/\\\/walkingranada.com\\\/#website\",\"url\":\"https:\\\/\\\/walkingranada.com\\\/\",\"name\":\"Walk in Granada\",\"description\":\"Turismo responsable\",\"publisher\":{\"@id\":\"https:\\\/\\\/walkingranada.com\\\/#organization\"},\"alternateName\":\"Walk in Granada\",\"potentialAction\":[{\"@type\":\"SearchAction\",\"target\":{\"@type\":\"EntryPoint\",\"urlTemplate\":\"https:\\\/\\\/walkingranada.com\\\/?s={search_term_string}\"},\"query-input\":{\"@type\":\"PropertyValueSpecification\",\"valueRequired\":true,\"valueName\":\"search_term_string\"}}],\"inLanguage\":\"pt-PT\"},{\"@type\":\"Organization\",\"@id\":\"https:\\\/\\\/walkingranada.com\\\/#organization\",\"name\":\"Walk In Granada\",\"alternateName\":\"Walk In Granada\",\"url\":\"https:\\\/\\\/walkingranada.com\\\/\",\"logo\":{\"@type\":\"ImageObject\",\"inLanguage\":\"pt-PT\",\"@id\":\"https:\\\/\\\/walkingranada.com\\\/#\\\/schema\\\/logo\\\/image\\\/\",\"url\":\"https:\\\/\\\/walkingranada.com\\\/wp-content\\\/uploads\\\/2022\\\/12\\\/Logo-Walking.webp\",\"contentUrl\":\"https:\\\/\\\/walkingranada.com\\\/wp-content\\\/uploads\\\/2022\\\/12\\\/Logo-Walking.webp\",\"width\":512,\"height\":512,\"caption\":\"Walk In Granada\"},\"image\":{\"@id\":\"https:\\\/\\\/walkingranada.com\\\/#\\\/schema\\\/logo\\\/image\\\/\"},\"sameAs\":[\"https:\\\/\\\/es-es.facebook.com\\\/walkingranadatour\\\/\",\"https:\\\/\\\/x.com\\\/walkingranada\",\"https:\\\/\\\/www.instagram.com\\\/walkingranada\\\/\"]}]}<\/script>\n<!-- \/ Yoast SEO plugin. -->","yoast_head_json":{"title":"\u2b50 Free Tours em Granada \u2705 Visite a cidade de Granada - Walk In Granada","description":"Free Tours em Granada todos os dias \u261d. Desfrute dos nossos passeios a p\u00e9\ud83d\udeb6\u200d\u2642\ufe0f. Conhe\u00e7a o centro de Granada, os bairros Albaic\u00edn e Sacromonte e muito mais conosco.","robots":{"index":"index","follow":"follow","max-snippet":"max-snippet:-1","max-image-preview":"max-image-preview:large","max-video-preview":"max-video-preview:-1"},"canonical":"https:\/\/walkingranada.com\/pt\/free-tour-granada\/","og_locale":"pt_PT","og_type":"article","og_title":"Free Tours en Granada - Walk in Granada","og_description":"Somos una empresa especializada en Free Tours en Granada. Disponemos de varios itinerarios a diferentes horas del d\u00eda. \u00a1Reserva tu plaza!","og_url":"https:\/\/walkingranada.com\/pt\/free-tour-granada\/","og_site_name":"Walk in Granada","article_publisher":"https:\/\/es-es.facebook.com\/walkingranadatour\/","article_modified_time":"2025-04-02T10:01:34+00:00","og_image":[{"url":"https:\/\/walkingranada.com\/wp-content\/uploads\/2023\/01\/Esencial-tour.webp","type":"","width":"","height":""}],"twitter_card":"summary_large_image","twitter_site":"@walkingranada","twitter_misc":{"Tempo estimado de leitura":"3 minutos"},"schema":{"@context":"https:\/\/schema.org","@graph":[{"@type":"WebPage","@id":"https:\/\/walkingranada.com\/free-tour-granada\/","url":"https:\/\/walkingranada.com\/free-tour-granada\/","name":"\u2b50 Free Tours em Granada \u2705 Visite a cidade de Granada - Walk In Granada","isPartOf":{"@id":"https:\/\/walkingranada.com\/#website"},"primaryImageOfPage":{"@id":"https:\/\/walkingranada.com\/free-tour-granada\/#primaryimage"},"image":{"@id":"https:\/\/walkingranada.com\/free-tour-granada\/#primaryimage"},"thumbnailUrl":"https:\/\/walkingranada.com\/wp-content\/uploads\/2023\/01\/Esencial-tour.webp","datePublished":"2022-10-10T10:16:15+00:00","dateModified":"2025-04-02T10:01:34+00:00","description":"Free Tours em Granada todos os dias \u261d. Desfrute dos nossos passeios a p\u00e9\ud83d\udeb6\u200d\u2642\ufe0f. Conhe\u00e7a o centro de Granada, os bairros Albaic\u00edn e Sacromonte e muito mais conosco.","breadcrumb":{"@id":"https:\/\/walkingranada.com\/free-tour-granada\/#breadcrumb"},"inLanguage":"pt-PT","potentialAction":[{"@type":"ReadAction","target":["https:\/\/walkingranada.com\/free-tour-granada\/"]}]},{"@type":"ImageObject","inLanguage":"pt-PT","@id":"https:\/\/walkingranada.com\/free-tour-granada\/#primaryimage","url":"https:\/\/walkingranada.com\/wp-content\/uploads\/2023\/01\/Esencial-tour.webp","contentUrl":"https:\/\/walkingranada.com\/wp-content\/uploads\/2023\/01\/Esencial-tour.webp"},{"@type":"BreadcrumbList","@id":"https:\/\/walkingranada.com\/free-tour-granada\/#breadcrumb","itemListElement":[{"@type":"ListItem","position":1,"name":"Portada","item":"https:\/\/walkingranada.com\/"},{"@type":"ListItem","position":2,"name":"Free tours"}]},{"@type":"WebSite","@id":"https:\/\/walkingranada.com\/#website","url":"https:\/\/walkingranada.com\/","name":"Walk in Granada","description":"Turismo responsable","publisher":{"@id":"https:\/\/walkingranada.com\/#organization"},"alternateName":"Walk in Granada","potentialAction":[{"@type":"SearchAction","target":{"@type":"EntryPoint","urlTemplate":"https:\/\/walkingranada.com\/?s={search_term_string}"},"query-input":{"@type":"PropertyValueSpecification","valueRequired":true,"valueName":"search_term_string"}}],"inLanguage":"pt-PT"},{"@type":"Organization","@id":"https:\/\/walkingranada.com\/#organization","name":"Walk In Granada","alternateName":"Walk In Granada","url":"https:\/\/walkingranada.com\/","logo":{"@type":"ImageObject","inLanguage":"pt-PT","@id":"https:\/\/walkingranada.com\/#\/schema\/logo\/image\/","url":"https:\/\/walkingranada.com\/wp-content\/uploads\/2022\/12\/Logo-Walking.webp","contentUrl":"https:\/\/walkingranada.com\/wp-content\/uploads\/2022\/12\/Logo-Walking.webp","width":512,"height":512,"caption":"Walk In Granada"},"image":{"@id":"https:\/\/walkingranada.com\/#\/schema\/logo\/image\/"},"sameAs":["https:\/\/es-es.facebook.com\/walkingranadatour\/","https:\/\/x.com\/walkingranada","https:\/\/www.instagram.com\/walkingranada\/"]}]}},"_links":{"self":[{"href":"https:\/\/walkingranada.com\/pt\/wp-json\/wp\/v2\/pages\/81","targetHints":{"allow":["GET"]}}],"collection":[{"href":"https:\/\/walkingranada.com\/pt\/wp-json\/wp\/v2\/pages"}],"about":[{"href":"https:\/\/walkingranada.com\/pt\/wp-json\/wp\/v2\/types\/page"}],"author":[{"embeddable":true,"href":"https:\/\/walkingranada.com\/pt\/wp-json\/wp\/v2\/users\/2"}],"replies":[{"embeddable":true,"href":"https:\/\/walkingranada.com\/pt\/wp-json\/wp\/v2\/comments?post=81"}],"version-history":[{"count":2,"href":"https:\/\/walkingranada.com\/pt\/wp-json\/wp\/v2\/pages\/81\/revisions"}],"predecessor-version":[{"id":6833,"href":"https:\/\/walkingranada.com\/pt\/wp-json\/wp\/v2\/pages\/81\/revisions\/6833"}],"wp:attachment":[{"href":"https:\/\/walkingranada.com\/pt\/wp-json\/wp\/v2\/media?parent=81"}],"curies":[{"name":"wp","href":"https:\/\/api.w.org\/{rel}","templated":true}]}}