{"id":661,"date":"2022-12-14T08:11:28","date_gmt":"2022-12-14T08:11:28","guid":{"rendered":"https:\/\/factum-omibu.es\/walkin\/?page_id=661"},"modified":"2023-05-22T06:50:42","modified_gmt":"2023-05-22T06:50:42","slug":"passeios-gastronomicos-em-grupo","status":"publish","type":"page","link":"https:\/\/walkingranada.com\/pt\/que-hacer-en-granada\/rutas-gastronomicas\/ruta-gastronomica-en-grupo\/","title":{"rendered":"Passeios gastron\u00f3micos em grupo"},"content":{"rendered":"<p>Rotas gastron\u00f4micas  &gt; em grupo<\/p>\r\n<!-- FareHarbor calendar of item #172807 -->\r\n<h1>Passeios gastron\u00f3micos em grupo<\/h1>\r\n<p><a href=\"#encuentro\"> <img decoding=\"async\" loading=\"lazy\" src=\"https:\/\/walkingranada.com\/wp-content\/uploads\/2022\/10\/fi-rr-marker.png\" alt=\"Pra\u00e7a Romanilla\" \/><\/a><\/p>\r\n<p>Pra\u00e7a Romanilla <img decoding=\"async\" loading=\"lazy\" src=\"https:\/\/walkingranada.com\/wp-content\/uploads\/2022\/10\/\ud83e\udd86-icon-_Info-Circle_.png\" alt=\"informaci\u00f3n\" \/><\/p>\r\n<p><img decoding=\"async\" loading=\"lazy\" src=\"https:\/\/walkingranada.com\/wp-content\/uploads\/2022\/12\/guia-tour.png\" alt=\"em frente ao Centro Federico Garc\u00eda Lorca\" \/><\/p>\r\n<p>em frente ao Centro Federico Garc\u00eda Lorca<\/p>\r\n<p><img decoding=\"async\" loading=\"lazy\" src=\"https:\/\/walkingranada.com\/wp-content\/uploads\/2022\/10\/fi-rr-chat-arrow-grow.png\" alt=\"Baixa dificuldade\" \/><\/p>\r\n<p>Baixa dificuldade<\/p>\r\n<p><img decoding=\"async\" loading=\"lazy\" src=\"https:\/\/walkingranada.com\/wp-content\/uploads\/2022\/10\/fi-rr-map.png\" alt=\"Centro urbano\" \/><\/p>\r\n<p>Centro urbano<\/p>\r\n<p><img decoding=\"async\" loading=\"lazy\" src=\"https:\/\/walkingranada.com\/wp-content\/uploads\/2022\/12\/accesibilidad_.png\" alt=\"Acessibilidade limitada\" \/><\/p>\r\n<p>Acessibilidade limitada<\/p>\r\n<p><img decoding=\"async\" loading=\"lazy\" src=\"https:\/\/walkingranada.com\/wp-content\/uploads\/2022\/10\/fi-rr-calendar.png\" alt=\"DE TER\u00c7A A S\u00c1BADO\" \/><\/p>\r\n<p>DE TER\u00c7A A S\u00c1BADO<\/p>\r\n<p><img decoding=\"async\" loading=\"lazy\" src=\"https:\/\/walkingranada.com\/wp-content\/uploads\/2022\/10\/fi-rr-clock.png\" alt=\"19:30\" \/><\/p>\r\n<p>19:30<\/p>\r\n<p><img decoding=\"async\" loading=\"lazy\" src=\"https:\/\/walkingranada.com\/wp-content\/uploads\/2022\/10\/fi-rr-alarm-clock.png\" alt=\"3 horas\" \/><\/p>\r\n<p>3 horas<\/p>\r\n<p><img decoding=\"async\" loading=\"lazy\" src=\"https:\/\/walkingranada.com\/wp-content\/uploads\/2022\/10\/fi-rr-receipt.png\" alt=\"A partir de 69\u20ac\/pax\" \/><\/p>\r\n<p>A partir de 69\u20ac\/pax<\/p>\r\n<p><img decoding=\"async\" loading=\"lazy\" src=\"https:\/\/walkingranada.com\/wp-content\/uploads\/2022\/10\/fi-rr-comments.png\" alt=\"Espanhol, Engl\u00eas\" \/><\/p>\r\n<p>Espanhol, Engl\u00eas<\/p>\r\n<h2>Provar a cidade de Granada num grupo<\/h2>\r\n<p>Este aut\u00eantico percurso gastron\u00f4mico te oferece a oportunidade de provar a melhor comida tradicional de Granada e descobrir a cidade atrav\u00e9s da deliciosa comida espanhola.<\/p>\r\n<p><strong>Experimenta Granada como um lugar de uma maneira inesquec\u00edvel!<\/strong><\/p>\r\n<h2>Ponto de encontro<\/h2>\r\n<p><img decoding=\"async\" loading=\"lazy\" title=\"plaza romanilla\" src=\"https:\/\/walkingranada.com\/wp-content\/uploads\/2023\/01\/plaza-romanilla.webp\" alt=\"plaza romanilla\" width=\"711\" height=\"398\" \/><\/p>\r\n<h3>Plaza de la Romanilla, frente al Centro Feder\u00edco Garc\u00eda Lorca<\/h3>\r\n<p>Precisa de indica\u00e7\u00f5es para l\u00e1 chegar?<\/p>\r\n<p><a role=\"button\" href=\"#reserva\" target=\"_self\" rel=\"noopener\"> Reservar &gt; <\/a> <a role=\"button\" href=\"https:\/\/walkingranada.com\/pt\/como-chegar-a-plaza-de-la-romanilla\/\" target=\"_self\" rel=\"noopener\"> \u00bfC\u00f3mo llegar? &gt; <\/a><\/p>\r\n<h2>Recomenda\u00e7\u00f5es<\/h2>\r\n<ol>\r\n<li>Em caso de alergias alimentares ou dietas especiais, por favor informe-nos antecipadamente.<\/li>\r\n<\/ol>\r\n<h2>Inclui<\/h2>\r\n<ul>\r\n<li>De 10 a 12 tapas<\/li>\r\n<li>De 4 a 5 bebidas<\/li>\r\n<li>Impostos de bebida e comida<\/li>\r\n<li>Grupo reduzido (de 2 a 8 pessoas)<\/li>\r\n<li>Guia local<\/li>\r\n<\/ul>\r\n<h2>Exclui<\/h2>\r\n<ul>\r\n<li>Ordens de tapas adicionais<\/li>\r\n<li>Gorjetas<\/li>\r\n<\/ul>\r\n<p>Nesta viagem de grupo, um guia local partilhar\u00e1 consigo a hist\u00f3ria e os segredos de Granada, cidade considerada a capital das tapas. Poder\u00e1 tamb\u00e9m visitar alguns dos mais aut\u00eanticos bares de tapas da cidade, sentindo-se como um local, desfrutando de uma das nossas tradi\u00e7\u00f5es mais famosas.<\/p>\r\n<h2>Tambi\u00e9n puedes reservar nuestras otras visitas guiadas&#8230;<\/h2>\r\n<section><img decoding=\"async\" loading=\"lazy\" src=\"https:\/\/walkingranada.com\/wp-content\/uploads\/2023\/01\/Card-Albaicin-sacromonte.jpg.webp\" alt=\"Albaicin y sacromonte\" \/>\r\n<h3>Visita guiada ao Albaic\u00edn e Sacromonte<\/h3>\r\n<hr \/>\r\n<p>De ruas estreitas e miradouros de tirar o f\u00f4lego. Descubra estes dois bairros.<\/p>\r\n<hr \/>\r\n<p>Todos os dias<\/p>\r\n<p>Pergunte-nos<\/p>\r\n<p>2,5h<\/p>\r\nDe\r\n<p>8\u20ac<\/p>\r\n\/pax <a href=\"https:\/\/walkingranada.com\/pt\/visitas-guiadas\/albaicin-e-sacromonte\/\">Reservar &gt;<\/a> <img decoding=\"async\" loading=\"lazy\" src=\"https:\/\/walkingranada.com\/wp-content\/uploads\/2023\/01\/visita-albaicin-card.webp\" alt=\"albaicin\" \/>\r\n<h3>Orientado tour ao <br \/>Albaic\u00edn<\/h3>\r\n<hr \/>\r\n<p>Descubra o antigo bairro mu\u00e7ulmano da cidade de Granada com este passeio especial.<\/p>\r\n<hr \/>\r\n<p>Todos os dias<\/p>\r\n<p>Pergunte-nos<\/p>\r\n<p>2,5h<\/p>\r\nDe\r\n<p>8\u20ac<\/p>\r\n\/pax <a href=\"https:\/\/walkingranada.com\/pt\/visitas-guiadas\/albaicin\/\">Reservar &gt;<\/a> <img decoding=\"async\" loading=\"lazy\" src=\"https:\/\/walkingranada.com\/wp-content\/uploads\/2023\/01\/Card-Sacromonte.webp\" alt=\"Sacromonte\" \/>\r\n<h3>Orientado tour ao Sacromonte<\/h3>\r\n<hr \/>Conoce el barrio con m\u00e1s duende de Granada. \u00c9ste es un tour para amantes de la fotograf\u00eda.<hr \/>\r\n<p>Todos os dias<\/p>\r\n<p>Pergunte-nos<\/p>\r\n<p>2,5h<\/p>\r\nDe\r\n<p>8\u20ac<\/p>\r\n\/pax <a href=\"https:\/\/walkingranada.com\/pt\/visitas-guiadas\/sacromonte\/\">Reservar &gt;<\/a> <img decoding=\"async\" loading=\"lazy\" src=\"https:\/\/walkingranada.com\/wp-content\/uploads\/2023\/01\/Centro-historico-card.webp\" alt=\"Centro Historico y bajo albaicin\" \/>\r\n<h3>Visita guiada ao centro hist\u00f3rico e ao baixo Albaic\u00edn<\/h3>\r\n<hr \/>\r\n<p>Mergulhe na hist\u00f3ria. Neste passeio visitar\u00e1 as \u00e1reas mais centrais e populares.<\/p>\r\n<hr \/>\r\n<p>Todos os dias<\/p>\r\n<p>Pergunte-nos<\/p>\r\n<p>2,5h<\/p>\r\nDe\r\n<p>8\u20ac<\/p>\r\n\/pax <a href=\"https:\/\/walkingranada.com\/pt\/visitas-guiadas\/centre-historique-albaicin\/\">Reservar &gt;<\/a><\/section>\r\n<h2>Tambi\u00e9n puedes reservar nuestros otros servicios&#8230;<\/h2>\r\n<p><img decoding=\"async\" loading=\"lazy\" src=\"https:\/\/walkingranada.com\/wp-content\/uploads\/2022\/10\/Rectangle-42.png\" alt=\"bailaora flamenca\" \/><\/p>\r\n<h3>Flamenco<\/h3>\r\n<p><img decoding=\"async\" loading=\"lazy\" src=\"https:\/\/walkingranada.com\/wp-content\/uploads\/2022\/10\/Rectangle-43.png\" alt=\"ba\u00f1os \u00e1rabes\" \/><\/p>\r\n<h3>Hammam <br \/>Al-\u00e1ndalus<\/h3>\r\n<p><img decoding=\"async\" loading=\"lazy\" src=\"https:\/\/walkingranada.com\/wp-content\/uploads\/2022\/10\/Rectangle-45.png\" alt=\"mezquita de c\u00f3rdoba\" \/><\/p>\r\n<h3>excurs\u00f5es <br \/>de un dia<\/h3>\r\n<p><img decoding=\"async\" loading=\"lazy\" src=\"https:\/\/walkingranada.com\/wp-content\/uploads\/2022\/10\/Rectangle-38.png\" alt=\"imagen de una chica joven\" \/><\/p>\r\n<h3>Rota olfativa<\/h3>","protected":false},"excerpt":{"rendered":"<p>Rutas gastron\u00f3micas &gt; En grupo Ruta gastron\u00f3mica en grupo Plaza Romanilla Frente al Centro Feder\u00edco Garc\u00eda Lorca Dificultad baja Casco Urbano Accesibilidad limitada De martes a s\u00e1bado 19:30 3 horas Desde 69\u20ac\/pax CASTELLANO, INGL\u00c9S Saborea Granada en grupo Este aut\u00e9ntico recorrido gastron\u00f3mico te ofrece la oportunidad de probar la mejor comida tradicional de Granada y &#8230; <a title=\"Passeios gastron\u00f3micos em grupo\" class=\"read-more\" href=\"https:\/\/walkingranada.com\/pt\/que-hacer-en-granada\/rutas-gastronomicas\/ruta-gastronomica-en-grupo\/\" aria-label=\"Leia mais sobre Ruta gastron\u00f3mica en grupo\">Ler mais<\/a><\/p>","protected":false},"author":2,"featured_media":2389,"parent":442,"menu_order":0,"comment_status":"closed","ping_status":"closed","template":"","meta":{"footnotes":""},"class_list":["post-661","page","type-page","status-publish","has-post-thumbnail"],"yoast_head":"<!-- This site is optimized with the Yoast SEO plugin v27.5 - https:\/\/yoast.com\/product\/yoast-seo-wordpress\/ -->\n<title>Ruta gastron\u00f3mica en grupo - Walk in Granada<\/title>\n<meta name=\"description\" content=\"\u00danete a un grupo y d\u00e9jate llevar por uno de nuestros gu\u00edas locales a descubrir la magia de la gastronom\u00eda granadina a trav\u00e9s de sus tapas.\" \/>\n<meta name=\"robots\" content=\"index, follow, max-snippet:-1, max-image-preview:large, max-video-preview:-1\" \/>\n<link rel=\"canonical\" href=\"https:\/\/walkingranada.com\/pt\/que-fazer-em-granada\/rotas-gastronomicas\/passeios-gastronomicos-em-grupo\/\" \/>\n<meta property=\"og:locale\" content=\"pt_PT\" \/>\n<meta property=\"og:type\" content=\"article\" \/>\n<meta property=\"og:title\" content=\"Ruta gastron\u00f3mica en grupo - Walk in Granada\" \/>\n<meta property=\"og:description\" content=\"\u00danete a un grupo y d\u00e9jate llevar por uno de nuestros gu\u00edas locales a descubrir la magia de la gastronom\u00eda granadina a trav\u00e9s de sus tapas.\" \/>\n<meta property=\"og:url\" content=\"https:\/\/walkingranada.com\/pt\/que-fazer-em-granada\/rotas-gastronomicas\/passeios-gastronomicos-em-grupo\/\" \/>\n<meta property=\"og:site_name\" content=\"Walk in Granada\" \/>\n<meta property=\"article:publisher\" content=\"https:\/\/es-es.facebook.com\/walkingranadatour\/\" \/>\n<meta property=\"article:modified_time\" content=\"2023-05-22T06:50:42+00:00\" \/>\n<meta property=\"og:image\" content=\"https:\/\/walkingranada.com\/wp-content\/uploads\/2023\/01\/Tour-Gastronomico-4.jpg.webp\" \/>\n\t<meta property=\"og:image:width\" content=\"305\" \/>\n\t<meta property=\"og:image:height\" content=\"305\" \/>\n\t<meta property=\"og:image:type\" content=\"image\/jpeg\" \/>\n<meta name=\"twitter:card\" content=\"summary_large_image\" \/>\n<meta name=\"twitter:site\" content=\"@walkingranada\" \/>\n<meta name=\"twitter:label1\" content=\"Tempo estimado de leitura\" \/>\n\t<meta name=\"twitter:data1\" content=\"6 minutos\" \/>\n<script type=\"application\/ld+json\" class=\"yoast-schema-graph\">{\"@context\":\"https:\\\/\\\/schema.org\",\"@graph\":[{\"@type\":\"WebPage\",\"@id\":\"https:\\\/\\\/walkingranada.com\\\/que-hacer-en-granada\\\/rutas-gastronomicas\\\/ruta-gastronomica-en-grupo\\\/\",\"url\":\"https:\\\/\\\/walkingranada.com\\\/que-hacer-en-granada\\\/rutas-gastronomicas\\\/ruta-gastronomica-en-grupo\\\/\",\"name\":\"Ruta gastron\u00f3mica en grupo - Walk in Granada\",\"isPartOf\":{\"@id\":\"https:\\\/\\\/walkingranada.com\\\/#website\"},\"primaryImageOfPage\":{\"@id\":\"https:\\\/\\\/walkingranada.com\\\/que-hacer-en-granada\\\/rutas-gastronomicas\\\/ruta-gastronomica-en-grupo\\\/#primaryimage\"},\"image\":{\"@id\":\"https:\\\/\\\/walkingranada.com\\\/que-hacer-en-granada\\\/rutas-gastronomicas\\\/ruta-gastronomica-en-grupo\\\/#primaryimage\"},\"thumbnailUrl\":\"https:\\\/\\\/walkingranada.com\\\/wp-content\\\/uploads\\\/2023\\\/01\\\/Tour-Gastronomico-4.jpg.webp\",\"datePublished\":\"2022-12-14T08:11:28+00:00\",\"dateModified\":\"2023-05-22T06:50:42+00:00\",\"description\":\"\u00danete a un grupo y d\u00e9jate llevar por uno de nuestros gu\u00edas locales a descubrir la magia de la gastronom\u00eda granadina a trav\u00e9s de sus tapas.\",\"breadcrumb\":{\"@id\":\"https:\\\/\\\/walkingranada.com\\\/que-hacer-en-granada\\\/rutas-gastronomicas\\\/ruta-gastronomica-en-grupo\\\/#breadcrumb\"},\"inLanguage\":\"pt-PT\",\"potentialAction\":[{\"@type\":\"ReadAction\",\"target\":[\"https:\\\/\\\/walkingranada.com\\\/que-hacer-en-granada\\\/rutas-gastronomicas\\\/ruta-gastronomica-en-grupo\\\/\"]}]},{\"@type\":\"ImageObject\",\"inLanguage\":\"pt-PT\",\"@id\":\"https:\\\/\\\/walkingranada.com\\\/que-hacer-en-granada\\\/rutas-gastronomicas\\\/ruta-gastronomica-en-grupo\\\/#primaryimage\",\"url\":\"https:\\\/\\\/walkingranada.com\\\/wp-content\\\/uploads\\\/2023\\\/01\\\/Tour-Gastronomico-4.jpg.webp\",\"contentUrl\":\"https:\\\/\\\/walkingranada.com\\\/wp-content\\\/uploads\\\/2023\\\/01\\\/Tour-Gastronomico-4.jpg.webp\",\"width\":305,\"height\":305,\"caption\":\"grupo haciendo el tour gastron\u00f3mico\"},{\"@type\":\"BreadcrumbList\",\"@id\":\"https:\\\/\\\/walkingranada.com\\\/que-hacer-en-granada\\\/rutas-gastronomicas\\\/ruta-gastronomica-en-grupo\\\/#breadcrumb\",\"itemListElement\":[{\"@type\":\"ListItem\",\"position\":1,\"name\":\"Portada\",\"item\":\"https:\\\/\\\/walkingranada.com\\\/\"},{\"@type\":\"ListItem\",\"position\":2,\"name\":\"Qu\u00e9 hacer en granada\",\"item\":\"https:\\\/\\\/walkingranada.com\\\/que-hacer-en-granada\\\/\"},{\"@type\":\"ListItem\",\"position\":3,\"name\":\"Rutas gastron\u00f3micas\",\"item\":\"https:\\\/\\\/walkingranada.com\\\/que-hacer-en-granada\\\/rutas-gastronomicas\\\/\"},{\"@type\":\"ListItem\",\"position\":4,\"name\":\"Ruta gastron\u00f3mica en grupo\"}]},{\"@type\":\"WebSite\",\"@id\":\"https:\\\/\\\/walkingranada.com\\\/#website\",\"url\":\"https:\\\/\\\/walkingranada.com\\\/\",\"name\":\"Walk in Granada\",\"description\":\"Turismo responsable\",\"publisher\":{\"@id\":\"https:\\\/\\\/walkingranada.com\\\/#organization\"},\"alternateName\":\"Walk in Granada\",\"potentialAction\":[{\"@type\":\"SearchAction\",\"target\":{\"@type\":\"EntryPoint\",\"urlTemplate\":\"https:\\\/\\\/walkingranada.com\\\/?s={search_term_string}\"},\"query-input\":{\"@type\":\"PropertyValueSpecification\",\"valueRequired\":true,\"valueName\":\"search_term_string\"}}],\"inLanguage\":\"pt-PT\"},{\"@type\":\"Organization\",\"@id\":\"https:\\\/\\\/walkingranada.com\\\/#organization\",\"name\":\"Walk In Granada\",\"alternateName\":\"Walk In Granada\",\"url\":\"https:\\\/\\\/walkingranada.com\\\/\",\"logo\":{\"@type\":\"ImageObject\",\"inLanguage\":\"pt-PT\",\"@id\":\"https:\\\/\\\/walkingranada.com\\\/#\\\/schema\\\/logo\\\/image\\\/\",\"url\":\"https:\\\/\\\/walkingranada.com\\\/wp-content\\\/uploads\\\/2022\\\/12\\\/Logo-Walking.webp\",\"contentUrl\":\"https:\\\/\\\/walkingranada.com\\\/wp-content\\\/uploads\\\/2022\\\/12\\\/Logo-Walking.webp\",\"width\":512,\"height\":512,\"caption\":\"Walk In Granada\"},\"image\":{\"@id\":\"https:\\\/\\\/walkingranada.com\\\/#\\\/schema\\\/logo\\\/image\\\/\"},\"sameAs\":[\"https:\\\/\\\/es-es.facebook.com\\\/walkingranadatour\\\/\",\"https:\\\/\\\/x.com\\\/walkingranada\",\"https:\\\/\\\/www.instagram.com\\\/walkingranada\\\/\"]}]}<\/script>\n<!-- \/ Yoast SEO plugin. -->","yoast_head_json":{"title":"Rotas gastron\u00f4micas em grupo - Walk in Granada","description":"Junte-se a um grupo e deixe-se levar por um dos nossos guias locais para descobrir a magia da gastronomia de Granada atrav\u00e9s das suas tapas.","robots":{"index":"index","follow":"follow","max-snippet":"max-snippet:-1","max-image-preview":"max-image-preview:large","max-video-preview":"max-video-preview:-1"},"canonical":"https:\/\/walkingranada.com\/pt\/que-fazer-em-granada\/rotas-gastronomicas\/passeios-gastronomicos-em-grupo\/","og_locale":"pt_PT","og_type":"article","og_title":"Ruta gastron\u00f3mica en grupo - Walk in Granada","og_description":"\u00danete a un grupo y d\u00e9jate llevar por uno de nuestros gu\u00edas locales a descubrir la magia de la gastronom\u00eda granadina a trav\u00e9s de sus tapas.","og_url":"https:\/\/walkingranada.com\/pt\/que-fazer-em-granada\/rotas-gastronomicas\/passeios-gastronomicos-em-grupo\/","og_site_name":"Walk in Granada","article_publisher":"https:\/\/es-es.facebook.com\/walkingranadatour\/","article_modified_time":"2023-05-22T06:50:42+00:00","og_image":[{"width":305,"height":305,"url":"https:\/\/walkingranada.com\/wp-content\/uploads\/2023\/01\/Tour-Gastronomico-4.jpg.webp","type":"image\/jpeg"}],"twitter_card":"summary_large_image","twitter_site":"@walkingranada","twitter_misc":{"Tempo estimado de leitura":"6 minutos"},"schema":{"@context":"https:\/\/schema.org","@graph":[{"@type":"WebPage","@id":"https:\/\/walkingranada.com\/que-hacer-en-granada\/rutas-gastronomicas\/ruta-gastronomica-en-grupo\/","url":"https:\/\/walkingranada.com\/que-hacer-en-granada\/rutas-gastronomicas\/ruta-gastronomica-en-grupo\/","name":"Rotas gastron\u00f4micas em grupo - Walk in Granada","isPartOf":{"@id":"https:\/\/walkingranada.com\/#website"},"primaryImageOfPage":{"@id":"https:\/\/walkingranada.com\/que-hacer-en-granada\/rutas-gastronomicas\/ruta-gastronomica-en-grupo\/#primaryimage"},"image":{"@id":"https:\/\/walkingranada.com\/que-hacer-en-granada\/rutas-gastronomicas\/ruta-gastronomica-en-grupo\/#primaryimage"},"thumbnailUrl":"https:\/\/walkingranada.com\/wp-content\/uploads\/2023\/01\/Tour-Gastronomico-4.jpg.webp","datePublished":"2022-12-14T08:11:28+00:00","dateModified":"2023-05-22T06:50:42+00:00","description":"Junte-se a um grupo e deixe-se levar por um dos nossos guias locais para descobrir a magia da gastronomia de Granada atrav\u00e9s das suas tapas.","breadcrumb":{"@id":"https:\/\/walkingranada.com\/que-hacer-en-granada\/rutas-gastronomicas\/ruta-gastronomica-en-grupo\/#breadcrumb"},"inLanguage":"pt-PT","potentialAction":[{"@type":"ReadAction","target":["https:\/\/walkingranada.com\/que-hacer-en-granada\/rutas-gastronomicas\/ruta-gastronomica-en-grupo\/"]}]},{"@type":"ImageObject","inLanguage":"pt-PT","@id":"https:\/\/walkingranada.com\/que-hacer-en-granada\/rutas-gastronomicas\/ruta-gastronomica-en-grupo\/#primaryimage","url":"https:\/\/walkingranada.com\/wp-content\/uploads\/2023\/01\/Tour-Gastronomico-4.jpg.webp","contentUrl":"https:\/\/walkingranada.com\/wp-content\/uploads\/2023\/01\/Tour-Gastronomico-4.jpg.webp","width":305,"height":305,"caption":"grupo haciendo el tour gastron\u00f3mico"},{"@type":"BreadcrumbList","@id":"https:\/\/walkingranada.com\/que-hacer-en-granada\/rutas-gastronomicas\/ruta-gastronomica-en-grupo\/#breadcrumb","itemListElement":[{"@type":"ListItem","position":1,"name":"Portada","item":"https:\/\/walkingranada.com\/"},{"@type":"ListItem","position":2,"name":"Qu\u00e9 hacer en granada","item":"https:\/\/walkingranada.com\/que-hacer-en-granada\/"},{"@type":"ListItem","position":3,"name":"Rutas gastron\u00f3micas","item":"https:\/\/walkingranada.com\/que-hacer-en-granada\/rutas-gastronomicas\/"},{"@type":"ListItem","position":4,"name":"Ruta gastron\u00f3mica en grupo"}]},{"@type":"WebSite","@id":"https:\/\/walkingranada.com\/#website","url":"https:\/\/walkingranada.com\/","name":"Walk in Granada","description":"Turismo responsable","publisher":{"@id":"https:\/\/walkingranada.com\/#organization"},"alternateName":"Walk in Granada","potentialAction":[{"@type":"SearchAction","target":{"@type":"EntryPoint","urlTemplate":"https:\/\/walkingranada.com\/?s={search_term_string}"},"query-input":{"@type":"PropertyValueSpecification","valueRequired":true,"valueName":"search_term_string"}}],"inLanguage":"pt-PT"},{"@type":"Organization","@id":"https:\/\/walkingranada.com\/#organization","name":"Walk In Granada","alternateName":"Walk In Granada","url":"https:\/\/walkingranada.com\/","logo":{"@type":"ImageObject","inLanguage":"pt-PT","@id":"https:\/\/walkingranada.com\/#\/schema\/logo\/image\/","url":"https:\/\/walkingranada.com\/wp-content\/uploads\/2022\/12\/Logo-Walking.webp","contentUrl":"https:\/\/walkingranada.com\/wp-content\/uploads\/2022\/12\/Logo-Walking.webp","width":512,"height":512,"caption":"Walk In Granada"},"image":{"@id":"https:\/\/walkingranada.com\/#\/schema\/logo\/image\/"},"sameAs":["https:\/\/es-es.facebook.com\/walkingranadatour\/","https:\/\/x.com\/walkingranada","https:\/\/www.instagram.com\/walkingranada\/"]}]}},"_links":{"self":[{"href":"https:\/\/walkingranada.com\/pt\/wp-json\/wp\/v2\/pages\/661","targetHints":{"allow":["GET"]}}],"collection":[{"href":"https:\/\/walkingranada.com\/pt\/wp-json\/wp\/v2\/pages"}],"about":[{"href":"https:\/\/walkingranada.com\/pt\/wp-json\/wp\/v2\/types\/page"}],"author":[{"embeddable":true,"href":"https:\/\/walkingranada.com\/pt\/wp-json\/wp\/v2\/users\/2"}],"replies":[{"embeddable":true,"href":"https:\/\/walkingranada.com\/pt\/wp-json\/wp\/v2\/comments?post=661"}],"version-history":[{"count":0,"href":"https:\/\/walkingranada.com\/pt\/wp-json\/wp\/v2\/pages\/661\/revisions"}],"up":[{"embeddable":true,"href":"https:\/\/walkingranada.com\/pt\/wp-json\/wp\/v2\/pages\/442"}],"wp:featuredmedia":[{"embeddable":true,"href":"https:\/\/walkingranada.com\/pt\/wp-json\/wp\/v2\/media\/2389"}],"wp:attachment":[{"href":"https:\/\/walkingranada.com\/pt\/wp-json\/wp\/v2\/media?parent=661"}],"curies":[{"name":"wp","href":"https:\/\/api.w.org\/{rel}","templated":true}]}}