{"id":6098,"date":"2025-02-05T10:56:13","date_gmt":"2025-02-05T10:56:13","guid":{"rendered":"https:\/\/walkingranada.com\/?page_id=6098"},"modified":"2025-04-21T12:39:43","modified_gmt":"2025-04-21T12:39:43","slug":"abadia-del-sacromonte","status":"publish","type":"page","link":"https:\/\/walkingranada.com\/pt\/visitas-guiadas\/abadia-del-sacromonte\/","title":{"rendered":"Abadia do Sacromonte"},"content":{"rendered":"<p>Visitas guiadas &gt; Abadia do Sacromonte<\/p>\n\t<!-- FareHarbor calendar of item #575257 -->\n<h1>\n\t\tVisita de grupo Abadia do Sacromonte\n\t<\/h1>\n        <a href=\"#encuentro\">\n            <img decoding=\"async\" loading=\"lazy\" src=\"https:\/\/walkingranada.com\/wp-content\/uploads\/2022\/10\/fi-rr-marker.png\" alt=\"Estacionamento de Abad\u00eda do Sacromonte\"\/>\n            <p>Estacionamento de Abad\u00eda do Sacromonte <img decoding=\"async\" loading=\"lazy\" src=\"https:\/\/walkingranada.com\/wp-content\/uploads\/2022\/10\/\ud83e\udd86-icon-_Info-Circle_.png\" alt=\"informaci\u00f3n\"\/><\/p>\n        <\/a>\n        <img decoding=\"async\" loading=\"lazy\" src=\"https:\/\/walkingranada.com\/wp-content\/uploads\/2022\/12\/guia-tour.png\" alt=\"Camino del Sacromonte, s\/n\"\/>\n        <p>Camino del Sacromonte, s\/n<\/p>\n        <img decoding=\"async\" loading=\"lazy\" src=\"https:\/\/walkingranada.com\/wp-content\/uploads\/2022\/10\/fi-rr-chat-arrow-grow.png\" alt=\"Baixa dificuldade\"\/>\n        <p>Baixa dificuldade<\/p>\n        <img decoding=\"async\" loading=\"lazy\" src=\"https:\/\/walkingranada.com\/wp-content\/uploads\/2023\/06\/visita-en-grupo.webp\" alt=\"Grupo de at\u00e9 20 pessoas\"\/>\n        <p>Grupo de at\u00e9 20 pessoas<\/p>\n        <img decoding=\"async\" loading=\"lazy\" src=\"https:\/\/walkingranada.com\/wp-content\/uploads\/2022\/12\/accesibilidad_.png\" alt=\"Acessibilidade limitada\"\/>\n        <p>Acessibilidade limitada<\/p>\n        <img decoding=\"async\" loading=\"lazy\" src=\"https:\/\/walkingranada.com\/wp-content\/uploads\/2022\/10\/fi-rr-calendar.png\" alt=\"S\u00e1bado\"\/>\n        <p>S\u00e1bado<\/p>\n        <img decoding=\"async\" loading=\"lazy\" src=\"https:\/\/walkingranada.com\/wp-content\/uploads\/2022\/10\/fi-rr-clock.png\" alt=\"16:30\"\/>\n        <p>16:30<\/p>\n        <img decoding=\"async\" loading=\"lazy\" src=\"https:\/\/walkingranada.com\/wp-content\/uploads\/2022\/10\/fi-rr-alarm-clock.png\" alt=\"2 horas\"\/>\n        <p>2 horas<\/p>\n        <img decoding=\"async\" loading=\"lazy\" src=\"https:\/\/walkingranada.com\/wp-content\/uploads\/2022\/10\/fi-rr-receipt.png\" alt=\"A partir de 26\u20ac\/pessoa\"\/>\n        <p>A partir de 26\u20ac\/pessoa<\/p>\n        <img decoding=\"async\" loading=\"lazy\" src=\"https:\/\/walkingranada.com\/wp-content\/uploads\/2022\/10\/fi-rr-comments.png\" alt=\"Espanhol\"\/>\n        <p>Espanhol<\/p>\n<h2>\n\t\tOs livros plumosos e as rel\u00edquias sagradas do Sacromonte\n\t<\/h2>\n\t<p>Entre ca\u00e7adores de tesouros, m\u00e9dicos mouros e bispos de Granada e de Roma, tecem-se as incr\u00edveis descobertas dos Libros Pl\u00fambeos e as rel\u00edquias sagradas dos m\u00e1rtires de Granada. Viajamos at\u00e9 ao s\u00e9culo XVI para encontrar um povo em vias de ser expulso e a precisar de milagres.<\/p>\n<h2>\n\t\tPonto de encontro\n\t<\/h2>\n\t\t\t\t<img decoding=\"async\" loading=\"lazy\" src=\"https:\/\/walkingranada.com\/wp-content\/uploads\/2025\/02\/abadia-entrada.jpg.webp\" alt=\"\" itemprop=\"image\" height=\"408\" width=\"305\" onerror=\"this.style.display='none'\"  \/>\n<h3>\n\t\tParking Abad\u00eda del Sacromonte Camino del Sacromonte, s\/n\n\t<\/h3>\n\t<p>Precisa de indica\u00e7\u00f5es para l\u00e1 chegar?<\/p>\n\t\t\t<a href=\"#reserva\" target=\"_self\">\n\t\t\t\t\t\t\tReservar &gt;\n\t\t\t\t\t<\/a>\n\t\t\t<a href=\"https:\/\/maps.app.goo.gl\/WfdHCLhGYbJnxdwo8\" target=\"_blank\" rel=\"noopener\">\n\t\t\t\t\t\t\tComo chegar l\u00e1? &gt;\n\t\t\t\t\t<\/a>\n<h2>\n\t\tRecomenda\u00e7\u00f5es\n\t<\/h2>\n\t<ol>\n<li class=\"translation-block\">Chegar <strong>20 minutos antes<\/strong> da hora de in\u00edcio da visita.<\/li>\n<li class=\"translation-block\">No ver\u00e3o, use <strong>cal\u00e7ado confort\u00e1vel<\/strong>, <strong>\u00e1gua<\/strong> e <strong>prote\u00e7\u00e3o solar<\/strong>.<\/li>\n<li class=\"translation-block\"><strong>Dificuldade baixa<\/strong>. Nesta visita, os solos <strong>s\u00e3o empedrados<\/strong>.<\/li>\n<li class=\"translation-block\"><strong>N\u00e3o adequado<\/strong> para <strong>cadeiras de rodas<\/strong> ou <strong>carrinhos de beb\u00e9<\/strong>. Pode ser utilizado um <strong>porta-beb\u00e9s<\/strong>.<\/li>\n<\/ol>\n<h2>\n\t\tItiner\u00e1rio\n\t<\/h2>\n\t<ul>\n<li aria-level=\"2\">Entrada da Abadia do Sacromonte<\/li>\n<li aria-level=\"2\">Vale do Darro<\/li>\n<li aria-level=\"2\">Claustro e Igreja Colegiada<\/li>\n<li aria-level=\"2\">Grutas Santas<\/li>\n<li aria-level=\"2\">Museu da Abadia<\/li>\n<li aria-level=\"2\">Fachada exterior<\/li>\n<\/ul>\n\t<p class=\"translation-block\">A Abadia do Sacromonte, situada nas colinas com o mesmo nome em Granada, \u00e9 um emblem\u00e1tico complexo hist\u00f3rico e religioso fundado no s\u00e9culo XVII. Constru\u00edda sobre grutas consideradas sagradas, alberga rel\u00edquias dos m\u00e1rtires crist\u00e3os San Cecilio e outros, bem como os famosos <em>Libros Pl\u00fambeos<\/em>. Destaca-se pela sua arquitetura barroca, o seu claustro, o seu museu com valiosas pe\u00e7as de arte e a sua espetacular localiza\u00e7\u00e3o com vista para a Alhambra e para a cidade. \u00c9 um lugar cheio de espiritualidade, hist\u00f3ria e cultura.<\/p>\n\t<p class=\"translation-block\">Esta \u00e9 uma visita guiada num grupo pequeno. Se n\u00e3o encontrar disponibilidade e quiser fazer esta visita em formato privado pode fazer o pedido atrav\u00e9s da nossa sec\u00e7\u00e3o de <a href=\"https:\/\/walkingranada.com\/pt\/visitas-personalizadas\/\" target=\"_self\">visitas personalizadas<\/a>.<\/p>\n\t\n\t\n\t\n\t\n\t\t\t<a href=\"https:\/\/walkingranada.com\/pt\/visitas-personalizadas\/\" target=\"_self\">\n\t\t\t\t\t\t\tVisitas personalizadas &gt;\n\t\t\t\t\t<\/a>\n\t\n<h2>\n\t\tTambi\u00e9n puedes reservar nuestras otras visitas guiadas&#8230;\n\t<\/h2>\n\t<section>\n            <img decoding=\"async\" loading=\"lazy\" src=\"https:\/\/walkingranada.com\/wp-content\/uploads\/2023\/01\/Jardines-card-walkin.webp\" width=\"100%\" alt=\"Orientado tour privado da Alhambra\"\/>\n                <h3>Visita privada da Alhambra<\/h3>\n                <hr \/>\n                <p>Se voc\u00ea quiser visitar a Alhambra com um guia dedicado e exclusivo a voc\u00ea e sua fam\u00edlia<\/p>\n                <hr \/>\n                    <p> Todos os dias<\/p>\n                    <p> Depende do s\u00edtio<\/p>\n                    <p> 3h<\/p>\n                    De\n                    <p>40\u20ac<\/p>\/pax\n            <a href=\"https:\/\/walkingranada.com\/pt\/alhambra\/visita-privada\/\">Reservar &gt;<\/a>\n            <img decoding=\"async\" loading=\"lazy\" src=\"https:\/\/walkingranada.com\/wp-content\/uploads\/2023\/01\/Alhambra-card-walkin.webp\" width=\"100%\" alt=\"Visita guiada com entrada na Alhambra e Generalife\"\/>\n                <h3>Visita guiada com entrada na Alhambra e Generalife<\/h3>\n                <hr \/>\n                <p>Entre na cidade palatina da Alhambra e nos seus impressionantes jardins.<\/p>\n                <hr \/>\n                    <p> Todos os dias<\/p>\n                    <p> Depende do s\u00edtio<\/p>\n                    <p> 3h<\/p>\n                    De\n                    <p>49\u20ac<\/p>\n                    \/pax\n            <a href=\"https:\/\/walkingranada.com\/pt\/alhambra\/visita-guiada-com-entrada-alhambra\/\">Reservar &gt;<\/a>\n        <img decoding=\"async\" loading=\"lazy\" src=\"https:\/\/walkingranada.com\/wp-content\/uploads\/2023\/01\/Centro-historico-card.webp\" width=\"100%\" alt=\"Orientado tour ao centro hist\u00f3rico e ao baixo albaic\u00edn\"\/>\n            <h3>Orientado tour ao centro hist\u00f3rico e ao baixo albaic\u00edn<\/h3>\n            <hr \/>\n            <p>Mergulhe na hist\u00f3ria. Neste passeio visitar\u00e1 as \u00e1reas mais centrais e populares.<\/p>\n            <hr \/>\n                <p> Todos os dias<\/p>\n                <p> Pergunte-nos<\/p>\n                <p> 2,5h<\/p>\n                    De\n                    <p>8\u20ac<\/p>\n                    \/pax\n        <a href=\"https:\/\/walkingranada.com\/pt\/visitas-guiadas\/centre-historique-albaicin\/\">Reservar &gt;<\/a>\n        <img decoding=\"async\" loading=\"lazy\" src=\"https:\/\/walkingranada.com\/wp-content\/uploads\/2023\/01\/Card-Sacromonte.webp\" width=\"100%\" alt=\"Orientado tour ao Sacromonte\"\/>\n            <h3>Orientado tour ao Sacromonte<\/h3>\n            <hr \/>\n            Conhe\u00e7a o bairro mais delicado de Granada. Este \u00e9 um passeio para os amantes da fotografia.\n            <hr \/>\n                <p> Todos os dias<\/p>\n                <p> Pergunte-nos<\/p>\n                <p> 2,5h<\/p>\n                    De\n                    <p>8\u20ac<\/p>\n                    \/pax\n        <a href=\"https:\/\/walkingranada.com\/pt\/visitas-guiadas\/sacromonte\/\">Reservar &gt;<\/a>\n<\/section>\n<h2>\n\t\tTambi\u00e9n puedes reservar nuestros otros servicios&#8230;\n\t<\/h2>\n\t<a href=\"https:\/\/walkingranada.com\/pt\/que-fazer-em-granada\/flamenco\/\" target=\"_self\"><\/a>\t\t\t<img decoding=\"async\" loading=\"lazy\" alt=\"bailaora flamenca\" src=\"https:\/\/walkingranada.com\/wp-content\/uploads\/2022\/10\/Rectangle-42.png\"\/>\n\t\t<h3>Flamenco<\/h3>\n\t<a href=\"https:\/\/walkingranada.com\/pt\/que-fazer-em-granada\/hammam-al-andalus\/\" target=\"_self\"><\/a>\t\t\t<img decoding=\"async\" loading=\"lazy\" alt=\"ba\u00f1os \u00e1rabes\" src=\"https:\/\/walkingranada.com\/wp-content\/uploads\/2022\/10\/Rectangle-43.png\"\/>\n\t\t<h3>Hammam <br \/>Al-\u00e1ndalus<\/h3>\n\t<a href=\"https:\/\/walkingranada.com\/pt\/que-fazer-em-granada\/excursoes\/\" target=\"_self\"><\/a>\t\t\t<img decoding=\"async\" loading=\"lazy\" alt=\"mezquita de c\u00f3rdoba\" src=\"https:\/\/walkingranada.com\/wp-content\/uploads\/2022\/10\/Rectangle-45.png\"\/>\n\t\t<h3>excurs\u00f5es <br \/>de un dia<\/h3>\n\t<a href=\"https:\/\/walkingranada.com\/pt\/que-fazer-em-granada\/rota-olfativa\/\" target=\"_self\"><\/a>\t\t\t<img decoding=\"async\" loading=\"lazy\" alt=\"imagen de una chica joven\" src=\"https:\/\/walkingranada.com\/wp-content\/uploads\/2022\/10\/Rectangle-38.png\"\/>\n\t\t<h3>Rota olfativa<\/h3>","protected":false},"excerpt":{"rendered":"<p>Visitas guiadas &gt; Abad\u00eda del Sacromonte Visita en Grupo Abad\u00eda del Sacromonte Parking Abad\u00eda del Sacromonte Camino del Sacromonte, s\/n Dificultad baja Grupo de hasta 20 personas Accesibilidad limitada S\u00e1bado 16:30 2 horas Desde 26\u20ac\/persona Espa\u00f1ol Los libros pl\u00fambeos del Sacromonte y las santas reliquias Entre buscadores de tesoros, m\u00e9dicos moriscos y obispos de Granada &#8230; <a title=\"Abadia do Sacromonte\" class=\"read-more\" href=\"https:\/\/walkingranada.com\/pt\/visitas-guiadas\/abadia-del-sacromonte\/\" aria-label=\"Leia mais sobre Abad\u00eda del Sacromonte\">Ler mais<\/a><\/p>","protected":false},"author":5,"featured_media":0,"parent":94,"menu_order":0,"comment_status":"closed","ping_status":"closed","template":"","meta":{"footnotes":""},"class_list":["post-6098","page","type-page","status-publish"],"yoast_head":"<!-- This site is optimized with the Yoast SEO plugin v27.5 - https:\/\/yoast.com\/product\/yoast-seo-wordpress\/ -->\n<title>Abad\u00eda del Sacromonte - Visita en Grupo - Walk in Granada<\/title>\n<meta name=\"description\" content=\"Entre buscadores de tesoros, m\u00e9dicos moriscos y obispos de Granada y Roma se fueron tejiendo los incre\u00edbles hallazgos de los Libros Pl\u00fambeos y las sagradas reliquias de los m\u00e1rtires de Granada.\" \/>\n<meta name=\"robots\" content=\"index, follow, max-snippet:-1, max-image-preview:large, max-video-preview:-1\" \/>\n<link rel=\"canonical\" href=\"https:\/\/walkingranada.com\/pt\/visitas-guiadas\/abadia-del-sacromonte\/\" \/>\n<meta property=\"og:locale\" content=\"pt_PT\" \/>\n<meta property=\"og:type\" content=\"article\" \/>\n<meta property=\"og:title\" content=\"Abad\u00eda del Sacromonte - Visita en Grupo - Walk in Granada\" \/>\n<meta property=\"og:description\" content=\"Entre buscadores de tesoros, m\u00e9dicos moriscos y obispos de Granada y Roma se fueron tejiendo los incre\u00edbles hallazgos de los Libros Pl\u00fambeos y las sagradas reliquias de los m\u00e1rtires de Granada.\" \/>\n<meta property=\"og:url\" content=\"https:\/\/walkingranada.com\/pt\/visitas-guiadas\/abadia-del-sacromonte\/\" \/>\n<meta property=\"og:site_name\" content=\"Walk in Granada\" \/>\n<meta property=\"article:publisher\" content=\"https:\/\/es-es.facebook.com\/walkingranadatour\/\" \/>\n<meta property=\"article:modified_time\" content=\"2025-04-21T12:39:43+00:00\" \/>\n<meta property=\"og:image\" content=\"https:\/\/walkingranada.com\/wp-content\/uploads\/2022\/10\/fi-rr-marker.png\" \/>\n<meta name=\"twitter:card\" content=\"summary_large_image\" \/>\n<meta name=\"twitter:site\" content=\"@walkingranada\" \/>\n<meta name=\"twitter:label1\" content=\"Tempo estimado de leitura\" \/>\n\t<meta name=\"twitter:data1\" content=\"8 minutos\" \/>\n<script type=\"application\/ld+json\" class=\"yoast-schema-graph\">{\"@context\":\"https:\\\/\\\/schema.org\",\"@graph\":[{\"@type\":\"WebPage\",\"@id\":\"https:\\\/\\\/walkingranada.com\\\/visitas-guiadas\\\/abadia-del-sacromonte\\\/\",\"url\":\"https:\\\/\\\/walkingranada.com\\\/visitas-guiadas\\\/abadia-del-sacromonte\\\/\",\"name\":\"Abad\u00eda del Sacromonte - Visita en Grupo - Walk in Granada\",\"isPartOf\":{\"@id\":\"https:\\\/\\\/walkingranada.com\\\/#website\"},\"primaryImageOfPage\":{\"@id\":\"https:\\\/\\\/walkingranada.com\\\/visitas-guiadas\\\/abadia-del-sacromonte\\\/#primaryimage\"},\"image\":{\"@id\":\"https:\\\/\\\/walkingranada.com\\\/visitas-guiadas\\\/abadia-del-sacromonte\\\/#primaryimage\"},\"thumbnailUrl\":\"https:\\\/\\\/walkingranada.com\\\/wp-content\\\/uploads\\\/2022\\\/10\\\/fi-rr-marker.png\",\"datePublished\":\"2025-02-05T10:56:13+00:00\",\"dateModified\":\"2025-04-21T12:39:43+00:00\",\"description\":\"Entre buscadores de tesoros, m\u00e9dicos moriscos y obispos de Granada y Roma se fueron tejiendo los incre\u00edbles hallazgos de los Libros Pl\u00fambeos y las sagradas reliquias de los m\u00e1rtires de Granada.\",\"breadcrumb\":{\"@id\":\"https:\\\/\\\/walkingranada.com\\\/visitas-guiadas\\\/abadia-del-sacromonte\\\/#breadcrumb\"},\"inLanguage\":\"pt-PT\",\"potentialAction\":[{\"@type\":\"ReadAction\",\"target\":[\"https:\\\/\\\/walkingranada.com\\\/visitas-guiadas\\\/abadia-del-sacromonte\\\/\"]}]},{\"@type\":\"ImageObject\",\"inLanguage\":\"pt-PT\",\"@id\":\"https:\\\/\\\/walkingranada.com\\\/visitas-guiadas\\\/abadia-del-sacromonte\\\/#primaryimage\",\"url\":\"https:\\\/\\\/walkingranada.com\\\/wp-content\\\/uploads\\\/2022\\\/10\\\/fi-rr-marker.png\",\"contentUrl\":\"https:\\\/\\\/walkingranada.com\\\/wp-content\\\/uploads\\\/2022\\\/10\\\/fi-rr-marker.png\"},{\"@type\":\"BreadcrumbList\",\"@id\":\"https:\\\/\\\/walkingranada.com\\\/visitas-guiadas\\\/abadia-del-sacromonte\\\/#breadcrumb\",\"itemListElement\":[{\"@type\":\"ListItem\",\"position\":1,\"name\":\"Portada\",\"item\":\"https:\\\/\\\/walkingranada.com\\\/\"},{\"@type\":\"ListItem\",\"position\":2,\"name\":\"Visitas guiadas\",\"item\":\"https:\\\/\\\/walkingranada.com\\\/visitas-guiadas\\\/\"},{\"@type\":\"ListItem\",\"position\":3,\"name\":\"Abad\u00eda del Sacromonte\"}]},{\"@type\":\"WebSite\",\"@id\":\"https:\\\/\\\/walkingranada.com\\\/#website\",\"url\":\"https:\\\/\\\/walkingranada.com\\\/\",\"name\":\"Walk in Granada\",\"description\":\"Turismo responsable\",\"publisher\":{\"@id\":\"https:\\\/\\\/walkingranada.com\\\/#organization\"},\"alternateName\":\"Walk in Granada\",\"potentialAction\":[{\"@type\":\"SearchAction\",\"target\":{\"@type\":\"EntryPoint\",\"urlTemplate\":\"https:\\\/\\\/walkingranada.com\\\/?s={search_term_string}\"},\"query-input\":{\"@type\":\"PropertyValueSpecification\",\"valueRequired\":true,\"valueName\":\"search_term_string\"}}],\"inLanguage\":\"pt-PT\"},{\"@type\":\"Organization\",\"@id\":\"https:\\\/\\\/walkingranada.com\\\/#organization\",\"name\":\"Walk In Granada\",\"alternateName\":\"Walk In Granada\",\"url\":\"https:\\\/\\\/walkingranada.com\\\/\",\"logo\":{\"@type\":\"ImageObject\",\"inLanguage\":\"pt-PT\",\"@id\":\"https:\\\/\\\/walkingranada.com\\\/#\\\/schema\\\/logo\\\/image\\\/\",\"url\":\"https:\\\/\\\/walkingranada.com\\\/wp-content\\\/uploads\\\/2022\\\/12\\\/Logo-Walking.webp\",\"contentUrl\":\"https:\\\/\\\/walkingranada.com\\\/wp-content\\\/uploads\\\/2022\\\/12\\\/Logo-Walking.webp\",\"width\":512,\"height\":512,\"caption\":\"Walk In Granada\"},\"image\":{\"@id\":\"https:\\\/\\\/walkingranada.com\\\/#\\\/schema\\\/logo\\\/image\\\/\"},\"sameAs\":[\"https:\\\/\\\/es-es.facebook.com\\\/walkingranadatour\\\/\",\"https:\\\/\\\/x.com\\\/walkingranada\",\"https:\\\/\\\/www.instagram.com\\\/walkingranada\\\/\"]}]}<\/script>\n<!-- \/ Yoast SEO plugin. -->","yoast_head_json":{"title":"Abadia de Sacromonte - Visita de grupo - Walk in Granada","description":"Entre ca\u00e7adores de tesouros, doutores mouros e bispos de Granada e de Roma, foram tecidas as incr\u00edveis descobertas dos Livros Pl\u00fambeos e das rel\u00edquias sagradas dos m\u00e1rtires de Granada.","robots":{"index":"index","follow":"follow","max-snippet":"max-snippet:-1","max-image-preview":"max-image-preview:large","max-video-preview":"max-video-preview:-1"},"canonical":"https:\/\/walkingranada.com\/pt\/visitas-guiadas\/abadia-del-sacromonte\/","og_locale":"pt_PT","og_type":"article","og_title":"Abad\u00eda del Sacromonte - Visita en Grupo - Walk in Granada","og_description":"Entre buscadores de tesoros, m\u00e9dicos moriscos y obispos de Granada y Roma se fueron tejiendo los incre\u00edbles hallazgos de los Libros Pl\u00fambeos y las sagradas reliquias de los m\u00e1rtires de Granada.","og_url":"https:\/\/walkingranada.com\/pt\/visitas-guiadas\/abadia-del-sacromonte\/","og_site_name":"Walk in Granada","article_publisher":"https:\/\/es-es.facebook.com\/walkingranadatour\/","article_modified_time":"2025-04-21T12:39:43+00:00","og_image":[{"url":"https:\/\/walkingranada.com\/wp-content\/uploads\/2022\/10\/fi-rr-marker.png","type":"","width":"","height":""}],"twitter_card":"summary_large_image","twitter_site":"@walkingranada","twitter_misc":{"Tempo estimado de leitura":"8 minutos"},"schema":{"@context":"https:\/\/schema.org","@graph":[{"@type":"WebPage","@id":"https:\/\/walkingranada.com\/visitas-guiadas\/abadia-del-sacromonte\/","url":"https:\/\/walkingranada.com\/visitas-guiadas\/abadia-del-sacromonte\/","name":"Abadia de Sacromonte - Visita de grupo - Walk in Granada","isPartOf":{"@id":"https:\/\/walkingranada.com\/#website"},"primaryImageOfPage":{"@id":"https:\/\/walkingranada.com\/visitas-guiadas\/abadia-del-sacromonte\/#primaryimage"},"image":{"@id":"https:\/\/walkingranada.com\/visitas-guiadas\/abadia-del-sacromonte\/#primaryimage"},"thumbnailUrl":"https:\/\/walkingranada.com\/wp-content\/uploads\/2022\/10\/fi-rr-marker.png","datePublished":"2025-02-05T10:56:13+00:00","dateModified":"2025-04-21T12:39:43+00:00","description":"Entre ca\u00e7adores de tesouros, doutores mouros e bispos de Granada e de Roma, foram tecidas as incr\u00edveis descobertas dos Livros Pl\u00fambeos e das rel\u00edquias sagradas dos m\u00e1rtires de Granada.","breadcrumb":{"@id":"https:\/\/walkingranada.com\/visitas-guiadas\/abadia-del-sacromonte\/#breadcrumb"},"inLanguage":"pt-PT","potentialAction":[{"@type":"ReadAction","target":["https:\/\/walkingranada.com\/visitas-guiadas\/abadia-del-sacromonte\/"]}]},{"@type":"ImageObject","inLanguage":"pt-PT","@id":"https:\/\/walkingranada.com\/visitas-guiadas\/abadia-del-sacromonte\/#primaryimage","url":"https:\/\/walkingranada.com\/wp-content\/uploads\/2022\/10\/fi-rr-marker.png","contentUrl":"https:\/\/walkingranada.com\/wp-content\/uploads\/2022\/10\/fi-rr-marker.png"},{"@type":"BreadcrumbList","@id":"https:\/\/walkingranada.com\/visitas-guiadas\/abadia-del-sacromonte\/#breadcrumb","itemListElement":[{"@type":"ListItem","position":1,"name":"Portada","item":"https:\/\/walkingranada.com\/"},{"@type":"ListItem","position":2,"name":"Visitas guiadas","item":"https:\/\/walkingranada.com\/visitas-guiadas\/"},{"@type":"ListItem","position":3,"name":"Abad\u00eda del Sacromonte"}]},{"@type":"WebSite","@id":"https:\/\/walkingranada.com\/#website","url":"https:\/\/walkingranada.com\/","name":"Walk in Granada","description":"Turismo responsable","publisher":{"@id":"https:\/\/walkingranada.com\/#organization"},"alternateName":"Walk in Granada","potentialAction":[{"@type":"SearchAction","target":{"@type":"EntryPoint","urlTemplate":"https:\/\/walkingranada.com\/?s={search_term_string}"},"query-input":{"@type":"PropertyValueSpecification","valueRequired":true,"valueName":"search_term_string"}}],"inLanguage":"pt-PT"},{"@type":"Organization","@id":"https:\/\/walkingranada.com\/#organization","name":"Walk In Granada","alternateName":"Walk In Granada","url":"https:\/\/walkingranada.com\/","logo":{"@type":"ImageObject","inLanguage":"pt-PT","@id":"https:\/\/walkingranada.com\/#\/schema\/logo\/image\/","url":"https:\/\/walkingranada.com\/wp-content\/uploads\/2022\/12\/Logo-Walking.webp","contentUrl":"https:\/\/walkingranada.com\/wp-content\/uploads\/2022\/12\/Logo-Walking.webp","width":512,"height":512,"caption":"Walk In Granada"},"image":{"@id":"https:\/\/walkingranada.com\/#\/schema\/logo\/image\/"},"sameAs":["https:\/\/es-es.facebook.com\/walkingranadatour\/","https:\/\/x.com\/walkingranada","https:\/\/www.instagram.com\/walkingranada\/"]}]}},"_links":{"self":[{"href":"https:\/\/walkingranada.com\/pt\/wp-json\/wp\/v2\/pages\/6098","targetHints":{"allow":["GET"]}}],"collection":[{"href":"https:\/\/walkingranada.com\/pt\/wp-json\/wp\/v2\/pages"}],"about":[{"href":"https:\/\/walkingranada.com\/pt\/wp-json\/wp\/v2\/types\/page"}],"author":[{"embeddable":true,"href":"https:\/\/walkingranada.com\/pt\/wp-json\/wp\/v2\/users\/5"}],"replies":[{"embeddable":true,"href":"https:\/\/walkingranada.com\/pt\/wp-json\/wp\/v2\/comments?post=6098"}],"version-history":[{"count":13,"href":"https:\/\/walkingranada.com\/pt\/wp-json\/wp\/v2\/pages\/6098\/revisions"}],"predecessor-version":[{"id":6917,"href":"https:\/\/walkingranada.com\/pt\/wp-json\/wp\/v2\/pages\/6098\/revisions\/6917"}],"up":[{"embeddable":true,"href":"https:\/\/walkingranada.com\/pt\/wp-json\/wp\/v2\/pages\/94"}],"wp:attachment":[{"href":"https:\/\/walkingranada.com\/pt\/wp-json\/wp\/v2\/media?parent=6098"}],"curies":[{"name":"wp","href":"https:\/\/api.w.org\/{rel}","templated":true}]}}