{"id":576,"date":"2022-11-17T09:40:03","date_gmt":"2022-11-17T09:40:03","guid":{"rendered":"https:\/\/factum-omibu.es\/walkin\/?page_id=576"},"modified":"2023-05-22T06:58:57","modified_gmt":"2023-05-22T06:58:57","slug":"lorca-vega","status":"publish","type":"page","link":"https:\/\/walkingranada.com\/pt\/visitas-guiadas\/rutas-lorquianas\/lorca-vega\/","title":{"rendered":"Um dia com Lorca na rota de la vega"},"content":{"rendered":"<p>ROTAS LORQUIANAS &gt; VEGA TOUR<\/p>\r\n<p><strong>Se tiver alguma d\u00favida ou quiser reservar, n\u00e3o hesite em contactar-nos!<\/strong><\/p>\r\n<p><strong>Mail:\u00a0<\/strong><a title=\"Contate-Nos!\" href=\"mailto:info@walkingranada.com\"> <strong>info@walkingranada.com<\/strong><\/a><br \/><strong>Tlf:\u00a0<\/strong><a title=\"\u00a1Ll\u00e1manos!\" href=\"tel:+34630070893\"> <strong>+34 630 07 08 93<\/strong><\/a><\/p>\r\n<h1>Visita privada: Um dia com Lorca na Vega de Granada<\/h1>\r\n<p><a href=\"#encuentro\"> <img decoding=\"async\" loading=\"lazy\" src=\"https:\/\/walkingranada.com\/wp-content\/uploads\/2022\/10\/fi-rr-marker.png\" alt=\"DE ACORDO COM O ALOJAMENTO\" \/><\/a><\/p>\r\n<p>DE ACORDO COM O ALOJAMENTO <img decoding=\"async\" loading=\"lazy\" src=\"https:\/\/walkingranada.com\/wp-content\/uploads\/2022\/10\/\ud83e\udd86-icon-_Info-Circle_.png\" alt=\"informaci\u00f3n\" \/><\/p>\r\n<p><img decoding=\"async\" loading=\"lazy\" src=\"https:\/\/walkingranada.com\/wp-content\/uploads\/2022\/12\/guia-tour.png\" \/><\/p>\r\n<p>Encontre o seu guia<\/p>\r\n<p><img decoding=\"async\" loading=\"lazy\" src=\"https:\/\/walkingranada.com\/wp-content\/uploads\/2022\/10\/fi-rr-chat-arrow-grow.png\" alt=\"Baixa dificuldade\" \/><\/p>\r\n<p>Baixa dificuldade<\/p>\r\n<p><img decoding=\"async\" loading=\"lazy\" src=\"https:\/\/walkingranada.com\/wp-content\/uploads\/2022\/10\/fi-rr-map.png\" alt=\"Centros urbanos, paisagens das terras baixas f\u00e9rteis\" \/><\/p>\r\n<p>Centros urbanos, paisagens das terras baixas f\u00e9rteis<\/p>\r\n<p><img decoding=\"async\" loading=\"lazy\" src=\"https:\/\/walkingranada.com\/wp-content\/uploads\/2022\/12\/accesibilidad_.png\" alt=\"Acessibilidade limitada\" \/><\/p>\r\n<p>Acessibilidade limitada<\/p>\r\n<p><img decoding=\"async\" loading=\"lazy\" src=\"https:\/\/walkingranada.com\/wp-content\/uploads\/2022\/10\/fi-rr-calendar.png\" alt=\"TODOS LOS DIAS\" \/><\/p>\r\n<p>Todos os dias<\/p>\r\n<p><img decoding=\"async\" loading=\"lazy\" src=\"https:\/\/walkingranada.com\/wp-content\/uploads\/2022\/10\/fi-rr-clock.png\" alt=\"horario Seg\u00fan disponibilidad\" \/><\/p>\r\n<p>De acordo com a disponibilidade<\/p>\r\n<p><img decoding=\"async\" loading=\"lazy\" src=\"https:\/\/walkingranada.com\/wp-content\/uploads\/2022\/10\/fi-rr-alarm-clock.png\" alt=\"7,5 horas\" \/><\/p>\r\n<p>7,5 horas<\/p>\r\n<p><img decoding=\"async\" loading=\"lazy\" src=\"https:\/\/walkingranada.com\/wp-content\/uploads\/2022\/10\/fi-rr-receipt.png\" alt=\"desde 30 \u20ac\" \/><\/p>\r\n<p>desde 30\u20ac\/pax<\/p>\r\n<p><img decoding=\"async\" loading=\"lazy\" src=\"https:\/\/walkingranada.com\/wp-content\/uploads\/2022\/10\/fi-rr-comments.png\" alt=\"ESPANHOL, INGL\u00caS\" \/><\/p>\r\n<p>ESPANHOL, INGL\u00caS<\/p>\r\n<p>Nesta visita, conhecer\u00e1 a plan\u00edcie f\u00e9rtil de Granada, os seus campos, a sua hist\u00f3ria, as suas paisagens, fonte de inspira\u00e7\u00e3o do poeta e dramaturgo.<\/p>\r\n<p>Faremos tamb\u00e9m uma viagem pela vida de Federico, desde a sua inf\u00e2ncia em Fuente Vaqueros, a terra natal do escritor, com uma visita \u00e0 sua terra natal, at\u00e9 aos seus \u00faltimos dias em Granada, com uma visita \u00e0 cidade de V\u00edznar, o lugar onde foi executado durante a Guerra Civil.<\/p>\r\n<h2>Ponto de encontro<\/h2>\r\n<p><img decoding=\"async\" loading=\"lazy\" title=\"lorca-color\" src=\"https:\/\/walkingranada.com\/wp-content\/uploads\/2022\/12\/lorca-color.jpg.webp\" alt=\"Foto de Garc\u00eda Lorca en color\" width=\"711\" height=\"398\" \/> A ser confirmado com o cliente<br \/>de acordo com o alojamento.<\/p>\r\n<p>Precisa de indica\u00e7\u00f5es para l\u00e1 chegar?<\/p>\r\n<p><a role=\"button\" href=\"#reserva\" target=\"_self\" rel=\"noopener\"> Reservar &gt; <\/a><\/p>\r\n<h2>Recomenda\u00e7\u00f5es<\/h2>\r\n<ol>\r\n<li>Este percurso deve ser feito de carro, portanto, se mais de 4 participantes o desejarem fazer, ser\u00e1 necess\u00e1rio verificar a disponibilidade de ve\u00edculos.<\/li>\r\n<li class=\"translation-block\">Chegue <strong>20 minutos antes<\/strong> do hor\u00e1rio de in\u00edcio da visita.<\/li>\r\n<li>Usar\u00a0<strong>sapatos confort\u00e1veis<\/strong>. La visita tiene una duraci\u00f3n de 7,5 horas.<\/li>\r\n<li>No Ver\u00e3o, lembre-se de usar<strong>\u00a0creme solar e traga uma garrafa de \u00e1gua<\/strong>.<\/li>\r\n<\/ol>\r\n<h2>Itiner\u00e1rio<\/h2>\r\n<ul>\r\n<li>Vega de Granada<\/li>\r\n<li>Centro de Estudos de Lorca<br \/><em>Fuente Vaqueros<\/em><\/li>\r\n<li>Museu da Casa Federico Garc\u00eda Lorca.<br \/><em>Valderrubio<\/em><\/li>\r\n<li>Herdade de Daimuz<\/li>\r\n<li>Pausa para almo\u00e7o<br \/><em>(no incluido)<\/em><\/li>\r\n<li>Viznar<\/li>\r\n<li>Aynadamar. F. Garc\u00eda Lorca Park<br \/><em>Ravina de V\u00edznar<\/em><\/li>\r\n<\/ul>\r\n<p>Na nossa viagem de Fuente Vaqueros a Valderrubio e de Valderrubio a V\u00edznar, viajaremos por uma paisagem natural quase id\u00eantica \u00e0 que Lorca desfrutou durante a sua vida.<br \/>A paisagem da Vega de Granada tem valores culturais e naturais que falam por si. Tem as suas ra\u00edzes nos pomares do Nasrid Granada, uma excelente fertilidade agr\u00edcola, preserva uma paisagem de choupos, linho e tabaco e os vest\u00edgios da industrializa\u00e7\u00e3o da beterraba e do c\u00e2nhamo, produtos que apoiaram o desenvolvimento econ\u00f3mico da regi\u00e3o.<br \/>familia Lorca. <strong>Se tiver alguma d\u00favida ou quiser reservar, n\u00e3o hesite em contactar-nos!<\/strong><br \/>Mail:\u00a0<a title=\"Contate-Nos!\" href=\"mailto:info@walkingranada.com\"> <strong>info@walkingranada.com<\/strong><\/a><br \/>Tlf:\u00a0<a title=\"\u00a1Ll\u00e1manos!\" href=\"tel:+34630070893\"> <strong>+34 630 07 08 93<\/strong><\/a><\/p>\r\n<h2>Tambi\u00e9n puedes reservar nuestras otras visitas guiadas&#8230;<\/h2>\r\n<section><img decoding=\"async\" loading=\"lazy\" src=\"https:\/\/walkingranada.com\/wp-content\/uploads\/2023\/01\/Card-Albaicin-sacromonte.webp\" alt=\"Visita guiada al albaic\u00edn y Sacromonte\" width=\"100%\" \/>\r\n<h3>Visita guiada ao Albaic\u00edn e Sacromonte<\/h3>\r\n<hr \/>\r\n<p>Um passeio que combina os dois bairros mais emblem\u00e1ticos de Granada.<\/p>\r\n<hr \/>\r\n<p>Todos os dias<\/p>\r\n<p>Pergunte-nos<\/p>\r\n<p>2,5h<\/p>\r\nDe\r\n<p>8\u20ac<\/p>\r\n\/pax <a href=\"https:\/\/walkingranada.com\/pt\/visitas-guiadas\/albaicin-e-sacromonte\/\">Reservar &gt;<\/a> <img decoding=\"async\" loading=\"lazy\" src=\"https:\/\/walkingranada.com\/wp-content\/uploads\/2023\/01\/visita-albaicin-card.webp\" alt=\"Visita Guiada al Albaic\u00edn\" width=\"100%\" \/>\r\n<h3>Orientado tour ao <br \/>Albaic\u00edn<\/h3>\r\n<hr \/>\r\n<p>Sum\u00e9rgete en la historia. En esta visita recorrer\u00e1s las zonas m\u00e1s c\u00e9ntricas y populares de la &#8230;<\/p>\r\n<hr \/>\r\n<p>Todos os dias<\/p>\r\n<p>Pergunte-nos<\/p>\r\n<p>2,5h<\/p>\r\nDe\r\n<p>8\u20ac<\/p>\r\n\/pax <a href=\"https:\/\/walkingranada.com\/pt\/visitas-guiadas\/albaicin\/\">Reservar &gt;<\/a> <img decoding=\"async\" loading=\"lazy\" src=\"https:\/\/walkingranada.com\/wp-content\/uploads\/2023\/01\/Card-Sacromonte.webp\" alt=\"Visita guiada al sacromonte\" width=\"100%\" \/>\r\n<h3>Orientado tour ao Sacromonte<\/h3>\r\n<hr \/>Conoce el barrio con m\u00e1s duende de Granada. \u00c9ste es un tour para amantes de la fotograf\u00eda.<hr \/>\r\n<p>Todos os dias<\/p>\r\n<p>Pergunte-nos<\/p>\r\n<p>2,5h<\/p>\r\nDe\r\n<p>8\u20ac<\/p>\r\n\/pax <a href=\"https:\/\/walkingranada.com\/pt\/visitas-guiadas\/sacromonte\/\">Reservar &gt;<\/a> <img decoding=\"async\" loading=\"lazy\" src=\"https:\/\/walkingranada.com\/wp-content\/uploads\/2023\/01\/Centro-historico-card.webp\" alt=\"Visita guiada al centro historico y bajo albaicin\" width=\"100%\" \/>\r\n<h3>Visita guiada ao centro hist\u00f3rico e ao baixo Albaic\u00edn<\/h3>\r\n<hr \/>\r\n<p>Mergulhe na hist\u00f3ria. Neste passeio visitar\u00e1 as \u00e1reas mais centrais e populares.<\/p>\r\n<hr \/>\r\n<p>Todos os dias<\/p>\r\n<p>Pergunte-nos<\/p>\r\n<p>2,5h<\/p>\r\nDe\r\n<p>8\u20ac<\/p>\r\n\/pax <a href=\"https:\/\/walkingranada.com\/pt\/visitas-guiadas\/centre-historique-albaicin\/\">Reservar &gt;<\/a><\/section>\r\n<h2>Tambi\u00e9n puedes reservar nuestros otros servicios&#8230;<\/h2>\r\n<p><img decoding=\"async\" loading=\"lazy\" src=\"https:\/\/walkingranada.com\/wp-content\/uploads\/2022\/10\/Rectangle-42.png\" alt=\"bailaora flamenca\" \/><\/p>\r\n<h3>Flamenco<\/h3>\r\n<p><img decoding=\"async\" loading=\"lazy\" src=\"https:\/\/walkingranada.com\/wp-content\/uploads\/2022\/10\/Rectangle-43.png\" alt=\"ba\u00f1os \u00e1rabes\" \/><\/p>\r\n<h3>Hammam <br \/>Al-\u00e1ndalus<\/h3>\r\n<p><img decoding=\"async\" loading=\"lazy\" src=\"https:\/\/walkingranada.com\/wp-content\/uploads\/2022\/10\/Rectangle-45.png\" alt=\"mezquita de c\u00f3rdoba\" \/><\/p>\r\n<h3>excurs\u00f5es <br \/>de un dia<\/h3>\r\n<p><img decoding=\"async\" loading=\"lazy\" src=\"https:\/\/walkingranada.com\/wp-content\/uploads\/2022\/10\/Rectangle-38.png\" alt=\"imagen de una chica joven\" \/><\/p>\r\n<h3>Rota olfativa<\/h3>","protected":false},"excerpt":{"rendered":"<p>Rutas Lorquianas &gt; Lorca Vega \u00a1Si tienes cualquier pregunta o deseas reservar, no dudes en contactarnos! Mail:\u00a0 info@walkingranada.comTlf:\u00a0 +34 630 07 08 93 Ruta privada: un d\u00eda con Lorca en la vega de Granada Seg\u00fan alojamiento busca a tu gu\u00eda Dificultad baja Cascos urbanos, paisajes de la vega Accesibilidad limitada Todos los d\u00edas Seg\u00fan disponibilidad &#8230; <a title=\"Um dia com Lorca na rota de la vega\" class=\"read-more\" href=\"https:\/\/walkingranada.com\/pt\/visitas-guiadas\/rutas-lorquianas\/lorca-vega\/\" aria-label=\"Leia mais sobre Un d\u00eda con Lorca en la vega de Granada\">Ler mais<\/a><\/p>","protected":false},"author":2,"featured_media":2469,"parent":426,"menu_order":0,"comment_status":"closed","ping_status":"closed","template":"","meta":{"footnotes":""},"class_list":["post-576","page","type-page","status-publish","has-post-thumbnail"],"yoast_head":"<!-- This site is optimized with the Yoast SEO plugin v27.5 - https:\/\/yoast.com\/product\/yoast-seo-wordpress\/ -->\n<title>Un d\u00eda con Lorca en la vega de Granada - Walk in Granada<\/title>\n<meta name=\"description\" content=\"Ad\u00e9ntrate en la Vega Granadina con esta ruta basada en los puntos clave del poeta Federico Garc\u00eda Lorca. Sum\u00e9rgete en la historia.\" \/>\n<meta name=\"robots\" content=\"index, follow, max-snippet:-1, max-image-preview:large, max-video-preview:-1\" \/>\n<link rel=\"canonical\" href=\"https:\/\/walkingranada.com\/pt\/visitas-guiadas\/lorquian-tours\/lorca-vega\/\" \/>\n<meta property=\"og:locale\" content=\"pt_PT\" \/>\n<meta property=\"og:type\" content=\"article\" \/>\n<meta property=\"og:title\" content=\"Un d\u00eda con Lorca en la vega de Granada - Walk in Granada\" \/>\n<meta property=\"og:description\" content=\"Ad\u00e9ntrate en la Vega Granadina con esta ruta basada en los puntos clave del poeta Federico Garc\u00eda Lorca. Sum\u00e9rgete en la historia.\" \/>\n<meta property=\"og:url\" content=\"https:\/\/walkingranada.com\/pt\/visitas-guiadas\/lorquian-tours\/lorca-vega\/\" \/>\n<meta property=\"og:site_name\" content=\"Walk in Granada\" \/>\n<meta property=\"article:publisher\" content=\"https:\/\/es-es.facebook.com\/walkingranadatour\/\" \/>\n<meta property=\"article:modified_time\" content=\"2023-05-22T06:58:57+00:00\" \/>\n<meta property=\"og:image\" content=\"https:\/\/walkingranada.com\/wp-content\/uploads\/2023\/01\/Vega-Granada-Lorca.webp\" \/>\n\t<meta property=\"og:image:width\" content=\"452\" \/>\n\t<meta property=\"og:image:height\" content=\"282\" \/>\n\t<meta property=\"og:image:type\" content=\"image\/webp\" \/>\n<meta name=\"twitter:card\" content=\"summary_large_image\" \/>\n<meta name=\"twitter:site\" content=\"@walkingranada\" \/>\n<meta name=\"twitter:label1\" content=\"Tempo estimado de leitura\" \/>\n\t<meta name=\"twitter:data1\" content=\"7 minutos\" \/>\n<script type=\"application\/ld+json\" class=\"yoast-schema-graph\">{\"@context\":\"https:\\\/\\\/schema.org\",\"@graph\":[{\"@type\":\"WebPage\",\"@id\":\"https:\\\/\\\/walkingranada.com\\\/en\\\/guided-tours\\\/lorquian-routes\\\/lorca-vega\\\/\",\"url\":\"https:\\\/\\\/walkingranada.com\\\/en\\\/guided-tours\\\/lorquian-routes\\\/lorca-vega\\\/\",\"name\":\"Un d\u00eda con Lorca en la vega de Granada - Walk in Granada\",\"isPartOf\":{\"@id\":\"https:\\\/\\\/walkingranada.com\\\/#website\"},\"primaryImageOfPage\":{\"@id\":\"https:\\\/\\\/walkingranada.com\\\/en\\\/guided-tours\\\/lorquian-routes\\\/lorca-vega\\\/#primaryimage\"},\"image\":{\"@id\":\"https:\\\/\\\/walkingranada.com\\\/en\\\/guided-tours\\\/lorquian-routes\\\/lorca-vega\\\/#primaryimage\"},\"thumbnailUrl\":\"https:\\\/\\\/walkingranada.com\\\/wp-content\\\/uploads\\\/2023\\\/01\\\/Vega-Granada-Lorca.webp\",\"datePublished\":\"2022-11-17T09:40:03+00:00\",\"dateModified\":\"2023-05-22T06:58:57+00:00\",\"description\":\"Ad\u00e9ntrate en la Vega Granadina con esta ruta basada en los puntos clave del poeta Federico Garc\u00eda Lorca. Sum\u00e9rgete en la historia.\",\"breadcrumb\":{\"@id\":\"https:\\\/\\\/walkingranada.com\\\/en\\\/guided-tours\\\/lorquian-routes\\\/lorca-vega\\\/#breadcrumb\"},\"inLanguage\":\"pt-PT\",\"potentialAction\":[{\"@type\":\"ReadAction\",\"target\":[\"https:\\\/\\\/walkingranada.com\\\/en\\\/guided-tours\\\/lorquian-routes\\\/lorca-vega\\\/\"]}]},{\"@type\":\"ImageObject\",\"inLanguage\":\"pt-PT\",\"@id\":\"https:\\\/\\\/walkingranada.com\\\/en\\\/guided-tours\\\/lorquian-routes\\\/lorca-vega\\\/#primaryimage\",\"url\":\"https:\\\/\\\/walkingranada.com\\\/wp-content\\\/uploads\\\/2023\\\/01\\\/Vega-Granada-Lorca.webp\",\"contentUrl\":\"https:\\\/\\\/walkingranada.com\\\/wp-content\\\/uploads\\\/2023\\\/01\\\/Vega-Granada-Lorca.webp\",\"width\":452,\"height\":282,\"caption\":\"Vega de Granada\"},{\"@type\":\"BreadcrumbList\",\"@id\":\"https:\\\/\\\/walkingranada.com\\\/en\\\/guided-tours\\\/lorquian-routes\\\/lorca-vega\\\/#breadcrumb\",\"itemListElement\":[{\"@type\":\"ListItem\",\"position\":1,\"name\":\"Portada\",\"item\":\"https:\\\/\\\/walkingranada.com\\\/\"},{\"@type\":\"ListItem\",\"position\":2,\"name\":\"Visitas guiadas\",\"item\":\"https:\\\/\\\/walkingranada.com\\\/visitas-guiadas\\\/\"},{\"@type\":\"ListItem\",\"position\":3,\"name\":\"Rutas Lorquianas\",\"item\":\"https:\\\/\\\/walkingranada.com\\\/visitas-guiadas\\\/rutas-lorquianas\\\/\"},{\"@type\":\"ListItem\",\"position\":4,\"name\":\"Un d\u00eda con Lorca en la vega de Granada\"}]},{\"@type\":\"WebSite\",\"@id\":\"https:\\\/\\\/walkingranada.com\\\/#website\",\"url\":\"https:\\\/\\\/walkingranada.com\\\/\",\"name\":\"Walk in Granada\",\"description\":\"Turismo responsable\",\"publisher\":{\"@id\":\"https:\\\/\\\/walkingranada.com\\\/#organization\"},\"alternateName\":\"Walk in Granada\",\"potentialAction\":[{\"@type\":\"SearchAction\",\"target\":{\"@type\":\"EntryPoint\",\"urlTemplate\":\"https:\\\/\\\/walkingranada.com\\\/?s={search_term_string}\"},\"query-input\":{\"@type\":\"PropertyValueSpecification\",\"valueRequired\":true,\"valueName\":\"search_term_string\"}}],\"inLanguage\":\"pt-PT\"},{\"@type\":\"Organization\",\"@id\":\"https:\\\/\\\/walkingranada.com\\\/#organization\",\"name\":\"Walk In Granada\",\"alternateName\":\"Walk In Granada\",\"url\":\"https:\\\/\\\/walkingranada.com\\\/\",\"logo\":{\"@type\":\"ImageObject\",\"inLanguage\":\"pt-PT\",\"@id\":\"https:\\\/\\\/walkingranada.com\\\/#\\\/schema\\\/logo\\\/image\\\/\",\"url\":\"https:\\\/\\\/walkingranada.com\\\/wp-content\\\/uploads\\\/2022\\\/12\\\/Logo-Walking.webp\",\"contentUrl\":\"https:\\\/\\\/walkingranada.com\\\/wp-content\\\/uploads\\\/2022\\\/12\\\/Logo-Walking.webp\",\"width\":512,\"height\":512,\"caption\":\"Walk In Granada\"},\"image\":{\"@id\":\"https:\\\/\\\/walkingranada.com\\\/#\\\/schema\\\/logo\\\/image\\\/\"},\"sameAs\":[\"https:\\\/\\\/es-es.facebook.com\\\/walkingranadatour\\\/\",\"https:\\\/\\\/x.com\\\/walkingranada\",\"https:\\\/\\\/www.instagram.com\\\/walkingranada\\\/\"]}]}<\/script>\n<!-- \/ Yoast SEO plugin. -->","yoast_head_json":{"title":"Um dia com Lorca na Vega de Granada - Walk in Granada","description":"Mergulhe na Vega de Granada com esta rota baseada nos pontos-chave do poeta Federico Garc\u00eda Lorca. Mergulhe na hist\u00f3ria.","robots":{"index":"index","follow":"follow","max-snippet":"max-snippet:-1","max-image-preview":"max-image-preview:large","max-video-preview":"max-video-preview:-1"},"canonical":"https:\/\/walkingranada.com\/pt\/visitas-guiadas\/lorquian-tours\/lorca-vega\/","og_locale":"pt_PT","og_type":"article","og_title":"Un d\u00eda con Lorca en la vega de Granada - Walk in Granada","og_description":"Ad\u00e9ntrate en la Vega Granadina con esta ruta basada en los puntos clave del poeta Federico Garc\u00eda Lorca. Sum\u00e9rgete en la historia.","og_url":"https:\/\/walkingranada.com\/pt\/visitas-guiadas\/lorquian-tours\/lorca-vega\/","og_site_name":"Walk in Granada","article_publisher":"https:\/\/es-es.facebook.com\/walkingranadatour\/","article_modified_time":"2023-05-22T06:58:57+00:00","og_image":[{"width":452,"height":282,"url":"https:\/\/walkingranada.com\/wp-content\/uploads\/2023\/01\/Vega-Granada-Lorca.webp","type":"image\/webp"}],"twitter_card":"summary_large_image","twitter_site":"@walkingranada","twitter_misc":{"Tempo estimado de leitura":"7 minutos"},"schema":{"@context":"https:\/\/schema.org","@graph":[{"@type":"WebPage","@id":"https:\/\/walkingranada.com\/en\/guided-tours\/lorquian-routes\/lorca-vega\/","url":"https:\/\/walkingranada.com\/en\/guided-tours\/lorquian-routes\/lorca-vega\/","name":"Um dia com Lorca na Vega de Granada - Walk in Granada","isPartOf":{"@id":"https:\/\/walkingranada.com\/#website"},"primaryImageOfPage":{"@id":"https:\/\/walkingranada.com\/en\/guided-tours\/lorquian-routes\/lorca-vega\/#primaryimage"},"image":{"@id":"https:\/\/walkingranada.com\/en\/guided-tours\/lorquian-routes\/lorca-vega\/#primaryimage"},"thumbnailUrl":"https:\/\/walkingranada.com\/wp-content\/uploads\/2023\/01\/Vega-Granada-Lorca.webp","datePublished":"2022-11-17T09:40:03+00:00","dateModified":"2023-05-22T06:58:57+00:00","description":"Mergulhe na Vega de Granada com esta rota baseada nos pontos-chave do poeta Federico Garc\u00eda Lorca. Mergulhe na hist\u00f3ria.","breadcrumb":{"@id":"https:\/\/walkingranada.com\/en\/guided-tours\/lorquian-routes\/lorca-vega\/#breadcrumb"},"inLanguage":"pt-PT","potentialAction":[{"@type":"ReadAction","target":["https:\/\/walkingranada.com\/en\/guided-tours\/lorquian-routes\/lorca-vega\/"]}]},{"@type":"ImageObject","inLanguage":"pt-PT","@id":"https:\/\/walkingranada.com\/en\/guided-tours\/lorquian-routes\/lorca-vega\/#primaryimage","url":"https:\/\/walkingranada.com\/wp-content\/uploads\/2023\/01\/Vega-Granada-Lorca.webp","contentUrl":"https:\/\/walkingranada.com\/wp-content\/uploads\/2023\/01\/Vega-Granada-Lorca.webp","width":452,"height":282,"caption":"Vega de Granada"},{"@type":"BreadcrumbList","@id":"https:\/\/walkingranada.com\/en\/guided-tours\/lorquian-routes\/lorca-vega\/#breadcrumb","itemListElement":[{"@type":"ListItem","position":1,"name":"Portada","item":"https:\/\/walkingranada.com\/"},{"@type":"ListItem","position":2,"name":"Visitas guiadas","item":"https:\/\/walkingranada.com\/visitas-guiadas\/"},{"@type":"ListItem","position":3,"name":"Rutas Lorquianas","item":"https:\/\/walkingranada.com\/visitas-guiadas\/rutas-lorquianas\/"},{"@type":"ListItem","position":4,"name":"Un d\u00eda con Lorca en la vega de Granada"}]},{"@type":"WebSite","@id":"https:\/\/walkingranada.com\/#website","url":"https:\/\/walkingranada.com\/","name":"Walk in Granada","description":"Turismo responsable","publisher":{"@id":"https:\/\/walkingranada.com\/#organization"},"alternateName":"Walk in Granada","potentialAction":[{"@type":"SearchAction","target":{"@type":"EntryPoint","urlTemplate":"https:\/\/walkingranada.com\/?s={search_term_string}"},"query-input":{"@type":"PropertyValueSpecification","valueRequired":true,"valueName":"search_term_string"}}],"inLanguage":"pt-PT"},{"@type":"Organization","@id":"https:\/\/walkingranada.com\/#organization","name":"Walk In Granada","alternateName":"Walk In Granada","url":"https:\/\/walkingranada.com\/","logo":{"@type":"ImageObject","inLanguage":"pt-PT","@id":"https:\/\/walkingranada.com\/#\/schema\/logo\/image\/","url":"https:\/\/walkingranada.com\/wp-content\/uploads\/2022\/12\/Logo-Walking.webp","contentUrl":"https:\/\/walkingranada.com\/wp-content\/uploads\/2022\/12\/Logo-Walking.webp","width":512,"height":512,"caption":"Walk In Granada"},"image":{"@id":"https:\/\/walkingranada.com\/#\/schema\/logo\/image\/"},"sameAs":["https:\/\/es-es.facebook.com\/walkingranadatour\/","https:\/\/x.com\/walkingranada","https:\/\/www.instagram.com\/walkingranada\/"]}]}},"_links":{"self":[{"href":"https:\/\/walkingranada.com\/pt\/wp-json\/wp\/v2\/pages\/576","targetHints":{"allow":["GET"]}}],"collection":[{"href":"https:\/\/walkingranada.com\/pt\/wp-json\/wp\/v2\/pages"}],"about":[{"href":"https:\/\/walkingranada.com\/pt\/wp-json\/wp\/v2\/types\/page"}],"author":[{"embeddable":true,"href":"https:\/\/walkingranada.com\/pt\/wp-json\/wp\/v2\/users\/2"}],"replies":[{"embeddable":true,"href":"https:\/\/walkingranada.com\/pt\/wp-json\/wp\/v2\/comments?post=576"}],"version-history":[{"count":0,"href":"https:\/\/walkingranada.com\/pt\/wp-json\/wp\/v2\/pages\/576\/revisions"}],"up":[{"embeddable":true,"href":"https:\/\/walkingranada.com\/pt\/wp-json\/wp\/v2\/pages\/426"}],"wp:featuredmedia":[{"embeddable":true,"href":"https:\/\/walkingranada.com\/pt\/wp-json\/wp\/v2\/media\/2469"}],"wp:attachment":[{"href":"https:\/\/walkingranada.com\/pt\/wp-json\/wp\/v2\/media?parent=576"}],"curies":[{"name":"wp","href":"https:\/\/api.w.org\/{rel}","templated":true}]}}