{"id":5020,"date":"2024-08-21T09:25:09","date_gmt":"2024-08-21T09:25:09","guid":{"rendered":"https:\/\/walkingranada.com\/?page_id=5020"},"modified":"2026-03-06T12:44:21","modified_gmt":"2026-03-06T12:44:21","slug":"visita-guiada-com-entrada-alhambra-2","status":"publish","type":"page","link":"https:\/\/walkingranada.com\/pt\/alhambra\/nocturna\/","title":{"rendered":"Visita nocturna a Alhambra"},"content":{"rendered":"<p>Alhambra &gt; Visita nocturna<\/p>\n\t<!-- FareHarbor calendar of item #547089 -->\n<h1>\n\t\t\tVisita nocturna a Alhambra\t<\/h1>\n        <a href=\"#encuentro\">\n            <img decoding=\"async\" loading=\"lazy\" src=\"https:\/\/walkingranada.com\/wp-content\/uploads\/2022\/10\/fi-rr-marker.png\" alt=\"Restaurante La Mimbre\"\/>\n            <p>Restaurante La Mimbre <img decoding=\"async\" loading=\"lazy\" src=\"https:\/\/walkingranada.com\/wp-content\/uploads\/2022\/10\/\ud83e\udd86-icon-_Info-Circle_.png\" alt=\"informaci\u00f3n\"\/><\/p>\n        <\/a>\n        <img decoding=\"async\" loading=\"lazy\" src=\"https:\/\/walkingranada.com\/wp-content\/uploads\/2022\/10\/fi-rr-umbrella.png\" alt=\"Paseo de la Alhambra s\/n\"\/>\n        <p>Paseo de la Alhambra s\/n<\/p>\n        <img decoding=\"async\" loading=\"lazy\" src=\"https:\/\/walkingranada.com\/wp-content\/uploads\/2024\/03\/Entradas.png\" alt=\"Baixa dificuldade\" width=\"60px\" height=\"60px\"\/>\n        <p>Entrada inclu\u00edda<\/p>\n        <img decoding=\"async\" loading=\"lazy\" src=\"https:\/\/walkingranada.com\/wp-content\/uploads\/2023\/06\/visita-en-grupo.webp\" alt=\"Grupo\"\/>\n        <p>Grupo at\u00e9 30 pessoas<\/p>\n        <img decoding=\"async\" loading=\"lazy\" src=\"https:\/\/walkingranada.com\/wp-content\/uploads\/2022\/12\/accesibilidad_.png\" alt=\"Acessibilidade limitada\"\/>\n        <p>Acessibilidade limitada<\/p>\n        <img decoding=\"async\" loading=\"lazy\" src=\"https:\/\/walkingranada.com\/wp-content\/uploads\/2022\/10\/fi-rr-calendar.png\" alt=\"Todos os dias\"\/>\n        <p>Sujeito a disponibilidade<\/p>\n        <img decoding=\"async\" loading=\"lazy\" src=\"https:\/\/walkingranada.com\/wp-content\/uploads\/2022\/10\/fi-rr-clock.png\" alt=\"21:30 AM\"\/>\n        <p>21:30 (Verano)<\/p>\n19:30 (Invierno)\n        <img decoding=\"async\" loading=\"lazy\" src=\"https:\/\/walkingranada.com\/wp-content\/uploads\/2022\/10\/fi-rr-alarm-clock.png\" alt=\"2,5 HORAS\"\/>\n        <p>2 horas<\/p>\n        <img decoding=\"async\" loading=\"lazy\" src=\"https:\/\/walkingranada.com\/wp-content\/uploads\/2022\/10\/fi-rr-receipt.png\" alt=\"TU PONES EL PRECIO\"\/>\n        <p>A partir de 50\u20ac\/pessoa<\/p>\n        <img decoding=\"async\" loading=\"lazy\" src=\"https:\/\/walkingranada.com\/wp-content\/uploads\/2022\/10\/fi-rr-comments.png\" alt=\"Espanhol\"\/>\n        <p>Espanhol<\/p>\n<h2>\n\t\t\tDescobrimos os Pal\u00e1cios Nasridas na sua luz mais m\u00e1gica e lisonjeira.\t<\/h2>\n\t<p>N\u00e3o h\u00e1 ningu\u00e9m que consiga resistir aos encantos de uma<strong> visita nocturna \u00e0 Alhambra<\/strong>. Desfrute de um passeio mais ligeiro de 2 horas que o far\u00e1 mergulhar na ess\u00eancia da Alhambra. Esta experi\u00eancia inclui um passeio suave pelos <strong>Pal\u00e1cios Nasrid<\/strong> e o <strong>Pal\u00e1cio de Carlos V<\/strong>, dois dos locais mais emblem\u00e1ticos do complexo, concebidos com o objetivo de serem a resid\u00eancia dos seus senhores reais.\u00a0<\/p>\n<p>Al\u00e9m disso, o pre\u00e7o cobre a taxa de entrada, libertando-o de quaisquer procedimentos complicados de pr\u00e9-reserva e permitindo-lhe mergulhar totalmente na maravilhosa hist\u00f3ria que este lugar tem para oferecer.<\/p>\n<h2>\n\t\t\tPonto de encontro\t<\/h2>\n<figure itemscope itemtype=\"https:\/\/schema.org\/ImageObject\">\n\t\t\t\t<img decoding=\"async\" src=\"https:\/\/walkingranada.com\/wp-content\/uploads\/2024\/08\/Restaurante-La-Mimbre.jpeg\" alt=\"Restaurante La Mimbre\" height=\"341\" width=\"512\" title=\"Restaurante La Mimbre\" onerror=\"this.style.display='none'\" loading=\"lazy\" \/>\n\t<\/figure>\n<h3>\n\t\t\tRestaurante La Mimbre  Junto a Pabell\u00f3n de Acceso a la Alhambra y Generalife \t<\/h3>\n\t<p>Precisa de indica\u00e7\u00f5es para l\u00e1 chegar?<\/p>\n\t\t\t<a href=\"#reserva\"  target=\"_self\">\n\t\t\t\t\t\t\tReservar &gt;\n\t\t\t\t\t<\/a>\n\t\t\t<a href=\"https:\/\/walkingranada.com\/pt\/como-chegar-a-alhambra\/\"  target=\"_self\">\n\t\t\t\t\t\t\tComo chegar l\u00e1? &gt;\n\t\t\t\t\t<\/a>\n<h2>\n\t\t\tRecomenda\u00e7\u00f5es\t<\/h2>\n\t<ol>\n<li aria-level=\"1\"><strong>Baixa dificuldade<\/strong><\/li>\n<li aria-level=\"1\">N\u00e3o s\u00e3o permitidas mochilas ou sacos com dimens\u00f5es superiores a 40\u00d740 cm.<\/li>\n<li aria-level=\"1\">O pre\u00e7o <strong>INCLUI A ENTRADA<\/strong> e \u00e9 <strong>ABSOLUTAMENTE OBRIGAT\u00d3RIO trazer o documento de identifica\u00e7\u00e3o original<\/strong>.\u00a0<\/li>\n<li aria-level=\"1\"><strong>Visita \u00e0 Alhambra sujeita a disponibilidade<\/strong>. As reservas s\u00f3 podem ser efectuadas para as datas dispon\u00edveis e o grupo ser\u00e1 encerrado logo que os bilhetes estejam esgotados. Se um bilhete n\u00e3o puder ser comprado por estar esgotado, mas o pagamento tiver sido efectuado, o montante ser\u00e1 reembolsado na totalidade.<\/li>\n<li aria-level=\"1\">Recomendamos <strong>a reserva com pelo menos tr\u00eas semanas de anteced\u00eancia<\/strong>.<\/li>\n<li aria-level=\"1\">O pre\u00e7o <strong>inclui sistemas \u00e1udio para grupos de mais de 7 pessoas<\/strong>.<\/li>\n<\/ol>\n<h2>\n\t\t\tItiner\u00e1rio\t<\/h2>\n\t<ul>\n<li>Restaurante La Mimbre<\/li>\n<li>Pal\u00e1cio de Carlos V<\/li>\n<li>Pal\u00e1cios Nasrid<\/li>\n<li>Mexuar<\/li>\n<li>Comares<\/li>\n<li>Patio de los Arrayanes<\/li>\n<li>Pal\u00e1cio dos Le\u00f5es<\/li>\n<\/ul>\n\t<p>Cada pormenor, desde as delicadas esculturas em madeira at\u00e9 aos azulejos meticulosamente decorados, brilha sob a ilumina\u00e7\u00e3o nocturna, revelando segredos escondidos em plena luz do dia. Uma visita nocturna \u00e0 Alhambra n\u00e3o \u00e9 apenas uma viagem pela sua arquitetura e jardins, mas tamb\u00e9m uma viagem sensorial que envolve os sentidos e deixa uma marca indel\u00e9vel no cora\u00e7\u00e3o dos seus visitantes.<\/p>\n<h2>\n\t\t\tTambi\u00e9n puedes reservar nuestras otras visitas a la Alhambra&#8230;\t<\/h2>\n<h2>\n\t\t\tTambi\u00e9n puedes reservar nuestros otros servicios&#8230;\t<\/h2>\n\t<a href=\"https:\/\/walkingranada.com\/pt\/que-fazer-em-granada\/flamenco\/\" target=\"_self\"><\/a>\t\t\t<img decoding=\"async\" loading=\"lazy\" alt=\"bailaora flamenca\" src=\"https:\/\/walkingranada.com\/wp-content\/uploads\/2022\/10\/Rectangle-42.png\"\/>\n\t\t<h3>Flamenco<\/h3>\n\t<a href=\"https:\/\/walkingranada.com\/pt\/que-fazer-em-granada\/hammam-al-andalus\/\" target=\"_self\"><\/a>\t\t\t<img decoding=\"async\" loading=\"lazy\" alt=\"ba\u00f1os \u00e1rabes\" src=\"https:\/\/walkingranada.com\/wp-content\/uploads\/2022\/10\/Rectangle-43.png\"\/>\n\t\t<h3>Hammam <br \/>Al-\u00e1ndalus<\/h3>\n\t<a href=\"https:\/\/walkingranada.com\/pt\/que-fazer-em-granada\/excursoes\/\" target=\"_self\"><\/a>\t\t\t<img decoding=\"async\" loading=\"lazy\" alt=\"mezquita de c\u00f3rdoba\" src=\"https:\/\/walkingranada.com\/wp-content\/uploads\/2022\/10\/Rectangle-45.png\"\/>\n\t\t<h3>excurs\u00f5es <br \/>de un dia<\/h3>\n\t<a href=\"https:\/\/walkingranada.com\/pt\/que-fazer-em-granada\/rota-olfativa\/\" target=\"_self\"><\/a>\t\t\t<img decoding=\"async\" loading=\"lazy\" alt=\"imagen de una chica joven\" src=\"https:\/\/walkingranada.com\/wp-content\/uploads\/2022\/10\/Rectangle-38.png\"\/>\n\t\t<h3>Rota olfativa<\/h3>","protected":false},"excerpt":{"rendered":"<p>Alhambra &gt; Visita Nocturna Visita Alhambra Nocturna Restaurante La Mimbre Paseo de la Alhambra s\/n Entrada incluida Grupo de hasta 30 personas Accesibilidad limitada Seg\u00fan Disponibilidad 21:30 (Verano) 19:30 (Invierno) 2 horas Desde 50\u20ac\/persona Espa\u00f1ol Descubrimos los Palacios Nazar\u00edes con su luz m\u00e1s m\u00e1gica y favorecedora No hay quien se resista a los encantos de &#8230; <a title=\"Visita nocturna a Alhambra\" class=\"read-more\" href=\"https:\/\/walkingranada.com\/pt\/alhambra\/nocturna\/\" aria-label=\"Leia mais sobre Visita Alhambra Nocturna\">Ler mais<\/a><\/p>","protected":false},"author":2,"featured_media":2274,"parent":88,"menu_order":0,"comment_status":"closed","ping_status":"closed","template":"","meta":{"footnotes":""},"class_list":["post-5020","page","type-page","status-publish","has-post-thumbnail"],"yoast_head":"<!-- This site is optimized with the Yoast SEO plugin v27.4 - https:\/\/yoast.com\/product\/yoast-seo-wordpress\/ -->\n<title>Visita Alhambra Nocturna - Walk In Granada<\/title>\n<meta name=\"description\" content=\"Descubre una belleza sin parang\u00f3n con nuestra visita a la Alhambra Nocturna. D\u00e9jate cautivar por los palacios Nazar\u00edes a la luz de la luna.\" \/>\n<meta name=\"robots\" content=\"index, follow, max-snippet:-1, max-image-preview:large, max-video-preview:-1\" \/>\n<link rel=\"canonical\" href=\"https:\/\/walkingranada.com\/pt\/alhambra\/visita-guiada-com-entrada-alhambra-2\/\" \/>\n<meta property=\"og:locale\" content=\"pt_PT\" \/>\n<meta property=\"og:type\" content=\"article\" \/>\n<meta property=\"og:title\" content=\"Visita Alhambra Nocturna - Walk In Granada\" \/>\n<meta property=\"og:description\" content=\"Descubre una belleza sin parang\u00f3n con nuestra visita a la Alhambra Nocturna. D\u00e9jate cautivar por los palacios Nazar\u00edes a la luz de la luna.\" \/>\n<meta property=\"og:url\" content=\"https:\/\/walkingranada.com\/pt\/alhambra\/visita-guiada-com-entrada-alhambra-2\/\" \/>\n<meta property=\"og:site_name\" content=\"Walk in Granada\" \/>\n<meta property=\"article:publisher\" content=\"https:\/\/es-es.facebook.com\/walkingranadatour\/\" \/>\n<meta property=\"article:modified_time\" content=\"2026-03-06T12:44:21+00:00\" \/>\n<meta property=\"og:image\" content=\"https:\/\/walkingranada.com\/wp-content\/uploads\/2023\/01\/Generalife-Alhambra-1.webp\" \/>\n\t<meta property=\"og:image:width\" content=\"305\" \/>\n\t<meta property=\"og:image:height\" content=\"305\" \/>\n\t<meta property=\"og:image:type\" content=\"image\/webp\" \/>\n<meta name=\"twitter:card\" content=\"summary_large_image\" \/>\n<meta name=\"twitter:site\" content=\"@walkingranada\" \/>\n<meta name=\"twitter:label1\" content=\"Tempo estimado de leitura\" \/>\n\t<meta name=\"twitter:data1\" content=\"8 minutos\" \/>\n<script type=\"application\/ld+json\" class=\"yoast-schema-graph\">{\"@context\":\"https:\\\/\\\/schema.org\",\"@graph\":[{\"@type\":\"WebPage\",\"@id\":\"https:\\\/\\\/walkingranada.com\\\/alhambra\\\/nocturna\\\/\",\"url\":\"https:\\\/\\\/walkingranada.com\\\/alhambra\\\/nocturna\\\/\",\"name\":\"Visita Alhambra Nocturna - Walk In Granada\",\"isPartOf\":{\"@id\":\"https:\\\/\\\/walkingranada.com\\\/#website\"},\"primaryImageOfPage\":{\"@id\":\"https:\\\/\\\/walkingranada.com\\\/alhambra\\\/nocturna\\\/#primaryimage\"},\"image\":{\"@id\":\"https:\\\/\\\/walkingranada.com\\\/alhambra\\\/nocturna\\\/#primaryimage\"},\"thumbnailUrl\":\"https:\\\/\\\/walkingranada.com\\\/wp-content\\\/uploads\\\/2023\\\/01\\\/Generalife-Alhambra-1.webp\",\"datePublished\":\"2024-08-21T09:25:09+00:00\",\"dateModified\":\"2026-03-06T12:44:21+00:00\",\"description\":\"Descubre una belleza sin parang\u00f3n con nuestra visita a la Alhambra Nocturna. D\u00e9jate cautivar por los palacios Nazar\u00edes a la luz de la luna.\",\"breadcrumb\":{\"@id\":\"https:\\\/\\\/walkingranada.com\\\/alhambra\\\/nocturna\\\/#breadcrumb\"},\"inLanguage\":\"pt-PT\",\"potentialAction\":[{\"@type\":\"ReadAction\",\"target\":[\"https:\\\/\\\/walkingranada.com\\\/alhambra\\\/nocturna\\\/\"]}]},{\"@type\":\"ImageObject\",\"inLanguage\":\"pt-PT\",\"@id\":\"https:\\\/\\\/walkingranada.com\\\/alhambra\\\/nocturna\\\/#primaryimage\",\"url\":\"https:\\\/\\\/walkingranada.com\\\/wp-content\\\/uploads\\\/2023\\\/01\\\/Generalife-Alhambra-1.webp\",\"contentUrl\":\"https:\\\/\\\/walkingranada.com\\\/wp-content\\\/uploads\\\/2023\\\/01\\\/Generalife-Alhambra-1.webp\",\"width\":305,\"height\":305,\"caption\":\"Generalife\"},{\"@type\":\"BreadcrumbList\",\"@id\":\"https:\\\/\\\/walkingranada.com\\\/alhambra\\\/nocturna\\\/#breadcrumb\",\"itemListElement\":[{\"@type\":\"ListItem\",\"position\":1,\"name\":\"Portada\",\"item\":\"https:\\\/\\\/walkingranada.com\\\/\"},{\"@type\":\"ListItem\",\"position\":2,\"name\":\"Alhambra\",\"item\":\"https:\\\/\\\/walkingranada.com\\\/alhambra\\\/\"},{\"@type\":\"ListItem\",\"position\":3,\"name\":\"Visita Alhambra Nocturna\"}]},{\"@type\":\"WebSite\",\"@id\":\"https:\\\/\\\/walkingranada.com\\\/#website\",\"url\":\"https:\\\/\\\/walkingranada.com\\\/\",\"name\":\"Walk in Granada\",\"description\":\"Turismo responsable\",\"publisher\":{\"@id\":\"https:\\\/\\\/walkingranada.com\\\/#organization\"},\"alternateName\":\"Walk in Granada\",\"potentialAction\":[{\"@type\":\"SearchAction\",\"target\":{\"@type\":\"EntryPoint\",\"urlTemplate\":\"https:\\\/\\\/walkingranada.com\\\/?s={search_term_string}\"},\"query-input\":{\"@type\":\"PropertyValueSpecification\",\"valueRequired\":true,\"valueName\":\"search_term_string\"}}],\"inLanguage\":\"pt-PT\"},{\"@type\":\"Organization\",\"@id\":\"https:\\\/\\\/walkingranada.com\\\/#organization\",\"name\":\"Walk In Granada\",\"alternateName\":\"Walk In Granada\",\"url\":\"https:\\\/\\\/walkingranada.com\\\/\",\"logo\":{\"@type\":\"ImageObject\",\"inLanguage\":\"pt-PT\",\"@id\":\"https:\\\/\\\/walkingranada.com\\\/#\\\/schema\\\/logo\\\/image\\\/\",\"url\":\"https:\\\/\\\/walkingranada.com\\\/wp-content\\\/uploads\\\/2022\\\/12\\\/Logo-Walking.webp\",\"contentUrl\":\"https:\\\/\\\/walkingranada.com\\\/wp-content\\\/uploads\\\/2022\\\/12\\\/Logo-Walking.webp\",\"width\":512,\"height\":512,\"caption\":\"Walk In Granada\"},\"image\":{\"@id\":\"https:\\\/\\\/walkingranada.com\\\/#\\\/schema\\\/logo\\\/image\\\/\"},\"sameAs\":[\"https:\\\/\\\/es-es.facebook.com\\\/walkingranadatour\\\/\",\"https:\\\/\\\/x.com\\\/walkingranada\",\"https:\\\/\\\/www.instagram.com\\\/walkingranada\\\/\"]}]}<\/script>\n<!-- \/ Yoast SEO plugin. -->","yoast_head_json":{"title":"Visita Alhambra Nocturna - Walk In Granada","description":"Descubre una belleza sin parang\u00f3n con nuestra visita a la Alhambra Nocturna. D\u00e9jate cautivar por los palacios Nazar\u00edes a la luz de la luna.","robots":{"index":"index","follow":"follow","max-snippet":"max-snippet:-1","max-image-preview":"max-image-preview:large","max-video-preview":"max-video-preview:-1"},"canonical":"https:\/\/walkingranada.com\/pt\/alhambra\/visita-guiada-com-entrada-alhambra-2\/","og_locale":"pt_PT","og_type":"article","og_title":"Visita Alhambra Nocturna - Walk In Granada","og_description":"Descubre una belleza sin parang\u00f3n con nuestra visita a la Alhambra Nocturna. D\u00e9jate cautivar por los palacios Nazar\u00edes a la luz de la luna.","og_url":"https:\/\/walkingranada.com\/pt\/alhambra\/visita-guiada-com-entrada-alhambra-2\/","og_site_name":"Walk in Granada","article_publisher":"https:\/\/es-es.facebook.com\/walkingranadatour\/","article_modified_time":"2026-03-06T12:44:21+00:00","og_image":[{"width":305,"height":305,"url":"https:\/\/walkingranada.com\/wp-content\/uploads\/2023\/01\/Generalife-Alhambra-1.webp","type":"image\/webp"}],"twitter_card":"summary_large_image","twitter_site":"@walkingranada","twitter_misc":{"Tempo estimado de leitura":"8 minutos"},"schema":{"@context":"https:\/\/schema.org","@graph":[{"@type":"WebPage","@id":"https:\/\/walkingranada.com\/alhambra\/nocturna\/","url":"https:\/\/walkingranada.com\/alhambra\/nocturna\/","name":"Visita Alhambra Nocturna - Walk In Granada","isPartOf":{"@id":"https:\/\/walkingranada.com\/#website"},"primaryImageOfPage":{"@id":"https:\/\/walkingranada.com\/alhambra\/nocturna\/#primaryimage"},"image":{"@id":"https:\/\/walkingranada.com\/alhambra\/nocturna\/#primaryimage"},"thumbnailUrl":"https:\/\/walkingranada.com\/wp-content\/uploads\/2023\/01\/Generalife-Alhambra-1.webp","datePublished":"2024-08-21T09:25:09+00:00","dateModified":"2026-03-06T12:44:21+00:00","description":"Descubre una belleza sin parang\u00f3n con nuestra visita a la Alhambra Nocturna. D\u00e9jate cautivar por los palacios Nazar\u00edes a la luz de la luna.","breadcrumb":{"@id":"https:\/\/walkingranada.com\/alhambra\/nocturna\/#breadcrumb"},"inLanguage":"pt-PT","potentialAction":[{"@type":"ReadAction","target":["https:\/\/walkingranada.com\/alhambra\/nocturna\/"]}]},{"@type":"ImageObject","inLanguage":"pt-PT","@id":"https:\/\/walkingranada.com\/alhambra\/nocturna\/#primaryimage","url":"https:\/\/walkingranada.com\/wp-content\/uploads\/2023\/01\/Generalife-Alhambra-1.webp","contentUrl":"https:\/\/walkingranada.com\/wp-content\/uploads\/2023\/01\/Generalife-Alhambra-1.webp","width":305,"height":305,"caption":"Generalife"},{"@type":"BreadcrumbList","@id":"https:\/\/walkingranada.com\/alhambra\/nocturna\/#breadcrumb","itemListElement":[{"@type":"ListItem","position":1,"name":"Portada","item":"https:\/\/walkingranada.com\/"},{"@type":"ListItem","position":2,"name":"Alhambra","item":"https:\/\/walkingranada.com\/alhambra\/"},{"@type":"ListItem","position":3,"name":"Visita Alhambra Nocturna"}]},{"@type":"WebSite","@id":"https:\/\/walkingranada.com\/#website","url":"https:\/\/walkingranada.com\/","name":"Walk in Granada","description":"Turismo responsable","publisher":{"@id":"https:\/\/walkingranada.com\/#organization"},"alternateName":"Walk in Granada","potentialAction":[{"@type":"SearchAction","target":{"@type":"EntryPoint","urlTemplate":"https:\/\/walkingranada.com\/?s={search_term_string}"},"query-input":{"@type":"PropertyValueSpecification","valueRequired":true,"valueName":"search_term_string"}}],"inLanguage":"pt-PT"},{"@type":"Organization","@id":"https:\/\/walkingranada.com\/#organization","name":"Walk In Granada","alternateName":"Walk In Granada","url":"https:\/\/walkingranada.com\/","logo":{"@type":"ImageObject","inLanguage":"pt-PT","@id":"https:\/\/walkingranada.com\/#\/schema\/logo\/image\/","url":"https:\/\/walkingranada.com\/wp-content\/uploads\/2022\/12\/Logo-Walking.webp","contentUrl":"https:\/\/walkingranada.com\/wp-content\/uploads\/2022\/12\/Logo-Walking.webp","width":512,"height":512,"caption":"Walk In Granada"},"image":{"@id":"https:\/\/walkingranada.com\/#\/schema\/logo\/image\/"},"sameAs":["https:\/\/es-es.facebook.com\/walkingranadatour\/","https:\/\/x.com\/walkingranada","https:\/\/www.instagram.com\/walkingranada\/"]}]}},"_links":{"self":[{"href":"https:\/\/walkingranada.com\/pt\/wp-json\/wp\/v2\/pages\/5020","targetHints":{"allow":["GET"]}}],"collection":[{"href":"https:\/\/walkingranada.com\/pt\/wp-json\/wp\/v2\/pages"}],"about":[{"href":"https:\/\/walkingranada.com\/pt\/wp-json\/wp\/v2\/types\/page"}],"author":[{"embeddable":true,"href":"https:\/\/walkingranada.com\/pt\/wp-json\/wp\/v2\/users\/2"}],"replies":[{"embeddable":true,"href":"https:\/\/walkingranada.com\/pt\/wp-json\/wp\/v2\/comments?post=5020"}],"version-history":[{"count":14,"href":"https:\/\/walkingranada.com\/pt\/wp-json\/wp\/v2\/pages\/5020\/revisions"}],"predecessor-version":[{"id":7280,"href":"https:\/\/walkingranada.com\/pt\/wp-json\/wp\/v2\/pages\/5020\/revisions\/7280"}],"up":[{"embeddable":true,"href":"https:\/\/walkingranada.com\/pt\/wp-json\/wp\/v2\/pages\/88"}],"wp:featuredmedia":[{"embeddable":true,"href":"https:\/\/walkingranada.com\/pt\/wp-json\/wp\/v2\/media\/2274"}],"wp:attachment":[{"href":"https:\/\/walkingranada.com\/pt\/wp-json\/wp\/v2\/media?parent=5020"}],"curies":[{"name":"wp","href":"https:\/\/api.w.org\/{rel}","templated":true}]}}