{"id":4992,"date":"2024-08-21T07:57:09","date_gmt":"2024-08-21T07:57:09","guid":{"rendered":"https:\/\/walkingranada.com\/?page_id=4992"},"modified":"2026-04-22T09:04:53","modified_gmt":"2026-04-22T09:04:53","slug":"albaicin-3","status":"publish","type":"page","link":"https:\/\/walkingranada.com\/pt\/visitas-guiadas\/salseo-ziri\/","title":{"rendered":"Mexericos z\u00edridas"},"content":{"rendered":"<p>Visitas guiadas &gt; Mexericos Z\u00edridas<\/p>\n\t<!-- FareHarbor calendar of item #541741 -->\n<h1>\n\t\t\tVisita de grupo Mexericos Z\u00edridas\t<\/h1>\n        <a href=\"#encuentro\">\n            <img decoding=\"async\" loading=\"lazy\" src=\"https:\/\/walkingranada.com\/wp-content\/uploads\/2022\/10\/fi-rr-marker.png\" alt=\"Porta de Elvira\"\/>\n            <p>Porta de Elvira <img decoding=\"async\" loading=\"lazy\" src=\"https:\/\/walkingranada.com\/wp-content\/uploads\/2022\/10\/\ud83e\udd86-icon-_Info-Circle_.png\" alt=\"informaci\u00f3n\"\/><\/p>\n        <\/a>\n        <img decoding=\"async\" loading=\"lazy\" src=\"https:\/\/walkingranada.com\/wp-content\/uploads\/2022\/12\/guia-tour.png\" alt=\"Pra\u00e7a de El Triunfo, 19\"\/>\n        <p>Pra\u00e7a de El Triunfo, 19<\/p>\n        <img decoding=\"async\" loading=\"lazy\" src=\"https:\/\/walkingranada.com\/wp-content\/uploads\/2022\/10\/fi-rr-chat-arrow-grow.png\" alt=\"Dificultade m\u00e9dia\"\/>\n        <p>Dificuldade m\u00e9dia-alta<\/p>\n        <img decoding=\"async\" loading=\"lazy\" src=\"https:\/\/walkingranada.com\/wp-content\/uploads\/2023\/06\/visita-en-grupo.webp\" alt=\"Visita en grupo\"\/>\n        <p>Grupo de at\u00e9 20 pessoas<\/p>\n        <img decoding=\"async\" loading=\"lazy\" src=\"https:\/\/walkingranada.com\/wp-content\/uploads\/2022\/12\/accesibilidad_.png\" alt=\"Acessibilidade limitada\"\/>\n        <p>Acessibilidade limitada<\/p>\n        <img decoding=\"async\" loading=\"lazy\" src=\"https:\/\/walkingranada.com\/wp-content\/uploads\/2022\/10\/fi-rr-calendar.png\" alt=\"Domingo\"\/>\n        <p>Domingo<\/p>\n        <img decoding=\"async\" loading=\"lazy\" src=\"https:\/\/walkingranada.com\/wp-content\/uploads\/2022\/10\/fi-rr-clock.png\" alt=\"10:30\"\/>\n        <p>10:00 \/ 10:30 \/ 19:30<\/p>\n        <img decoding=\"async\" loading=\"lazy\" src=\"https:\/\/walkingranada.com\/wp-content\/uploads\/2022\/10\/fi-rr-alarm-clock.png\" alt=\"2 horas\"\/>\n        <p>2.5 horas<\/p>\n        <img decoding=\"async\" loading=\"lazy\" src=\"https:\/\/walkingranada.com\/wp-content\/uploads\/2022\/10\/fi-rr-receipt.png\" alt=\"29\u20ac\"\/>\n        <p>Desde 20\u20ac\/persona<\/p>\n        <img decoding=\"async\" loading=\"lazy\" src=\"https:\/\/walkingranada.com\/wp-content\/uploads\/2022\/10\/fi-rr-comments.png\" alt=\"Espanhol\"\/>\n        <p>Espanhol<\/p>\n<h2>\n\t\t\tRelatos de Granada em tempos anteriores \u00e0 constru\u00e7\u00e3o da Alhambra\t<\/h2>\n\t<p class=\"translation-block\">Descobrimos a <strong>hist\u00f3ria dos quatro emires<\/strong> que constru\u00edram a taifa de <strong>Madinat Garn\u0101ta<\/strong>, mudando a localiza\u00e7\u00e3o da antiga Ilbira e estabelecendo o centro do poder no que hoje chamamos de <strong>Albaic\u00edn<\/strong>. A hist\u00f3ria passa-se durante o s\u00e9culo XI, um per\u00edodo turbulento para Al-Andalus, que tinha acabado de passar por uma guerra civil. Os estados andaluzes estavam envolvidos em guerras fratricidas e a sombra de Afonso VI e dos seus ex\u00e9rcitos crist\u00e3os pairava sobre eles.<\/p>\n<p class=\"translation-block\">Os nossos protagonistas <strong>v\u00e3o trazer o esplendor a Granada<\/strong> e travar batalhas ferozes, liderados pelos tem\u00edveis guerreiros Sinhaya.<\/p>\n<h2>\n\t\t\tPonto de encontro\t<\/h2>\n<figure itemscope itemtype=\"https:\/\/schema.org\/ImageObject\">\n\t\t\t\t<img decoding=\"async\" src=\"https:\/\/walkingranada.com\/wp-content\/uploads\/2024\/08\/Puerta-de-Elvira-768x1024.jpeg\" alt=\"Porta de Elvira\" height=\"1024\" width=\"768\" title=\"Porta de Elvira\" onerror=\"this.style.display='none'\" loading=\"lazy\" \/>\n\t<\/figure>\n<h3>\n\t\t\tPuerta de Elvira Plaza del Triunfo, 19\t<\/h3>\n\t<p>Precisa de indica\u00e7\u00f5es para l\u00e1 chegar?<\/p>\n\t\t\t<a href=\"#reserva\"  target=\"_self\">\n\t\t\t\t\t\t\tReservar &gt;\n\t\t\t\t\t<\/a>\n\t\t\t<a href=\"https:\/\/www.google.es\/maps\/place\/Puerta+de+Elvira\/@37.1821825,-3.6021366,17z\/data=!3m1!4b1!4m6!3m5!1s0xd71fcc1c0bef71d:0xa55192e3e14a4db3!8m2!3d37.1821825!4d-3.5995617!16s%2Fm%2F0qftzbp?ucbcb=1&#038;entry=ttu\"  target=\"_self\">\n\t\t\t\t\t\t\tComo chegar l\u00e1? &gt;\n\t\t\t\t\t<\/a>\n<h2>\n\t\t\tRecomenda\u00e7\u00f5es\t<\/h2>\n\t<ol>\n<li class=\"translation-block\">Chegue <strong>20 minutos antes<\/strong> do hor\u00e1rio de in\u00edcio da visita.<\/li>\n<li class=\"translation-block\">Use <strong>cal\u00e7ado confort\u00e1vel<\/strong>. A visita tem dura\u00e7\u00e3o de 2 horas.<\/li>\n<li>No Ver\u00e3o, lembre-se de usar\u00a0<strong>creme solar e traga uma garrafa de \u00e1gua<\/strong>.<\/li>\n<li class=\"translation-block\"><strong>Dificuldade m\u00e9dia-alta<\/strong>. Nesta visita h\u00e1 <strong>declives<\/strong>, <strong>escadas<\/strong> e <strong>pavimentos empedrados<\/strong>.<\/li>\n<li class=\"translation-block\"><strong>N\u00e3o recomendado<\/strong> para <strong>crian\u00e7as com menos de 6 anos de idade<\/strong>, <strong>pessoas muito idosas<\/strong> ou <strong>com problemas de sa\u00fade<\/strong>.<\/li>\n<li class=\"translation-block\">Tamb\u00e9m n\u00e3o se recomenda a sua realiza\u00e7\u00e3o em dias de chuva, pois \u00e9 <strong>suscet\u00edvel de ser cancelada devido ao mau tempo<\/strong>.<\/li>\n<\/ol>\n<h2>\n\t\t\tItiner\u00e1rio\t<\/h2>\n\t<ul>\n<li aria-level=\"2\">Porta de Elvira<\/li>\n<li aria-level=\"2\">Cuesta Alhacaba<\/li>\n<li aria-level=\"2\">Porta Monayta<\/li>\n<li aria-level=\"2\">Pal\u00e1cio de dar-al-Horra<\/li>\n<li aria-level=\"2\">Arco de las Monjas<\/li>\n<li aria-level=\"2\">Pra\u00e7a Cristo de las Azucenas<\/li>\n<\/ul>\n\t<p class=\"translation-block\">Entra numa hist\u00f3ria cheia de conspira\u00e7\u00f5es, intrigas palacianas, lutas internas pelo poder... enquanto, quase sem fazer barulho, um belo <strong>Albaic\u00edn<\/strong> come\u00e7a a surgir no meio de uma cidade romana em ru\u00ednas.<\/p>\n<p class=\"translation-block\">A <strong>hist\u00f3ria de Granada<\/strong> antes da Alhambra num passeio fascinante e divertido, repleto de vistas fant\u00e1sticas e de locais fora dos circuitos habituais. E como cereja no topo do bolo, prepare-se para <strong>conhecer os Reis Zirid<\/strong> com as nossas ilustra\u00e7\u00f5es exclusivas da <strong>artista ucraniana Tetiana Milshyna<\/strong>.<\/p>\n\t<p class=\"translation-block\">Esta \u00e9 uma visita guiada num grupo pequeno. Se n\u00e3o encontrar disponibilidade e quiser fazer esta visita em formato privado pode fazer o pedido atrav\u00e9s da nossa sec\u00e7\u00e3o de <a href=\"https:\/\/walkingranada.com\/pt\/visitas-personalizadas\/\" target=\"_self\">visitas personalizadas<\/a>.<\/p>\n\t\n\t\n\t\n\t\n\t\t\t<a href=\"https:\/\/walkingranada.com\/pt\/visitas-personalizadas\/\"  target=\"_self\">\n\t\t\t\t\t\t\tVisitas personalizadas &gt;\n\t\t\t\t\t<\/a>\n\t\n<h2>\n\t\t\tTambi\u00e9n puedes reservar nuestras otras visitas guiadas&#8230;\t<\/h2>\n\t<section>\n            <img decoding=\"async\" loading=\"lazy\" src=\"https:\/\/walkingranada.com\/wp-content\/uploads\/2023\/01\/Jardines-card-walkin.webp\" width=\"100%\" alt=\"Orientado tour privado da Alhambra\"\/>\n                <h3>Visita privada da Alhambra<\/h3>\n                <hr \/>\n                <p>Se voc\u00ea quiser visitar a Alhambra com um guia dedicado e exclusivo a voc\u00ea e sua fam\u00edlia<\/p>\n                <hr \/>\n                    <p> Todos os dias<\/p>\n                    <p> Depende do s\u00edtio<\/p>\n                    <p> 3h<\/p>\n                    De\n                    <p>40\u20ac<\/p>\/pax\n            <a href=\"https:\/\/walkingranada.com\/pt\/alhambra\/visita-privada\/\">Reservar &gt;<\/a>\n            <img decoding=\"async\" loading=\"lazy\" src=\"https:\/\/walkingranada.com\/wp-content\/uploads\/2023\/01\/Alhambra-card-walkin.webp\" width=\"100%\" alt=\"Visita guiada com entrada na Alhambra e Generalife\"\/>\n                <h3>Visita guiada com entrada na Alhambra e Generalife<\/h3>\n                <hr \/>\n                <p>Entre na cidade palatina da Alhambra e nos seus impressionantes jardins.<\/p>\n                <hr \/>\n                    <p> Todos os dias<\/p>\n                    <p> Depende do s\u00edtio<\/p>\n                    <p> 3h<\/p>\n                    De\n                    <p>49\u20ac<\/p>\n                    \/pax\n            <a href=\"https:\/\/walkingranada.com\/pt\/alhambra\/visita-guiada-com-entrada-alhambra\/\">Reservar &gt;<\/a>\n        <img decoding=\"async\" loading=\"lazy\" src=\"https:\/\/walkingranada.com\/wp-content\/uploads\/2023\/01\/Centro-historico-card.webp\" width=\"100%\" alt=\"Orientado tour ao centro hist\u00f3rico e ao baixo albaic\u00edn\"\/>\n            <h3>Orientado tour ao centro hist\u00f3rico e ao baixo albaic\u00edn<\/h3>\n            <hr \/>\n            <p>Mergulhe na hist\u00f3ria. Neste passeio visitar\u00e1 as \u00e1reas mais centrais e populares.<\/p>\n            <hr \/>\n                <p> Todos os dias<\/p>\n                <p> Pergunte-nos<\/p>\n                <p> 2,5h<\/p>\n                    De\n                    <p>8\u20ac<\/p>\n                    \/pax\n        <a href=\"https:\/\/walkingranada.com\/pt\/visitas-guiadas\/centre-historique-albaicin\/\">Reservar &gt;<\/a>\n        <img decoding=\"async\" loading=\"lazy\" src=\"https:\/\/walkingranada.com\/wp-content\/uploads\/2023\/01\/Card-Sacromonte.webp\" width=\"100%\" alt=\"Orientado tour ao Sacromonte\"\/>\n            <h3>Orientado tour ao Sacromonte<\/h3>\n            <hr \/>\n            Conhe\u00e7a o bairro mais delicado de Granada. Este \u00e9 um passeio para os amantes da fotografia.\n            <hr \/>\n                <p> Todos os dias<\/p>\n                <p> Pergunte-nos<\/p>\n                <p> 2,5h<\/p>\n                    De\n                    <p>8\u20ac<\/p>\n                    \/pax\n        <a href=\"https:\/\/walkingranada.com\/pt\/visitas-guiadas\/sacromonte\/\">Reservar &gt;<\/a>\n<\/section>\n<h2>\n\t\t\tTambi\u00e9n puedes reservar nuestros otros servicios&#8230;\t<\/h2>\n\t<a href=\"https:\/\/walkingranada.com\/pt\/que-fazer-em-granada\/flamenco\/\" target=\"_self\"><\/a>\t\t\t<img decoding=\"async\" loading=\"lazy\" alt=\"bailaora flamenca\" src=\"https:\/\/walkingranada.com\/wp-content\/uploads\/2022\/10\/Rectangle-42.png\"\/>\n\t\t<h3>Flamenco<\/h3>\n\t<a href=\"https:\/\/walkingranada.com\/pt\/que-fazer-em-granada\/hammam-al-andalus\/\" target=\"_self\"><\/a>\t\t\t<img decoding=\"async\" loading=\"lazy\" alt=\"ba\u00f1os \u00e1rabes\" src=\"https:\/\/walkingranada.com\/wp-content\/uploads\/2022\/10\/Rectangle-43.png\"\/>\n\t\t<h3>Hammam <br \/>Al-\u00e1ndalus<\/h3>\n\t<a href=\"https:\/\/walkingranada.com\/pt\/que-fazer-em-granada\/excursoes\/\" target=\"_self\"><\/a>\t\t\t<img decoding=\"async\" loading=\"lazy\" alt=\"mezquita de c\u00f3rdoba\" src=\"https:\/\/walkingranada.com\/wp-content\/uploads\/2022\/10\/Rectangle-45.png\"\/>\n\t\t<h3>excurs\u00f5es <br \/>de un dia<\/h3>\n\t<a href=\"https:\/\/walkingranada.com\/pt\/que-fazer-em-granada\/rota-olfativa\/\" target=\"_self\"><\/a>\t\t\t<img decoding=\"async\" loading=\"lazy\" alt=\"imagen de una chica joven\" src=\"https:\/\/walkingranada.com\/wp-content\/uploads\/2022\/10\/Rectangle-38.png\"\/>\n\t\t<h3>Rota olfativa<\/h3>","protected":false},"excerpt":{"rendered":"<p>Visitas guiadas &gt; Salseo Zir\u00ed Visita en Grupo Salseo Zir\u00ed Puerta de Elvira Plaza del Triunfo, 19 Dificultad media-alta Grupo de hasta 20 personas Accesibilidad limitada Domingo 10:00 \/ 10:30 \/ 19:30 2.5 horas Desde 20\u20ac\/persona Espa\u00f1ol Relatos de Granada en \u00e9pocas precedentes a la construcci\u00f3n de la Alhambra Descubrimos la historia de los cuatro &#8230; <a title=\"Mexericos z\u00edridas\" class=\"read-more\" href=\"https:\/\/walkingranada.com\/pt\/visitas-guiadas\/salseo-ziri\/\" aria-label=\"Leia mais sobre Salseo Zir\u00ed\">Ler mais<\/a><\/p>","protected":false},"author":2,"featured_media":0,"parent":94,"menu_order":0,"comment_status":"closed","ping_status":"closed","template":"","meta":{"footnotes":""},"class_list":["post-4992","page","type-page","status-publish"],"yoast_head":"<!-- This site is optimized with the Yoast SEO plugin v27.5 - https:\/\/yoast.com\/product\/yoast-seo-wordpress\/ -->\n<title>Salseo Zir\u00ed - Visita en Grupo - Walk in Granada<\/title>\n<meta name=\"description\" content=\"Descubrimos la historia de los cuatro emires que levantaron la taifa de Madinat Garn\u0101ta, asentando las bases de lo que ser\u00eda siglos despu\u00e9s.\" \/>\n<meta name=\"robots\" content=\"index, follow, max-snippet:-1, max-image-preview:large, max-video-preview:-1\" \/>\n<link rel=\"canonical\" href=\"https:\/\/walkingranada.com\/pt\/visitas-guiadas\/albaicin-3\/\" \/>\n<meta property=\"og:locale\" content=\"pt_PT\" \/>\n<meta property=\"og:type\" content=\"article\" \/>\n<meta property=\"og:title\" content=\"Salseo Zir\u00ed - Visita en Grupo - Walk in Granada\" \/>\n<meta property=\"og:description\" content=\"Descubrimos la historia de los cuatro emires que levantaron la taifa de Madinat Garn\u0101ta, asentando las bases de lo que ser\u00eda siglos despu\u00e9s.\" \/>\n<meta property=\"og:url\" content=\"https:\/\/walkingranada.com\/pt\/visitas-guiadas\/albaicin-3\/\" \/>\n<meta property=\"og:site_name\" content=\"Walk in Granada\" \/>\n<meta property=\"article:publisher\" content=\"https:\/\/es-es.facebook.com\/walkingranadatour\/\" \/>\n<meta property=\"article:modified_time\" content=\"2026-04-22T09:04:53+00:00\" \/>\n<meta property=\"og:image\" content=\"https:\/\/walkingranada.com\/wp-content\/uploads\/2022\/10\/fi-rr-marker.png\" \/>\n<meta name=\"twitter:card\" content=\"summary_large_image\" \/>\n<meta name=\"twitter:site\" content=\"@walkingranada\" \/>\n<meta name=\"twitter:label1\" content=\"Tempo estimado de leitura\" \/>\n\t<meta name=\"twitter:data1\" content=\"9 minutos\" \/>\n<script type=\"application\/ld+json\" class=\"yoast-schema-graph\">{\"@context\":\"https:\\\/\\\/schema.org\",\"@graph\":[{\"@type\":\"WebPage\",\"@id\":\"https:\\\/\\\/walkingranada.com\\\/visitas-guiadas\\\/salseo-ziri\\\/\",\"url\":\"https:\\\/\\\/walkingranada.com\\\/visitas-guiadas\\\/salseo-ziri\\\/\",\"name\":\"Salseo Zir\u00ed - Visita en Grupo - Walk in Granada\",\"isPartOf\":{\"@id\":\"https:\\\/\\\/walkingranada.com\\\/#website\"},\"primaryImageOfPage\":{\"@id\":\"https:\\\/\\\/walkingranada.com\\\/visitas-guiadas\\\/salseo-ziri\\\/#primaryimage\"},\"image\":{\"@id\":\"https:\\\/\\\/walkingranada.com\\\/visitas-guiadas\\\/salseo-ziri\\\/#primaryimage\"},\"thumbnailUrl\":\"https:\\\/\\\/walkingranada.com\\\/wp-content\\\/uploads\\\/2022\\\/10\\\/fi-rr-marker.png\",\"datePublished\":\"2024-08-21T07:57:09+00:00\",\"dateModified\":\"2026-04-22T09:04:53+00:00\",\"description\":\"Descubrimos la historia de los cuatro emires que levantaron la taifa de Madinat Garn\u0101ta, asentando las bases de lo que ser\u00eda siglos despu\u00e9s.\",\"breadcrumb\":{\"@id\":\"https:\\\/\\\/walkingranada.com\\\/visitas-guiadas\\\/salseo-ziri\\\/#breadcrumb\"},\"inLanguage\":\"pt-PT\",\"potentialAction\":[{\"@type\":\"ReadAction\",\"target\":[\"https:\\\/\\\/walkingranada.com\\\/visitas-guiadas\\\/salseo-ziri\\\/\"]}]},{\"@type\":\"ImageObject\",\"inLanguage\":\"pt-PT\",\"@id\":\"https:\\\/\\\/walkingranada.com\\\/visitas-guiadas\\\/salseo-ziri\\\/#primaryimage\",\"url\":\"https:\\\/\\\/walkingranada.com\\\/wp-content\\\/uploads\\\/2022\\\/10\\\/fi-rr-marker.png\",\"contentUrl\":\"https:\\\/\\\/walkingranada.com\\\/wp-content\\\/uploads\\\/2022\\\/10\\\/fi-rr-marker.png\"},{\"@type\":\"BreadcrumbList\",\"@id\":\"https:\\\/\\\/walkingranada.com\\\/visitas-guiadas\\\/salseo-ziri\\\/#breadcrumb\",\"itemListElement\":[{\"@type\":\"ListItem\",\"position\":1,\"name\":\"Portada\",\"item\":\"https:\\\/\\\/walkingranada.com\\\/\"},{\"@type\":\"ListItem\",\"position\":2,\"name\":\"Visitas guiadas\",\"item\":\"https:\\\/\\\/walkingranada.com\\\/visitas-guiadas\\\/\"},{\"@type\":\"ListItem\",\"position\":3,\"name\":\"Salseo Zir\u00ed\"}]},{\"@type\":\"WebSite\",\"@id\":\"https:\\\/\\\/walkingranada.com\\\/#website\",\"url\":\"https:\\\/\\\/walkingranada.com\\\/\",\"name\":\"Walk in Granada\",\"description\":\"Turismo responsable\",\"publisher\":{\"@id\":\"https:\\\/\\\/walkingranada.com\\\/#organization\"},\"alternateName\":\"Walk in Granada\",\"potentialAction\":[{\"@type\":\"SearchAction\",\"target\":{\"@type\":\"EntryPoint\",\"urlTemplate\":\"https:\\\/\\\/walkingranada.com\\\/?s={search_term_string}\"},\"query-input\":{\"@type\":\"PropertyValueSpecification\",\"valueRequired\":true,\"valueName\":\"search_term_string\"}}],\"inLanguage\":\"pt-PT\"},{\"@type\":\"Organization\",\"@id\":\"https:\\\/\\\/walkingranada.com\\\/#organization\",\"name\":\"Walk In Granada\",\"alternateName\":\"Walk In Granada\",\"url\":\"https:\\\/\\\/walkingranada.com\\\/\",\"logo\":{\"@type\":\"ImageObject\",\"inLanguage\":\"pt-PT\",\"@id\":\"https:\\\/\\\/walkingranada.com\\\/#\\\/schema\\\/logo\\\/image\\\/\",\"url\":\"https:\\\/\\\/walkingranada.com\\\/wp-content\\\/uploads\\\/2022\\\/12\\\/Logo-Walking.webp\",\"contentUrl\":\"https:\\\/\\\/walkingranada.com\\\/wp-content\\\/uploads\\\/2022\\\/12\\\/Logo-Walking.webp\",\"width\":512,\"height\":512,\"caption\":\"Walk In Granada\"},\"image\":{\"@id\":\"https:\\\/\\\/walkingranada.com\\\/#\\\/schema\\\/logo\\\/image\\\/\"},\"sameAs\":[\"https:\\\/\\\/es-es.facebook.com\\\/walkingranadatour\\\/\",\"https:\\\/\\\/x.com\\\/walkingranada\",\"https:\\\/\\\/www.instagram.com\\\/walkingranada\\\/\"]}]}<\/script>\n<!-- \/ Yoast SEO plugin. -->","yoast_head_json":{"title":"Mexericos Z\u00edridas - Visita de grupo - Walk in Granada","description":"Descobrimos a hist\u00f3ria dos quatro emires que constru\u00edram a taifa de Madinat Garn\u0101ta, lan\u00e7ando as bases do que viria a ser s\u00e9culos mais tarde.","robots":{"index":"index","follow":"follow","max-snippet":"max-snippet:-1","max-image-preview":"max-image-preview:large","max-video-preview":"max-video-preview:-1"},"canonical":"https:\/\/walkingranada.com\/pt\/visitas-guiadas\/albaicin-3\/","og_locale":"pt_PT","og_type":"article","og_title":"Salseo Zir\u00ed - Visita en Grupo - Walk in Granada","og_description":"Descubrimos la historia de los cuatro emires que levantaron la taifa de Madinat Garn\u0101ta, asentando las bases de lo que ser\u00eda siglos despu\u00e9s.","og_url":"https:\/\/walkingranada.com\/pt\/visitas-guiadas\/albaicin-3\/","og_site_name":"Walk in Granada","article_publisher":"https:\/\/es-es.facebook.com\/walkingranadatour\/","article_modified_time":"2026-04-22T09:04:53+00:00","og_image":[{"url":"https:\/\/walkingranada.com\/wp-content\/uploads\/2022\/10\/fi-rr-marker.png","type":"","width":"","height":""}],"twitter_card":"summary_large_image","twitter_site":"@walkingranada","twitter_misc":{"Tempo estimado de leitura":"9 minutos"},"schema":{"@context":"https:\/\/schema.org","@graph":[{"@type":"WebPage","@id":"https:\/\/walkingranada.com\/visitas-guiadas\/salseo-ziri\/","url":"https:\/\/walkingranada.com\/visitas-guiadas\/salseo-ziri\/","name":"Mexericos Z\u00edridas - Visita de grupo - Walk in Granada","isPartOf":{"@id":"https:\/\/walkingranada.com\/#website"},"primaryImageOfPage":{"@id":"https:\/\/walkingranada.com\/visitas-guiadas\/salseo-ziri\/#primaryimage"},"image":{"@id":"https:\/\/walkingranada.com\/visitas-guiadas\/salseo-ziri\/#primaryimage"},"thumbnailUrl":"https:\/\/walkingranada.com\/wp-content\/uploads\/2022\/10\/fi-rr-marker.png","datePublished":"2024-08-21T07:57:09+00:00","dateModified":"2026-04-22T09:04:53+00:00","description":"Descobrimos a hist\u00f3ria dos quatro emires que constru\u00edram a taifa de Madinat Garn\u0101ta, lan\u00e7ando as bases do que viria a ser s\u00e9culos mais tarde.","breadcrumb":{"@id":"https:\/\/walkingranada.com\/visitas-guiadas\/salseo-ziri\/#breadcrumb"},"inLanguage":"pt-PT","potentialAction":[{"@type":"ReadAction","target":["https:\/\/walkingranada.com\/visitas-guiadas\/salseo-ziri\/"]}]},{"@type":"ImageObject","inLanguage":"pt-PT","@id":"https:\/\/walkingranada.com\/visitas-guiadas\/salseo-ziri\/#primaryimage","url":"https:\/\/walkingranada.com\/wp-content\/uploads\/2022\/10\/fi-rr-marker.png","contentUrl":"https:\/\/walkingranada.com\/wp-content\/uploads\/2022\/10\/fi-rr-marker.png"},{"@type":"BreadcrumbList","@id":"https:\/\/walkingranada.com\/visitas-guiadas\/salseo-ziri\/#breadcrumb","itemListElement":[{"@type":"ListItem","position":1,"name":"Portada","item":"https:\/\/walkingranada.com\/"},{"@type":"ListItem","position":2,"name":"Visitas guiadas","item":"https:\/\/walkingranada.com\/visitas-guiadas\/"},{"@type":"ListItem","position":3,"name":"Salseo Zir\u00ed"}]},{"@type":"WebSite","@id":"https:\/\/walkingranada.com\/#website","url":"https:\/\/walkingranada.com\/","name":"Walk in Granada","description":"Turismo responsable","publisher":{"@id":"https:\/\/walkingranada.com\/#organization"},"alternateName":"Walk in Granada","potentialAction":[{"@type":"SearchAction","target":{"@type":"EntryPoint","urlTemplate":"https:\/\/walkingranada.com\/?s={search_term_string}"},"query-input":{"@type":"PropertyValueSpecification","valueRequired":true,"valueName":"search_term_string"}}],"inLanguage":"pt-PT"},{"@type":"Organization","@id":"https:\/\/walkingranada.com\/#organization","name":"Walk In Granada","alternateName":"Walk In Granada","url":"https:\/\/walkingranada.com\/","logo":{"@type":"ImageObject","inLanguage":"pt-PT","@id":"https:\/\/walkingranada.com\/#\/schema\/logo\/image\/","url":"https:\/\/walkingranada.com\/wp-content\/uploads\/2022\/12\/Logo-Walking.webp","contentUrl":"https:\/\/walkingranada.com\/wp-content\/uploads\/2022\/12\/Logo-Walking.webp","width":512,"height":512,"caption":"Walk In Granada"},"image":{"@id":"https:\/\/walkingranada.com\/#\/schema\/logo\/image\/"},"sameAs":["https:\/\/es-es.facebook.com\/walkingranadatour\/","https:\/\/x.com\/walkingranada","https:\/\/www.instagram.com\/walkingranada\/"]}]}},"_links":{"self":[{"href":"https:\/\/walkingranada.com\/pt\/wp-json\/wp\/v2\/pages\/4992","targetHints":{"allow":["GET"]}}],"collection":[{"href":"https:\/\/walkingranada.com\/pt\/wp-json\/wp\/v2\/pages"}],"about":[{"href":"https:\/\/walkingranada.com\/pt\/wp-json\/wp\/v2\/types\/page"}],"author":[{"embeddable":true,"href":"https:\/\/walkingranada.com\/pt\/wp-json\/wp\/v2\/users\/2"}],"replies":[{"embeddable":true,"href":"https:\/\/walkingranada.com\/pt\/wp-json\/wp\/v2\/comments?post=4992"}],"version-history":[{"count":11,"href":"https:\/\/walkingranada.com\/pt\/wp-json\/wp\/v2\/pages\/4992\/revisions"}],"predecessor-version":[{"id":7362,"href":"https:\/\/walkingranada.com\/pt\/wp-json\/wp\/v2\/pages\/4992\/revisions\/7362"}],"up":[{"embeddable":true,"href":"https:\/\/walkingranada.com\/pt\/wp-json\/wp\/v2\/pages\/94"}],"wp:attachment":[{"href":"https:\/\/walkingranada.com\/pt\/wp-json\/wp\/v2\/media?parent=4992"}],"curies":[{"name":"wp","href":"https:\/\/api.w.org\/{rel}","templated":true}]}}