{"id":4957,"date":"2024-08-11T10:27:08","date_gmt":"2024-08-11T10:27:08","guid":{"rendered":"https:\/\/walkingranada.com\/?page_id=4957"},"modified":"2026-04-22T09:01:57","modified_gmt":"2026-04-22T09:01:57","slug":"albaicin-2","status":"publish","type":"page","link":"https:\/\/walkingranada.com\/pt\/visitas-guiadas\/siervas-y-sultanas\/","title":{"rendered":"Servas e Sultanas"},"content":{"rendered":"<p>Visitas guiadas &gt; Servas e Sultanas<\/p>\n\t<!-- FareHarbor calendar of item #542029 -->\n<h1>\n\t\t\tVisita de grupo Servas e Sultanas\t<\/h1>\n        <a href=\"#encuentro\">\n            <img decoding=\"async\" loading=\"lazy\" src=\"https:\/\/walkingranada.com\/wp-content\/uploads\/2022\/10\/fi-rr-marker.png\" alt=\"Puerta de la Justicia\"\/>\n            <p>Puerta de la Justicia <img decoding=\"async\" loading=\"lazy\" src=\"https:\/\/walkingranada.com\/wp-content\/uploads\/2022\/10\/\ud83e\udd86-icon-_Info-Circle_.png\" alt=\"informaci\u00f3n\"\/><\/p>\n        <\/a>\n        <img decoding=\"async\" loading=\"lazy\" src=\"https:\/\/walkingranada.com\/wp-content\/uploads\/2022\/12\/guia-tour.png\" alt=\"Calle real de la Alhambra, 18\"\/>\n        <p>Calle Real de la Alhambra<\/p>\n        <img decoding=\"async\" loading=\"lazy\" src=\"https:\/\/walkingranada.com\/wp-content\/uploads\/2022\/10\/fi-rr-chat-arrow-grow.png\" alt=\"Dificultade m\u00e9dia\"\/>\n        <p>Dificultade m\u00e9dia<\/p>\n        <img decoding=\"async\" loading=\"lazy\" src=\"https:\/\/walkingranada.com\/wp-content\/uploads\/2023\/06\/visita-en-grupo.webp\" alt=\"Visita en grupo\"\/>\n        <p>Grupo de at\u00e9 20 pessoas<\/p>\n        <img decoding=\"async\" loading=\"lazy\" src=\"https:\/\/walkingranada.com\/wp-content\/uploads\/2022\/12\/accesibilidad_.png\" alt=\"Acessibilidade limitada\"\/>\n        <p>Acessibilidade limitada<\/p>\n        <img decoding=\"async\" loading=\"lazy\" src=\"https:\/\/walkingranada.com\/wp-content\/uploads\/2022\/10\/fi-rr-calendar.png\" alt=\"Sexta-feira e s\u00e1bado\"\/>\n        <p>Viernes y domingo<\/p>\n        <img decoding=\"async\" loading=\"lazy\" src=\"https:\/\/walkingranada.com\/wp-content\/uploads\/2022\/10\/fi-rr-clock.png\" alt=\"19:00\"\/>\n        <p>10:30 \/ 17:30 \/ 19:00<\/p>\n        <img decoding=\"async\" loading=\"lazy\" src=\"https:\/\/walkingranada.com\/wp-content\/uploads\/2022\/10\/fi-rr-alarm-clock.png\" alt=\"2 horas\"\/>\n        <p>2.5 horas<\/p>\n        <img decoding=\"async\" loading=\"lazy\" src=\"https:\/\/walkingranada.com\/wp-content\/uploads\/2022\/10\/fi-rr-receipt.png\" alt=\"22\u20ac\"\/>\n        <p>Desde 18\u20ac\/persona<\/p>\n        <img decoding=\"async\" loading=\"lazy\" src=\"https:\/\/walkingranada.com\/wp-content\/uploads\/2022\/10\/fi-rr-comments.png\" alt=\"Espanhol\"\/>\n        <p>Espanhol<\/p>\n<h2>\n\t\t\tRevelamos a hist\u00f3ria silenciada das mulheres nasridas\t<\/h2>\n\t<p>Quem eram e como viviam a sua vida quotidiana, dentro e fora do pal\u00e1cio?<\/p>\n<p>Conheceremos os pormenores da vida quotidiana das mulheres nos tempos da Alhambra, enquanto aprendemos as hist\u00f3rias mais interessantes (e alguma roupa suja) da dinastia Nasrid atrav\u00e9s de lendas e factos reais.<\/p>\n<h2>\n\t\t\tPonto de encontro\t<\/h2>\n<figure itemscope itemtype=\"https:\/\/schema.org\/ImageObject\">\n\t\t\t\t<img decoding=\"async\" src=\"https:\/\/walkingranada.com\/wp-content\/uploads\/2024\/08\/IMG_2807-1024x791.jpeg\" alt=\"Puerta de la Justicia\" height=\"791\" width=\"1024\" title=\"Puerta de la Justicia\" onerror=\"this.style.display='none'\" loading=\"lazy\" \/>\n\t<\/figure>\n<h3>\n\t\t\tPuerta de la Justicia Calle Real de la Alhambra, 18\t<\/h3>\n\t<p>Precisa de indica\u00e7\u00f5es para l\u00e1 chegar?<\/p>\n\t\t\t<a href=\"#reserva\"  target=\"_self\">\n\t\t\t\t\t\t\tReservar &gt;\n\t\t\t\t\t<\/a>\n\t\t\t<a href=\"https:\/\/www.google.com\/maps\/place\/Puerta+de+la+Justicia\/@37.176145,-3.5928397,568m\/data=!3m2!1e3!4b1!4m6!3m5!1s0xd71fcb77555cf45:0xd901a498bd25c41!8m2!3d37.176145!4d-3.5902648!16s%2Fg%2F11b7q0w2h4?entry=ttu\"  target=\"_self\">\n\t\t\t\t\t\t\tComo chegar l\u00e1? &gt;\n\t\t\t\t\t<\/a>\n<h2>\n\t\t\tRecomenda\u00e7\u00f5es\t<\/h2>\n\t<ol>\n<li class=\"translation-block\">Chegue <strong>20 minutos antes<\/strong> do hor\u00e1rio de in\u00edcio da visita.<\/li>\n<li class=\"translation-block\">Use <strong>cal\u00e7ado confort\u00e1vel<\/strong>. A visita tem dura\u00e7\u00e3o de 2 horas.<\/li>\n<li>No Ver\u00e3o, lembre-se de usar\u00a0<strong>creme solar e traga uma garrafa de \u00e1gua<\/strong>.<\/li>\n<li><strong>Dificultade m\u00e9dia<\/strong>. Nesta visita, h\u00e1 pavimentos de cal\u00e7ada.<\/li>\n<li class=\"translation-block\"><strong>N\u00e3o adequado<\/strong> para <strong>cadeiras de rodas<\/strong> ou <strong>carrinhos de beb\u00e9<\/strong>. Pode ser utilizado um <strong>porta-beb\u00e9s<\/strong>.<\/li>\n<\/ol>\n<h2>\n\t\t\tItiner\u00e1rio\t<\/h2>\n\t<ul>\n<li aria-level=\"2\">Puerta de la Justicia<\/li>\n<li aria-level=\"2\">Pra\u00e7a de Los Aljibes<\/li>\n<li aria-level=\"2\">Puerta del Vino<\/li>\n<li aria-level=\"2\">Igreja de Santa Mar\u00eda de la Alhambra<\/li>\n<li aria-level=\"2\">Cuesta de los Chinos<\/li>\n<li aria-level=\"2\">Paseo de los Tristes<\/li>\n<\/ul>\n\t<p>Visita ilustrada gra\u00e7as \u00e0 artista ucraniana Tetiana Mylshyna, que, com os seus retratos, d\u00e1 a cara por quatro sultanas not\u00e1veis de Granada, fazendo desta visita uma experi\u00eancia inesquec\u00edvel.<\/p>\n<p>A cereja no topo do bolo ser\u00e1 um passeio pelas \u00e1reas livres no interior da Alhambra, nos arredores das suas muralhas e na zona do Paseo de los Tristes.<\/p>\n\t<p class=\"translation-block\">Esta \u00e9 uma visita guiada num grupo pequeno. Se n\u00e3o encontrar disponibilidade e quiser fazer esta visita em formato privado pode fazer o pedido atrav\u00e9s da nossa sec\u00e7\u00e3o de <a href=\"https:\/\/walkingranada.com\/pt\/visitas-personalizadas\/\" target=\"_self\">visitas personalizadas<\/a>.<\/p>\n\t\n\t\n\t\n\t\n\t\t\t<a href=\"https:\/\/walkingranada.com\/pt\/visitas-personalizadas\/\"  target=\"_self\">\n\t\t\t\t\t\t\tVisitas personalizadas &gt;\n\t\t\t\t\t<\/a>\n\t\n<h2>\n\t\t\tTambi\u00e9n puedes reservar nuestras otras visitas guiadas&#8230;\t<\/h2>\n\t<section>\n            <img decoding=\"async\" loading=\"lazy\" src=\"https:\/\/walkingranada.com\/wp-content\/uploads\/2023\/01\/Jardines-card-walkin.webp\" width=\"100%\" alt=\"Orientado tour privado da Alhambra\"\/>\n                <h3>Visita privada da Alhambra<\/h3>\n                <hr \/>\n                <p>Se voc\u00ea quiser visitar a Alhambra com um guia dedicado e exclusivo a voc\u00ea e sua fam\u00edlia<\/p>\n                <hr \/>\n                    <p> Todos os dias<\/p>\n                    <p> Depende do s\u00edtio<\/p>\n                    <p> 3h<\/p>\n                    De\n                    <p>40\u20ac<\/p>\/pax\n            <a href=\"https:\/\/walkingranada.com\/pt\/alhambra\/visita-privada\/\">Reservar &gt;<\/a>\n            <img decoding=\"async\" loading=\"lazy\" src=\"https:\/\/walkingranada.com\/wp-content\/uploads\/2023\/01\/Alhambra-card-walkin.webp\" width=\"100%\" alt=\"Visita guiada com entrada na Alhambra e Generalife\"\/>\n                <h3>Visita guiada com entrada na Alhambra e Generalife<\/h3>\n                <hr \/>\n                <p>Entre na cidade palatina da Alhambra e nos seus impressionantes jardins.<\/p>\n                <hr \/>\n                    <p> Todos os dias<\/p>\n                    <p> Depende do s\u00edtio<\/p>\n                    <p> 3h<\/p>\n                    De\n                    <p>49\u20ac<\/p>\n                    \/pax\n            <a href=\"https:\/\/walkingranada.com\/pt\/alhambra\/visita-guiada-com-entrada-alhambra\/\">Reservar &gt;<\/a>\n        <img decoding=\"async\" loading=\"lazy\" src=\"https:\/\/walkingranada.com\/wp-content\/uploads\/2023\/01\/Centro-historico-card.webp\" width=\"100%\" alt=\"Orientado tour ao centro hist\u00f3rico e ao baixo albaic\u00edn\"\/>\n            <h3>Orientado tour ao centro hist\u00f3rico e ao baixo albaic\u00edn<\/h3>\n            <hr \/>\n            <p>Mergulhe na hist\u00f3ria. Neste passeio visitar\u00e1 as \u00e1reas mais centrais e populares.<\/p>\n            <hr \/>\n                <p> Todos os dias<\/p>\n                <p> Pergunte-nos<\/p>\n                <p> 2,5h<\/p>\n                    De\n                    <p>8\u20ac<\/p>\n                    \/pax\n        <a href=\"https:\/\/walkingranada.com\/pt\/visitas-guiadas\/centre-historique-albaicin\/\">Reservar &gt;<\/a>\n        <img decoding=\"async\" loading=\"lazy\" src=\"https:\/\/walkingranada.com\/wp-content\/uploads\/2023\/01\/Card-Sacromonte.webp\" width=\"100%\" alt=\"Orientado tour ao Sacromonte\"\/>\n            <h3>Orientado tour ao Sacromonte<\/h3>\n            <hr \/>\n            Conhe\u00e7a o bairro mais delicado de Granada. Este \u00e9 um passeio para os amantes da fotografia.\n            <hr \/>\n                <p> Todos os dias<\/p>\n                <p> Pergunte-nos<\/p>\n                <p> 2,5h<\/p>\n                    De\n                    <p>8\u20ac<\/p>\n                    \/pax\n        <a href=\"https:\/\/walkingranada.com\/pt\/visitas-guiadas\/sacromonte\/\">Reservar &gt;<\/a>\n<\/section>\n<h2>\n\t\t\tTambi\u00e9n puedes reservar nuestros otros servicios&#8230;\t<\/h2>\n\t<a href=\"https:\/\/walkingranada.com\/pt\/que-fazer-em-granada\/flamenco\/\" target=\"_self\"><\/a>\t\t\t<img decoding=\"async\" loading=\"lazy\" alt=\"bailaora flamenca\" src=\"https:\/\/walkingranada.com\/wp-content\/uploads\/2022\/10\/Rectangle-42.png\"\/>\n\t\t<h3>Flamenco<\/h3>\n\t<a href=\"https:\/\/walkingranada.com\/pt\/que-fazer-em-granada\/hammam-al-andalus\/\" target=\"_self\"><\/a>\t\t\t<img decoding=\"async\" loading=\"lazy\" alt=\"ba\u00f1os \u00e1rabes\" src=\"https:\/\/walkingranada.com\/wp-content\/uploads\/2022\/10\/Rectangle-43.png\"\/>\n\t\t<h3>Hammam <br \/>Al-\u00e1ndalus<\/h3>\n\t<a href=\"https:\/\/walkingranada.com\/pt\/que-fazer-em-granada\/excursoes\/\" target=\"_self\"><\/a>\t\t\t<img decoding=\"async\" loading=\"lazy\" alt=\"mezquita de c\u00f3rdoba\" src=\"https:\/\/walkingranada.com\/wp-content\/uploads\/2022\/10\/Rectangle-45.png\"\/>\n\t\t<h3>excurs\u00f5es <br \/>de un dia<\/h3>\n\t<a href=\"https:\/\/walkingranada.com\/pt\/que-fazer-em-granada\/rota-olfativa\/\" target=\"_self\"><\/a>\t\t\t<img decoding=\"async\" loading=\"lazy\" alt=\"imagen de una chica joven\" src=\"https:\/\/walkingranada.com\/wp-content\/uploads\/2022\/10\/Rectangle-38.png\"\/>\n\t\t<h3>Rota olfativa<\/h3>","protected":false},"excerpt":{"rendered":"<p>Visitas guiadas &gt; Siervas y Sultanas Visita en Grupo Siervas y Sultanas Puerta de la justicia Calle Real de la Alhambra Dificultad media Grupo de hasta 20 personas Accesibilidad limitada Viernes y domingo 10:30 \/ 17:30 \/ 19:00 2.5 horas Desde 18\u20ac\/persona Espa\u00f1ol Desvelamos la historia silenciada de las mujeres nazar\u00edes \u00bfQui\u00e9nes eran? \u00bfC\u00f3mo viv\u00edan &#8230; <a title=\"Servas e Sultanas\" class=\"read-more\" href=\"https:\/\/walkingranada.com\/pt\/visitas-guiadas\/siervas-y-sultanas\/\" aria-label=\"Leia mais sobre Siervas y Sultanas\">Ler mais<\/a><\/p>","protected":false},"author":2,"featured_media":2199,"parent":94,"menu_order":0,"comment_status":"closed","ping_status":"closed","template":"","meta":{"footnotes":""},"class_list":["post-4957","page","type-page","status-publish","has-post-thumbnail"],"yoast_head":"<!-- This site is optimized with the Yoast SEO plugin v27.5 - https:\/\/yoast.com\/product\/yoast-seo-wordpress\/ -->\n<title>Siervas y Sultanas - Visita en Grupo - Walk in Granada<\/title>\n<meta name=\"description\" content=\"Aprenderemos los detalles de la cotidianeidad de las mujeres en los tiempos de la Alhambra a trav\u00e9s de leyendas y hechos reales contrastados.\" \/>\n<meta name=\"robots\" content=\"index, follow, max-snippet:-1, max-image-preview:large, max-video-preview:-1\" \/>\n<link rel=\"canonical\" href=\"https:\/\/walkingranada.com\/pt\/visitas-guiadas\/albaicin-2\/\" \/>\n<meta property=\"og:locale\" content=\"pt_PT\" \/>\n<meta property=\"og:type\" content=\"article\" \/>\n<meta property=\"og:title\" content=\"Siervas y Sultanas - Visita en Grupo - Walk in Granada\" \/>\n<meta property=\"og:description\" content=\"Aprenderemos los detalles de la cotidianeidad de las mujeres en los tiempos de la Alhambra a trav\u00e9s de leyendas y hechos reales contrastados.\" \/>\n<meta property=\"og:url\" content=\"https:\/\/walkingranada.com\/pt\/visitas-guiadas\/albaicin-2\/\" \/>\n<meta property=\"og:site_name\" content=\"Walk in Granada\" \/>\n<meta property=\"article:publisher\" content=\"https:\/\/es-es.facebook.com\/walkingranadatour\/\" \/>\n<meta property=\"article:modified_time\" content=\"2026-04-22T09:01:57+00:00\" \/>\n<meta property=\"og:image\" content=\"https:\/\/walkingranada.com\/wp-content\/uploads\/2023\/01\/Freetour-albaicin-y-sacromonte.webp\" \/>\n\t<meta property=\"og:image:width\" content=\"452\" \/>\n\t<meta property=\"og:image:height\" content=\"282\" \/>\n\t<meta property=\"og:image:type\" content=\"image\/webp\" \/>\n<meta name=\"twitter:card\" content=\"summary_large_image\" \/>\n<meta name=\"twitter:site\" content=\"@walkingranada\" \/>\n<meta name=\"twitter:label1\" content=\"Tempo estimado de leitura\" \/>\n\t<meta name=\"twitter:data1\" content=\"9 minutos\" \/>\n<script type=\"application\/ld+json\" class=\"yoast-schema-graph\">{\"@context\":\"https:\\\/\\\/schema.org\",\"@graph\":[{\"@type\":\"WebPage\",\"@id\":\"https:\\\/\\\/walkingranada.com\\\/visitas-guiadas\\\/siervas-y-sultanas\\\/\",\"url\":\"https:\\\/\\\/walkingranada.com\\\/visitas-guiadas\\\/siervas-y-sultanas\\\/\",\"name\":\"Siervas y Sultanas - Visita en Grupo - Walk in Granada\",\"isPartOf\":{\"@id\":\"https:\\\/\\\/walkingranada.com\\\/#website\"},\"primaryImageOfPage\":{\"@id\":\"https:\\\/\\\/walkingranada.com\\\/visitas-guiadas\\\/siervas-y-sultanas\\\/#primaryimage\"},\"image\":{\"@id\":\"https:\\\/\\\/walkingranada.com\\\/visitas-guiadas\\\/siervas-y-sultanas\\\/#primaryimage\"},\"thumbnailUrl\":\"https:\\\/\\\/walkingranada.com\\\/wp-content\\\/uploads\\\/2023\\\/01\\\/Freetour-albaicin-y-sacromonte.webp\",\"datePublished\":\"2024-08-11T10:27:08+00:00\",\"dateModified\":\"2026-04-22T09:01:57+00:00\",\"description\":\"Aprenderemos los detalles de la cotidianeidad de las mujeres en los tiempos de la Alhambra a trav\u00e9s de leyendas y hechos reales contrastados.\",\"breadcrumb\":{\"@id\":\"https:\\\/\\\/walkingranada.com\\\/visitas-guiadas\\\/siervas-y-sultanas\\\/#breadcrumb\"},\"inLanguage\":\"pt-PT\",\"potentialAction\":[{\"@type\":\"ReadAction\",\"target\":[\"https:\\\/\\\/walkingranada.com\\\/visitas-guiadas\\\/siervas-y-sultanas\\\/\"]}]},{\"@type\":\"ImageObject\",\"inLanguage\":\"pt-PT\",\"@id\":\"https:\\\/\\\/walkingranada.com\\\/visitas-guiadas\\\/siervas-y-sultanas\\\/#primaryimage\",\"url\":\"https:\\\/\\\/walkingranada.com\\\/wp-content\\\/uploads\\\/2023\\\/01\\\/Freetour-albaicin-y-sacromonte.webp\",\"contentUrl\":\"https:\\\/\\\/walkingranada.com\\\/wp-content\\\/uploads\\\/2023\\\/01\\\/Freetour-albaicin-y-sacromonte.webp\",\"width\":452,\"height\":282,\"caption\":\"Vistas del albaycin\"},{\"@type\":\"BreadcrumbList\",\"@id\":\"https:\\\/\\\/walkingranada.com\\\/visitas-guiadas\\\/siervas-y-sultanas\\\/#breadcrumb\",\"itemListElement\":[{\"@type\":\"ListItem\",\"position\":1,\"name\":\"Portada\",\"item\":\"https:\\\/\\\/walkingranada.com\\\/\"},{\"@type\":\"ListItem\",\"position\":2,\"name\":\"Visitas guiadas\",\"item\":\"https:\\\/\\\/walkingranada.com\\\/visitas-guiadas\\\/\"},{\"@type\":\"ListItem\",\"position\":3,\"name\":\"Siervas y Sultanas\"}]},{\"@type\":\"WebSite\",\"@id\":\"https:\\\/\\\/walkingranada.com\\\/#website\",\"url\":\"https:\\\/\\\/walkingranada.com\\\/\",\"name\":\"Walk in Granada\",\"description\":\"Turismo responsable\",\"publisher\":{\"@id\":\"https:\\\/\\\/walkingranada.com\\\/#organization\"},\"alternateName\":\"Walk in Granada\",\"potentialAction\":[{\"@type\":\"SearchAction\",\"target\":{\"@type\":\"EntryPoint\",\"urlTemplate\":\"https:\\\/\\\/walkingranada.com\\\/?s={search_term_string}\"},\"query-input\":{\"@type\":\"PropertyValueSpecification\",\"valueRequired\":true,\"valueName\":\"search_term_string\"}}],\"inLanguage\":\"pt-PT\"},{\"@type\":\"Organization\",\"@id\":\"https:\\\/\\\/walkingranada.com\\\/#organization\",\"name\":\"Walk In Granada\",\"alternateName\":\"Walk In Granada\",\"url\":\"https:\\\/\\\/walkingranada.com\\\/\",\"logo\":{\"@type\":\"ImageObject\",\"inLanguage\":\"pt-PT\",\"@id\":\"https:\\\/\\\/walkingranada.com\\\/#\\\/schema\\\/logo\\\/image\\\/\",\"url\":\"https:\\\/\\\/walkingranada.com\\\/wp-content\\\/uploads\\\/2022\\\/12\\\/Logo-Walking.webp\",\"contentUrl\":\"https:\\\/\\\/walkingranada.com\\\/wp-content\\\/uploads\\\/2022\\\/12\\\/Logo-Walking.webp\",\"width\":512,\"height\":512,\"caption\":\"Walk In Granada\"},\"image\":{\"@id\":\"https:\\\/\\\/walkingranada.com\\\/#\\\/schema\\\/logo\\\/image\\\/\"},\"sameAs\":[\"https:\\\/\\\/es-es.facebook.com\\\/walkingranadatour\\\/\",\"https:\\\/\\\/x.com\\\/walkingranada\",\"https:\\\/\\\/www.instagram.com\\\/walkingranada\\\/\"]}]}<\/script>\n<!-- \/ Yoast SEO plugin. -->","yoast_head_json":{"title":"Servas e Sultanas - Visita de grupo - Walk in Granada","description":"Conheceremos os pormenores da vida quotidiana das mulheres na \u00e9poca de Alhambra atrav\u00e9s de lendas e factos reais contrastados.","robots":{"index":"index","follow":"follow","max-snippet":"max-snippet:-1","max-image-preview":"max-image-preview:large","max-video-preview":"max-video-preview:-1"},"canonical":"https:\/\/walkingranada.com\/pt\/visitas-guiadas\/albaicin-2\/","og_locale":"pt_PT","og_type":"article","og_title":"Siervas y Sultanas - Visita en Grupo - Walk in Granada","og_description":"Aprenderemos los detalles de la cotidianeidad de las mujeres en los tiempos de la Alhambra a trav\u00e9s de leyendas y hechos reales contrastados.","og_url":"https:\/\/walkingranada.com\/pt\/visitas-guiadas\/albaicin-2\/","og_site_name":"Walk in Granada","article_publisher":"https:\/\/es-es.facebook.com\/walkingranadatour\/","article_modified_time":"2026-04-22T09:01:57+00:00","og_image":[{"width":452,"height":282,"url":"https:\/\/walkingranada.com\/wp-content\/uploads\/2023\/01\/Freetour-albaicin-y-sacromonte.webp","type":"image\/webp"}],"twitter_card":"summary_large_image","twitter_site":"@walkingranada","twitter_misc":{"Tempo estimado de leitura":"9 minutos"},"schema":{"@context":"https:\/\/schema.org","@graph":[{"@type":"WebPage","@id":"https:\/\/walkingranada.com\/visitas-guiadas\/siervas-y-sultanas\/","url":"https:\/\/walkingranada.com\/visitas-guiadas\/siervas-y-sultanas\/","name":"Servas e Sultanas - Visita de grupo - Walk in Granada","isPartOf":{"@id":"https:\/\/walkingranada.com\/#website"},"primaryImageOfPage":{"@id":"https:\/\/walkingranada.com\/visitas-guiadas\/siervas-y-sultanas\/#primaryimage"},"image":{"@id":"https:\/\/walkingranada.com\/visitas-guiadas\/siervas-y-sultanas\/#primaryimage"},"thumbnailUrl":"https:\/\/walkingranada.com\/wp-content\/uploads\/2023\/01\/Freetour-albaicin-y-sacromonte.webp","datePublished":"2024-08-11T10:27:08+00:00","dateModified":"2026-04-22T09:01:57+00:00","description":"Conheceremos os pormenores da vida quotidiana das mulheres na \u00e9poca de Alhambra atrav\u00e9s de lendas e factos reais contrastados.","breadcrumb":{"@id":"https:\/\/walkingranada.com\/visitas-guiadas\/siervas-y-sultanas\/#breadcrumb"},"inLanguage":"pt-PT","potentialAction":[{"@type":"ReadAction","target":["https:\/\/walkingranada.com\/visitas-guiadas\/siervas-y-sultanas\/"]}]},{"@type":"ImageObject","inLanguage":"pt-PT","@id":"https:\/\/walkingranada.com\/visitas-guiadas\/siervas-y-sultanas\/#primaryimage","url":"https:\/\/walkingranada.com\/wp-content\/uploads\/2023\/01\/Freetour-albaicin-y-sacromonte.webp","contentUrl":"https:\/\/walkingranada.com\/wp-content\/uploads\/2023\/01\/Freetour-albaicin-y-sacromonte.webp","width":452,"height":282,"caption":"Vistas del albaycin"},{"@type":"BreadcrumbList","@id":"https:\/\/walkingranada.com\/visitas-guiadas\/siervas-y-sultanas\/#breadcrumb","itemListElement":[{"@type":"ListItem","position":1,"name":"Portada","item":"https:\/\/walkingranada.com\/"},{"@type":"ListItem","position":2,"name":"Visitas guiadas","item":"https:\/\/walkingranada.com\/visitas-guiadas\/"},{"@type":"ListItem","position":3,"name":"Siervas y Sultanas"}]},{"@type":"WebSite","@id":"https:\/\/walkingranada.com\/#website","url":"https:\/\/walkingranada.com\/","name":"Walk in Granada","description":"Turismo responsable","publisher":{"@id":"https:\/\/walkingranada.com\/#organization"},"alternateName":"Walk in Granada","potentialAction":[{"@type":"SearchAction","target":{"@type":"EntryPoint","urlTemplate":"https:\/\/walkingranada.com\/?s={search_term_string}"},"query-input":{"@type":"PropertyValueSpecification","valueRequired":true,"valueName":"search_term_string"}}],"inLanguage":"pt-PT"},{"@type":"Organization","@id":"https:\/\/walkingranada.com\/#organization","name":"Walk In Granada","alternateName":"Walk In Granada","url":"https:\/\/walkingranada.com\/","logo":{"@type":"ImageObject","inLanguage":"pt-PT","@id":"https:\/\/walkingranada.com\/#\/schema\/logo\/image\/","url":"https:\/\/walkingranada.com\/wp-content\/uploads\/2022\/12\/Logo-Walking.webp","contentUrl":"https:\/\/walkingranada.com\/wp-content\/uploads\/2022\/12\/Logo-Walking.webp","width":512,"height":512,"caption":"Walk In Granada"},"image":{"@id":"https:\/\/walkingranada.com\/#\/schema\/logo\/image\/"},"sameAs":["https:\/\/es-es.facebook.com\/walkingranadatour\/","https:\/\/x.com\/walkingranada","https:\/\/www.instagram.com\/walkingranada\/"]}]}},"_links":{"self":[{"href":"https:\/\/walkingranada.com\/pt\/wp-json\/wp\/v2\/pages\/4957","targetHints":{"allow":["GET"]}}],"collection":[{"href":"https:\/\/walkingranada.com\/pt\/wp-json\/wp\/v2\/pages"}],"about":[{"href":"https:\/\/walkingranada.com\/pt\/wp-json\/wp\/v2\/types\/page"}],"author":[{"embeddable":true,"href":"https:\/\/walkingranada.com\/pt\/wp-json\/wp\/v2\/users\/2"}],"replies":[{"embeddable":true,"href":"https:\/\/walkingranada.com\/pt\/wp-json\/wp\/v2\/comments?post=4957"}],"version-history":[{"count":13,"href":"https:\/\/walkingranada.com\/pt\/wp-json\/wp\/v2\/pages\/4957\/revisions"}],"predecessor-version":[{"id":7360,"href":"https:\/\/walkingranada.com\/pt\/wp-json\/wp\/v2\/pages\/4957\/revisions\/7360"}],"up":[{"embeddable":true,"href":"https:\/\/walkingranada.com\/pt\/wp-json\/wp\/v2\/pages\/94"}],"wp:featuredmedia":[{"embeddable":true,"href":"https:\/\/walkingranada.com\/pt\/wp-json\/wp\/v2\/media\/2199"}],"wp:attachment":[{"href":"https:\/\/walkingranada.com\/pt\/wp-json\/wp\/v2\/media?parent=4957"}],"curies":[{"name":"wp","href":"https:\/\/api.w.org\/{rel}","templated":true}]}}