{"id":472,"date":"2022-10-27T09:06:25","date_gmt":"2022-10-27T09:06:25","guid":{"rendered":"https:\/\/factum-omibu.es\/walkin\/?page_id=472"},"modified":"2023-02-02T14:21:40","modified_gmt":"2023-02-02T14:21:40","slug":"trabalhe-conosco","status":"publish","type":"page","link":"https:\/\/walkingranada.com\/pt\/quienes-somos\/trabaja-con-nosotros\/","title":{"rendered":"Trabalhe conosco"},"content":{"rendered":"<h1>Trabalhe conosco<\/h1>\r\n<h2>Une-te a<br \/>Walk in Granada<\/h2>\r\n<p>Nossa meta \u00e9 promover guias tur\u00edsticos capazes de oferecer tours de alta qualidade e aten\u00e7\u00e3o ao cliente, por\u00e9m que principalmente se sintam apaixonados pela cidade em que vivem.<\/p>\r\n<p>Buscamos quem possa realizar os tours de acordo com os standards que publicitamos e que nosso clientes esperam. Os guias devem ser pessoas carism\u00e1ticas, cultas, seguras de si mesmas e com excelentes capacidades comunicativas.<\/p>\r\n<p>WALK IN GRANADA oferece a oportunidade a guias aut\u00f4nomos e com experi\u00eancia de conectar com uma grande quantidade de clientes potenciais. Desejamos que os tours que promovemos possam misturar a hist\u00f3ria dessa magn\u00edfica cidade com a personalidade e entusiasmo em um recorrido informativo e ao mesmo tempo divertido.<\/p>\r\n<p>Se voc\u00ea acredita que re\u00fane as caracter\u00edsticas adequadas e quer fazer parte de uma grande equipe, queremos saber de voc\u00ea.<\/p>\r\n<h3>Requisitos<\/h3>\r\n<ul>\r\n<li>Os guias devem cumprir com as disposi\u00e7\u00f5es legais reguladas pela Junta de Andaluzia para poder exercer como guia tur\u00edstico.<\/li>\r\n<li>Os guias devem cumprir com as leis locais no que se refere a ser aut\u00f4nomos e seu registro.<\/li>\r\n<li>Os guias devem falar espanhol e\/ou ingl\u00eas no mesmo n\u00edvel que faria um nativo.<\/li>\r\n<li>Walk in Granada trabalha unicamente com guias que tenham permiss\u00e3o de trabalho na Europa.<\/li>\r\n<\/ul>\r\n<p>Envie teu curr\u00edculo a <a href=\"mailto:info@walkingranada.com\"><b>info@walkingranada.com<\/b><\/a> para que a gente te conhe\u00e7a e mostre o que oferecemos.<\/p>\r\n<p><img decoding=\"async\" loading=\"lazy\" title=\"visitas-personalizadas\" src=\"https:\/\/walkingranada.com\/wp-content\/uploads\/2022\/12\/visitas-personalizadas.jpg.webp\" alt=\"visitas-personalizadas\" width=\"600\" height=\"600\" \/> <img decoding=\"async\" loading=\"lazy\" title=\"work1\" src=\"https:\/\/walkingranada.com\/wp-content\/uploads\/2022\/12\/work1.jpg.webp\" alt=\"work1\" width=\"400\" height=\"400\" \/> <img decoding=\"async\" loading=\"lazy\" title=\"work2\" src=\"https:\/\/walkingranada.com\/wp-content\/uploads\/2022\/12\/work2.jpg.webp\" alt=\"work2\" width=\"400\" height=\"400\" \/> <img decoding=\"async\" loading=\"lazy\" title=\"work3_min\" src=\"https:\/\/walkingranada.com\/wp-content\/uploads\/2022\/12\/work3_min.jpg.webp\" alt=\"work3_min\" width=\"300\" height=\"300\" \/><\/p>","protected":false},"excerpt":{"rendered":"<p>Trabaja con nosotros \u00danete aWalk in Granada Nuestra meta es promocionar gu\u00edas tur\u00edsticos capaces de ofrecer tours de alta calidad y atenci\u00f3n al cliente pero que principalmente se sientan apasionados por la ciudad en la que viven. Buscamos a quien pueda realizar los tours de modo acorde a los standards que publicitamos y que nuestros &#8230; <a title=\"Trabalhe conosco\" class=\"read-more\" href=\"https:\/\/walkingranada.com\/pt\/quienes-somos\/trabaja-con-nosotros\/\" aria-label=\"Leia mais sobre Trabaja con nosotros\">Ler mais<\/a><\/p>","protected":false},"author":2,"featured_media":0,"parent":114,"menu_order":0,"comment_status":"closed","ping_status":"closed","template":"","meta":{"footnotes":""},"class_list":["post-472","page","type-page","status-publish"],"yoast_head":"<!-- This site is optimized with the Yoast SEO plugin v27.5 - https:\/\/yoast.com\/product\/yoast-seo-wordpress\/ -->\n<title>Trabaja con nosotros - Walk in Granada<\/title>\n<meta name=\"description\" content=\"\u00bfQuieres trabajar en Walk In Granada? Somos una agencia joven y en crecimiento. \u00a1D\u00e9janos tu curr\u00edculo y nos pondremos en contacto!\" \/>\n<meta name=\"robots\" content=\"index, follow, max-snippet:-1, max-image-preview:large, max-video-preview:-1\" \/>\n<link rel=\"canonical\" href=\"https:\/\/walkingranada.com\/pt\/quem-somos\/trabalhe-conosco\/\" \/>\n<meta property=\"og:locale\" content=\"pt_PT\" \/>\n<meta property=\"og:type\" content=\"article\" \/>\n<meta property=\"og:title\" content=\"Trabaja con nosotros - Walk in Granada\" \/>\n<meta property=\"og:description\" content=\"\u00bfQuieres trabajar en Walk In Granada? Somos una agencia joven y en crecimiento. \u00a1D\u00e9janos tu curr\u00edculo y nos pondremos en contacto!\" \/>\n<meta property=\"og:url\" content=\"https:\/\/walkingranada.com\/pt\/quem-somos\/trabalhe-conosco\/\" \/>\n<meta property=\"og:site_name\" content=\"Walk in Granada\" \/>\n<meta property=\"article:publisher\" content=\"https:\/\/es-es.facebook.com\/walkingranadatour\/\" \/>\n<meta property=\"article:modified_time\" content=\"2023-02-02T14:21:40+00:00\" \/>\n<meta property=\"og:image\" content=\"https:\/\/walkingranada.com\/wp-content\/uploads\/2022\/12\/visitas-personalizadas.jpg.webp\" \/>\n<meta name=\"twitter:card\" content=\"summary_large_image\" \/>\n<meta name=\"twitter:site\" content=\"@walkingranada\" \/>\n<meta name=\"twitter:label1\" content=\"Tempo estimado de leitura\" \/>\n\t<meta name=\"twitter:data1\" content=\"2 minutos\" \/>\n<script type=\"application\/ld+json\" class=\"yoast-schema-graph\">{\"@context\":\"https:\\\/\\\/schema.org\",\"@graph\":[{\"@type\":\"WebPage\",\"@id\":\"https:\\\/\\\/walkingranada.com\\\/en\\\/about-us\\\/work-with-us\\\/\",\"url\":\"https:\\\/\\\/walkingranada.com\\\/en\\\/about-us\\\/work-with-us\\\/\",\"name\":\"Trabaja con nosotros - Walk in Granada\",\"isPartOf\":{\"@id\":\"https:\\\/\\\/walkingranada.com\\\/#website\"},\"primaryImageOfPage\":{\"@id\":\"https:\\\/\\\/walkingranada.com\\\/en\\\/about-us\\\/work-with-us\\\/#primaryimage\"},\"image\":{\"@id\":\"https:\\\/\\\/walkingranada.com\\\/en\\\/about-us\\\/work-with-us\\\/#primaryimage\"},\"thumbnailUrl\":\"https:\\\/\\\/walkingranada.com\\\/wp-content\\\/uploads\\\/2022\\\/12\\\/visitas-personalizadas.jpg.webp\",\"datePublished\":\"2022-10-27T09:06:25+00:00\",\"dateModified\":\"2023-02-02T14:21:40+00:00\",\"description\":\"\u00bfQuieres trabajar en Walk In Granada? Somos una agencia joven y en crecimiento. \u00a1D\u00e9janos tu curr\u00edculo y nos pondremos en contacto!\",\"breadcrumb\":{\"@id\":\"https:\\\/\\\/walkingranada.com\\\/en\\\/about-us\\\/work-with-us\\\/#breadcrumb\"},\"inLanguage\":\"pt-PT\",\"potentialAction\":[{\"@type\":\"ReadAction\",\"target\":[\"https:\\\/\\\/walkingranada.com\\\/en\\\/about-us\\\/work-with-us\\\/\"]}]},{\"@type\":\"ImageObject\",\"inLanguage\":\"pt-PT\",\"@id\":\"https:\\\/\\\/walkingranada.com\\\/en\\\/about-us\\\/work-with-us\\\/#primaryimage\",\"url\":\"https:\\\/\\\/walkingranada.com\\\/wp-content\\\/uploads\\\/2022\\\/12\\\/visitas-personalizadas.jpg.webp\",\"contentUrl\":\"https:\\\/\\\/walkingranada.com\\\/wp-content\\\/uploads\\\/2022\\\/12\\\/visitas-personalizadas.jpg.webp\"},{\"@type\":\"BreadcrumbList\",\"@id\":\"https:\\\/\\\/walkingranada.com\\\/en\\\/about-us\\\/work-with-us\\\/#breadcrumb\",\"itemListElement\":[{\"@type\":\"ListItem\",\"position\":1,\"name\":\"Portada\",\"item\":\"https:\\\/\\\/walkingranada.com\\\/\"},{\"@type\":\"ListItem\",\"position\":2,\"name\":\"Qui\u00e9nes somos\",\"item\":\"https:\\\/\\\/walkingranada.com\\\/quienes-somos\\\/\"},{\"@type\":\"ListItem\",\"position\":3,\"name\":\"Trabaja con nosotros\"}]},{\"@type\":\"WebSite\",\"@id\":\"https:\\\/\\\/walkingranada.com\\\/#website\",\"url\":\"https:\\\/\\\/walkingranada.com\\\/\",\"name\":\"Walk in Granada\",\"description\":\"Turismo responsable\",\"publisher\":{\"@id\":\"https:\\\/\\\/walkingranada.com\\\/#organization\"},\"alternateName\":\"Walk in Granada\",\"potentialAction\":[{\"@type\":\"SearchAction\",\"target\":{\"@type\":\"EntryPoint\",\"urlTemplate\":\"https:\\\/\\\/walkingranada.com\\\/?s={search_term_string}\"},\"query-input\":{\"@type\":\"PropertyValueSpecification\",\"valueRequired\":true,\"valueName\":\"search_term_string\"}}],\"inLanguage\":\"pt-PT\"},{\"@type\":\"Organization\",\"@id\":\"https:\\\/\\\/walkingranada.com\\\/#organization\",\"name\":\"Walk In Granada\",\"alternateName\":\"Walk In Granada\",\"url\":\"https:\\\/\\\/walkingranada.com\\\/\",\"logo\":{\"@type\":\"ImageObject\",\"inLanguage\":\"pt-PT\",\"@id\":\"https:\\\/\\\/walkingranada.com\\\/#\\\/schema\\\/logo\\\/image\\\/\",\"url\":\"https:\\\/\\\/walkingranada.com\\\/wp-content\\\/uploads\\\/2022\\\/12\\\/Logo-Walking.webp\",\"contentUrl\":\"https:\\\/\\\/walkingranada.com\\\/wp-content\\\/uploads\\\/2022\\\/12\\\/Logo-Walking.webp\",\"width\":512,\"height\":512,\"caption\":\"Walk In Granada\"},\"image\":{\"@id\":\"https:\\\/\\\/walkingranada.com\\\/#\\\/schema\\\/logo\\\/image\\\/\"},\"sameAs\":[\"https:\\\/\\\/es-es.facebook.com\\\/walkingranadatour\\\/\",\"https:\\\/\\\/x.com\\\/walkingranada\",\"https:\\\/\\\/www.instagram.com\\\/walkingranada\\\/\"]}]}<\/script>\n<!-- \/ Yoast SEO plugin. -->","yoast_head_json":{"title":"Trabalhe conosco - Walk in Granada","description":"Quer trabalhar na Walk In Granada? Somos uma ag\u00eancia jovem e em crescimento. Deixe-nos o seu curr\u00edculo e entraremos em contato!","robots":{"index":"index","follow":"follow","max-snippet":"max-snippet:-1","max-image-preview":"max-image-preview:large","max-video-preview":"max-video-preview:-1"},"canonical":"https:\/\/walkingranada.com\/pt\/quem-somos\/trabalhe-conosco\/","og_locale":"pt_PT","og_type":"article","og_title":"Trabaja con nosotros - Walk in Granada","og_description":"\u00bfQuieres trabajar en Walk In Granada? Somos una agencia joven y en crecimiento. \u00a1D\u00e9janos tu curr\u00edculo y nos pondremos en contacto!","og_url":"https:\/\/walkingranada.com\/pt\/quem-somos\/trabalhe-conosco\/","og_site_name":"Walk in Granada","article_publisher":"https:\/\/es-es.facebook.com\/walkingranadatour\/","article_modified_time":"2023-02-02T14:21:40+00:00","og_image":[{"url":"https:\/\/walkingranada.com\/wp-content\/uploads\/2022\/12\/visitas-personalizadas.jpg.webp","type":"","width":"","height":""}],"twitter_card":"summary_large_image","twitter_site":"@walkingranada","twitter_misc":{"Tempo estimado de leitura":"2 minutos"},"schema":{"@context":"https:\/\/schema.org","@graph":[{"@type":"WebPage","@id":"https:\/\/walkingranada.com\/en\/about-us\/work-with-us\/","url":"https:\/\/walkingranada.com\/en\/about-us\/work-with-us\/","name":"Trabalhe conosco - Walk in Granada","isPartOf":{"@id":"https:\/\/walkingranada.com\/#website"},"primaryImageOfPage":{"@id":"https:\/\/walkingranada.com\/en\/about-us\/work-with-us\/#primaryimage"},"image":{"@id":"https:\/\/walkingranada.com\/en\/about-us\/work-with-us\/#primaryimage"},"thumbnailUrl":"https:\/\/walkingranada.com\/wp-content\/uploads\/2022\/12\/visitas-personalizadas.jpg.webp","datePublished":"2022-10-27T09:06:25+00:00","dateModified":"2023-02-02T14:21:40+00:00","description":"Quer trabalhar na Walk In Granada? Somos uma ag\u00eancia jovem e em crescimento. Deixe-nos o seu curr\u00edculo e entraremos em contato!","breadcrumb":{"@id":"https:\/\/walkingranada.com\/en\/about-us\/work-with-us\/#breadcrumb"},"inLanguage":"pt-PT","potentialAction":[{"@type":"ReadAction","target":["https:\/\/walkingranada.com\/en\/about-us\/work-with-us\/"]}]},{"@type":"ImageObject","inLanguage":"pt-PT","@id":"https:\/\/walkingranada.com\/en\/about-us\/work-with-us\/#primaryimage","url":"https:\/\/walkingranada.com\/wp-content\/uploads\/2022\/12\/visitas-personalizadas.jpg.webp","contentUrl":"https:\/\/walkingranada.com\/wp-content\/uploads\/2022\/12\/visitas-personalizadas.jpg.webp"},{"@type":"BreadcrumbList","@id":"https:\/\/walkingranada.com\/en\/about-us\/work-with-us\/#breadcrumb","itemListElement":[{"@type":"ListItem","position":1,"name":"Portada","item":"https:\/\/walkingranada.com\/"},{"@type":"ListItem","position":2,"name":"Qui\u00e9nes somos","item":"https:\/\/walkingranada.com\/quienes-somos\/"},{"@type":"ListItem","position":3,"name":"Trabaja con nosotros"}]},{"@type":"WebSite","@id":"https:\/\/walkingranada.com\/#website","url":"https:\/\/walkingranada.com\/","name":"Walk in Granada","description":"Turismo responsable","publisher":{"@id":"https:\/\/walkingranada.com\/#organization"},"alternateName":"Walk in Granada","potentialAction":[{"@type":"SearchAction","target":{"@type":"EntryPoint","urlTemplate":"https:\/\/walkingranada.com\/?s={search_term_string}"},"query-input":{"@type":"PropertyValueSpecification","valueRequired":true,"valueName":"search_term_string"}}],"inLanguage":"pt-PT"},{"@type":"Organization","@id":"https:\/\/walkingranada.com\/#organization","name":"Walk In Granada","alternateName":"Walk In Granada","url":"https:\/\/walkingranada.com\/","logo":{"@type":"ImageObject","inLanguage":"pt-PT","@id":"https:\/\/walkingranada.com\/#\/schema\/logo\/image\/","url":"https:\/\/walkingranada.com\/wp-content\/uploads\/2022\/12\/Logo-Walking.webp","contentUrl":"https:\/\/walkingranada.com\/wp-content\/uploads\/2022\/12\/Logo-Walking.webp","width":512,"height":512,"caption":"Walk In Granada"},"image":{"@id":"https:\/\/walkingranada.com\/#\/schema\/logo\/image\/"},"sameAs":["https:\/\/es-es.facebook.com\/walkingranadatour\/","https:\/\/x.com\/walkingranada","https:\/\/www.instagram.com\/walkingranada\/"]}]}},"_links":{"self":[{"href":"https:\/\/walkingranada.com\/pt\/wp-json\/wp\/v2\/pages\/472","targetHints":{"allow":["GET"]}}],"collection":[{"href":"https:\/\/walkingranada.com\/pt\/wp-json\/wp\/v2\/pages"}],"about":[{"href":"https:\/\/walkingranada.com\/pt\/wp-json\/wp\/v2\/types\/page"}],"author":[{"embeddable":true,"href":"https:\/\/walkingranada.com\/pt\/wp-json\/wp\/v2\/users\/2"}],"replies":[{"embeddable":true,"href":"https:\/\/walkingranada.com\/pt\/wp-json\/wp\/v2\/comments?post=472"}],"version-history":[{"count":0,"href":"https:\/\/walkingranada.com\/pt\/wp-json\/wp\/v2\/pages\/472\/revisions"}],"up":[{"embeddable":true,"href":"https:\/\/walkingranada.com\/pt\/wp-json\/wp\/v2\/pages\/114"}],"wp:attachment":[{"href":"https:\/\/walkingranada.com\/pt\/wp-json\/wp\/v2\/media?parent=472"}],"curies":[{"name":"wp","href":"https:\/\/api.w.org\/{rel}","templated":true}]}}