{"id":466,"date":"2022-10-27T09:04:10","date_gmt":"2022-10-27T09:04:10","guid":{"rendered":"https:\/\/factum-omibu.es\/walkin\/?page_id=466"},"modified":"2025-05-16T10:33:59","modified_gmt":"2025-05-16T10:33:59","slug":"ubeda-baeza","status":"publish","type":"page","link":"https:\/\/walkingranada.com\/pt\/que-hacer-en-granada\/excursiones\/ubeda-baeza\/","title":{"rendered":"\u00dabeda e Baeza"},"content":{"rendered":"<p>Excurs\u00f5es de um d\u00eda &gt; \u00dabeda e Baeza<\/p>\n\t<!-- FareHarbor calendar of item #180983 -->\n<h1>\n\t\t\t\u00dabeda e Baeza de Granada\t<\/h1>\n\t<p class=\"translation-block\">Recentemente declaradas <strong>Patrim\u00f4nio Mundial pela UNESCO<\/strong> devido \u00e0 sua beleza hist\u00f3rica, essas duas cidades importantes da prov\u00edncia de Ja\u00e9n, localizadas no sudeste da Andaluzia, s\u00e3o joias do Renascimento espanhol que podem ser visitadas a partir da cidade de Granada.<\/p>\n<p class=\"translation-block\"><strong>Esta \u00e9 uma excurs\u00e3o em grupo reduzido. Se voc\u00ea quiser fazer este passeio em formato privado, pode fazer a solicita\u00e7\u00e3o atrav\u00e9s de nossa se\u00e7\u00e3o de <\/strong><span class=\"red\"><a href=\"https:\/\/walkingranada.com\/pt\/visitas-personalizadas\/\" target=\"_self\"> <strong class=\"red\">visitas personalizadas.<\/strong><\/a><\/span><\/p>\n<h2>\n\t\t\tExcurs\u00e3o a \u00dabeda e Baeza de Granada\t<\/h2>\n\t\t\t\t<img decoding=\"async\" src=\"https:\/\/walkingranada.com\/wp-content\/uploads\/2022\/12\/Capilla-Salvador.jpg.webp\" alt=\"Capilla Salvador \u00fabeda\" itemprop=\"image\" height=\"398\" width=\"711\" title=\"Capilla Salvador\" onerror=\"this.style.display='none'\" loading='lazy' \/>\n\t<p class=\"translation-block\">Se estiver em Granada e estiver \u00e0 procura de uma viagem de um dia que lhe permita explorar algumas das cidades mais impressionantes da Andaluzia, recomendamos que visite <strong>\u00dabeda e Baeza<\/strong>. Estas duas cidades s\u00e3o maravilhosas pela sua impressionante cole\u00e7\u00e3o de edif\u00edcios hist\u00f3ricos, rica hist\u00f3ria e olivais.<\/p>\n<p class=\"translation-block\"><strong>Baeza<\/strong> \u00e9 uma magn\u00edfica cidade monumental de tranquilas ruas calcetadas, com uma magn\u00edfica cole\u00e7\u00e3o de monumentos art\u00edsticos e hist\u00f3ricos. Perto dali, dirigimo-nos a <strong>\u00dabeda<\/strong>, onde um percurso pelas suas ruas revelar\u00e1 uma riqueza arquitet\u00f3nica renascentista que valoriza a cidade com belos edif\u00edcios e um centro hist\u00f3rico imponente.<\/p>\n\t<p class=\"translation-block\">Em nossa primeira parada na impressionante cidade de <strong>Baeza<\/strong>, que possui uma rica hist\u00f3ria marcada pela domina\u00e7\u00e3o \u00e1rabe e pela Reconquista, poderemos passear pela bela Plaza de Santa Mar\u00eda, localizada em frente \u00e0 majestosa <strong>Catedral da Natividade de Nossa Senhora<\/strong>, e admirar o impressionante <strong>Pal\u00e1cio de Jabalquinto<\/strong>. Este \u00faltimo, um exemplo g\u00f3tico com detalhes her\u00e1ldicos e ornamentos em forma de la\u00e7os, pinhas e pontas de diamante, impressiona tanto historiadores da arte quanto qualquer pessoa que passe por sua porta.<\/p>\n<p class=\"translation-block\">A apenas dez quil\u00f3metros de dist\u00e2ncia encontra-se <strong>\u00dabeda<\/strong>, famosa pelas suas colinas e olivais. Aqui podemos explorar a <strong>Igreja de San Pablo<\/strong>, a <strong>Pra\u00e7a de Los Leones<\/strong>, a <strong>C\u00e2mara Municipal<\/strong> e outros exemplos impressionantes da arquitetura renascentista. Ambas as cidades oferecem uma mistura incompar\u00e1vel de beleza hist\u00f3rica.<\/p>\n<p>Durante a visita, um guia local fornecer\u00e1 explica\u00e7\u00f5es sobre a hist\u00f3ria e arquitetura das cidades durante um tour guiado por uma delas, enquanto aproveitamos o tempo livre na outra para explorar no nosso pr\u00f3prio ritmo, comer em um dos restaurantes locais ou simplesmente passear pelas ruas estreitas. <strong>\u00dabeda e Baeza<\/strong>.<\/p>\n<p class=\"translation-block\">A excurs\u00e3o a <strong>\u00dabeda e Baeza a partir de Granada<\/strong> \u00e9 uma excelente op\u00e7\u00e3o para aqueles que desejam explorar alguns dos tesouros culturais da Andaluzia. Voc\u00ea poder\u00e1 desfrutar de um passeio guiado por essas duas cidades impressionantes, fazer um passeio panor\u00e2mico de carro e explorar livremente durante o tempo livre. N\u00e3o perca!<\/p>\n<h2>\n\t\t\tPonto de encontro\t<\/h2>\n\t<p><strong>Pra\u00e7a Mariana Pineda<\/strong><\/p>\n\t<p>Precisa de indica\u00e7\u00f5es para l\u00e1 chegar?<\/p>\n\t\t\t<a href=\"#reserva\" target=\"_self\">\n\t\t\t\t\t\t\tReservar &gt;\n\t\t\t\t\t<\/a>\n\t\t\t<a href=\"https:\/\/goo.gl\/maps\/S8LCwLLRQArti4X98\" target=\"_self\">\n\t\t\t\t\t\t\tVer Mapa &gt;\n\t\t\t\t\t<\/a>\n<h2>\n\t\t\tO que vai visitar\t<\/h2>\n\t<ul>\n<li>Visita guiada \u00e0s cidades Patrim\u00f3nio Mundial de \u00dabeda e Baeza.<\/li>\n<li>Passeio panor\u00e2mico atrav\u00e9s dos olivais.<\/li>\n<li>Passear por uma impressionante colec\u00e7\u00e3o de edif\u00edcios art\u00edsticos e hist\u00f3ricos.<\/li>\n<li>Tempo para fazer compras e comer.<\/li>\n<\/ul>\n<h2>\n\t\t\tO que est\u00e1 inclu\u00eddo na visita\t<\/h2>\n\t<ul>\n<li>Transporte<\/li>\n<li>Visita guiada por empresa local a uma das cidades<\/li>\n<\/ul>\n<h2>\n\t\t\tO que a visita n\u00e3o inclui\t<\/h2>\n\t<ul>\n<li>Comida e bebida<\/li>\n<\/ul>\n<h2>\n\t\t\tOutras considera\u00e7\u00f5es\t<\/h2>\n\t<p>\u00c9 essencial estar no ponto de encontro no momento indicado, uma vez que se n\u00e3o o fizer, perder\u00e1 o direito de fazer a excurs\u00e3o e o reembolso da taxa de excurs\u00e3o.<\/p>\n<p>Para a visita que inclui crian\u00e7as, a idade das crian\u00e7as deve ser indicada para a seguran\u00e7a do transporte.<\/p>\n<h2>\n\t\t\tTambi\u00e9n puedes reservar nuestros otros servicios&#8230;\t<\/h2>\n\t<a href=\"https:\/\/walkingranada.com\/pt\/que-fazer-em-granada\/flamenco\/\" target=\"_self\"><\/a>\t\t\t<img decoding=\"async\" loading=\"lazy\" alt=\"bailaora flamenca\" src=\"https:\/\/walkingranada.com\/wp-content\/uploads\/2022\/10\/Rectangle-42.png\"\/>\n\t\t<h3>Flamenco<\/h3>\n\t<a href=\"https:\/\/walkingranada.com\/pt\/que-fazer-em-granada\/hammam-al-andalus\/\" target=\"_self\"><\/a>\t\t\t<img decoding=\"async\" loading=\"lazy\" alt=\"ba\u00f1os \u00e1rabes\" src=\"https:\/\/walkingranada.com\/wp-content\/uploads\/2022\/10\/Rectangle-43.png\"\/>\n\t\t<h3>Hammam <br \/>Al-\u00e1ndalus<\/h3>\n\t<a href=\"https:\/\/walkingranada.com\/pt\/que-fazer-em-granada\/excursoes\/\" target=\"_self\"><\/a>\t\t\t<img decoding=\"async\" loading=\"lazy\" alt=\"mezquita de c\u00f3rdoba\" src=\"https:\/\/walkingranada.com\/wp-content\/uploads\/2022\/10\/Rectangle-45.png\"\/>\n\t\t<h3>excurs\u00f5es <br \/>de un dia<\/h3>\n\t<a href=\"https:\/\/walkingranada.com\/pt\/que-fazer-em-granada\/rota-olfativa\/\" target=\"_self\"><\/a>\t\t\t<img decoding=\"async\" loading=\"lazy\" alt=\"imagen de una chica joven\" src=\"https:\/\/walkingranada.com\/wp-content\/uploads\/2022\/10\/Rectangle-38.png\"\/>\n\t\t<h3>Rota olfativa<\/h3>","protected":false},"excerpt":{"rendered":"<p>Excursiones &gt; \u00dabeda y Baeza \u00dabeda y Baeza desde Granada Declaradas Patrimonio de la Humanidad por la UNESCO recientemente, a causa de su belleza hist\u00f3rica, estas dos importantes ciudades de la provincia de Ja\u00e9n, ubicado al sureste de Andaluc\u00eda, son una joya del Renacimiento espa\u00f1ol que puede ser visitados partiendo desde la ciudad de Granada. &#8230; <a title=\"\u00dabeda e Baeza\" class=\"read-more\" href=\"https:\/\/walkingranada.com\/pt\/que-hacer-en-granada\/excursiones\/ubeda-baeza\/\" aria-label=\"Leia mais sobre \u00dabeda y Baeza\">Ler mais<\/a><\/p>","protected":false},"author":2,"featured_media":0,"parent":446,"menu_order":0,"comment_status":"closed","ping_status":"closed","template":"","meta":{"footnotes":""},"class_list":["post-466","page","type-page","status-publish"],"yoast_head":"<!-- This site is optimized with the Yoast SEO plugin v27.5 - https:\/\/yoast.com\/product\/yoast-seo-wordpress\/ -->\n<title>\u00dabeda y Baeza - Walk in Granada<\/title>\n<meta name=\"description\" content=\"Descubre las ciudades de \u00dabeda y Baeza desde Granada con esa visita que te lleva a dos enclaves con una enorme riqueza patrimonial.\" \/>\n<meta name=\"robots\" content=\"index, follow, max-snippet:-1, max-image-preview:large, max-video-preview:-1\" \/>\n<link rel=\"canonical\" href=\"https:\/\/walkingranada.com\/pt\/que-fazer-em-granada\/excursoes\/ubeda-baeza\/\" \/>\n<meta property=\"og:locale\" content=\"pt_PT\" \/>\n<meta property=\"og:type\" content=\"article\" \/>\n<meta property=\"og:title\" content=\"\u00dabeda y Baeza - Walk in Granada\" \/>\n<meta property=\"og:description\" content=\"Descubre las ciudades de \u00dabeda y Baeza desde Granada con esa visita que te lleva a dos enclaves con una enorme riqueza patrimonial.\" \/>\n<meta property=\"og:url\" content=\"https:\/\/walkingranada.com\/pt\/que-fazer-em-granada\/excursoes\/ubeda-baeza\/\" \/>\n<meta property=\"og:site_name\" content=\"Walk in Granada\" \/>\n<meta property=\"article:publisher\" content=\"https:\/\/es-es.facebook.com\/walkingranadatour\/\" \/>\n<meta property=\"article:modified_time\" content=\"2025-05-16T10:33:59+00:00\" \/>\n<meta property=\"og:image\" content=\"https:\/\/walkingranada.com\/wp-content\/uploads\/2022\/12\/Capilla-Salvador.jpg.webp\" \/>\n<meta name=\"twitter:card\" content=\"summary_large_image\" \/>\n<meta name=\"twitter:site\" content=\"@walkingranada\" \/>\n<meta name=\"twitter:label1\" content=\"Tempo estimado de leitura\" \/>\n\t<meta name=\"twitter:data1\" content=\"4 minutos\" \/>\n<script type=\"application\/ld+json\" class=\"yoast-schema-graph\">{\"@context\":\"https:\\\/\\\/schema.org\",\"@graph\":[{\"@type\":\"WebPage\",\"@id\":\"https:\\\/\\\/walkingranada.com\\\/que-hacer-en-granada\\\/excursiones\\\/ubeda-baeza\\\/\",\"url\":\"https:\\\/\\\/walkingranada.com\\\/que-hacer-en-granada\\\/excursiones\\\/ubeda-baeza\\\/\",\"name\":\"\u00dabeda y Baeza - Walk in Granada\",\"isPartOf\":{\"@id\":\"https:\\\/\\\/walkingranada.com\\\/#website\"},\"primaryImageOfPage\":{\"@id\":\"https:\\\/\\\/walkingranada.com\\\/que-hacer-en-granada\\\/excursiones\\\/ubeda-baeza\\\/#primaryimage\"},\"image\":{\"@id\":\"https:\\\/\\\/walkingranada.com\\\/que-hacer-en-granada\\\/excursiones\\\/ubeda-baeza\\\/#primaryimage\"},\"thumbnailUrl\":\"https:\\\/\\\/walkingranada.com\\\/wp-content\\\/uploads\\\/2022\\\/12\\\/Capilla-Salvador.jpg.webp\",\"datePublished\":\"2022-10-27T09:04:10+00:00\",\"dateModified\":\"2025-05-16T10:33:59+00:00\",\"description\":\"Descubre las ciudades de \u00dabeda y Baeza desde Granada con esa visita que te lleva a dos enclaves con una enorme riqueza patrimonial.\",\"breadcrumb\":{\"@id\":\"https:\\\/\\\/walkingranada.com\\\/que-hacer-en-granada\\\/excursiones\\\/ubeda-baeza\\\/#breadcrumb\"},\"inLanguage\":\"pt-PT\",\"potentialAction\":[{\"@type\":\"ReadAction\",\"target\":[\"https:\\\/\\\/walkingranada.com\\\/que-hacer-en-granada\\\/excursiones\\\/ubeda-baeza\\\/\"]}]},{\"@type\":\"ImageObject\",\"inLanguage\":\"pt-PT\",\"@id\":\"https:\\\/\\\/walkingranada.com\\\/que-hacer-en-granada\\\/excursiones\\\/ubeda-baeza\\\/#primaryimage\",\"url\":\"https:\\\/\\\/walkingranada.com\\\/wp-content\\\/uploads\\\/2022\\\/12\\\/Capilla-Salvador.jpg.webp\",\"contentUrl\":\"https:\\\/\\\/walkingranada.com\\\/wp-content\\\/uploads\\\/2022\\\/12\\\/Capilla-Salvador.jpg.webp\"},{\"@type\":\"BreadcrumbList\",\"@id\":\"https:\\\/\\\/walkingranada.com\\\/que-hacer-en-granada\\\/excursiones\\\/ubeda-baeza\\\/#breadcrumb\",\"itemListElement\":[{\"@type\":\"ListItem\",\"position\":1,\"name\":\"Portada\",\"item\":\"https:\\\/\\\/walkingranada.com\\\/\"},{\"@type\":\"ListItem\",\"position\":2,\"name\":\"Qu\u00e9 hacer en granada\",\"item\":\"https:\\\/\\\/walkingranada.com\\\/que-hacer-en-granada\\\/\"},{\"@type\":\"ListItem\",\"position\":3,\"name\":\"Excursiones de un d\u00eda\",\"item\":\"https:\\\/\\\/walkingranada.com\\\/que-hacer-en-granada\\\/excursiones\\\/\"},{\"@type\":\"ListItem\",\"position\":4,\"name\":\"\u00dabeda y Baeza\"}]},{\"@type\":\"WebSite\",\"@id\":\"https:\\\/\\\/walkingranada.com\\\/#website\",\"url\":\"https:\\\/\\\/walkingranada.com\\\/\",\"name\":\"Walk in Granada\",\"description\":\"Turismo responsable\",\"publisher\":{\"@id\":\"https:\\\/\\\/walkingranada.com\\\/#organization\"},\"alternateName\":\"Walk in Granada\",\"potentialAction\":[{\"@type\":\"SearchAction\",\"target\":{\"@type\":\"EntryPoint\",\"urlTemplate\":\"https:\\\/\\\/walkingranada.com\\\/?s={search_term_string}\"},\"query-input\":{\"@type\":\"PropertyValueSpecification\",\"valueRequired\":true,\"valueName\":\"search_term_string\"}}],\"inLanguage\":\"pt-PT\"},{\"@type\":\"Organization\",\"@id\":\"https:\\\/\\\/walkingranada.com\\\/#organization\",\"name\":\"Walk In Granada\",\"alternateName\":\"Walk In Granada\",\"url\":\"https:\\\/\\\/walkingranada.com\\\/\",\"logo\":{\"@type\":\"ImageObject\",\"inLanguage\":\"pt-PT\",\"@id\":\"https:\\\/\\\/walkingranada.com\\\/#\\\/schema\\\/logo\\\/image\\\/\",\"url\":\"https:\\\/\\\/walkingranada.com\\\/wp-content\\\/uploads\\\/2022\\\/12\\\/Logo-Walking.webp\",\"contentUrl\":\"https:\\\/\\\/walkingranada.com\\\/wp-content\\\/uploads\\\/2022\\\/12\\\/Logo-Walking.webp\",\"width\":512,\"height\":512,\"caption\":\"Walk In Granada\"},\"image\":{\"@id\":\"https:\\\/\\\/walkingranada.com\\\/#\\\/schema\\\/logo\\\/image\\\/\"},\"sameAs\":[\"https:\\\/\\\/es-es.facebook.com\\\/walkingranadatour\\\/\",\"https:\\\/\\\/x.com\\\/walkingranada\",\"https:\\\/\\\/www.instagram.com\\\/walkingranada\\\/\"]}]}<\/script>\n<!-- \/ Yoast SEO plugin. -->","yoast_head_json":{"title":"\u00dabeda e Baeza - Walk in Granada","description":"Descubra as cidades de \u00dabeda e Baeza a partir de Granada com este passeio que leva voc\u00ea a dois locais com enorme riqueza patrimonial.","robots":{"index":"index","follow":"follow","max-snippet":"max-snippet:-1","max-image-preview":"max-image-preview:large","max-video-preview":"max-video-preview:-1"},"canonical":"https:\/\/walkingranada.com\/pt\/que-fazer-em-granada\/excursoes\/ubeda-baeza\/","og_locale":"pt_PT","og_type":"article","og_title":"\u00dabeda y Baeza - Walk in Granada","og_description":"Descubre las ciudades de \u00dabeda y Baeza desde Granada con esa visita que te lleva a dos enclaves con una enorme riqueza patrimonial.","og_url":"https:\/\/walkingranada.com\/pt\/que-fazer-em-granada\/excursoes\/ubeda-baeza\/","og_site_name":"Walk in Granada","article_publisher":"https:\/\/es-es.facebook.com\/walkingranadatour\/","article_modified_time":"2025-05-16T10:33:59+00:00","og_image":[{"url":"https:\/\/walkingranada.com\/wp-content\/uploads\/2022\/12\/Capilla-Salvador.jpg.webp","type":"","width":"","height":""}],"twitter_card":"summary_large_image","twitter_site":"@walkingranada","twitter_misc":{"Tempo estimado de leitura":"4 minutos"},"schema":{"@context":"https:\/\/schema.org","@graph":[{"@type":"WebPage","@id":"https:\/\/walkingranada.com\/que-hacer-en-granada\/excursiones\/ubeda-baeza\/","url":"https:\/\/walkingranada.com\/que-hacer-en-granada\/excursiones\/ubeda-baeza\/","name":"\u00dabeda e Baeza - Walk in Granada","isPartOf":{"@id":"https:\/\/walkingranada.com\/#website"},"primaryImageOfPage":{"@id":"https:\/\/walkingranada.com\/que-hacer-en-granada\/excursiones\/ubeda-baeza\/#primaryimage"},"image":{"@id":"https:\/\/walkingranada.com\/que-hacer-en-granada\/excursiones\/ubeda-baeza\/#primaryimage"},"thumbnailUrl":"https:\/\/walkingranada.com\/wp-content\/uploads\/2022\/12\/Capilla-Salvador.jpg.webp","datePublished":"2022-10-27T09:04:10+00:00","dateModified":"2025-05-16T10:33:59+00:00","description":"Descubra as cidades de \u00dabeda e Baeza a partir de Granada com este passeio que leva voc\u00ea a dois locais com enorme riqueza patrimonial.","breadcrumb":{"@id":"https:\/\/walkingranada.com\/que-hacer-en-granada\/excursiones\/ubeda-baeza\/#breadcrumb"},"inLanguage":"pt-PT","potentialAction":[{"@type":"ReadAction","target":["https:\/\/walkingranada.com\/que-hacer-en-granada\/excursiones\/ubeda-baeza\/"]}]},{"@type":"ImageObject","inLanguage":"pt-PT","@id":"https:\/\/walkingranada.com\/que-hacer-en-granada\/excursiones\/ubeda-baeza\/#primaryimage","url":"https:\/\/walkingranada.com\/wp-content\/uploads\/2022\/12\/Capilla-Salvador.jpg.webp","contentUrl":"https:\/\/walkingranada.com\/wp-content\/uploads\/2022\/12\/Capilla-Salvador.jpg.webp"},{"@type":"BreadcrumbList","@id":"https:\/\/walkingranada.com\/que-hacer-en-granada\/excursiones\/ubeda-baeza\/#breadcrumb","itemListElement":[{"@type":"ListItem","position":1,"name":"Portada","item":"https:\/\/walkingranada.com\/"},{"@type":"ListItem","position":2,"name":"Qu\u00e9 hacer en granada","item":"https:\/\/walkingranada.com\/que-hacer-en-granada\/"},{"@type":"ListItem","position":3,"name":"Excursiones de un d\u00eda","item":"https:\/\/walkingranada.com\/que-hacer-en-granada\/excursiones\/"},{"@type":"ListItem","position":4,"name":"\u00dabeda y Baeza"}]},{"@type":"WebSite","@id":"https:\/\/walkingranada.com\/#website","url":"https:\/\/walkingranada.com\/","name":"Walk in Granada","description":"Turismo responsable","publisher":{"@id":"https:\/\/walkingranada.com\/#organization"},"alternateName":"Walk in Granada","potentialAction":[{"@type":"SearchAction","target":{"@type":"EntryPoint","urlTemplate":"https:\/\/walkingranada.com\/?s={search_term_string}"},"query-input":{"@type":"PropertyValueSpecification","valueRequired":true,"valueName":"search_term_string"}}],"inLanguage":"pt-PT"},{"@type":"Organization","@id":"https:\/\/walkingranada.com\/#organization","name":"Walk In Granada","alternateName":"Walk In Granada","url":"https:\/\/walkingranada.com\/","logo":{"@type":"ImageObject","inLanguage":"pt-PT","@id":"https:\/\/walkingranada.com\/#\/schema\/logo\/image\/","url":"https:\/\/walkingranada.com\/wp-content\/uploads\/2022\/12\/Logo-Walking.webp","contentUrl":"https:\/\/walkingranada.com\/wp-content\/uploads\/2022\/12\/Logo-Walking.webp","width":512,"height":512,"caption":"Walk In Granada"},"image":{"@id":"https:\/\/walkingranada.com\/#\/schema\/logo\/image\/"},"sameAs":["https:\/\/es-es.facebook.com\/walkingranadatour\/","https:\/\/x.com\/walkingranada","https:\/\/www.instagram.com\/walkingranada\/"]}]}},"_links":{"self":[{"href":"https:\/\/walkingranada.com\/pt\/wp-json\/wp\/v2\/pages\/466","targetHints":{"allow":["GET"]}}],"collection":[{"href":"https:\/\/walkingranada.com\/pt\/wp-json\/wp\/v2\/pages"}],"about":[{"href":"https:\/\/walkingranada.com\/pt\/wp-json\/wp\/v2\/types\/page"}],"author":[{"embeddable":true,"href":"https:\/\/walkingranada.com\/pt\/wp-json\/wp\/v2\/users\/2"}],"replies":[{"embeddable":true,"href":"https:\/\/walkingranada.com\/pt\/wp-json\/wp\/v2\/comments?post=466"}],"version-history":[{"count":5,"href":"https:\/\/walkingranada.com\/pt\/wp-json\/wp\/v2\/pages\/466\/revisions"}],"predecessor-version":[{"id":6953,"href":"https:\/\/walkingranada.com\/pt\/wp-json\/wp\/v2\/pages\/466\/revisions\/6953"}],"up":[{"embeddable":true,"href":"https:\/\/walkingranada.com\/pt\/wp-json\/wp\/v2\/pages\/446"}],"wp:attachment":[{"href":"https:\/\/walkingranada.com\/pt\/wp-json\/wp\/v2\/media?parent=466"}],"curies":[{"name":"wp","href":"https:\/\/api.w.org\/{rel}","templated":true}]}}