{"id":464,"date":"2022-10-27T09:03:57","date_gmt":"2022-10-27T09:03:57","guid":{"rendered":"https:\/\/factum-omibu.es\/walkin\/?page_id=464"},"modified":"2025-04-24T11:35:34","modified_gmt":"2025-04-24T11:35:34","slug":"caminito-del-rey-2","status":"publish","type":"page","link":"https:\/\/walkingranada.com\/pt\/que-hacer-en-granada\/excursiones\/caminito-del-rey-2\/","title":{"rendered":"Caminito del rey"},"content":{"rendered":"<p>Excurs\u00f5es de um d\u00eda &gt; Caminito del rey<\/p>\n\t<!-- FareHarbor calendar of item #180661 -->\n<h1>\n\t\tVisita Guiada ao Caminito del Rey\n\t<\/h1>\n\t<p class=\"translation-block\">Se voc\u00ea procura uma experi\u00eancia ligada \u00e0 aventura, n\u00e3o pode perder o <strong>Caminito del Rey<\/strong>, localizado a apenas uma hora do centro de Granada. Este caminho impressionante permite que voc\u00ea desfrute de vistas incr\u00edveis da natureza a mais de 300 metros de altura. Al\u00e9m disso, voc\u00ea pode aprender sobre a hist\u00f3ria deste lugar e maravilhar-se com sua beleza natural imponente. N\u00e3o espere mais e reserve sua visita ao <strong>Caminito del Rey<\/strong> hoje mesmo!<\/p>\n<p class=\"translation-block\"><strong>Esta \u00e9 uma excurs\u00e3o em grupo reduzido. Se voc\u00ea quiser fazer este passeio em formato privado, pode fazer a solicita\u00e7\u00e3o atrav\u00e9s de nossa se\u00e7\u00e3o de <\/strong><span class=\"red\"><a href=\"https:\/\/walkingranada.com\/pt\/visitas-personalizadas\/\" target=\"_self\"> <strong class=\"red\">visitas personalizadas.<\/strong><\/a><\/span><\/p>\n<h2>\n\t\tExcurs\u00e3o ao Caminito del Rey de Granada\n\t<\/h2>\n\t\t\t\t<img decoding=\"async\" loading=\"lazy\" src=\"https:\/\/walkingranada.com\/wp-content\/uploads\/2022\/12\/Caminito-del-Rey-min.jpg.webp\" alt=\"Caminito-del-Rey\" itemprop=\"image\" height=\"398\" width=\"711\" title=\"Caminito-del-Rey-min\" onerror=\"this.style.display='none'\"  \/>\n\t<p class=\"translation-block\"><strong>O Caminito del Rey<\/strong> \u00e9 uma passarela de madeira localizada no <strong>Desfiladeiro dos Gaitanes<\/strong>, conhecida como a passarela mais perigosa do mundo. Constru\u00edda originalmente para a manuten\u00e7\u00e3o do canal de \u00e1gua de El Chorro (onde as \u00e1guas do rio Guadalhorce s\u00e3o retidas) e popularizada pelo pr\u00f3prio Alfonso XIII, hoje \u00e9 uma atra\u00e7\u00e3o tur\u00edstica popular que oferece vistas deslumbrantes da natureza e uma experi\u00eancia emocionante para os visitantes aventureiros.<\/p>\n\t<p>Nosso passeio come\u00e7ar\u00e1 no pequeno t\u00fanel localizado ao lado do Restaurante El Kiosko. A vantagem de reservar nosso passeio \u00e9 que voc\u00ea n\u00e3o precisar\u00e1 esperar em filas longas, pois nosso guia ter\u00e1 seus ingressos prontos, e iremos direto para a aventura.<\/p>\n<p class=\"translation-block\">Por 2,5 horas, nosso guia revelar\u00e1 hist\u00f3ria, natureza e aventura, narrando a cria\u00e7\u00e3o do famoso <strong>Caminito<\/strong> e das pontes suspensas, junto com alguns segredos escondidos em sua constru\u00e7\u00e3o. Reserve agora sua viagem ao <strong>Caminito del Rey<\/strong>!<\/p>\n<h2>\n\t\tPonto de encontro\n\t<\/h2>\n\t<p><strong>Pra\u00e7a Mariana Pineda<\/strong><\/p>\n\t<p>Precisa de indica\u00e7\u00f5es para l\u00e1 chegar?<\/p>\n\t\t\t<a href=\"#reserva\" target=\"_self\">\n\t\t\t\t\t\t\tReservar &gt;\n\t\t\t\t\t<\/a>\n\t\t\t<a href=\"https:\/\/goo.gl\/maps\/S8LCwLLRQArti4X98\" target=\"_self\">\n\t\t\t\t\t\t\tVer Mapa &gt;\n\t\t\t\t\t<\/a>\n<h2>\n\t\tO que vai visitar\n\t<\/h2>\n\t<ul>\n<li>Caminhadas no desfiladeiro dos Gaitanes, no rio Guadalhorce<\/li>\n<li>Serra de Huma<\/li>\n<\/ul>\n<h2>\n\t\tO que est\u00e1 inclu\u00eddo na visita\n\t<\/h2>\n\t<ul>\n<li aria-level=\"1\">Guia local<\/li>\n<li aria-level=\"1\">Visita guiada<br \/>\n<\/li>\n<\/ul>\n<h2>\n\t\tO que a visita n\u00e3o inclui\n\t<\/h2>\n\t<ul>\n<li aria-level=\"1\">Comida e bebida<\/li>\n<\/ul>\n<h2>\n\t\tOutras considera\u00e7\u00f5es\n\t<\/h2>\n\tN\u00e3o \u00e9 permitido o acesso \u00e0s instala\u00e7\u00f5es a crian\u00e7as com menos de 8 anos de idade.<br \/>\nPor raz\u00f5es de seguran\u00e7a ou repara\u00e7\u00e3o, a empresa reserva-se o direito de modificar o itiner\u00e1rio ou de fechar as instala\u00e7\u00f5es, tempor\u00e1ria ou parcialmente.<br \/>\nEm caso de cancelamento pela direc\u00e7\u00e3o do Caminito, o montante dos bilhetes e do guia ser\u00e1 reembolsado ao cliente, o montante do transporte s\u00f3 ser\u00e1 reembolsado nos casos em que a transfer\u00eancia n\u00e3o tenha sido efectuada. Neste caso, ser\u00e1 proposta uma rota alternativa, uma vez que este caso n\u00e3o depende de Anera Travel S.L.\n<h2>\n\t\tTambi\u00e9n puedes reservar nuestros otros servicios&#8230;\n\t<\/h2>\n\t<a href=\"https:\/\/walkingranada.com\/pt\/que-fazer-em-granada\/flamenco\/\" target=\"_self\"><\/a>\t\t\t<img decoding=\"async\" loading=\"lazy\" alt=\"bailaora flamenca\" src=\"https:\/\/walkingranada.com\/wp-content\/uploads\/2022\/10\/Rectangle-42.png\"\/>\n\t\t<h3>Flamenco<\/h3>\n\t<a href=\"https:\/\/walkingranada.com\/pt\/que-fazer-em-granada\/hammam-al-andalus\/\" target=\"_self\"><\/a>\t\t\t<img decoding=\"async\" loading=\"lazy\" alt=\"ba\u00f1os \u00e1rabes\" src=\"https:\/\/walkingranada.com\/wp-content\/uploads\/2022\/10\/Rectangle-43.png\"\/>\n\t\t<h3>Hammam <br \/>Al-\u00e1ndalus<\/h3>\n\t<a href=\"https:\/\/walkingranada.com\/pt\/que-fazer-em-granada\/excursoes\/\" target=\"_self\"><\/a>\t\t\t<img decoding=\"async\" loading=\"lazy\" alt=\"mezquita de c\u00f3rdoba\" src=\"https:\/\/walkingranada.com\/wp-content\/uploads\/2022\/10\/Rectangle-45.png\"\/>\n\t\t<h3>excurs\u00f5es <br \/>de un dia<\/h3>\n\t<a href=\"https:\/\/walkingranada.com\/pt\/que-fazer-em-granada\/rota-olfativa\/\" target=\"_self\"><\/a>\t\t\t<img decoding=\"async\" loading=\"lazy\" alt=\"imagen de una chica joven\" src=\"https:\/\/walkingranada.com\/wp-content\/uploads\/2022\/10\/Rectangle-38.png\"\/>\n\t\t<h3>Rota olfativa<\/h3>","protected":false},"excerpt":{"rendered":"<p>Excursiones &gt; Caminito del rey Visita Guiada al Caminito del Rey Si buscas una experiencia unida a la aventura, no puedes perderte el Caminito del Rey, ubicado a solo una hora de Granada capital. Esta impresionante pasarela te permite disfrutar de vistas incre\u00edbles de la naturaleza a m\u00e1s de 300 metros de altura. Adem\u00e1s, podr\u00e1s &#8230; <a title=\"Caminito del rey\" class=\"read-more\" href=\"https:\/\/walkingranada.com\/pt\/que-hacer-en-granada\/excursiones\/caminito-del-rey-2\/\" aria-label=\"Leia mais sobre Caminito del rey\">Ler mais<\/a><\/p>","protected":false},"author":2,"featured_media":0,"parent":446,"menu_order":0,"comment_status":"closed","ping_status":"closed","template":"","meta":{"footnotes":""},"class_list":["post-464","page","type-page","status-publish"],"yoast_head":"<!-- This site is optimized with the Yoast SEO plugin v27.5 - https:\/\/yoast.com\/product\/yoast-seo-wordpress\/ -->\n<title>Caminito del Rey - Walk in Granada<\/title>\n<meta name=\"description\" content=\"Conoce el famoso Caminito del Rey, a tan solo una hora de la Capital, una imponente pasarela a m\u00e1s de 300 metros de Altura.\" \/>\n<meta name=\"robots\" content=\"index, follow, max-snippet:-1, max-image-preview:large, max-video-preview:-1\" \/>\n<link rel=\"canonical\" href=\"https:\/\/walkingranada.com\/pt\/que-fazer-em-granada\/excursoes\/caminito-del-rey-2\/\" \/>\n<meta property=\"og:locale\" content=\"pt_PT\" \/>\n<meta property=\"og:type\" content=\"article\" \/>\n<meta property=\"og:title\" content=\"Caminito del Rey - Walk in Granada\" \/>\n<meta property=\"og:description\" content=\"Conoce el famoso Caminito del Rey, a tan solo una hora de la Capital, una imponente pasarela a m\u00e1s de 300 metros de Altura.\" \/>\n<meta property=\"og:url\" content=\"https:\/\/walkingranada.com\/pt\/que-fazer-em-granada\/excursoes\/caminito-del-rey-2\/\" \/>\n<meta property=\"og:site_name\" content=\"Walk in Granada\" \/>\n<meta property=\"article:publisher\" content=\"https:\/\/es-es.facebook.com\/walkingranadatour\/\" \/>\n<meta property=\"article:modified_time\" content=\"2025-04-24T11:35:34+00:00\" \/>\n<meta property=\"og:image\" content=\"https:\/\/walkingranada.com\/wp-content\/uploads\/2022\/12\/Caminito-del-Rey-min.jpg.webp\" \/>\n<meta name=\"twitter:card\" content=\"summary_large_image\" \/>\n<meta name=\"twitter:site\" content=\"@walkingranada\" \/>\n<meta name=\"twitter:label1\" content=\"Tempo estimado de leitura\" \/>\n\t<meta name=\"twitter:data1\" content=\"3 minutos\" \/>\n<script type=\"application\/ld+json\" class=\"yoast-schema-graph\">{\"@context\":\"https:\\\/\\\/schema.org\",\"@graph\":[{\"@type\":\"WebPage\",\"@id\":\"https:\\\/\\\/walkingranada.com\\\/que-hacer-en-granada\\\/excursiones\\\/caminito-del-rey-2\\\/\",\"url\":\"https:\\\/\\\/walkingranada.com\\\/que-hacer-en-granada\\\/excursiones\\\/caminito-del-rey-2\\\/\",\"name\":\"Caminito del Rey - Walk in Granada\",\"isPartOf\":{\"@id\":\"https:\\\/\\\/walkingranada.com\\\/#website\"},\"primaryImageOfPage\":{\"@id\":\"https:\\\/\\\/walkingranada.com\\\/que-hacer-en-granada\\\/excursiones\\\/caminito-del-rey-2\\\/#primaryimage\"},\"image\":{\"@id\":\"https:\\\/\\\/walkingranada.com\\\/que-hacer-en-granada\\\/excursiones\\\/caminito-del-rey-2\\\/#primaryimage\"},\"thumbnailUrl\":\"https:\\\/\\\/walkingranada.com\\\/wp-content\\\/uploads\\\/2022\\\/12\\\/Caminito-del-Rey-min.jpg.webp\",\"datePublished\":\"2022-10-27T09:03:57+00:00\",\"dateModified\":\"2025-04-24T11:35:34+00:00\",\"description\":\"Conoce el famoso Caminito del Rey, a tan solo una hora de la Capital, una imponente pasarela a m\u00e1s de 300 metros de Altura.\",\"breadcrumb\":{\"@id\":\"https:\\\/\\\/walkingranada.com\\\/que-hacer-en-granada\\\/excursiones\\\/caminito-del-rey-2\\\/#breadcrumb\"},\"inLanguage\":\"pt-PT\",\"potentialAction\":[{\"@type\":\"ReadAction\",\"target\":[\"https:\\\/\\\/walkingranada.com\\\/que-hacer-en-granada\\\/excursiones\\\/caminito-del-rey-2\\\/\"]}]},{\"@type\":\"ImageObject\",\"inLanguage\":\"pt-PT\",\"@id\":\"https:\\\/\\\/walkingranada.com\\\/que-hacer-en-granada\\\/excursiones\\\/caminito-del-rey-2\\\/#primaryimage\",\"url\":\"https:\\\/\\\/walkingranada.com\\\/wp-content\\\/uploads\\\/2022\\\/12\\\/Caminito-del-Rey-min.jpg.webp\",\"contentUrl\":\"https:\\\/\\\/walkingranada.com\\\/wp-content\\\/uploads\\\/2022\\\/12\\\/Caminito-del-Rey-min.jpg.webp\"},{\"@type\":\"BreadcrumbList\",\"@id\":\"https:\\\/\\\/walkingranada.com\\\/que-hacer-en-granada\\\/excursiones\\\/caminito-del-rey-2\\\/#breadcrumb\",\"itemListElement\":[{\"@type\":\"ListItem\",\"position\":1,\"name\":\"Portada\",\"item\":\"https:\\\/\\\/walkingranada.com\\\/\"},{\"@type\":\"ListItem\",\"position\":2,\"name\":\"Qu\u00e9 hacer en granada\",\"item\":\"https:\\\/\\\/walkingranada.com\\\/que-hacer-en-granada\\\/\"},{\"@type\":\"ListItem\",\"position\":3,\"name\":\"Excursiones de un d\u00eda\",\"item\":\"https:\\\/\\\/walkingranada.com\\\/que-hacer-en-granada\\\/excursiones\\\/\"},{\"@type\":\"ListItem\",\"position\":4,\"name\":\"Caminito del rey\"}]},{\"@type\":\"WebSite\",\"@id\":\"https:\\\/\\\/walkingranada.com\\\/#website\",\"url\":\"https:\\\/\\\/walkingranada.com\\\/\",\"name\":\"Walk in Granada\",\"description\":\"Turismo responsable\",\"publisher\":{\"@id\":\"https:\\\/\\\/walkingranada.com\\\/#organization\"},\"alternateName\":\"Walk in Granada\",\"potentialAction\":[{\"@type\":\"SearchAction\",\"target\":{\"@type\":\"EntryPoint\",\"urlTemplate\":\"https:\\\/\\\/walkingranada.com\\\/?s={search_term_string}\"},\"query-input\":{\"@type\":\"PropertyValueSpecification\",\"valueRequired\":true,\"valueName\":\"search_term_string\"}}],\"inLanguage\":\"pt-PT\"},{\"@type\":\"Organization\",\"@id\":\"https:\\\/\\\/walkingranada.com\\\/#organization\",\"name\":\"Walk In Granada\",\"alternateName\":\"Walk In Granada\",\"url\":\"https:\\\/\\\/walkingranada.com\\\/\",\"logo\":{\"@type\":\"ImageObject\",\"inLanguage\":\"pt-PT\",\"@id\":\"https:\\\/\\\/walkingranada.com\\\/#\\\/schema\\\/logo\\\/image\\\/\",\"url\":\"https:\\\/\\\/walkingranada.com\\\/wp-content\\\/uploads\\\/2022\\\/12\\\/Logo-Walking.webp\",\"contentUrl\":\"https:\\\/\\\/walkingranada.com\\\/wp-content\\\/uploads\\\/2022\\\/12\\\/Logo-Walking.webp\",\"width\":512,\"height\":512,\"caption\":\"Walk In Granada\"},\"image\":{\"@id\":\"https:\\\/\\\/walkingranada.com\\\/#\\\/schema\\\/logo\\\/image\\\/\"},\"sameAs\":[\"https:\\\/\\\/es-es.facebook.com\\\/walkingranadatour\\\/\",\"https:\\\/\\\/x.com\\\/walkingranada\",\"https:\\\/\\\/www.instagram.com\\\/walkingranada\\\/\"]}]}<\/script>\n<!-- \/ Yoast SEO plugin. -->","yoast_head_json":{"title":"Caminito del Rey - Walk in Granada","description":"Descubra o famoso Caminito del Rey, a apenas uma hora da capital, uma impressionante passarela a mais de 300 metros de altura.","robots":{"index":"index","follow":"follow","max-snippet":"max-snippet:-1","max-image-preview":"max-image-preview:large","max-video-preview":"max-video-preview:-1"},"canonical":"https:\/\/walkingranada.com\/pt\/que-fazer-em-granada\/excursoes\/caminito-del-rey-2\/","og_locale":"pt_PT","og_type":"article","og_title":"Caminito del Rey - Walk in Granada","og_description":"Conoce el famoso Caminito del Rey, a tan solo una hora de la Capital, una imponente pasarela a m\u00e1s de 300 metros de Altura.","og_url":"https:\/\/walkingranada.com\/pt\/que-fazer-em-granada\/excursoes\/caminito-del-rey-2\/","og_site_name":"Walk in Granada","article_publisher":"https:\/\/es-es.facebook.com\/walkingranadatour\/","article_modified_time":"2025-04-24T11:35:34+00:00","og_image":[{"url":"https:\/\/walkingranada.com\/wp-content\/uploads\/2022\/12\/Caminito-del-Rey-min.jpg.webp","type":"","width":"","height":""}],"twitter_card":"summary_large_image","twitter_site":"@walkingranada","twitter_misc":{"Tempo estimado de leitura":"3 minutos"},"schema":{"@context":"https:\/\/schema.org","@graph":[{"@type":"WebPage","@id":"https:\/\/walkingranada.com\/que-hacer-en-granada\/excursiones\/caminito-del-rey-2\/","url":"https:\/\/walkingranada.com\/que-hacer-en-granada\/excursiones\/caminito-del-rey-2\/","name":"Caminito del Rey - Walk in Granada","isPartOf":{"@id":"https:\/\/walkingranada.com\/#website"},"primaryImageOfPage":{"@id":"https:\/\/walkingranada.com\/que-hacer-en-granada\/excursiones\/caminito-del-rey-2\/#primaryimage"},"image":{"@id":"https:\/\/walkingranada.com\/que-hacer-en-granada\/excursiones\/caminito-del-rey-2\/#primaryimage"},"thumbnailUrl":"https:\/\/walkingranada.com\/wp-content\/uploads\/2022\/12\/Caminito-del-Rey-min.jpg.webp","datePublished":"2022-10-27T09:03:57+00:00","dateModified":"2025-04-24T11:35:34+00:00","description":"Descubra o famoso Caminito del Rey, a apenas uma hora da capital, uma impressionante passarela a mais de 300 metros de altura.","breadcrumb":{"@id":"https:\/\/walkingranada.com\/que-hacer-en-granada\/excursiones\/caminito-del-rey-2\/#breadcrumb"},"inLanguage":"pt-PT","potentialAction":[{"@type":"ReadAction","target":["https:\/\/walkingranada.com\/que-hacer-en-granada\/excursiones\/caminito-del-rey-2\/"]}]},{"@type":"ImageObject","inLanguage":"pt-PT","@id":"https:\/\/walkingranada.com\/que-hacer-en-granada\/excursiones\/caminito-del-rey-2\/#primaryimage","url":"https:\/\/walkingranada.com\/wp-content\/uploads\/2022\/12\/Caminito-del-Rey-min.jpg.webp","contentUrl":"https:\/\/walkingranada.com\/wp-content\/uploads\/2022\/12\/Caminito-del-Rey-min.jpg.webp"},{"@type":"BreadcrumbList","@id":"https:\/\/walkingranada.com\/que-hacer-en-granada\/excursiones\/caminito-del-rey-2\/#breadcrumb","itemListElement":[{"@type":"ListItem","position":1,"name":"Portada","item":"https:\/\/walkingranada.com\/"},{"@type":"ListItem","position":2,"name":"Qu\u00e9 hacer en granada","item":"https:\/\/walkingranada.com\/que-hacer-en-granada\/"},{"@type":"ListItem","position":3,"name":"Excursiones de un d\u00eda","item":"https:\/\/walkingranada.com\/que-hacer-en-granada\/excursiones\/"},{"@type":"ListItem","position":4,"name":"Caminito del rey"}]},{"@type":"WebSite","@id":"https:\/\/walkingranada.com\/#website","url":"https:\/\/walkingranada.com\/","name":"Walk in Granada","description":"Turismo responsable","publisher":{"@id":"https:\/\/walkingranada.com\/#organization"},"alternateName":"Walk in Granada","potentialAction":[{"@type":"SearchAction","target":{"@type":"EntryPoint","urlTemplate":"https:\/\/walkingranada.com\/?s={search_term_string}"},"query-input":{"@type":"PropertyValueSpecification","valueRequired":true,"valueName":"search_term_string"}}],"inLanguage":"pt-PT"},{"@type":"Organization","@id":"https:\/\/walkingranada.com\/#organization","name":"Walk In Granada","alternateName":"Walk In Granada","url":"https:\/\/walkingranada.com\/","logo":{"@type":"ImageObject","inLanguage":"pt-PT","@id":"https:\/\/walkingranada.com\/#\/schema\/logo\/image\/","url":"https:\/\/walkingranada.com\/wp-content\/uploads\/2022\/12\/Logo-Walking.webp","contentUrl":"https:\/\/walkingranada.com\/wp-content\/uploads\/2022\/12\/Logo-Walking.webp","width":512,"height":512,"caption":"Walk In Granada"},"image":{"@id":"https:\/\/walkingranada.com\/#\/schema\/logo\/image\/"},"sameAs":["https:\/\/es-es.facebook.com\/walkingranadatour\/","https:\/\/x.com\/walkingranada","https:\/\/www.instagram.com\/walkingranada\/"]}]}},"_links":{"self":[{"href":"https:\/\/walkingranada.com\/pt\/wp-json\/wp\/v2\/pages\/464","targetHints":{"allow":["GET"]}}],"collection":[{"href":"https:\/\/walkingranada.com\/pt\/wp-json\/wp\/v2\/pages"}],"about":[{"href":"https:\/\/walkingranada.com\/pt\/wp-json\/wp\/v2\/types\/page"}],"author":[{"embeddable":true,"href":"https:\/\/walkingranada.com\/pt\/wp-json\/wp\/v2\/users\/2"}],"replies":[{"embeddable":true,"href":"https:\/\/walkingranada.com\/pt\/wp-json\/wp\/v2\/comments?post=464"}],"version-history":[{"count":5,"href":"https:\/\/walkingranada.com\/pt\/wp-json\/wp\/v2\/pages\/464\/revisions"}],"predecessor-version":[{"id":6921,"href":"https:\/\/walkingranada.com\/pt\/wp-json\/wp\/v2\/pages\/464\/revisions\/6921"}],"up":[{"embeddable":true,"href":"https:\/\/walkingranada.com\/pt\/wp-json\/wp\/v2\/pages\/446"}],"wp:attachment":[{"href":"https:\/\/walkingranada.com\/pt\/wp-json\/wp\/v2\/media?parent=464"}],"curies":[{"name":"wp","href":"https:\/\/api.w.org\/{rel}","templated":true}]}}