{"id":462,"date":"2022-10-27T09:03:44","date_gmt":"2022-10-27T09:03:44","guid":{"rendered":"https:\/\/factum-omibu.es\/walkin\/?page_id=462"},"modified":"2025-04-01T14:25:56","modified_gmt":"2025-04-01T14:25:56","slug":"guadix-gorafe","status":"publish","type":"page","link":"https:\/\/walkingranada.com\/pt\/que-hacer-en-granada\/excursiones\/guadix-gorafe\/","title":{"rendered":"Guadix e Gorafe"},"content":{"rendered":"<p>Excurs\u00f5es de um d\u00eda &gt; Guadix e Gorafe<\/p>\n\t<!-- FareHarbor calendar of item #180670 -->\n<h1>\n\t\tVisita guiada a Guadix e Gorafe\n\t<\/h1>\n\t<p class=\"translation-block\">Se voc\u00ea gosta de natureza e hist\u00f3ria, o <strong>Geoparque de Granada<\/strong> \u00e9 um destino que voc\u00ea n\u00e3o pode perder. Declarado <strong>Geoparque Mundial da UNESCO<\/strong> no ver\u00e3o de 2020, este lugar combina hist\u00f3ria, cultura e beleza natural, a apenas 45 minutos do centro de Granada.<\/p>\n<p class=\"translation-block\"><strong>Esta \u00e9 uma excurs\u00e3o em grupo reduzido. Se voc\u00ea quiser fazer este passeio em formato privado, pode fazer a solicita\u00e7\u00e3o atrav\u00e9s de nossa se\u00e7\u00e3o de <\/strong><span class=\"red\"><a href=\"https:\/\/walkingranada.com\/pt\/visitas-personalizadas\/\" target=\"_self\"> <strong class=\"red\">visitas personalizadas.<\/strong><\/a><\/span><\/p>\n<h2>\n\t\tExcurs\u00e3o a Guadix e Gorafe de Granada\n\t<\/h2>\n\t\t\t\t<img decoding=\"async\" loading=\"lazy\" src=\"https:\/\/walkingranada.com\/wp-content\/uploads\/2022\/12\/guadix_y_gorafe.jpg.webp\" alt=\"guadix_y_gorafe\" itemprop=\"image\" height=\"398\" width=\"711\" title=\"guadix_y_gorafe\" onerror=\"this.style.display='none'\"  \/>\n\t<p class=\"translation-block\">Nosso passeio come\u00e7ar\u00e1 na Pra\u00e7a Mariana Pineda, em Granada, e seguiremos para <strong>Guadix<\/strong>, um dos munic\u00edpios mais importantes do <strong>Geoparque.<\/strong> <strong>Guadix<\/strong>, localizado a leste da prov\u00edncia de Granada, \u00e9 um dos assentamentos humanos mais antigos da Espanha.<\/p>\n<p class=\"translation-block\">Passear pelas ruas de <strong>Guadix<\/strong> \u00e9 como viajar no tempo, gra\u00e7as \u00e0 sua rica hist\u00f3ria e ao seu <strong>impressionante patrim\u00f4nio cultural.<\/strong> A cidade \u00e9 famosa por suas <strong>cavernas<\/strong>, que s\u00e3o uma parte relevante da arquitetura local e oferecem uma experi\u00eancia \u00fanica para os visitantes. Essas moradias esculpidas na rocha remontam \u00e0 <strong>pr\u00e9-hist\u00f3ria<\/strong> e t\u00eam sido usadas como casas e abrigos ao longo dos s\u00e9culos, continuando a ser habitadas at\u00e9 os dias de hoje.<\/p>\n\t<p class=\"translation-block\"><strong>Guadix<\/strong> possui monumentos impressionantes e pontos de interesse, como a bela <strong>Catedral da Encarna\u00e7\u00e3o e a Alcazaba de Guadix<\/strong>, uma fortaleza \u00e1rabe que remonta ao s\u00e9culo XI, bem como a <strong>Pra\u00e7a de Las Palomas<\/strong>, que apresenta vest\u00edgios romanos e medievais.<\/p>\n<p class=\"translation-block\">Muito perto de <strong>Guadix<\/strong> est\u00e1 <strong>Gorafe<\/strong>, um pequeno munic\u00edpio conhecido por suas paisagens impressionantes e rica hist\u00f3ria. Mas o aspecto mais surpreendente desta pequena cidade \u00e9 o <strong>Parque Megal\u00edtico<\/strong> dentro dela, com uma das <strong>maiores concentra\u00e7\u00f5es de d\u00f3lmens na Europa<\/strong>. Esses monumentos megal\u00edticos, que remontam a <strong>mais de 4000 anos<\/strong>, testemunham a import\u00e2ncia hist\u00f3rica desta \u00e1rea em Granada.<\/p>\n<p class=\"translation-block\">Como se isso n\u00e3o bastasse, <strong>Gorafe<\/strong> tamb\u00e9m possui seu pr\u00f3prio deserto: uma extensa \u00e1rea formada por <strong>c\u00e2nions e terrenos baldios<\/strong> que oferecem uma vista espetacular com uma beleza natural deslumbrante.<\/p>\n<p class=\"translation-block\">Se voc\u00ea deseja explorar a hist\u00f3ria do incr\u00edvel <strong>Geoparque de Granada<\/strong>, n\u00e3o perca esta visita e reserve agora o seu passeio.<\/p>\n<h2>\n\t\tPonto de encontro\n\t<\/h2>\n\t<p><strong>Pra\u00e7a Mariana Pineda<\/strong><\/p>\n\t<p>Precisa de indica\u00e7\u00f5es para l\u00e1 chegar?<\/p>\n\t\t\t<a href=\"#reserva\" target=\"_self\">\n\t\t\t\t\t\t\tReservar &gt;\n\t\t\t\t\t<\/a>\n\t\t\t<a href=\"https:\/\/goo.gl\/maps\/S8LCwLLRQArti4X98\" target=\"_self\">\n\t\t\t\t\t\t\tVer Mapa &gt;\n\t\t\t\t\t<\/a>\n<h2>\n\t\tO que vai visitar\n\t<\/h2>\n\t<ul>\n<li>Cidade de Guadix<\/li>\n<li>Casas das cavernas<\/li>\n<li>Torres do s\u00e9culo XI<\/li>\n<li>Deserto de Gorafe<\/li>\n<li>Parque Megal\u00edtico<\/li>\n<\/ul>\n<h2>\n\t\tO que est\u00e1 inclu\u00eddo na visita\n\t<\/h2>\n\t<ul>\n<li aria-level=\"1\">Visita com guia local oficial<\/li>\n<li aria-level=\"1\">Transporte<\/li>\n<\/ul>\n<h2>\n\t\tO que a visita n\u00e3o inclui\n\t<\/h2>\n\t<ul>\n<li aria-level=\"1\">Comida e bebida<\/li>\n<\/ul>\n<h2>\n\t\tTambi\u00e9n puedes reservar nuestros otros servicios&#8230;\n\t<\/h2>\n\t<a href=\"https:\/\/walkingranada.com\/pt\/que-fazer-em-granada\/flamenco\/\" target=\"_self\"><\/a>\t\t\t<img decoding=\"async\" loading=\"lazy\" alt=\"bailaora flamenca\" src=\"https:\/\/walkingranada.com\/wp-content\/uploads\/2022\/10\/Rectangle-42.png\"\/>\n\t\t<h3>Flamenco<\/h3>\n\t<a href=\"https:\/\/walkingranada.com\/pt\/que-fazer-em-granada\/hammam-al-andalus\/\" target=\"_self\"><\/a>\t\t\t<img decoding=\"async\" loading=\"lazy\" alt=\"ba\u00f1os \u00e1rabes\" src=\"https:\/\/walkingranada.com\/wp-content\/uploads\/2022\/10\/Rectangle-43.png\"\/>\n\t\t<h3>Hammam <br \/>Al-\u00e1ndalus<\/h3>\n\t<a href=\"https:\/\/walkingranada.com\/pt\/que-fazer-em-granada\/excursoes\/\" target=\"_self\"><\/a>\t\t\t<img decoding=\"async\" loading=\"lazy\" alt=\"mezquita de c\u00f3rdoba\" src=\"https:\/\/walkingranada.com\/wp-content\/uploads\/2022\/10\/Rectangle-45.png\"\/>\n\t\t<h3>excurs\u00f5es <br \/>de un dia<\/h3>\n\t<a href=\"https:\/\/walkingranada.com\/pt\/que-fazer-em-granada\/rota-olfativa\/\" target=\"_self\"><\/a>\t\t\t<img decoding=\"async\" loading=\"lazy\" alt=\"imagen de una chica joven\" src=\"https:\/\/walkingranada.com\/wp-content\/uploads\/2022\/10\/Rectangle-38.png\"\/>\n\t\t<h3>Rota olfativa<\/h3>","protected":false},"excerpt":{"rendered":"<p>Excursiones &gt; Guadix y Gorafe Visita guiada a Guadix y Gorafe Si te gusta la naturaleza y la historia, el Geoparque de Granada es un destino que no puedes perderte. Declarado Geoparque Mundial de la Unesco en el verano de 2020, este lugar combina historia, cultura y belleza natural, a tan solo 45 minutos del &#8230; <a title=\"Guadix e Gorafe\" class=\"read-more\" href=\"https:\/\/walkingranada.com\/pt\/que-hacer-en-granada\/excursiones\/guadix-gorafe\/\" aria-label=\"Leia mais sobre Guadix y Gorafe\">Ler mais<\/a><\/p>","protected":false},"author":2,"featured_media":0,"parent":446,"menu_order":0,"comment_status":"closed","ping_status":"closed","template":"","meta":{"footnotes":""},"class_list":["post-462","page","type-page","status-publish"],"yoast_head":"<!-- This site is optimized with the Yoast SEO plugin v27.4 - https:\/\/yoast.com\/product\/yoast-seo-wordpress\/ -->\n<title>Excursi\u00f3n Guadix y Gorafe desde Granada - Walk in Granada<\/title>\n<meta name=\"description\" content=\"Visita Guadix y el desierto de Gorafe en pleno Geoparque del altiplano granadino. Un lugar con una belleza natural sin igual.\" \/>\n<meta name=\"robots\" content=\"index, follow, max-snippet:-1, max-image-preview:large, max-video-preview:-1\" \/>\n<link rel=\"canonical\" href=\"https:\/\/walkingranada.com\/pt\/que-fazer-em-granada\/excursoes\/guadix-gorafe\/\" \/>\n<meta property=\"og:locale\" content=\"pt_PT\" \/>\n<meta property=\"og:type\" content=\"article\" \/>\n<meta property=\"og:title\" content=\"Excursi\u00f3n Guadix y Gorafe desde Granada - Walk in Granada\" \/>\n<meta property=\"og:description\" content=\"Visita Guadix y el desierto de Gorafe en pleno Geoparque del altiplano granadino. Un lugar con una belleza natural sin igual.\" \/>\n<meta property=\"og:url\" content=\"https:\/\/walkingranada.com\/pt\/que-fazer-em-granada\/excursoes\/guadix-gorafe\/\" \/>\n<meta property=\"og:site_name\" content=\"Walk in Granada\" \/>\n<meta property=\"article:publisher\" content=\"https:\/\/es-es.facebook.com\/walkingranadatour\/\" \/>\n<meta property=\"article:modified_time\" content=\"2025-04-01T14:25:56+00:00\" \/>\n<meta property=\"og:image\" content=\"https:\/\/walkingranada.com\/wp-content\/uploads\/2022\/12\/guadix_y_gorafe.jpg.webp\" \/>\n<meta name=\"twitter:card\" content=\"summary_large_image\" \/>\n<meta name=\"twitter:site\" content=\"@walkingranada\" \/>\n<meta name=\"twitter:label1\" content=\"Tempo estimado de leitura\" \/>\n\t<meta name=\"twitter:data1\" content=\"3 minutos\" \/>\n<script type=\"application\/ld+json\" class=\"yoast-schema-graph\">{\"@context\":\"https:\\\/\\\/schema.org\",\"@graph\":[{\"@type\":\"WebPage\",\"@id\":\"https:\\\/\\\/walkingranada.com\\\/que-hacer-en-granada\\\/excursiones\\\/guadix-gorafe\\\/\",\"url\":\"https:\\\/\\\/walkingranada.com\\\/que-hacer-en-granada\\\/excursiones\\\/guadix-gorafe\\\/\",\"name\":\"Excursi\u00f3n Guadix y Gorafe desde Granada - Walk in Granada\",\"isPartOf\":{\"@id\":\"https:\\\/\\\/walkingranada.com\\\/#website\"},\"primaryImageOfPage\":{\"@id\":\"https:\\\/\\\/walkingranada.com\\\/que-hacer-en-granada\\\/excursiones\\\/guadix-gorafe\\\/#primaryimage\"},\"image\":{\"@id\":\"https:\\\/\\\/walkingranada.com\\\/que-hacer-en-granada\\\/excursiones\\\/guadix-gorafe\\\/#primaryimage\"},\"thumbnailUrl\":\"https:\\\/\\\/walkingranada.com\\\/wp-content\\\/uploads\\\/2022\\\/12\\\/guadix_y_gorafe.jpg.webp\",\"datePublished\":\"2022-10-27T09:03:44+00:00\",\"dateModified\":\"2025-04-01T14:25:56+00:00\",\"description\":\"Visita Guadix y el desierto de Gorafe en pleno Geoparque del altiplano granadino. Un lugar con una belleza natural sin igual.\",\"breadcrumb\":{\"@id\":\"https:\\\/\\\/walkingranada.com\\\/que-hacer-en-granada\\\/excursiones\\\/guadix-gorafe\\\/#breadcrumb\"},\"inLanguage\":\"pt-PT\",\"potentialAction\":[{\"@type\":\"ReadAction\",\"target\":[\"https:\\\/\\\/walkingranada.com\\\/que-hacer-en-granada\\\/excursiones\\\/guadix-gorafe\\\/\"]}]},{\"@type\":\"ImageObject\",\"inLanguage\":\"pt-PT\",\"@id\":\"https:\\\/\\\/walkingranada.com\\\/que-hacer-en-granada\\\/excursiones\\\/guadix-gorafe\\\/#primaryimage\",\"url\":\"https:\\\/\\\/walkingranada.com\\\/wp-content\\\/uploads\\\/2022\\\/12\\\/guadix_y_gorafe.jpg.webp\",\"contentUrl\":\"https:\\\/\\\/walkingranada.com\\\/wp-content\\\/uploads\\\/2022\\\/12\\\/guadix_y_gorafe.jpg.webp\"},{\"@type\":\"BreadcrumbList\",\"@id\":\"https:\\\/\\\/walkingranada.com\\\/que-hacer-en-granada\\\/excursiones\\\/guadix-gorafe\\\/#breadcrumb\",\"itemListElement\":[{\"@type\":\"ListItem\",\"position\":1,\"name\":\"Portada\",\"item\":\"https:\\\/\\\/walkingranada.com\\\/\"},{\"@type\":\"ListItem\",\"position\":2,\"name\":\"Qu\u00e9 hacer en granada\",\"item\":\"https:\\\/\\\/walkingranada.com\\\/que-hacer-en-granada\\\/\"},{\"@type\":\"ListItem\",\"position\":3,\"name\":\"Excursiones de un d\u00eda\",\"item\":\"https:\\\/\\\/walkingranada.com\\\/que-hacer-en-granada\\\/excursiones\\\/\"},{\"@type\":\"ListItem\",\"position\":4,\"name\":\"Guadix y Gorafe\"}]},{\"@type\":\"WebSite\",\"@id\":\"https:\\\/\\\/walkingranada.com\\\/#website\",\"url\":\"https:\\\/\\\/walkingranada.com\\\/\",\"name\":\"Walk in Granada\",\"description\":\"Turismo responsable\",\"publisher\":{\"@id\":\"https:\\\/\\\/walkingranada.com\\\/#organization\"},\"alternateName\":\"Walk in Granada\",\"potentialAction\":[{\"@type\":\"SearchAction\",\"target\":{\"@type\":\"EntryPoint\",\"urlTemplate\":\"https:\\\/\\\/walkingranada.com\\\/?s={search_term_string}\"},\"query-input\":{\"@type\":\"PropertyValueSpecification\",\"valueRequired\":true,\"valueName\":\"search_term_string\"}}],\"inLanguage\":\"pt-PT\"},{\"@type\":\"Organization\",\"@id\":\"https:\\\/\\\/walkingranada.com\\\/#organization\",\"name\":\"Walk In Granada\",\"alternateName\":\"Walk In Granada\",\"url\":\"https:\\\/\\\/walkingranada.com\\\/\",\"logo\":{\"@type\":\"ImageObject\",\"inLanguage\":\"pt-PT\",\"@id\":\"https:\\\/\\\/walkingranada.com\\\/#\\\/schema\\\/logo\\\/image\\\/\",\"url\":\"https:\\\/\\\/walkingranada.com\\\/wp-content\\\/uploads\\\/2022\\\/12\\\/Logo-Walking.webp\",\"contentUrl\":\"https:\\\/\\\/walkingranada.com\\\/wp-content\\\/uploads\\\/2022\\\/12\\\/Logo-Walking.webp\",\"width\":512,\"height\":512,\"caption\":\"Walk In Granada\"},\"image\":{\"@id\":\"https:\\\/\\\/walkingranada.com\\\/#\\\/schema\\\/logo\\\/image\\\/\"},\"sameAs\":[\"https:\\\/\\\/es-es.facebook.com\\\/walkingranadatour\\\/\",\"https:\\\/\\\/x.com\\\/walkingranada\",\"https:\\\/\\\/www.instagram.com\\\/walkingranada\\\/\"]}]}<\/script>\n<!-- \/ Yoast SEO plugin. -->","yoast_head_json":{"title":"Excurs\u00e3o para Guadix e Gorafe saindo de Granada - Walk in Granada","description":"Visite Guadix e o deserto de Gorafe no cora\u00e7\u00e3o do Geopark do planalto de Granada. Um lugar com uma beleza natural incompar\u00e1vel.","robots":{"index":"index","follow":"follow","max-snippet":"max-snippet:-1","max-image-preview":"max-image-preview:large","max-video-preview":"max-video-preview:-1"},"canonical":"https:\/\/walkingranada.com\/pt\/que-fazer-em-granada\/excursoes\/guadix-gorafe\/","og_locale":"pt_PT","og_type":"article","og_title":"Excursi\u00f3n Guadix y Gorafe desde Granada - Walk in Granada","og_description":"Visita Guadix y el desierto de Gorafe en pleno Geoparque del altiplano granadino. Un lugar con una belleza natural sin igual.","og_url":"https:\/\/walkingranada.com\/pt\/que-fazer-em-granada\/excursoes\/guadix-gorafe\/","og_site_name":"Walk in Granada","article_publisher":"https:\/\/es-es.facebook.com\/walkingranadatour\/","article_modified_time":"2025-04-01T14:25:56+00:00","og_image":[{"url":"https:\/\/walkingranada.com\/wp-content\/uploads\/2022\/12\/guadix_y_gorafe.jpg.webp","type":"","width":"","height":""}],"twitter_card":"summary_large_image","twitter_site":"@walkingranada","twitter_misc":{"Tempo estimado de leitura":"3 minutos"},"schema":{"@context":"https:\/\/schema.org","@graph":[{"@type":"WebPage","@id":"https:\/\/walkingranada.com\/que-hacer-en-granada\/excursiones\/guadix-gorafe\/","url":"https:\/\/walkingranada.com\/que-hacer-en-granada\/excursiones\/guadix-gorafe\/","name":"Excurs\u00e3o para Guadix e Gorafe saindo de Granada - Walk in Granada","isPartOf":{"@id":"https:\/\/walkingranada.com\/#website"},"primaryImageOfPage":{"@id":"https:\/\/walkingranada.com\/que-hacer-en-granada\/excursiones\/guadix-gorafe\/#primaryimage"},"image":{"@id":"https:\/\/walkingranada.com\/que-hacer-en-granada\/excursiones\/guadix-gorafe\/#primaryimage"},"thumbnailUrl":"https:\/\/walkingranada.com\/wp-content\/uploads\/2022\/12\/guadix_y_gorafe.jpg.webp","datePublished":"2022-10-27T09:03:44+00:00","dateModified":"2025-04-01T14:25:56+00:00","description":"Visite Guadix e o deserto de Gorafe no cora\u00e7\u00e3o do Geopark do planalto de Granada. Um lugar com uma beleza natural incompar\u00e1vel.","breadcrumb":{"@id":"https:\/\/walkingranada.com\/que-hacer-en-granada\/excursiones\/guadix-gorafe\/#breadcrumb"},"inLanguage":"pt-PT","potentialAction":[{"@type":"ReadAction","target":["https:\/\/walkingranada.com\/que-hacer-en-granada\/excursiones\/guadix-gorafe\/"]}]},{"@type":"ImageObject","inLanguage":"pt-PT","@id":"https:\/\/walkingranada.com\/que-hacer-en-granada\/excursiones\/guadix-gorafe\/#primaryimage","url":"https:\/\/walkingranada.com\/wp-content\/uploads\/2022\/12\/guadix_y_gorafe.jpg.webp","contentUrl":"https:\/\/walkingranada.com\/wp-content\/uploads\/2022\/12\/guadix_y_gorafe.jpg.webp"},{"@type":"BreadcrumbList","@id":"https:\/\/walkingranada.com\/que-hacer-en-granada\/excursiones\/guadix-gorafe\/#breadcrumb","itemListElement":[{"@type":"ListItem","position":1,"name":"Portada","item":"https:\/\/walkingranada.com\/"},{"@type":"ListItem","position":2,"name":"Qu\u00e9 hacer en granada","item":"https:\/\/walkingranada.com\/que-hacer-en-granada\/"},{"@type":"ListItem","position":3,"name":"Excursiones de un d\u00eda","item":"https:\/\/walkingranada.com\/que-hacer-en-granada\/excursiones\/"},{"@type":"ListItem","position":4,"name":"Guadix y Gorafe"}]},{"@type":"WebSite","@id":"https:\/\/walkingranada.com\/#website","url":"https:\/\/walkingranada.com\/","name":"Walk in Granada","description":"Turismo responsable","publisher":{"@id":"https:\/\/walkingranada.com\/#organization"},"alternateName":"Walk in Granada","potentialAction":[{"@type":"SearchAction","target":{"@type":"EntryPoint","urlTemplate":"https:\/\/walkingranada.com\/?s={search_term_string}"},"query-input":{"@type":"PropertyValueSpecification","valueRequired":true,"valueName":"search_term_string"}}],"inLanguage":"pt-PT"},{"@type":"Organization","@id":"https:\/\/walkingranada.com\/#organization","name":"Walk In Granada","alternateName":"Walk In Granada","url":"https:\/\/walkingranada.com\/","logo":{"@type":"ImageObject","inLanguage":"pt-PT","@id":"https:\/\/walkingranada.com\/#\/schema\/logo\/image\/","url":"https:\/\/walkingranada.com\/wp-content\/uploads\/2022\/12\/Logo-Walking.webp","contentUrl":"https:\/\/walkingranada.com\/wp-content\/uploads\/2022\/12\/Logo-Walking.webp","width":512,"height":512,"caption":"Walk In Granada"},"image":{"@id":"https:\/\/walkingranada.com\/#\/schema\/logo\/image\/"},"sameAs":["https:\/\/es-es.facebook.com\/walkingranadatour\/","https:\/\/x.com\/walkingranada","https:\/\/www.instagram.com\/walkingranada\/"]}]}},"_links":{"self":[{"href":"https:\/\/walkingranada.com\/pt\/wp-json\/wp\/v2\/pages\/462","targetHints":{"allow":["GET"]}}],"collection":[{"href":"https:\/\/walkingranada.com\/pt\/wp-json\/wp\/v2\/pages"}],"about":[{"href":"https:\/\/walkingranada.com\/pt\/wp-json\/wp\/v2\/types\/page"}],"author":[{"embeddable":true,"href":"https:\/\/walkingranada.com\/pt\/wp-json\/wp\/v2\/users\/2"}],"replies":[{"embeddable":true,"href":"https:\/\/walkingranada.com\/pt\/wp-json\/wp\/v2\/comments?post=462"}],"version-history":[{"count":3,"href":"https:\/\/walkingranada.com\/pt\/wp-json\/wp\/v2\/pages\/462\/revisions"}],"predecessor-version":[{"id":6807,"href":"https:\/\/walkingranada.com\/pt\/wp-json\/wp\/v2\/pages\/462\/revisions\/6807"}],"up":[{"embeddable":true,"href":"https:\/\/walkingranada.com\/pt\/wp-json\/wp\/v2\/pages\/446"}],"wp:attachment":[{"href":"https:\/\/walkingranada.com\/pt\/wp-json\/wp\/v2\/media?parent=462"}],"curies":[{"name":"wp","href":"https:\/\/api.w.org\/{rel}","templated":true}]}}