{"id":460,"date":"2022-10-27T09:03:27","date_gmt":"2022-10-27T09:03:27","guid":{"rendered":"https:\/\/factum-omibu.es\/walkin\/?page_id=460"},"modified":"2025-04-01T14:24:54","modified_gmt":"2025-04-01T14:24:54","slug":"cordoba","status":"publish","type":"page","link":"https:\/\/walkingranada.com\/pt\/que-hacer-en-granada\/excursiones\/cordoba\/","title":{"rendered":"C\u00f3rdoba"},"content":{"rendered":"<p>Excurs\u00f5es de um d\u00eda &gt; C\u00f3rdoba<\/p>\n\t<!-- FareHarbor calendar of item #180676 -->\n<h1>\n\t\tVisita guiada a C\u00f3rdoba\n\t<\/h1>\n\t<p class=\"translation-block\">A apenas uma hora e meia da cidade de Granada, <strong>C\u00f3rdova<\/strong> ergue-se com grandeza com a sua Mesquita-Catedral, as touradas e os espect\u00e1culos de flamenco que inundam as ruas cheias de cultura e patrim\u00f3nio. Este \u00e9 um passeio a n\u00e3o perder se visitar a Andaluzia, onde encontrar\u00e1 hist\u00f3ria em cada canto das suas ruas calcetadas, p\u00e1tios e fontes.<\/p>\n<p class=\"translation-block\"><strong>Esta \u00e9 uma excurs\u00e3o em grupo reduzido. Se voc\u00ea quiser fazer este passeio em formato privado, pode fazer a solicita\u00e7\u00e3o atrav\u00e9s de nossa se\u00e7\u00e3o de <\/strong><span class=\"red\"><a href=\"https:\/\/walkingranada.com\/pt\/visitas-personalizadas\/\" target=\"_self\"> <strong class=\"red\">visitas personalizadas.<\/strong><\/a><\/span><\/p>\n<h2>\n\t\tExcurs\u00e3o de Granada a C\u00f3rdoba\n\t<\/h2>\n\t\t\t\t<img decoding=\"async\" loading=\"lazy\" src=\"https:\/\/walkingranada.com\/wp-content\/uploads\/2022\/12\/Mezquita-Cordoba.jpg.webp\" alt=\"Mezquita C\u00f3rdoba\" itemprop=\"image\" height=\"398\" width=\"711\" title=\"Mezquita Cordoba\" onerror=\"this.style.display='none'\"  \/>\n\t<p class=\"translation-block\">Da cidade de Granada, partimos para <strong>C\u00f3rdoba<\/strong> para testemunhar um dos monumentos mais espetaculares e ic\u00f4nicos da prov\u00edncia, <strong>a Mesquita-Catedral de C\u00f3rdoba.<\/strong> Guiados por um especialista local, especializado neste monumento, voc\u00ea descobrir\u00e1 n\u00e3o apenas sua hist\u00f3ria, mas tamb\u00e9m suas lendas e mitos. Os detalhes mais relevantes tornar\u00e3o sua experi\u00eancia verdadeiramente \u00fanica. Como uma obra-prima da <strong>arquitetura isl\u00e2mica e crist\u00e3<\/strong>, este \u00e9 um dos monumentos, juntamente com a Alhambra, que o ajudar\u00e1 a entender e apreciar a arte andaluza durante a \u00e9poca \u00e1rabe. O interior deste monumento possui uma quantidade impressionante de colunas e arcos, tornando-o uma visita obrigat\u00f3ria na cidade.<\/p>\n\t<strong>C\u00f3rdoba<\/strong> es una ciudad con gran historia y fue una vez conocida como \u00abCord\u00fcba\u00bb, durante la \u00e9poca romana. Adem\u00e1s, lleg\u00f3 a convertirse en la capital de la Espa\u00f1a musulmana y es considerada como una de las tres capitales de provincia esenciales para poder decir que visitaste Andaluc\u00eda.<br \/>\nOtro lugar de inter\u00e9s tur\u00edstico en <strong>C\u00f3rdoba<\/strong> es el <strong>Alc\u00e1zar de los Reyes Cristianos<\/strong>, un palacio-fortaleza construido en el siglo XIV por el rey Alfonso XI. Este impresionante edificio cuenta con hermosos jardines y patios, y ofrece unas vistas espectaculares del <strong>r\u00edo Guadalquivir<\/strong>.<br \/>\nDurante el recorrido de la ciudad se dejar\u00e1 tiempo libre para ser part\u00edcipe de la belleza que irradia la localidad. Las callejuelas de <strong>la Juder\u00eda de C\u00f3rdoba<\/strong>, el antiguo barrio jud\u00edo de la ciudad o el <strong>r\u00edo Guadalquivir y Sierra Morena<\/strong> son parte de las maravillas del paisaje cordob\u00e9s. Pudiendo as\u00ed disfrutar de las historias que abundan entre las estrechas calles, sus patios y sinagogas de la \u00e9poca medieval. Durante el tiempo libre no debes olvidar probar la gastronom\u00eda de la zona, una de las m\u00e1s t\u00edpicas de la regi\u00f3n andaluza, como lo son el <strong>salmorejo<\/strong>, el <strong>gazpacho<\/strong> e o <strong>rabo de toro<\/strong>.\n<h2>\n\t\tPonto de encontro\n\t<\/h2>\n\t<p><strong>Pra\u00e7a Mariana Pineda<\/strong><\/p>\n\t<p>Precisa de indica\u00e7\u00f5es para l\u00e1 chegar?<\/p>\n\t\t\t<a href=\"#reserva\" target=\"_self\">\n\t\t\t\t\t\t\tReservar &gt;\n\t\t\t\t\t<\/a>\n\t\t\t<a href=\"https:\/\/goo.gl\/maps\/S8LCwLLRQArti4X98\" target=\"_self\">\n\t\t\t\t\t\t\tVer Mapa &gt;\n\t\t\t\t\t<\/a>\n<h2>\n\t\tO que vai visitar\n\t<\/h2>\n\t<p>Mesquita de C\u00f3rdoba, tempo para passear pelo bairro judeu, fazer compras e almo\u00e7ar.<\/p>\n<h2>\n\t\tO que est\u00e1 inclu\u00eddo na visita\n\t<\/h2>\n\t<ul>\n<li aria-level=\"1\">Entrada da Mesquita<\/li>\n<li aria-level=\"1\">Transporte<\/li>\n<li aria-level=\"1\">Guia de papel<\/li>\n<\/ul>\n<h2>\n\t\tO que a visita n\u00e3o inclui\n\t<\/h2>\n\t<ul>\n<li aria-level=\"1\">Comida e bebida<\/li>\n<\/ul>\n<h2>\n\t\tTambi\u00e9n puedes reservar nuestros otros servicios&#8230;\n\t<\/h2>\n\t<a href=\"https:\/\/walkingranada.com\/pt\/que-fazer-em-granada\/flamenco\/\" target=\"_self\"><\/a>\t\t\t<img decoding=\"async\" loading=\"lazy\" alt=\"bailaora flamenca\" src=\"https:\/\/walkingranada.com\/wp-content\/uploads\/2022\/10\/Rectangle-42.png\"\/>\n\t\t<h3>Flamenco<\/h3>\n\t<a href=\"https:\/\/walkingranada.com\/pt\/que-fazer-em-granada\/hammam-al-andalus\/\" target=\"_self\"><\/a>\t\t\t<img decoding=\"async\" loading=\"lazy\" alt=\"ba\u00f1os \u00e1rabes\" src=\"https:\/\/walkingranada.com\/wp-content\/uploads\/2022\/10\/Rectangle-43.png\"\/>\n\t\t<h3>Hammam <br \/>Al-\u00e1ndalus<\/h3>\n\t<a href=\"https:\/\/walkingranada.com\/pt\/que-fazer-em-granada\/excursoes\/\" target=\"_self\"><\/a>\t\t\t<img decoding=\"async\" loading=\"lazy\" alt=\"mezquita de c\u00f3rdoba\" src=\"https:\/\/walkingranada.com\/wp-content\/uploads\/2022\/10\/Rectangle-45.png\"\/>\n\t\t<h3>excurs\u00f5es <br \/>de un dia<\/h3>\n\t<a href=\"https:\/\/walkingranada.com\/pt\/que-fazer-em-granada\/rota-olfativa\/\" target=\"_self\"><\/a>\t\t\t<img decoding=\"async\" loading=\"lazy\" alt=\"imagen de una chica joven\" src=\"https:\/\/walkingranada.com\/wp-content\/uploads\/2022\/10\/Rectangle-38.png\"\/>\n\t\t<h3>Rota olfativa<\/h3>","protected":false},"excerpt":{"rendered":"<p>Excursiones &gt; C\u00f3rdoba Visita guiada a C\u00f3rdoba A tan solo una hora y media de la ciudad de Granada, C\u00f3rdoba se erige con grandeza con su Mezquita-Catedral, los toros y espect\u00e1culos de flamenco que inundan las calles cargadas de cultura y patrimonio. Este es un recorrido que no puedes perderte si visitas Andaluc\u00eda, ya que &#8230; <a title=\"C\u00f3rdoba\" class=\"read-more\" href=\"https:\/\/walkingranada.com\/pt\/que-hacer-en-granada\/excursiones\/cordoba\/\" aria-label=\"Leia mais sobre C\u00f3rdoba\">Ler mais<\/a><\/p>","protected":false},"author":2,"featured_media":0,"parent":446,"menu_order":0,"comment_status":"closed","ping_status":"closed","template":"","meta":{"footnotes":""},"class_list":["post-460","page","type-page","status-publish"],"yoast_head":"<!-- This site is optimized with the Yoast SEO plugin v27.5 - https:\/\/yoast.com\/product\/yoast-seo-wordpress\/ -->\n<title>Visita C\u00f3rdoba desde Granada - Walk in Granada<\/title>\n<meta name=\"description\" content=\"Visita C\u00f3rdoba desde Granada acompa\u00f1ado por un gu\u00eda local. Descubre la magia de la antigua capital del Califato de C\u00f3rdoba.\" \/>\n<meta name=\"robots\" content=\"index, follow, max-snippet:-1, max-image-preview:large, max-video-preview:-1\" \/>\n<link rel=\"canonical\" href=\"https:\/\/walkingranada.com\/pt\/que-fazer-em-granada\/excursoes\/cordoba\/\" \/>\n<meta property=\"og:locale\" content=\"pt_PT\" \/>\n<meta property=\"og:type\" content=\"article\" \/>\n<meta property=\"og:title\" content=\"Visita C\u00f3rdoba desde Granada - Walk in Granada\" \/>\n<meta property=\"og:description\" content=\"Visita C\u00f3rdoba desde Granada acompa\u00f1ado por un gu\u00eda local. Descubre la magia de la antigua capital del Califato de C\u00f3rdoba.\" \/>\n<meta property=\"og:url\" content=\"https:\/\/walkingranada.com\/pt\/que-fazer-em-granada\/excursoes\/cordoba\/\" \/>\n<meta property=\"og:site_name\" content=\"Walk in Granada\" \/>\n<meta property=\"article:publisher\" content=\"https:\/\/es-es.facebook.com\/walkingranadatour\/\" \/>\n<meta property=\"article:modified_time\" content=\"2025-04-01T14:24:54+00:00\" \/>\n<meta property=\"og:image\" content=\"https:\/\/walkingranada.com\/wp-content\/uploads\/2022\/12\/Mezquita-Cordoba.jpg.webp\" \/>\n<meta name=\"twitter:card\" content=\"summary_large_image\" \/>\n<meta name=\"twitter:site\" content=\"@walkingranada\" \/>\n<meta name=\"twitter:label1\" content=\"Tempo estimado de leitura\" \/>\n\t<meta name=\"twitter:data1\" content=\"3 minutos\" \/>\n<script type=\"application\/ld+json\" class=\"yoast-schema-graph\">{\"@context\":\"https:\\\/\\\/schema.org\",\"@graph\":[{\"@type\":\"WebPage\",\"@id\":\"https:\\\/\\\/walkingranada.com\\\/que-hacer-en-granada\\\/excursiones\\\/cordoba\\\/\",\"url\":\"https:\\\/\\\/walkingranada.com\\\/que-hacer-en-granada\\\/excursiones\\\/cordoba\\\/\",\"name\":\"Visita C\u00f3rdoba desde Granada - Walk in Granada\",\"isPartOf\":{\"@id\":\"https:\\\/\\\/walkingranada.com\\\/#website\"},\"primaryImageOfPage\":{\"@id\":\"https:\\\/\\\/walkingranada.com\\\/que-hacer-en-granada\\\/excursiones\\\/cordoba\\\/#primaryimage\"},\"image\":{\"@id\":\"https:\\\/\\\/walkingranada.com\\\/que-hacer-en-granada\\\/excursiones\\\/cordoba\\\/#primaryimage\"},\"thumbnailUrl\":\"https:\\\/\\\/walkingranada.com\\\/wp-content\\\/uploads\\\/2022\\\/12\\\/Mezquita-Cordoba.jpg.webp\",\"datePublished\":\"2022-10-27T09:03:27+00:00\",\"dateModified\":\"2025-04-01T14:24:54+00:00\",\"description\":\"Visita C\u00f3rdoba desde Granada acompa\u00f1ado por un gu\u00eda local. Descubre la magia de la antigua capital del Califato de C\u00f3rdoba.\",\"breadcrumb\":{\"@id\":\"https:\\\/\\\/walkingranada.com\\\/que-hacer-en-granada\\\/excursiones\\\/cordoba\\\/#breadcrumb\"},\"inLanguage\":\"pt-PT\",\"potentialAction\":[{\"@type\":\"ReadAction\",\"target\":[\"https:\\\/\\\/walkingranada.com\\\/que-hacer-en-granada\\\/excursiones\\\/cordoba\\\/\"]}]},{\"@type\":\"ImageObject\",\"inLanguage\":\"pt-PT\",\"@id\":\"https:\\\/\\\/walkingranada.com\\\/que-hacer-en-granada\\\/excursiones\\\/cordoba\\\/#primaryimage\",\"url\":\"https:\\\/\\\/walkingranada.com\\\/wp-content\\\/uploads\\\/2022\\\/12\\\/Mezquita-Cordoba.jpg.webp\",\"contentUrl\":\"https:\\\/\\\/walkingranada.com\\\/wp-content\\\/uploads\\\/2022\\\/12\\\/Mezquita-Cordoba.jpg.webp\"},{\"@type\":\"BreadcrumbList\",\"@id\":\"https:\\\/\\\/walkingranada.com\\\/que-hacer-en-granada\\\/excursiones\\\/cordoba\\\/#breadcrumb\",\"itemListElement\":[{\"@type\":\"ListItem\",\"position\":1,\"name\":\"Portada\",\"item\":\"https:\\\/\\\/walkingranada.com\\\/\"},{\"@type\":\"ListItem\",\"position\":2,\"name\":\"Qu\u00e9 hacer en granada\",\"item\":\"https:\\\/\\\/walkingranada.com\\\/que-hacer-en-granada\\\/\"},{\"@type\":\"ListItem\",\"position\":3,\"name\":\"Excursiones de un d\u00eda\",\"item\":\"https:\\\/\\\/walkingranada.com\\\/que-hacer-en-granada\\\/excursiones\\\/\"},{\"@type\":\"ListItem\",\"position\":4,\"name\":\"C\u00f3rdoba\"}]},{\"@type\":\"WebSite\",\"@id\":\"https:\\\/\\\/walkingranada.com\\\/#website\",\"url\":\"https:\\\/\\\/walkingranada.com\\\/\",\"name\":\"Walk in Granada\",\"description\":\"Turismo responsable\",\"publisher\":{\"@id\":\"https:\\\/\\\/walkingranada.com\\\/#organization\"},\"alternateName\":\"Walk in Granada\",\"potentialAction\":[{\"@type\":\"SearchAction\",\"target\":{\"@type\":\"EntryPoint\",\"urlTemplate\":\"https:\\\/\\\/walkingranada.com\\\/?s={search_term_string}\"},\"query-input\":{\"@type\":\"PropertyValueSpecification\",\"valueRequired\":true,\"valueName\":\"search_term_string\"}}],\"inLanguage\":\"pt-PT\"},{\"@type\":\"Organization\",\"@id\":\"https:\\\/\\\/walkingranada.com\\\/#organization\",\"name\":\"Walk In Granada\",\"alternateName\":\"Walk In Granada\",\"url\":\"https:\\\/\\\/walkingranada.com\\\/\",\"logo\":{\"@type\":\"ImageObject\",\"inLanguage\":\"pt-PT\",\"@id\":\"https:\\\/\\\/walkingranada.com\\\/#\\\/schema\\\/logo\\\/image\\\/\",\"url\":\"https:\\\/\\\/walkingranada.com\\\/wp-content\\\/uploads\\\/2022\\\/12\\\/Logo-Walking.webp\",\"contentUrl\":\"https:\\\/\\\/walkingranada.com\\\/wp-content\\\/uploads\\\/2022\\\/12\\\/Logo-Walking.webp\",\"width\":512,\"height\":512,\"caption\":\"Walk In Granada\"},\"image\":{\"@id\":\"https:\\\/\\\/walkingranada.com\\\/#\\\/schema\\\/logo\\\/image\\\/\"},\"sameAs\":[\"https:\\\/\\\/es-es.facebook.com\\\/walkingranadatour\\\/\",\"https:\\\/\\\/x.com\\\/walkingranada\",\"https:\\\/\\\/www.instagram.com\\\/walkingranada\\\/\"]}]}<\/script>\n<!-- \/ Yoast SEO plugin. -->","yoast_head_json":{"title":"Visite C\u00f3rdoba a partir de Granada - Walk in Granada","description":"Visite C\u00f3rdoba a partir de Granada acompanhado por um guia local. Descubra a magia da antiga capital do Califado de C\u00f3rdoba.","robots":{"index":"index","follow":"follow","max-snippet":"max-snippet:-1","max-image-preview":"max-image-preview:large","max-video-preview":"max-video-preview:-1"},"canonical":"https:\/\/walkingranada.com\/pt\/que-fazer-em-granada\/excursoes\/cordoba\/","og_locale":"pt_PT","og_type":"article","og_title":"Visita C\u00f3rdoba desde Granada - Walk in Granada","og_description":"Visita C\u00f3rdoba desde Granada acompa\u00f1ado por un gu\u00eda local. Descubre la magia de la antigua capital del Califato de C\u00f3rdoba.","og_url":"https:\/\/walkingranada.com\/pt\/que-fazer-em-granada\/excursoes\/cordoba\/","og_site_name":"Walk in Granada","article_publisher":"https:\/\/es-es.facebook.com\/walkingranadatour\/","article_modified_time":"2025-04-01T14:24:54+00:00","og_image":[{"url":"https:\/\/walkingranada.com\/wp-content\/uploads\/2022\/12\/Mezquita-Cordoba.jpg.webp","type":"","width":"","height":""}],"twitter_card":"summary_large_image","twitter_site":"@walkingranada","twitter_misc":{"Tempo estimado de leitura":"3 minutos"},"schema":{"@context":"https:\/\/schema.org","@graph":[{"@type":"WebPage","@id":"https:\/\/walkingranada.com\/que-hacer-en-granada\/excursiones\/cordoba\/","url":"https:\/\/walkingranada.com\/que-hacer-en-granada\/excursiones\/cordoba\/","name":"Visite C\u00f3rdoba a partir de Granada - Walk in Granada","isPartOf":{"@id":"https:\/\/walkingranada.com\/#website"},"primaryImageOfPage":{"@id":"https:\/\/walkingranada.com\/que-hacer-en-granada\/excursiones\/cordoba\/#primaryimage"},"image":{"@id":"https:\/\/walkingranada.com\/que-hacer-en-granada\/excursiones\/cordoba\/#primaryimage"},"thumbnailUrl":"https:\/\/walkingranada.com\/wp-content\/uploads\/2022\/12\/Mezquita-Cordoba.jpg.webp","datePublished":"2022-10-27T09:03:27+00:00","dateModified":"2025-04-01T14:24:54+00:00","description":"Visite C\u00f3rdoba a partir de Granada acompanhado por um guia local. Descubra a magia da antiga capital do Califado de C\u00f3rdoba.","breadcrumb":{"@id":"https:\/\/walkingranada.com\/que-hacer-en-granada\/excursiones\/cordoba\/#breadcrumb"},"inLanguage":"pt-PT","potentialAction":[{"@type":"ReadAction","target":["https:\/\/walkingranada.com\/que-hacer-en-granada\/excursiones\/cordoba\/"]}]},{"@type":"ImageObject","inLanguage":"pt-PT","@id":"https:\/\/walkingranada.com\/que-hacer-en-granada\/excursiones\/cordoba\/#primaryimage","url":"https:\/\/walkingranada.com\/wp-content\/uploads\/2022\/12\/Mezquita-Cordoba.jpg.webp","contentUrl":"https:\/\/walkingranada.com\/wp-content\/uploads\/2022\/12\/Mezquita-Cordoba.jpg.webp"},{"@type":"BreadcrumbList","@id":"https:\/\/walkingranada.com\/que-hacer-en-granada\/excursiones\/cordoba\/#breadcrumb","itemListElement":[{"@type":"ListItem","position":1,"name":"Portada","item":"https:\/\/walkingranada.com\/"},{"@type":"ListItem","position":2,"name":"Qu\u00e9 hacer en granada","item":"https:\/\/walkingranada.com\/que-hacer-en-granada\/"},{"@type":"ListItem","position":3,"name":"Excursiones de un d\u00eda","item":"https:\/\/walkingranada.com\/que-hacer-en-granada\/excursiones\/"},{"@type":"ListItem","position":4,"name":"C\u00f3rdoba"}]},{"@type":"WebSite","@id":"https:\/\/walkingranada.com\/#website","url":"https:\/\/walkingranada.com\/","name":"Walk in Granada","description":"Turismo responsable","publisher":{"@id":"https:\/\/walkingranada.com\/#organization"},"alternateName":"Walk in Granada","potentialAction":[{"@type":"SearchAction","target":{"@type":"EntryPoint","urlTemplate":"https:\/\/walkingranada.com\/?s={search_term_string}"},"query-input":{"@type":"PropertyValueSpecification","valueRequired":true,"valueName":"search_term_string"}}],"inLanguage":"pt-PT"},{"@type":"Organization","@id":"https:\/\/walkingranada.com\/#organization","name":"Walk In Granada","alternateName":"Walk In Granada","url":"https:\/\/walkingranada.com\/","logo":{"@type":"ImageObject","inLanguage":"pt-PT","@id":"https:\/\/walkingranada.com\/#\/schema\/logo\/image\/","url":"https:\/\/walkingranada.com\/wp-content\/uploads\/2022\/12\/Logo-Walking.webp","contentUrl":"https:\/\/walkingranada.com\/wp-content\/uploads\/2022\/12\/Logo-Walking.webp","width":512,"height":512,"caption":"Walk In Granada"},"image":{"@id":"https:\/\/walkingranada.com\/#\/schema\/logo\/image\/"},"sameAs":["https:\/\/es-es.facebook.com\/walkingranadatour\/","https:\/\/x.com\/walkingranada","https:\/\/www.instagram.com\/walkingranada\/"]}]}},"_links":{"self":[{"href":"https:\/\/walkingranada.com\/pt\/wp-json\/wp\/v2\/pages\/460","targetHints":{"allow":["GET"]}}],"collection":[{"href":"https:\/\/walkingranada.com\/pt\/wp-json\/wp\/v2\/pages"}],"about":[{"href":"https:\/\/walkingranada.com\/pt\/wp-json\/wp\/v2\/types\/page"}],"author":[{"embeddable":true,"href":"https:\/\/walkingranada.com\/pt\/wp-json\/wp\/v2\/users\/2"}],"replies":[{"embeddable":true,"href":"https:\/\/walkingranada.com\/pt\/wp-json\/wp\/v2\/comments?post=460"}],"version-history":[{"count":3,"href":"https:\/\/walkingranada.com\/pt\/wp-json\/wp\/v2\/pages\/460\/revisions"}],"predecessor-version":[{"id":6806,"href":"https:\/\/walkingranada.com\/pt\/wp-json\/wp\/v2\/pages\/460\/revisions\/6806"}],"up":[{"embeddable":true,"href":"https:\/\/walkingranada.com\/pt\/wp-json\/wp\/v2\/pages\/446"}],"wp:attachment":[{"href":"https:\/\/walkingranada.com\/pt\/wp-json\/wp\/v2\/media?parent=460"}],"curies":[{"name":"wp","href":"https:\/\/api.w.org\/{rel}","templated":true}]}}