{"id":458,"date":"2022-10-27T09:03:14","date_gmt":"2022-10-27T09:03:14","guid":{"rendered":"https:\/\/factum-omibu.es\/walkin\/?page_id=458"},"modified":"2025-04-01T14:31:12","modified_gmt":"2025-04-01T14:31:12","slug":"ronda","status":"publish","type":"page","link":"https:\/\/walkingranada.com\/pt\/que-hacer-en-granada\/excursiones\/ronda\/","title":{"rendered":"Ronda"},"content":{"rendered":"<p>Excurs\u00f5es de um d\u00eda &gt; Ronda<\/p>\n\t<!-- FareHarbor calendar of item #180657 -->\n<h1>\n\t\tRonda de Granada\n\t<\/h1>\n\t<p class=\"translation-block\">Se voc\u00ea est\u00e1 procurando por uma <strong>experi\u00eancia \u00fanica na Espanha<\/strong>, n\u00e3o perca a oportunidade de visitar a cidade de <strong>Ronda<\/strong>. Localizada na prov\u00edncia de M\u00e1laga, Ronda \u00e9 conhecida por sua <strong>localiza\u00e7\u00e3o impressionante no topo de uma garganta<\/strong>, ser o ber\u00e7o da tourada moderna e por suas origens celtas.<\/p>\n<p class=\"translation-block\"><strong>Esta \u00e9 uma excurs\u00e3o em grupo reduzido. Se voc\u00ea quiser fazer este passeio em formato privado, pode fazer a solicita\u00e7\u00e3o atrav\u00e9s de nossa se\u00e7\u00e3o de <\/strong><span class=\"red\"><a href=\"https:\/\/walkingranada.com\/pt\/visitas-personalizadas\/\" target=\"_self\"> <strong class=\"red\">visitas personalizadas.<\/strong><\/a><\/span><\/p>\n<h2>\n\t\tExcurs\u00e3o \u00e0 Ronda de Granada\n\t<\/h2>\n\t\t\t\t<img decoding=\"async\" loading=\"lazy\" src=\"https:\/\/walkingranada.com\/wp-content\/uploads\/2022\/12\/Ronda.jpg.webp\" alt=\"Puente Nuevo, Ronda\" itemprop=\"image\" height=\"398\" width=\"711\" title=\"Ronda\" onerror=\"this.style.display='none'\"  \/>\n\t<p class=\"translation-block\"><strong>Ronda<\/strong> \u00e9 uma cidade no sul da Espanha, em Andaluzia, que voc\u00ea n\u00e3o pode perder. \u00c9 conhecida por sua <strong>paisagem montanhosa deslumbrante e seu patrim\u00f4nio cultural e hist\u00f3rico.<\/strong><\/p>\n<p class=\"translation-block\">Considerada a <strong>ber\u00e7o da tourada<\/strong>, em <strong>Ronda<\/strong>, voc\u00ea encontrar\u00e1 uma das pra\u00e7as de touros mais antigas e famosas da Espanha, a <strong>Real Maestranza<\/strong>. Constru\u00edda em 1785, \u00e9 conhecida por seu design \u00fanico e sua hist\u00f3ria na tauromaquia, j\u00e1 que os melhores toureiros da hist\u00f3ria se apresentaram aqui.<\/p>\n\t<p class=\"translation-block\">Mas, sem d\u00favida, a atra\u00e7\u00e3o mais popular em <strong>Ronda<\/strong> \u00e9 seu ic\u00f4nico <strong>Ponte Novo<\/strong>: uma grande ponte de pedra constru\u00edda em meados do <strong>s\u00e9culo XVIII<\/strong> que atravessa o Tajo de Ronda, um profundo desfiladeiro que divide a cidade ao meio. Da ponte, voc\u00ea pode desfrutar de vistas deslumbrantes da <strong>paisagem montanhosa e do rio Guadalev\u00edn<\/strong> que flui no fundo do desfiladeiro. A ponte tem uma altura de cerca de 98 metros e apresenta uma estrutura impressionante com <strong>arcos de pedra e uma torre no centro.<\/strong><\/p>\n<p class=\"translation-block\">A cidade tamb\u00e9m possui um impressionante <strong>patrim\u00f4nio hist\u00f3rico<\/strong>, incluindo a <strong>Alameda del Tajo<\/strong>, um jardim p\u00fablico com vistas deslumbrantes, o <strong>Pal\u00e1cio de Mondrag\u00f3n<\/strong>, a <strong>Igreja de Santa Mar\u00eda la Mayor e a Casa do Rei Mouro.<\/strong> A natureza circundante de <strong>Ronda<\/strong>, repleta de origens celtas, contribui para que a cidade seja conhecida como a cidade dos sonhos.<\/p>\n<p class=\"translation-block\">Quanto \u00e0 sua gastronomia, a cidade \u00e9 conhecida pela sua <strong>produ\u00e7\u00e3o de vinho<\/strong>, especialmente pelos seus vinhos tintos e doces.<\/p>\n<p class=\"translation-block\">Durante sua visita a <strong>Ronda<\/strong>, um de nossos guias o acompanhar\u00e1 o tempo todo, fornecendo informa\u00e7\u00f5es valiosas sobre os acessos, as prov\u00edncias de Granada e M\u00e1laga, e nossa rica hist\u00f3ria e costumes. N\u00e3o espere mais e reserve sua viagem a <strong>Ronda<\/strong> conosco!<\/p>\n<h2>\n\t\tPonto de encontro\n\t<\/h2>\n\t<p><strong>Pra\u00e7a Mariana Pineda<\/strong><\/p>\n\t<p>Precisa de indica\u00e7\u00f5es para l\u00e1 chegar?<\/p>\n\t\t\t<a href=\"#reserva\" target=\"_self\">\n\t\t\t\t\t\t\tReservar &gt;\n\t\t\t\t\t<\/a>\n\t\t\t<a href=\"https:\/\/goo.gl\/maps\/S8LCwLLRQArti4X98\" target=\"_self\">\n\t\t\t\t\t\t\tVer Mapa &gt;\n\t\t\t\t\t<\/a>\n<h2>\n\t\tO que vai visitar\n\t<\/h2>\n\t<ul>\n<li>Uma cidade emblem\u00e1tica na Andaluzia, a terceira mais visitada.<\/li>\n<li>Experimente a cultura e a natureza.<\/li>\n<li>Visita panor\u00e2mica da cidade.<\/li>\n<\/ul>\n<h2>\n\t\tO que est\u00e1 inclu\u00eddo na visita\n\t<\/h2>\n\t<ul>\n<li>Guia Local<\/li>\n<li>Visita guiada<\/li>\n<li>Transporte<\/li>\n<\/ul>\n<h2>\n\t\tO que a visita n\u00e3o inclui\n\t<\/h2>\n\t<ul>\n<li aria-level=\"1\">Comida e bebida<\/li>\n<\/ul>\n<h2>\n\t\tOutras considera\u00e7\u00f5es\n\t<\/h2>\n\t\u00c9 essencial estar no ponto de encontro no momento indicado, uma vez que se n\u00e3o o fizer, perder\u00e1 o direito de fazer a excurs\u00e3o e o reembolso da taxa de excurs\u00e3o.<br \/>\nNo caso de visitas com crian\u00e7as, a idade das crian\u00e7as deve ser indicada com anteced\u00eancia.\n<h2>\n\t\tTambi\u00e9n puedes reservar nuestros otros servicios&#8230;\n\t<\/h2>\n\t<a href=\"https:\/\/walkingranada.com\/pt\/que-fazer-em-granada\/flamenco\/\" target=\"_self\"><\/a>\t\t\t<img decoding=\"async\" loading=\"lazy\" alt=\"bailaora flamenca\" src=\"https:\/\/walkingranada.com\/wp-content\/uploads\/2022\/10\/Rectangle-42.png\"\/>\n\t\t<h3>Flamenco<\/h3>\n\t<a href=\"https:\/\/walkingranada.com\/pt\/que-fazer-em-granada\/hammam-al-andalus\/\" target=\"_self\"><\/a>\t\t\t<img decoding=\"async\" loading=\"lazy\" alt=\"ba\u00f1os \u00e1rabes\" src=\"https:\/\/walkingranada.com\/wp-content\/uploads\/2022\/10\/Rectangle-43.png\"\/>\n\t\t<h3>Hammam <br \/>Al-\u00e1ndalus<\/h3>\n\t<a href=\"https:\/\/walkingranada.com\/pt\/que-fazer-em-granada\/excursoes\/\" target=\"_self\"><\/a>\t\t\t<img decoding=\"async\" loading=\"lazy\" alt=\"mezquita de c\u00f3rdoba\" src=\"https:\/\/walkingranada.com\/wp-content\/uploads\/2022\/10\/Rectangle-45.png\"\/>\n\t\t<h3>excurs\u00f5es <br \/>de un dia<\/h3>\n\t<a href=\"https:\/\/walkingranada.com\/pt\/que-fazer-em-granada\/rota-olfativa\/\" target=\"_self\"><\/a>\t\t\t<img decoding=\"async\" loading=\"lazy\" alt=\"imagen de una chica joven\" src=\"https:\/\/walkingranada.com\/wp-content\/uploads\/2022\/10\/Rectangle-38.png\"\/>\n\t\t<h3>Rota olfativa<\/h3>","protected":false},"excerpt":{"rendered":"<p>Excursiones &gt; Ronda Ronda desde Granada Si buscas una experiencia \u00fanica en Espa\u00f1a, no dejes pasar la oportunidad de visitar la ciudad de Ronda. Situada en la provincia de M\u00e1laga, Ronda es conocida por su impresionante ubicaci\u00f3n en lo alto de un desfiladero, por ser el hogar de la tauromaquia moderna y por sus or\u00edgenes &#8230; <a title=\"Ronda\" class=\"read-more\" href=\"https:\/\/walkingranada.com\/pt\/que-hacer-en-granada\/excursiones\/ronda\/\" aria-label=\"Leia mais sobre Ronda\">Ler mais<\/a><\/p>","protected":false},"author":2,"featured_media":0,"parent":446,"menu_order":0,"comment_status":"closed","ping_status":"closed","template":"","meta":{"footnotes":""},"class_list":["post-458","page","type-page","status-publish"],"yoast_head":"<!-- This site is optimized with the Yoast SEO plugin v27.5 - https:\/\/yoast.com\/product\/yoast-seo-wordpress\/ -->\n<title>Visita Ronda desde Granada - Walk in Granada<\/title>\n<meta name=\"description\" content=\"Visita el emblem\u00e1tico pueblo de Ronda desde Granada. Considerado uno de los pueblos m\u00e1s bellos del mundo, sobrecoge a los visitantes.\" \/>\n<meta name=\"robots\" content=\"index, follow, max-snippet:-1, max-image-preview:large, max-video-preview:-1\" \/>\n<link rel=\"canonical\" href=\"https:\/\/walkingranada.com\/pt\/que-fazer-em-granada\/excursoes\/ronda\/\" \/>\n<meta property=\"og:locale\" content=\"pt_PT\" \/>\n<meta property=\"og:type\" content=\"article\" \/>\n<meta property=\"og:title\" content=\"Visita Ronda desde Granada - Walk in Granada\" \/>\n<meta property=\"og:description\" content=\"Visita el emblem\u00e1tico pueblo de Ronda desde Granada. Considerado uno de los pueblos m\u00e1s bellos del mundo, sobrecoge a los visitantes.\" \/>\n<meta property=\"og:url\" content=\"https:\/\/walkingranada.com\/pt\/que-fazer-em-granada\/excursoes\/ronda\/\" \/>\n<meta property=\"og:site_name\" content=\"Walk in Granada\" \/>\n<meta property=\"article:publisher\" content=\"https:\/\/es-es.facebook.com\/walkingranadatour\/\" \/>\n<meta property=\"article:modified_time\" content=\"2025-04-01T14:31:12+00:00\" \/>\n<meta property=\"og:image\" content=\"https:\/\/walkingranada.com\/wp-content\/uploads\/2022\/12\/Ronda.jpg.webp\" \/>\n<meta name=\"twitter:card\" content=\"summary_large_image\" \/>\n<meta name=\"twitter:site\" content=\"@walkingranada\" \/>\n<meta name=\"twitter:label1\" content=\"Tempo estimado de leitura\" \/>\n\t<meta name=\"twitter:data1\" content=\"3 minutos\" \/>\n<script type=\"application\/ld+json\" class=\"yoast-schema-graph\">{\"@context\":\"https:\\\/\\\/schema.org\",\"@graph\":[{\"@type\":\"WebPage\",\"@id\":\"https:\\\/\\\/walkingranada.com\\\/fr\\\/que-faire-a-granada\\\/excursions\\\/ronda\\\/\",\"url\":\"https:\\\/\\\/walkingranada.com\\\/fr\\\/que-faire-a-granada\\\/excursions\\\/ronda\\\/\",\"name\":\"Visita Ronda desde Granada - Walk in Granada\",\"isPartOf\":{\"@id\":\"https:\\\/\\\/walkingranada.com\\\/#website\"},\"primaryImageOfPage\":{\"@id\":\"https:\\\/\\\/walkingranada.com\\\/fr\\\/que-faire-a-granada\\\/excursions\\\/ronda\\\/#primaryimage\"},\"image\":{\"@id\":\"https:\\\/\\\/walkingranada.com\\\/fr\\\/que-faire-a-granada\\\/excursions\\\/ronda\\\/#primaryimage\"},\"thumbnailUrl\":\"https:\\\/\\\/walkingranada.com\\\/wp-content\\\/uploads\\\/2022\\\/12\\\/Ronda.jpg.webp\",\"datePublished\":\"2022-10-27T09:03:14+00:00\",\"dateModified\":\"2025-04-01T14:31:12+00:00\",\"description\":\"Visita el emblem\u00e1tico pueblo de Ronda desde Granada. Considerado uno de los pueblos m\u00e1s bellos del mundo, sobrecoge a los visitantes.\",\"breadcrumb\":{\"@id\":\"https:\\\/\\\/walkingranada.com\\\/fr\\\/que-faire-a-granada\\\/excursions\\\/ronda\\\/#breadcrumb\"},\"inLanguage\":\"pt-PT\",\"potentialAction\":[{\"@type\":\"ReadAction\",\"target\":[\"https:\\\/\\\/walkingranada.com\\\/fr\\\/que-faire-a-granada\\\/excursions\\\/ronda\\\/\"]}]},{\"@type\":\"ImageObject\",\"inLanguage\":\"pt-PT\",\"@id\":\"https:\\\/\\\/walkingranada.com\\\/fr\\\/que-faire-a-granada\\\/excursions\\\/ronda\\\/#primaryimage\",\"url\":\"https:\\\/\\\/walkingranada.com\\\/wp-content\\\/uploads\\\/2022\\\/12\\\/Ronda.jpg.webp\",\"contentUrl\":\"https:\\\/\\\/walkingranada.com\\\/wp-content\\\/uploads\\\/2022\\\/12\\\/Ronda.jpg.webp\"},{\"@type\":\"BreadcrumbList\",\"@id\":\"https:\\\/\\\/walkingranada.com\\\/fr\\\/que-faire-a-granada\\\/excursions\\\/ronda\\\/#breadcrumb\",\"itemListElement\":[{\"@type\":\"ListItem\",\"position\":1,\"name\":\"Portada\",\"item\":\"https:\\\/\\\/walkingranada.com\\\/\"},{\"@type\":\"ListItem\",\"position\":2,\"name\":\"Qu\u00e9 hacer en granada\",\"item\":\"https:\\\/\\\/walkingranada.com\\\/que-hacer-en-granada\\\/\"},{\"@type\":\"ListItem\",\"position\":3,\"name\":\"Excursiones de un d\u00eda\",\"item\":\"https:\\\/\\\/walkingranada.com\\\/que-hacer-en-granada\\\/excursiones\\\/\"},{\"@type\":\"ListItem\",\"position\":4,\"name\":\"Ronda\"}]},{\"@type\":\"WebSite\",\"@id\":\"https:\\\/\\\/walkingranada.com\\\/#website\",\"url\":\"https:\\\/\\\/walkingranada.com\\\/\",\"name\":\"Walk in Granada\",\"description\":\"Turismo responsable\",\"publisher\":{\"@id\":\"https:\\\/\\\/walkingranada.com\\\/#organization\"},\"alternateName\":\"Walk in Granada\",\"potentialAction\":[{\"@type\":\"SearchAction\",\"target\":{\"@type\":\"EntryPoint\",\"urlTemplate\":\"https:\\\/\\\/walkingranada.com\\\/?s={search_term_string}\"},\"query-input\":{\"@type\":\"PropertyValueSpecification\",\"valueRequired\":true,\"valueName\":\"search_term_string\"}}],\"inLanguage\":\"pt-PT\"},{\"@type\":\"Organization\",\"@id\":\"https:\\\/\\\/walkingranada.com\\\/#organization\",\"name\":\"Walk In Granada\",\"alternateName\":\"Walk In Granada\",\"url\":\"https:\\\/\\\/walkingranada.com\\\/\",\"logo\":{\"@type\":\"ImageObject\",\"inLanguage\":\"pt-PT\",\"@id\":\"https:\\\/\\\/walkingranada.com\\\/#\\\/schema\\\/logo\\\/image\\\/\",\"url\":\"https:\\\/\\\/walkingranada.com\\\/wp-content\\\/uploads\\\/2022\\\/12\\\/Logo-Walking.webp\",\"contentUrl\":\"https:\\\/\\\/walkingranada.com\\\/wp-content\\\/uploads\\\/2022\\\/12\\\/Logo-Walking.webp\",\"width\":512,\"height\":512,\"caption\":\"Walk In Granada\"},\"image\":{\"@id\":\"https:\\\/\\\/walkingranada.com\\\/#\\\/schema\\\/logo\\\/image\\\/\"},\"sameAs\":[\"https:\\\/\\\/es-es.facebook.com\\\/walkingranadatour\\\/\",\"https:\\\/\\\/x.com\\\/walkingranada\",\"https:\\\/\\\/www.instagram.com\\\/walkingranada\\\/\"]}]}<\/script>\n<!-- \/ Yoast SEO plugin. -->","yoast_head_json":{"title":"Visite Ronda a partir de Granada - Walk in Granada","description":"Visite a cidade emblem\u00e1tica de Ronda a partir de Granada. Considerada uma das cidades mais bonitas do mundo, ela impressiona os visitantes.","robots":{"index":"index","follow":"follow","max-snippet":"max-snippet:-1","max-image-preview":"max-image-preview:large","max-video-preview":"max-video-preview:-1"},"canonical":"https:\/\/walkingranada.com\/pt\/que-fazer-em-granada\/excursoes\/ronda\/","og_locale":"pt_PT","og_type":"article","og_title":"Visita Ronda desde Granada - Walk in Granada","og_description":"Visita el emblem\u00e1tico pueblo de Ronda desde Granada. Considerado uno de los pueblos m\u00e1s bellos del mundo, sobrecoge a los visitantes.","og_url":"https:\/\/walkingranada.com\/pt\/que-fazer-em-granada\/excursoes\/ronda\/","og_site_name":"Walk in Granada","article_publisher":"https:\/\/es-es.facebook.com\/walkingranadatour\/","article_modified_time":"2025-04-01T14:31:12+00:00","og_image":[{"url":"https:\/\/walkingranada.com\/wp-content\/uploads\/2022\/12\/Ronda.jpg.webp","type":"","width":"","height":""}],"twitter_card":"summary_large_image","twitter_site":"@walkingranada","twitter_misc":{"Tempo estimado de leitura":"3 minutos"},"schema":{"@context":"https:\/\/schema.org","@graph":[{"@type":"WebPage","@id":"https:\/\/walkingranada.com\/fr\/que-faire-a-granada\/excursions\/ronda\/","url":"https:\/\/walkingranada.com\/fr\/que-faire-a-granada\/excursions\/ronda\/","name":"Visite Ronda a partir de Granada - Walk in Granada","isPartOf":{"@id":"https:\/\/walkingranada.com\/#website"},"primaryImageOfPage":{"@id":"https:\/\/walkingranada.com\/fr\/que-faire-a-granada\/excursions\/ronda\/#primaryimage"},"image":{"@id":"https:\/\/walkingranada.com\/fr\/que-faire-a-granada\/excursions\/ronda\/#primaryimage"},"thumbnailUrl":"https:\/\/walkingranada.com\/wp-content\/uploads\/2022\/12\/Ronda.jpg.webp","datePublished":"2022-10-27T09:03:14+00:00","dateModified":"2025-04-01T14:31:12+00:00","description":"Visite a cidade emblem\u00e1tica de Ronda a partir de Granada. Considerada uma das cidades mais bonitas do mundo, ela impressiona os visitantes.","breadcrumb":{"@id":"https:\/\/walkingranada.com\/fr\/que-faire-a-granada\/excursions\/ronda\/#breadcrumb"},"inLanguage":"pt-PT","potentialAction":[{"@type":"ReadAction","target":["https:\/\/walkingranada.com\/fr\/que-faire-a-granada\/excursions\/ronda\/"]}]},{"@type":"ImageObject","inLanguage":"pt-PT","@id":"https:\/\/walkingranada.com\/fr\/que-faire-a-granada\/excursions\/ronda\/#primaryimage","url":"https:\/\/walkingranada.com\/wp-content\/uploads\/2022\/12\/Ronda.jpg.webp","contentUrl":"https:\/\/walkingranada.com\/wp-content\/uploads\/2022\/12\/Ronda.jpg.webp"},{"@type":"BreadcrumbList","@id":"https:\/\/walkingranada.com\/fr\/que-faire-a-granada\/excursions\/ronda\/#breadcrumb","itemListElement":[{"@type":"ListItem","position":1,"name":"Portada","item":"https:\/\/walkingranada.com\/"},{"@type":"ListItem","position":2,"name":"Qu\u00e9 hacer en granada","item":"https:\/\/walkingranada.com\/que-hacer-en-granada\/"},{"@type":"ListItem","position":3,"name":"Excursiones de un d\u00eda","item":"https:\/\/walkingranada.com\/que-hacer-en-granada\/excursiones\/"},{"@type":"ListItem","position":4,"name":"Ronda"}]},{"@type":"WebSite","@id":"https:\/\/walkingranada.com\/#website","url":"https:\/\/walkingranada.com\/","name":"Walk in Granada","description":"Turismo responsable","publisher":{"@id":"https:\/\/walkingranada.com\/#organization"},"alternateName":"Walk in Granada","potentialAction":[{"@type":"SearchAction","target":{"@type":"EntryPoint","urlTemplate":"https:\/\/walkingranada.com\/?s={search_term_string}"},"query-input":{"@type":"PropertyValueSpecification","valueRequired":true,"valueName":"search_term_string"}}],"inLanguage":"pt-PT"},{"@type":"Organization","@id":"https:\/\/walkingranada.com\/#organization","name":"Walk In Granada","alternateName":"Walk In Granada","url":"https:\/\/walkingranada.com\/","logo":{"@type":"ImageObject","inLanguage":"pt-PT","@id":"https:\/\/walkingranada.com\/#\/schema\/logo\/image\/","url":"https:\/\/walkingranada.com\/wp-content\/uploads\/2022\/12\/Logo-Walking.webp","contentUrl":"https:\/\/walkingranada.com\/wp-content\/uploads\/2022\/12\/Logo-Walking.webp","width":512,"height":512,"caption":"Walk In Granada"},"image":{"@id":"https:\/\/walkingranada.com\/#\/schema\/logo\/image\/"},"sameAs":["https:\/\/es-es.facebook.com\/walkingranadatour\/","https:\/\/x.com\/walkingranada","https:\/\/www.instagram.com\/walkingranada\/"]}]}},"_links":{"self":[{"href":"https:\/\/walkingranada.com\/pt\/wp-json\/wp\/v2\/pages\/458","targetHints":{"allow":["GET"]}}],"collection":[{"href":"https:\/\/walkingranada.com\/pt\/wp-json\/wp\/v2\/pages"}],"about":[{"href":"https:\/\/walkingranada.com\/pt\/wp-json\/wp\/v2\/types\/page"}],"author":[{"embeddable":true,"href":"https:\/\/walkingranada.com\/pt\/wp-json\/wp\/v2\/users\/2"}],"replies":[{"embeddable":true,"href":"https:\/\/walkingranada.com\/pt\/wp-json\/wp\/v2\/comments?post=458"}],"version-history":[{"count":3,"href":"https:\/\/walkingranada.com\/pt\/wp-json\/wp\/v2\/pages\/458\/revisions"}],"predecessor-version":[{"id":6809,"href":"https:\/\/walkingranada.com\/pt\/wp-json\/wp\/v2\/pages\/458\/revisions\/6809"}],"up":[{"embeddable":true,"href":"https:\/\/walkingranada.com\/pt\/wp-json\/wp\/v2\/pages\/446"}],"wp:attachment":[{"href":"https:\/\/walkingranada.com\/pt\/wp-json\/wp\/v2\/media?parent=458"}],"curies":[{"name":"wp","href":"https:\/\/api.w.org\/{rel}","templated":true}]}}