{"id":456,"date":"2022-10-27T09:03:04","date_gmt":"2022-10-27T09:03:04","guid":{"rendered":"https:\/\/factum-omibu.es\/walkin\/?page_id=456"},"modified":"2025-08-06T06:23:17","modified_gmt":"2025-08-06T06:23:17","slug":"sierra-nevada","status":"publish","type":"page","link":"https:\/\/walkingranada.com\/pt\/que-hacer-en-granada\/excursiones\/sierra-nevada\/","title":{"rendered":"Sierra nevada"},"content":{"rendered":"<p>Excurs\u00f5es de um d\u00eda &gt; Serra Nevada<\/p>\n\t<!-- FareHarbor calendar of item #182812 -->\n<h1>\n\t\t\tSerra Nevada de Granada\t<\/h1>\n\t<p>Parque natural e nacional, a poucos minutos do centro de Granada, \u00e9 o lugar ideal para encher os pulm\u00f5es de ar fresco, ouvir os riachos e desfrutar da diversidade oferecida pela natureza da cordilheira B\u00e9tica. Lar de mais de uma centena de esp\u00e9cies, a Serra Nevada \u00e9 uma das reservas da biosfera declaradas mais ricas em flora e fauna da Andaluzia e, portanto, a experi\u00eancia que n\u00e3o pode faltar no seu passeio pela prov\u00edncia.\u00a0<\/p>\n<p class=\"translation-block\"><strong>Esta \u00e9 uma excurs\u00e3o em grupo reduzido. Se voc\u00ea quiser fazer este passeio em formato privado, pode fazer a solicita\u00e7\u00e3o atrav\u00e9s de nossa se\u00e7\u00e3o de <\/strong><span class=\"red\"><a href=\"https:\/\/walkingranada.com\/pt\/visitas-personalizadas\/\" target=\"_self\"> <strong class=\"red\">visitas personalizadas.<\/strong><\/a><\/span><\/p>\n<h2>\n\t\t\tExcurs\u00e3o \u00e0 Serra Nevada a partir de Granada\t<\/h2>\n\t\t\t\t<img decoding=\"async\" src=\"https:\/\/walkingranada.com\/wp-content\/uploads\/2022\/12\/Sierra-Nevada-min.jpg.webp\" alt=\"Sierra Nevada\" itemprop=\"image\" height=\"398\" width=\"711\" title=\"Sierra Nevada\" onerror=\"this.style.display='none'\" loading=\"lazy\" \/>\n\t<p class=\"translation-block\">Mergulhar na natureza em menos de uma hora de carro, deixando a cidade para tr\u00e1s, \u00e9 um prazer que muitos deveriam experimentar. Do centro de Granada, em plena pra\u00e7a Mariana Pineda, partimos numa excurs\u00e3o \u00e0 Serra Nevada, para entrar <strong>numa das paisagens mais deslumbrantes da Europa<\/strong>, acompanhados por um guia especializado na zona. A transfer\u00eancia f\u00edsica e mental est\u00e1 garantida, pois o nosso guia n\u00e3o s\u00f3 se aventurar\u00e1 por detr\u00e1s das montanhas ou o levar\u00e1 a conhecer e a desfrutar da sua vegeta\u00e7\u00e3o e flora, como tamb\u00e9m o informar\u00e1 de todas as curiosidades que fazem deste lugar um lugar interessante e cativante, como a sua rela\u00e7\u00e3o com os Alpes e os Himalaias..<\/p>\n\t<p class=\"translation-block\">Esta atividade de caminhada moderada, a 2.600 metros de altitude, n\u00e3o ser\u00e1 uma exce\u00e7\u00e3o ao prazer, j\u00e1 que a paisagem e o que lhe pertence o envolver\u00e3o com os seus sons de \u00e1gua de alta montanha, cascatas, assim como o sil\u00eancio das lagoas e a neve que podemos apreciar. Descobrir a Serra Nevada \u00e9 um fasc\u00ednio pelo que Granada tem para oferecer para al\u00e9m das suas ruas movimentadas, \u00e9 uma fuga para os sentidos. O passeio leva-nos atrav\u00e9s de <strong>montanhas e vales de cortar a respira\u00e7\u00e3o<\/strong>, oferecendo uma experi\u00eancia \u00fanica e emocionante para os amantes da natureza e tamb\u00e9m para os que procuram aventura.<\/p>\n<p class=\"translation-block\">Depois de sairmos do centro da cidade e quando chegarmos \u00e0 Serra Nevada, se fizermos o percurso durante os meses de inverno e mesmo at\u00e9 maio, a neve acompanhar-nos-\u00e1 durante todo o percurso. Visitaremos o cora\u00e7\u00e3o da Serra, onde se encontra o <strong>Monumento \u00e0 Virgem das Neves<\/strong>, no cimo do pico da Veleta. Trata-se de uma est\u00e1tua da Virgem Maria que se ergue a mais de 3.000 metros de altitude, o que a torna numa das imagens religiosas mais altas da Europa.<\/p>\n<p class=\"translation-block\">Percorreremos o <strong>Caminho do Duque<\/strong> que \u00e9 uma rota que percorre as paisagens naturais da Serra de Hu\u00e9tor. Deve o seu nome ao Duque de San Pedro de Galino, a quem presta homenagem, j\u00e1 que foi ele quem manteve estas terras em seu poder durante o s\u00e9culo XVII.<\/p>\n<p class=\"translation-block\">Os meses quentes n\u00e3o s\u00e3o menos que uma surpreendente rota de caminhadas, as <strong>actividades ao ar livre<\/strong> com a vegeta\u00e7\u00e3o que aqui se pode encontrar n\u00e3o deixar\u00e3o de o fascinar, j\u00e1 que as vistas panor\u00e2micas inundam a zona.<\/p>\n<p class=\"translation-block\">Uma viagem \u00e0 Serra Nevada \u00e9, sem d\u00favida, uma <strong>oportunidade \u00fanica<\/strong> para conhecer a beleza natural da regi\u00e3o. Quer esteja \u00e0 procura de neve, aventura ou apenas queira descontrair e desfrutar de uma caminhada tranquila nas montanhas, este passeio tem algo para todos.<\/p>\n<h2>\n\t\t\tPonto de encontro\t<\/h2>\n\t<p><strong>Pra\u00e7a de Las Descalzas, 3<\/strong><\/p>\n\t<p>Precisa de indica\u00e7\u00f5es para l\u00e1 chegar?<\/p>\n\t\t\t<a href=\"#reserva\" target=\"_self\">\n\t\t\t\t\t\t\tReservar &gt;\n\t\t\t\t\t<\/a>\n\t\t\t<a href=\"https:\/\/maps.app.goo.gl\/pTs7AyQVYMfpdsCm8\" target=\"_blank\" rel=\"noopener\">\n\t\t\t\t\t\t\tVer Mapa &gt;\n\t\t\t\t\t<\/a>\n<h2>\n\t\t\tO que vai a visitar\t<\/h2>\n\t<ul>\n<li aria-level=\"1\">Caminhadas moderadas nas altas montanhas.<\/li>\n<li aria-level=\"1\">Visita interpretativa do ecossistema existente na Serra Nevada. Um ecossistema \u00fanico.<\/li>\n<li aria-level=\"1\">Caminhe sempre acompanhado por um guia de montanha.<\/li>\n<\/ul>\n<h2>\n\t\t\tO que est\u00e1 inclu\u00eddo na visita\t<\/h2>\n\t<ul>\n<li aria-level=\"1\">Acompanhamento de guia de montanha durante todo o passeio.<\/li>\n<li aria-level=\"1\">Transporte<\/li>\n<\/ul>\n<h2>\n\t\t\tO que a visita n\u00e3o inclui\t<\/h2>\n\t<ul>\n<li aria-level=\"1\">Comida e bebida<\/li>\n<\/ul>\n<h2>\n\t\t\tOutras considera\u00e7\u00f5es\t<\/h2>\n\t<p>\u00c9 essencial estar no ponto de encontro no momento indicado, uma vez que se n\u00e3o o fizer, perder\u00e1 o direito de fazer a excurs\u00e3o e o reembolso da taxa de excurs\u00e3o.<\/p>\n<p>Nas visitas em que h\u00e1 crian\u00e7as, deve indicar com anteced\u00eancia a sua idade.<\/p>\n<h3>\n\t\t\tTambi\u00e9n puedes reservar nuestros otros servicios&#8230;\t<\/h3>\n\t<a href=\"https:\/\/walkingranada.com\/pt\/que-fazer-em-granada\/flamenco\/\" target=\"_self\"><\/a>\t\t\t<img decoding=\"async\" loading=\"lazy\" alt=\"bailaora flamenca\" src=\"https:\/\/walkingranada.com\/wp-content\/uploads\/2022\/10\/Rectangle-42.png\"\/>\n\t\t<h3>Flamenco<\/h3>\n\t<a href=\"https:\/\/walkingranada.com\/pt\/que-fazer-em-granada\/hammam-al-andalus\/\" target=\"_self\"><\/a>\t\t\t<img decoding=\"async\" loading=\"lazy\" alt=\"ba\u00f1os \u00e1rabes\" src=\"https:\/\/walkingranada.com\/wp-content\/uploads\/2022\/10\/Rectangle-43.png\"\/>\n\t\t<h3>Hammam <br \/>Al-\u00e1ndalus<\/h3>\n\t<a href=\"https:\/\/walkingranada.com\/pt\/que-fazer-em-granada\/excursoes\/\" target=\"_self\"><\/a>\t\t\t<img decoding=\"async\" loading=\"lazy\" alt=\"mezquita de c\u00f3rdoba\" src=\"https:\/\/walkingranada.com\/wp-content\/uploads\/2022\/10\/Rectangle-45.png\"\/>\n\t\t<h3>excurs\u00f5es <br \/>de un dia<\/h3>\n\t<a href=\"https:\/\/walkingranada.com\/pt\/que-fazer-em-granada\/rota-olfativa\/\" target=\"_self\"><\/a>\t\t\t<img decoding=\"async\" loading=\"lazy\" alt=\"imagen de una chica joven\" src=\"https:\/\/walkingranada.com\/wp-content\/uploads\/2022\/10\/Rectangle-38.png\"\/>\n\t\t<h3>Rota olfativa<\/h3>","protected":false},"excerpt":{"rendered":"<p>Excursiones &gt; Sierra Nevada Sierra Nevada desde Granada Un parque natural y nacional, a tan solo minutos del centro de Granada, es el lugar ideal para llenar los pulmones de aire fresco, escuchar los arroyos y disfrutar de la diversidad que ofrece la naturaleza de la cordillera B\u00e9tica. Un sitio donde habitan m\u00e1s de un &#8230; <a title=\"Sierra nevada\" class=\"read-more\" href=\"https:\/\/walkingranada.com\/pt\/que-hacer-en-granada\/excursiones\/sierra-nevada\/\" aria-label=\"Leia mais sobre Sierra nevada\">Ler mais<\/a><\/p>","protected":false},"author":2,"featured_media":0,"parent":446,"menu_order":0,"comment_status":"closed","ping_status":"closed","template":"","meta":{"footnotes":""},"class_list":["post-456","page","type-page","status-publish"],"yoast_head":"<!-- This site is optimized with the Yoast SEO plugin v27.4 - https:\/\/yoast.com\/product\/yoast-seo-wordpress\/ -->\n<title>Excursi\u00f3n a Sierra Nevada desde Granada - Walk in Granada<\/title>\n<meta name=\"description\" content=\"Sierra Nevada es un parque nacional con una riqueza natural y paisaj\u00edstica sin igual. Ad\u00e9ntrate en la sierra con un gu\u00eda profesional.\" \/>\n<meta name=\"robots\" content=\"index, follow, max-snippet:-1, max-image-preview:large, max-video-preview:-1\" \/>\n<link rel=\"canonical\" href=\"https:\/\/walkingranada.com\/pt\/que-fazer-em-granada\/excursoes\/sierra-nevada\/\" \/>\n<meta property=\"og:locale\" content=\"pt_PT\" \/>\n<meta property=\"og:type\" content=\"article\" \/>\n<meta property=\"og:title\" content=\"Excursi\u00f3n a Sierra Nevada desde Granada - Walk in Granada\" \/>\n<meta property=\"og:description\" content=\"Sierra Nevada es un parque nacional con una riqueza natural y paisaj\u00edstica sin igual. Ad\u00e9ntrate en la sierra con un gu\u00eda profesional.\" \/>\n<meta property=\"og:url\" content=\"https:\/\/walkingranada.com\/pt\/que-fazer-em-granada\/excursoes\/sierra-nevada\/\" \/>\n<meta property=\"og:site_name\" content=\"Walk in Granada\" \/>\n<meta property=\"article:publisher\" content=\"https:\/\/es-es.facebook.com\/walkingranadatour\/\" \/>\n<meta property=\"article:modified_time\" content=\"2025-08-06T06:23:17+00:00\" \/>\n<meta property=\"og:image\" content=\"https:\/\/walkingranada.com\/wp-content\/uploads\/2022\/12\/Sierra-Nevada-min.jpg.webp\" \/>\n<meta name=\"twitter:card\" content=\"summary_large_image\" \/>\n<meta name=\"twitter:site\" content=\"@walkingranada\" \/>\n<meta name=\"twitter:label1\" content=\"Tempo estimado de leitura\" \/>\n\t<meta name=\"twitter:data1\" content=\"3 minutos\" \/>\n<script type=\"application\/ld+json\" class=\"yoast-schema-graph\">{\"@context\":\"https:\\\/\\\/schema.org\",\"@graph\":[{\"@type\":\"WebPage\",\"@id\":\"https:\\\/\\\/walkingranada.com\\\/que-hacer-en-granada\\\/excursiones\\\/sierra-nevada\\\/\",\"url\":\"https:\\\/\\\/walkingranada.com\\\/que-hacer-en-granada\\\/excursiones\\\/sierra-nevada\\\/\",\"name\":\"Excursi\u00f3n a Sierra Nevada desde Granada - Walk in Granada\",\"isPartOf\":{\"@id\":\"https:\\\/\\\/walkingranada.com\\\/#website\"},\"primaryImageOfPage\":{\"@id\":\"https:\\\/\\\/walkingranada.com\\\/que-hacer-en-granada\\\/excursiones\\\/sierra-nevada\\\/#primaryimage\"},\"image\":{\"@id\":\"https:\\\/\\\/walkingranada.com\\\/que-hacer-en-granada\\\/excursiones\\\/sierra-nevada\\\/#primaryimage\"},\"thumbnailUrl\":\"https:\\\/\\\/walkingranada.com\\\/wp-content\\\/uploads\\\/2022\\\/12\\\/Sierra-Nevada-min.jpg.webp\",\"datePublished\":\"2022-10-27T09:03:04+00:00\",\"dateModified\":\"2025-08-06T06:23:17+00:00\",\"description\":\"Sierra Nevada es un parque nacional con una riqueza natural y paisaj\u00edstica sin igual. Ad\u00e9ntrate en la sierra con un gu\u00eda profesional.\",\"breadcrumb\":{\"@id\":\"https:\\\/\\\/walkingranada.com\\\/que-hacer-en-granada\\\/excursiones\\\/sierra-nevada\\\/#breadcrumb\"},\"inLanguage\":\"pt-PT\",\"potentialAction\":[{\"@type\":\"ReadAction\",\"target\":[\"https:\\\/\\\/walkingranada.com\\\/que-hacer-en-granada\\\/excursiones\\\/sierra-nevada\\\/\"]}]},{\"@type\":\"ImageObject\",\"inLanguage\":\"pt-PT\",\"@id\":\"https:\\\/\\\/walkingranada.com\\\/que-hacer-en-granada\\\/excursiones\\\/sierra-nevada\\\/#primaryimage\",\"url\":\"https:\\\/\\\/walkingranada.com\\\/wp-content\\\/uploads\\\/2022\\\/12\\\/Sierra-Nevada-min.jpg.webp\",\"contentUrl\":\"https:\\\/\\\/walkingranada.com\\\/wp-content\\\/uploads\\\/2022\\\/12\\\/Sierra-Nevada-min.jpg.webp\"},{\"@type\":\"BreadcrumbList\",\"@id\":\"https:\\\/\\\/walkingranada.com\\\/que-hacer-en-granada\\\/excursiones\\\/sierra-nevada\\\/#breadcrumb\",\"itemListElement\":[{\"@type\":\"ListItem\",\"position\":1,\"name\":\"Portada\",\"item\":\"https:\\\/\\\/walkingranada.com\\\/\"},{\"@type\":\"ListItem\",\"position\":2,\"name\":\"Qu\u00e9 hacer en granada\",\"item\":\"https:\\\/\\\/walkingranada.com\\\/que-hacer-en-granada\\\/\"},{\"@type\":\"ListItem\",\"position\":3,\"name\":\"Excursiones de un d\u00eda\",\"item\":\"https:\\\/\\\/walkingranada.com\\\/que-hacer-en-granada\\\/excursiones\\\/\"},{\"@type\":\"ListItem\",\"position\":4,\"name\":\"Sierra nevada\"}]},{\"@type\":\"WebSite\",\"@id\":\"https:\\\/\\\/walkingranada.com\\\/#website\",\"url\":\"https:\\\/\\\/walkingranada.com\\\/\",\"name\":\"Walk in Granada\",\"description\":\"Turismo responsable\",\"publisher\":{\"@id\":\"https:\\\/\\\/walkingranada.com\\\/#organization\"},\"alternateName\":\"Walk in Granada\",\"potentialAction\":[{\"@type\":\"SearchAction\",\"target\":{\"@type\":\"EntryPoint\",\"urlTemplate\":\"https:\\\/\\\/walkingranada.com\\\/?s={search_term_string}\"},\"query-input\":{\"@type\":\"PropertyValueSpecification\",\"valueRequired\":true,\"valueName\":\"search_term_string\"}}],\"inLanguage\":\"pt-PT\"},{\"@type\":\"Organization\",\"@id\":\"https:\\\/\\\/walkingranada.com\\\/#organization\",\"name\":\"Walk In Granada\",\"alternateName\":\"Walk In Granada\",\"url\":\"https:\\\/\\\/walkingranada.com\\\/\",\"logo\":{\"@type\":\"ImageObject\",\"inLanguage\":\"pt-PT\",\"@id\":\"https:\\\/\\\/walkingranada.com\\\/#\\\/schema\\\/logo\\\/image\\\/\",\"url\":\"https:\\\/\\\/walkingranada.com\\\/wp-content\\\/uploads\\\/2022\\\/12\\\/Logo-Walking.webp\",\"contentUrl\":\"https:\\\/\\\/walkingranada.com\\\/wp-content\\\/uploads\\\/2022\\\/12\\\/Logo-Walking.webp\",\"width\":512,\"height\":512,\"caption\":\"Walk In Granada\"},\"image\":{\"@id\":\"https:\\\/\\\/walkingranada.com\\\/#\\\/schema\\\/logo\\\/image\\\/\"},\"sameAs\":[\"https:\\\/\\\/es-es.facebook.com\\\/walkingranadatour\\\/\",\"https:\\\/\\\/x.com\\\/walkingranada\",\"https:\\\/\\\/www.instagram.com\\\/walkingranada\\\/\"]}]}<\/script>\n<!-- \/ Yoast SEO plugin. -->","yoast_head_json":{"title":"Excurs\u00e3o para Sierra Nevada saindo de Granada - Walk in Granada","description":"Sierra Nevada \u00e9 um parque nacional com uma riqueza natural e paisag\u00edstica sem igual. Aventure-se nas montanhas com um guia profissional.","robots":{"index":"index","follow":"follow","max-snippet":"max-snippet:-1","max-image-preview":"max-image-preview:large","max-video-preview":"max-video-preview:-1"},"canonical":"https:\/\/walkingranada.com\/pt\/que-fazer-em-granada\/excursoes\/sierra-nevada\/","og_locale":"pt_PT","og_type":"article","og_title":"Excursi\u00f3n a Sierra Nevada desde Granada - Walk in Granada","og_description":"Sierra Nevada es un parque nacional con una riqueza natural y paisaj\u00edstica sin igual. Ad\u00e9ntrate en la sierra con un gu\u00eda profesional.","og_url":"https:\/\/walkingranada.com\/pt\/que-fazer-em-granada\/excursoes\/sierra-nevada\/","og_site_name":"Walk in Granada","article_publisher":"https:\/\/es-es.facebook.com\/walkingranadatour\/","article_modified_time":"2025-08-06T06:23:17+00:00","og_image":[{"url":"https:\/\/walkingranada.com\/wp-content\/uploads\/2022\/12\/Sierra-Nevada-min.jpg.webp","type":"","width":"","height":""}],"twitter_card":"summary_large_image","twitter_site":"@walkingranada","twitter_misc":{"Tempo estimado de leitura":"3 minutos"},"schema":{"@context":"https:\/\/schema.org","@graph":[{"@type":"WebPage","@id":"https:\/\/walkingranada.com\/que-hacer-en-granada\/excursiones\/sierra-nevada\/","url":"https:\/\/walkingranada.com\/que-hacer-en-granada\/excursiones\/sierra-nevada\/","name":"Excurs\u00e3o para Sierra Nevada saindo de Granada - Walk in Granada","isPartOf":{"@id":"https:\/\/walkingranada.com\/#website"},"primaryImageOfPage":{"@id":"https:\/\/walkingranada.com\/que-hacer-en-granada\/excursiones\/sierra-nevada\/#primaryimage"},"image":{"@id":"https:\/\/walkingranada.com\/que-hacer-en-granada\/excursiones\/sierra-nevada\/#primaryimage"},"thumbnailUrl":"https:\/\/walkingranada.com\/wp-content\/uploads\/2022\/12\/Sierra-Nevada-min.jpg.webp","datePublished":"2022-10-27T09:03:04+00:00","dateModified":"2025-08-06T06:23:17+00:00","description":"Sierra Nevada \u00e9 um parque nacional com uma riqueza natural e paisag\u00edstica sem igual. Aventure-se nas montanhas com um guia profissional.","breadcrumb":{"@id":"https:\/\/walkingranada.com\/que-hacer-en-granada\/excursiones\/sierra-nevada\/#breadcrumb"},"inLanguage":"pt-PT","potentialAction":[{"@type":"ReadAction","target":["https:\/\/walkingranada.com\/que-hacer-en-granada\/excursiones\/sierra-nevada\/"]}]},{"@type":"ImageObject","inLanguage":"pt-PT","@id":"https:\/\/walkingranada.com\/que-hacer-en-granada\/excursiones\/sierra-nevada\/#primaryimage","url":"https:\/\/walkingranada.com\/wp-content\/uploads\/2022\/12\/Sierra-Nevada-min.jpg.webp","contentUrl":"https:\/\/walkingranada.com\/wp-content\/uploads\/2022\/12\/Sierra-Nevada-min.jpg.webp"},{"@type":"BreadcrumbList","@id":"https:\/\/walkingranada.com\/que-hacer-en-granada\/excursiones\/sierra-nevada\/#breadcrumb","itemListElement":[{"@type":"ListItem","position":1,"name":"Portada","item":"https:\/\/walkingranada.com\/"},{"@type":"ListItem","position":2,"name":"Qu\u00e9 hacer en granada","item":"https:\/\/walkingranada.com\/que-hacer-en-granada\/"},{"@type":"ListItem","position":3,"name":"Excursiones de un d\u00eda","item":"https:\/\/walkingranada.com\/que-hacer-en-granada\/excursiones\/"},{"@type":"ListItem","position":4,"name":"Sierra nevada"}]},{"@type":"WebSite","@id":"https:\/\/walkingranada.com\/#website","url":"https:\/\/walkingranada.com\/","name":"Walk in Granada","description":"Turismo responsable","publisher":{"@id":"https:\/\/walkingranada.com\/#organization"},"alternateName":"Walk in Granada","potentialAction":[{"@type":"SearchAction","target":{"@type":"EntryPoint","urlTemplate":"https:\/\/walkingranada.com\/?s={search_term_string}"},"query-input":{"@type":"PropertyValueSpecification","valueRequired":true,"valueName":"search_term_string"}}],"inLanguage":"pt-PT"},{"@type":"Organization","@id":"https:\/\/walkingranada.com\/#organization","name":"Walk In Granada","alternateName":"Walk In Granada","url":"https:\/\/walkingranada.com\/","logo":{"@type":"ImageObject","inLanguage":"pt-PT","@id":"https:\/\/walkingranada.com\/#\/schema\/logo\/image\/","url":"https:\/\/walkingranada.com\/wp-content\/uploads\/2022\/12\/Logo-Walking.webp","contentUrl":"https:\/\/walkingranada.com\/wp-content\/uploads\/2022\/12\/Logo-Walking.webp","width":512,"height":512,"caption":"Walk In Granada"},"image":{"@id":"https:\/\/walkingranada.com\/#\/schema\/logo\/image\/"},"sameAs":["https:\/\/es-es.facebook.com\/walkingranadatour\/","https:\/\/x.com\/walkingranada","https:\/\/www.instagram.com\/walkingranada\/"]}]}},"_links":{"self":[{"href":"https:\/\/walkingranada.com\/pt\/wp-json\/wp\/v2\/pages\/456","targetHints":{"allow":["GET"]}}],"collection":[{"href":"https:\/\/walkingranada.com\/pt\/wp-json\/wp\/v2\/pages"}],"about":[{"href":"https:\/\/walkingranada.com\/pt\/wp-json\/wp\/v2\/types\/page"}],"author":[{"embeddable":true,"href":"https:\/\/walkingranada.com\/pt\/wp-json\/wp\/v2\/users\/2"}],"replies":[{"embeddable":true,"href":"https:\/\/walkingranada.com\/pt\/wp-json\/wp\/v2\/comments?post=456"}],"version-history":[{"count":6,"href":"https:\/\/walkingranada.com\/pt\/wp-json\/wp\/v2\/pages\/456\/revisions"}],"predecessor-version":[{"id":7055,"href":"https:\/\/walkingranada.com\/pt\/wp-json\/wp\/v2\/pages\/456\/revisions\/7055"}],"up":[{"embeddable":true,"href":"https:\/\/walkingranada.com\/pt\/wp-json\/wp\/v2\/pages\/446"}],"wp:attachment":[{"href":"https:\/\/walkingranada.com\/pt\/wp-json\/wp\/v2\/media?parent=456"}],"curies":[{"name":"wp","href":"https:\/\/api.w.org\/{rel}","templated":true}]}}