{"id":454,"date":"2022-10-27T09:02:51","date_gmt":"2022-10-27T09:02:51","guid":{"rendered":"https:\/\/factum-omibu.es\/walkin\/?page_id=454"},"modified":"2025-07-30T12:21:30","modified_gmt":"2025-07-30T12:21:30","slug":"alpujarra","status":"publish","type":"page","link":"https:\/\/walkingranada.com\/pt\/que-hacer-en-granada\/excursiones\/alpujarra\/","title":{"rendered":"Alpujarra"},"content":{"rendered":"<p>Excurs\u00f5es de um d\u00eda &gt; Alpujarra<\/p>\r\n\t<!-- FareHarbor calendar of item #180985 --><br \/>\r\n\r\n<h1>\r\n\t\tVisita guiada \u00e0 Alpujarra\r\n\t<\/h1>\r\n\t<p>Nenhum lugar em toda a Espanha fornece mais informa\u00e7\u00e3o sobre os \u00faltimos anos dos Mouros na Pen\u00ednsula Ib\u00e9rica do que as Alpujarras em Granada e Almeria. Uma regi\u00e3o que n\u00e3o recebeu qualquer influ\u00eancia crist\u00e3 desde 1492, quando a cidade de Granada foi entregue, at\u00e9 1570, quando foi decretada a expuls\u00e3o dos mouros do reino de Espanha, sendo o \u00faltimo reduto do Reino de Granada ap\u00f3s a queda da capital nas m\u00e3os dos monarcas cat\u00f3licos.<\/p>\r\n<p class=\"translation-block\"><strong>Esta \u00e9 uma excurs\u00e3o em grupo reduzido. Se voc\u00ea quiser fazer este passeio em formato privado, pode fazer a solicita\u00e7\u00e3o atrav\u00e9s de nossa se\u00e7\u00e3o de <\/strong><span class=\"red\"><a href=\"https:\/\/walkingranada.com\/pt\/visitas-personalizadas\/\" target=\"_self\"> <strong class=\"red\">visitas personalizadas.<\/strong><\/a><\/span><\/p>\r\n<h2>\r\n\t\tExcurs\u00e3o para a Alpujarra a partir de Granada\r\n\t<\/h2>\r\n\t\t\t\t<img decoding=\"async\" loading=\"lazy\" src=\"https:\/\/walkingranada.com\/wp-content\/uploads\/2025\/01\/alpujarra.jpg.webp\" alt=\"alpujarra\" itemprop=\"image\" height=\"398\" width=\"711\" title=\"alpujarra\" onerror=\"this.style.display='none'\"  \/>\r\n\t<p class=\"translation-block\">Nosso passeio de um dia pela <strong>La Alpujarra<\/strong> saindo de Granada percorre as principais cidades desta regi\u00e3o, com riqueza n\u00e3o apenas hist\u00f3rica, mas tamb\u00e9m natural. Um local onde a arquitetura mourisca e nasrida se mistura \u00e0 majestade do <strong>Parque Nacional de Sierra Nevada<\/strong> em um percurso por munic\u00edpios com car\u00e1ter pr\u00f3prio.<\/p>\r\n<p>Ruas estreitas rodeadas por muros caiados de branco, terra\u00e7os de calc\u00e1rio, terras agr\u00edcolas em partes delimitadas por balates, e um terreno acidentado fazem de cada uma destas aldeias um verdadeiro prazer para os visitantes. Ambientes onde o turismo natural coexiste com a agricultura e a pecu\u00e1ria mais tradicionais, que ainda hoje permanecem como vest\u00edgios de tempos mais simples.<\/p>\r\n<p class=\"translation-block\">O percurso parte de Granada e adentra-se nas montanhas, sendo o primeiro munic\u00edpio visitado a porta de entrada para <strong>as Alpujarras<\/strong>. <strong>Lanjar\u00f3n<\/strong>, onde \u00e9 poss\u00edvel visitar a <strong>ponte nasrida de Tablate<\/strong> e o castelo Nasrid deste munic\u00edpio.<\/p>\r\n\t<p class=\"translation-block\">La visite se poursuit en voiture jusqu'au <strong>Mirador del Poqueira<\/strong>, un point de vue privil\u00e9gi\u00e9 d'o\u00f9 l'on peut observer une vue panoramique des municipalit\u00e9s de la <strong>Vale do Poqueira (Pampaneira, Bubi\u00f3n et Capileira)<\/strong>, couronn\u00e9es \u00e0 l'arri\u00e8re-plan par les <strong>Picos del Mulhac\u00e9n et Veleta<\/strong>, et surplombant la <strong>Vall\u00e9e de la rivi\u00e8re Guadalfeo<\/strong>. Un paysage spectaculaire o\u00f9 le visiteur pourra sans aucun doute capturer l'une des vues les plus \u00e9poustouflantes du voyage.<\/p>\r\n<p class=\"translation-block\">O percurso continua explorando as aldeias no interior de <strong>La Alpujarra<\/strong>, com a pr\u00f3xima parada sendo la<strong>Nascente Fonte Agria<\/strong>, a meio caminho entre <strong>P\u00f3rtugos e Busqu\u00edstar<\/strong>. Nessa fonte, \u00e9 poss\u00edvel visitar a <strong>Ermida da Virgem das Ang\u00fastias<\/strong> e beber da fonte com cinco canos. \u00c9 uma fonte com \u00e1guas \u00e1cidas devido ao alto teor de ferro, com a curiosidade de que cada cano fornece uma concentra\u00e7\u00e3o de ferro diferente, sendo o primeiro muito suave e o \u00faltimo muito azedo.<\/p>\r\n<p class=\"translation-block\">Abaixo desta fonte est\u00e1 <strong>El Chorre\u00f3n<\/strong>, um espa\u00e7o destinado a piquenique cercado por uma paisagem exuberante, rodeado por \u00e1lamos e com as paredes de rocha completamente cobertas de samambaias.<\/p>\r\nTras la visita al Chorre\u00f3n volvemos por el camino hasta el municipio de <strong>Pitres<\/strong>, sobre el cual haremos una parada para visitar una de sus pedan\u00edas, <strong>Capilerilla.<\/strong> Un municipio poco transitado por turistas que conserva gran parte de la vida tradicional de <strong>la Alpujarra<\/strong>, y donde el visitante podr\u00e1 disfrutar de la arquitectura y modus vivendi local en su m\u00e1xima expresi\u00f3n.<br \/>\r\nNuestra ruta acaba en el <strong>Vale do Poqueira<\/strong>, concretamente en el m\u00e1s bajo de sus tres municipios, <strong>Pampaneira<\/strong>. Un enclave de alto inter\u00e9s tur\u00edstico donde el visitante dispondr\u00e1 de tiempo libre para pasear por esta bella localidad, conocida por su chocolate y considerado uno de los pueblos m\u00e1s bonitos de Espa\u00f1a. Desde aqu\u00ed parte adem\u00e1s una ruta circular de unos pocos kil\u00f3metros y f\u00e1cilmente transitable que recorre los municipios de <strong>Bubi\u00f3n y Capileira<\/strong> para volver a bajar a <strong>Pampaneira<\/strong> de nuevo.\r\n<h2>\r\n\t\tPonto de encontro\r\n\t<\/h2>\r\n\t<p><strong>Pra\u00e7a Mariana Pineda<\/strong><\/p>\r\n\t<p>Precisa de indica\u00e7\u00f5es para l\u00e1 chegar?<\/p>\r\n\t\t\t<a href=\"#reserva\" target=\"_self\">\r\n\t\t\t\t\t\t\tReservar &gt;\r\n\t\t\t\t\t<\/a>\r\n\t\t\t<a href=\"https:\/\/goo.gl\/maps\/S8LCwLLRQArti4X98\" target=\"_self\">\r\n\t\t\t\t\t\t\tVer Mapa &gt;\r\n\t\t\t\t\t<\/a>\r\n<h2>\r\n\t\tO que vai visitar\r\n\t<\/h2>\r\n\t<ul>\r\n<li>Castelo de Lanjar\u00f3n<\/li>\r\n<li>Ponte de Tablate<\/li>\r\n<li>Vale do Poqueira<\/li>\r\n<li>Nascente Fonte Agria<\/li>\r\n<li>Corre\u00f3n em P\u00f3rtugos<\/li>\r\n<li>Pitres<\/li>\r\n<li>Capilerilla<\/li>\r\n<li>Pampaneira<\/li>\r\n<\/ul>\r\n<h2>\r\n\t\tO que est\u00e1 inclu\u00eddo na visita\r\n\t<\/h2>\r\n\t<ul>\r\n<li aria-level=\"1\">Transporte num grupo de, no m\u00e1ximo, 7<\/li>\r\n<li aria-level=\"1\">Guia local<\/li>\r\n<li aria-level=\"1\">Seguro de viagem individual<\/li>\r\n<\/ul>\r\n<h2>\r\n\t\tO que a visita n\u00e3o inclui\r\n\t<\/h2>\r\n\t<ul>\r\n<li aria-level=\"1\">Comida e bebida<\/li>\r\n<\/ul>\r\n<h2>\r\n\t\tTambi\u00e9n puedes reservar nuestros otros servicios&#8230;\r\n\t<\/h2>\r\n\t<a href=\"https:\/\/walkingranada.com\/pt\/que-fazer-em-granada\/flamenco\/\" target=\"_self\"><\/a>\t\t\t<img decoding=\"async\" loading=\"lazy\" alt=\"bailaora flamenca\" src=\"https:\/\/walkingranada.com\/wp-content\/uploads\/2022\/10\/Rectangle-42.png\"\/>\r\n\t\t<h3>Flamenco<\/h3>\r\n\t<a href=\"https:\/\/walkingranada.com\/pt\/que-fazer-em-granada\/hammam-al-andalus\/\" target=\"_self\"><\/a>\t\t\t<img decoding=\"async\" loading=\"lazy\" alt=\"ba\u00f1os \u00e1rabes\" src=\"https:\/\/walkingranada.com\/wp-content\/uploads\/2022\/10\/Rectangle-43.png\"\/>\r\n\t\t<h3>Hammam <br \/>Al-\u00e1ndalus<\/h3>\r\n\t<a href=\"https:\/\/walkingranada.com\/pt\/que-fazer-em-granada\/excursoes\/\" target=\"_self\"><\/a>\t\t\t<img decoding=\"async\" loading=\"lazy\" alt=\"mezquita de c\u00f3rdoba\" src=\"https:\/\/walkingranada.com\/wp-content\/uploads\/2022\/10\/Rectangle-45.png\"\/>\r\n\t\t<h3>excurs\u00f5es <br \/>de un dia<\/h3>\r\n\t<a href=\"https:\/\/walkingranada.com\/pt\/que-fazer-em-granada\/rota-olfativa\/\" target=\"_self\"><\/a>\t\t\t<img decoding=\"async\" loading=\"lazy\" alt=\"imagen de una chica joven\" src=\"https:\/\/walkingranada.com\/wp-content\/uploads\/2022\/10\/Rectangle-38.png\"\/>\r\n\t\t<h3>Rota olfativa<\/h3>","protected":false},"excerpt":{"rendered":"<p>Excursiones &gt; Alpujarra Visita guiada a la alpujarra Ning\u00fan enclave en toda la geograf\u00eda espa\u00f1ola aporta m\u00e1s informaci\u00f3n sobre los \u00faltimos a\u00f1os de los moriscos en la Pen\u00ednsula Ib\u00e9rica que las Alpujarras granadina y almeriense. Una regi\u00f3n que no recibi\u00f3 influencia Cristiana alguna desde 1492, cuando es rendida la ciudad de Granada, hasta 1570, cuando &#8230; <a title=\"Alpujarra\" class=\"read-more\" href=\"https:\/\/walkingranada.com\/pt\/que-hacer-en-granada\/excursiones\/alpujarra\/\" aria-label=\"Leia mais sobre Alpujarra\">Ler mais<\/a><\/p>","protected":false},"author":2,"featured_media":0,"parent":446,"menu_order":0,"comment_status":"closed","ping_status":"closed","template":"","meta":{"footnotes":""},"class_list":["post-454","page","type-page","status-publish"],"yoast_head":"<!-- This site is optimized with the Yoast SEO plugin v27.5 - https:\/\/yoast.com\/product\/yoast-seo-wordpress\/ -->\n<title>Visitar la Alpujarra - Walk in Granada<\/title>\n<meta name=\"description\" content=\"La Alpujarra es un enclave donde el tiempo parece que se ha detenido. Descubre sus pueblos de paredes encaladas en plena Sierra Nevada.\" \/>\n<meta name=\"robots\" content=\"index, follow, max-snippet:-1, max-image-preview:large, max-video-preview:-1\" \/>\n<link rel=\"canonical\" href=\"https:\/\/walkingranada.com\/pt\/que-fazer-em-granada\/excursoes\/alpujarra\/\" \/>\n<meta property=\"og:locale\" content=\"pt_PT\" \/>\n<meta property=\"og:type\" content=\"article\" \/>\n<meta property=\"og:title\" content=\"Visitar la Alpujarra - Walk in Granada\" \/>\n<meta property=\"og:description\" content=\"La Alpujarra es un enclave donde el tiempo parece que se ha detenido. Descubre sus pueblos de paredes encaladas en plena Sierra Nevada.\" \/>\n<meta property=\"og:url\" content=\"https:\/\/walkingranada.com\/pt\/que-fazer-em-granada\/excursoes\/alpujarra\/\" \/>\n<meta property=\"og:site_name\" content=\"Walk in Granada\" \/>\n<meta property=\"article:publisher\" content=\"https:\/\/es-es.facebook.com\/walkingranadatour\/\" \/>\n<meta property=\"article:modified_time\" content=\"2025-07-30T12:21:30+00:00\" \/>\n<meta property=\"og:image\" content=\"https:\/\/walkingranada.com\/wp-content\/uploads\/2025\/01\/alpujarra.jpg.webp\" \/>\n<meta name=\"twitter:card\" content=\"summary_large_image\" \/>\n<meta name=\"twitter:site\" content=\"@walkingranada\" \/>\n<meta name=\"twitter:label1\" content=\"Tempo estimado de leitura\" \/>\n\t<meta name=\"twitter:data1\" content=\"5 minutos\" \/>\n<script type=\"application\/ld+json\" class=\"yoast-schema-graph\">{\"@context\":\"https:\\\/\\\/schema.org\",\"@graph\":[{\"@type\":\"WebPage\",\"@id\":\"https:\\\/\\\/walkingranada.com\\\/que-hacer-en-granada\\\/excursiones\\\/alpujarra\\\/\",\"url\":\"https:\\\/\\\/walkingranada.com\\\/que-hacer-en-granada\\\/excursiones\\\/alpujarra\\\/\",\"name\":\"Visitar la Alpujarra - Walk in Granada\",\"isPartOf\":{\"@id\":\"https:\\\/\\\/walkingranada.com\\\/#website\"},\"primaryImageOfPage\":{\"@id\":\"https:\\\/\\\/walkingranada.com\\\/que-hacer-en-granada\\\/excursiones\\\/alpujarra\\\/#primaryimage\"},\"image\":{\"@id\":\"https:\\\/\\\/walkingranada.com\\\/que-hacer-en-granada\\\/excursiones\\\/alpujarra\\\/#primaryimage\"},\"thumbnailUrl\":\"https:\\\/\\\/walkingranada.com\\\/wp-content\\\/uploads\\\/2025\\\/01\\\/alpujarra.jpg.webp\",\"datePublished\":\"2022-10-27T09:02:51+00:00\",\"dateModified\":\"2025-07-30T12:21:30+00:00\",\"description\":\"La Alpujarra es un enclave donde el tiempo parece que se ha detenido. Descubre sus pueblos de paredes encaladas en plena Sierra Nevada.\",\"breadcrumb\":{\"@id\":\"https:\\\/\\\/walkingranada.com\\\/que-hacer-en-granada\\\/excursiones\\\/alpujarra\\\/#breadcrumb\"},\"inLanguage\":\"pt-PT\",\"potentialAction\":[{\"@type\":\"ReadAction\",\"target\":[\"https:\\\/\\\/walkingranada.com\\\/que-hacer-en-granada\\\/excursiones\\\/alpujarra\\\/\"]}]},{\"@type\":\"ImageObject\",\"inLanguage\":\"pt-PT\",\"@id\":\"https:\\\/\\\/walkingranada.com\\\/que-hacer-en-granada\\\/excursiones\\\/alpujarra\\\/#primaryimage\",\"url\":\"https:\\\/\\\/walkingranada.com\\\/wp-content\\\/uploads\\\/2025\\\/01\\\/alpujarra.jpg.webp\",\"contentUrl\":\"https:\\\/\\\/walkingranada.com\\\/wp-content\\\/uploads\\\/2025\\\/01\\\/alpujarra.jpg.webp\"},{\"@type\":\"BreadcrumbList\",\"@id\":\"https:\\\/\\\/walkingranada.com\\\/que-hacer-en-granada\\\/excursiones\\\/alpujarra\\\/#breadcrumb\",\"itemListElement\":[{\"@type\":\"ListItem\",\"position\":1,\"name\":\"Portada\",\"item\":\"https:\\\/\\\/walkingranada.com\\\/\"},{\"@type\":\"ListItem\",\"position\":2,\"name\":\"Qu\u00e9 hacer en granada\",\"item\":\"https:\\\/\\\/walkingranada.com\\\/que-hacer-en-granada\\\/\"},{\"@type\":\"ListItem\",\"position\":3,\"name\":\"Excursiones de un d\u00eda\",\"item\":\"https:\\\/\\\/walkingranada.com\\\/que-hacer-en-granada\\\/excursiones\\\/\"},{\"@type\":\"ListItem\",\"position\":4,\"name\":\"Alpujarra\"}]},{\"@type\":\"WebSite\",\"@id\":\"https:\\\/\\\/walkingranada.com\\\/#website\",\"url\":\"https:\\\/\\\/walkingranada.com\\\/\",\"name\":\"Walk in Granada\",\"description\":\"Turismo responsable\",\"publisher\":{\"@id\":\"https:\\\/\\\/walkingranada.com\\\/#organization\"},\"alternateName\":\"Walk in Granada\",\"potentialAction\":[{\"@type\":\"SearchAction\",\"target\":{\"@type\":\"EntryPoint\",\"urlTemplate\":\"https:\\\/\\\/walkingranada.com\\\/?s={search_term_string}\"},\"query-input\":{\"@type\":\"PropertyValueSpecification\",\"valueRequired\":true,\"valueName\":\"search_term_string\"}}],\"inLanguage\":\"pt-PT\"},{\"@type\":\"Organization\",\"@id\":\"https:\\\/\\\/walkingranada.com\\\/#organization\",\"name\":\"Walk In Granada\",\"alternateName\":\"Walk In Granada\",\"url\":\"https:\\\/\\\/walkingranada.com\\\/\",\"logo\":{\"@type\":\"ImageObject\",\"inLanguage\":\"pt-PT\",\"@id\":\"https:\\\/\\\/walkingranada.com\\\/#\\\/schema\\\/logo\\\/image\\\/\",\"url\":\"https:\\\/\\\/walkingranada.com\\\/wp-content\\\/uploads\\\/2022\\\/12\\\/Logo-Walking.webp\",\"contentUrl\":\"https:\\\/\\\/walkingranada.com\\\/wp-content\\\/uploads\\\/2022\\\/12\\\/Logo-Walking.webp\",\"width\":512,\"height\":512,\"caption\":\"Walk In Granada\"},\"image\":{\"@id\":\"https:\\\/\\\/walkingranada.com\\\/#\\\/schema\\\/logo\\\/image\\\/\"},\"sameAs\":[\"https:\\\/\\\/es-es.facebook.com\\\/walkingranadatour\\\/\",\"https:\\\/\\\/x.com\\\/walkingranada\",\"https:\\\/\\\/www.instagram.com\\\/walkingranada\\\/\"]}]}<\/script>\n<!-- \/ Yoast SEO plugin. -->","yoast_head_json":{"title":"Visite a Alpujarra - Walk in Granada","description":"A Alpujarra \u00e9 um lugar onde o tempo parece ter parado. Descubra suas vilas de paredes caiadas de branco no meio da Serra Nevada.","robots":{"index":"index","follow":"follow","max-snippet":"max-snippet:-1","max-image-preview":"max-image-preview:large","max-video-preview":"max-video-preview:-1"},"canonical":"https:\/\/walkingranada.com\/pt\/que-fazer-em-granada\/excursoes\/alpujarra\/","og_locale":"pt_PT","og_type":"article","og_title":"Visitar la Alpujarra - Walk in Granada","og_description":"La Alpujarra es un enclave donde el tiempo parece que se ha detenido. Descubre sus pueblos de paredes encaladas en plena Sierra Nevada.","og_url":"https:\/\/walkingranada.com\/pt\/que-fazer-em-granada\/excursoes\/alpujarra\/","og_site_name":"Walk in Granada","article_publisher":"https:\/\/es-es.facebook.com\/walkingranadatour\/","article_modified_time":"2025-07-30T12:21:30+00:00","og_image":[{"url":"https:\/\/walkingranada.com\/wp-content\/uploads\/2025\/01\/alpujarra.jpg.webp","type":"","width":"","height":""}],"twitter_card":"summary_large_image","twitter_site":"@walkingranada","twitter_misc":{"Tempo estimado de leitura":"5 minutos"},"schema":{"@context":"https:\/\/schema.org","@graph":[{"@type":"WebPage","@id":"https:\/\/walkingranada.com\/que-hacer-en-granada\/excursiones\/alpujarra\/","url":"https:\/\/walkingranada.com\/que-hacer-en-granada\/excursiones\/alpujarra\/","name":"Visite a Alpujarra - Walk in Granada","isPartOf":{"@id":"https:\/\/walkingranada.com\/#website"},"primaryImageOfPage":{"@id":"https:\/\/walkingranada.com\/que-hacer-en-granada\/excursiones\/alpujarra\/#primaryimage"},"image":{"@id":"https:\/\/walkingranada.com\/que-hacer-en-granada\/excursiones\/alpujarra\/#primaryimage"},"thumbnailUrl":"https:\/\/walkingranada.com\/wp-content\/uploads\/2025\/01\/alpujarra.jpg.webp","datePublished":"2022-10-27T09:02:51+00:00","dateModified":"2025-07-30T12:21:30+00:00","description":"A Alpujarra \u00e9 um lugar onde o tempo parece ter parado. Descubra suas vilas de paredes caiadas de branco no meio da Serra Nevada.","breadcrumb":{"@id":"https:\/\/walkingranada.com\/que-hacer-en-granada\/excursiones\/alpujarra\/#breadcrumb"},"inLanguage":"pt-PT","potentialAction":[{"@type":"ReadAction","target":["https:\/\/walkingranada.com\/que-hacer-en-granada\/excursiones\/alpujarra\/"]}]},{"@type":"ImageObject","inLanguage":"pt-PT","@id":"https:\/\/walkingranada.com\/que-hacer-en-granada\/excursiones\/alpujarra\/#primaryimage","url":"https:\/\/walkingranada.com\/wp-content\/uploads\/2025\/01\/alpujarra.jpg.webp","contentUrl":"https:\/\/walkingranada.com\/wp-content\/uploads\/2025\/01\/alpujarra.jpg.webp"},{"@type":"BreadcrumbList","@id":"https:\/\/walkingranada.com\/que-hacer-en-granada\/excursiones\/alpujarra\/#breadcrumb","itemListElement":[{"@type":"ListItem","position":1,"name":"Portada","item":"https:\/\/walkingranada.com\/"},{"@type":"ListItem","position":2,"name":"Qu\u00e9 hacer en granada","item":"https:\/\/walkingranada.com\/que-hacer-en-granada\/"},{"@type":"ListItem","position":3,"name":"Excursiones de un d\u00eda","item":"https:\/\/walkingranada.com\/que-hacer-en-granada\/excursiones\/"},{"@type":"ListItem","position":4,"name":"Alpujarra"}]},{"@type":"WebSite","@id":"https:\/\/walkingranada.com\/#website","url":"https:\/\/walkingranada.com\/","name":"Walk in Granada","description":"Turismo responsable","publisher":{"@id":"https:\/\/walkingranada.com\/#organization"},"alternateName":"Walk in Granada","potentialAction":[{"@type":"SearchAction","target":{"@type":"EntryPoint","urlTemplate":"https:\/\/walkingranada.com\/?s={search_term_string}"},"query-input":{"@type":"PropertyValueSpecification","valueRequired":true,"valueName":"search_term_string"}}],"inLanguage":"pt-PT"},{"@type":"Organization","@id":"https:\/\/walkingranada.com\/#organization","name":"Walk In Granada","alternateName":"Walk In Granada","url":"https:\/\/walkingranada.com\/","logo":{"@type":"ImageObject","inLanguage":"pt-PT","@id":"https:\/\/walkingranada.com\/#\/schema\/logo\/image\/","url":"https:\/\/walkingranada.com\/wp-content\/uploads\/2022\/12\/Logo-Walking.webp","contentUrl":"https:\/\/walkingranada.com\/wp-content\/uploads\/2022\/12\/Logo-Walking.webp","width":512,"height":512,"caption":"Walk In Granada"},"image":{"@id":"https:\/\/walkingranada.com\/#\/schema\/logo\/image\/"},"sameAs":["https:\/\/es-es.facebook.com\/walkingranadatour\/","https:\/\/x.com\/walkingranada","https:\/\/www.instagram.com\/walkingranada\/"]}]}},"_links":{"self":[{"href":"https:\/\/walkingranada.com\/pt\/wp-json\/wp\/v2\/pages\/454","targetHints":{"allow":["GET"]}}],"collection":[{"href":"https:\/\/walkingranada.com\/pt\/wp-json\/wp\/v2\/pages"}],"about":[{"href":"https:\/\/walkingranada.com\/pt\/wp-json\/wp\/v2\/types\/page"}],"author":[{"embeddable":true,"href":"https:\/\/walkingranada.com\/pt\/wp-json\/wp\/v2\/users\/2"}],"replies":[{"embeddable":true,"href":"https:\/\/walkingranada.com\/pt\/wp-json\/wp\/v2\/comments?post=454"}],"version-history":[{"count":12,"href":"https:\/\/walkingranada.com\/pt\/wp-json\/wp\/v2\/pages\/454\/revisions"}],"predecessor-version":[{"id":6803,"href":"https:\/\/walkingranada.com\/pt\/wp-json\/wp\/v2\/pages\/454\/revisions\/6803"}],"up":[{"embeddable":true,"href":"https:\/\/walkingranada.com\/pt\/wp-json\/wp\/v2\/pages\/446"}],"wp:attachment":[{"href":"https:\/\/walkingranada.com\/pt\/wp-json\/wp\/v2\/media?parent=454"}],"curies":[{"name":"wp","href":"https:\/\/api.w.org\/{rel}","templated":true}]}}