{"id":452,"date":"2022-10-27T09:02:41","date_gmt":"2022-10-27T09:02:41","guid":{"rendered":"https:\/\/factum-omibu.es\/walkin\/?page_id=452"},"modified":"2025-04-01T14:35:47","modified_gmt":"2025-04-01T14:35:47","slug":"sevilla","status":"publish","type":"page","link":"https:\/\/walkingranada.com\/pt\/que-hacer-en-granada\/excursiones\/sevilla\/","title":{"rendered":"Sevilha"},"content":{"rendered":"<p>Excurs\u00f5es de um d\u00eda &gt; Sevilla<\/p>\n\t<!-- FareHarbor calendar of item #180673 -->\n<h1>\n\t\tSevilla de Granada\n\t<\/h1>\n\t<p>A capital andaluza \u00e9 sem d\u00favida uma cidade cuja hist\u00f3ria \u00e9 ao mesmo tempo de import\u00e2ncia fundamental na hist\u00f3ria n\u00e3o s\u00f3 de Espanha, mas tamb\u00e9m da Am\u00e9rica Latina, sendo a capital do com\u00e9rcio com o novo continente na era moderna e um porto de import\u00e2ncia capital para a hist\u00f3ria da Espanha ultramarina. Uma cidade patrim\u00f3nio sem igual no mundo cuja hist\u00f3ria remonta aos Fen\u00edcios e que re\u00fane vest\u00edgios de todas as civiliza\u00e7\u00f5es e culturas que habitaram a Pen\u00ednsula Ib\u00e9rica at\u00e9 aos dias de hoje.<\/p>\n<p class=\"translation-block\"><strong>Esta \u00e9 uma excurs\u00e3o em grupo reduzido. Se voc\u00ea quiser fazer este passeio em formato privado, pode fazer a solicita\u00e7\u00e3o atrav\u00e9s de nossa se\u00e7\u00e3o de <\/strong><span class=\"red\"><a href=\"https:\/\/walkingranada.com\/pt\/visitas-personalizadas\/\" target=\"_self\"> <strong class=\"red\">visitas personalizadas.<\/strong><\/a><\/span><\/p>\n<h2>\n\t\tExcurs\u00e3o a Sevilla a partir de Granada\n\t<\/h2>\n\t\t\t\t<img decoding=\"async\" loading=\"lazy\" src=\"https:\/\/walkingranada.com\/wp-content\/uploads\/2022\/12\/sevilla.jpg.webp\" alt=\"plaza de espa\u00f1a, sevilla\" itemprop=\"image\" height=\"398\" width=\"711\" title=\"sevilla\" onerror=\"this.style.display='none'\"  \/>\n\t<p class=\"translation-block\">Nossa excurs\u00e3o a <strong>Sevilha<\/strong> a partir de Granada mergulha em uma das 34 taifas em que se desmembrou <strong>o Califado de C\u00f3rdoba<\/strong> at\u00e9 sua absor\u00e7\u00e3o pelos <strong>Almor\u00e1vides<\/strong>. Uma cidade que tamb\u00e9m foi capital em <strong>Al-Andalus do Imp\u00e9rio Alm\u00f3ada<\/strong>, e cujo per\u00edodo deixou monumentos como <strong>a Giralda<\/strong>, que perduram at\u00e9 os dias de hoje.<\/p>\n<p class=\"translation-block\">A viagem a partir de Granada passa pelas principais povoa\u00e7\u00f5es das <strong>margens do Guadalquivir<\/strong>, de import\u00e2ncia hist\u00f3rica e fundamentais para compreender as idiossincrasias daquela que foi a capital comercial do Imp\u00e9rio Espanhol.<\/p>\n\t<p class=\"translation-block\">J\u00e1 em <strong>Sevilha<\/strong>, os visitantes conhecer\u00e3o a hist\u00f3ria da cidade desde seus primeiros habitantes fen\u00edcios at\u00e9 os dias atuais, passando por sua import\u00e2ncia hist\u00f3rica desde a antiguidade e pela \u00e9poca do emirado dependente de Damasco, o califado de C\u00f3rdoba, as tr\u00eas etapas das taifas, as conquistas dos Almor\u00e1vides e Alm\u00f3adas e, finalmente, a conquista pelos Reis Cat\u00f3licos e o papel de <strong>Sevilha<\/strong> no com\u00e9rcio ultramarino da coroa espanhola durante o per\u00edodo imperial.<\/p>\n<p class=\"translation-block\">O visitante mergulhar\u00e1 nas ruas de <strong>Sevilha<\/strong>, acompanhado por um Guia Oficial, para conhecer o impacto das diferentes culturas na forma\u00e7\u00e3o da capital andaluza e sua influ\u00eancia no mundo a partir do s\u00e9culo XVI.<\/p>\n<p class=\"translation-block\">Durante a viagem, ser\u00e3o visitados tanto <strong>a Catedral de Sevilha<\/strong>, um templo espetacular que guarda os <strong>restos de Crist\u00f3v\u00e3o Colombo<\/strong>, quanto a <strong>Giralda<\/strong>, agora integrada no complexo da catedral como um campan\u00e1rio, mas originalmente constru\u00edda como o minarete da <strong>Mesquita Principal<\/strong> da cidade no s\u00e9culo XII, durante o per\u00edodo alm\u00f3ada.<\/p>\n<p>Os visitantes podem vaguear pelas ruas e explorar os muitos recantos de incalcul\u00e1vel valor hist\u00f3rico de uma cidade que foi enriquecida por cada cultura \u00fanica que passou pelas suas terras ao longo dos s\u00e9culos.<\/p>\n<h2>\n\t\tPonto de encontro\n\t<\/h2>\n\t<p><strong>Pra\u00e7a Mariana Pineda<\/strong><\/p>\n\t<p>Precisa de indica\u00e7\u00f5es para l\u00e1 chegar?<\/p>\n\t\t\t<a href=\"#reserva\" target=\"_self\">\n\t\t\t\t\t\t\tReservar &gt;\n\t\t\t\t\t<\/a>\n\t\t\t<a href=\"https:\/\/goo.gl\/maps\/S8LCwLLRQArti4X98\" target=\"_self\">\n\t\t\t\t\t\t\tVer Mapa &gt;\n\t\t\t\t\t<\/a>\n<h2>\n\t\tO que vai visitar\n\t<\/h2>\n\t<ul>\n<li>Visita guiada \u00e0 capital do imp\u00e9rio alm\u00f3ada de Al-Andalus.<\/li>\n<li>Vistas do rio Guadalquivir.<\/li>\n<li>Conhecer\u00e1 o complexo hist\u00f3rico-art\u00edstico de Sevilla.<\/li>\n<\/ul>\n<h2>\n\t\tO que est\u00e1 inclu\u00eddo na visita\n\t<\/h2>\n\t<ul>\n<li aria-level=\"1\">Entrada da Catedral de Sevilha<\/li>\n<li aria-level=\"1\">Entrada para a Giralda de Sevilha<\/li>\n<li aria-level=\"1\">Guia Tur\u00edstico Oficial Local <\/li>\n<li aria-level=\"1\">Guia em papel para desfrutar do seu tempo livre na capital de Sevilla.<\/li>\n<\/ul>\n<h2>\n\t\tO que a visita n\u00e3o inclui\n\t<\/h2>\n\t<ul>\n<li aria-level=\"1\">Comida e bebida<\/li>\n<li aria-level=\"1\">Taxas de entrada em qualquer outro monumento ou complexo de monumentos n\u00e3o listados acima<\/li>\n<\/ul>\n<h2>\n\t\tTambi\u00e9n puedes reservar nuestros otros servicios&#8230;\n\t<\/h2>\n\t<a href=\"https:\/\/walkingranada.com\/pt\/que-fazer-em-granada\/flamenco\/\" target=\"_self\"><\/a>\t\t\t<img decoding=\"async\" loading=\"lazy\" alt=\"bailaora flamenca\" src=\"https:\/\/walkingranada.com\/wp-content\/uploads\/2022\/10\/Rectangle-42.png\"\/>\n\t\t<h3>Flamenco<\/h3>\n\t<a href=\"https:\/\/walkingranada.com\/pt\/que-fazer-em-granada\/hammam-al-andalus\/\" target=\"_self\"><\/a>\t\t\t<img decoding=\"async\" loading=\"lazy\" alt=\"ba\u00f1os \u00e1rabes\" src=\"https:\/\/walkingranada.com\/wp-content\/uploads\/2022\/10\/Rectangle-43.png\"\/>\n\t\t<h3>Hammam <br \/>Al-\u00e1ndalus<\/h3>\n\t<a href=\"https:\/\/walkingranada.com\/pt\/que-fazer-em-granada\/excursoes\/\" target=\"_self\"><\/a>\t\t\t<img decoding=\"async\" loading=\"lazy\" alt=\"mezquita de c\u00f3rdoba\" src=\"https:\/\/walkingranada.com\/wp-content\/uploads\/2022\/10\/Rectangle-45.png\"\/>\n\t\t<h3>excurs\u00f5es <br \/>de un dia<\/h3>\n\t<a href=\"https:\/\/walkingranada.com\/pt\/que-fazer-em-granada\/rota-olfativa\/\" target=\"_self\"><\/a>\t\t\t<img decoding=\"async\" loading=\"lazy\" alt=\"imagen de una chica joven\" src=\"https:\/\/walkingranada.com\/wp-content\/uploads\/2022\/10\/Rectangle-38.png\"\/>\n\t\t<h3>Rota olfativa<\/h3>","protected":false},"excerpt":{"rendered":"<p>Excursiones &gt; Sevilla Sevilla desde Granada La capital andaluza es sin duda alguna una ciudad cuya historia es a la vez parte de fundamental importancia en la historia no solo de Espa\u00f1a, sino tambi\u00e9n de latinoam\u00e9rica, siendo capital del comercio con el nuevo continente en la edad moderna y un puerto de capital relevancia para &#8230; <a title=\"Sevilha\" class=\"read-more\" href=\"https:\/\/walkingranada.com\/pt\/que-hacer-en-granada\/excursiones\/sevilla\/\" aria-label=\"Leia mais sobre Sevilla\">Ler mais<\/a><\/p>","protected":false},"author":2,"featured_media":0,"parent":446,"menu_order":0,"comment_status":"closed","ping_status":"closed","template":"","meta":{"footnotes":""},"class_list":["post-452","page","type-page","status-publish"],"yoast_head":"<!-- This site is optimized with the Yoast SEO plugin v27.5 - https:\/\/yoast.com\/product\/yoast-seo-wordpress\/ -->\n<title>Visita Sevilla desde Granada - Walk in Granada<\/title>\n<meta name=\"description\" content=\"Descubre la capital hispalense y la ciudad m\u00e1s relevante de la pen\u00ednsula ib\u00e9rica durante el siglo XVI. Reserva tu plaza ahora.\" \/>\n<meta name=\"robots\" content=\"index, follow, max-snippet:-1, max-image-preview:large, max-video-preview:-1\" \/>\n<link rel=\"canonical\" href=\"https:\/\/walkingranada.com\/pt\/que-fazer-em-granada\/excursoes\/sevilla\/\" \/>\n<meta property=\"og:locale\" content=\"pt_PT\" \/>\n<meta property=\"og:type\" content=\"article\" \/>\n<meta property=\"og:title\" content=\"Visita Sevilla desde Granada - Walk in Granada\" \/>\n<meta property=\"og:description\" content=\"Descubre la capital hispalense y la ciudad m\u00e1s relevante de la pen\u00ednsula ib\u00e9rica durante el siglo XVI. Reserva tu plaza ahora.\" \/>\n<meta property=\"og:url\" content=\"https:\/\/walkingranada.com\/pt\/que-fazer-em-granada\/excursoes\/sevilla\/\" \/>\n<meta property=\"og:site_name\" content=\"Walk in Granada\" \/>\n<meta property=\"article:publisher\" content=\"https:\/\/es-es.facebook.com\/walkingranadatour\/\" \/>\n<meta property=\"article:modified_time\" content=\"2025-04-01T14:35:47+00:00\" \/>\n<meta property=\"og:image\" content=\"https:\/\/walkingranada.com\/wp-content\/uploads\/2022\/12\/sevilla.jpg.webp\" \/>\n<meta name=\"twitter:card\" content=\"summary_large_image\" \/>\n<meta name=\"twitter:site\" content=\"@walkingranada\" \/>\n<meta name=\"twitter:label1\" content=\"Tempo estimado de leitura\" \/>\n\t<meta name=\"twitter:data1\" content=\"4 minutos\" \/>\n<script type=\"application\/ld+json\" class=\"yoast-schema-graph\">{\"@context\":\"https:\\\/\\\/schema.org\",\"@graph\":[{\"@type\":\"WebPage\",\"@id\":\"https:\\\/\\\/walkingranada.com\\\/que-hacer-en-granada\\\/excursiones\\\/sevilla\\\/\",\"url\":\"https:\\\/\\\/walkingranada.com\\\/que-hacer-en-granada\\\/excursiones\\\/sevilla\\\/\",\"name\":\"Visita Sevilla desde Granada - Walk in Granada\",\"isPartOf\":{\"@id\":\"https:\\\/\\\/walkingranada.com\\\/#website\"},\"primaryImageOfPage\":{\"@id\":\"https:\\\/\\\/walkingranada.com\\\/que-hacer-en-granada\\\/excursiones\\\/sevilla\\\/#primaryimage\"},\"image\":{\"@id\":\"https:\\\/\\\/walkingranada.com\\\/que-hacer-en-granada\\\/excursiones\\\/sevilla\\\/#primaryimage\"},\"thumbnailUrl\":\"https:\\\/\\\/walkingranada.com\\\/wp-content\\\/uploads\\\/2022\\\/12\\\/sevilla.jpg.webp\",\"datePublished\":\"2022-10-27T09:02:41+00:00\",\"dateModified\":\"2025-04-01T14:35:47+00:00\",\"description\":\"Descubre la capital hispalense y la ciudad m\u00e1s relevante de la pen\u00ednsula ib\u00e9rica durante el siglo XVI. Reserva tu plaza ahora.\",\"breadcrumb\":{\"@id\":\"https:\\\/\\\/walkingranada.com\\\/que-hacer-en-granada\\\/excursiones\\\/sevilla\\\/#breadcrumb\"},\"inLanguage\":\"pt-PT\",\"potentialAction\":[{\"@type\":\"ReadAction\",\"target\":[\"https:\\\/\\\/walkingranada.com\\\/que-hacer-en-granada\\\/excursiones\\\/sevilla\\\/\"]}]},{\"@type\":\"ImageObject\",\"inLanguage\":\"pt-PT\",\"@id\":\"https:\\\/\\\/walkingranada.com\\\/que-hacer-en-granada\\\/excursiones\\\/sevilla\\\/#primaryimage\",\"url\":\"https:\\\/\\\/walkingranada.com\\\/wp-content\\\/uploads\\\/2022\\\/12\\\/sevilla.jpg.webp\",\"contentUrl\":\"https:\\\/\\\/walkingranada.com\\\/wp-content\\\/uploads\\\/2022\\\/12\\\/sevilla.jpg.webp\"},{\"@type\":\"BreadcrumbList\",\"@id\":\"https:\\\/\\\/walkingranada.com\\\/que-hacer-en-granada\\\/excursiones\\\/sevilla\\\/#breadcrumb\",\"itemListElement\":[{\"@type\":\"ListItem\",\"position\":1,\"name\":\"Portada\",\"item\":\"https:\\\/\\\/walkingranada.com\\\/\"},{\"@type\":\"ListItem\",\"position\":2,\"name\":\"Qu\u00e9 hacer en granada\",\"item\":\"https:\\\/\\\/walkingranada.com\\\/que-hacer-en-granada\\\/\"},{\"@type\":\"ListItem\",\"position\":3,\"name\":\"Excursiones de un d\u00eda\",\"item\":\"https:\\\/\\\/walkingranada.com\\\/que-hacer-en-granada\\\/excursiones\\\/\"},{\"@type\":\"ListItem\",\"position\":4,\"name\":\"Sevilla\"}]},{\"@type\":\"WebSite\",\"@id\":\"https:\\\/\\\/walkingranada.com\\\/#website\",\"url\":\"https:\\\/\\\/walkingranada.com\\\/\",\"name\":\"Walk in Granada\",\"description\":\"Turismo responsable\",\"publisher\":{\"@id\":\"https:\\\/\\\/walkingranada.com\\\/#organization\"},\"alternateName\":\"Walk in Granada\",\"potentialAction\":[{\"@type\":\"SearchAction\",\"target\":{\"@type\":\"EntryPoint\",\"urlTemplate\":\"https:\\\/\\\/walkingranada.com\\\/?s={search_term_string}\"},\"query-input\":{\"@type\":\"PropertyValueSpecification\",\"valueRequired\":true,\"valueName\":\"search_term_string\"}}],\"inLanguage\":\"pt-PT\"},{\"@type\":\"Organization\",\"@id\":\"https:\\\/\\\/walkingranada.com\\\/#organization\",\"name\":\"Walk In Granada\",\"alternateName\":\"Walk In Granada\",\"url\":\"https:\\\/\\\/walkingranada.com\\\/\",\"logo\":{\"@type\":\"ImageObject\",\"inLanguage\":\"pt-PT\",\"@id\":\"https:\\\/\\\/walkingranada.com\\\/#\\\/schema\\\/logo\\\/image\\\/\",\"url\":\"https:\\\/\\\/walkingranada.com\\\/wp-content\\\/uploads\\\/2022\\\/12\\\/Logo-Walking.webp\",\"contentUrl\":\"https:\\\/\\\/walkingranada.com\\\/wp-content\\\/uploads\\\/2022\\\/12\\\/Logo-Walking.webp\",\"width\":512,\"height\":512,\"caption\":\"Walk In Granada\"},\"image\":{\"@id\":\"https:\\\/\\\/walkingranada.com\\\/#\\\/schema\\\/logo\\\/image\\\/\"},\"sameAs\":[\"https:\\\/\\\/es-es.facebook.com\\\/walkingranadatour\\\/\",\"https:\\\/\\\/x.com\\\/walkingranada\",\"https:\\\/\\\/www.instagram.com\\\/walkingranada\\\/\"]}]}<\/script>\n<!-- \/ Yoast SEO plugin. -->","yoast_head_json":{"title":"Visite Sevilha a partir de Granada - Walk in Granada","description":"Descubra a capital da Andaluzia e a cidade mais relevante da Pen\u00ednsula Ib\u00e9rica durante o s\u00e9culo XVI. Reserve seu lugar agora.","robots":{"index":"index","follow":"follow","max-snippet":"max-snippet:-1","max-image-preview":"max-image-preview:large","max-video-preview":"max-video-preview:-1"},"canonical":"https:\/\/walkingranada.com\/pt\/que-fazer-em-granada\/excursoes\/sevilla\/","og_locale":"pt_PT","og_type":"article","og_title":"Visita Sevilla desde Granada - Walk in Granada","og_description":"Descubre la capital hispalense y la ciudad m\u00e1s relevante de la pen\u00ednsula ib\u00e9rica durante el siglo XVI. Reserva tu plaza ahora.","og_url":"https:\/\/walkingranada.com\/pt\/que-fazer-em-granada\/excursoes\/sevilla\/","og_site_name":"Walk in Granada","article_publisher":"https:\/\/es-es.facebook.com\/walkingranadatour\/","article_modified_time":"2025-04-01T14:35:47+00:00","og_image":[{"url":"https:\/\/walkingranada.com\/wp-content\/uploads\/2022\/12\/sevilla.jpg.webp","type":"","width":"","height":""}],"twitter_card":"summary_large_image","twitter_site":"@walkingranada","twitter_misc":{"Tempo estimado de leitura":"4 minutos"},"schema":{"@context":"https:\/\/schema.org","@graph":[{"@type":"WebPage","@id":"https:\/\/walkingranada.com\/que-hacer-en-granada\/excursiones\/sevilla\/","url":"https:\/\/walkingranada.com\/que-hacer-en-granada\/excursiones\/sevilla\/","name":"Visite Sevilha a partir de Granada - Walk in Granada","isPartOf":{"@id":"https:\/\/walkingranada.com\/#website"},"primaryImageOfPage":{"@id":"https:\/\/walkingranada.com\/que-hacer-en-granada\/excursiones\/sevilla\/#primaryimage"},"image":{"@id":"https:\/\/walkingranada.com\/que-hacer-en-granada\/excursiones\/sevilla\/#primaryimage"},"thumbnailUrl":"https:\/\/walkingranada.com\/wp-content\/uploads\/2022\/12\/sevilla.jpg.webp","datePublished":"2022-10-27T09:02:41+00:00","dateModified":"2025-04-01T14:35:47+00:00","description":"Descubra a capital da Andaluzia e a cidade mais relevante da Pen\u00ednsula Ib\u00e9rica durante o s\u00e9culo XVI. Reserve seu lugar agora.","breadcrumb":{"@id":"https:\/\/walkingranada.com\/que-hacer-en-granada\/excursiones\/sevilla\/#breadcrumb"},"inLanguage":"pt-PT","potentialAction":[{"@type":"ReadAction","target":["https:\/\/walkingranada.com\/que-hacer-en-granada\/excursiones\/sevilla\/"]}]},{"@type":"ImageObject","inLanguage":"pt-PT","@id":"https:\/\/walkingranada.com\/que-hacer-en-granada\/excursiones\/sevilla\/#primaryimage","url":"https:\/\/walkingranada.com\/wp-content\/uploads\/2022\/12\/sevilla.jpg.webp","contentUrl":"https:\/\/walkingranada.com\/wp-content\/uploads\/2022\/12\/sevilla.jpg.webp"},{"@type":"BreadcrumbList","@id":"https:\/\/walkingranada.com\/que-hacer-en-granada\/excursiones\/sevilla\/#breadcrumb","itemListElement":[{"@type":"ListItem","position":1,"name":"Portada","item":"https:\/\/walkingranada.com\/"},{"@type":"ListItem","position":2,"name":"Qu\u00e9 hacer en granada","item":"https:\/\/walkingranada.com\/que-hacer-en-granada\/"},{"@type":"ListItem","position":3,"name":"Excursiones de un d\u00eda","item":"https:\/\/walkingranada.com\/que-hacer-en-granada\/excursiones\/"},{"@type":"ListItem","position":4,"name":"Sevilla"}]},{"@type":"WebSite","@id":"https:\/\/walkingranada.com\/#website","url":"https:\/\/walkingranada.com\/","name":"Walk in Granada","description":"Turismo responsable","publisher":{"@id":"https:\/\/walkingranada.com\/#organization"},"alternateName":"Walk in Granada","potentialAction":[{"@type":"SearchAction","target":{"@type":"EntryPoint","urlTemplate":"https:\/\/walkingranada.com\/?s={search_term_string}"},"query-input":{"@type":"PropertyValueSpecification","valueRequired":true,"valueName":"search_term_string"}}],"inLanguage":"pt-PT"},{"@type":"Organization","@id":"https:\/\/walkingranada.com\/#organization","name":"Walk In Granada","alternateName":"Walk In Granada","url":"https:\/\/walkingranada.com\/","logo":{"@type":"ImageObject","inLanguage":"pt-PT","@id":"https:\/\/walkingranada.com\/#\/schema\/logo\/image\/","url":"https:\/\/walkingranada.com\/wp-content\/uploads\/2022\/12\/Logo-Walking.webp","contentUrl":"https:\/\/walkingranada.com\/wp-content\/uploads\/2022\/12\/Logo-Walking.webp","width":512,"height":512,"caption":"Walk In Granada"},"image":{"@id":"https:\/\/walkingranada.com\/#\/schema\/logo\/image\/"},"sameAs":["https:\/\/es-es.facebook.com\/walkingranadatour\/","https:\/\/x.com\/walkingranada","https:\/\/www.instagram.com\/walkingranada\/"]}]}},"_links":{"self":[{"href":"https:\/\/walkingranada.com\/pt\/wp-json\/wp\/v2\/pages\/452","targetHints":{"allow":["GET"]}}],"collection":[{"href":"https:\/\/walkingranada.com\/pt\/wp-json\/wp\/v2\/pages"}],"about":[{"href":"https:\/\/walkingranada.com\/pt\/wp-json\/wp\/v2\/types\/page"}],"author":[{"embeddable":true,"href":"https:\/\/walkingranada.com\/pt\/wp-json\/wp\/v2\/users\/2"}],"replies":[{"embeddable":true,"href":"https:\/\/walkingranada.com\/pt\/wp-json\/wp\/v2\/comments?post=452"}],"version-history":[{"count":3,"href":"https:\/\/walkingranada.com\/pt\/wp-json\/wp\/v2\/pages\/452\/revisions"}],"predecessor-version":[{"id":6810,"href":"https:\/\/walkingranada.com\/pt\/wp-json\/wp\/v2\/pages\/452\/revisions\/6810"}],"up":[{"embeddable":true,"href":"https:\/\/walkingranada.com\/pt\/wp-json\/wp\/v2\/pages\/446"}],"wp:attachment":[{"href":"https:\/\/walkingranada.com\/pt\/wp-json\/wp\/v2\/media?parent=452"}],"curies":[{"name":"wp","href":"https:\/\/api.w.org\/{rel}","templated":true}]}}