{"id":450,"date":"2022-10-27T09:02:26","date_gmt":"2022-10-27T09:02:26","guid":{"rendered":"https:\/\/factum-omibu.es\/walkin\/?page_id=450"},"modified":"2025-07-30T12:26:51","modified_gmt":"2025-07-30T12:26:51","slug":"antequera-torcal","status":"publish","type":"page","link":"https:\/\/walkingranada.com\/pt\/que-hacer-en-granada\/excursiones\/antequera-torcal\/","title":{"rendered":"Antequera &#038; Torcal"},"content":{"rendered":"<p>Excurs\u00f5es de um d\u00eda &gt; Antequera e Torcal<\/p>\r\n\t<!-- FareHarbor calendar of item #180668 -->\r\n<h1>\r\n\t\tVISITA GUIADA \u00c0 ANTEQUERA E AO TORCAL\r\n\t<\/h1>\r\n\t<p>Antequera \u00e9 o centro da Andaluzia e uma cidade de interesse tur\u00edstico internacional. Foi declarado Patrim\u00f3nio Mundial da UNESCO em 2016 e \u00e9 de grande import\u00e2ncia na cultura megal\u00edtica do sul de Espanha.<\/p>\r\n<p class=\"translation-block\"><strong>Esta \u00e9 uma excurs\u00e3o em grupo reduzido. Se voc\u00ea quiser fazer este passeio em formato privado, pode fazer a solicita\u00e7\u00e3o atrav\u00e9s de nossa se\u00e7\u00e3o de <\/strong><span class=\"red\"><a href=\"https:\/\/walkingranada.com\/pt\/visitas-personalizadas\/\" target=\"_self\"> <strong class=\"red\">visitas personalizadas.<\/strong><\/a><\/span><\/p>\r\n<h2>\r\n\t\tExcurs\u00e3o a Antequera e ao Torcal de Granada\r\n\t<\/h2>\r\n\t\t\t\t<img decoding=\"async\" loading=\"lazy\" src=\"https:\/\/walkingranada.com\/wp-content\/uploads\/2022\/12\/antequera-y-el-torcal.jpg.webp\" alt=\"antequera y el torcal\" itemprop=\"image\" height=\"526\" width=\"1000\" title=\"antequera y el torcal\" onerror=\"this.style.display='none'\"  \/>\r\n\t<p>Con esta excursi\u00f3n podr\u00e1s visitar desde Grabad, La \u00ab<strong>Ciudad de las Iglesias<\/strong>\u00ab, como es conocida <strong>Antequera<\/strong>. El municipio aglutina un vasto patrimonio monumental e hist\u00f3rico-art\u00edstico con vestigios desde el megal\u00edtico hasta la edad contempor\u00e1nea y con elementos de inter\u00e9s de cada etapa hist\u00f3rica; los d\u00f3lmenes, las villas romanas, la impresionante <strong>alcazaba musulmana medieval<\/strong>, la <strong>Colegiada de Santa Maria<\/strong> de corte renacentista temprano o los numerosos templos barrocos con los que cuenta la ciudad.<\/p>\r\n\t<p class=\"translation-block\">O apelido \"Cidade das Igrejas\" \u00e9 dado a <strong>Antequera<\/strong> devido aos seus 33 templos, tornando-a o munic\u00edpio espanhol com mais igrejas por habitante.<\/p>\r\n<p class=\"translation-block\">O passeio que parte de Granada faz sua primeira parada na cidade de <strong>Antequera<\/strong>, a apenas 1,20 horas do centro da capital granadina. Na cidade, voc\u00ea explorar\u00e1 suas ruas e far\u00e1 uma parada na <strong>La Colegiata de Santa Mar\u00eda<\/strong>, de onde poder\u00e1 desfrutar de uma vista impressionante de <strong>Antequera<\/strong>. Os visitantes continuar\u00e3o explorando a cidade e poder\u00e3o aproveitar o <strong>S\u00edtio Arqueol\u00f3gico Romano<\/strong>, bem como a <strong>Fortaleza \u00c1rabe<\/strong>.<\/p>\r\n<p class=\"translation-block\">J\u00e1 imersos nos arredores naturais pr\u00f3ximos a <strong>Antequera<\/strong>, os visitantes chegar\u00e3o ao <strong>S\u00edtio dos D\u00f3lmenes de Antequera<\/strong>. Um espa\u00e7o natural composto pelos <strong>D\u00f3lmens de Viera, Menga e o Tholos de El Romeral<\/strong>, assim como pelas \u00e1reas naturais de <strong>La Rocha dos Enamorados e El Torcal<\/strong>.<\/p>\r\n<p class=\"translation-block\">O visitante poder\u00e1 desfrutar do entorno natural de <strong>La Pe\u00f1a<\/strong> e aventurar-se no cora\u00e7\u00e3o do <strong>El Torcal<\/strong>, uma paisagem c\u00e1rstica declarada Patrim\u00f4nio Mundial. Eles podem visitar os diversos d\u00f3lmenes nesta \u00e1rea e explorar um dos maiores exemplos de megalitismo na Europa. Al\u00e9m disso, podem visitar assentamentos paleol\u00edticos e neol\u00edticos na regi\u00e3o.<\/p>\r\n<h2>\r\n\t\tPonto de encontro\r\n\t<\/h2>\r\n\t<p><strong>Pra\u00e7a Mariana Pineda<\/strong><\/p>\r\n\t<p>Precisa de indica\u00e7\u00f5es para l\u00e1 chegar?<\/p>\r\n\t\t\t<a href=\"#reserva\" target=\"_self\">\r\n\t\t\t\t\t\t\tReservar &gt;\r\n\t\t\t\t\t<\/a>\r\n\t\t\t<a href=\"https:\/\/goo.gl\/maps\/S8LCwLLRQArti4X98\" target=\"_self\">\r\n\t\t\t\t\t\t\tVer Mapa &gt;\r\n\t\t\t\t\t<\/a>\r\n<h2>\r\n\t\tO que vai visitar\r\n\t<\/h2>\r\n\t<ul>\r\n<li>S\u00edtio natural do Torcal de Antequera<\/li>\r\n<li>Paleol\u00edtico assentamentos<\/li>\r\n<li>Antequera Vistas da Igreja Colegiada<\/li>\r\n<li>Colegiada de Santa Maria<\/li>\r\n<\/ul>\r\n<h2>\r\n\t\tO que est\u00e1 inclu\u00eddo na visita\r\n\t<\/h2>\r\n\t<ul>\r\n<li aria-level=\"1\">Guia especializado de montanha<\/li>\r\n<li aria-level=\"1\">Visita guiada aos assentamentos do Torcal e do Paleol\u00edtico<\/li>\r\n<li aria-level=\"1\">Transporte a partir do centro de Granada e regresso<\/li>\r\n<\/ul>\r\n<h2>\r\n\t\tO que a visita n\u00e3o inclui\r\n\t<\/h2>\r\n\t<ul>\r\n<li aria-level=\"1\">Comida e bebida<\/li>\r\n<\/ul>\r\n<h2>\r\n\t\tOutras considera\u00e7\u00f5es\r\n\t<\/h2>\r\n\t<p>A rota inclui tro\u00e7os de caminhadas moderadas ao entrar no Torcal de Antequera e a rota dos d\u00f3lmenes e povoados. Por esta raz\u00e3o, recomendamos que as pessoas com mobilidade reduzida ou crian\u00e7as com menos de 10 anos de idade n\u00e3o compare\u00e7am.<\/p>\r\n<h2>\r\n\t\tTambi\u00e9n puedes reservar nuestros otros servicios&#8230;\r\n\t<\/h2>\r\n\t<a href=\"https:\/\/walkingranada.com\/pt\/que-fazer-em-granada\/flamenco\/\" target=\"_self\"><\/a>\t\t\t<img decoding=\"async\" loading=\"lazy\" alt=\"bailaora flamenca\" src=\"https:\/\/walkingranada.com\/wp-content\/uploads\/2022\/10\/Rectangle-42.png\"\/>\r\n\t\t<h3>Flamenco<\/h3>\r\n\t<a href=\"https:\/\/walkingranada.com\/pt\/que-fazer-em-granada\/hammam-al-andalus\/\" target=\"_self\"><\/a>\t\t\t<img decoding=\"async\" loading=\"lazy\" alt=\"ba\u00f1os \u00e1rabes\" src=\"https:\/\/walkingranada.com\/wp-content\/uploads\/2022\/10\/Rectangle-43.png\"\/>\r\n\t\t<h3>Hammam <br \/>Al-\u00e1ndalus<\/h3>\r\n\t<a href=\"https:\/\/walkingranada.com\/pt\/que-fazer-em-granada\/excursoes\/\" target=\"_self\"><\/a>\t\t\t<img decoding=\"async\" loading=\"lazy\" alt=\"mezquita de c\u00f3rdoba\" src=\"https:\/\/walkingranada.com\/wp-content\/uploads\/2022\/10\/Rectangle-45.png\"\/>\r\n\t\t<h3>excurs\u00f5es <br \/>de un dia<\/h3>\r\n\t<a href=\"https:\/\/walkingranada.com\/pt\/que-fazer-em-granada\/rota-olfativa\/\" target=\"_self\"><\/a>\t\t\t<img decoding=\"async\" loading=\"lazy\" alt=\"imagen de una chica joven\" src=\"https:\/\/walkingranada.com\/wp-content\/uploads\/2022\/10\/Rectangle-38.png\"\/>\r\n\t\t<h3>Rota olfativa<\/h3>","protected":false},"excerpt":{"rendered":"<p>Excursiones &gt; Antequera y el Torcal Visita guiada a Antequera y el Torcal Antequera es el centro de Andaluc\u00eda y una ciudad de un inter\u00e9s tur\u00edstico internacional. Declarada Patrimonio Mundial por la UNESCO en 2016 con una relevancia capital en la cultura megal\u00edtica del sur de Espa\u00f1a. Esta es una excursi\u00f3n en grupo reducido. Si &#8230; <a title=\"Antequera &#038; Torcal\" class=\"read-more\" href=\"https:\/\/walkingranada.com\/pt\/que-hacer-en-granada\/excursiones\/antequera-torcal\/\" aria-label=\"Leia mais sobre Antequera &#038; Torcal\">Ler mais<\/a><\/p>","protected":false},"author":2,"featured_media":0,"parent":446,"menu_order":0,"comment_status":"closed","ping_status":"closed","template":"","meta":{"footnotes":""},"class_list":["post-450","page","type-page","status-publish"],"yoast_head":"<!-- This site is optimized with the Yoast SEO plugin v27.5 - https:\/\/yoast.com\/product\/yoast-seo-wordpress\/ -->\n<title>Antequera y Torcal - Walk in Granada<\/title>\n<meta name=\"description\" content=\"Descubre Antequera y el Torcal desde Granada en una visita sobre uno de los conjuntos paleol\u00edticos m\u00e1s antiguos del mundo.\" \/>\n<meta name=\"robots\" content=\"index, follow, max-snippet:-1, max-image-preview:large, max-video-preview:-1\" \/>\n<link rel=\"canonical\" href=\"https:\/\/walkingranada.com\/pt\/que-fazer-em-granada\/excursoes\/antequera-torcal\/\" \/>\n<meta property=\"og:locale\" content=\"pt_PT\" \/>\n<meta property=\"og:type\" content=\"article\" \/>\n<meta property=\"og:title\" content=\"Antequera y Torcal - Walk in Granada\" \/>\n<meta property=\"og:description\" content=\"Descubre Antequera y el Torcal desde Granada en una visita sobre uno de los conjuntos paleol\u00edticos m\u00e1s antiguos del mundo.\" \/>\n<meta property=\"og:url\" content=\"https:\/\/walkingranada.com\/pt\/que-fazer-em-granada\/excursoes\/antequera-torcal\/\" \/>\n<meta property=\"og:site_name\" content=\"Walk in Granada\" \/>\n<meta property=\"article:publisher\" content=\"https:\/\/es-es.facebook.com\/walkingranadatour\/\" \/>\n<meta property=\"article:modified_time\" content=\"2025-07-30T12:26:51+00:00\" \/>\n<meta property=\"og:image\" content=\"https:\/\/walkingranada.com\/wp-content\/uploads\/2022\/12\/antequera-y-el-torcal.jpg.webp\" \/>\n<meta name=\"twitter:card\" content=\"summary_large_image\" \/>\n<meta name=\"twitter:site\" content=\"@walkingranada\" \/>\n<meta name=\"twitter:label1\" content=\"Tempo estimado de leitura\" \/>\n\t<meta name=\"twitter:data1\" content=\"4 minutos\" \/>\n<script type=\"application\/ld+json\" class=\"yoast-schema-graph\">{\"@context\":\"https:\\\/\\\/schema.org\",\"@graph\":[{\"@type\":\"WebPage\",\"@id\":\"https:\\\/\\\/walkingranada.com\\\/que-hacer-en-granada\\\/excursiones\\\/antequera-torcal\\\/\",\"url\":\"https:\\\/\\\/walkingranada.com\\\/que-hacer-en-granada\\\/excursiones\\\/antequera-torcal\\\/\",\"name\":\"Antequera y Torcal - Walk in Granada\",\"isPartOf\":{\"@id\":\"https:\\\/\\\/walkingranada.com\\\/#website\"},\"primaryImageOfPage\":{\"@id\":\"https:\\\/\\\/walkingranada.com\\\/que-hacer-en-granada\\\/excursiones\\\/antequera-torcal\\\/#primaryimage\"},\"image\":{\"@id\":\"https:\\\/\\\/walkingranada.com\\\/que-hacer-en-granada\\\/excursiones\\\/antequera-torcal\\\/#primaryimage\"},\"thumbnailUrl\":\"https:\\\/\\\/walkingranada.com\\\/wp-content\\\/uploads\\\/2022\\\/12\\\/antequera-y-el-torcal.jpg.webp\",\"datePublished\":\"2022-10-27T09:02:26+00:00\",\"dateModified\":\"2025-07-30T12:26:51+00:00\",\"description\":\"Descubre Antequera y el Torcal desde Granada en una visita sobre uno de los conjuntos paleol\u00edticos m\u00e1s antiguos del mundo.\",\"breadcrumb\":{\"@id\":\"https:\\\/\\\/walkingranada.com\\\/que-hacer-en-granada\\\/excursiones\\\/antequera-torcal\\\/#breadcrumb\"},\"inLanguage\":\"pt-PT\",\"potentialAction\":[{\"@type\":\"ReadAction\",\"target\":[\"https:\\\/\\\/walkingranada.com\\\/que-hacer-en-granada\\\/excursiones\\\/antequera-torcal\\\/\"]}]},{\"@type\":\"ImageObject\",\"inLanguage\":\"pt-PT\",\"@id\":\"https:\\\/\\\/walkingranada.com\\\/que-hacer-en-granada\\\/excursiones\\\/antequera-torcal\\\/#primaryimage\",\"url\":\"https:\\\/\\\/walkingranada.com\\\/wp-content\\\/uploads\\\/2022\\\/12\\\/antequera-y-el-torcal.jpg.webp\",\"contentUrl\":\"https:\\\/\\\/walkingranada.com\\\/wp-content\\\/uploads\\\/2022\\\/12\\\/antequera-y-el-torcal.jpg.webp\"},{\"@type\":\"BreadcrumbList\",\"@id\":\"https:\\\/\\\/walkingranada.com\\\/que-hacer-en-granada\\\/excursiones\\\/antequera-torcal\\\/#breadcrumb\",\"itemListElement\":[{\"@type\":\"ListItem\",\"position\":1,\"name\":\"Portada\",\"item\":\"https:\\\/\\\/walkingranada.com\\\/\"},{\"@type\":\"ListItem\",\"position\":2,\"name\":\"Qu\u00e9 hacer en granada\",\"item\":\"https:\\\/\\\/walkingranada.com\\\/que-hacer-en-granada\\\/\"},{\"@type\":\"ListItem\",\"position\":3,\"name\":\"Excursiones de un d\u00eda\",\"item\":\"https:\\\/\\\/walkingranada.com\\\/que-hacer-en-granada\\\/excursiones\\\/\"},{\"@type\":\"ListItem\",\"position\":4,\"name\":\"Antequera &#038; Torcal\"}]},{\"@type\":\"WebSite\",\"@id\":\"https:\\\/\\\/walkingranada.com\\\/#website\",\"url\":\"https:\\\/\\\/walkingranada.com\\\/\",\"name\":\"Walk in Granada\",\"description\":\"Turismo responsable\",\"publisher\":{\"@id\":\"https:\\\/\\\/walkingranada.com\\\/#organization\"},\"alternateName\":\"Walk in Granada\",\"potentialAction\":[{\"@type\":\"SearchAction\",\"target\":{\"@type\":\"EntryPoint\",\"urlTemplate\":\"https:\\\/\\\/walkingranada.com\\\/?s={search_term_string}\"},\"query-input\":{\"@type\":\"PropertyValueSpecification\",\"valueRequired\":true,\"valueName\":\"search_term_string\"}}],\"inLanguage\":\"pt-PT\"},{\"@type\":\"Organization\",\"@id\":\"https:\\\/\\\/walkingranada.com\\\/#organization\",\"name\":\"Walk In Granada\",\"alternateName\":\"Walk In Granada\",\"url\":\"https:\\\/\\\/walkingranada.com\\\/\",\"logo\":{\"@type\":\"ImageObject\",\"inLanguage\":\"pt-PT\",\"@id\":\"https:\\\/\\\/walkingranada.com\\\/#\\\/schema\\\/logo\\\/image\\\/\",\"url\":\"https:\\\/\\\/walkingranada.com\\\/wp-content\\\/uploads\\\/2022\\\/12\\\/Logo-Walking.webp\",\"contentUrl\":\"https:\\\/\\\/walkingranada.com\\\/wp-content\\\/uploads\\\/2022\\\/12\\\/Logo-Walking.webp\",\"width\":512,\"height\":512,\"caption\":\"Walk In Granada\"},\"image\":{\"@id\":\"https:\\\/\\\/walkingranada.com\\\/#\\\/schema\\\/logo\\\/image\\\/\"},\"sameAs\":[\"https:\\\/\\\/es-es.facebook.com\\\/walkingranadatour\\\/\",\"https:\\\/\\\/x.com\\\/walkingranada\",\"https:\\\/\\\/www.instagram.com\\\/walkingranada\\\/\"]}]}<\/script>\n<!-- \/ Yoast SEO plugin. -->","yoast_head_json":{"title":"Antequera e Torcal - Walk in Granada","description":"Descubra Antequera e o Torcal a partir de Granada em uma visita a um dos mais antigos s\u00edtios paleol\u00edticos do mundo.","robots":{"index":"index","follow":"follow","max-snippet":"max-snippet:-1","max-image-preview":"max-image-preview:large","max-video-preview":"max-video-preview:-1"},"canonical":"https:\/\/walkingranada.com\/pt\/que-fazer-em-granada\/excursoes\/antequera-torcal\/","og_locale":"pt_PT","og_type":"article","og_title":"Antequera y Torcal - Walk in Granada","og_description":"Descubre Antequera y el Torcal desde Granada en una visita sobre uno de los conjuntos paleol\u00edticos m\u00e1s antiguos del mundo.","og_url":"https:\/\/walkingranada.com\/pt\/que-fazer-em-granada\/excursoes\/antequera-torcal\/","og_site_name":"Walk in Granada","article_publisher":"https:\/\/es-es.facebook.com\/walkingranadatour\/","article_modified_time":"2025-07-30T12:26:51+00:00","og_image":[{"url":"https:\/\/walkingranada.com\/wp-content\/uploads\/2022\/12\/antequera-y-el-torcal.jpg.webp","type":"","width":"","height":""}],"twitter_card":"summary_large_image","twitter_site":"@walkingranada","twitter_misc":{"Tempo estimado de leitura":"4 minutos"},"schema":{"@context":"https:\/\/schema.org","@graph":[{"@type":"WebPage","@id":"https:\/\/walkingranada.com\/que-hacer-en-granada\/excursiones\/antequera-torcal\/","url":"https:\/\/walkingranada.com\/que-hacer-en-granada\/excursiones\/antequera-torcal\/","name":"Antequera e Torcal - Walk in Granada","isPartOf":{"@id":"https:\/\/walkingranada.com\/#website"},"primaryImageOfPage":{"@id":"https:\/\/walkingranada.com\/que-hacer-en-granada\/excursiones\/antequera-torcal\/#primaryimage"},"image":{"@id":"https:\/\/walkingranada.com\/que-hacer-en-granada\/excursiones\/antequera-torcal\/#primaryimage"},"thumbnailUrl":"https:\/\/walkingranada.com\/wp-content\/uploads\/2022\/12\/antequera-y-el-torcal.jpg.webp","datePublished":"2022-10-27T09:02:26+00:00","dateModified":"2025-07-30T12:26:51+00:00","description":"Descubra Antequera e o Torcal a partir de Granada em uma visita a um dos mais antigos s\u00edtios paleol\u00edticos do mundo.","breadcrumb":{"@id":"https:\/\/walkingranada.com\/que-hacer-en-granada\/excursiones\/antequera-torcal\/#breadcrumb"},"inLanguage":"pt-PT","potentialAction":[{"@type":"ReadAction","target":["https:\/\/walkingranada.com\/que-hacer-en-granada\/excursiones\/antequera-torcal\/"]}]},{"@type":"ImageObject","inLanguage":"pt-PT","@id":"https:\/\/walkingranada.com\/que-hacer-en-granada\/excursiones\/antequera-torcal\/#primaryimage","url":"https:\/\/walkingranada.com\/wp-content\/uploads\/2022\/12\/antequera-y-el-torcal.jpg.webp","contentUrl":"https:\/\/walkingranada.com\/wp-content\/uploads\/2022\/12\/antequera-y-el-torcal.jpg.webp"},{"@type":"BreadcrumbList","@id":"https:\/\/walkingranada.com\/que-hacer-en-granada\/excursiones\/antequera-torcal\/#breadcrumb","itemListElement":[{"@type":"ListItem","position":1,"name":"Portada","item":"https:\/\/walkingranada.com\/"},{"@type":"ListItem","position":2,"name":"Qu\u00e9 hacer en granada","item":"https:\/\/walkingranada.com\/que-hacer-en-granada\/"},{"@type":"ListItem","position":3,"name":"Excursiones de un d\u00eda","item":"https:\/\/walkingranada.com\/que-hacer-en-granada\/excursiones\/"},{"@type":"ListItem","position":4,"name":"Antequera &#038; Torcal"}]},{"@type":"WebSite","@id":"https:\/\/walkingranada.com\/#website","url":"https:\/\/walkingranada.com\/","name":"Walk in Granada","description":"Turismo responsable","publisher":{"@id":"https:\/\/walkingranada.com\/#organization"},"alternateName":"Walk in Granada","potentialAction":[{"@type":"SearchAction","target":{"@type":"EntryPoint","urlTemplate":"https:\/\/walkingranada.com\/?s={search_term_string}"},"query-input":{"@type":"PropertyValueSpecification","valueRequired":true,"valueName":"search_term_string"}}],"inLanguage":"pt-PT"},{"@type":"Organization","@id":"https:\/\/walkingranada.com\/#organization","name":"Walk In Granada","alternateName":"Walk In Granada","url":"https:\/\/walkingranada.com\/","logo":{"@type":"ImageObject","inLanguage":"pt-PT","@id":"https:\/\/walkingranada.com\/#\/schema\/logo\/image\/","url":"https:\/\/walkingranada.com\/wp-content\/uploads\/2022\/12\/Logo-Walking.webp","contentUrl":"https:\/\/walkingranada.com\/wp-content\/uploads\/2022\/12\/Logo-Walking.webp","width":512,"height":512,"caption":"Walk In Granada"},"image":{"@id":"https:\/\/walkingranada.com\/#\/schema\/logo\/image\/"},"sameAs":["https:\/\/es-es.facebook.com\/walkingranadatour\/","https:\/\/x.com\/walkingranada","https:\/\/www.instagram.com\/walkingranada\/"]}]}},"_links":{"self":[{"href":"https:\/\/walkingranada.com\/pt\/wp-json\/wp\/v2\/pages\/450","targetHints":{"allow":["GET"]}}],"collection":[{"href":"https:\/\/walkingranada.com\/pt\/wp-json\/wp\/v2\/pages"}],"about":[{"href":"https:\/\/walkingranada.com\/pt\/wp-json\/wp\/v2\/types\/page"}],"author":[{"embeddable":true,"href":"https:\/\/walkingranada.com\/pt\/wp-json\/wp\/v2\/users\/2"}],"replies":[{"embeddable":true,"href":"https:\/\/walkingranada.com\/pt\/wp-json\/wp\/v2\/comments?post=450"}],"version-history":[{"count":5,"href":"https:\/\/walkingranada.com\/pt\/wp-json\/wp\/v2\/pages\/450\/revisions"}],"predecessor-version":[{"id":6804,"href":"https:\/\/walkingranada.com\/pt\/wp-json\/wp\/v2\/pages\/450\/revisions\/6804"}],"up":[{"embeddable":true,"href":"https:\/\/walkingranada.com\/pt\/wp-json\/wp\/v2\/pages\/446"}],"wp:attachment":[{"href":"https:\/\/walkingranada.com\/pt\/wp-json\/wp\/v2\/media?parent=450"}],"curies":[{"name":"wp","href":"https:\/\/api.w.org\/{rel}","templated":true}]}}