{"id":448,"date":"2022-10-27T09:02:11","date_gmt":"2022-10-27T09:02:11","guid":{"rendered":"https:\/\/factum-omibu.es\/walkin\/?page_id=448"},"modified":"2025-06-11T06:55:18","modified_gmt":"2025-06-11T06:55:18","slug":"nerja-frigiliana","status":"publish","type":"page","link":"https:\/\/walkingranada.com\/pt\/que-hacer-en-granada\/excursiones\/nerja-frigiliana\/","title":{"rendered":"Nerja &#038; Frigiliana"},"content":{"rendered":"<p>Excurs\u00f5es de um d\u00eda &gt; Nerja e Frigiliana<\/p>\r\n\t<!-- FareHarbor calendar of item #180688 -->\r\n<h1>\r\n\t\tvisita guiada a Nerja e Frigiliana\r\n\t<\/h1>\r\n\t<p>A <strong>Costa do Sol <\/strong>\u00e9 assim chamado precisamente porque \u00e9 a <strong>zona geogr\u00e1fica de Espanha com mais horas de luz solar por ano<\/strong>. Dentro deste <strong>regi\u00e3o de M\u00e1laga<\/strong> encontramos aldeias com uma beleza singular e um patrim\u00f3nio hist\u00f3rico, art\u00edstico e natural inigual\u00e1vel.<\/p>\r\n<p class=\"translation-block\"><strong>Esta \u00e9 uma excurs\u00e3o em grupo reduzido. Se voc\u00ea quiser fazer este passeio em formato privado, pode fazer a solicita\u00e7\u00e3o atrav\u00e9s de nossa se\u00e7\u00e3o de <\/strong><span class=\"red\"><a href=\"https:\/\/walkingranada.com\/pt\/visitas-personalizadas\/\" target=\"_self\"> <strong class=\"red\">visitas personalizadas.<\/strong><\/a><\/span><\/p>\r\n<h2>\r\n\t\tExcurs\u00e3o a Nerja e Firigliana de Granada\r\n\t<\/h2>\r\n\t\t\t\t<img decoding=\"async\" loading=\"lazy\" src=\"https:\/\/walkingranada.com\/wp-content\/uploads\/2022\/12\/Nerja_y_Figiliana.jpg.webp\" alt=\"Nerja_y_Figiliana\" itemprop=\"image\" height=\"398\" width=\"711\" title=\"Nerja_y_Figiliana\" onerror=\"this.style.display='none'\"  \/>\r\n\t<p>A nossa <strong>visita guiada a Nerja e Frigiliana<\/strong> de Granada leva-o a Serra da Axarqu\u00eda para descobrir a cidade de Frigiliana. Um vest\u00edgio vivo do <strong>arquitectura mourisca<\/strong>, com ruas estreitas de cal\u00e7ada ladeadas por casas baixas com paredes caiadas de branco. Onde o cheiro das flores que decoram as paredes e o salitre do Mediterr\u00e2neo pr\u00f3ximo acompanham o visitante.<\/p>\r\n<p>O <strong>munic\u00edpio de Frigiliana<\/strong> \u00e9 um verdadeiro deleite para os sentidos e a visita a esta cidade culmina com uma vista panor\u00e2mica do <strong>restos da fortaleza \u00e1rabe de Lizar<\/strong>, a partir do s\u00e9culo IX EC.<\/p>\r\n\t<p>Na sequ\u00eancia de uma visita a um dos <strong>\u00faltimos basti\u00f5es dos Mouros na Pen\u00ednsula Ib\u00e9rica<\/strong>os visitantes continuam no seu caminho para <strong>Maro<\/strong>um munic\u00edpio <strong>par\u00f3quia de Nerja<\/strong> e que tem uma das cavernas mais not\u00e1veis da Andaluzia, tanto pelo seu valor geomorfol\u00f3gico como paleontol\u00f3gico. A <strong>Gruta de Nerja<\/strong>.<\/p>\r\n<p>Um enorme complexo com uma superf\u00edcie de mais de 35.000 metros quadrados, dos quais cerca de 9.000 metros quadrados podem ser explorados no chamado <strong>Galerias Tur\u00edsticas<\/strong>. O museu das cavernas preserva <strong>restos do Paleol\u00edtico Superior pr\u00e9-hist\u00f3rico<\/strong> e a <strong>pr\u00e9-hist\u00f3ria recente<\/strong> com impressionante <strong>pinturas rupestres<\/strong> pelo menos 42.000 anos de idade. \u00c9 considerado como <strong>a gruta com as manifesta\u00e7\u00f5es art\u00edsticas e simb\u00f3licas mais pr\u00e9-hist\u00f3ricas do mundo.<\/strong><\/p>\r\n<p>A caverna tamb\u00e9m se destaca geologicamente por causa das suas enormes c\u00e2maras cheias de <strong>espeleotems<\/strong>:<strong> gours, estalactites, estalagmites, estalagmites<\/strong> e <strong>colunas<\/strong> que conferem aos espa\u00e7os uma singular majestade natural.<\/p>\r\n<p>Depois de deixar a <strong>museu-caverna de Nerja<\/strong>os visitantes continuar\u00e3o ent\u00e3o a sua marcha para o <strong>munic\u00edpio costeiro de Nerja<\/strong>onde pode apreciar a gastronomia andaluza no seu melhor e contemplar as vistas do <strong>Varanda da Europa<\/strong>. Nome atribu\u00eddo a <strong>Alfonso XII<\/strong> e que nomeia uma enorme plataforma na fal\u00e9sia que outrora foi a <strong>Castelo Baixo de Nerja<\/strong> e o ponto central a partir do qual o munic\u00edpio se desenvolveu durante o <strong>S\u00e9culo XVI<\/strong>.<\/p>\r\n<h2>\r\n\t\tPonto de encontro\r\n\t<\/h2>\r\n\t<p><strong>Pra\u00e7a Mariana Pineda<\/strong><\/p>\r\n\t<p>Precisa de indica\u00e7\u00f5es para l\u00e1 chegar?<\/p>\r\n\t\t\t<a href=\"#reserva\" target=\"_self\">\r\n\t\t\t\t\t\t\tReservar &gt;\r\n\t\t\t\t\t<\/a>\r\n\t\t\t<a href=\"https:\/\/goo.gl\/maps\/S8LCwLLRQArti4X98\" target=\"_self\">\r\n\t\t\t\t\t\t\tVer Mapa &gt;\r\n\t\t\t\t\t<\/a>\r\n<h2>\r\n\t\tO que vai visitar\r\n\t<\/h2>\r\n\t<ul>\r\n<li>Munic\u00edpio de Frigiliana<\/li>\r\n<li>Castelo \u00e1rabe de L\u00edzar<\/li>\r\n<li>Caverna-Museu de Nerja<\/li>\r\n<li>Varanda da Europa<\/li>\r\n<li>Munic\u00edpio de  Nerja<\/li>\r\n<\/ul>\r\n<h2>\r\n\t\tO que est\u00e1 inclu\u00eddo na visita\r\n\t<\/h2>\r\n\t<ul>\r\n<li aria-level=\"1\">Transporte<\/li>\r\n<li aria-level=\"1\">Guia Tur\u00edstico Oficial<\/li>\r\n<li aria-level=\"1\">Entrada para as Grutas de Nerja<\/li>\r\n<\/ul>\r\n<h2>\r\n\t\tO que a visita n\u00e3o inclui\r\n\t<\/h2>\r\n\t<ul>\r\n<li aria-level=\"1\">Comida e bebida<\/li>\r\n<\/ul>\r\n<h2>\r\n\t\tTambi\u00e9n puedes reservar nuestros otros servicios&#8230;\r\n\t<\/h2>\r\n\t<a href=\"https:\/\/walkingranada.com\/pt\/que-fazer-em-granada\/flamenco\/\" target=\"_self\"><\/a>\t\t\t<img decoding=\"async\" loading=\"lazy\" alt=\"bailaora flamenca\" src=\"https:\/\/walkingranada.com\/wp-content\/uploads\/2022\/10\/Rectangle-42.png\"\/>\r\n\t\t<h3>Flamenco<\/h3>\r\n\t<a href=\"https:\/\/walkingranada.com\/pt\/que-fazer-em-granada\/hammam-al-andalus\/\" target=\"_self\"><\/a>\t\t\t<img decoding=\"async\" loading=\"lazy\" alt=\"ba\u00f1os \u00e1rabes\" src=\"https:\/\/walkingranada.com\/wp-content\/uploads\/2022\/10\/Rectangle-43.png\"\/>\r\n\t\t<h3>Hammam <br \/>Al-\u00e1ndalus<\/h3>\r\n\t<a href=\"https:\/\/walkingranada.com\/pt\/que-fazer-em-granada\/excursoes\/\" target=\"_self\"><\/a>\t\t\t<img decoding=\"async\" loading=\"lazy\" alt=\"mezquita de c\u00f3rdoba\" src=\"https:\/\/walkingranada.com\/wp-content\/uploads\/2022\/10\/Rectangle-45.png\"\/>\r\n\t\t<h3>excurs\u00f5es <br \/>de un dia<\/h3>\r\n\t<a href=\"https:\/\/walkingranada.com\/pt\/que-fazer-em-granada\/rota-olfativa\/\" target=\"_self\"><\/a>\t\t\t<img decoding=\"async\" loading=\"lazy\" alt=\"imagen de una chica joven\" src=\"https:\/\/walkingranada.com\/wp-content\/uploads\/2022\/10\/Rectangle-38.png\"\/>\r\n\t\t<h3>Rota olfativa<\/h3>","protected":false},"excerpt":{"rendered":"<p>Excursiones &gt; Nerja y Frigiliana Visita guiada a Nerja y Frigiliana La Costa del Sol recibe ese nombre precisamente por ser la zona geogr\u00e1fica de Espa\u00f1a con m\u00e1s horas de luz solar al a\u00f1o. Dentro de esta comarca de M\u00e1laga encontramos pueblos con una belleza singular y con un patrimonio hist\u00f3rico-art\u00edstico y natural sin parang\u00f3n. &#8230; <a title=\"Nerja &#038; Frigiliana\" class=\"read-more\" href=\"https:\/\/walkingranada.com\/pt\/que-hacer-en-granada\/excursiones\/nerja-frigiliana\/\" aria-label=\"Leia mais sobre Nerja &#038; Frigiliana\">Ler mais<\/a><\/p>","protected":false},"author":2,"featured_media":0,"parent":446,"menu_order":0,"comment_status":"closed","ping_status":"closed","template":"","meta":{"footnotes":""},"class_list":["post-448","page","type-page","status-publish"],"yoast_head":"<!-- This site is optimized with the Yoast SEO plugin v27.5 - https:\/\/yoast.com\/product\/yoast-seo-wordpress\/ -->\n<title>Excursi\u00f3n a Nerja y Frigiliana desde Granada<\/title>\n<meta name=\"description\" content=\"Excursi\u00f3n a Nerja y Frijiliana desde Granada. Conocer\u00e1s dos enclaves \u00fanicos en la serran\u00eda y costa malague\u00f1a as\u00ed como las c\u00e9lebres cuevas.\" \/>\n<meta name=\"robots\" content=\"index, follow, max-snippet:-1, max-image-preview:large, max-video-preview:-1\" \/>\n<link rel=\"canonical\" href=\"https:\/\/walkingranada.com\/pt\/que-fazer-em-granada\/excursoes\/nerja-frigiliana\/\" \/>\n<meta property=\"og:locale\" content=\"pt_PT\" \/>\n<meta property=\"og:type\" content=\"article\" \/>\n<meta property=\"og:title\" content=\"Excursi\u00f3n a Nerja y Frigiliana desde Granada\" \/>\n<meta property=\"og:description\" content=\"Excursi\u00f3n a Nerja y Frijiliana desde Granada. Conocer\u00e1s dos enclaves \u00fanicos en la serran\u00eda y costa malague\u00f1a as\u00ed como las c\u00e9lebres cuevas.\" \/>\n<meta property=\"og:url\" content=\"https:\/\/walkingranada.com\/pt\/que-fazer-em-granada\/excursoes\/nerja-frigiliana\/\" \/>\n<meta property=\"og:site_name\" content=\"Walk in Granada\" \/>\n<meta property=\"article:publisher\" content=\"https:\/\/es-es.facebook.com\/walkingranadatour\/\" \/>\n<meta property=\"article:modified_time\" content=\"2025-06-11T06:55:18+00:00\" \/>\n<meta property=\"og:image\" content=\"https:\/\/walkingranada.com\/wp-content\/uploads\/2022\/12\/Nerja_y_Figiliana.jpg.webp\" \/>\n<meta name=\"twitter:card\" content=\"summary_large_image\" \/>\n<meta name=\"twitter:site\" content=\"@walkingranada\" \/>\n<meta name=\"twitter:label1\" content=\"Tempo estimado de leitura\" \/>\n\t<meta name=\"twitter:data1\" content=\"4 minutos\" \/>\n<script type=\"application\/ld+json\" class=\"yoast-schema-graph\">{\"@context\":\"https:\\\/\\\/schema.org\",\"@graph\":[{\"@type\":\"WebPage\",\"@id\":\"https:\\\/\\\/walkingranada.com\\\/que-hacer-en-granada\\\/excursiones\\\/nerja-frigiliana\\\/\",\"url\":\"https:\\\/\\\/walkingranada.com\\\/que-hacer-en-granada\\\/excursiones\\\/nerja-frigiliana\\\/\",\"name\":\"Excursi\u00f3n a Nerja y Frigiliana desde Granada\",\"isPartOf\":{\"@id\":\"https:\\\/\\\/walkingranada.com\\\/#website\"},\"primaryImageOfPage\":{\"@id\":\"https:\\\/\\\/walkingranada.com\\\/que-hacer-en-granada\\\/excursiones\\\/nerja-frigiliana\\\/#primaryimage\"},\"image\":{\"@id\":\"https:\\\/\\\/walkingranada.com\\\/que-hacer-en-granada\\\/excursiones\\\/nerja-frigiliana\\\/#primaryimage\"},\"thumbnailUrl\":\"https:\\\/\\\/walkingranada.com\\\/wp-content\\\/uploads\\\/2022\\\/12\\\/Nerja_y_Figiliana.jpg.webp\",\"datePublished\":\"2022-10-27T09:02:11+00:00\",\"dateModified\":\"2025-06-11T06:55:18+00:00\",\"description\":\"Excursi\u00f3n a Nerja y Frijiliana desde Granada. Conocer\u00e1s dos enclaves \u00fanicos en la serran\u00eda y costa malague\u00f1a as\u00ed como las c\u00e9lebres cuevas.\",\"breadcrumb\":{\"@id\":\"https:\\\/\\\/walkingranada.com\\\/que-hacer-en-granada\\\/excursiones\\\/nerja-frigiliana\\\/#breadcrumb\"},\"inLanguage\":\"pt-PT\",\"potentialAction\":[{\"@type\":\"ReadAction\",\"target\":[\"https:\\\/\\\/walkingranada.com\\\/que-hacer-en-granada\\\/excursiones\\\/nerja-frigiliana\\\/\"]}]},{\"@type\":\"ImageObject\",\"inLanguage\":\"pt-PT\",\"@id\":\"https:\\\/\\\/walkingranada.com\\\/que-hacer-en-granada\\\/excursiones\\\/nerja-frigiliana\\\/#primaryimage\",\"url\":\"https:\\\/\\\/walkingranada.com\\\/wp-content\\\/uploads\\\/2022\\\/12\\\/Nerja_y_Figiliana.jpg.webp\",\"contentUrl\":\"https:\\\/\\\/walkingranada.com\\\/wp-content\\\/uploads\\\/2022\\\/12\\\/Nerja_y_Figiliana.jpg.webp\"},{\"@type\":\"BreadcrumbList\",\"@id\":\"https:\\\/\\\/walkingranada.com\\\/que-hacer-en-granada\\\/excursiones\\\/nerja-frigiliana\\\/#breadcrumb\",\"itemListElement\":[{\"@type\":\"ListItem\",\"position\":1,\"name\":\"Portada\",\"item\":\"https:\\\/\\\/walkingranada.com\\\/\"},{\"@type\":\"ListItem\",\"position\":2,\"name\":\"Qu\u00e9 hacer en granada\",\"item\":\"https:\\\/\\\/walkingranada.com\\\/que-hacer-en-granada\\\/\"},{\"@type\":\"ListItem\",\"position\":3,\"name\":\"Excursiones de un d\u00eda\",\"item\":\"https:\\\/\\\/walkingranada.com\\\/que-hacer-en-granada\\\/excursiones\\\/\"},{\"@type\":\"ListItem\",\"position\":4,\"name\":\"Nerja &#038; Frigiliana\"}]},{\"@type\":\"WebSite\",\"@id\":\"https:\\\/\\\/walkingranada.com\\\/#website\",\"url\":\"https:\\\/\\\/walkingranada.com\\\/\",\"name\":\"Walk in Granada\",\"description\":\"Turismo responsable\",\"publisher\":{\"@id\":\"https:\\\/\\\/walkingranada.com\\\/#organization\"},\"alternateName\":\"Walk in Granada\",\"potentialAction\":[{\"@type\":\"SearchAction\",\"target\":{\"@type\":\"EntryPoint\",\"urlTemplate\":\"https:\\\/\\\/walkingranada.com\\\/?s={search_term_string}\"},\"query-input\":{\"@type\":\"PropertyValueSpecification\",\"valueRequired\":true,\"valueName\":\"search_term_string\"}}],\"inLanguage\":\"pt-PT\"},{\"@type\":\"Organization\",\"@id\":\"https:\\\/\\\/walkingranada.com\\\/#organization\",\"name\":\"Walk In Granada\",\"alternateName\":\"Walk In Granada\",\"url\":\"https:\\\/\\\/walkingranada.com\\\/\",\"logo\":{\"@type\":\"ImageObject\",\"inLanguage\":\"pt-PT\",\"@id\":\"https:\\\/\\\/walkingranada.com\\\/#\\\/schema\\\/logo\\\/image\\\/\",\"url\":\"https:\\\/\\\/walkingranada.com\\\/wp-content\\\/uploads\\\/2022\\\/12\\\/Logo-Walking.webp\",\"contentUrl\":\"https:\\\/\\\/walkingranada.com\\\/wp-content\\\/uploads\\\/2022\\\/12\\\/Logo-Walking.webp\",\"width\":512,\"height\":512,\"caption\":\"Walk In Granada\"},\"image\":{\"@id\":\"https:\\\/\\\/walkingranada.com\\\/#\\\/schema\\\/logo\\\/image\\\/\"},\"sameAs\":[\"https:\\\/\\\/es-es.facebook.com\\\/walkingranadatour\\\/\",\"https:\\\/\\\/x.com\\\/walkingranada\",\"https:\\\/\\\/www.instagram.com\\\/walkingranada\\\/\"]}]}<\/script>\n<!-- \/ Yoast SEO plugin. -->","yoast_head_json":{"title":"Excurs\u00e3o a Nerja e Frigiliana saindo de Granada","description":"Excurs\u00e3o a Nerja e Frigiliana desde Granada. Voc\u00ea descobrir\u00e1 dois locais \u00fanicos nas montanhas e na costa de M\u00e1laga, bem como as famosas cavernas.","robots":{"index":"index","follow":"follow","max-snippet":"max-snippet:-1","max-image-preview":"max-image-preview:large","max-video-preview":"max-video-preview:-1"},"canonical":"https:\/\/walkingranada.com\/pt\/que-fazer-em-granada\/excursoes\/nerja-frigiliana\/","og_locale":"pt_PT","og_type":"article","og_title":"Excursi\u00f3n a Nerja y Frigiliana desde Granada","og_description":"Excursi\u00f3n a Nerja y Frijiliana desde Granada. Conocer\u00e1s dos enclaves \u00fanicos en la serran\u00eda y costa malague\u00f1a as\u00ed como las c\u00e9lebres cuevas.","og_url":"https:\/\/walkingranada.com\/pt\/que-fazer-em-granada\/excursoes\/nerja-frigiliana\/","og_site_name":"Walk in Granada","article_publisher":"https:\/\/es-es.facebook.com\/walkingranadatour\/","article_modified_time":"2025-06-11T06:55:18+00:00","og_image":[{"url":"https:\/\/walkingranada.com\/wp-content\/uploads\/2022\/12\/Nerja_y_Figiliana.jpg.webp","type":"","width":"","height":""}],"twitter_card":"summary_large_image","twitter_site":"@walkingranada","twitter_misc":{"Tempo estimado de leitura":"4 minutos"},"schema":{"@context":"https:\/\/schema.org","@graph":[{"@type":"WebPage","@id":"https:\/\/walkingranada.com\/que-hacer-en-granada\/excursiones\/nerja-frigiliana\/","url":"https:\/\/walkingranada.com\/que-hacer-en-granada\/excursiones\/nerja-frigiliana\/","name":"Excurs\u00e3o a Nerja e Frigiliana saindo de Granada","isPartOf":{"@id":"https:\/\/walkingranada.com\/#website"},"primaryImageOfPage":{"@id":"https:\/\/walkingranada.com\/que-hacer-en-granada\/excursiones\/nerja-frigiliana\/#primaryimage"},"image":{"@id":"https:\/\/walkingranada.com\/que-hacer-en-granada\/excursiones\/nerja-frigiliana\/#primaryimage"},"thumbnailUrl":"https:\/\/walkingranada.com\/wp-content\/uploads\/2022\/12\/Nerja_y_Figiliana.jpg.webp","datePublished":"2022-10-27T09:02:11+00:00","dateModified":"2025-06-11T06:55:18+00:00","description":"Excurs\u00e3o a Nerja e Frigiliana desde Granada. Voc\u00ea descobrir\u00e1 dois locais \u00fanicos nas montanhas e na costa de M\u00e1laga, bem como as famosas cavernas.","breadcrumb":{"@id":"https:\/\/walkingranada.com\/que-hacer-en-granada\/excursiones\/nerja-frigiliana\/#breadcrumb"},"inLanguage":"pt-PT","potentialAction":[{"@type":"ReadAction","target":["https:\/\/walkingranada.com\/que-hacer-en-granada\/excursiones\/nerja-frigiliana\/"]}]},{"@type":"ImageObject","inLanguage":"pt-PT","@id":"https:\/\/walkingranada.com\/que-hacer-en-granada\/excursiones\/nerja-frigiliana\/#primaryimage","url":"https:\/\/walkingranada.com\/wp-content\/uploads\/2022\/12\/Nerja_y_Figiliana.jpg.webp","contentUrl":"https:\/\/walkingranada.com\/wp-content\/uploads\/2022\/12\/Nerja_y_Figiliana.jpg.webp"},{"@type":"BreadcrumbList","@id":"https:\/\/walkingranada.com\/que-hacer-en-granada\/excursiones\/nerja-frigiliana\/#breadcrumb","itemListElement":[{"@type":"ListItem","position":1,"name":"Portada","item":"https:\/\/walkingranada.com\/"},{"@type":"ListItem","position":2,"name":"Qu\u00e9 hacer en granada","item":"https:\/\/walkingranada.com\/que-hacer-en-granada\/"},{"@type":"ListItem","position":3,"name":"Excursiones de un d\u00eda","item":"https:\/\/walkingranada.com\/que-hacer-en-granada\/excursiones\/"},{"@type":"ListItem","position":4,"name":"Nerja &#038; Frigiliana"}]},{"@type":"WebSite","@id":"https:\/\/walkingranada.com\/#website","url":"https:\/\/walkingranada.com\/","name":"Walk in Granada","description":"Turismo responsable","publisher":{"@id":"https:\/\/walkingranada.com\/#organization"},"alternateName":"Walk in Granada","potentialAction":[{"@type":"SearchAction","target":{"@type":"EntryPoint","urlTemplate":"https:\/\/walkingranada.com\/?s={search_term_string}"},"query-input":{"@type":"PropertyValueSpecification","valueRequired":true,"valueName":"search_term_string"}}],"inLanguage":"pt-PT"},{"@type":"Organization","@id":"https:\/\/walkingranada.com\/#organization","name":"Walk In Granada","alternateName":"Walk In Granada","url":"https:\/\/walkingranada.com\/","logo":{"@type":"ImageObject","inLanguage":"pt-PT","@id":"https:\/\/walkingranada.com\/#\/schema\/logo\/image\/","url":"https:\/\/walkingranada.com\/wp-content\/uploads\/2022\/12\/Logo-Walking.webp","contentUrl":"https:\/\/walkingranada.com\/wp-content\/uploads\/2022\/12\/Logo-Walking.webp","width":512,"height":512,"caption":"Walk In Granada"},"image":{"@id":"https:\/\/walkingranada.com\/#\/schema\/logo\/image\/"},"sameAs":["https:\/\/es-es.facebook.com\/walkingranadatour\/","https:\/\/x.com\/walkingranada","https:\/\/www.instagram.com\/walkingranada\/"]}]}},"_links":{"self":[{"href":"https:\/\/walkingranada.com\/pt\/wp-json\/wp\/v2\/pages\/448","targetHints":{"allow":["GET"]}}],"collection":[{"href":"https:\/\/walkingranada.com\/pt\/wp-json\/wp\/v2\/pages"}],"about":[{"href":"https:\/\/walkingranada.com\/pt\/wp-json\/wp\/v2\/types\/page"}],"author":[{"embeddable":true,"href":"https:\/\/walkingranada.com\/pt\/wp-json\/wp\/v2\/users\/2"}],"replies":[{"embeddable":true,"href":"https:\/\/walkingranada.com\/pt\/wp-json\/wp\/v2\/comments?post=448"}],"version-history":[{"count":9,"href":"https:\/\/walkingranada.com\/pt\/wp-json\/wp\/v2\/pages\/448\/revisions"}],"predecessor-version":[{"id":6851,"href":"https:\/\/walkingranada.com\/pt\/wp-json\/wp\/v2\/pages\/448\/revisions\/6851"}],"up":[{"embeddable":true,"href":"https:\/\/walkingranada.com\/pt\/wp-json\/wp\/v2\/pages\/446"}],"wp:attachment":[{"href":"https:\/\/walkingranada.com\/pt\/wp-json\/wp\/v2\/media?parent=448"}],"curies":[{"name":"wp","href":"https:\/\/api.w.org\/{rel}","templated":true}]}}