{"id":446,"date":"2022-10-27T09:01:44","date_gmt":"2022-10-27T09:01:44","guid":{"rendered":"https:\/\/factum-omibu.es\/walkin\/?page_id=446"},"modified":"2025-04-09T15:37:24","modified_gmt":"2025-04-09T15:37:24","slug":"excursoes","status":"publish","type":"page","link":"https:\/\/walkingranada.com\/pt\/que-hacer-en-granada\/excursiones\/","title":{"rendered":"Excurs\u00f5es de um dia"},"content":{"rendered":"<p>Que fazer em Granada &gt; Excurs\u00f5es de um dia<\/p>\r\n<h1>\r\n\t\tExcurs\u00f5es de um dia\r\n\t<\/h1>\r\n<h2>\r\n\t\tDe Granada a outras cidades\r\n\t<\/h2>\r\n<h2>\r\n\t\tAproveite seu tempo ao m\u00e1ximo!\r\n\t<\/h2>\r\n\t<p>Oferecemos a voc\u00ea excurs\u00f5es desde Granada para visitar Antequera, Ronda, M\u00e1laga, C\u00f3rdoba, Sevilla e muitos mais destinos de Andaluzia, incluindo: transporte de ida e volta, tour pela cidade com guia oficial, entradas a monumentos e tempo livre para comer e visitar a cidade do seu jeito.<\/p>\r\n\t<a href=\"https:\/\/walkingranada.com\/pt\/que-fazer-em-granada\/excursoes\/alpujarra\/\" target=\"_self\" rel=\"noopener\"><\/a>\r\n\t\t\t<img decoding=\"async\" loading=\"lazy\" alt=\"alpujarra excursiones\" src=\"https:\/\/walkingranada.com\/wp-content\/uploads\/2023\/01\/alpujarra-excursiones.webp\"\/>\r\n\t\t<h3>Alpujarra<\/h3>\r\n\t<a href=\"https:\/\/walkingranada.com\/pt\/que-fazer-em-granada\/excursoes\/antequera-torcal\/\" target=\"_self\" rel=\"noopener\"><\/a>\r\n\t\t\t<img decoding=\"async\" loading=\"lazy\" alt=\"antequera-y-el-torcal\" src=\"https:\/\/walkingranada.com\/wp-content\/uploads\/2023\/01\/antequera-y-el-torcal-3.webp\"\/>\r\n\t\t<h3>Antequera e o Torcal<\/h3>\r\n\t<a href=\"https:\/\/walkingranada.com\/pt\/que-fazer-em-granada\/excursoes\/caminito-del-rey-2\/\" target=\"_self\" rel=\"noopener\"><\/a>\r\n\t\t\t<img decoding=\"async\" loading=\"lazy\" alt=\"caminito-del-rey\" src=\"https:\/\/walkingranada.com\/wp-content\/uploads\/2023\/01\/caminito-del-rey.webp\"\/>\r\n\t\t<h3>Caminito <br \/>del rey<\/h3>\r\n\t<a href=\"https:\/\/walkingranada.com\/pt\/que-fazer-em-granada\/excursoes\/cordoba\/\" target=\"_self\" rel=\"noopener\"><\/a>\r\n\t\t\t<img decoding=\"async\" loading=\"lazy\" alt=\"cordoba\" src=\"https:\/\/walkingranada.com\/wp-content\/uploads\/2023\/01\/cordoba.webp\"\/>\r\n\t\t<h3>C\u00f3rdoba<\/h3>\r\n\t<a href=\"https:\/\/walkingranada.com\/pt\/que-fazer-em-granada\/excursoes\/nerja-frijiliana\/\" target=\"_self\" rel=\"noopener\"><\/a>\r\n\t\t\t<img decoding=\"async\" loading=\"lazy\" alt=\"nerja-y-frigiliana\" src=\"https:\/\/walkingranada.com\/wp-content\/uploads\/2023\/01\/nerja-y-frigiliana.webp\"\/>\r\n\t\t<h3>Nerja e Frigiliana<\/h3>\r\n\t<a href=\"https:\/\/walkingranada.com\/pt\/que-fazer-em-granada\/excursoes\/guadix-gorafe\/\" target=\"_self\" rel=\"noopener\"><\/a>\r\n\t\t\t<img decoding=\"async\" loading=\"lazy\" alt=\"guadix-y-gorafe\" src=\"https:\/\/walkingranada.com\/wp-content\/uploads\/2023\/01\/guadix-y-gorafe.webp\"\/>\r\n\t\t<h3>Guadix e Gorafe<\/h3>\r\n\t<a href=\"https:\/\/walkingranada.com\/pt\/que-fazer-em-granada\/excursoes\/ronda\/\" target=\"_self\" rel=\"noopener\"><\/a>\r\n\t\t\t<img decoding=\"async\" loading=\"lazy\" alt=\"ronda\" src=\"https:\/\/walkingranada.com\/wp-content\/uploads\/2023\/01\/ronda.webp\"\/>\r\n\t\t<h3>Ronda<\/h3>\r\n\t<a href=\"https:\/\/walkingranada.com\/pt\/que-fazer-em-granada\/excursoes\/sevilla\/\" target=\"_self\" rel=\"noopener\"><\/a>\r\n\t\t\t<img decoding=\"async\" loading=\"lazy\" alt=\"sevilla\" src=\"https:\/\/walkingranada.com\/wp-content\/uploads\/2023\/01\/sevilla.webp\"\/>\r\n\t\t<h3>Sevilha<\/h3>\r\n\t<a href=\"https:\/\/walkingranada.com\/pt\/que-fazer-em-granada\/excursoes\/sierra-nevada\/\" target=\"_self\" rel=\"noopener\"><\/a>\r\n\t\t\t<img decoding=\"async\" loading=\"lazy\" alt=\"sierra-nevada\" src=\"https:\/\/walkingranada.com\/wp-content\/uploads\/2023\/01\/sierra-nevada.webp\"\/>\r\n\t\t<h3>Sierra Nevada<\/h3>\r\n\t<a href=\"https:\/\/walkingranada.com\/pt\/que-fazer-em-granada\/excursoes\/ubeda-baeza\/\" target=\"_self\" rel=\"noopener\"><\/a>\r\n\t\t\t<img decoding=\"async\" loading=\"lazy\" alt=\"ubeda-y-baeza\" src=\"https:\/\/walkingranada.com\/wp-content\/uploads\/2023\/01\/ubeda-y-baeza.webp\"\/>\r\n\t\t<h3>\u00dabeda e Baeza<\/h3>\r\n\t<a href=\"https:\/\/walkingranada.com\/pt\/que-fazer-em-granada\/excursoes\/planes-de-aventura\/\" target=\"_self\" rel=\"noopener\"><\/a>\r\n\t\t\t<img decoding=\"async\" loading=\"lazy\" alt=\"\" src=\"https:\/\/walkingranada.com\/wp-content\/uploads\/2022\/12\/Ubeda-y-Baeza_min.png\"\/>\r\n\t\t<h3>Planes de aventura<\/h3>\r\n\t<a href=\"https:\/\/walkingranada.com\/pt\/que-fazer-em-granada\/excursoes\/voo-de-balao\/\" target=\"_self\" rel=\"noopener\"><\/a>\r\n\t\t\t<img decoding=\"async\" loading=\"lazy\" alt=\"Globo Servicios\" src=\"https:\/\/walkingranada.com\/wp-content\/uploads\/2023\/01\/Globo-Servicios.jpg.webp\"\/>\r\n\t\t<h3>Voo <br \/>de bal\u00e3o<\/h3>\r\n<h3>\r\n\t\tTambi\u00e9n puedes reservar nuestros otros servicios&#8230;\r\n\t<\/h3>\r\n\t<a href=\"https:\/\/walkingranada.com\/pt\/que-fazer-em-granada\/flamenco\/\" target=\"_self\" rel=\"noopener\"><\/a>\r\n\t\t\t<img decoding=\"async\" loading=\"lazy\" alt=\"\" src=\"https:\/\/walkingranada.com\/wp-content\/uploads\/2022\/10\/Rectangle-42.png\"\/>\r\n\t\t<h3>Flamenco<\/h3>\r\n\t<a href=\"https:\/\/walkingranada.com\/pt\/que-fazer-em-granada\/hammam-al-andalus\/\" target=\"_self\" rel=\"noopener\"><\/a>\r\n\t\t\t<img decoding=\"async\" loading=\"lazy\" alt=\"\" src=\"https:\/\/walkingranada.com\/wp-content\/uploads\/2022\/10\/Rectangle-43.png\"\/>\r\n\t\t<h3>Hammam <br \/>Al-\u00e1ndalus<\/h3>\r\n\t<a href=\"https:\/\/walkingranada.com\/pt\/que-fazer-em-granada\/rotas-gastronomicas\/\" target=\"_self\" rel=\"noopener\"><\/a>\r\n\t\t\t<img decoding=\"async\" loading=\"lazy\" alt=\"Servicio Rutas Gastron\u00f3micas\" src=\"https:\/\/walkingranada.com\/wp-content\/uploads\/2023\/01\/Servicio-Rutas-Gastronomicas.webp\"\/>\r\n\t\t<h3>ROTAS GASTRON\u00d3MICAS<\/h3>\r\n\t<a href=\"https:\/\/walkingranada.com\/pt\/que-fazer-em-granada\/rota-olfativa\/\" target=\"_self\" rel=\"noopener\"><\/a>\r\n\t\t\t<img decoding=\"async\" loading=\"lazy\" alt=\"\" src=\"https:\/\/walkingranada.com\/wp-content\/uploads\/2022\/10\/Rectangle-38.png\"\/>\r\n\t\t<h3>Rota olfativa<\/h3>","protected":false},"excerpt":{"rendered":"<p>Qu\u00e9 hacer en Granada &gt; Excursiones Excursiones de un d\u00eda Desde Granada a otras ciudades \u00a1Aprovecha tu tiempo al m\u00e1ximo! Te ofrecemos excursiones desde Granada para visitar Antequera, Ronda, M\u00e1laga, C\u00f3rdoba, Sevilla y muchos m\u00e1s destinos de Andaluc\u00eda, incluyendo: transporte ida y vuelta, tour por la ciudad con gu\u00eda oficial, entradas a monumentos y tiempo &#8230; <a title=\"Excurs\u00f5es de um dia\" class=\"read-more\" href=\"https:\/\/walkingranada.com\/pt\/que-hacer-en-granada\/excursiones\/\" aria-label=\"Leia mais sobre Excursiones de un d\u00eda\">Ler mais<\/a><\/p>","protected":false},"author":2,"featured_media":0,"parent":106,"menu_order":0,"comment_status":"closed","ping_status":"closed","template":"","meta":{"footnotes":""},"class_list":["post-446","page","type-page","status-publish"],"yoast_head":"<!-- This site is optimized with the Yoast SEO plugin v27.5 - https:\/\/yoast.com\/product\/yoast-seo-wordpress\/ -->\n<title>Excursiones desde Granada - Walk in Granada<\/title>\n<meta name=\"description\" content=\"Las mejores excursiones para hacer desde Granada. Sierra Nevada, el Geoparque, Gorafe, Nerja, Alpujarra... \u00a1Descubre algo m\u00e1s que la ciudad!\" \/>\n<meta name=\"robots\" content=\"index, follow, max-snippet:-1, max-image-preview:large, max-video-preview:-1\" \/>\n<link rel=\"canonical\" href=\"https:\/\/walkingranada.com\/pt\/que-fazer-em-granada\/excursoes\/\" \/>\n<meta property=\"og:locale\" content=\"pt_PT\" \/>\n<meta property=\"og:type\" content=\"article\" \/>\n<meta property=\"og:title\" content=\"Excursiones desde Granada - Walk in Granada\" \/>\n<meta property=\"og:description\" content=\"Las mejores excursiones para hacer desde Granada. Sierra Nevada, el Geoparque, Gorafe, Nerja, Alpujarra... \u00a1Descubre algo m\u00e1s que la ciudad!\" \/>\n<meta property=\"og:url\" content=\"https:\/\/walkingranada.com\/pt\/que-fazer-em-granada\/excursoes\/\" \/>\n<meta property=\"og:site_name\" content=\"Walk in Granada\" \/>\n<meta property=\"article:publisher\" content=\"https:\/\/es-es.facebook.com\/walkingranadatour\/\" \/>\n<meta property=\"article:modified_time\" content=\"2025-04-09T15:37:24+00:00\" \/>\n<meta property=\"og:image\" content=\"https:\/\/walkingranada.com\/wp-content\/uploads\/2023\/01\/alpujarra-excursiones.webp\" \/>\n<meta name=\"twitter:card\" content=\"summary_large_image\" \/>\n<meta name=\"twitter:site\" content=\"@walkingranada\" \/>\n<meta name=\"twitter:label1\" content=\"Tempo estimado de leitura\" \/>\n\t<meta name=\"twitter:data1\" content=\"4 minutos\" \/>\n<script type=\"application\/ld+json\" class=\"yoast-schema-graph\">{\"@context\":\"https:\\\/\\\/schema.org\",\"@graph\":[{\"@type\":\"WebPage\",\"@id\":\"https:\\\/\\\/walkingranada.com\\\/que-hacer-en-granada\\\/excursiones\\\/\",\"url\":\"https:\\\/\\\/walkingranada.com\\\/que-hacer-en-granada\\\/excursiones\\\/\",\"name\":\"Excursiones desde Granada - Walk in Granada\",\"isPartOf\":{\"@id\":\"https:\\\/\\\/walkingranada.com\\\/#website\"},\"primaryImageOfPage\":{\"@id\":\"https:\\\/\\\/walkingranada.com\\\/que-hacer-en-granada\\\/excursiones\\\/#primaryimage\"},\"image\":{\"@id\":\"https:\\\/\\\/walkingranada.com\\\/que-hacer-en-granada\\\/excursiones\\\/#primaryimage\"},\"thumbnailUrl\":\"https:\\\/\\\/walkingranada.com\\\/wp-content\\\/uploads\\\/2023\\\/01\\\/alpujarra-excursiones.webp\",\"datePublished\":\"2022-10-27T09:01:44+00:00\",\"dateModified\":\"2025-04-09T15:37:24+00:00\",\"description\":\"Las mejores excursiones para hacer desde Granada. Sierra Nevada, el Geoparque, Gorafe, Nerja, Alpujarra... \u00a1Descubre algo m\u00e1s que la ciudad!\",\"breadcrumb\":{\"@id\":\"https:\\\/\\\/walkingranada.com\\\/que-hacer-en-granada\\\/excursiones\\\/#breadcrumb\"},\"inLanguage\":\"pt-PT\",\"potentialAction\":[{\"@type\":\"ReadAction\",\"target\":[\"https:\\\/\\\/walkingranada.com\\\/que-hacer-en-granada\\\/excursiones\\\/\"]}]},{\"@type\":\"ImageObject\",\"inLanguage\":\"pt-PT\",\"@id\":\"https:\\\/\\\/walkingranada.com\\\/que-hacer-en-granada\\\/excursiones\\\/#primaryimage\",\"url\":\"https:\\\/\\\/walkingranada.com\\\/wp-content\\\/uploads\\\/2023\\\/01\\\/alpujarra-excursiones.webp\",\"contentUrl\":\"https:\\\/\\\/walkingranada.com\\\/wp-content\\\/uploads\\\/2023\\\/01\\\/alpujarra-excursiones.webp\"},{\"@type\":\"BreadcrumbList\",\"@id\":\"https:\\\/\\\/walkingranada.com\\\/que-hacer-en-granada\\\/excursiones\\\/#breadcrumb\",\"itemListElement\":[{\"@type\":\"ListItem\",\"position\":1,\"name\":\"Portada\",\"item\":\"https:\\\/\\\/walkingranada.com\\\/\"},{\"@type\":\"ListItem\",\"position\":2,\"name\":\"Qu\u00e9 hacer en granada\",\"item\":\"https:\\\/\\\/walkingranada.com\\\/que-hacer-en-granada\\\/\"},{\"@type\":\"ListItem\",\"position\":3,\"name\":\"Excursiones de un d\u00eda\"}]},{\"@type\":\"WebSite\",\"@id\":\"https:\\\/\\\/walkingranada.com\\\/#website\",\"url\":\"https:\\\/\\\/walkingranada.com\\\/\",\"name\":\"Walk in Granada\",\"description\":\"Turismo responsable\",\"publisher\":{\"@id\":\"https:\\\/\\\/walkingranada.com\\\/#organization\"},\"alternateName\":\"Walk in Granada\",\"potentialAction\":[{\"@type\":\"SearchAction\",\"target\":{\"@type\":\"EntryPoint\",\"urlTemplate\":\"https:\\\/\\\/walkingranada.com\\\/?s={search_term_string}\"},\"query-input\":{\"@type\":\"PropertyValueSpecification\",\"valueRequired\":true,\"valueName\":\"search_term_string\"}}],\"inLanguage\":\"pt-PT\"},{\"@type\":\"Organization\",\"@id\":\"https:\\\/\\\/walkingranada.com\\\/#organization\",\"name\":\"Walk In Granada\",\"alternateName\":\"Walk In Granada\",\"url\":\"https:\\\/\\\/walkingranada.com\\\/\",\"logo\":{\"@type\":\"ImageObject\",\"inLanguage\":\"pt-PT\",\"@id\":\"https:\\\/\\\/walkingranada.com\\\/#\\\/schema\\\/logo\\\/image\\\/\",\"url\":\"https:\\\/\\\/walkingranada.com\\\/wp-content\\\/uploads\\\/2022\\\/12\\\/Logo-Walking.webp\",\"contentUrl\":\"https:\\\/\\\/walkingranada.com\\\/wp-content\\\/uploads\\\/2022\\\/12\\\/Logo-Walking.webp\",\"width\":512,\"height\":512,\"caption\":\"Walk In Granada\"},\"image\":{\"@id\":\"https:\\\/\\\/walkingranada.com\\\/#\\\/schema\\\/logo\\\/image\\\/\"},\"sameAs\":[\"https:\\\/\\\/es-es.facebook.com\\\/walkingranadatour\\\/\",\"https:\\\/\\\/x.com\\\/walkingranada\",\"https:\\\/\\\/www.instagram.com\\\/walkingranada\\\/\"]}]}<\/script>\n<!-- \/ Yoast SEO plugin. -->","yoast_head_json":{"title":"Excurs\u00f5es de um dia a partir de Granada - Walk in Granada","description":"As melhores excurs\u00f5es para fazer a partir de Granada. Sierra Nevada, o Geoparque, Gorafe, Nerja, Alpujarra... Descubra mais do que apenas a cidade!","robots":{"index":"index","follow":"follow","max-snippet":"max-snippet:-1","max-image-preview":"max-image-preview:large","max-video-preview":"max-video-preview:-1"},"canonical":"https:\/\/walkingranada.com\/pt\/que-fazer-em-granada\/excursoes\/","og_locale":"pt_PT","og_type":"article","og_title":"Excursiones desde Granada - Walk in Granada","og_description":"Las mejores excursiones para hacer desde Granada. Sierra Nevada, el Geoparque, Gorafe, Nerja, Alpujarra... \u00a1Descubre algo m\u00e1s que la ciudad!","og_url":"https:\/\/walkingranada.com\/pt\/que-fazer-em-granada\/excursoes\/","og_site_name":"Walk in Granada","article_publisher":"https:\/\/es-es.facebook.com\/walkingranadatour\/","article_modified_time":"2025-04-09T15:37:24+00:00","og_image":[{"url":"https:\/\/walkingranada.com\/wp-content\/uploads\/2023\/01\/alpujarra-excursiones.webp","type":"","width":"","height":""}],"twitter_card":"summary_large_image","twitter_site":"@walkingranada","twitter_misc":{"Tempo estimado de leitura":"4 minutos"},"schema":{"@context":"https:\/\/schema.org","@graph":[{"@type":"WebPage","@id":"https:\/\/walkingranada.com\/que-hacer-en-granada\/excursiones\/","url":"https:\/\/walkingranada.com\/que-hacer-en-granada\/excursiones\/","name":"Excurs\u00f5es de um dia a partir de Granada - Walk in Granada","isPartOf":{"@id":"https:\/\/walkingranada.com\/#website"},"primaryImageOfPage":{"@id":"https:\/\/walkingranada.com\/que-hacer-en-granada\/excursiones\/#primaryimage"},"image":{"@id":"https:\/\/walkingranada.com\/que-hacer-en-granada\/excursiones\/#primaryimage"},"thumbnailUrl":"https:\/\/walkingranada.com\/wp-content\/uploads\/2023\/01\/alpujarra-excursiones.webp","datePublished":"2022-10-27T09:01:44+00:00","dateModified":"2025-04-09T15:37:24+00:00","description":"As melhores excurs\u00f5es para fazer a partir de Granada. Sierra Nevada, o Geoparque, Gorafe, Nerja, Alpujarra... Descubra mais do que apenas a cidade!","breadcrumb":{"@id":"https:\/\/walkingranada.com\/que-hacer-en-granada\/excursiones\/#breadcrumb"},"inLanguage":"pt-PT","potentialAction":[{"@type":"ReadAction","target":["https:\/\/walkingranada.com\/que-hacer-en-granada\/excursiones\/"]}]},{"@type":"ImageObject","inLanguage":"pt-PT","@id":"https:\/\/walkingranada.com\/que-hacer-en-granada\/excursiones\/#primaryimage","url":"https:\/\/walkingranada.com\/wp-content\/uploads\/2023\/01\/alpujarra-excursiones.webp","contentUrl":"https:\/\/walkingranada.com\/wp-content\/uploads\/2023\/01\/alpujarra-excursiones.webp"},{"@type":"BreadcrumbList","@id":"https:\/\/walkingranada.com\/que-hacer-en-granada\/excursiones\/#breadcrumb","itemListElement":[{"@type":"ListItem","position":1,"name":"Portada","item":"https:\/\/walkingranada.com\/"},{"@type":"ListItem","position":2,"name":"Qu\u00e9 hacer en granada","item":"https:\/\/walkingranada.com\/que-hacer-en-granada\/"},{"@type":"ListItem","position":3,"name":"Excursiones de un d\u00eda"}]},{"@type":"WebSite","@id":"https:\/\/walkingranada.com\/#website","url":"https:\/\/walkingranada.com\/","name":"Walk in Granada","description":"Turismo responsable","publisher":{"@id":"https:\/\/walkingranada.com\/#organization"},"alternateName":"Walk in Granada","potentialAction":[{"@type":"SearchAction","target":{"@type":"EntryPoint","urlTemplate":"https:\/\/walkingranada.com\/?s={search_term_string}"},"query-input":{"@type":"PropertyValueSpecification","valueRequired":true,"valueName":"search_term_string"}}],"inLanguage":"pt-PT"},{"@type":"Organization","@id":"https:\/\/walkingranada.com\/#organization","name":"Walk In Granada","alternateName":"Walk In Granada","url":"https:\/\/walkingranada.com\/","logo":{"@type":"ImageObject","inLanguage":"pt-PT","@id":"https:\/\/walkingranada.com\/#\/schema\/logo\/image\/","url":"https:\/\/walkingranada.com\/wp-content\/uploads\/2022\/12\/Logo-Walking.webp","contentUrl":"https:\/\/walkingranada.com\/wp-content\/uploads\/2022\/12\/Logo-Walking.webp","width":512,"height":512,"caption":"Walk In Granada"},"image":{"@id":"https:\/\/walkingranada.com\/#\/schema\/logo\/image\/"},"sameAs":["https:\/\/es-es.facebook.com\/walkingranadatour\/","https:\/\/x.com\/walkingranada","https:\/\/www.instagram.com\/walkingranada\/"]}]}},"_links":{"self":[{"href":"https:\/\/walkingranada.com\/pt\/wp-json\/wp\/v2\/pages\/446","targetHints":{"allow":["GET"]}}],"collection":[{"href":"https:\/\/walkingranada.com\/pt\/wp-json\/wp\/v2\/pages"}],"about":[{"href":"https:\/\/walkingranada.com\/pt\/wp-json\/wp\/v2\/types\/page"}],"author":[{"embeddable":true,"href":"https:\/\/walkingranada.com\/pt\/wp-json\/wp\/v2\/users\/2"}],"replies":[{"embeddable":true,"href":"https:\/\/walkingranada.com\/pt\/wp-json\/wp\/v2\/comments?post=446"}],"version-history":[{"count":2,"href":"https:\/\/walkingranada.com\/pt\/wp-json\/wp\/v2\/pages\/446\/revisions"}],"predecessor-version":[{"id":6859,"href":"https:\/\/walkingranada.com\/pt\/wp-json\/wp\/v2\/pages\/446\/revisions\/6859"}],"up":[{"embeddable":true,"href":"https:\/\/walkingranada.com\/pt\/wp-json\/wp\/v2\/pages\/106"}],"wp:attachment":[{"href":"https:\/\/walkingranada.com\/pt\/wp-json\/wp\/v2\/media?parent=446"}],"curies":[{"name":"wp","href":"https:\/\/api.w.org\/{rel}","templated":true}]}}