{"id":438,"date":"2022-10-27T09:00:21","date_gmt":"2022-10-27T09:00:21","guid":{"rendered":"https:\/\/factum-omibu.es\/walkin\/?page_id=438"},"modified":"2026-01-30T13:00:55","modified_gmt":"2026-01-30T13:00:55","slug":"flamenco","status":"publish","type":"page","link":"https:\/\/walkingranada.com\/pt\/que-hacer-en-granada\/flamenco\/","title":{"rendered":"Flamenco"},"content":{"rendered":"<p>Que facer em Granada &gt; Flamenco<\/p>\n<h1>\n\t\t\tflamenco\t<\/h1>\n<h2>\n\t\t\tRespire a cultura e a magia do Flamenco em Granada\t<\/h2>\n\t<p>El flamenco es el producto musical del mestizaje que hubo durante muchos siglos en Andaluc\u00eda: musulmanes, gitanos, castellanos y jud\u00edos; es una joya creada gracias a la historia, y de hecho es Patrimonio Cultural Inmaterial de la Humanidad. No es s\u00f3lo m\u00fasica, es arte que sale del coraz\u00f3n, y si veis un buen espect\u00e1culo de flamenco en directo, os garantizamos que si os dej\u00e1is llevar, se os pondr\u00e1n los pelos de punta y hasta os dar\u00e1n escalofr\u00edos. Sentir\u00e9is ese poder misterioso al que ellos llaman \u00abduende\u00bb.<\/p>\n<p>Se quiser desfrutar da magia do flamenco em Granada, aqui est\u00e3o 3 op\u00e7\u00f5es: uma caverna em Sacromonte, um tablao no centro da cidade e um t\u00edpico carmen no Albaic\u00edn:<\/p>\n\t<section>\n        <img decoding=\"async\" loading=\"lazy\" src=\"https:\/\/walkingranada.com\/wp-content\/uploads\/2023\/01\/la-zambra.webp\" alt=\"La Zambra Mar\u00eda la Canastera\"\/>\n            <h3>La Zambra Mar\u00eda la Canastera<\/h3>\n            <hr \/>\n            <p>La Zambra Mar\u00eda la Canastera, situada no pitoresco bairro do Sacromonte, representa hoje, 50 anos depois de sua funda\u00e7\u00e3o o baile flamenco.<\/p>\n            <hr \/>\n                <p> Todos os dias<\/p>\n                <p> 21:30h <\/p>\n                <p> 1 hora<\/p>\n                    <p>26\u20ac<\/p>\/pax\n        <a href=\"https:\/\/fareharbor.com\/embeds\/book\/walkingranada\/items\/212742\/?full-items=yes&#038;flow=352560&#038;language=es-es&#038;u=1883cf8f-d3aa-4554-91be-73f7e90bf0e4&#038;from-ssl=yes&#038;ga=UA-77432324-1,663537245.1670841528%3B&#038;a=yes&#038;back=https:\/\/walkingranada.com\/experiencias\/flamenco\/\">Reservar &gt;<\/a>\n        <img decoding=\"async\" loading=\"lazy\" src=\"https:\/\/walkingranada.com\/wp-content\/uploads\/2023\/01\/la-alborea.webp\" alt=\"Tablao Flamenco La Albore\u00e1\"\/>\n            <h3>Tablao Flamenco<br \/>La Albore\u00e1<\/h3>\n            <hr \/>\n            <p>O tablao Flamenco La Albore\u00e1 est\u00e1 localizado no centro hist\u00f3rico de Granada, na Plaza Nueva, aos p\u00e9s da Alhambra.<\/p>\n            <hr \/>\n                <p> Todos os dias<\/p>\n                <p>  19:00 | 20:45<\/p>\n                <p> 1 hora<\/p>\n                    <p>18\u20ac<\/p>\/pax\n        <a href=\"https:\/\/fareharbor.com\/embeds\/book\/walkingranada\/items\/346287\/?full-items=yes&#038;flow=352560\">Reservar &gt;<\/a>\n        <img decoding=\"async\" loading=\"lazy\" src=\"https:\/\/walkingranada.com\/wp-content\/uploads\/2023\/01\/jardines-de-zoraya.webp\"\/>\n            <h3>Tablao Jardines de Zoraya<\/h3>\n            <hr \/>\n            O tablado Jardines de Zoraya \u00e9 um antigo carmen acondicionado como restaurante, com um p\u00e1tio andaluz.\n\n            <hr \/>\n                <p> Todos os dias<\/p>\n                <p> 17:30 | 20:00 | 22:30 <\/p>\n                <p> 1 hora<\/p>\n             <p>25\u20ac<\/p>\/pax\n        <a href=\"https:\/\/www.mireservaonline.es\/pt\/servios\/espetaculo-de-flamenco-em-granada.aspx?p=loiplnhmpnlkijlkmhmilpokqyqnpqjqi\">Reservar &gt;<\/a>\n        <img decoding=\"async\" loading=\"lazy\" src=\"https:\/\/walkingranada.com\/wp-content\/uploads\/2023\/04\/Tablao-Flamenco-Santa-Ana-Granada.webp\"\/>\n            <h3>Tablao Casa Ana<\/h3>\n            <hr \/>\n            Casa Ana \u00e9 um tablao localizado ao lado da Pra\u00e7a Nueva que oferece um espet\u00e1culo flamenco com uma atmosfera especial.\n\n            <hr \/>\n                <p> Todos os dias<\/p>\n                <p> 19:30 | 21:00 <\/p>\n                <p> 1 hora<\/p>\n             <p>20\u20ac<\/p>\/pax\n        <a href=\"https:\/\/www.mireservaonline.es\/es\/servicios\/casa-ana-espectaculo-flamenco.aspx?p=loiplnhmpnlkijlkmhmilpokqyqnpqjqi\">Reservar &gt;<\/a>\n<\/section>\n<h2>\n\t\t\tTambi\u00e9n puedes reservar nuestros otros servicios&#8230;\t<\/h2>\n\t<a href=\"https:\/\/walkingranada.com\/pt\/que-fazer-em-granada\/rotas-gastronomicas\/\" target=\"_self\"><\/a>\t\t\t<img decoding=\"async\" loading=\"lazy\" alt=\"Servicio Rutas Gastron\u00f3micas\" src=\"https:\/\/walkingranada.com\/wp-content\/uploads\/2023\/01\/Servicio-Rutas-Gastronomicas.webp\"\/>\n\t\t<h3>ROTAS GASTRON\u00d3MICAS<\/h3>\n\t<a href=\"https:\/\/walkingranada.com\/pt\/que-fazer-em-granada\/hammam-al-andalus\/\" target=\"_self\"><\/a>\t\t\t<img decoding=\"async\" loading=\"lazy\" alt=\"ba\u00f1os \u00e1rabes\" src=\"https:\/\/walkingranada.com\/wp-content\/uploads\/2022\/10\/Rectangle-43.png\"\/>\n\t\t<h3>Hammam <br \/>Al-\u00e1ndalus<\/h3>\n\t<a href=\"https:\/\/walkingranada.com\/pt\/que-fazer-em-granada\/excursoes\/\" target=\"_self\"><\/a>\t\t\t<img decoding=\"async\" loading=\"lazy\" alt=\"mezquita de c\u00f3rdoba\" src=\"https:\/\/walkingranada.com\/wp-content\/uploads\/2022\/10\/Rectangle-45.png\"\/>\n\t\t<h3>excurs\u00f5es <br \/>de un dia<\/h3>\n\t<a href=\"https:\/\/walkingranada.com\/pt\/que-fazer-em-granada\/rota-olfativa\/\" target=\"_self\"><\/a>\t\t\t<img decoding=\"async\" loading=\"lazy\" alt=\"imagen de una chica joven\" src=\"https:\/\/walkingranada.com\/wp-content\/uploads\/2022\/10\/Rectangle-38.png\"\/>\n\t\t<h3>Rota olfativa<\/h3>","protected":false},"excerpt":{"rendered":"<p>Qu\u00e9 hacer en Granada &gt; Flamenco flamenco Respira la cultura y la magia del flamenco en Granada El flamenco es el producto musical del mestizaje que hubo durante muchos siglos en Andaluc\u00eda: musulmanes, gitanos, castellanos y jud\u00edos; es una joya creada gracias a la historia, y de hecho es Patrimonio Cultural Inmaterial de la Humanidad. &#8230; <a title=\"Flamenco\" class=\"read-more\" href=\"https:\/\/walkingranada.com\/pt\/que-hacer-en-granada\/flamenco\/\" aria-label=\"Leia mais sobre Flamenco\">Ler mais<\/a><\/p>","protected":false},"author":2,"featured_media":0,"parent":106,"menu_order":0,"comment_status":"closed","ping_status":"closed","template":"","meta":{"footnotes":""},"class_list":["post-438","page","type-page","status-publish"],"yoast_head":"<!-- This site is optimized with the Yoast SEO plugin v27.5 - https:\/\/yoast.com\/product\/yoast-seo-wordpress\/ -->\n<title>Flamenco en Granada - Walk in Granada<\/title>\n<meta name=\"description\" content=\"Descubre el Flamenco en Granada a trav\u00e9s de sus zambras y sus tablaos. Flamenco puro en las cuevas del Sacromonte y centro de la ciudad.\" \/>\n<meta name=\"robots\" content=\"index, follow, max-snippet:-1, max-image-preview:large, max-video-preview:-1\" \/>\n<link rel=\"canonical\" href=\"https:\/\/walkingranada.com\/pt\/que-fazer-em-granada\/flamenco\/\" \/>\n<meta property=\"og:locale\" content=\"pt_PT\" \/>\n<meta property=\"og:type\" content=\"article\" \/>\n<meta property=\"og:title\" content=\"Flamenco en Granada - Walk in Granada\" \/>\n<meta property=\"og:description\" content=\"Descubre el Flamenco en Granada a trav\u00e9s de sus zambras y sus tablaos. Flamenco puro en las cuevas del Sacromonte y centro de la ciudad.\" \/>\n<meta property=\"og:url\" content=\"https:\/\/walkingranada.com\/pt\/que-fazer-em-granada\/flamenco\/\" \/>\n<meta property=\"og:site_name\" content=\"Walk in Granada\" \/>\n<meta property=\"article:publisher\" content=\"https:\/\/es-es.facebook.com\/walkingranadatour\/\" \/>\n<meta property=\"article:modified_time\" content=\"2026-01-30T13:00:55+00:00\" \/>\n<meta property=\"og:image\" content=\"https:\/\/walkingranada.com\/wp-content\/uploads\/2023\/01\/la-zambra.webp\" \/>\n<meta name=\"twitter:card\" content=\"summary_large_image\" \/>\n<meta name=\"twitter:site\" content=\"@walkingranada\" \/>\n<meta name=\"twitter:label1\" content=\"Tempo estimado de leitura\" \/>\n\t<meta name=\"twitter:data1\" content=\"3 minutos\" \/>\n<script type=\"application\/ld+json\" class=\"yoast-schema-graph\">{\"@context\":\"https:\\\/\\\/schema.org\",\"@graph\":[{\"@type\":\"WebPage\",\"@id\":\"https:\\\/\\\/walkingranada.com\\\/que-hacer-en-granada\\\/flamenco\\\/\",\"url\":\"https:\\\/\\\/walkingranada.com\\\/que-hacer-en-granada\\\/flamenco\\\/\",\"name\":\"Flamenco en Granada - Walk in Granada\",\"isPartOf\":{\"@id\":\"https:\\\/\\\/walkingranada.com\\\/#website\"},\"primaryImageOfPage\":{\"@id\":\"https:\\\/\\\/walkingranada.com\\\/que-hacer-en-granada\\\/flamenco\\\/#primaryimage\"},\"image\":{\"@id\":\"https:\\\/\\\/walkingranada.com\\\/que-hacer-en-granada\\\/flamenco\\\/#primaryimage\"},\"thumbnailUrl\":\"https:\\\/\\\/walkingranada.com\\\/wp-content\\\/uploads\\\/2023\\\/01\\\/la-zambra.webp\",\"datePublished\":\"2022-10-27T09:00:21+00:00\",\"dateModified\":\"2026-01-30T13:00:55+00:00\",\"description\":\"Descubre el Flamenco en Granada a trav\u00e9s de sus zambras y sus tablaos. Flamenco puro en las cuevas del Sacromonte y centro de la ciudad.\",\"breadcrumb\":{\"@id\":\"https:\\\/\\\/walkingranada.com\\\/que-hacer-en-granada\\\/flamenco\\\/#breadcrumb\"},\"inLanguage\":\"pt-PT\",\"potentialAction\":[{\"@type\":\"ReadAction\",\"target\":[\"https:\\\/\\\/walkingranada.com\\\/que-hacer-en-granada\\\/flamenco\\\/\"]}]},{\"@type\":\"ImageObject\",\"inLanguage\":\"pt-PT\",\"@id\":\"https:\\\/\\\/walkingranada.com\\\/que-hacer-en-granada\\\/flamenco\\\/#primaryimage\",\"url\":\"https:\\\/\\\/walkingranada.com\\\/wp-content\\\/uploads\\\/2023\\\/01\\\/la-zambra.webp\",\"contentUrl\":\"https:\\\/\\\/walkingranada.com\\\/wp-content\\\/uploads\\\/2023\\\/01\\\/la-zambra.webp\"},{\"@type\":\"BreadcrumbList\",\"@id\":\"https:\\\/\\\/walkingranada.com\\\/que-hacer-en-granada\\\/flamenco\\\/#breadcrumb\",\"itemListElement\":[{\"@type\":\"ListItem\",\"position\":1,\"name\":\"Portada\",\"item\":\"https:\\\/\\\/walkingranada.com\\\/\"},{\"@type\":\"ListItem\",\"position\":2,\"name\":\"Qu\u00e9 hacer en granada\",\"item\":\"https:\\\/\\\/walkingranada.com\\\/que-hacer-en-granada\\\/\"},{\"@type\":\"ListItem\",\"position\":3,\"name\":\"Flamenco\"}]},{\"@type\":\"WebSite\",\"@id\":\"https:\\\/\\\/walkingranada.com\\\/#website\",\"url\":\"https:\\\/\\\/walkingranada.com\\\/\",\"name\":\"Walk in Granada\",\"description\":\"Turismo responsable\",\"publisher\":{\"@id\":\"https:\\\/\\\/walkingranada.com\\\/#organization\"},\"alternateName\":\"Walk in Granada\",\"potentialAction\":[{\"@type\":\"SearchAction\",\"target\":{\"@type\":\"EntryPoint\",\"urlTemplate\":\"https:\\\/\\\/walkingranada.com\\\/?s={search_term_string}\"},\"query-input\":{\"@type\":\"PropertyValueSpecification\",\"valueRequired\":true,\"valueName\":\"search_term_string\"}}],\"inLanguage\":\"pt-PT\"},{\"@type\":\"Organization\",\"@id\":\"https:\\\/\\\/walkingranada.com\\\/#organization\",\"name\":\"Walk In Granada\",\"alternateName\":\"Walk In Granada\",\"url\":\"https:\\\/\\\/walkingranada.com\\\/\",\"logo\":{\"@type\":\"ImageObject\",\"inLanguage\":\"pt-PT\",\"@id\":\"https:\\\/\\\/walkingranada.com\\\/#\\\/schema\\\/logo\\\/image\\\/\",\"url\":\"https:\\\/\\\/walkingranada.com\\\/wp-content\\\/uploads\\\/2022\\\/12\\\/Logo-Walking.webp\",\"contentUrl\":\"https:\\\/\\\/walkingranada.com\\\/wp-content\\\/uploads\\\/2022\\\/12\\\/Logo-Walking.webp\",\"width\":512,\"height\":512,\"caption\":\"Walk In Granada\"},\"image\":{\"@id\":\"https:\\\/\\\/walkingranada.com\\\/#\\\/schema\\\/logo\\\/image\\\/\"},\"sameAs\":[\"https:\\\/\\\/es-es.facebook.com\\\/walkingranadatour\\\/\",\"https:\\\/\\\/x.com\\\/walkingranada\",\"https:\\\/\\\/www.instagram.com\\\/walkingranada\\\/\"]}]}<\/script>\n<!-- \/ Yoast SEO plugin. -->","yoast_head_json":{"title":"Flamenco em Granada - Walk in Granada","description":"Descubra o Flamenco em Granada atrav\u00e9s de suas zambras e tablaos. Flamenco puro nas cavernas de Sacromonte e no centro da cidade.","robots":{"index":"index","follow":"follow","max-snippet":"max-snippet:-1","max-image-preview":"max-image-preview:large","max-video-preview":"max-video-preview:-1"},"canonical":"https:\/\/walkingranada.com\/pt\/que-fazer-em-granada\/flamenco\/","og_locale":"pt_PT","og_type":"article","og_title":"Flamenco en Granada - Walk in Granada","og_description":"Descubre el Flamenco en Granada a trav\u00e9s de sus zambras y sus tablaos. Flamenco puro en las cuevas del Sacromonte y centro de la ciudad.","og_url":"https:\/\/walkingranada.com\/pt\/que-fazer-em-granada\/flamenco\/","og_site_name":"Walk in Granada","article_publisher":"https:\/\/es-es.facebook.com\/walkingranadatour\/","article_modified_time":"2026-01-30T13:00:55+00:00","og_image":[{"url":"https:\/\/walkingranada.com\/wp-content\/uploads\/2023\/01\/la-zambra.webp","type":"","width":"","height":""}],"twitter_card":"summary_large_image","twitter_site":"@walkingranada","twitter_misc":{"Tempo estimado de leitura":"3 minutos"},"schema":{"@context":"https:\/\/schema.org","@graph":[{"@type":"WebPage","@id":"https:\/\/walkingranada.com\/que-hacer-en-granada\/flamenco\/","url":"https:\/\/walkingranada.com\/que-hacer-en-granada\/flamenco\/","name":"Flamenco em Granada - Walk in Granada","isPartOf":{"@id":"https:\/\/walkingranada.com\/#website"},"primaryImageOfPage":{"@id":"https:\/\/walkingranada.com\/que-hacer-en-granada\/flamenco\/#primaryimage"},"image":{"@id":"https:\/\/walkingranada.com\/que-hacer-en-granada\/flamenco\/#primaryimage"},"thumbnailUrl":"https:\/\/walkingranada.com\/wp-content\/uploads\/2023\/01\/la-zambra.webp","datePublished":"2022-10-27T09:00:21+00:00","dateModified":"2026-01-30T13:00:55+00:00","description":"Descubra o Flamenco em Granada atrav\u00e9s de suas zambras e tablaos. Flamenco puro nas cavernas de Sacromonte e no centro da cidade.","breadcrumb":{"@id":"https:\/\/walkingranada.com\/que-hacer-en-granada\/flamenco\/#breadcrumb"},"inLanguage":"pt-PT","potentialAction":[{"@type":"ReadAction","target":["https:\/\/walkingranada.com\/que-hacer-en-granada\/flamenco\/"]}]},{"@type":"ImageObject","inLanguage":"pt-PT","@id":"https:\/\/walkingranada.com\/que-hacer-en-granada\/flamenco\/#primaryimage","url":"https:\/\/walkingranada.com\/wp-content\/uploads\/2023\/01\/la-zambra.webp","contentUrl":"https:\/\/walkingranada.com\/wp-content\/uploads\/2023\/01\/la-zambra.webp"},{"@type":"BreadcrumbList","@id":"https:\/\/walkingranada.com\/que-hacer-en-granada\/flamenco\/#breadcrumb","itemListElement":[{"@type":"ListItem","position":1,"name":"Portada","item":"https:\/\/walkingranada.com\/"},{"@type":"ListItem","position":2,"name":"Qu\u00e9 hacer en granada","item":"https:\/\/walkingranada.com\/que-hacer-en-granada\/"},{"@type":"ListItem","position":3,"name":"Flamenco"}]},{"@type":"WebSite","@id":"https:\/\/walkingranada.com\/#website","url":"https:\/\/walkingranada.com\/","name":"Walk in Granada","description":"Turismo responsable","publisher":{"@id":"https:\/\/walkingranada.com\/#organization"},"alternateName":"Walk in Granada","potentialAction":[{"@type":"SearchAction","target":{"@type":"EntryPoint","urlTemplate":"https:\/\/walkingranada.com\/?s={search_term_string}"},"query-input":{"@type":"PropertyValueSpecification","valueRequired":true,"valueName":"search_term_string"}}],"inLanguage":"pt-PT"},{"@type":"Organization","@id":"https:\/\/walkingranada.com\/#organization","name":"Walk In Granada","alternateName":"Walk In Granada","url":"https:\/\/walkingranada.com\/","logo":{"@type":"ImageObject","inLanguage":"pt-PT","@id":"https:\/\/walkingranada.com\/#\/schema\/logo\/image\/","url":"https:\/\/walkingranada.com\/wp-content\/uploads\/2022\/12\/Logo-Walking.webp","contentUrl":"https:\/\/walkingranada.com\/wp-content\/uploads\/2022\/12\/Logo-Walking.webp","width":512,"height":512,"caption":"Walk In Granada"},"image":{"@id":"https:\/\/walkingranada.com\/#\/schema\/logo\/image\/"},"sameAs":["https:\/\/es-es.facebook.com\/walkingranadatour\/","https:\/\/x.com\/walkingranada","https:\/\/www.instagram.com\/walkingranada\/"]}]}},"_links":{"self":[{"href":"https:\/\/walkingranada.com\/pt\/wp-json\/wp\/v2\/pages\/438","targetHints":{"allow":["GET"]}}],"collection":[{"href":"https:\/\/walkingranada.com\/pt\/wp-json\/wp\/v2\/pages"}],"about":[{"href":"https:\/\/walkingranada.com\/pt\/wp-json\/wp\/v2\/types\/page"}],"author":[{"embeddable":true,"href":"https:\/\/walkingranada.com\/pt\/wp-json\/wp\/v2\/users\/2"}],"replies":[{"embeddable":true,"href":"https:\/\/walkingranada.com\/pt\/wp-json\/wp\/v2\/comments?post=438"}],"version-history":[{"count":3,"href":"https:\/\/walkingranada.com\/pt\/wp-json\/wp\/v2\/pages\/438\/revisions"}],"predecessor-version":[{"id":7215,"href":"https:\/\/walkingranada.com\/pt\/wp-json\/wp\/v2\/pages\/438\/revisions\/7215"}],"up":[{"embeddable":true,"href":"https:\/\/walkingranada.com\/pt\/wp-json\/wp\/v2\/pages\/106"}],"wp:attachment":[{"href":"https:\/\/walkingranada.com\/pt\/wp-json\/wp\/v2\/media?parent=438"}],"curies":[{"name":"wp","href":"https:\/\/api.w.org\/{rel}","templated":true}]}}