{"id":434,"date":"2022-10-27T08:59:32","date_gmt":"2022-10-27T08:59:32","guid":{"rendered":"https:\/\/factum-omibu.es\/walkin\/?page_id=434"},"modified":"2023-05-22T06:58:25","modified_gmt":"2023-05-22T06:58:25","slug":"lorca-villages","status":"publish","type":"page","link":"https:\/\/walkingranada.com\/pt\/visitas-guiadas\/rutas-lorquianas\/lorca-pueblos\/","title":{"rendered":"Rota das aldeias Federico Garc\u00eda Lorca"},"content":{"rendered":"<p>ROTAS LORQUIANAS &gt;  \nFEDERICO GARC\u00cdA LORCA PERCURSO ALDEIAS<\/p>\r\n<p><strong>Se tiver alguma d\u00favida ou quiser reservar, n\u00e3o hesite em contactar-nos!<\/strong><\/p>\r\n<p><strong>Mail:\u00a0<\/strong><a title=\"Contate-Nos!\" href=\"mailto:info@walkingranada.com\"> <strong>info@walkingranada.com<\/strong><\/a><br \/><strong>Tlf:\u00a0<\/strong><a title=\"\u00a1Ll\u00e1manos!\" href=\"tel:+34630070893\"> <strong>+34 630 07 08 93<\/strong><\/a><\/p>\r\n<h1>ROTA PRIVADA FEDERICO GARC\u00cdA LORCA ALDEIAS<\/h1>\r\n<p><a href=\"#encuentro\"> <img decoding=\"async\" loading=\"lazy\" src=\"https:\/\/walkingranada.com\/wp-content\/uploads\/2022\/10\/fi-rr-marker.png\" alt=\"DE ACORDO COM O ALOJAMENTO\" \/><\/a><\/p>\r\n<p>DE ACORDO COM O ALOJAMENTO <img decoding=\"async\" loading=\"lazy\" src=\"https:\/\/walkingranada.com\/wp-content\/uploads\/2022\/10\/\ud83e\udd86-icon-_Info-Circle_.png\" alt=\"informaci\u00f3n\" \/><\/p>\r\n<p><img decoding=\"async\" loading=\"lazy\" src=\"https:\/\/walkingranada.com\/wp-content\/uploads\/2022\/12\/guia-tour.png\" alt=\"Encontre o seu guia\" \/><\/p>\r\n<p>Encontre o seu guia<\/p>\r\n<p><img decoding=\"async\" loading=\"lazy\" src=\"https:\/\/walkingranada.com\/wp-content\/uploads\/2022\/10\/fi-rr-chat-arrow-grow.png\" alt=\"Baixa dificuldade\" \/><\/p>\r\n<p>Baixa dificuldade<\/p>\r\n<p><img decoding=\"async\" loading=\"lazy\" src=\"https:\/\/walkingranada.com\/wp-content\/uploads\/2022\/10\/fi-rr-map.png\" alt=\"Centros urbanos, paisagens das terras baixas f\u00e9rteis\" \/><\/p>\r\n<p>Centro urbano<\/p>\r\n<p><img decoding=\"async\" loading=\"lazy\" src=\"https:\/\/walkingranada.com\/wp-content\/uploads\/2022\/12\/accesibilidad_.png\" alt=\"Acessibilidade limitada\" \/><\/p>\r\n<p>Acessibilidade limitada<\/p>\r\n<p><img decoding=\"async\" loading=\"lazy\" src=\"https:\/\/walkingranada.com\/wp-content\/uploads\/2022\/10\/fi-rr-calendar.png\" alt=\"TODOS LOS DIAS\" \/><\/p>\r\n<p>Todos os dias<\/p>\r\n<p><img decoding=\"async\" loading=\"lazy\" src=\"https:\/\/walkingranada.com\/wp-content\/uploads\/2022\/10\/fi-rr-clock.png\" alt=\"horario Seg\u00fan disponibilidad\" \/><\/p>\r\n<p>De acordo com a disponibilidade<\/p>\r\n<p><img decoding=\"async\" loading=\"lazy\" src=\"https:\/\/walkingranada.com\/wp-content\/uploads\/2022\/10\/fi-rr-alarm-clock.png\" alt=\"5 horas\" \/><\/p>\r\n<p>5 horas<\/p>\r\n<p><img decoding=\"async\" loading=\"lazy\" src=\"https:\/\/walkingranada.com\/wp-content\/uploads\/2022\/10\/fi-rr-receipt.png\" alt=\"desde 25 \u20ac\" \/><\/p>\r\n<p>a partir de 25\u20ac\/pax<\/p>\r\n<p><img decoding=\"async\" loading=\"lazy\" src=\"https:\/\/walkingranada.com\/wp-content\/uploads\/2022\/10\/fi-rr-comments.png\" alt=\"ESPANHOL, INGL\u00caS\" \/><\/p>\r\n<p>ESPANHOL, INGL\u00caS<\/p>\r\n<p>Um caminho para conhecer e compreender o ambiente que inspirou a poesia e o teatro de Lorca.<\/p>\r\n<p>As casas em que a fam\u00edlia Lorca viveu est\u00e3o localizadas no centro de Granada, como Fuente Vaqueros e Valderrubio, aldeias que afectaram a personalidade da obra do poeta.<\/p>\r\n<p>O populismo t\u00e3o caracter\u00edstico das suas personagens e a paisagem natural da pr\u00f3pria Vega de Granada s\u00e3o a marca de Lorca.<\/p>\r\n<h2>Ponto de encontro<\/h2>\r\n<p><img decoding=\"async\" loading=\"lazy\" title=\"lorca-color\" src=\"https:\/\/walkingranada.com\/wp-content\/uploads\/2022\/12\/lorca-color.jpg.webp\" alt=\"Foto de Garc\u00eda Lorca en color\" width=\"711\" height=\"398\" \/> A ser confirmado com o cliente<br \/>de acordo com o alojamento.<\/p>\r\n<p>Precisa de indica\u00e7\u00f5es para l\u00e1 chegar?<\/p>\r\n<p><a role=\"button\" href=\"#reserva\" target=\"_self\" rel=\"noopener\"> Reservar &gt; <\/a><\/p>\r\n<h2>Recomenda\u00e7\u00f5es<\/h2>\r\n<ol>\r\n<li>Este percurso deve ser feito de carro, portanto, se mais de 4 participantes o desejarem fazer, ser\u00e1 necess\u00e1rio verificar a disponibilidade de ve\u00edculos.<\/li>\r\n<li class=\"translation-block\">Chegue <strong>20 minutos antes<\/strong> do hor\u00e1rio de in\u00edcio da visita.<\/li>\r\n<li>Usar\u00a0<strong>sapatos confort\u00e1veis<\/strong>A visita tem a dura\u00e7\u00e3o de 5 horas.<\/li>\r\n<li>No Ver\u00e3o, lembre-se de usar<strong>\u00a0creme solar e traga uma garrafa de \u00e1gua<\/strong>.<\/li>\r\n<\/ol>\r\n<h2>Itiner\u00e1rio<\/h2>\r\n<ul>\r\n<li>Museu da Casa Federico Garc\u00eda Lorca.<br \/><em>Fuente Vaqueros<\/em><\/li>\r\n<li>Centro de Estudos de Lorca<br \/><em>Fuente Vaqueros<\/em><\/li>\r\n<li>Museu da Casa Federico Garc\u00eda Lorca.<br \/><em>Valderrubio<\/em><\/li>\r\n<li>Aynadamar. F. Garc\u00eda Lorca Park<br \/><em>Ravina de V\u00edznar<\/em><\/li>\r\n<li>Paisagens Lorquianas<br \/><em>Vega de Granada<\/em><\/li>\r\n<\/ul>\r\n<p>Este passeio leva-nos at\u00e9 \u00e0 casa onde Lorca nasceu em 1898.<br \/>Uma t\u00edpica casa agr\u00edcola onde o poeta viveu os seus primeiros anos.<br \/>Ser-nos-\u00e3o mostrados os seus espa\u00e7os \u00edntimos: a sala de jantar, a cozinha, os quartos e o p\u00e1tio, o que nos ajudar\u00e1 a compreender um pouco melhor a tipologia das casas apresentadas nas suas obras. <strong>Se tiver alguma d\u00favida ou quiser reservar, n\u00e3o hesite em contactar-nos!<\/strong><br \/>Mail:\u00a0<a title=\"Contate-Nos!\" href=\"mailto:info@walkingranada.com\"> <strong>info@walkingranada.com<\/strong><\/a><br \/>Tlf:\u00a0<a title=\"\u00a1Ll\u00e1manos!\" href=\"tel:+34630070893\"> <strong>+34 630 07 08 93<\/strong><\/a><\/p>\r\n<h2>Tambi\u00e9n puedes reservar nuestras otras visitas guiadas&#8230;<\/h2>\r\n<section><img decoding=\"async\" loading=\"lazy\" src=\"https:\/\/walkingranada.com\/wp-content\/uploads\/2023\/01\/Card-Albaicin-sacromonte.webp\" alt=\"Visita guiada al albaic\u00edn y Sacromonte\" width=\"100%\" \/>\r\n<h3>Visita guiada ao Albaic\u00edn e Sacromonte<\/h3>\r\n<hr \/>\r\n<p>Um passeio que combina os dois bairros mais representativos e emblem\u00e1ticos de Granada.<\/p>\r\n<hr \/>\r\n<p>Todos os dias<\/p>\r\n<p>Pergunte-nos<\/p>\r\n<p>2,5h<\/p>\r\nDe\r\n<p>8\u20ac<\/p>\r\n\/pax <a href=\"https:\/\/walkingranada.com\/pt\/visitas-guiadas\/albaicin-e-sacromonte\/\">Reservar &gt;<\/a> <img decoding=\"async\" loading=\"lazy\" src=\"https:\/\/walkingranada.com\/wp-content\/uploads\/2023\/01\/visita-albaicin-card.webp\" alt=\"Visita Guiada al Albaic\u00edn\" width=\"100%\" \/>\r\n<h3>Orientado tour ao <br \/>Albaic\u00edn<\/h3>\r\n<hr \/>\r\n<p>Mergulhe na hist\u00f3ria. Neste passeio visitar\u00e1 as \u00e1reas mais centrais e populares.<\/p>\r\n<hr \/>\r\n<p>Todos os dias<\/p>\r\n<p>Pergunte-nos<\/p>\r\n<p>2,5h<\/p>\r\nDe\r\n<p>8\u20ac<\/p>\r\n\/pax <a href=\"https:\/\/walkingranada.com\/pt\/visitas-guiadas\/albaicin\/\">Reservar &gt;<\/a> <img decoding=\"async\" loading=\"lazy\" src=\"https:\/\/walkingranada.com\/wp-content\/uploads\/2023\/01\/Card-Sacromonte.webp\" alt=\"Visita guiada al sacromonte\" width=\"100%\" \/>\r\n<h3>Orientado tour ao Sacromonte<\/h3>\r\n<hr \/>Conoce el barrio con m\u00e1s duende de Granada. \u00c9ste es un tour para amantes de la fotograf\u00eda.<hr \/>\r\n<p>Todos os dias<\/p>\r\n<p>Pergunte-nos<\/p>\r\n<p>2,5h<\/p>\r\nDe\r\n<p>8\u20ac<\/p>\r\n\/pax <a href=\"https:\/\/walkingranada.com\/pt\/visitas-guiadas\/sacromonte\/\">Reservar &gt;<\/a> <img decoding=\"async\" loading=\"lazy\" src=\"https:\/\/walkingranada.com\/wp-content\/uploads\/2023\/01\/Centro-historico-card.webp\" alt=\"Visita guiada al centro historico y bajo albaicin\" width=\"100%\" \/>\r\n<h3>Visita guiada ao centro hist\u00f3rico e ao baixo Albaic\u00edn<\/h3>\r\n<hr \/>\r\n<p>Mergulhe na hist\u00f3ria. Neste passeio visitar\u00e1 as \u00e1reas mais centrais e populares.<\/p>\r\n<hr \/>\r\n<p>Todos os dias<\/p>\r\n<p>Pergunte-nos<\/p>\r\n<p>2,5h<\/p>\r\nDe\r\n<p>8\u20ac<\/p>\r\n\/pax <a href=\"https:\/\/walkingranada.com\/pt\/visitas-guiadas\/centre-historique-albaicin\/\">Reservar &gt;<\/a><\/section>\r\n<h2>Tambi\u00e9n puedes reservar nuestros otros servicios&#8230;<\/h2>\r\n<p><img decoding=\"async\" loading=\"lazy\" src=\"https:\/\/walkingranada.com\/wp-content\/uploads\/2022\/10\/Rectangle-42.png\" alt=\"bailaora flamenca\" \/><\/p>\r\n<h3>Flamenco<\/h3>\r\n<p><img decoding=\"async\" loading=\"lazy\" src=\"https:\/\/walkingranada.com\/wp-content\/uploads\/2022\/10\/Rectangle-43.png\" alt=\"ba\u00f1os \u00e1rabes\" \/><\/p>\r\n<h3>Hammam <br \/>Al-\u00e1ndalus<\/h3>\r\n<p><img decoding=\"async\" loading=\"lazy\" src=\"https:\/\/walkingranada.com\/wp-content\/uploads\/2022\/10\/Rectangle-45.png\" alt=\"mezquita de c\u00f3rdoba\" \/><\/p>\r\n<h3>excurs\u00f5es <br \/>de un dia<\/h3>\r\n<p><img decoding=\"async\" loading=\"lazy\" src=\"https:\/\/walkingranada.com\/wp-content\/uploads\/2022\/10\/Rectangle-38.png\" alt=\"imagen de una chica joven\" \/><\/p>\r\n<h3>Rota olfativa<\/h3>","protected":false},"excerpt":{"rendered":"<p>Rutas Lorquianas &gt; Ruta Federico Garc\u00eda Lorca Pueblos \u00a1Si tienes cualquier pregunta o deseas reservar, no dudes en contactarnos! Mail:\u00a0 info@walkingranada.comTlf:\u00a0 +34 630 07 08 93 RUTA PRIVADA FEDERICO GARC\u00cdA LORCA PUEBLOS Seg\u00fan alojamiento busca a tu gu\u00eda Dificultad baja Cascos urbanos Accesibilidad limitada Todos los d\u00edas Seg\u00fan disponibilidad 5 horas desde 25\u20ac\/pax CASTELLANO, Ingl\u00e9s &#8230; <a title=\"Rota das aldeias Federico Garc\u00eda Lorca\" class=\"read-more\" href=\"https:\/\/walkingranada.com\/pt\/visitas-guiadas\/rutas-lorquianas\/lorca-pueblos\/\" aria-label=\"Leia mais sobre Ruta Federico Garc\u00eda Lorca pueblos\">Ler mais<\/a><\/p>","protected":false},"author":2,"featured_media":2318,"parent":426,"menu_order":0,"comment_status":"closed","ping_status":"closed","template":"","meta":{"footnotes":""},"class_list":["post-434","page","type-page","status-publish","has-post-thumbnail"],"yoast_head":"<!-- This site is optimized with the Yoast SEO plugin v27.5 - https:\/\/yoast.com\/product\/yoast-seo-wordpress\/ -->\n<title>Ruta Federico Garc\u00eda Lorca pueblos - Walk in Granada<\/title>\n<meta name=\"description\" content=\"Visita los puntos clave de la vida de Federico Garc\u00eda Lorca a trav\u00e9s de los pueblos que lo vieron nacer y morir. Una experiencia \u00fanica.\" \/>\n<meta name=\"robots\" content=\"index, follow, max-snippet:-1, max-image-preview:large, max-video-preview:-1\" \/>\n<link rel=\"canonical\" href=\"https:\/\/walkingranada.com\/pt\/visitas-guiadas\/lorquian-tours\/lorca-villages\/\" \/>\n<meta property=\"og:locale\" content=\"pt_PT\" \/>\n<meta property=\"og:type\" content=\"article\" \/>\n<meta property=\"og:title\" content=\"Ruta Federico Garc\u00eda Lorca pueblos - Walk in Granada\" \/>\n<meta property=\"og:description\" content=\"Visita los puntos clave de la vida de Federico Garc\u00eda Lorca a trav\u00e9s de los pueblos que lo vieron nacer y morir. Una experiencia \u00fanica.\" \/>\n<meta property=\"og:url\" content=\"https:\/\/walkingranada.com\/pt\/visitas-guiadas\/lorquian-tours\/lorca-villages\/\" \/>\n<meta property=\"og:site_name\" content=\"Walk in Granada\" \/>\n<meta property=\"article:publisher\" content=\"https:\/\/es-es.facebook.com\/walkingranadatour\/\" \/>\n<meta property=\"article:modified_time\" content=\"2023-05-22T06:58:25+00:00\" \/>\n<meta property=\"og:image\" content=\"https:\/\/walkingranada.com\/wp-content\/uploads\/2023\/01\/Rutas-lorquianas-card.webp\" \/>\n\t<meta property=\"og:image:width\" content=\"452\" \/>\n\t<meta property=\"og:image:height\" content=\"282\" \/>\n\t<meta property=\"og:image:type\" content=\"image\/webp\" \/>\n<meta name=\"twitter:card\" content=\"summary_large_image\" \/>\n<meta name=\"twitter:site\" content=\"@walkingranada\" \/>\n<meta name=\"twitter:label1\" content=\"Tempo estimado de leitura\" \/>\n\t<meta name=\"twitter:data1\" content=\"7 minutos\" \/>\n<script type=\"application\/ld+json\" class=\"yoast-schema-graph\">{\"@context\":\"https:\\\/\\\/schema.org\",\"@graph\":[{\"@type\":\"WebPage\",\"@id\":\"https:\\\/\\\/walkingranada.com\\\/visitas-guiadas\\\/rutas-lorquianas\\\/lorca-pueblos\\\/\",\"url\":\"https:\\\/\\\/walkingranada.com\\\/visitas-guiadas\\\/rutas-lorquianas\\\/lorca-pueblos\\\/\",\"name\":\"Ruta Federico Garc\u00eda Lorca pueblos - Walk in Granada\",\"isPartOf\":{\"@id\":\"https:\\\/\\\/walkingranada.com\\\/#website\"},\"primaryImageOfPage\":{\"@id\":\"https:\\\/\\\/walkingranada.com\\\/visitas-guiadas\\\/rutas-lorquianas\\\/lorca-pueblos\\\/#primaryimage\"},\"image\":{\"@id\":\"https:\\\/\\\/walkingranada.com\\\/visitas-guiadas\\\/rutas-lorquianas\\\/lorca-pueblos\\\/#primaryimage\"},\"thumbnailUrl\":\"https:\\\/\\\/walkingranada.com\\\/wp-content\\\/uploads\\\/2023\\\/01\\\/Rutas-lorquianas-card.webp\",\"datePublished\":\"2022-10-27T08:59:32+00:00\",\"dateModified\":\"2023-05-22T06:58:25+00:00\",\"description\":\"Visita los puntos clave de la vida de Federico Garc\u00eda Lorca a trav\u00e9s de los pueblos que lo vieron nacer y morir. Una experiencia \u00fanica.\",\"breadcrumb\":{\"@id\":\"https:\\\/\\\/walkingranada.com\\\/visitas-guiadas\\\/rutas-lorquianas\\\/lorca-pueblos\\\/#breadcrumb\"},\"inLanguage\":\"pt-PT\",\"potentialAction\":[{\"@type\":\"ReadAction\",\"target\":[\"https:\\\/\\\/walkingranada.com\\\/visitas-guiadas\\\/rutas-lorquianas\\\/lorca-pueblos\\\/\"]}]},{\"@type\":\"ImageObject\",\"inLanguage\":\"pt-PT\",\"@id\":\"https:\\\/\\\/walkingranada.com\\\/visitas-guiadas\\\/rutas-lorquianas\\\/lorca-pueblos\\\/#primaryimage\",\"url\":\"https:\\\/\\\/walkingranada.com\\\/wp-content\\\/uploads\\\/2023\\\/01\\\/Rutas-lorquianas-card.webp\",\"contentUrl\":\"https:\\\/\\\/walkingranada.com\\\/wp-content\\\/uploads\\\/2023\\\/01\\\/Rutas-lorquianas-card.webp\",\"width\":452,\"height\":282,\"caption\":\"Garc\u00eda Lorca\"},{\"@type\":\"BreadcrumbList\",\"@id\":\"https:\\\/\\\/walkingranada.com\\\/visitas-guiadas\\\/rutas-lorquianas\\\/lorca-pueblos\\\/#breadcrumb\",\"itemListElement\":[{\"@type\":\"ListItem\",\"position\":1,\"name\":\"Portada\",\"item\":\"https:\\\/\\\/walkingranada.com\\\/\"},{\"@type\":\"ListItem\",\"position\":2,\"name\":\"Visitas guiadas\",\"item\":\"https:\\\/\\\/walkingranada.com\\\/visitas-guiadas\\\/\"},{\"@type\":\"ListItem\",\"position\":3,\"name\":\"Rutas Lorquianas\",\"item\":\"https:\\\/\\\/walkingranada.com\\\/visitas-guiadas\\\/rutas-lorquianas\\\/\"},{\"@type\":\"ListItem\",\"position\":4,\"name\":\"Ruta Federico Garc\u00eda Lorca pueblos\"}]},{\"@type\":\"WebSite\",\"@id\":\"https:\\\/\\\/walkingranada.com\\\/#website\",\"url\":\"https:\\\/\\\/walkingranada.com\\\/\",\"name\":\"Walk in Granada\",\"description\":\"Turismo responsable\",\"publisher\":{\"@id\":\"https:\\\/\\\/walkingranada.com\\\/#organization\"},\"alternateName\":\"Walk in Granada\",\"potentialAction\":[{\"@type\":\"SearchAction\",\"target\":{\"@type\":\"EntryPoint\",\"urlTemplate\":\"https:\\\/\\\/walkingranada.com\\\/?s={search_term_string}\"},\"query-input\":{\"@type\":\"PropertyValueSpecification\",\"valueRequired\":true,\"valueName\":\"search_term_string\"}}],\"inLanguage\":\"pt-PT\"},{\"@type\":\"Organization\",\"@id\":\"https:\\\/\\\/walkingranada.com\\\/#organization\",\"name\":\"Walk In Granada\",\"alternateName\":\"Walk In Granada\",\"url\":\"https:\\\/\\\/walkingranada.com\\\/\",\"logo\":{\"@type\":\"ImageObject\",\"inLanguage\":\"pt-PT\",\"@id\":\"https:\\\/\\\/walkingranada.com\\\/#\\\/schema\\\/logo\\\/image\\\/\",\"url\":\"https:\\\/\\\/walkingranada.com\\\/wp-content\\\/uploads\\\/2022\\\/12\\\/Logo-Walking.webp\",\"contentUrl\":\"https:\\\/\\\/walkingranada.com\\\/wp-content\\\/uploads\\\/2022\\\/12\\\/Logo-Walking.webp\",\"width\":512,\"height\":512,\"caption\":\"Walk In Granada\"},\"image\":{\"@id\":\"https:\\\/\\\/walkingranada.com\\\/#\\\/schema\\\/logo\\\/image\\\/\"},\"sameAs\":[\"https:\\\/\\\/es-es.facebook.com\\\/walkingranadatour\\\/\",\"https:\\\/\\\/x.com\\\/walkingranada\",\"https:\\\/\\\/www.instagram.com\\\/walkingranada\\\/\"]}]}<\/script>\n<!-- \/ Yoast SEO plugin. -->","yoast_head_json":{"title":"Federico Garcia Lorca Aldeias Tour - Walk in Granada","description":"Visite os pontos-chave da vida de Federico Garc\u00eda Lorca atrav\u00e9s das cidades que o viram nascer e morrer. Uma experi\u00eancia \u00fanica.","robots":{"index":"index","follow":"follow","max-snippet":"max-snippet:-1","max-image-preview":"max-image-preview:large","max-video-preview":"max-video-preview:-1"},"canonical":"https:\/\/walkingranada.com\/pt\/visitas-guiadas\/lorquian-tours\/lorca-villages\/","og_locale":"pt_PT","og_type":"article","og_title":"Ruta Federico Garc\u00eda Lorca pueblos - Walk in Granada","og_description":"Visita los puntos clave de la vida de Federico Garc\u00eda Lorca a trav\u00e9s de los pueblos que lo vieron nacer y morir. Una experiencia \u00fanica.","og_url":"https:\/\/walkingranada.com\/pt\/visitas-guiadas\/lorquian-tours\/lorca-villages\/","og_site_name":"Walk in Granada","article_publisher":"https:\/\/es-es.facebook.com\/walkingranadatour\/","article_modified_time":"2023-05-22T06:58:25+00:00","og_image":[{"width":452,"height":282,"url":"https:\/\/walkingranada.com\/wp-content\/uploads\/2023\/01\/Rutas-lorquianas-card.webp","type":"image\/webp"}],"twitter_card":"summary_large_image","twitter_site":"@walkingranada","twitter_misc":{"Tempo estimado de leitura":"7 minutos"},"schema":{"@context":"https:\/\/schema.org","@graph":[{"@type":"WebPage","@id":"https:\/\/walkingranada.com\/visitas-guiadas\/rutas-lorquianas\/lorca-pueblos\/","url":"https:\/\/walkingranada.com\/visitas-guiadas\/rutas-lorquianas\/lorca-pueblos\/","name":"Federico Garcia Lorca Aldeias Tour - Walk in Granada","isPartOf":{"@id":"https:\/\/walkingranada.com\/#website"},"primaryImageOfPage":{"@id":"https:\/\/walkingranada.com\/visitas-guiadas\/rutas-lorquianas\/lorca-pueblos\/#primaryimage"},"image":{"@id":"https:\/\/walkingranada.com\/visitas-guiadas\/rutas-lorquianas\/lorca-pueblos\/#primaryimage"},"thumbnailUrl":"https:\/\/walkingranada.com\/wp-content\/uploads\/2023\/01\/Rutas-lorquianas-card.webp","datePublished":"2022-10-27T08:59:32+00:00","dateModified":"2023-05-22T06:58:25+00:00","description":"Visite os pontos-chave da vida de Federico Garc\u00eda Lorca atrav\u00e9s das cidades que o viram nascer e morrer. Uma experi\u00eancia \u00fanica.","breadcrumb":{"@id":"https:\/\/walkingranada.com\/visitas-guiadas\/rutas-lorquianas\/lorca-pueblos\/#breadcrumb"},"inLanguage":"pt-PT","potentialAction":[{"@type":"ReadAction","target":["https:\/\/walkingranada.com\/visitas-guiadas\/rutas-lorquianas\/lorca-pueblos\/"]}]},{"@type":"ImageObject","inLanguage":"pt-PT","@id":"https:\/\/walkingranada.com\/visitas-guiadas\/rutas-lorquianas\/lorca-pueblos\/#primaryimage","url":"https:\/\/walkingranada.com\/wp-content\/uploads\/2023\/01\/Rutas-lorquianas-card.webp","contentUrl":"https:\/\/walkingranada.com\/wp-content\/uploads\/2023\/01\/Rutas-lorquianas-card.webp","width":452,"height":282,"caption":"Garc\u00eda Lorca"},{"@type":"BreadcrumbList","@id":"https:\/\/walkingranada.com\/visitas-guiadas\/rutas-lorquianas\/lorca-pueblos\/#breadcrumb","itemListElement":[{"@type":"ListItem","position":1,"name":"Portada","item":"https:\/\/walkingranada.com\/"},{"@type":"ListItem","position":2,"name":"Visitas guiadas","item":"https:\/\/walkingranada.com\/visitas-guiadas\/"},{"@type":"ListItem","position":3,"name":"Rutas Lorquianas","item":"https:\/\/walkingranada.com\/visitas-guiadas\/rutas-lorquianas\/"},{"@type":"ListItem","position":4,"name":"Ruta Federico Garc\u00eda Lorca pueblos"}]},{"@type":"WebSite","@id":"https:\/\/walkingranada.com\/#website","url":"https:\/\/walkingranada.com\/","name":"Walk in Granada","description":"Turismo responsable","publisher":{"@id":"https:\/\/walkingranada.com\/#organization"},"alternateName":"Walk in Granada","potentialAction":[{"@type":"SearchAction","target":{"@type":"EntryPoint","urlTemplate":"https:\/\/walkingranada.com\/?s={search_term_string}"},"query-input":{"@type":"PropertyValueSpecification","valueRequired":true,"valueName":"search_term_string"}}],"inLanguage":"pt-PT"},{"@type":"Organization","@id":"https:\/\/walkingranada.com\/#organization","name":"Walk In Granada","alternateName":"Walk In Granada","url":"https:\/\/walkingranada.com\/","logo":{"@type":"ImageObject","inLanguage":"pt-PT","@id":"https:\/\/walkingranada.com\/#\/schema\/logo\/image\/","url":"https:\/\/walkingranada.com\/wp-content\/uploads\/2022\/12\/Logo-Walking.webp","contentUrl":"https:\/\/walkingranada.com\/wp-content\/uploads\/2022\/12\/Logo-Walking.webp","width":512,"height":512,"caption":"Walk In Granada"},"image":{"@id":"https:\/\/walkingranada.com\/#\/schema\/logo\/image\/"},"sameAs":["https:\/\/es-es.facebook.com\/walkingranadatour\/","https:\/\/x.com\/walkingranada","https:\/\/www.instagram.com\/walkingranada\/"]}]}},"_links":{"self":[{"href":"https:\/\/walkingranada.com\/pt\/wp-json\/wp\/v2\/pages\/434","targetHints":{"allow":["GET"]}}],"collection":[{"href":"https:\/\/walkingranada.com\/pt\/wp-json\/wp\/v2\/pages"}],"about":[{"href":"https:\/\/walkingranada.com\/pt\/wp-json\/wp\/v2\/types\/page"}],"author":[{"embeddable":true,"href":"https:\/\/walkingranada.com\/pt\/wp-json\/wp\/v2\/users\/2"}],"replies":[{"embeddable":true,"href":"https:\/\/walkingranada.com\/pt\/wp-json\/wp\/v2\/comments?post=434"}],"version-history":[{"count":0,"href":"https:\/\/walkingranada.com\/pt\/wp-json\/wp\/v2\/pages\/434\/revisions"}],"up":[{"embeddable":true,"href":"https:\/\/walkingranada.com\/pt\/wp-json\/wp\/v2\/pages\/426"}],"wp:featuredmedia":[{"embeddable":true,"href":"https:\/\/walkingranada.com\/pt\/wp-json\/wp\/v2\/media\/2318"}],"wp:attachment":[{"href":"https:\/\/walkingranada.com\/pt\/wp-json\/wp\/v2\/media?parent=434"}],"curies":[{"name":"wp","href":"https:\/\/api.w.org\/{rel}","templated":true}]}}