{"id":432,"date":"2022-10-27T08:59:12","date_gmt":"2022-10-27T08:59:12","guid":{"rendered":"https:\/\/factum-omibu.es\/walkin\/?page_id=432"},"modified":"2025-08-06T06:57:03","modified_gmt":"2025-08-06T06:57:03","slug":"lorca-city","status":"publish","type":"page","link":"https:\/\/walkingranada.com\/pt\/visitas-guiadas\/rutas-lorquianas\/lorca-centro\/","title":{"rendered":"Federico Garc\u00eda Lorca Route Villages"},"content":{"rendered":"<p>ROTAS LORQUIANAS &gt; LORCA CIDADE<\/p>\n\t<!-- FareHarbor calendar of item #655534 -->\n<h1>\n\t\t\tRota privada Centro Feder\u00edco Garc\u00eda Lorca Granada Centro\t<\/h1>\n        <a href=\"#encuentro\">\n            <img decoding=\"async\" loading=\"lazy\" src=\"https:\/\/walkingranada.com\/wp-content\/uploads\/2022\/10\/fi-rr-marker.png\" alt=\"Direcci\u00f3n\"\/>\n            <p>Plaza Nueva <img decoding=\"async\" loading=\"lazy\" src=\"https:\/\/walkingranada.com\/wp-content\/uploads\/2022\/10\/\ud83e\udd86-icon-_Info-Circle_.png\" alt=\"informaci\u00f3n\"\/><\/p>\n        <\/a>\n        <img decoding=\"async\" loading=\"lazy\" src=\"https:\/\/walkingranada.com\/wp-content\/uploads\/2022\/12\/fuente-icon.png\" alt=\"Fonte principal da pra\u00e7a\"\/>\n        <p>Fonte principal da pra\u00e7a<\/p>\n        <img decoding=\"async\" loading=\"lazy\" src=\"https:\/\/walkingranada.com\/wp-content\/uploads\/2022\/10\/fi-rr-chat-arrow-grow.png\" alt=\"Baixa dificuldade\"\/>\n        <p>Baixa dificuldade<\/p>\n        <img decoding=\"async\" loading=\"lazy\" src=\"https:\/\/walkingranada.com\/wp-content\/uploads\/2022\/10\/fi-rr-map.png\" alt=\"Centros urbanos, paisagens das terras baixas f\u00e9rteis\"\/>\n        <p>Centro urbano<\/p>\n        <img decoding=\"async\" loading=\"lazy\" src=\"https:\/\/walkingranada.com\/wp-content\/uploads\/2022\/12\/accesibilidad_.png\" alt=\"Acessibilidade limitada\"\/>\n        <p>Acessibilidade limitada<\/p>\n        <img decoding=\"async\" loading=\"lazy\" src=\"https:\/\/walkingranada.com\/wp-content\/uploads\/2022\/10\/fi-rr-calendar.png\" alt=\"TODOS LOS DIAS\"\/>\n        <p>Todos os dias<\/p>\n        <img decoding=\"async\" loading=\"lazy\" src=\"https:\/\/walkingranada.com\/wp-content\/uploads\/2022\/10\/fi-rr-clock.png\" alt=\"horario Seg\u00fan disponibilidad\"\/>\n        <p>De acordo com a disponibilidade<\/p>\n        <img decoding=\"async\" loading=\"lazy\" src=\"https:\/\/walkingranada.com\/wp-content\/uploads\/2022\/10\/fi-rr-alarm-clock.png\" alt=\"2,5 horas\"\/>\n        <p>2,5 horas<\/p>\n        <img decoding=\"async\" loading=\"lazy\" src=\"https:\/\/walkingranada.com\/wp-content\/uploads\/2022\/10\/fi-rr-receipt.png\" alt=\"desde 11 \u20ac\"\/>\n        <p>a partir de 11\u20ac\/pax<\/p>\n        <img decoding=\"async\" loading=\"lazy\" src=\"https:\/\/walkingranada.com\/wp-content\/uploads\/2022\/10\/fi-rr-comments.png\" alt=\"ESPANHOL, INGL\u00caS\"\/>\n        <p>ESPANHOL, INGL\u00caS<\/p>\n\t<p>Fazer uma rota Lorca atrav\u00e9s do centro de Granada significa percorrer os \u00faltimos meses da vida do poeta antes da sua pris\u00e3o e subsequente execu\u00e7\u00e3o por fuzilamento.<\/p>\n\t<p>Faremos um passeio pelos lugares que Lorca frequentou durante a sua juventude e o seu regresso \u00e0 cidade pouco antes do in\u00edcio da Guerra Civil.<\/p>\n<h2>\n\t\t\tPonto de encontro\t<\/h2>\n\t\t\t\t<img decoding=\"async\" src=\"https:\/\/walkingranada.com\/wp-content\/uploads\/2023\/01\/fuente-plaza-nueva.webp\" alt=\"Fuente en Plaza Nueva\" itemprop=\"image\" height=\"398\" width=\"711\" onerror=\"this.style.display='none'\" loading=\"lazy\" \/>\n\t<p class=\"translation-block\"><span class=\"fl-heading-text\">Fonte principal em frente \u00e0 farm\u00e1cia na <span class=\"red\">Plaza Nueva<\/span><\/span><\/p>\n\t<p>Precisa de indica\u00e7\u00f5es para l\u00e1 chegar?<\/p>\n\t\t\t<a href=\"#reserva\" target=\"_self\">\n\t\t\t\t\t\t\tReservar &gt;\n\t\t\t\t\t<\/a>\n\t\t\t<a href=\"https:\/\/walkingranada.com\/pt\/como-chegar-a-plaza-nueva\/\" target=\"_self\">\n\t\t\t\t\t\t\tComo chegar l\u00e1? &gt;\n\t\t\t\t\t<\/a>\n<h2>\n\t\t\tRecomenda\u00e7\u00f5es\t<\/h2>\n\t<ol>\n<li class=\"translation-block\">Chegue <strong>20 minutos antes<\/strong> do hor\u00e1rio de in\u00edcio da visita.<\/li>\n<li>Usar\u00a0<strong>sapatos confort\u00e1veis<\/strong>. A visita tem a dura\u00e7\u00e3o de 2.5 horas.<\/li>\n<li>No Ver\u00e3o, lembre-se de usar\u00a0<strong>creme solar e traga uma garrafa de \u00e1gua<\/strong>.<\/li>\n<\/ol>\n<h2>\n\t\t\tItiner\u00e1rio\t<\/h2>\n\t<ul>\n<li>Plaza Nueva<\/li>\n<li>Pra\u00e7a Mariana Pineda<\/li>\n<li>Caf\u00e9 Alameda \/ Restaurante Chikito<\/li>\n<li>Rua Mesones<\/li>\n<li>Centro Cultural F. G. Lorca<\/li>\n<li>Hotel Reina Cristina<\/li>\n<li>Faculdade de Direito<\/li>\n<\/ul>\n\t<p>Neste passeio descobrir\u00e1 o lado mais bo\u00e9mio do poeta. Como foram os seus ver\u00f5es na sua casa de fam\u00edlia em Granada, os locais onde se encontrou com o c\u00edrculo de intelectuais da cidade. Uma digress\u00e3o centrada na juventude de Federico Garc\u00eda Lorca.<\/p>\n<strong>Se tiver alguma d\u00favida ou quiser reservar, n\u00e3o hesite em contactar-nos!<\/strong><br \/>\nMail:\u00a0<a title=\"Contate-Nos!\" href=\"mailto:info@walkingranada.com\"> <strong>info@walkingranada.com<\/strong><\/a><br \/>\nTlf:\u00a0<a title=\"\u00a1Ll\u00e1manos!\" href=\"tel:+34630070893\"> <strong>+34 630 07 08 93<\/strong><\/a>\n<h2>\n\t\t\tTambi\u00e9n puedes reservar nuestras otras visitas guiadas&#8230;\t<\/h2>\n\t<section>\n            <img decoding=\"async\" loading=\"lazy\" src=\"https:\/\/walkingranada.com\/wp-content\/uploads\/2023\/01\/Card-Albaicin-sacromonte.webp\" alt=\"Visita guiada al albaic\u00edn y Sacromonte\"\/>\n                <h3>Visita guiada ao Albaic\u00edn e Sacromonte<\/h3>\n                <hr \/>\n                <p>Um passeio que combina os dois bairros mais representativos e emblem\u00e1ticos de Granada. <\/p>\n                <hr \/>\n                    <p> Todos os dias<\/p>\n                    <p> Pergunte-nos<\/p>\n                    <p> 2,5h<\/p>\n                    De\n                    <p>8\u20ac<\/p>\/pax\n            <a href=\"https:\/\/walkingranada.com\/pt\/visitas-guiadas\/albaicin-e-sacromonte\/\">Reservar &gt;<\/a>\n        <img decoding=\"async\" loading=\"lazy\" src=\"https:\/\/walkingranada.com\/wp-content\/uploads\/2023\/01\/visita-albaicin-card.webp\" alt=\"Visita Guiada al Albaic\u00edn\"\/>\n            <h3>Orientado tour ao <br \/>Albaic\u00edn<\/h3>\n            <hr \/>\n            <p>Mergulhe na hist\u00f3ria. Neste passeio visitar\u00e1 as \u00e1reas mais centrais e populares.<\/p>\n            <hr \/>\n                <p> Todos os dias<\/p>\n                <p> Pergunte-nos<\/p>\n                <p> 2,5h<\/p>\n                    De\n                    <p>8\u20ac<\/p>\/pax\n        <a href=\"https:\/\/walkingranada.com\/pt\/visitas-guiadas\/albaicin\/\">Reservar &gt;<\/a>\n        <img decoding=\"async\" loading=\"lazy\" src=\"https:\/\/walkingranada.com\/wp-content\/uploads\/2023\/01\/Card-Sacromonte.webp\"\/>\n            <h3>Orientado tour ao Sacromonte<\/h3>\n            <hr \/>\n            Conhe\u00e7a o bairro mais delicado de Granada. Este \u00e9 um passeio para os amantes da fotografia.\n            <hr \/>\n                <p> Todos os dias<\/p>\n                <p> Pergunte-nos<\/p>\n                <p> 2,5h<\/p>\n                    De\n                    <p>8\u20ac<\/p>\/pax\n        <a href=\"https:\/\/walkingranada.com\/pt\/visitas-guiadas\/sacromonte\/\">Reservar &gt;<\/a>\n        <img decoding=\"async\" loading=\"lazy\" src=\"https:\/\/walkingranada.com\/wp-content\/uploads\/2023\/01\/Centro-historico-card.webp\" alt=\"Visita guiada al centro historico y bajo albaicin\"\/>\n            <h3>Visita guiada ao centro hist\u00f3rico e ao baixo Albaic\u00edn<\/h3>\n            <hr \/>\n            <p>Mergulhe na hist\u00f3ria. Neste passeio visitar\u00e1 as \u00e1reas mais centrais e populares.<\/p>\n            <hr \/>\n                <p> Todos os dias<\/p>\n                <p> Pergunte-nos<\/p>\n                <p> 2,5h<\/p>\n                    De\n                    <p>8\u20ac<\/p>\/pax\n        <a href=\"https:\/\/walkingranada.com\/pt\/visitas-guiadas\/centre-historique-albaicin\/\">Reservar &gt;<\/a>\n    <\/section>\n<h2>\n\t\t\tTambi\u00e9n puedes reservar nuestros otros servicios&#8230;\t<\/h2>\n\t<a href=\"https:\/\/walkingranada.com\/pt\/que-fazer-em-granada\/flamenco\/\" target=\"_self\"><\/a>\t\t\t<img decoding=\"async\" loading=\"lazy\" alt=\"bailaora flamenca\" src=\"https:\/\/walkingranada.com\/wp-content\/uploads\/2022\/10\/Rectangle-42.png\"\/>\n\t\t<h3>Flamenco<\/h3>\n\t<a href=\"https:\/\/walkingranada.com\/pt\/que-fazer-em-granada\/hammam-al-andalus\/\" target=\"_self\"><\/a>\t\t\t<img decoding=\"async\" loading=\"lazy\" alt=\"ba\u00f1os \u00e1rabes\" src=\"https:\/\/walkingranada.com\/wp-content\/uploads\/2022\/10\/Rectangle-43.png\"\/>\n\t\t<h3>Hammam <br \/>Al-\u00e1ndalus<\/h3>\n\t<a href=\"https:\/\/walkingranada.com\/pt\/que-fazer-em-granada\/excursoes\/\" target=\"_self\"><\/a>\t\t\t<img decoding=\"async\" loading=\"lazy\" alt=\"mezquita de c\u00f3rdoba\" src=\"https:\/\/walkingranada.com\/wp-content\/uploads\/2022\/10\/Rectangle-45.png\"\/>\n\t\t<h3>excurs\u00f5es <br \/>de un dia<\/h3>\n\t<a href=\"https:\/\/walkingranada.com\/pt\/que-fazer-em-granada\/rota-olfativa\/\" target=\"_self\"><\/a>\t\t\t<img decoding=\"async\" loading=\"lazy\" alt=\"imagen de una chica joven\" src=\"https:\/\/walkingranada.com\/wp-content\/uploads\/2022\/10\/Rectangle-38.png\"\/>\n\t\t<h3>Rota olfativa<\/h3>","protected":false},"excerpt":{"rendered":"<p>Rutas Lorquianas &gt; Lorca Ciudad Ruta privada Feder\u00edco Garc\u00eda Lorca Granada Centro Plaza Nueva Fuente principal de la plaza Dificultad baja Cascos urbanos Accesibilidad limitada Todos los d\u00edas Seg\u00fan disponibilidad 2,5 horas desde 11\u20ac\/pax CASTELLANO, Ingl\u00e9s Hacer una ruta lorquiana por Granada Centro significa recorrer los \u00faltimos meses de vida del poeta antes de su &#8230; <a title=\"Federico Garc\u00eda Lorca Route Villages\" class=\"read-more\" href=\"https:\/\/walkingranada.com\/pt\/visitas-guiadas\/rutas-lorquianas\/lorca-centro\/\" aria-label=\"Leia mais sobre Ruta Federico Garc\u00eda Lorca Granada centro\">Ler mais<\/a><\/p>","protected":false},"author":2,"featured_media":2742,"parent":426,"menu_order":0,"comment_status":"closed","ping_status":"closed","template":"","meta":{"footnotes":""},"class_list":["post-432","page","type-page","status-publish","has-post-thumbnail"],"yoast_head":"<!-- This site is optimized with the Yoast SEO plugin v27.5 - https:\/\/yoast.com\/product\/yoast-seo-wordpress\/ -->\n<title>Ruta Federico Garc\u00eda Lorca Granada centro - Walk in Granada<\/title>\n<meta name=\"description\" content=\"Descubre el legado de Federico Garc\u00eda Lorca a trav\u00e9s de los enclaves del centro de Granada que conservan el patrimonio del poeta.\" \/>\n<meta name=\"robots\" content=\"index, follow, max-snippet:-1, max-image-preview:large, max-video-preview:-1\" \/>\n<link rel=\"canonical\" href=\"https:\/\/walkingranada.com\/pt\/visitas-guiadas\/lorquian-tours\/lorca-city\/\" \/>\n<meta property=\"og:locale\" content=\"pt_PT\" \/>\n<meta property=\"og:type\" content=\"article\" \/>\n<meta property=\"og:title\" content=\"Ruta Federico Garc\u00eda Lorca Granada centro - Walk in Granada\" \/>\n<meta property=\"og:description\" content=\"Descubre el legado de Federico Garc\u00eda Lorca a trav\u00e9s de los enclaves del centro de Granada que conservan el patrimonio del poeta.\" \/>\n<meta property=\"og:url\" content=\"https:\/\/walkingranada.com\/pt\/visitas-guiadas\/lorquian-tours\/lorca-city\/\" \/>\n<meta property=\"og:site_name\" content=\"Walk in Granada\" \/>\n<meta property=\"article:publisher\" content=\"https:\/\/es-es.facebook.com\/walkingranadatour\/\" \/>\n<meta property=\"article:modified_time\" content=\"2025-08-06T06:57:03+00:00\" \/>\n<meta property=\"og:image\" content=\"https:\/\/walkingranada.com\/wp-content\/uploads\/2023\/01\/Lorca-centro-3.webp\" \/>\n\t<meta property=\"og:image:width\" content=\"305\" \/>\n\t<meta property=\"og:image:height\" content=\"305\" \/>\n\t<meta property=\"og:image:type\" content=\"image\/webp\" \/>\n<meta name=\"twitter:card\" content=\"summary_large_image\" \/>\n<meta name=\"twitter:site\" content=\"@walkingranada\" \/>\n<meta name=\"twitter:label1\" content=\"Tempo estimado de leitura\" \/>\n\t<meta name=\"twitter:data1\" content=\"6 minutos\" \/>\n<script type=\"application\/ld+json\" class=\"yoast-schema-graph\">{\"@context\":\"https:\\\/\\\/schema.org\",\"@graph\":[{\"@type\":\"WebPage\",\"@id\":\"https:\\\/\\\/walkingranada.com\\\/visitas-guiadas\\\/rutas-lorquianas\\\/lorca-centro\\\/\",\"url\":\"https:\\\/\\\/walkingranada.com\\\/visitas-guiadas\\\/rutas-lorquianas\\\/lorca-centro\\\/\",\"name\":\"Ruta Federico Garc\u00eda Lorca Granada centro - Walk in Granada\",\"isPartOf\":{\"@id\":\"https:\\\/\\\/walkingranada.com\\\/#website\"},\"primaryImageOfPage\":{\"@id\":\"https:\\\/\\\/walkingranada.com\\\/visitas-guiadas\\\/rutas-lorquianas\\\/lorca-centro\\\/#primaryimage\"},\"image\":{\"@id\":\"https:\\\/\\\/walkingranada.com\\\/visitas-guiadas\\\/rutas-lorquianas\\\/lorca-centro\\\/#primaryimage\"},\"thumbnailUrl\":\"https:\\\/\\\/walkingranada.com\\\/wp-content\\\/uploads\\\/2023\\\/01\\\/Lorca-centro-3.webp\",\"datePublished\":\"2022-10-27T08:59:12+00:00\",\"dateModified\":\"2025-08-06T06:57:03+00:00\",\"description\":\"Descubre el legado de Federico Garc\u00eda Lorca a trav\u00e9s de los enclaves del centro de Granada que conservan el patrimonio del poeta.\",\"breadcrumb\":{\"@id\":\"https:\\\/\\\/walkingranada.com\\\/visitas-guiadas\\\/rutas-lorquianas\\\/lorca-centro\\\/#breadcrumb\"},\"inLanguage\":\"pt-PT\",\"potentialAction\":[{\"@type\":\"ReadAction\",\"target\":[\"https:\\\/\\\/walkingranada.com\\\/visitas-guiadas\\\/rutas-lorquianas\\\/lorca-centro\\\/\"]}]},{\"@type\":\"ImageObject\",\"inLanguage\":\"pt-PT\",\"@id\":\"https:\\\/\\\/walkingranada.com\\\/visitas-guiadas\\\/rutas-lorquianas\\\/lorca-centro\\\/#primaryimage\",\"url\":\"https:\\\/\\\/walkingranada.com\\\/wp-content\\\/uploads\\\/2023\\\/01\\\/Lorca-centro-3.webp\",\"contentUrl\":\"https:\\\/\\\/walkingranada.com\\\/wp-content\\\/uploads\\\/2023\\\/01\\\/Lorca-centro-3.webp\",\"width\":305,\"height\":305,\"caption\":\"Lorca-centro-3\"},{\"@type\":\"BreadcrumbList\",\"@id\":\"https:\\\/\\\/walkingranada.com\\\/visitas-guiadas\\\/rutas-lorquianas\\\/lorca-centro\\\/#breadcrumb\",\"itemListElement\":[{\"@type\":\"ListItem\",\"position\":1,\"name\":\"Portada\",\"item\":\"https:\\\/\\\/walkingranada.com\\\/\"},{\"@type\":\"ListItem\",\"position\":2,\"name\":\"Visitas guiadas\",\"item\":\"https:\\\/\\\/walkingranada.com\\\/visitas-guiadas\\\/\"},{\"@type\":\"ListItem\",\"position\":3,\"name\":\"Rutas Lorquianas\",\"item\":\"https:\\\/\\\/walkingranada.com\\\/visitas-guiadas\\\/rutas-lorquianas\\\/\"},{\"@type\":\"ListItem\",\"position\":4,\"name\":\"Ruta Federico Garc\u00eda Lorca Granada centro\"}]},{\"@type\":\"WebSite\",\"@id\":\"https:\\\/\\\/walkingranada.com\\\/#website\",\"url\":\"https:\\\/\\\/walkingranada.com\\\/\",\"name\":\"Walk in Granada\",\"description\":\"Turismo responsable\",\"publisher\":{\"@id\":\"https:\\\/\\\/walkingranada.com\\\/#organization\"},\"alternateName\":\"Walk in Granada\",\"potentialAction\":[{\"@type\":\"SearchAction\",\"target\":{\"@type\":\"EntryPoint\",\"urlTemplate\":\"https:\\\/\\\/walkingranada.com\\\/?s={search_term_string}\"},\"query-input\":{\"@type\":\"PropertyValueSpecification\",\"valueRequired\":true,\"valueName\":\"search_term_string\"}}],\"inLanguage\":\"pt-PT\"},{\"@type\":\"Organization\",\"@id\":\"https:\\\/\\\/walkingranada.com\\\/#organization\",\"name\":\"Walk In Granada\",\"alternateName\":\"Walk In Granada\",\"url\":\"https:\\\/\\\/walkingranada.com\\\/\",\"logo\":{\"@type\":\"ImageObject\",\"inLanguage\":\"pt-PT\",\"@id\":\"https:\\\/\\\/walkingranada.com\\\/#\\\/schema\\\/logo\\\/image\\\/\",\"url\":\"https:\\\/\\\/walkingranada.com\\\/wp-content\\\/uploads\\\/2022\\\/12\\\/Logo-Walking.webp\",\"contentUrl\":\"https:\\\/\\\/walkingranada.com\\\/wp-content\\\/uploads\\\/2022\\\/12\\\/Logo-Walking.webp\",\"width\":512,\"height\":512,\"caption\":\"Walk In Granada\"},\"image\":{\"@id\":\"https:\\\/\\\/walkingranada.com\\\/#\\\/schema\\\/logo\\\/image\\\/\"},\"sameAs\":[\"https:\\\/\\\/es-es.facebook.com\\\/walkingranadatour\\\/\",\"https:\\\/\\\/x.com\\\/walkingranada\",\"https:\\\/\\\/www.instagram.com\\\/walkingranada\\\/\"]}]}<\/script>\n<!-- \/ Yoast SEO plugin. -->","yoast_head_json":{"title":"Rota Federico Garc\u00eda Lorca Centro de Granada - Caminhada em Granada","description":"Descubra o legado de Federico Garc\u00eda Lorca atrav\u00e9s dos lugares no centro de Granada que preservam o patrim\u00f4nio do poeta.","robots":{"index":"index","follow":"follow","max-snippet":"max-snippet:-1","max-image-preview":"max-image-preview:large","max-video-preview":"max-video-preview:-1"},"canonical":"https:\/\/walkingranada.com\/pt\/visitas-guiadas\/lorquian-tours\/lorca-city\/","og_locale":"pt_PT","og_type":"article","og_title":"Ruta Federico Garc\u00eda Lorca Granada centro - Walk in Granada","og_description":"Descubre el legado de Federico Garc\u00eda Lorca a trav\u00e9s de los enclaves del centro de Granada que conservan el patrimonio del poeta.","og_url":"https:\/\/walkingranada.com\/pt\/visitas-guiadas\/lorquian-tours\/lorca-city\/","og_site_name":"Walk in Granada","article_publisher":"https:\/\/es-es.facebook.com\/walkingranadatour\/","article_modified_time":"2025-08-06T06:57:03+00:00","og_image":[{"width":305,"height":305,"url":"https:\/\/walkingranada.com\/wp-content\/uploads\/2023\/01\/Lorca-centro-3.webp","type":"image\/webp"}],"twitter_card":"summary_large_image","twitter_site":"@walkingranada","twitter_misc":{"Tempo estimado de leitura":"6 minutos"},"schema":{"@context":"https:\/\/schema.org","@graph":[{"@type":"WebPage","@id":"https:\/\/walkingranada.com\/visitas-guiadas\/rutas-lorquianas\/lorca-centro\/","url":"https:\/\/walkingranada.com\/visitas-guiadas\/rutas-lorquianas\/lorca-centro\/","name":"Rota Federico Garc\u00eda Lorca Centro de Granada - Caminhada em Granada","isPartOf":{"@id":"https:\/\/walkingranada.com\/#website"},"primaryImageOfPage":{"@id":"https:\/\/walkingranada.com\/visitas-guiadas\/rutas-lorquianas\/lorca-centro\/#primaryimage"},"image":{"@id":"https:\/\/walkingranada.com\/visitas-guiadas\/rutas-lorquianas\/lorca-centro\/#primaryimage"},"thumbnailUrl":"https:\/\/walkingranada.com\/wp-content\/uploads\/2023\/01\/Lorca-centro-3.webp","datePublished":"2022-10-27T08:59:12+00:00","dateModified":"2025-08-06T06:57:03+00:00","description":"Descubra o legado de Federico Garc\u00eda Lorca atrav\u00e9s dos lugares no centro de Granada que preservam o patrim\u00f4nio do poeta.","breadcrumb":{"@id":"https:\/\/walkingranada.com\/visitas-guiadas\/rutas-lorquianas\/lorca-centro\/#breadcrumb"},"inLanguage":"pt-PT","potentialAction":[{"@type":"ReadAction","target":["https:\/\/walkingranada.com\/visitas-guiadas\/rutas-lorquianas\/lorca-centro\/"]}]},{"@type":"ImageObject","inLanguage":"pt-PT","@id":"https:\/\/walkingranada.com\/visitas-guiadas\/rutas-lorquianas\/lorca-centro\/#primaryimage","url":"https:\/\/walkingranada.com\/wp-content\/uploads\/2023\/01\/Lorca-centro-3.webp","contentUrl":"https:\/\/walkingranada.com\/wp-content\/uploads\/2023\/01\/Lorca-centro-3.webp","width":305,"height":305,"caption":"Lorca-centro-3"},{"@type":"BreadcrumbList","@id":"https:\/\/walkingranada.com\/visitas-guiadas\/rutas-lorquianas\/lorca-centro\/#breadcrumb","itemListElement":[{"@type":"ListItem","position":1,"name":"Portada","item":"https:\/\/walkingranada.com\/"},{"@type":"ListItem","position":2,"name":"Visitas guiadas","item":"https:\/\/walkingranada.com\/visitas-guiadas\/"},{"@type":"ListItem","position":3,"name":"Rutas Lorquianas","item":"https:\/\/walkingranada.com\/visitas-guiadas\/rutas-lorquianas\/"},{"@type":"ListItem","position":4,"name":"Ruta Federico Garc\u00eda Lorca Granada centro"}]},{"@type":"WebSite","@id":"https:\/\/walkingranada.com\/#website","url":"https:\/\/walkingranada.com\/","name":"Walk in Granada","description":"Turismo responsable","publisher":{"@id":"https:\/\/walkingranada.com\/#organization"},"alternateName":"Walk in Granada","potentialAction":[{"@type":"SearchAction","target":{"@type":"EntryPoint","urlTemplate":"https:\/\/walkingranada.com\/?s={search_term_string}"},"query-input":{"@type":"PropertyValueSpecification","valueRequired":true,"valueName":"search_term_string"}}],"inLanguage":"pt-PT"},{"@type":"Organization","@id":"https:\/\/walkingranada.com\/#organization","name":"Walk In Granada","alternateName":"Walk In Granada","url":"https:\/\/walkingranada.com\/","logo":{"@type":"ImageObject","inLanguage":"pt-PT","@id":"https:\/\/walkingranada.com\/#\/schema\/logo\/image\/","url":"https:\/\/walkingranada.com\/wp-content\/uploads\/2022\/12\/Logo-Walking.webp","contentUrl":"https:\/\/walkingranada.com\/wp-content\/uploads\/2022\/12\/Logo-Walking.webp","width":512,"height":512,"caption":"Walk In Granada"},"image":{"@id":"https:\/\/walkingranada.com\/#\/schema\/logo\/image\/"},"sameAs":["https:\/\/es-es.facebook.com\/walkingranadatour\/","https:\/\/x.com\/walkingranada","https:\/\/www.instagram.com\/walkingranada\/"]}]}},"_links":{"self":[{"href":"https:\/\/walkingranada.com\/pt\/wp-json\/wp\/v2\/pages\/432","targetHints":{"allow":["GET"]}}],"collection":[{"href":"https:\/\/walkingranada.com\/pt\/wp-json\/wp\/v2\/pages"}],"about":[{"href":"https:\/\/walkingranada.com\/pt\/wp-json\/wp\/v2\/types\/page"}],"author":[{"embeddable":true,"href":"https:\/\/walkingranada.com\/pt\/wp-json\/wp\/v2\/users\/2"}],"replies":[{"embeddable":true,"href":"https:\/\/walkingranada.com\/pt\/wp-json\/wp\/v2\/comments?post=432"}],"version-history":[{"count":5,"href":"https:\/\/walkingranada.com\/pt\/wp-json\/wp\/v2\/pages\/432\/revisions"}],"predecessor-version":[{"id":7061,"href":"https:\/\/walkingranada.com\/pt\/wp-json\/wp\/v2\/pages\/432\/revisions\/7061"}],"up":[{"embeddable":true,"href":"https:\/\/walkingranada.com\/pt\/wp-json\/wp\/v2\/pages\/426"}],"wp:featuredmedia":[{"embeddable":true,"href":"https:\/\/walkingranada.com\/pt\/wp-json\/wp\/v2\/media\/2742"}],"wp:attachment":[{"href":"https:\/\/walkingranada.com\/pt\/wp-json\/wp\/v2\/media?parent=432"}],"curies":[{"name":"wp","href":"https:\/\/api.w.org\/{rel}","templated":true}]}}