{"id":4307,"date":"2023-06-19T10:22:06","date_gmt":"2023-06-19T10:22:06","guid":{"rendered":"https:\/\/walkingranada.com\/?page_id=4307"},"modified":"2025-05-16T06:33:44","modified_gmt":"2025-05-16T06:33:44","slug":"catedral-capela-real-visita-privada","status":"publish","type":"page","link":"https:\/\/walkingranada.com\/pt\/visitas-guiadas\/catedral-capilla-real-privada\/","title":{"rendered":"Visita Privada Capela Real e Catedral"},"content":{"rendered":"<p>Visitas guiadas &gt; Capela Real e Catedral privada<\/p>\n<h1>\n\t\t\tVISITA PRIVADA \u00c0 CAPELA REAL E \u00c0 CATEDRAL\t<\/h1>\n        <a href=\"#encuentro\">\n            <img decoding=\"async\" loading=\"lazy\" src=\"https:\/\/walkingranada.com\/wp-content\/uploads\/2022\/10\/fi-rr-marker.png\" alt=\"Plaza nueva\"\/>\n            <p>Plaza nueva <img decoding=\"async\" loading=\"lazy\" src=\"https:\/\/walkingranada.com\/wp-content\/uploads\/2022\/10\/\ud83e\udd86-icon-_Info-Circle_.png\" alt=\"informaci\u00f3n\"\/><\/p>\n        <\/a>\n        <img decoding=\"async\" loading=\"lazy\" src=\"https:\/\/walkingranada.com\/wp-content\/uploads\/2022\/12\/fuente-icon.png\" alt=\"Fonte principal da pra\u00e7a\"\/>\n        <p>Fonte principal da pra\u00e7a<\/p>\n        <img decoding=\"async\" loading=\"lazy\" src=\"https:\/\/walkingranada.com\/wp-content\/uploads\/2022\/10\/fi-rr-chat-arrow-grow.png\" alt=\"Baixa dificuldade\"\/>\n        <p>Baixa dificuldade<\/p>\n        <img decoding=\"async\" loading=\"lazy\" src=\"https:\/\/walkingranada.com\/wp-content\/uploads\/2022\/10\/fi-rr-map.png\" alt=\"Bairro hist\u00f3rico\"\/>\n        <p>Centro da cidade e monumentos<\/p>\n        <img decoding=\"async\" loading=\"lazy\" src=\"https:\/\/walkingranada.com\/wp-content\/uploads\/2022\/12\/accesibilidad_.png\" alt=\"Acessibilidade limitada\"\/>\n        <p>Acessibilidade limitada<\/p>\n        <img decoding=\"async\" loading=\"lazy\" src=\"https:\/\/walkingranada.com\/wp-content\/uploads\/2022\/10\/fi-rr-calendar.png\" alt=\"TODOS LOS DIAS\"\/>\n        <p>De segunda a s\u00e1bado<\/p>\n        <img decoding=\"async\" loading=\"lazy\" src=\"https:\/\/walkingranada.com\/wp-content\/uploads\/2022\/10\/fi-rr-clock.png\" alt=\"horario Seg\u00fan disponibilidad\"\/>\n        <p>Escolhe o teu hor\u00e1rio preferido<\/p>\n        <img decoding=\"async\" loading=\"lazy\" src=\"https:\/\/walkingranada.com\/wp-content\/uploads\/2022\/10\/fi-rr-alarm-clock.png\" alt=\"2,5 HORAS\"\/>\n        <p>2 horas<\/p>\n        <img decoding=\"async\" loading=\"lazy\" src=\"https:\/\/walkingranada.com\/wp-content\/uploads\/2022\/10\/fi-rr-receipt.png\" alt=\"TU PONES EL PRECIO\"\/>\n        <p>A partir de 24 euros<\/p>\n        <img decoding=\"async\" loading=\"lazy\" src=\"https:\/\/walkingranada.com\/wp-content\/uploads\/2022\/10\/fi-rr-comments.png\" alt=\"Espanhol\"\/>\n        <p>Espanhol \/ Ingl\u00eas \/ Outras l\u00ednguas a pedido<\/p>\n<h2>\n\t\t\tDescubra os dois edif\u00edcios emblem\u00e1ticos dos Reis Cat\u00f3licos\t<\/h2>\n\tA <strong>Catedral de Granada<\/strong> y la <strong>Capilla Real<\/strong> son los dos edificios m\u00e1s importantes de la cristianizaci\u00f3n de la ciudad tras la conquista de Granada por los Reyes Cat\u00f3licos.<br \/>\nEn esta visita descubriremos una de las <strong>grandes joyas del Renacimiento de Granada<\/strong>: la <strong>Catedral<\/strong>, en donde observaremos una sucesi\u00f3n cronol\u00f3gica de estilos art\u00edsticos, desde el G\u00f3tico al Barroco; adem\u00e1s, podr\u00e1s conocer la <strong>Capilla Real<\/strong>, lugar de enterramiento de los <strong>Reis Cat\u00f3licos<\/strong> y otros miembros de su familia, y que cuenta con un museo con la colecci\u00f3n privada de <strong>Isabel y Fernando<\/strong>, dotada de piezas de pintura y escultura de autores peninsulares y extranjeros del arte G\u00f3tico y Renacentista, la corona y el cetro de Isabel o la espada de Fernando.\n<h2>\n\t\t\tPonto de encontro\t<\/h2>\n\t\t\t\t<img decoding=\"async\" src=\"https:\/\/walkingranada.com\/wp-content\/uploads\/2023\/01\/fuente-plaza-nueva.webp\" alt=\"fuente-plaza-nueva\" itemprop=\"image\" height=\"398\" width=\"711\" title=\"fuente-plaza-nueva\" onerror=\"this.style.display='none'\" loading='lazy' \/>\n<h3 class=\"translation-block\"><span class=\"fl-heading-text\">Fonte principal em frente \u00e0 farm\u00e1cia na <span class=\"red\">Plaza Nueva<\/span><\/span><\/h3>\n\t<p>Precisa de indica\u00e7\u00f5es para l\u00e1 chegar?<\/p>\n\t\t\t<a href=\"#reserva\" target=\"_self\">\n\t\t\t\t\t\t\tReservar &gt;\n\t\t\t\t\t<\/a>\n\t\t\t<a href=\"https:\/\/walkingranada.com\/pt\/como-chegar-a-plaza-nueva\/\" target=\"_self\">\n\t\t\t\t\t\t\tComo chegar l\u00e1? &gt;\n\t\t\t\t\t<\/a>\n<h2>\n\t\t\tRecomenda\u00e7\u00f5es\t<\/h2>\n\t<ol>\n<li class=\"translation-block\">Chegue <strong>20 minutos antes<\/strong> do hor\u00e1rio de in\u00edcio da visita.<\/li>\n<li class=\"translation-block\">Use <strong>cal\u00e7ado confort\u00e1vel<\/strong>. A visita tem dura\u00e7\u00e3o de 2 horas.<\/li>\n<li class=\"translation-block\">No ver\u00e3o, lembre-se de usar <strong>protetor solar<\/strong> e traga uma <strong>garrafa de \u00e1gua<\/strong>.<\/li>\n<\/ol>\n<h2>\n\t\t\tO que inclui e o que n\u00e3o inclui a visita?\t<\/h2>\n\t<h3><strong>Inclui<\/strong><\/h3>\n<ul>\n<li>Entrada ao interior da Catedral e Capela Real<\/li>\n<li>Guia oficial<\/li>\n<li>Equipamento de som para grupos de mais de 6 pessoas<\/li>\n<\/ul>\n<h3><strong>N\u00e3o inclui<\/strong><\/h3>\n<ul>\n<li>Acesso a outros monumentos<\/li>\n<li>Transportes<\/li>\n<li>Gorjetas<\/li>\n<\/ul>\n<h2>\n\t\t\tItiner\u00e1rio\t<\/h2>\n\t<ul>\n<li>Plaza Nueva<\/li>\n<li>Alcaicer\u00eda<\/li>\n<li>Catedral<\/li>\n<li>Capilla Real<\/li>\n<\/ul>\n\t<p>Nesta visita privada, descobrir\u00e1 a figura dos Reis Cat\u00f3licos, Isabel e Fernando, e visitar\u00e1 o local onde repousam os seus restos mortais. O outro monumento que visitaremos \u00e9 a Catedral, uma obra-prima da arte purista da Pen\u00ednsula e a parte crist\u00e3 da cidade. Compreender\u00e1 porque \u00e9 que Isabel e Fernando desempenharam um papel importante na cristianiza\u00e7\u00e3o da cidade e na transforma\u00e7\u00e3o de Granada em direc\u00e7\u00e3o \u00e0 modernidade.<\/p>\n<p><strong>Verifique a disponibilidade do nosso calend\u00e1rio, n\u00e3o o perca!<\/strong><\/p>\n<h2>\n\t\t\tTambi\u00e9n puedes reservar nuestras otras visitas guiadas&#8230;\t<\/h2>\n\t<section>\n            <img decoding=\"async\" loading=\"lazy\" src=\"https:\/\/walkingranada.com\/wp-content\/uploads\/2023\/01\/Jardines-card-walkin.webp\" width=\"100%\" alt=\"Visita privada da Alhambra\"\/>\n                <h3>Visita privada da Alhambra<\/h3>\n                <hr \/>\n                <p>Se voc\u00ea quiser visitar a Alhambra com um guia dedicado e exclusivo a voc\u00ea e sua fam\u00edlia<\/p>\n                <hr \/>\n                    <p> Todos os dias<\/p>\n                    <p> Depende do s\u00edtio<\/p>\n                    <p> 3h<\/p>\n                    De\n                    <p>40\u20ac<\/p>\/pax\n            <a href=\"https:\/\/walkingranada.com\/pt\/alhambra\/visita-privada\/\">Reservar &gt;<\/a>\n            <img decoding=\"async\" loading=\"lazy\" src=\"https:\/\/walkingranada.com\/wp-content\/uploads\/2023\/01\/Alhambra-card-walkin.webp\" width=\"100%\" alt=\"Visita con entrada a la alhambra y generalife\"\/>\n                <h3>Visita em grupo \u00e0 Alhambra e Generalife<\/h3>\n                <hr \/>\n                <p>Entre na cidade palatina da Alhambra e nos seus impressionantes jardins.<\/p>\n                <hr \/>\n                    <p> Todos os dias<\/p>\n                    <p> Depende do s\u00edtio<\/p>\n                    <p> 3h<\/p>\n                    De\n                    <p>49\u20ac<\/p>\/pax\n            <a href=\"https:\/\/walkingranada.com\/pt\/alhambra\/visita-guiada-com-entrada-alhambra\/\">Reservar &gt;<\/a>\n        <img decoding=\"async\" loading=\"lazy\" src=\"https:\/\/walkingranada.com\/wp-content\/uploads\/2023\/01\/visita-albaicin-card.webp\" width=\"100%\" alt=\"Visita guiada al albaic\u00edn\"\/>\n            <h3>Orientado tour ao <br \/>Albaic\u00edn e Sacromonte<\/h3>\n            <hr \/>\n            <p>Descubra os bairros mais emblem\u00e1ticos de Granada: o bairro mu\u00e7ulmano e o bairro cigano.<\/p>\n            <hr \/>\n                <p> Todos os dias<\/p>\n                <p> Pergunte-nos<\/p>\n                <p> 2,5h<\/p>\n                    De\n                    <p>8\u20ac<\/p>\/pax\n        <a href=\"https:\/\/walkingranada.com\/pt\/visitas-guiadas\/albaicin-e-sacromonte\/\">Reservar &gt;<\/a>\n        <img decoding=\"async\" loading=\"lazy\" src=\"https:\/\/walkingranada.com\/wp-content\/uploads\/2023\/05\/water-fountain-in-the-cathedral-church-in-granada-2023-05-11-05-38-54-utc-e1687169359923.jpg.webp\" width=\"100%\" alt=\"Visita guiada al sacromonte\"\/>\n            <h3>Visita em grupo Capela Real e Catedral<\/h3>\n            <hr \/>\n            <p>Descubra os dois edif\u00edcios mais importantes do Renascimento granadino.<\/p>\n            <hr \/>\n                <p> Todos os dias<\/p>\n                <p> Pergunte-nos<\/p>\n                <p> 2,5h<\/p>\n                    De\n                    <p>8\u20ac<\/p>\/pax\n        <a href=\"https:\/\/walkingranada.com\/pt\/visitas-guiadas\/catedral-capela-real-grupo\/\">Reservar &gt;<\/a>\n<\/section>\n<h2>\n\t\t\tTambi\u00e9n puedes reservar nuestros otros servicios&#8230;\t<\/h2>\n\t<a href=\"https:\/\/walkingranada.com\/pt\/que-fazer-em-granada\/flamenco\/\" target=\"_self\"><\/a>\t\t\t<img decoding=\"async\" loading=\"lazy\" alt=\"bailaora flamenca\" src=\"https:\/\/walkingranada.com\/wp-content\/uploads\/2022\/10\/Rectangle-42.png\"\/>\n\t\t<h3>Flamenco<\/h3>\n\t<a href=\"https:\/\/walkingranada.com\/pt\/que-fazer-em-granada\/hammam-al-andalus\/\" target=\"_self\"><\/a>\t\t\t<img decoding=\"async\" loading=\"lazy\" alt=\"ba\u00f1os \u00e1rabes\" src=\"https:\/\/walkingranada.com\/wp-content\/uploads\/2022\/10\/Rectangle-43.png\"\/>\n\t\t<h3>Hammam <br \/>Al-\u00e1ndalus<\/h3>\n\t<a href=\"https:\/\/walkingranada.com\/pt\/que-fazer-em-granada\/excursoes\/\" target=\"_self\"><\/a>\t\t\t<img decoding=\"async\" loading=\"lazy\" alt=\"mezquita de c\u00f3rdoba\" src=\"https:\/\/walkingranada.com\/wp-content\/uploads\/2022\/10\/Rectangle-45.png\"\/>\n\t\t<h3>excurs\u00f5es <br \/>de un dia<\/h3>\n\t<a href=\"https:\/\/walkingranada.com\/pt\/que-fazer-em-granada\/rota-olfativa\/\" target=\"_self\"><\/a>\t\t\t<img decoding=\"async\" loading=\"lazy\" alt=\"imagen de una chica joven\" src=\"https:\/\/walkingranada.com\/wp-content\/uploads\/2022\/10\/Rectangle-38.png\"\/>\n\t\t<h3>Rota olfativa<\/h3>","protected":false},"excerpt":{"rendered":"<p>Visitas guiadas &gt;\u00a0 CAPILLA REAL Y CATEDRAL privada VISITA privada CAPILLA REAL Y CATEDRAL Plaza nueva Fuente principal de la plaza Dificultad baja Casco urbano y Monumentos Accesibilidad limitada De lunes a s\u00e1bado Selecciona tu horario preferido 2 horas Desde 24\u20ac CASTELLANO \/ INGL\u00c9S \/ otros idiomas bajo petici\u00f3n Descubre los dos edificios emblem\u00e1ticos de &#8230; <a title=\"Visita Privada Capela Real e Catedral\" class=\"read-more\" href=\"https:\/\/walkingranada.com\/pt\/visitas-guiadas\/catedral-capilla-real-privada\/\" aria-label=\"Leia mais sobre Visita Privada Capilla Real y Catedral\">Ler mais<\/a><\/p>","protected":false},"author":2,"featured_media":2542,"parent":94,"menu_order":0,"comment_status":"closed","ping_status":"closed","template":"","meta":{"footnotes":""},"class_list":["post-4307","page","type-page","status-publish","has-post-thumbnail"],"yoast_head":"<!-- This site is optimized with the Yoast SEO plugin v27.5 - https:\/\/yoast.com\/product\/yoast-seo-wordpress\/ -->\n<title>Visita Privada Capilla Real y Catedral - Walk in Granada<\/title>\n<meta name=\"description\" content=\"En esta visita privada a la Capilla Real y a la Catedral descubrir\u00e1s dos s\u00edmbolos de la ciudad tras la conquista de los Reyes Cat\u00f3licos.\" \/>\n<meta name=\"robots\" content=\"index, follow, max-snippet:-1, max-image-preview:large, max-video-preview:-1\" \/>\n<link rel=\"canonical\" href=\"https:\/\/walkingranada.com\/pt\/visitas-guiadas\/catedral-capela-real-visita-privada\/\" \/>\n<meta property=\"og:locale\" content=\"pt_PT\" \/>\n<meta property=\"og:type\" content=\"article\" \/>\n<meta property=\"og:title\" content=\"Visita Privada Capilla Real y Catedral - Walk in Granada\" \/>\n<meta property=\"og:description\" content=\"En esta visita privada a la Capilla Real y a la Catedral descubrir\u00e1s dos s\u00edmbolos de la ciudad tras la conquista de los Reyes Cat\u00f3licos.\" \/>\n<meta property=\"og:url\" content=\"https:\/\/walkingranada.com\/pt\/visitas-guiadas\/catedral-capela-real-visita-privada\/\" \/>\n<meta property=\"og:site_name\" content=\"Walk in Granada\" \/>\n<meta property=\"article:publisher\" content=\"https:\/\/es-es.facebook.com\/walkingranadatour\/\" \/>\n<meta property=\"article:modified_time\" content=\"2025-05-16T06:33:44+00:00\" \/>\n<meta property=\"og:image\" content=\"https:\/\/walkingranada.com\/wp-content\/uploads\/2023\/01\/Capilla-Real.webp\" \/>\n\t<meta property=\"og:image:width\" content=\"305\" \/>\n\t<meta property=\"og:image:height\" content=\"305\" \/>\n\t<meta property=\"og:image:type\" content=\"image\/webp\" \/>\n<meta name=\"twitter:card\" content=\"summary_large_image\" \/>\n<meta name=\"twitter:site\" content=\"@walkingranada\" \/>\n<meta name=\"twitter:label1\" content=\"Tempo estimado de leitura\" \/>\n\t<meta name=\"twitter:data1\" content=\"8 minutos\" \/>\n<script type=\"application\/ld+json\" class=\"yoast-schema-graph\">{\"@context\":\"https:\\\/\\\/schema.org\",\"@graph\":[{\"@type\":\"WebPage\",\"@id\":\"https:\\\/\\\/walkingranada.com\\\/visitas-guiadas\\\/catedral-capilla-real-privada\\\/\",\"url\":\"https:\\\/\\\/walkingranada.com\\\/visitas-guiadas\\\/catedral-capilla-real-privada\\\/\",\"name\":\"Visita Privada Capilla Real y Catedral - Walk in Granada\",\"isPartOf\":{\"@id\":\"https:\\\/\\\/walkingranada.com\\\/#website\"},\"primaryImageOfPage\":{\"@id\":\"https:\\\/\\\/walkingranada.com\\\/visitas-guiadas\\\/catedral-capilla-real-privada\\\/#primaryimage\"},\"image\":{\"@id\":\"https:\\\/\\\/walkingranada.com\\\/visitas-guiadas\\\/catedral-capilla-real-privada\\\/#primaryimage\"},\"thumbnailUrl\":\"https:\\\/\\\/walkingranada.com\\\/wp-content\\\/uploads\\\/2023\\\/01\\\/Capilla-Real.webp\",\"datePublished\":\"2023-06-19T10:22:06+00:00\",\"dateModified\":\"2025-05-16T06:33:44+00:00\",\"description\":\"En esta visita privada a la Capilla Real y a la Catedral descubrir\u00e1s dos s\u00edmbolos de la ciudad tras la conquista de los Reyes Cat\u00f3licos.\",\"breadcrumb\":{\"@id\":\"https:\\\/\\\/walkingranada.com\\\/visitas-guiadas\\\/catedral-capilla-real-privada\\\/#breadcrumb\"},\"inLanguage\":\"pt-PT\",\"potentialAction\":[{\"@type\":\"ReadAction\",\"target\":[\"https:\\\/\\\/walkingranada.com\\\/visitas-guiadas\\\/catedral-capilla-real-privada\\\/\"]}]},{\"@type\":\"ImageObject\",\"inLanguage\":\"pt-PT\",\"@id\":\"https:\\\/\\\/walkingranada.com\\\/visitas-guiadas\\\/catedral-capilla-real-privada\\\/#primaryimage\",\"url\":\"https:\\\/\\\/walkingranada.com\\\/wp-content\\\/uploads\\\/2023\\\/01\\\/Capilla-Real.webp\",\"contentUrl\":\"https:\\\/\\\/walkingranada.com\\\/wp-content\\\/uploads\\\/2023\\\/01\\\/Capilla-Real.webp\",\"width\":305,\"height\":305,\"caption\":\"Capilla Real\"},{\"@type\":\"BreadcrumbList\",\"@id\":\"https:\\\/\\\/walkingranada.com\\\/visitas-guiadas\\\/catedral-capilla-real-privada\\\/#breadcrumb\",\"itemListElement\":[{\"@type\":\"ListItem\",\"position\":1,\"name\":\"Portada\",\"item\":\"https:\\\/\\\/walkingranada.com\\\/\"},{\"@type\":\"ListItem\",\"position\":2,\"name\":\"Visitas guiadas\",\"item\":\"https:\\\/\\\/walkingranada.com\\\/visitas-guiadas\\\/\"},{\"@type\":\"ListItem\",\"position\":3,\"name\":\"Visita Privada Capilla Real y Catedral\"}]},{\"@type\":\"WebSite\",\"@id\":\"https:\\\/\\\/walkingranada.com\\\/#website\",\"url\":\"https:\\\/\\\/walkingranada.com\\\/\",\"name\":\"Walk in Granada\",\"description\":\"Turismo responsable\",\"publisher\":{\"@id\":\"https:\\\/\\\/walkingranada.com\\\/#organization\"},\"alternateName\":\"Walk in Granada\",\"potentialAction\":[{\"@type\":\"SearchAction\",\"target\":{\"@type\":\"EntryPoint\",\"urlTemplate\":\"https:\\\/\\\/walkingranada.com\\\/?s={search_term_string}\"},\"query-input\":{\"@type\":\"PropertyValueSpecification\",\"valueRequired\":true,\"valueName\":\"search_term_string\"}}],\"inLanguage\":\"pt-PT\"},{\"@type\":\"Organization\",\"@id\":\"https:\\\/\\\/walkingranada.com\\\/#organization\",\"name\":\"Walk In Granada\",\"alternateName\":\"Walk In Granada\",\"url\":\"https:\\\/\\\/walkingranada.com\\\/\",\"logo\":{\"@type\":\"ImageObject\",\"inLanguage\":\"pt-PT\",\"@id\":\"https:\\\/\\\/walkingranada.com\\\/#\\\/schema\\\/logo\\\/image\\\/\",\"url\":\"https:\\\/\\\/walkingranada.com\\\/wp-content\\\/uploads\\\/2022\\\/12\\\/Logo-Walking.webp\",\"contentUrl\":\"https:\\\/\\\/walkingranada.com\\\/wp-content\\\/uploads\\\/2022\\\/12\\\/Logo-Walking.webp\",\"width\":512,\"height\":512,\"caption\":\"Walk In Granada\"},\"image\":{\"@id\":\"https:\\\/\\\/walkingranada.com\\\/#\\\/schema\\\/logo\\\/image\\\/\"},\"sameAs\":[\"https:\\\/\\\/es-es.facebook.com\\\/walkingranadatour\\\/\",\"https:\\\/\\\/x.com\\\/walkingranada\",\"https:\\\/\\\/www.instagram.com\\\/walkingranada\\\/\"]}]}<\/script>\n<!-- \/ Yoast SEO plugin. -->","yoast_head_json":{"title":"Visita privada \u00e0 Capela Real e Catedral - Walk in Granada","description":"Nesta visita privada \u00e0 Capela Real e \u00e0 Catedral, voc\u00ea descobrir\u00e1 dois s\u00edmbolos da cidade ap\u00f3s a conquista dos Reis Cat\u00f3licos.","robots":{"index":"index","follow":"follow","max-snippet":"max-snippet:-1","max-image-preview":"max-image-preview:large","max-video-preview":"max-video-preview:-1"},"canonical":"https:\/\/walkingranada.com\/pt\/visitas-guiadas\/catedral-capela-real-visita-privada\/","og_locale":"pt_PT","og_type":"article","og_title":"Visita Privada Capilla Real y Catedral - Walk in Granada","og_description":"En esta visita privada a la Capilla Real y a la Catedral descubrir\u00e1s dos s\u00edmbolos de la ciudad tras la conquista de los Reyes Cat\u00f3licos.","og_url":"https:\/\/walkingranada.com\/pt\/visitas-guiadas\/catedral-capela-real-visita-privada\/","og_site_name":"Walk in Granada","article_publisher":"https:\/\/es-es.facebook.com\/walkingranadatour\/","article_modified_time":"2025-05-16T06:33:44+00:00","og_image":[{"width":305,"height":305,"url":"https:\/\/walkingranada.com\/wp-content\/uploads\/2023\/01\/Capilla-Real.webp","type":"image\/webp"}],"twitter_card":"summary_large_image","twitter_site":"@walkingranada","twitter_misc":{"Tempo estimado de leitura":"8 minutos"},"schema":{"@context":"https:\/\/schema.org","@graph":[{"@type":"WebPage","@id":"https:\/\/walkingranada.com\/visitas-guiadas\/catedral-capilla-real-privada\/","url":"https:\/\/walkingranada.com\/visitas-guiadas\/catedral-capilla-real-privada\/","name":"Visita privada \u00e0 Capela Real e Catedral - Walk in Granada","isPartOf":{"@id":"https:\/\/walkingranada.com\/#website"},"primaryImageOfPage":{"@id":"https:\/\/walkingranada.com\/visitas-guiadas\/catedral-capilla-real-privada\/#primaryimage"},"image":{"@id":"https:\/\/walkingranada.com\/visitas-guiadas\/catedral-capilla-real-privada\/#primaryimage"},"thumbnailUrl":"https:\/\/walkingranada.com\/wp-content\/uploads\/2023\/01\/Capilla-Real.webp","datePublished":"2023-06-19T10:22:06+00:00","dateModified":"2025-05-16T06:33:44+00:00","description":"Nesta visita privada \u00e0 Capela Real e \u00e0 Catedral, voc\u00ea descobrir\u00e1 dois s\u00edmbolos da cidade ap\u00f3s a conquista dos Reis Cat\u00f3licos.","breadcrumb":{"@id":"https:\/\/walkingranada.com\/visitas-guiadas\/catedral-capilla-real-privada\/#breadcrumb"},"inLanguage":"pt-PT","potentialAction":[{"@type":"ReadAction","target":["https:\/\/walkingranada.com\/visitas-guiadas\/catedral-capilla-real-privada\/"]}]},{"@type":"ImageObject","inLanguage":"pt-PT","@id":"https:\/\/walkingranada.com\/visitas-guiadas\/catedral-capilla-real-privada\/#primaryimage","url":"https:\/\/walkingranada.com\/wp-content\/uploads\/2023\/01\/Capilla-Real.webp","contentUrl":"https:\/\/walkingranada.com\/wp-content\/uploads\/2023\/01\/Capilla-Real.webp","width":305,"height":305,"caption":"Capilla Real"},{"@type":"BreadcrumbList","@id":"https:\/\/walkingranada.com\/visitas-guiadas\/catedral-capilla-real-privada\/#breadcrumb","itemListElement":[{"@type":"ListItem","position":1,"name":"Portada","item":"https:\/\/walkingranada.com\/"},{"@type":"ListItem","position":2,"name":"Visitas guiadas","item":"https:\/\/walkingranada.com\/visitas-guiadas\/"},{"@type":"ListItem","position":3,"name":"Visita Privada Capilla Real y Catedral"}]},{"@type":"WebSite","@id":"https:\/\/walkingranada.com\/#website","url":"https:\/\/walkingranada.com\/","name":"Walk in Granada","description":"Turismo responsable","publisher":{"@id":"https:\/\/walkingranada.com\/#organization"},"alternateName":"Walk in Granada","potentialAction":[{"@type":"SearchAction","target":{"@type":"EntryPoint","urlTemplate":"https:\/\/walkingranada.com\/?s={search_term_string}"},"query-input":{"@type":"PropertyValueSpecification","valueRequired":true,"valueName":"search_term_string"}}],"inLanguage":"pt-PT"},{"@type":"Organization","@id":"https:\/\/walkingranada.com\/#organization","name":"Walk In Granada","alternateName":"Walk In Granada","url":"https:\/\/walkingranada.com\/","logo":{"@type":"ImageObject","inLanguage":"pt-PT","@id":"https:\/\/walkingranada.com\/#\/schema\/logo\/image\/","url":"https:\/\/walkingranada.com\/wp-content\/uploads\/2022\/12\/Logo-Walking.webp","contentUrl":"https:\/\/walkingranada.com\/wp-content\/uploads\/2022\/12\/Logo-Walking.webp","width":512,"height":512,"caption":"Walk In Granada"},"image":{"@id":"https:\/\/walkingranada.com\/#\/schema\/logo\/image\/"},"sameAs":["https:\/\/es-es.facebook.com\/walkingranadatour\/","https:\/\/x.com\/walkingranada","https:\/\/www.instagram.com\/walkingranada\/"]}]}},"_links":{"self":[{"href":"https:\/\/walkingranada.com\/pt\/wp-json\/wp\/v2\/pages\/4307","targetHints":{"allow":["GET"]}}],"collection":[{"href":"https:\/\/walkingranada.com\/pt\/wp-json\/wp\/v2\/pages"}],"about":[{"href":"https:\/\/walkingranada.com\/pt\/wp-json\/wp\/v2\/types\/page"}],"author":[{"embeddable":true,"href":"https:\/\/walkingranada.com\/pt\/wp-json\/wp\/v2\/users\/2"}],"replies":[{"embeddable":true,"href":"https:\/\/walkingranada.com\/pt\/wp-json\/wp\/v2\/comments?post=4307"}],"version-history":[{"count":3,"href":"https:\/\/walkingranada.com\/pt\/wp-json\/wp\/v2\/pages\/4307\/revisions"}],"predecessor-version":[{"id":6944,"href":"https:\/\/walkingranada.com\/pt\/wp-json\/wp\/v2\/pages\/4307\/revisions\/6944"}],"up":[{"embeddable":true,"href":"https:\/\/walkingranada.com\/pt\/wp-json\/wp\/v2\/pages\/94"}],"wp:featuredmedia":[{"embeddable":true,"href":"https:\/\/walkingranada.com\/pt\/wp-json\/wp\/v2\/media\/2542"}],"wp:attachment":[{"href":"https:\/\/walkingranada.com\/pt\/wp-json\/wp\/v2\/media?parent=4307"}],"curies":[{"name":"wp","href":"https:\/\/api.w.org\/{rel}","templated":true}]}}