{"id":430,"date":"2022-10-27T08:58:31","date_gmt":"2022-10-27T08:58:31","guid":{"rendered":"https:\/\/factum-omibu.es\/walkin\/?page_id=430"},"modified":"2026-04-28T10:22:15","modified_gmt":"2026-04-28T10:22:15","slug":"centro-historico-albaicin-adaptada","status":"publish","type":"page","link":"https:\/\/walkingranada.com\/pt\/visitas-guiadas\/turismo-accesible\/granada-centro-albaicin-adaptada\/","title":{"rendered":"Granada Centro y Albaic\u00edn"},"content":{"rendered":"<p>TURISMO ACESS\u00cdVEL &gt; Centro hist\u00f3rico e Albaic\u00edn<\/p>\n\t<!-- FareHarbor calendar of item #724895 -->\n<h1>\n\t\t\tRota adaptada atrav\u00e9s do centro hist\u00f3rico e albaic\u00edn\t<\/h1>\n        <a href=\"#encuentro\">\n            <img decoding=\"async\" loading=\"lazy\" src=\"https:\/\/walkingranada.com\/wp-content\/uploads\/2022\/10\/fi-rr-marker.png\" alt=\"Plaza nueva\"\/>\n            <p>Plaza nueva <img decoding=\"async\" loading=\"lazy\" src=\"https:\/\/walkingranada.com\/wp-content\/uploads\/2022\/10\/\ud83e\udd86-icon-_Info-Circle_.png\" alt=\"informaci\u00f3n\"\/><\/p>\n        <\/a>\n        <img decoding=\"async\" loading=\"lazy\" src=\"https:\/\/walkingranada.com\/wp-content\/uploads\/2022\/12\/fuente-icon.png\" alt=\"Fonte principal da pra\u00e7a\"\/>\n        <p>Fonte principal da pra\u00e7a<\/p>\n        <img decoding=\"async\" loading=\"lazy\" src=\"https:\/\/walkingranada.com\/wp-content\/uploads\/2022\/10\/fi-rr-chat-arrow-grow.png\" alt=\"Dificultade m\u00e9dia\"\/>\n        <p>Dificultade m\u00e9dia<\/p>\n        <img decoding=\"async\" loading=\"lazy\" src=\"https:\/\/walkingranada.com\/wp-content\/uploads\/2022\/10\/fi-rr-map.png\" alt=\"Cidade urbana\"\/>\n        <p>Centro hist\u00f3rico<\/p>\n        <img decoding=\"async\" loading=\"lazy\" src=\"https:\/\/walkingranada.com\/wp-content\/uploads\/2022\/12\/accesibilidad_.png\" alt=\"Acessibilidade limitada\"\/>\n        <p>Acess\u00edvel<\/p>\n        <img decoding=\"async\" loading=\"lazy\" src=\"https:\/\/walkingranada.com\/wp-content\/uploads\/2022\/10\/fi-rr-calendar.png\" alt=\"Todos os dias\"\/>\n        <p>Todos os dias<\/p>\n        <img decoding=\"async\" loading=\"lazy\" src=\"https:\/\/walkingranada.com\/wp-content\/uploads\/2022\/10\/fi-rr-clock.png\" alt=\"11:00 AM\"\/>\n        <p>De acordo com a disponibilidade<\/p>\n        <img decoding=\"async\" loading=\"lazy\" src=\"https:\/\/walkingranada.com\/wp-content\/uploads\/2022\/10\/fi-rr-alarm-clock.png\" alt=\"3 horas\"\/>\n        <p>3 horas<\/p>\n        <img decoding=\"async\" loading=\"lazy\" src=\"https:\/\/walkingranada.com\/wp-content\/uploads\/2022\/10\/fi-rr-receipt.png\" alt=\"Desde 27\u20ac\"\/>\n        <p>A partir de 27\u20ac\/pax<\/p>\n        <img decoding=\"async\" loading=\"lazy\" src=\"https:\/\/walkingranada.com\/wp-content\/uploads\/2022\/10\/fi-rr-comments.png\" alt=\"Espanhol\"\/>\n        <p>Espanhol \/ Ingl\u00eas \/ Franc\u00eas<\/p>\n<h2>\n\t\t\tMergulhe na hist\u00f3ria de Granada\t<\/h2>\n\t<p>Esta rota ir\u00e1 descobrir edif\u00edcios emblem\u00e1ticos da cidade de Granada, s\u00edmbolo e signo dos monarcas cat\u00f3licos como a Capela Real ou a Catedral.<\/p>\n<p>Anedotas, lendas, hist\u00f3ria e arte na ponta dos seus dedos.<\/p>\n<p>Uma experi\u00eancia que o aproximar\u00e1 do mu\u00e7ulmano medieval e mais tarde da Granada crist\u00e3, misturando e coexistindo ambas as culturas em determinados momentos.<\/p>\n<p>Aprender\u00e1 sobre as origens da cidade de Zirid e como os monarcas cat\u00f3licos a adaptaram aos seus gostos e necessidades, respeitando as tradi\u00e7\u00f5es e herdando abordagens art\u00edsticas.<\/p>\n<h2>\n\t\t\tPonto de encontro\t<\/h2>\n<figure itemscope itemtype=\"https:\/\/schema.org\/ImageObject\">\n\t\t\t\t<img decoding=\"async\" src=\"https:\/\/walkingranada.com\/wp-content\/uploads\/2023\/01\/fuente-plaza-nueva.webp\" alt=\"Fuente en Plaza Nueva\" height=\"398\" width=\"711\" onerror=\"this.style.display='none'\" loading=\"lazy\" \/>\n\t<\/figure>\n<h3 class=\"translation-block\"><span class=\"fl-heading-text\">Fonte principal em frente \u00e0 farm\u00e1cia na <span class=\"red\">Plaza Nueva<\/span><\/span><\/h3>\n\t<p>Precisa de indica\u00e7\u00f5es para l\u00e1 chegar?<\/p>\n\t\t\t<a href=\"#reserva\"  target=\"_self\">\n\t\t\t\t\t\t\tReservar &gt;\n\t\t\t\t\t<\/a>\n\t\t\t<a href=\"https:\/\/walkingranada.com\/pt\/como-chegar-a-plaza-nueva\/\"  target=\"_self\">\n\t\t\t\t\t\t\tComo chegar l\u00e1? &gt;\n\t\t\t\t\t<\/a>\n<h2>\n\t\t\tRecomenda\u00e7\u00f5es\t<\/h2>\n\t<ol>\n<li class=\"translation-block\">Chegue <strong>20 minutos antes<\/strong> do hor\u00e1rio de in\u00edcio da visita.<\/li>\n<li>Usar\u00a0<strong>sapatos confort\u00e1veis<\/strong>A visita tem a dura\u00e7\u00e3o de 3 horas.<\/li>\n<li>No Ver\u00e3o, lembre-se de usar\u00a0<strong>creme solar e traga uma garrafa de \u00e1gua<\/strong>.<\/li>\n<\/ol>\n<h2>\n\t\t\tItiner\u00e1rio\t<\/h2>\n\t<ul>\n<li>Catedral<\/li>\n<li>Beco para a Pra\u00e7a de Bib-Rambla<\/li>\n<li>Alcaicer\u00eda<\/li>\n<li>Capela Real e Madraza (Exterior)<\/li>\n<li>Zacat\u00edn<\/li>\n<li>Corral del Carb\u00f3n<\/li>\n<li>Pra\u00e7a Isabel la Cat\u00f3lica<\/li>\n<li>Rua Reyes Cat\u00f3licos<\/li>\n<li>Plaza Nueva<\/li>\n<li>Ponto de vista de San Nicol\u00e1s<\/li>\n<li>Pra\u00e7a Cementerio de San Nicol\u00e1s<\/li>\n<\/ul>\n\t<p>Deixe-se imergir nas origens de Granada e descubra as duas dinastias que a tornaram um lugar espl\u00eandido e \u00fanico no mundo.<\/p>\n<p>Verifique a disponibilidade do nosso calend\u00e1rio, n\u00e3o o perca!<\/p>\n<p>Se tiver alguma d\u00favida antes de contratar a visita privada ou se o dia que deseja visitar n\u00e3o estiver dispon\u00edvel, pode contactar-nos em qualquer altura atrav\u00e9s de <a href=\"mailto:info@walkingranada.com\">info@walkingranada.com<\/a>.<\/p>\n<p>Se desejar uma visita mais espec\u00edfica, incluindo bilhetes para um monumento do seu interesse ou noutra l\u00edngua, pode fazer o pedido atrav\u00e9s da nossa <a href=\"https:\/\/walkingranada.com\/pt\/visitas-personalizadas\/\"><strong>visitas personalizadas<\/strong><\/a>.<\/p>\n<h2>\n\t\t\tTambi\u00e9n puedes reservar nuestras otras visitas guiadas&#8230;\t<\/h2>\n<h2>\n\t\t\tTambi\u00e9n puedes reservar nuestros otros servicios&#8230;\t<\/h2>\n\t<a href=\"https:\/\/walkingranada.com\/pt\/que-fazer-em-granada\/flamenco\/\" target=\"_self\"><\/a>\t\t\t<img decoding=\"async\" loading=\"lazy\" alt=\"bailaora flamenca\" src=\"https:\/\/walkingranada.com\/wp-content\/uploads\/2022\/10\/Rectangle-42.png\"\/>\n\t\t<h3>Flamenco<\/h3>\n\t<a href=\"https:\/\/walkingranada.com\/pt\/que-fazer-em-granada\/hammam-al-andalus\/\" target=\"_self\"><\/a>\t\t\t<img decoding=\"async\" loading=\"lazy\" alt=\"ba\u00f1os \u00e1rabes\" src=\"https:\/\/walkingranada.com\/wp-content\/uploads\/2022\/10\/Rectangle-43.png\"\/>\n\t\t<h3>Hammam <br \/>Al-\u00e1ndalus<\/h3>\n\t<a href=\"https:\/\/walkingranada.com\/pt\/que-fazer-em-granada\/excursoes\/\" target=\"_self\"><\/a>\t\t\t<img decoding=\"async\" loading=\"lazy\" alt=\"mezquita de c\u00f3rdoba\" src=\"https:\/\/walkingranada.com\/wp-content\/uploads\/2022\/10\/Rectangle-45.png\"\/>\n\t\t<h3>excurs\u00f5es <br \/>de un dia<\/h3>\n\t<a href=\"https:\/\/walkingranada.com\/pt\/que-fazer-em-granada\/rota-olfativa\/\" target=\"_self\"><\/a>\t\t\t<img decoding=\"async\" loading=\"lazy\" alt=\"imagen de una chica joven\" src=\"https:\/\/walkingranada.com\/wp-content\/uploads\/2022\/10\/Rectangle-38.png\"\/>\n\t\t<h3>Rota olfativa<\/h3>","protected":false},"excerpt":{"rendered":"<p>Turismo Accesible &gt; Centro hist\u00f3rico y Albaic\u00edn Visita guiada privada adaptada centro hist\u00f3rico y Albaic\u00edn Plaza nueva Fuente principal de la plaza Dificultad media Casco hist\u00f3rico Accesible Todos los d\u00edas Seg\u00fan disponibilidad 3 HORAS Desde 27\u20ac\/pax CASTELLANO, INGL\u00c9S, FRANC\u00c9S Sum\u00e9rgete en la historia de Granada Esta ruta nos descubrir\u00e1, emblem\u00e1ticos edificios de la ciudad de &#8230; <a title=\"Granada Centro y Albaic\u00edn\" class=\"read-more\" href=\"https:\/\/walkingranada.com\/pt\/visitas-guiadas\/turismo-accesible\/granada-centro-albaicin-adaptada\/\" aria-label=\"Leia mais sobre Granada Centro y Albaic\u00edn\">Ler mais<\/a><\/p>","protected":false},"author":2,"featured_media":2505,"parent":424,"menu_order":0,"comment_status":"closed","ping_status":"closed","template":"","meta":{"footnotes":""},"class_list":["post-430","page","type-page","status-publish","has-post-thumbnail"],"yoast_head":"<!-- This site is optimized with the Yoast SEO plugin v27.5 - https:\/\/yoast.com\/product\/yoast-seo-wordpress\/ -->\n<title>Turismo Accesible | Visita adaptada Centro y Albaic\u00edn - Walk in Granada<\/title>\n<meta name=\"description\" content=\"Visita adaptada para personas con movilidad reducida: Granada centro y bajo Albaic\u00edn. \u00a1Descubre la esencia de Granada!\" \/>\n<meta name=\"robots\" content=\"index, follow, max-snippet:-1, max-image-preview:large, max-video-preview:-1\" \/>\n<link rel=\"canonical\" href=\"https:\/\/walkingranada.com\/pt\/visitas-guiadas\/turismo-acessivel\/centro-historico-albaicin-adaptada\/\" \/>\n<meta property=\"og:locale\" content=\"pt_PT\" \/>\n<meta property=\"og:type\" content=\"article\" \/>\n<meta property=\"og:title\" content=\"Turismo Accesible | Visita adaptada Centro y Albaic\u00edn - Walk in Granada\" \/>\n<meta property=\"og:description\" content=\"Visita adaptada para personas con movilidad reducida: Granada centro y bajo Albaic\u00edn. \u00a1Descubre la esencia de Granada!\" \/>\n<meta property=\"og:url\" content=\"https:\/\/walkingranada.com\/pt\/visitas-guiadas\/turismo-acessivel\/centro-historico-albaicin-adaptada\/\" \/>\n<meta property=\"og:site_name\" content=\"Walk in Granada\" \/>\n<meta property=\"article:publisher\" content=\"https:\/\/es-es.facebook.com\/walkingranadatour\/\" \/>\n<meta property=\"article:modified_time\" content=\"2026-04-28T10:22:15+00:00\" \/>\n<meta property=\"og:image\" content=\"https:\/\/walkingranada.com\/wp-content\/uploads\/2023\/01\/visita-accesible-granada-centro.webp\" \/>\n\t<meta property=\"og:image:width\" content=\"452\" \/>\n\t<meta property=\"og:image:height\" content=\"282\" \/>\n\t<meta property=\"og:image:type\" content=\"image\/webp\" \/>\n<meta name=\"twitter:card\" content=\"summary_large_image\" \/>\n<meta name=\"twitter:site\" content=\"@walkingranada\" \/>\n<meta name=\"twitter:label1\" content=\"Tempo estimado de leitura\" \/>\n\t<meta name=\"twitter:data1\" content=\"5 minutos\" \/>\n<script type=\"application\/ld+json\" class=\"yoast-schema-graph\">{\"@context\":\"https:\\\/\\\/schema.org\",\"@graph\":[{\"@type\":\"WebPage\",\"@id\":\"https:\\\/\\\/walkingranada.com\\\/visitas-guiadas\\\/turismo-accesible\\\/granada-centro-albaicin-adaptada\\\/\",\"url\":\"https:\\\/\\\/walkingranada.com\\\/visitas-guiadas\\\/turismo-accesible\\\/granada-centro-albaicin-adaptada\\\/\",\"name\":\"Turismo Accesible | Visita adaptada Centro y Albaic\u00edn - Walk in Granada\",\"isPartOf\":{\"@id\":\"https:\\\/\\\/walkingranada.com\\\/#website\"},\"primaryImageOfPage\":{\"@id\":\"https:\\\/\\\/walkingranada.com\\\/visitas-guiadas\\\/turismo-accesible\\\/granada-centro-albaicin-adaptada\\\/#primaryimage\"},\"image\":{\"@id\":\"https:\\\/\\\/walkingranada.com\\\/visitas-guiadas\\\/turismo-accesible\\\/granada-centro-albaicin-adaptada\\\/#primaryimage\"},\"thumbnailUrl\":\"https:\\\/\\\/walkingranada.com\\\/wp-content\\\/uploads\\\/2023\\\/01\\\/visita-accesible-granada-centro.webp\",\"datePublished\":\"2022-10-27T08:58:31+00:00\",\"dateModified\":\"2026-04-28T10:22:15+00:00\",\"description\":\"Visita adaptada para personas con movilidad reducida: Granada centro y bajo Albaic\u00edn. \u00a1Descubre la esencia de Granada!\",\"breadcrumb\":{\"@id\":\"https:\\\/\\\/walkingranada.com\\\/visitas-guiadas\\\/turismo-accesible\\\/granada-centro-albaicin-adaptada\\\/#breadcrumb\"},\"inLanguage\":\"pt-PT\",\"potentialAction\":[{\"@type\":\"ReadAction\",\"target\":[\"https:\\\/\\\/walkingranada.com\\\/visitas-guiadas\\\/turismo-accesible\\\/granada-centro-albaicin-adaptada\\\/\"]}]},{\"@type\":\"ImageObject\",\"inLanguage\":\"pt-PT\",\"@id\":\"https:\\\/\\\/walkingranada.com\\\/visitas-guiadas\\\/turismo-accesible\\\/granada-centro-albaicin-adaptada\\\/#primaryimage\",\"url\":\"https:\\\/\\\/walkingranada.com\\\/wp-content\\\/uploads\\\/2023\\\/01\\\/visita-accesible-granada-centro.webp\",\"contentUrl\":\"https:\\\/\\\/walkingranada.com\\\/wp-content\\\/uploads\\\/2023\\\/01\\\/visita-accesible-granada-centro.webp\",\"width\":452,\"height\":282,\"caption\":\"visita-accesible-granada-centro\"},{\"@type\":\"BreadcrumbList\",\"@id\":\"https:\\\/\\\/walkingranada.com\\\/visitas-guiadas\\\/turismo-accesible\\\/granada-centro-albaicin-adaptada\\\/#breadcrumb\",\"itemListElement\":[{\"@type\":\"ListItem\",\"position\":1,\"name\":\"Portada\",\"item\":\"https:\\\/\\\/walkingranada.com\\\/\"},{\"@type\":\"ListItem\",\"position\":2,\"name\":\"Visitas guiadas\",\"item\":\"https:\\\/\\\/walkingranada.com\\\/visitas-guiadas\\\/\"},{\"@type\":\"ListItem\",\"position\":3,\"name\":\"Turismo accesible\",\"item\":\"https:\\\/\\\/walkingranada.com\\\/visitas-guiadas\\\/turismo-accesible\\\/\"},{\"@type\":\"ListItem\",\"position\":4,\"name\":\"Granada Centro y Albaic\u00edn\"}]},{\"@type\":\"WebSite\",\"@id\":\"https:\\\/\\\/walkingranada.com\\\/#website\",\"url\":\"https:\\\/\\\/walkingranada.com\\\/\",\"name\":\"Walk in Granada\",\"description\":\"Turismo responsable\",\"publisher\":{\"@id\":\"https:\\\/\\\/walkingranada.com\\\/#organization\"},\"alternateName\":\"Walk in Granada\",\"potentialAction\":[{\"@type\":\"SearchAction\",\"target\":{\"@type\":\"EntryPoint\",\"urlTemplate\":\"https:\\\/\\\/walkingranada.com\\\/?s={search_term_string}\"},\"query-input\":{\"@type\":\"PropertyValueSpecification\",\"valueRequired\":true,\"valueName\":\"search_term_string\"}}],\"inLanguage\":\"pt-PT\"},{\"@type\":\"Organization\",\"@id\":\"https:\\\/\\\/walkingranada.com\\\/#organization\",\"name\":\"Walk In Granada\",\"alternateName\":\"Walk In Granada\",\"url\":\"https:\\\/\\\/walkingranada.com\\\/\",\"logo\":{\"@type\":\"ImageObject\",\"inLanguage\":\"pt-PT\",\"@id\":\"https:\\\/\\\/walkingranada.com\\\/#\\\/schema\\\/logo\\\/image\\\/\",\"url\":\"https:\\\/\\\/walkingranada.com\\\/wp-content\\\/uploads\\\/2022\\\/12\\\/Logo-Walking.webp\",\"contentUrl\":\"https:\\\/\\\/walkingranada.com\\\/wp-content\\\/uploads\\\/2022\\\/12\\\/Logo-Walking.webp\",\"width\":512,\"height\":512,\"caption\":\"Walk In Granada\"},\"image\":{\"@id\":\"https:\\\/\\\/walkingranada.com\\\/#\\\/schema\\\/logo\\\/image\\\/\"},\"sameAs\":[\"https:\\\/\\\/es-es.facebook.com\\\/walkingranadatour\\\/\",\"https:\\\/\\\/x.com\\\/walkingranada\",\"https:\\\/\\\/www.instagram.com\\\/walkingranada\\\/\"]}]}<\/script>\n<!-- \/ Yoast SEO plugin. -->","yoast_head_json":{"title":"Turismo Acess\u00edvel | Visita adaptada ao Centro e Albaic\u00edn - Walk in Granada","description":"Visita adaptada para pessoas com mobilidade reduzida: centro de Granada e baixo Albaic\u00edn. Descubra a ess\u00eancia de Granada!","robots":{"index":"index","follow":"follow","max-snippet":"max-snippet:-1","max-image-preview":"max-image-preview:large","max-video-preview":"max-video-preview:-1"},"canonical":"https:\/\/walkingranada.com\/pt\/visitas-guiadas\/turismo-acessivel\/centro-historico-albaicin-adaptada\/","og_locale":"pt_PT","og_type":"article","og_title":"Turismo Accesible | Visita adaptada Centro y Albaic\u00edn - Walk in Granada","og_description":"Visita adaptada para personas con movilidad reducida: Granada centro y bajo Albaic\u00edn. \u00a1Descubre la esencia de Granada!","og_url":"https:\/\/walkingranada.com\/pt\/visitas-guiadas\/turismo-acessivel\/centro-historico-albaicin-adaptada\/","og_site_name":"Walk in Granada","article_publisher":"https:\/\/es-es.facebook.com\/walkingranadatour\/","article_modified_time":"2026-04-28T10:22:15+00:00","og_image":[{"width":452,"height":282,"url":"https:\/\/walkingranada.com\/wp-content\/uploads\/2023\/01\/visita-accesible-granada-centro.webp","type":"image\/webp"}],"twitter_card":"summary_large_image","twitter_site":"@walkingranada","twitter_misc":{"Tempo estimado de leitura":"5 minutos"},"schema":{"@context":"https:\/\/schema.org","@graph":[{"@type":"WebPage","@id":"https:\/\/walkingranada.com\/visitas-guiadas\/turismo-accesible\/granada-centro-albaicin-adaptada\/","url":"https:\/\/walkingranada.com\/visitas-guiadas\/turismo-accesible\/granada-centro-albaicin-adaptada\/","name":"Turismo Acess\u00edvel | Visita adaptada ao Centro e Albaic\u00edn - Walk in Granada","isPartOf":{"@id":"https:\/\/walkingranada.com\/#website"},"primaryImageOfPage":{"@id":"https:\/\/walkingranada.com\/visitas-guiadas\/turismo-accesible\/granada-centro-albaicin-adaptada\/#primaryimage"},"image":{"@id":"https:\/\/walkingranada.com\/visitas-guiadas\/turismo-accesible\/granada-centro-albaicin-adaptada\/#primaryimage"},"thumbnailUrl":"https:\/\/walkingranada.com\/wp-content\/uploads\/2023\/01\/visita-accesible-granada-centro.webp","datePublished":"2022-10-27T08:58:31+00:00","dateModified":"2026-04-28T10:22:15+00:00","description":"Visita adaptada para pessoas com mobilidade reduzida: centro de Granada e baixo Albaic\u00edn. Descubra a ess\u00eancia de Granada!","breadcrumb":{"@id":"https:\/\/walkingranada.com\/visitas-guiadas\/turismo-accesible\/granada-centro-albaicin-adaptada\/#breadcrumb"},"inLanguage":"pt-PT","potentialAction":[{"@type":"ReadAction","target":["https:\/\/walkingranada.com\/visitas-guiadas\/turismo-accesible\/granada-centro-albaicin-adaptada\/"]}]},{"@type":"ImageObject","inLanguage":"pt-PT","@id":"https:\/\/walkingranada.com\/visitas-guiadas\/turismo-accesible\/granada-centro-albaicin-adaptada\/#primaryimage","url":"https:\/\/walkingranada.com\/wp-content\/uploads\/2023\/01\/visita-accesible-granada-centro.webp","contentUrl":"https:\/\/walkingranada.com\/wp-content\/uploads\/2023\/01\/visita-accesible-granada-centro.webp","width":452,"height":282,"caption":"visita-accesible-granada-centro"},{"@type":"BreadcrumbList","@id":"https:\/\/walkingranada.com\/visitas-guiadas\/turismo-accesible\/granada-centro-albaicin-adaptada\/#breadcrumb","itemListElement":[{"@type":"ListItem","position":1,"name":"Portada","item":"https:\/\/walkingranada.com\/"},{"@type":"ListItem","position":2,"name":"Visitas guiadas","item":"https:\/\/walkingranada.com\/visitas-guiadas\/"},{"@type":"ListItem","position":3,"name":"Turismo accesible","item":"https:\/\/walkingranada.com\/visitas-guiadas\/turismo-accesible\/"},{"@type":"ListItem","position":4,"name":"Granada Centro y Albaic\u00edn"}]},{"@type":"WebSite","@id":"https:\/\/walkingranada.com\/#website","url":"https:\/\/walkingranada.com\/","name":"Walk in Granada","description":"Turismo responsable","publisher":{"@id":"https:\/\/walkingranada.com\/#organization"},"alternateName":"Walk in Granada","potentialAction":[{"@type":"SearchAction","target":{"@type":"EntryPoint","urlTemplate":"https:\/\/walkingranada.com\/?s={search_term_string}"},"query-input":{"@type":"PropertyValueSpecification","valueRequired":true,"valueName":"search_term_string"}}],"inLanguage":"pt-PT"},{"@type":"Organization","@id":"https:\/\/walkingranada.com\/#organization","name":"Walk In Granada","alternateName":"Walk In Granada","url":"https:\/\/walkingranada.com\/","logo":{"@type":"ImageObject","inLanguage":"pt-PT","@id":"https:\/\/walkingranada.com\/#\/schema\/logo\/image\/","url":"https:\/\/walkingranada.com\/wp-content\/uploads\/2022\/12\/Logo-Walking.webp","contentUrl":"https:\/\/walkingranada.com\/wp-content\/uploads\/2022\/12\/Logo-Walking.webp","width":512,"height":512,"caption":"Walk In Granada"},"image":{"@id":"https:\/\/walkingranada.com\/#\/schema\/logo\/image\/"},"sameAs":["https:\/\/es-es.facebook.com\/walkingranadatour\/","https:\/\/x.com\/walkingranada","https:\/\/www.instagram.com\/walkingranada\/"]}]}},"_links":{"self":[{"href":"https:\/\/walkingranada.com\/pt\/wp-json\/wp\/v2\/pages\/430","targetHints":{"allow":["GET"]}}],"collection":[{"href":"https:\/\/walkingranada.com\/pt\/wp-json\/wp\/v2\/pages"}],"about":[{"href":"https:\/\/walkingranada.com\/pt\/wp-json\/wp\/v2\/types\/page"}],"author":[{"embeddable":true,"href":"https:\/\/walkingranada.com\/pt\/wp-json\/wp\/v2\/users\/2"}],"replies":[{"embeddable":true,"href":"https:\/\/walkingranada.com\/pt\/wp-json\/wp\/v2\/comments?post=430"}],"version-history":[{"count":4,"href":"https:\/\/walkingranada.com\/pt\/wp-json\/wp\/v2\/pages\/430\/revisions"}],"predecessor-version":[{"id":7398,"href":"https:\/\/walkingranada.com\/pt\/wp-json\/wp\/v2\/pages\/430\/revisions\/7398"}],"up":[{"embeddable":true,"href":"https:\/\/walkingranada.com\/pt\/wp-json\/wp\/v2\/pages\/424"}],"wp:featuredmedia":[{"embeddable":true,"href":"https:\/\/walkingranada.com\/pt\/wp-json\/wp\/v2\/media\/2505"}],"wp:attachment":[{"href":"https:\/\/walkingranada.com\/pt\/wp-json\/wp\/v2\/media?parent=430"}],"curies":[{"name":"wp","href":"https:\/\/api.w.org\/{rel}","templated":true}]}}