{"id":428,"date":"2022-10-27T08:58:14","date_gmt":"2022-10-27T08:58:14","guid":{"rendered":"https:\/\/factum-omibu.es\/walkin\/?page_id=428"},"modified":"2026-04-28T06:51:01","modified_gmt":"2026-04-28T06:51:01","slug":"visitar-a-alhambra","status":"publish","type":"page","link":"https:\/\/walkingranada.com\/pt\/visitas-guiadas\/turismo-accesible\/visita-alhambra\/","title":{"rendered":"Alhambra acess\u00edvel"},"content":{"rendered":"<p>TURISMO ACESS\u00cdVEL &gt; Alhambra acess\u00edvel<\/p>\r\n<!-- FareHarbor calendar of item #712680 -->\r\n<h1>VISITA ACESS\u00cdVEL ALHAMBRA<\/h1>\r\n<p><a href=\"#encuentro\"> <img decoding=\"async\" loading=\"lazy\" src=\"https:\/\/walkingranada.com\/wp-content\/uploads\/2022\/10\/fi-rr-marker.png\" alt=\"Bilheteiras de Alhambra\" \/><\/a><\/p>\r\n<p>Bilheteiras de Alhambra <img decoding=\"async\" loading=\"lazy\" src=\"https:\/\/walkingranada.com\/wp-content\/uploads\/2022\/10\/\ud83e\udd86-icon-_Info-Circle_.png\" alt=\"informaci\u00f3n\" \/><\/p>\r\n<p><img decoding=\"async\" loading=\"lazy\" src=\"https:\/\/walkingranada.com\/wp-content\/uploads\/2022\/12\/encuentro_icon.png\" alt=\"Ponto de encontro da Ag\u00eancia\" \/><\/p>\r\n<p>Ponto de encontro da Ag\u00eancia<\/p>\r\n<p><img decoding=\"async\" loading=\"lazy\" src=\"https:\/\/walkingranada.com\/wp-content\/uploads\/2022\/10\/fi-rr-chat-arrow-grow.png\" alt=\"Baixa dificuldade\" \/><\/p>\r\n<p>Baixa dificuldade<\/p>\r\n<p><img decoding=\"async\" loading=\"lazy\" src=\"https:\/\/walkingranada.com\/wp-content\/uploads\/2022\/10\/fi-rr-map.png\" alt=\"Complexo monumental\" \/><\/p>\r\n<p>Complexo monumental<\/p>\r\n<p><img decoding=\"async\" loading=\"lazy\" src=\"https:\/\/walkingranada.com\/wp-content\/uploads\/2022\/12\/accesibilidad_.png\" alt=\"Acess\u00edvel\" \/><\/p>\r\n<p>Acess\u00edvel<\/p>\r\n<p><img decoding=\"async\" loading=\"lazy\" src=\"https:\/\/walkingranada.com\/wp-content\/uploads\/2022\/10\/fi-rr-calendar.png\" alt=\"TODOS LOS DIAS\" \/><\/p>\r\n<p>Todos os dias<\/p>\r\n<p><img decoding=\"async\" loading=\"lazy\" src=\"https:\/\/walkingranada.com\/wp-content\/uploads\/2022\/10\/fi-rr-clock.png\" alt=\"11:00 AM\" \/><\/p>\r\n<p>De acordo com a disponibilidade<\/p>\r\n<p><img decoding=\"async\" loading=\"lazy\" src=\"https:\/\/walkingranada.com\/wp-content\/uploads\/2022\/10\/fi-rr-alarm-clock.png\" alt=\"3 horas\" \/><\/p>\r\n<p>3 horas<\/p>\r\n<p><img decoding=\"async\" loading=\"lazy\" src=\"https:\/\/walkingranada.com\/wp-content\/uploads\/2022\/10\/fi-rr-receipt.png\" alt=\"TU PONES EL PRECIO\" \/><\/p>\r\n<p>A partir de 48\u20ac\/pax<\/p>\r\n<p><img decoding=\"async\" loading=\"lazy\" src=\"https:\/\/walkingranada.com\/wp-content\/uploads\/2022\/10\/fi-rr-comments.png\" alt=\"Espanhol\" \/><\/p>\r\n<p>Espanhol \/ Ingl\u00eas \/ Franc\u00eas<\/p>\r\n<h2>Descubra o \u00edcone da cidade de Granada<\/h2>\r\n<p>Conoce con uno de nuestros gu\u00edas oficiales la imponente fortaleza nazar\u00ed de La Alhambra, considerada Patrimonio Mundial de la Humanidad por parte de la UNESCO. Aprender\u00e1s sobre su historia, arte, cultura, sociedad, an\u00e9cdotas y leyendas.<\/p>\r\n<p>Revive el pasado musulm\u00e1n de la ciudad palatina durante 3 horas, disfrutando de las construcciones nazar\u00edes y descubre como los cristianos adaptaron la ciudad a sus necesidades y gustos, siendo a la vez respetuosos con la tradici\u00f3n.<\/p>\r\n<p>Une visite o\u00f9 le pass\u00e9 et le pr\u00e9sent s'entrem\u00ealent, ce qui en fait une exp\u00e9rience inoubliable.<\/p>\r\n<h2>Ponto de encontro<\/h2>\r\n<figure><img decoding=\"async\" loading=\"lazy\" title=\"punto encuentro Alhambra min\" src=\"https:\/\/walkingranada.com\/wp-content\/uploads\/2022\/12\/punto-encuentro-Alhambra-min.jpg.webp\" alt=\"punto encuentro Alhambra\" width=\"711\" height=\"398\" \/><\/figure>\r\n<h3>Explanada de tierra ubicada a 20 metros de la taquilla de la Alhambra (Pabell\u00f3n de Acceso a la Alhambra y Generalife)<\/h3>\r\n<p>Precisa de indica\u00e7\u00f5es para l\u00e1 chegar?<\/p>\r\n<p><a href=\"#reserva\" target=\"_self\"> Reservar &gt; <\/a> <a href=\"https:\/\/walkingranada.com\/pt\/como-chegar-a-alhambra\/\" target=\"_self\"> \u00bfC\u00f3mo llegar? &gt; <\/a><\/p>\r\n<h2>Recomenda\u00e7\u00f5es<\/h2>\r\n<ol>\r\n<li>\u00a0\u00c9 <b>MANDAT\u00d3RIO<\/b> apresentar <b>Cart\u00e3o de identidade ou passaporte original e v\u00e1lido<\/b> para entrar no monumento.<\/li>\r\n<li>No se permite la entrada con mochilas o bolsas que supere la medida de 40&#215;40 cm.<\/li>\r\n<li class=\"translation-block\">Chegue <strong>20 minutos antes<\/strong> do hor\u00e1rio de in\u00edcio da visita.<\/li>\r\n<li>Usar\u00a0<strong>sapatos confort\u00e1veis<\/strong>A visita tem a dura\u00e7\u00e3o de 3 horas.<\/li>\r\n<li>No Ver\u00e3o, lembre-se de usar\u00a0<strong>creme solar e traga uma garrafa de \u00e1gua<\/strong>.<\/li>\r\n<\/ol>\r\n<h2>Itiner\u00e1rio<\/h2>\r\n<ul>\r\n<li>Charles V<\/li>\r\n<li>Puerta del Vino<\/li>\r\n<li>Pra\u00e7a de Los Aljibes<\/li>\r\n<li>Banhos da Mesquita<\/li>\r\n<li>Parador Nacional<\/li>\r\n<li>Convento Franciscano<\/li>\r\n<li>El Secano<\/li>\r\n<li>Acequia Real<\/li>\r\n<li>Generalife<\/li>\r\n<li>Pal\u00e1cios Nasrid<\/li>\r\n<\/ul>\r\n<p>Visita completa a todas as partes acess\u00edveis deste monumento. Estes incluem (note-se que em algumas \u00e1reas apenas parte do monumento pode ser visitado): Pal\u00e1cio de Carlos V, Puerta del Vino, Plaza de los Aljibes, Calle Real, Banhos da Mesquita, Pal\u00e1cios Nasrid (Patio de Arrayanes, Torre\/ Sala de Comares, Patio de los Leones, Sala de los Reyes), El Secano, Acequia Real, Auditorio Generalife (lado norte), Jardines Bajos\/Paseo de las Adelfas, Patio de la Acequia. O Convento do Parador de Turismo\/Franciscano e os Museus do Pal\u00e1cio de Carlos V tamb\u00e9m podem ser visitados, embora normalmente n\u00e3o estejam inclu\u00eddos numa visita padr\u00e3o.<\/p>\r\n<p>Tamb\u00e9m \u00e9 poss\u00edvel fazer um passeio pelo exterior que pode incluir a floresta e parte da Carmen de los M\u00e1rtires.<\/p>\r\n<h2>Tambi\u00e9n puedes reservar nuestras otras visitas guiadas&#8230;<\/h2>\r\n<h2>Tambi\u00e9n puedes reservar nuestros otros servicios&#8230;<\/h2>\r\n<p><img decoding=\"async\" loading=\"lazy\" src=\"https:\/\/walkingranada.com\/wp-content\/uploads\/2022\/10\/Rectangle-42.png\" alt=\"bailaora flamenca\" \/><\/p>\r\n<h3>Flamenco<\/h3>\r\n<p><img decoding=\"async\" loading=\"lazy\" src=\"https:\/\/walkingranada.com\/wp-content\/uploads\/2022\/10\/Rectangle-43.png\" alt=\"ba\u00f1os \u00e1rabes\" \/><\/p>\r\n<h3>Hammam <br \/>Al-\u00e1ndalus<\/h3>\r\n<p><img decoding=\"async\" loading=\"lazy\" src=\"https:\/\/walkingranada.com\/wp-content\/uploads\/2022\/10\/Rectangle-45.png\" alt=\"mezquita de c\u00f3rdoba\" \/><\/p>\r\n<h3>excurs\u00f5es <br \/>de un dia<\/h3>\r\n<p><img decoding=\"async\" loading=\"lazy\" src=\"https:\/\/walkingranada.com\/wp-content\/uploads\/2022\/10\/Rectangle-38.png\" alt=\"imagen de una chica joven\" \/><\/p>\r\n<h3>Rota olfativa<\/h3>","protected":false},"excerpt":{"rendered":"<p>Turismo acccesible &gt; Alhambra accesible Visita guiada privada adaptada a la Alhambra Taquillas Alhambra Punto de encuentro de agencias Dificultad baja Complejo monumental Accesible Todos los d\u00edas Seg\u00fan disponibilidad 3 HORAS Desde 48\u20ac\/pax CASTELLANO, INGL\u00c9S, FRANC\u00c9S Descubre el icono de la ciudad de Granada Conoce con uno de nuestros gu\u00edas oficiales la imponente fortaleza nazar\u00ed &#8230; <a title=\"Alhambra acess\u00edvel\" class=\"read-more\" href=\"https:\/\/walkingranada.com\/pt\/visitas-guiadas\/turismo-accesible\/visita-alhambra\/\" aria-label=\"Leia mais sobre Alhambra accesible\">Ler mais<\/a><\/p>","protected":false},"author":2,"featured_media":2509,"parent":424,"menu_order":0,"comment_status":"closed","ping_status":"closed","template":"","meta":{"footnotes":""},"class_list":["post-428","page","type-page","status-publish","has-post-thumbnail"],"yoast_head":"<!-- This site is optimized with the Yoast SEO plugin v27.5 - https:\/\/yoast.com\/product\/yoast-seo-wordpress\/ -->\n<title>Turismo accesible | Visita adaptada Alhambra - Walk in Granada<\/title>\n<meta name=\"description\" content=\"Visita a la Alhambra para personas con movilidad reducida. Un tour pensado para poder disfrutar al m\u00e1ximo de la ciudad palatina.\" \/>\n<meta name=\"robots\" content=\"index, follow, max-snippet:-1, max-image-preview:large, max-video-preview:-1\" \/>\n<link rel=\"canonical\" href=\"https:\/\/walkingranada.com\/pt\/visitas-guiadas\/turismo-acessivel\/visitar-a-alhambra\/\" \/>\n<meta property=\"og:locale\" content=\"pt_PT\" \/>\n<meta property=\"og:type\" content=\"article\" \/>\n<meta property=\"og:title\" content=\"Turismo accesible | Visita adaptada Alhambra - Walk in Granada\" \/>\n<meta property=\"og:description\" content=\"Visita a la Alhambra para personas con movilidad reducida. Un tour pensado para poder disfrutar al m\u00e1ximo de la ciudad palatina.\" \/>\n<meta property=\"og:url\" content=\"https:\/\/walkingranada.com\/pt\/visitas-guiadas\/turismo-acessivel\/visitar-a-alhambra\/\" \/>\n<meta property=\"og:site_name\" content=\"Walk in Granada\" \/>\n<meta property=\"article:publisher\" content=\"https:\/\/es-es.facebook.com\/walkingranadatour\/\" \/>\n<meta property=\"article:modified_time\" content=\"2026-04-28T06:51:01+00:00\" \/>\n<meta property=\"og:image\" content=\"https:\/\/walkingranada.com\/wp-content\/uploads\/2023\/01\/Visita-accesible-alhambra-2.webp\" \/>\n\t<meta property=\"og:image:width\" content=\"305\" \/>\n\t<meta property=\"og:image:height\" content=\"305\" \/>\n\t<meta property=\"og:image:type\" content=\"image\/webp\" \/>\n<meta name=\"twitter:card\" content=\"summary_large_image\" \/>\n<meta name=\"twitter:site\" content=\"@walkingranada\" \/>\n<meta name=\"twitter:label1\" content=\"Tempo estimado de leitura\" \/>\n\t<meta name=\"twitter:data1\" content=\"8 minutos\" \/>\n<script type=\"application\/ld+json\" class=\"yoast-schema-graph\">{\"@context\":\"https:\\\/\\\/schema.org\",\"@graph\":[{\"@type\":\"WebPage\",\"@id\":\"https:\\\/\\\/walkingranada.com\\\/visitas-guiadas\\\/turismo-accesible\\\/visita-alhambra\\\/\",\"url\":\"https:\\\/\\\/walkingranada.com\\\/visitas-guiadas\\\/turismo-accesible\\\/visita-alhambra\\\/\",\"name\":\"Turismo accesible | Visita adaptada Alhambra - Walk in Granada\",\"isPartOf\":{\"@id\":\"https:\\\/\\\/walkingranada.com\\\/#website\"},\"primaryImageOfPage\":{\"@id\":\"https:\\\/\\\/walkingranada.com\\\/visitas-guiadas\\\/turismo-accesible\\\/visita-alhambra\\\/#primaryimage\"},\"image\":{\"@id\":\"https:\\\/\\\/walkingranada.com\\\/visitas-guiadas\\\/turismo-accesible\\\/visita-alhambra\\\/#primaryimage\"},\"thumbnailUrl\":\"https:\\\/\\\/walkingranada.com\\\/wp-content\\\/uploads\\\/2023\\\/01\\\/Visita-accesible-alhambra-2.webp\",\"datePublished\":\"2022-10-27T08:58:14+00:00\",\"dateModified\":\"2026-04-28T06:51:01+00:00\",\"description\":\"Visita a la Alhambra para personas con movilidad reducida. Un tour pensado para poder disfrutar al m\u00e1ximo de la ciudad palatina.\",\"breadcrumb\":{\"@id\":\"https:\\\/\\\/walkingranada.com\\\/visitas-guiadas\\\/turismo-accesible\\\/visita-alhambra\\\/#breadcrumb\"},\"inLanguage\":\"pt-PT\",\"potentialAction\":[{\"@type\":\"ReadAction\",\"target\":[\"https:\\\/\\\/walkingranada.com\\\/visitas-guiadas\\\/turismo-accesible\\\/visita-alhambra\\\/\"]}]},{\"@type\":\"ImageObject\",\"inLanguage\":\"pt-PT\",\"@id\":\"https:\\\/\\\/walkingranada.com\\\/visitas-guiadas\\\/turismo-accesible\\\/visita-alhambra\\\/#primaryimage\",\"url\":\"https:\\\/\\\/walkingranada.com\\\/wp-content\\\/uploads\\\/2023\\\/01\\\/Visita-accesible-alhambra-2.webp\",\"contentUrl\":\"https:\\\/\\\/walkingranada.com\\\/wp-content\\\/uploads\\\/2023\\\/01\\\/Visita-accesible-alhambra-2.webp\",\"width\":305,\"height\":305,\"caption\":\"Visita-accesible-alhambra-2\"},{\"@type\":\"BreadcrumbList\",\"@id\":\"https:\\\/\\\/walkingranada.com\\\/visitas-guiadas\\\/turismo-accesible\\\/visita-alhambra\\\/#breadcrumb\",\"itemListElement\":[{\"@type\":\"ListItem\",\"position\":1,\"name\":\"Portada\",\"item\":\"https:\\\/\\\/walkingranada.com\\\/\"},{\"@type\":\"ListItem\",\"position\":2,\"name\":\"Visitas guiadas\",\"item\":\"https:\\\/\\\/walkingranada.com\\\/visitas-guiadas\\\/\"},{\"@type\":\"ListItem\",\"position\":3,\"name\":\"Turismo accesible\",\"item\":\"https:\\\/\\\/walkingranada.com\\\/visitas-guiadas\\\/turismo-accesible\\\/\"},{\"@type\":\"ListItem\",\"position\":4,\"name\":\"Alhambra accesible\"}]},{\"@type\":\"WebSite\",\"@id\":\"https:\\\/\\\/walkingranada.com\\\/#website\",\"url\":\"https:\\\/\\\/walkingranada.com\\\/\",\"name\":\"Walk in Granada\",\"description\":\"Turismo responsable\",\"publisher\":{\"@id\":\"https:\\\/\\\/walkingranada.com\\\/#organization\"},\"alternateName\":\"Walk in Granada\",\"potentialAction\":[{\"@type\":\"SearchAction\",\"target\":{\"@type\":\"EntryPoint\",\"urlTemplate\":\"https:\\\/\\\/walkingranada.com\\\/?s={search_term_string}\"},\"query-input\":{\"@type\":\"PropertyValueSpecification\",\"valueRequired\":true,\"valueName\":\"search_term_string\"}}],\"inLanguage\":\"pt-PT\"},{\"@type\":\"Organization\",\"@id\":\"https:\\\/\\\/walkingranada.com\\\/#organization\",\"name\":\"Walk In Granada\",\"alternateName\":\"Walk In Granada\",\"url\":\"https:\\\/\\\/walkingranada.com\\\/\",\"logo\":{\"@type\":\"ImageObject\",\"inLanguage\":\"pt-PT\",\"@id\":\"https:\\\/\\\/walkingranada.com\\\/#\\\/schema\\\/logo\\\/image\\\/\",\"url\":\"https:\\\/\\\/walkingranada.com\\\/wp-content\\\/uploads\\\/2022\\\/12\\\/Logo-Walking.webp\",\"contentUrl\":\"https:\\\/\\\/walkingranada.com\\\/wp-content\\\/uploads\\\/2022\\\/12\\\/Logo-Walking.webp\",\"width\":512,\"height\":512,\"caption\":\"Walk In Granada\"},\"image\":{\"@id\":\"https:\\\/\\\/walkingranada.com\\\/#\\\/schema\\\/logo\\\/image\\\/\"},\"sameAs\":[\"https:\\\/\\\/es-es.facebook.com\\\/walkingranadatour\\\/\",\"https:\\\/\\\/x.com\\\/walkingranada\",\"https:\\\/\\\/www.instagram.com\\\/walkingranada\\\/\"]}]}<\/script>\n<!-- \/ Yoast SEO plugin. -->","yoast_head_json":{"title":"Turismo acess\u00edvel | Visita adaptada \u00e0 Alhambra - Walk in Granada","description":"Visita \u00e0 Alhambra para pessoas com mobilidade reduzida. Uma excurs\u00e3o planejada para desfrutar ao m\u00e1ximo da cidade palaciana.","robots":{"index":"index","follow":"follow","max-snippet":"max-snippet:-1","max-image-preview":"max-image-preview:large","max-video-preview":"max-video-preview:-1"},"canonical":"https:\/\/walkingranada.com\/pt\/visitas-guiadas\/turismo-acessivel\/visitar-a-alhambra\/","og_locale":"pt_PT","og_type":"article","og_title":"Turismo accesible | Visita adaptada Alhambra - Walk in Granada","og_description":"Visita a la Alhambra para personas con movilidad reducida. Un tour pensado para poder disfrutar al m\u00e1ximo de la ciudad palatina.","og_url":"https:\/\/walkingranada.com\/pt\/visitas-guiadas\/turismo-acessivel\/visitar-a-alhambra\/","og_site_name":"Walk in Granada","article_publisher":"https:\/\/es-es.facebook.com\/walkingranadatour\/","article_modified_time":"2026-04-28T06:51:01+00:00","og_image":[{"width":305,"height":305,"url":"https:\/\/walkingranada.com\/wp-content\/uploads\/2023\/01\/Visita-accesible-alhambra-2.webp","type":"image\/webp"}],"twitter_card":"summary_large_image","twitter_site":"@walkingranada","twitter_misc":{"Tempo estimado de leitura":"8 minutos"},"schema":{"@context":"https:\/\/schema.org","@graph":[{"@type":"WebPage","@id":"https:\/\/walkingranada.com\/visitas-guiadas\/turismo-accesible\/visita-alhambra\/","url":"https:\/\/walkingranada.com\/visitas-guiadas\/turismo-accesible\/visita-alhambra\/","name":"Turismo acess\u00edvel | Visita adaptada \u00e0 Alhambra - Walk in Granada","isPartOf":{"@id":"https:\/\/walkingranada.com\/#website"},"primaryImageOfPage":{"@id":"https:\/\/walkingranada.com\/visitas-guiadas\/turismo-accesible\/visita-alhambra\/#primaryimage"},"image":{"@id":"https:\/\/walkingranada.com\/visitas-guiadas\/turismo-accesible\/visita-alhambra\/#primaryimage"},"thumbnailUrl":"https:\/\/walkingranada.com\/wp-content\/uploads\/2023\/01\/Visita-accesible-alhambra-2.webp","datePublished":"2022-10-27T08:58:14+00:00","dateModified":"2026-04-28T06:51:01+00:00","description":"Visita \u00e0 Alhambra para pessoas com mobilidade reduzida. Uma excurs\u00e3o planejada para desfrutar ao m\u00e1ximo da cidade palaciana.","breadcrumb":{"@id":"https:\/\/walkingranada.com\/visitas-guiadas\/turismo-accesible\/visita-alhambra\/#breadcrumb"},"inLanguage":"pt-PT","potentialAction":[{"@type":"ReadAction","target":["https:\/\/walkingranada.com\/visitas-guiadas\/turismo-accesible\/visita-alhambra\/"]}]},{"@type":"ImageObject","inLanguage":"pt-PT","@id":"https:\/\/walkingranada.com\/visitas-guiadas\/turismo-accesible\/visita-alhambra\/#primaryimage","url":"https:\/\/walkingranada.com\/wp-content\/uploads\/2023\/01\/Visita-accesible-alhambra-2.webp","contentUrl":"https:\/\/walkingranada.com\/wp-content\/uploads\/2023\/01\/Visita-accesible-alhambra-2.webp","width":305,"height":305,"caption":"Visita-accesible-alhambra-2"},{"@type":"BreadcrumbList","@id":"https:\/\/walkingranada.com\/visitas-guiadas\/turismo-accesible\/visita-alhambra\/#breadcrumb","itemListElement":[{"@type":"ListItem","position":1,"name":"Portada","item":"https:\/\/walkingranada.com\/"},{"@type":"ListItem","position":2,"name":"Visitas guiadas","item":"https:\/\/walkingranada.com\/visitas-guiadas\/"},{"@type":"ListItem","position":3,"name":"Turismo accesible","item":"https:\/\/walkingranada.com\/visitas-guiadas\/turismo-accesible\/"},{"@type":"ListItem","position":4,"name":"Alhambra accesible"}]},{"@type":"WebSite","@id":"https:\/\/walkingranada.com\/#website","url":"https:\/\/walkingranada.com\/","name":"Walk in Granada","description":"Turismo responsable","publisher":{"@id":"https:\/\/walkingranada.com\/#organization"},"alternateName":"Walk in Granada","potentialAction":[{"@type":"SearchAction","target":{"@type":"EntryPoint","urlTemplate":"https:\/\/walkingranada.com\/?s={search_term_string}"},"query-input":{"@type":"PropertyValueSpecification","valueRequired":true,"valueName":"search_term_string"}}],"inLanguage":"pt-PT"},{"@type":"Organization","@id":"https:\/\/walkingranada.com\/#organization","name":"Walk In Granada","alternateName":"Walk In Granada","url":"https:\/\/walkingranada.com\/","logo":{"@type":"ImageObject","inLanguage":"pt-PT","@id":"https:\/\/walkingranada.com\/#\/schema\/logo\/image\/","url":"https:\/\/walkingranada.com\/wp-content\/uploads\/2022\/12\/Logo-Walking.webp","contentUrl":"https:\/\/walkingranada.com\/wp-content\/uploads\/2022\/12\/Logo-Walking.webp","width":512,"height":512,"caption":"Walk In Granada"},"image":{"@id":"https:\/\/walkingranada.com\/#\/schema\/logo\/image\/"},"sameAs":["https:\/\/es-es.facebook.com\/walkingranadatour\/","https:\/\/x.com\/walkingranada","https:\/\/www.instagram.com\/walkingranada\/"]}]}},"_links":{"self":[{"href":"https:\/\/walkingranada.com\/pt\/wp-json\/wp\/v2\/pages\/428","targetHints":{"allow":["GET"]}}],"collection":[{"href":"https:\/\/walkingranada.com\/pt\/wp-json\/wp\/v2\/pages"}],"about":[{"href":"https:\/\/walkingranada.com\/pt\/wp-json\/wp\/v2\/types\/page"}],"author":[{"embeddable":true,"href":"https:\/\/walkingranada.com\/pt\/wp-json\/wp\/v2\/users\/2"}],"replies":[{"embeddable":true,"href":"https:\/\/walkingranada.com\/pt\/wp-json\/wp\/v2\/comments?post=428"}],"version-history":[{"count":3,"href":"https:\/\/walkingranada.com\/pt\/wp-json\/wp\/v2\/pages\/428\/revisions"}],"predecessor-version":[{"id":7383,"href":"https:\/\/walkingranada.com\/pt\/wp-json\/wp\/v2\/pages\/428\/revisions\/7383"}],"up":[{"embeddable":true,"href":"https:\/\/walkingranada.com\/pt\/wp-json\/wp\/v2\/pages\/424"}],"wp:featuredmedia":[{"embeddable":true,"href":"https:\/\/walkingranada.com\/pt\/wp-json\/wp\/v2\/media\/2509"}],"wp:attachment":[{"href":"https:\/\/walkingranada.com\/pt\/wp-json\/wp\/v2\/media?parent=428"}],"curies":[{"name":"wp","href":"https:\/\/api.w.org\/{rel}","templated":true}]}}