{"id":424,"date":"2022-10-27T08:56:45","date_gmt":"2022-10-27T08:56:45","guid":{"rendered":"https:\/\/factum-omibu.es\/walkin\/?page_id=424"},"modified":"2026-04-29T14:17:34","modified_gmt":"2026-04-29T14:17:34","slug":"turismo-acessivel","status":"publish","type":"page","link":"https:\/\/walkingranada.com\/pt\/visitas-guiadas\/turismo-accesible\/","title":{"rendered":"Turismo acess\u00edvel"},"content":{"rendered":"<p>Orientado tours &gt;Turismo acess\u00edvel<\/p>\n<h1>\n\t\t\tTurismo acess\u00edvel\t<\/h1>\n<h2>\n\t\t\tUm passeio acess\u00edvel em Granada ou La Alhambra\t<\/h2>\n\t<p>H\u00e1 v\u00e1rios anos, ap\u00f3s v\u00e1rios pedidos de visitas guiadas de clientes com mobilidade reduzida, percebemos que em Granada n\u00e3o havia praticamente nenhuma oferta para este tipo de necessidades e decidimos preencher esta lacuna.<\/p>\n<p>Hoje em dia o Walk em Granada tem v\u00e1rios itiner\u00e1rios acess\u00edveis em cadeira de rodas (tanto manuais como motorizados), verificados e testados por associa\u00e7\u00f5es e clientes.<\/p>\n<p>Como resultado deste processo de concep\u00e7\u00e3o e implementa\u00e7\u00e3o de rotas, foram feitas colabora\u00e7\u00f5es e acordos com as principais associa\u00e7\u00f5es do sector e adaptadas empresas de transporte, incluindo a FEGRADI, ASPAYM, AGDEM, La Ciudad Accesible e a Gremial del Taxi de Granada.<\/p>\n\t <section id=\"servicios\">\n            <img decoding=\"async\" loading=\"lazy\" src=\"https:\/\/walkingranada.com\/wp-content\/uploads\/2023\/01\/visita-accesible-alhambra.webp\" width=\"100%\" alt=\"Visita Accesible alhambra\"\/>\n                <h3> Visita guiada privada \u00e0 Alhambra<\/h3>\n                <hr \/>\n                <p>Conhe\u00e7a a imponente fortaleza Nasrid com um dos nossos guias oficiais.<\/p>\n                <hr \/>\n                    <p> Todos os dias<\/p>\n                    <p> De acordo com a disponibilidade<\/p>\n                    <p> 3h<\/p>\n                    De\n                    <p>48\u20ac<\/p>\/pax\n            <a href=\"https:\/\/walkingranada.com\/pt\/visitas-guiadas\/turismo-acessivel\/visitar-a-alhambra\/\">Saber mais &gt;<\/a>\n            <img decoding=\"async\" loading=\"lazy\" src=\"https:\/\/walkingranada.com\/wp-content\/uploads\/2026\/04\/turismo-accesible-capilla-real.jpg\" width=\"100%\" alt=\"Ruta adaptada centro y albaicin\"\/>\n                <h3>Rota adaptada atrav\u00e9s do centro hist\u00f3rico e albaic\u00edn<\/h3>\n                <hr \/>\n                <p>Esta rota ir\u00e1 mostrar-nos edif\u00edcios emblem\u00e1ticos da cidade de Granada.<\/p>\n                <hr \/>\n                    <p> Todos os dias<\/p>\n                    <p> De acordo com a disponibilidade<\/p>\n                    <p> 2,5h<\/p>\n                    De\n                    <p>27\u20ac<\/p>\/pax\n            <a href=\"https:\/\/walkingranada.com\/pt\/visitas-guiadas\/turismo-acessivel\/centro-historico-albaicin-adaptada\/\">Saber mais &gt;<\/a>\n    <\/section>\n<h2>\n\t\t\tViaja para mais cidades?\t<\/h2>\n\t<p>FREE TOUR COMMUNITY<\/p>\n\t<p>Walk in Granada \u00e9 uma empresa local que oferece visitas guiadas exclusivamente em Granada. No entanto, fazemos parte de uma rede de ag\u00eancias locais que se uniram sob a mesma filosofia: Respeito pelas nossas cidades e turismo respons\u00e1vel. Confira as melhores viagens locais de todo o mundo em Free Tour Community.<\/p>\n<figure itemscope itemtype=\"https:\/\/schema.org\/ImageObject\">\n\t\t\t\t<img decoding=\"async\" src=\"https:\/\/walkingranada.com\/wp-content\/uploads\/2022\/10\/logo-freetour-1.png\" alt=\"logo-freetour\" height=\"98\" width=\"316\" title=\"logo-freetour 1\" onerror=\"this.style.display='none'\" loading=\"lazy\" \/>\n\t<\/figure>\n<h3>\n\t\t\tTambi\u00e9n puedes reservar nuestros otros servicios&#8230;\t<\/h3>\n\t<a href=\"https:\/\/walkingranada.com\/pt\/que-fazer-em-granada\/flamenco\/\" target=\"_self\"><\/a>\t\t\t<img decoding=\"async\" loading=\"lazy\" alt=\"bailaora flamenca\" src=\"https:\/\/walkingranada.com\/wp-content\/uploads\/2022\/10\/Rectangle-42.png\"\/>\n\t\t<h3>Flamenco<\/h3>\n\t<a href=\"https:\/\/walkingranada.com\/pt\/que-fazer-em-granada\/hammam-al-andalus\/\" target=\"_self\"><\/a>\t\t\t<img decoding=\"async\" loading=\"lazy\" alt=\"ba\u00f1os \u00e1rabes\" src=\"https:\/\/walkingranada.com\/wp-content\/uploads\/2022\/10\/Rectangle-43.png\"\/>\n\t\t<h3>Hammam <br \/>Al-\u00e1ndalus<\/h3>\n\t<a href=\"https:\/\/walkingranada.com\/pt\/que-fazer-em-granada\/excursoes\/\" target=\"_self\"><\/a>\t\t\t<img decoding=\"async\" loading=\"lazy\" alt=\"mezquita de c\u00f3rdoba\" src=\"https:\/\/walkingranada.com\/wp-content\/uploads\/2022\/10\/Rectangle-45.png\"\/>\n\t\t<h3>excurs\u00f5es <br \/>de un dia<\/h3>\n\t<a href=\"https:\/\/walkingranada.com\/pt\/que-fazer-em-granada\/rota-olfativa\/\" target=\"_self\"><\/a>\t\t\t<img decoding=\"async\" loading=\"lazy\" alt=\"imagen de una chica joven\" src=\"https:\/\/walkingranada.com\/wp-content\/uploads\/2022\/10\/Rectangle-38.png\"\/>\n\t\t<h3>Rota olfativa<\/h3>","protected":false},"excerpt":{"rendered":"<p>Visitas Guiadas &gt; Turismo accesible Turismo accesible Una visita accesible en Granada o La Alhambra Hace varios a\u00f1os, tras varias peticiones de rutas guiadas por parte de clientes con movilidad reducida, nos dimos cuenta que en Granada no exist\u00eda pr\u00e1cticamente oferta para este tipo de exigencias y decidimos cubrir ese vac\u00edo. A d\u00eda de hoy &#8230; <a title=\"Turismo acess\u00edvel\" class=\"read-more\" href=\"https:\/\/walkingranada.com\/pt\/visitas-guiadas\/turismo-accesible\/\" aria-label=\"Leia mais sobre Turismo accesible\">Ler mais<\/a><\/p>","protected":false},"author":2,"featured_media":0,"parent":94,"menu_order":0,"comment_status":"closed","ping_status":"closed","template":"","meta":{"footnotes":""},"class_list":["post-424","page","type-page","status-publish"],"yoast_head":"<!-- This site is optimized with the Yoast SEO plugin v27.5 - https:\/\/yoast.com\/product\/yoast-seo-wordpress\/ -->\n<title>Turismo accesible - Walk in Granada<\/title>\n<meta name=\"description\" content=\"Presentamos dos rutas adaptadas para personas con Movilidad Reducida en Granada. Que nada te pare. \u00a1Descubre Granada con nuestros gu\u00edas!\" \/>\n<meta name=\"robots\" content=\"index, follow, max-snippet:-1, max-image-preview:large, max-video-preview:-1\" \/>\n<link rel=\"canonical\" href=\"https:\/\/walkingranada.com\/pt\/visitas-guiadas\/turismo-acessivel\/\" \/>\n<meta property=\"og:locale\" content=\"pt_PT\" \/>\n<meta property=\"og:type\" content=\"article\" \/>\n<meta property=\"og:title\" content=\"Turismo accesible - Walk in Granada\" \/>\n<meta property=\"og:description\" content=\"Presentamos dos rutas adaptadas para personas con Movilidad Reducida en Granada. Que nada te pare. \u00a1Descubre Granada con nuestros gu\u00edas!\" \/>\n<meta property=\"og:url\" content=\"https:\/\/walkingranada.com\/pt\/visitas-guiadas\/turismo-acessivel\/\" \/>\n<meta property=\"og:site_name\" content=\"Walk in Granada\" \/>\n<meta property=\"article:publisher\" content=\"https:\/\/es-es.facebook.com\/walkingranadatour\/\" \/>\n<meta property=\"article:modified_time\" content=\"2026-04-29T14:17:34+00:00\" \/>\n<meta property=\"og:image\" content=\"https:\/\/walkingranada.com\/wp-content\/uploads\/2023\/01\/visita-accesible-alhambra.webp\" \/>\n<meta name=\"twitter:card\" content=\"summary_large_image\" \/>\n<meta name=\"twitter:site\" content=\"@walkingranada\" \/>\n<meta name=\"twitter:label1\" content=\"Tempo estimado de leitura\" \/>\n\t<meta name=\"twitter:data1\" content=\"3 minutos\" \/>\n<script type=\"application\/ld+json\" class=\"yoast-schema-graph\">{\"@context\":\"https:\\\/\\\/schema.org\",\"@graph\":[{\"@type\":\"WebPage\",\"@id\":\"https:\\\/\\\/walkingranada.com\\\/visitas-guiadas\\\/turismo-accesible\\\/\",\"url\":\"https:\\\/\\\/walkingranada.com\\\/visitas-guiadas\\\/turismo-accesible\\\/\",\"name\":\"Turismo accesible - Walk in Granada\",\"isPartOf\":{\"@id\":\"https:\\\/\\\/walkingranada.com\\\/#website\"},\"primaryImageOfPage\":{\"@id\":\"https:\\\/\\\/walkingranada.com\\\/visitas-guiadas\\\/turismo-accesible\\\/#primaryimage\"},\"image\":{\"@id\":\"https:\\\/\\\/walkingranada.com\\\/visitas-guiadas\\\/turismo-accesible\\\/#primaryimage\"},\"thumbnailUrl\":\"https:\\\/\\\/walkingranada.com\\\/wp-content\\\/uploads\\\/2023\\\/01\\\/visita-accesible-alhambra.webp\",\"datePublished\":\"2022-10-27T08:56:45+00:00\",\"dateModified\":\"2026-04-29T14:17:34+00:00\",\"description\":\"Presentamos dos rutas adaptadas para personas con Movilidad Reducida en Granada. Que nada te pare. \u00a1Descubre Granada con nuestros gu\u00edas!\",\"breadcrumb\":{\"@id\":\"https:\\\/\\\/walkingranada.com\\\/visitas-guiadas\\\/turismo-accesible\\\/#breadcrumb\"},\"inLanguage\":\"pt-PT\",\"potentialAction\":[{\"@type\":\"ReadAction\",\"target\":[\"https:\\\/\\\/walkingranada.com\\\/visitas-guiadas\\\/turismo-accesible\\\/\"]}]},{\"@type\":\"ImageObject\",\"inLanguage\":\"pt-PT\",\"@id\":\"https:\\\/\\\/walkingranada.com\\\/visitas-guiadas\\\/turismo-accesible\\\/#primaryimage\",\"url\":\"https:\\\/\\\/walkingranada.com\\\/wp-content\\\/uploads\\\/2023\\\/01\\\/visita-accesible-alhambra.webp\",\"contentUrl\":\"https:\\\/\\\/walkingranada.com\\\/wp-content\\\/uploads\\\/2023\\\/01\\\/visita-accesible-alhambra.webp\"},{\"@type\":\"BreadcrumbList\",\"@id\":\"https:\\\/\\\/walkingranada.com\\\/visitas-guiadas\\\/turismo-accesible\\\/#breadcrumb\",\"itemListElement\":[{\"@type\":\"ListItem\",\"position\":1,\"name\":\"Portada\",\"item\":\"https:\\\/\\\/walkingranada.com\\\/\"},{\"@type\":\"ListItem\",\"position\":2,\"name\":\"Visitas guiadas\",\"item\":\"https:\\\/\\\/walkingranada.com\\\/visitas-guiadas\\\/\"},{\"@type\":\"ListItem\",\"position\":3,\"name\":\"Turismo accesible\"}]},{\"@type\":\"WebSite\",\"@id\":\"https:\\\/\\\/walkingranada.com\\\/#website\",\"url\":\"https:\\\/\\\/walkingranada.com\\\/\",\"name\":\"Walk in Granada\",\"description\":\"Turismo responsable\",\"publisher\":{\"@id\":\"https:\\\/\\\/walkingranada.com\\\/#organization\"},\"alternateName\":\"Walk in Granada\",\"potentialAction\":[{\"@type\":\"SearchAction\",\"target\":{\"@type\":\"EntryPoint\",\"urlTemplate\":\"https:\\\/\\\/walkingranada.com\\\/?s={search_term_string}\"},\"query-input\":{\"@type\":\"PropertyValueSpecification\",\"valueRequired\":true,\"valueName\":\"search_term_string\"}}],\"inLanguage\":\"pt-PT\"},{\"@type\":\"Organization\",\"@id\":\"https:\\\/\\\/walkingranada.com\\\/#organization\",\"name\":\"Walk In Granada\",\"alternateName\":\"Walk In Granada\",\"url\":\"https:\\\/\\\/walkingranada.com\\\/\",\"logo\":{\"@type\":\"ImageObject\",\"inLanguage\":\"pt-PT\",\"@id\":\"https:\\\/\\\/walkingranada.com\\\/#\\\/schema\\\/logo\\\/image\\\/\",\"url\":\"https:\\\/\\\/walkingranada.com\\\/wp-content\\\/uploads\\\/2022\\\/12\\\/Logo-Walking.webp\",\"contentUrl\":\"https:\\\/\\\/walkingranada.com\\\/wp-content\\\/uploads\\\/2022\\\/12\\\/Logo-Walking.webp\",\"width\":512,\"height\":512,\"caption\":\"Walk In Granada\"},\"image\":{\"@id\":\"https:\\\/\\\/walkingranada.com\\\/#\\\/schema\\\/logo\\\/image\\\/\"},\"sameAs\":[\"https:\\\/\\\/es-es.facebook.com\\\/walkingranadatour\\\/\",\"https:\\\/\\\/x.com\\\/walkingranada\",\"https:\\\/\\\/www.instagram.com\\\/walkingranada\\\/\"]}]}<\/script>\n<!-- \/ Yoast SEO plugin. -->","yoast_head_json":{"title":"Turismo acess\u00edvel - Walk in Granada","description":"Apresentamos duas rotas adaptadas para pessoas com mobilidade reduzida em Granada. Deixe que nada te detenha. Descubra Granada com nossos guias!","robots":{"index":"index","follow":"follow","max-snippet":"max-snippet:-1","max-image-preview":"max-image-preview:large","max-video-preview":"max-video-preview:-1"},"canonical":"https:\/\/walkingranada.com\/pt\/visitas-guiadas\/turismo-acessivel\/","og_locale":"pt_PT","og_type":"article","og_title":"Turismo accesible - Walk in Granada","og_description":"Presentamos dos rutas adaptadas para personas con Movilidad Reducida en Granada. Que nada te pare. \u00a1Descubre Granada con nuestros gu\u00edas!","og_url":"https:\/\/walkingranada.com\/pt\/visitas-guiadas\/turismo-acessivel\/","og_site_name":"Walk in Granada","article_publisher":"https:\/\/es-es.facebook.com\/walkingranadatour\/","article_modified_time":"2026-04-29T14:17:34+00:00","og_image":[{"url":"https:\/\/walkingranada.com\/wp-content\/uploads\/2023\/01\/visita-accesible-alhambra.webp","type":"","width":"","height":""}],"twitter_card":"summary_large_image","twitter_site":"@walkingranada","twitter_misc":{"Tempo estimado de leitura":"3 minutos"},"schema":{"@context":"https:\/\/schema.org","@graph":[{"@type":"WebPage","@id":"https:\/\/walkingranada.com\/visitas-guiadas\/turismo-accesible\/","url":"https:\/\/walkingranada.com\/visitas-guiadas\/turismo-accesible\/","name":"Turismo acess\u00edvel - Walk in Granada","isPartOf":{"@id":"https:\/\/walkingranada.com\/#website"},"primaryImageOfPage":{"@id":"https:\/\/walkingranada.com\/visitas-guiadas\/turismo-accesible\/#primaryimage"},"image":{"@id":"https:\/\/walkingranada.com\/visitas-guiadas\/turismo-accesible\/#primaryimage"},"thumbnailUrl":"https:\/\/walkingranada.com\/wp-content\/uploads\/2023\/01\/visita-accesible-alhambra.webp","datePublished":"2022-10-27T08:56:45+00:00","dateModified":"2026-04-29T14:17:34+00:00","description":"Apresentamos duas rotas adaptadas para pessoas com mobilidade reduzida em Granada. Deixe que nada te detenha. Descubra Granada com nossos guias!","breadcrumb":{"@id":"https:\/\/walkingranada.com\/visitas-guiadas\/turismo-accesible\/#breadcrumb"},"inLanguage":"pt-PT","potentialAction":[{"@type":"ReadAction","target":["https:\/\/walkingranada.com\/visitas-guiadas\/turismo-accesible\/"]}]},{"@type":"ImageObject","inLanguage":"pt-PT","@id":"https:\/\/walkingranada.com\/visitas-guiadas\/turismo-accesible\/#primaryimage","url":"https:\/\/walkingranada.com\/wp-content\/uploads\/2023\/01\/visita-accesible-alhambra.webp","contentUrl":"https:\/\/walkingranada.com\/wp-content\/uploads\/2023\/01\/visita-accesible-alhambra.webp"},{"@type":"BreadcrumbList","@id":"https:\/\/walkingranada.com\/visitas-guiadas\/turismo-accesible\/#breadcrumb","itemListElement":[{"@type":"ListItem","position":1,"name":"Portada","item":"https:\/\/walkingranada.com\/"},{"@type":"ListItem","position":2,"name":"Visitas guiadas","item":"https:\/\/walkingranada.com\/visitas-guiadas\/"},{"@type":"ListItem","position":3,"name":"Turismo accesible"}]},{"@type":"WebSite","@id":"https:\/\/walkingranada.com\/#website","url":"https:\/\/walkingranada.com\/","name":"Walk in Granada","description":"Turismo responsable","publisher":{"@id":"https:\/\/walkingranada.com\/#organization"},"alternateName":"Walk in Granada","potentialAction":[{"@type":"SearchAction","target":{"@type":"EntryPoint","urlTemplate":"https:\/\/walkingranada.com\/?s={search_term_string}"},"query-input":{"@type":"PropertyValueSpecification","valueRequired":true,"valueName":"search_term_string"}}],"inLanguage":"pt-PT"},{"@type":"Organization","@id":"https:\/\/walkingranada.com\/#organization","name":"Walk In Granada","alternateName":"Walk In Granada","url":"https:\/\/walkingranada.com\/","logo":{"@type":"ImageObject","inLanguage":"pt-PT","@id":"https:\/\/walkingranada.com\/#\/schema\/logo\/image\/","url":"https:\/\/walkingranada.com\/wp-content\/uploads\/2022\/12\/Logo-Walking.webp","contentUrl":"https:\/\/walkingranada.com\/wp-content\/uploads\/2022\/12\/Logo-Walking.webp","width":512,"height":512,"caption":"Walk In Granada"},"image":{"@id":"https:\/\/walkingranada.com\/#\/schema\/logo\/image\/"},"sameAs":["https:\/\/es-es.facebook.com\/walkingranadatour\/","https:\/\/x.com\/walkingranada","https:\/\/www.instagram.com\/walkingranada\/"]}]}},"_links":{"self":[{"href":"https:\/\/walkingranada.com\/pt\/wp-json\/wp\/v2\/pages\/424","targetHints":{"allow":["GET"]}}],"collection":[{"href":"https:\/\/walkingranada.com\/pt\/wp-json\/wp\/v2\/pages"}],"about":[{"href":"https:\/\/walkingranada.com\/pt\/wp-json\/wp\/v2\/types\/page"}],"author":[{"embeddable":true,"href":"https:\/\/walkingranada.com\/pt\/wp-json\/wp\/v2\/users\/2"}],"replies":[{"embeddable":true,"href":"https:\/\/walkingranada.com\/pt\/wp-json\/wp\/v2\/comments?post=424"}],"version-history":[{"count":1,"href":"https:\/\/walkingranada.com\/pt\/wp-json\/wp\/v2\/pages\/424\/revisions"}],"predecessor-version":[{"id":7407,"href":"https:\/\/walkingranada.com\/pt\/wp-json\/wp\/v2\/pages\/424\/revisions\/7407"}],"up":[{"embeddable":true,"href":"https:\/\/walkingranada.com\/pt\/wp-json\/wp\/v2\/pages\/94"}],"wp:attachment":[{"href":"https:\/\/walkingranada.com\/pt\/wp-json\/wp\/v2\/media?parent=424"}],"curies":[{"name":"wp","href":"https:\/\/api.w.org\/{rel}","templated":true}]}}