{"id":422,"date":"2022-10-27T08:56:21","date_gmt":"2022-10-27T08:56:21","guid":{"rendered":"https:\/\/factum-omibu.es\/walkin\/?page_id=422"},"modified":"2025-08-06T06:20:55","modified_gmt":"2025-08-06T06:20:55","slug":"albaicin-e-sacromonte","status":"publish","type":"page","link":"https:\/\/walkingranada.com\/pt\/visitas-guiadas\/albaicin-y-sacromonte\/","title":{"rendered":"Albaic\u00edn e Sacromonte"},"content":{"rendered":"<p>Orientado Tours &gt; Albaic\u00edn e Sacromonte<\/p>\n\t<!-- FareHarbor calendar of item #442588 -->\n<h1>\n\t\t\tTour privado Albaic\u00edn e Sacromonte\t<\/h1>\n        <a href=\"#encuentro\">\n            <img decoding=\"async\" loading=\"lazy\" src=\"https:\/\/walkingranada.com\/wp-content\/uploads\/2022\/10\/fi-rr-marker.png\" alt=\"Plaza nueva\"\/>\n            <p>Plaza nueva <img decoding=\"async\" loading=\"lazy\" src=\"https:\/\/walkingranada.com\/wp-content\/uploads\/2022\/10\/\ud83e\udd86-icon-_Info-Circle_.png\" alt=\"informaci\u00f3n\"\/><\/p>\n        <\/a>\n        <img decoding=\"async\" loading=\"lazy\" src=\"https:\/\/walkingranada.com\/wp-content\/uploads\/2022\/12\/fuente-icon.png\" alt=\"Fonte principal da pra\u00e7a\"\/>\n        <p>Fonte principal da pra\u00e7a<\/p>\n        <img decoding=\"async\" loading=\"lazy\" src=\"https:\/\/walkingranada.com\/wp-content\/uploads\/2022\/10\/fi-rr-chat-arrow-grow.png\" alt=\"Alta dificuldade\"\/>\n        <p>Alta dificuldade<\/p>\n        <img decoding=\"async\" loading=\"lazy\" src=\"https:\/\/walkingranada.com\/wp-content\/uploads\/2022\/10\/fi-rr-map.png\" alt=\"Bairro hist\u00f3rico\"\/>\n        <p>Bairro hist\u00f3rico<\/p>\n        <img decoding=\"async\" loading=\"lazy\" src=\"https:\/\/walkingranada.com\/wp-content\/uploads\/2022\/12\/accesibilidad_.png\" alt=\"Acessibilidade limitada\"\/>\n        <p>Acessibilidade limitada<\/p>\n        <img decoding=\"async\" loading=\"lazy\" src=\"https:\/\/walkingranada.com\/wp-content\/uploads\/2022\/10\/fi-rr-calendar.png\" alt=\"TODOS LOS DIAS\"\/>\n        <p>Todos os dias<\/p>\n        <img decoding=\"async\" loading=\"lazy\" src=\"https:\/\/walkingranada.com\/wp-content\/uploads\/2022\/10\/fi-rr-clock.png\" alt=\"horario Seg\u00fan disponibilidad\"\/>\n        <p>De acordo com a disponibilidade<\/p>\n        <img decoding=\"async\" loading=\"lazy\" src=\"https:\/\/walkingranada.com\/wp-content\/uploads\/2022\/10\/fi-rr-alarm-clock.png\" alt=\"2,5 HORAS\"\/>\n        <p>2,5 horas<\/p>\n        <img decoding=\"async\" loading=\"lazy\" src=\"https:\/\/walkingranada.com\/wp-content\/uploads\/2022\/10\/fi-rr-receipt.png\" alt=\"TU PONES EL PRECIO\"\/>\n        <p>A partir de 8\u20ac\/pax<\/p>\n        <img decoding=\"async\" loading=\"lazy\" src=\"https:\/\/walkingranada.com\/wp-content\/uploads\/2022\/10\/fi-rr-comments.png\" alt=\"L\u00edngua\"\/>\n        <p>Espanhol, ingl\u00eas, franc\u00eas e portugu\u00eas. Outros a pedido.<\/p>\n<h2>\n\t\t\tOs 2 bairros mais representativos de Granada numa \u00fanica visita\t<\/h2>\n\tUn recorrido que combina los dos barrios m\u00e1s emblem\u00e1ticos de Granada: El barrio musulm\u00e1n y el barrio gitano. Ambos situados en colinas con impresionantes vistas de sendos lugares, y siempre con la Alhambra como tel\u00f3n de fondo. Ambos barrios est\u00e1n colmados de historia y belleza y tambi\u00e9n de &#8230;cuestas y calles empedradas.\n<h2>\n\t\t\tPonto de encontro\t<\/h2>\n\t\t\t\t<img decoding=\"async\" src=\"https:\/\/walkingranada.com\/wp-content\/uploads\/2023\/01\/fuente-plaza-nueva.webp\" alt=\"fuente-plaza-nueva\" itemprop=\"image\" height=\"398\" width=\"711\" title=\"fuente-plaza-nueva\" onerror=\"this.style.display='none'\" loading=\"lazy\" \/>\n<h3 class=\"translation-block\"><span class=\"fl-heading-text\">Fonte principal em frente \u00e0 farm\u00e1cia na <span class=\"red\">Plaza Nueva<\/span><\/span><\/h3>\n\t<p>Precisa de indica\u00e7\u00f5es para l\u00e1 chegar?<\/p>\n\t\t\t<a href=\"#reserva\" target=\"_self\">\n\t\t\t\t\t\t\tReservar &gt;\n\t\t\t\t\t<\/a>\n\t\t\t<a href=\"https:\/\/walkingranada.com\/pt\/como-chegar-a-plaza-nueva\/\" target=\"_self\">\n\t\t\t\t\t\t\tComo chegar l\u00e1? &gt;\n\t\t\t\t\t<\/a>\n<h2>\n\t\t\tRecomenda\u00e7\u00f5es\t<\/h2>\n\t<ol>\n<li class=\"translation-block\">Chegue <strong>20 minutos antes<\/strong> do hor\u00e1rio de in\u00edcio da visita.<\/li>\n<li>Usar <strong>sapatos confort\u00e1veis<\/strong>. A visita tem a dura\u00e7\u00e3o de 2.5 horas.<\/li>\n<li>No Ver\u00e3o, lembre-se de usar\u00a0<strong>creme solar e traga uma garrafa de \u00e1gua<\/strong>.<\/li>\n<\/ol>\n<h2>\n\t\t\tItiner\u00e1rio\t<\/h2>\n\t<ul>\n<li>Plaza Nueva<\/li>\n<li>Aljibes del Albaic\u00edn<\/li>\n<li>Placeta del Comino<\/li>\n<li>Ponto de vista de San Nicol\u00e1s<\/li>\n<li>Cruz de Rauda<\/li>\n<li>Mario Maya<\/li>\n<li>Camino del Sacromonte<\/li>\n<li>Chorrojumo<\/li>\n<li>Paseo de los Tristes<\/li>\n<\/ul>\n\t<p>Com esta visita ter\u00e1 uma vis\u00e3o geral das duas colinas mais famosas de Granada,<\/p>\n<p>O Albaic\u00edn, o antigo bairro mu\u00e7ulmano, fundado no s\u00e9culo XI, e Sacromonte, o bairro cigano da cidade, com origens no s\u00e9culo XV, repleto de duende, flamenco e vistas incr\u00edveis sobre o centro hist\u00f3rico de Granada e o complexo monumental da Alhambra.<\/p>\nDescobrir\u00e1 como os primeiros mu\u00e7ulmanos se estabeleceram nesta \u00e1rea, os elementos t\u00edpicos de uma cidade de Zirid, as suas muralhas, port\u00f5es, cisternas, banhos, mesquitas, ruas estreitas de paralelep\u00edpedos e casas brancas que tornam este lugar \u00fanico no mundo.<br \/>\nAp\u00f3s deixarmos o antigo centro Zir\u00ed, entramos no Sacromonte, onde conheceremos as origens dos ciganos em Granada e a sua dan\u00e7a mais caracter\u00edstica em Granada, a zambra.\n<p>Verifique a disponibilidade do nosso calend\u00e1rio.\u00a0<strong>N\u00e3o o perca!<\/strong><\/p>\nLembre-se, se tiver alguma d\u00favida antes de reservar uma visita privada ou se o dia que deseja visitar n\u00e3o estiver dispon\u00edvel, pode contactar-nos em qualquer altura em\u00a0<a href=\"mailto:info@walkingranada.com\">info@walkingranada.com<\/a>.<br \/>\nSe desejar uma visita mais espec\u00edfica, incluindo bilhetes para um monumento do seu interesse ou noutra l\u00edngua, pode fazer o pedido atrav\u00e9s da nossa\u00a0<a href=\"https:\/\/walkingranada.com\/pt\/visitas-personalizadas\/\">visitas personalizadas<\/a>.\n<h2>\n\t\t\tTambi\u00e9n puedes reservar nuestras otras visitas guiadas&#8230;\t<\/h2>\n\t<section>\n            <img decoding=\"async\" loading=\"lazy\" src=\"https:\/\/walkingranada.com\/wp-content\/uploads\/2023\/01\/Jardines-card-walkin.webp\" width=\"100%\" alt=\"Visita privada da Alhambra\"\/>\n                <h3>Visita privada da Alhambra<\/h3>\n                <hr \/>\n                <p>Se voc\u00ea quiser visitar a Alhambra com um guia dedicado e exclusivo a voc\u00ea e sua fam\u00edlia<\/p>\n                <hr \/>\n                    <p> Todos os dias<\/p>\n                    <p> Depende do s\u00edtio<\/p>\n                    <p> 3h<\/p>\n                    De\n                    <p>40\u20ac<\/p>\/pax\n            <a href=\"https:\/\/walkingranada.com\/pt\/alhambra\/visita-privada\/\">Reservar &gt;<\/a>\n            <img decoding=\"async\" loading=\"lazy\" src=\"https:\/\/walkingranada.com\/wp-content\/uploads\/2023\/01\/Alhambra-card-walkin.webp\" width=\"100%\" alt=\"Visita guiada com entrada na Alhambra e Generalife\"\/>\n                <h3>Visita guiada com entrada na Alhambra e Generalife<\/h3>\n                <hr \/>\n                <p>Entre na cidade palatina da Alhambra e nos seus impressionantes jardins.<\/p>\n                <hr \/>\n                    <p> Todos os dias<\/p>\n                    <p> Depende do s\u00edtio<\/p>\n                    <p> 3h<\/p>\n                    De\n                    <p>49\u20ac<\/p>\/pax\n            <a href=\"https:\/\/walkingranada.com\/pt\/alhambra\/visita-guiada-com-entrada-alhambra\/\">Reservar &gt;<\/a>\n        <img decoding=\"async\" loading=\"lazy\" src=\"https:\/\/walkingranada.com\/wp-content\/uploads\/2023\/01\/Centro-historico-card.webp\" width=\"100%\" alt=\"Orientado tour ao centro hist\u00f3rico e ao baixo albaic\u00edn\"\/>\n            <h3>Orientado tour ao centro hist\u00f3rico e ao baixo albaic\u00edn<\/h3>\n            <hr \/>\n            <p>Mergulhe na hist\u00f3ria. Neste passeio visitar\u00e1 as \u00e1reas mais centrais e populares.<\/p>\n            <hr \/>\n                <p> Todos os dias<\/p>\n                <p> Pergunte-nos<\/p>\n                <p> 2,5h<\/p>\n                    De\n                    <p>8\u20ac<\/p>\/pax\n        <a href=\"https:\/\/walkingranada.com\/pt\/visitas-guiadas\/centre-historique-albaicin\/\">Reservar &gt;<\/a>\n        <img decoding=\"async\" loading=\"lazy\" src=\"https:\/\/walkingranada.com\/wp-content\/uploads\/2023\/01\/Rutas-lorquianas-card.webp\" width=\"100%\" alt=\"Rutas lorquianas\"\/>\n            <h3>Rotas <br \/>Lorquianas <\/h3>\n            <hr \/>\n            Descubre el universo de Federico Garc\u00eda Lorca con estas tres distintas visitas.\n\n            <hr \/>\n                <p> Todos os dias<\/p>\n                <p> Pergunte-nos<\/p>\n                <p> Pergunte-nos<\/p>\n                    De\n                    <p>8\u20ac<\/p>\/pax\n        <a href=\"https:\/\/walkingranada.com\/pt\/visitas-guiadas\/lorquian-tours\/\">Reservar &gt;<\/a>\n<\/section>\n<h2>\n\t\t\tTambi\u00e9n puedes reservar nuestros otros servicios&#8230;\t<\/h2>\n\t<a href=\"https:\/\/walkingranada.com\/pt\/que-fazer-em-granada\/flamenco\/\" target=\"_self\"><\/a>\t\t\t<img decoding=\"async\" loading=\"lazy\" alt=\"Servicio Flamenco\" src=\"https:\/\/walkingranada.com\/wp-content\/uploads\/2023\/01\/Servicio-Flamenco.webp\"\/>\n\t\t<h3>Flamenco<\/h3>\n\t<a href=\"https:\/\/walkingranada.com\/pt\/que-fazer-em-granada\/rota-olfativa\/\" target=\"_self\"><\/a>\t\t\t<img decoding=\"async\" loading=\"lazy\" alt=\"Servicio Rutas Olfativas\" src=\"https:\/\/walkingranada.com\/wp-content\/uploads\/2023\/01\/Servicio-Rutas-Olfativas.webp\"\/>\n\t\t<h3>Rota olfativa<\/h3>\n\t<a href=\"https:\/\/walkingranada.com\/pt\/que-fazer-em-granada\/hammam-al-andalus\/\" target=\"_self\"><\/a>\t\t\t<img decoding=\"async\" loading=\"lazy\" alt=\"Servicios Hamman\" src=\"https:\/\/walkingranada.com\/wp-content\/uploads\/2023\/01\/Servicios-Hamman.webp\"\/>\n\t\t<h3>Hammam <br \/>Al-\u00e1ndalus<\/h3>\n\t<a href=\"https:\/\/walkingranada.com\/pt\/que-fazer-em-granada\/excursoes\/\" target=\"_self\"><\/a>\t\t\t<img decoding=\"async\" loading=\"lazy\" alt=\"Servicio Excursiones\" src=\"https:\/\/walkingranada.com\/wp-content\/uploads\/2023\/01\/Servicio-Excursiones.webp\"\/>\n\t\t<h3>excurs\u00f5es <br \/>de un dia<\/h3>","protected":false},"excerpt":{"rendered":"<p>Visitas guiadas &gt; Albaic\u00edn y sacromonte Visita privada Albaic\u00edn y Sacromonte Plaza nueva Fuente principal de la plaza Dificultad alta Casco Hist\u00f3rico Accesibilidad limitada Todos los d\u00edas Seg\u00fan disponibilidad 2,5 horas Desde 8\u20ac\/pax Castellano, ingl\u00e9s, franc\u00e9s y portugu\u00e9s. Otros bajo petici\u00f3n. Los 2 barrios m\u00e1s representativos de Granada en una sola visita Un recorrido que &#8230; <a title=\"Albaic\u00edn e Sacromonte\" class=\"read-more\" href=\"https:\/\/walkingranada.com\/pt\/visitas-guiadas\/albaicin-y-sacromonte\/\" aria-label=\"Leia mais sobre Albaic\u00edn y Sacromonte\">Ler mais<\/a><\/p>","protected":false},"author":2,"featured_media":2473,"parent":94,"menu_order":0,"comment_status":"closed","ping_status":"closed","template":"","meta":{"footnotes":""},"class_list":["post-422","page","type-page","status-publish","has-post-thumbnail"],"yoast_head":"<!-- This site is optimized with the Yoast SEO plugin v27.5 - https:\/\/yoast.com\/product\/yoast-seo-wordpress\/ -->\n<title>Visita Guiada Privada Albaic\u00edn y Sacromonte - Walk in Granada<\/title>\n<meta name=\"description\" content=\"Organizamos visitas privadas con gu\u00eda local para el Albaic\u00edn y el Sacromonte de Granada. Vive la historia del \u00faltimo reino Nazar\u00ed.\" \/>\n<meta name=\"robots\" content=\"index, follow, max-snippet:-1, max-image-preview:large, max-video-preview:-1\" \/>\n<link rel=\"canonical\" href=\"https:\/\/walkingranada.com\/pt\/visitas-guiadas\/albaicin-e-sacromonte\/\" \/>\n<meta property=\"og:locale\" content=\"pt_PT\" \/>\n<meta property=\"og:type\" content=\"article\" \/>\n<meta property=\"og:title\" content=\"Visita Guiada Privada Albaic\u00edn y Sacromonte - Walk in Granada\" \/>\n<meta property=\"og:description\" content=\"Organizamos visitas privadas con gu\u00eda local para el Albaic\u00edn y el Sacromonte de Granada. Vive la historia del \u00faltimo reino Nazar\u00ed.\" \/>\n<meta property=\"og:url\" content=\"https:\/\/walkingranada.com\/pt\/visitas-guiadas\/albaicin-e-sacromonte\/\" \/>\n<meta property=\"og:site_name\" content=\"Walk in Granada\" \/>\n<meta property=\"article:publisher\" content=\"https:\/\/es-es.facebook.com\/walkingranadatour\/\" \/>\n<meta property=\"article:modified_time\" content=\"2025-08-06T06:20:55+00:00\" \/>\n<meta property=\"og:image\" content=\"https:\/\/walkingranada.com\/wp-content\/uploads\/2023\/01\/Card-Albaicin-sacromonte.webp\" \/>\n\t<meta property=\"og:image:width\" content=\"452\" \/>\n\t<meta property=\"og:image:height\" content=\"282\" \/>\n\t<meta property=\"og:image:type\" content=\"image\/webp\" \/>\n<meta name=\"twitter:card\" content=\"summary_large_image\" \/>\n<meta name=\"twitter:site\" content=\"@walkingranada\" \/>\n<meta name=\"twitter:label1\" content=\"Tempo estimado de leitura\" \/>\n\t<meta name=\"twitter:data1\" content=\"7 minutos\" \/>\n<script type=\"application\/ld+json\" class=\"yoast-schema-graph\">{\"@context\":\"https:\\\/\\\/schema.org\",\"@graph\":[{\"@type\":\"WebPage\",\"@id\":\"https:\\\/\\\/walkingranada.com\\\/visitas-guiadas\\\/albaicin-y-sacromonte\\\/\",\"url\":\"https:\\\/\\\/walkingranada.com\\\/visitas-guiadas\\\/albaicin-y-sacromonte\\\/\",\"name\":\"Visita Guiada Privada Albaic\u00edn y Sacromonte - Walk in Granada\",\"isPartOf\":{\"@id\":\"https:\\\/\\\/walkingranada.com\\\/#website\"},\"primaryImageOfPage\":{\"@id\":\"https:\\\/\\\/walkingranada.com\\\/visitas-guiadas\\\/albaicin-y-sacromonte\\\/#primaryimage\"},\"image\":{\"@id\":\"https:\\\/\\\/walkingranada.com\\\/visitas-guiadas\\\/albaicin-y-sacromonte\\\/#primaryimage\"},\"thumbnailUrl\":\"https:\\\/\\\/walkingranada.com\\\/wp-content\\\/uploads\\\/2023\\\/01\\\/Card-Albaicin-sacromonte.webp\",\"datePublished\":\"2022-10-27T08:56:21+00:00\",\"dateModified\":\"2025-08-06T06:20:55+00:00\",\"description\":\"Organizamos visitas privadas con gu\u00eda local para el Albaic\u00edn y el Sacromonte de Granada. Vive la historia del \u00faltimo reino Nazar\u00ed.\",\"breadcrumb\":{\"@id\":\"https:\\\/\\\/walkingranada.com\\\/visitas-guiadas\\\/albaicin-y-sacromonte\\\/#breadcrumb\"},\"inLanguage\":\"pt-PT\",\"potentialAction\":[{\"@type\":\"ReadAction\",\"target\":[\"https:\\\/\\\/walkingranada.com\\\/visitas-guiadas\\\/albaicin-y-sacromonte\\\/\"]}]},{\"@type\":\"ImageObject\",\"inLanguage\":\"pt-PT\",\"@id\":\"https:\\\/\\\/walkingranada.com\\\/visitas-guiadas\\\/albaicin-y-sacromonte\\\/#primaryimage\",\"url\":\"https:\\\/\\\/walkingranada.com\\\/wp-content\\\/uploads\\\/2023\\\/01\\\/Card-Albaicin-sacromonte.webp\",\"contentUrl\":\"https:\\\/\\\/walkingranada.com\\\/wp-content\\\/uploads\\\/2023\\\/01\\\/Card-Albaicin-sacromonte.webp\",\"width\":452,\"height\":282,\"caption\":\"vistas del sacromonte\"},{\"@type\":\"BreadcrumbList\",\"@id\":\"https:\\\/\\\/walkingranada.com\\\/visitas-guiadas\\\/albaicin-y-sacromonte\\\/#breadcrumb\",\"itemListElement\":[{\"@type\":\"ListItem\",\"position\":1,\"name\":\"Portada\",\"item\":\"https:\\\/\\\/walkingranada.com\\\/\"},{\"@type\":\"ListItem\",\"position\":2,\"name\":\"Visitas guiadas\",\"item\":\"https:\\\/\\\/walkingranada.com\\\/visitas-guiadas\\\/\"},{\"@type\":\"ListItem\",\"position\":3,\"name\":\"Albaic\u00edn y Sacromonte\"}]},{\"@type\":\"WebSite\",\"@id\":\"https:\\\/\\\/walkingranada.com\\\/#website\",\"url\":\"https:\\\/\\\/walkingranada.com\\\/\",\"name\":\"Walk in Granada\",\"description\":\"Turismo responsable\",\"publisher\":{\"@id\":\"https:\\\/\\\/walkingranada.com\\\/#organization\"},\"alternateName\":\"Walk in Granada\",\"potentialAction\":[{\"@type\":\"SearchAction\",\"target\":{\"@type\":\"EntryPoint\",\"urlTemplate\":\"https:\\\/\\\/walkingranada.com\\\/?s={search_term_string}\"},\"query-input\":{\"@type\":\"PropertyValueSpecification\",\"valueRequired\":true,\"valueName\":\"search_term_string\"}}],\"inLanguage\":\"pt-PT\"},{\"@type\":\"Organization\",\"@id\":\"https:\\\/\\\/walkingranada.com\\\/#organization\",\"name\":\"Walk In Granada\",\"alternateName\":\"Walk In Granada\",\"url\":\"https:\\\/\\\/walkingranada.com\\\/\",\"logo\":{\"@type\":\"ImageObject\",\"inLanguage\":\"pt-PT\",\"@id\":\"https:\\\/\\\/walkingranada.com\\\/#\\\/schema\\\/logo\\\/image\\\/\",\"url\":\"https:\\\/\\\/walkingranada.com\\\/wp-content\\\/uploads\\\/2022\\\/12\\\/Logo-Walking.webp\",\"contentUrl\":\"https:\\\/\\\/walkingranada.com\\\/wp-content\\\/uploads\\\/2022\\\/12\\\/Logo-Walking.webp\",\"width\":512,\"height\":512,\"caption\":\"Walk In Granada\"},\"image\":{\"@id\":\"https:\\\/\\\/walkingranada.com\\\/#\\\/schema\\\/logo\\\/image\\\/\"},\"sameAs\":[\"https:\\\/\\\/es-es.facebook.com\\\/walkingranadatour\\\/\",\"https:\\\/\\\/x.com\\\/walkingranada\",\"https:\\\/\\\/www.instagram.com\\\/walkingranada\\\/\"]}]}<\/script>\n<!-- \/ Yoast SEO plugin. -->","yoast_head_json":{"title":"Visita Guiada Privada Albaic\u00edn e Sacromonte - Walk in Granada","description":"Organizamos visitas privadas guiadas por um guia local para o Albaic\u00edn e o Sacromonte em Granada. Experimente a hist\u00f3ria do \u00faltimo Reino Nazar\u00ed.","robots":{"index":"index","follow":"follow","max-snippet":"max-snippet:-1","max-image-preview":"max-image-preview:large","max-video-preview":"max-video-preview:-1"},"canonical":"https:\/\/walkingranada.com\/pt\/visitas-guiadas\/albaicin-e-sacromonte\/","og_locale":"pt_PT","og_type":"article","og_title":"Visita Guiada Privada Albaic\u00edn y Sacromonte - Walk in Granada","og_description":"Organizamos visitas privadas con gu\u00eda local para el Albaic\u00edn y el Sacromonte de Granada. Vive la historia del \u00faltimo reino Nazar\u00ed.","og_url":"https:\/\/walkingranada.com\/pt\/visitas-guiadas\/albaicin-e-sacromonte\/","og_site_name":"Walk in Granada","article_publisher":"https:\/\/es-es.facebook.com\/walkingranadatour\/","article_modified_time":"2025-08-06T06:20:55+00:00","og_image":[{"width":452,"height":282,"url":"https:\/\/walkingranada.com\/wp-content\/uploads\/2023\/01\/Card-Albaicin-sacromonte.webp","type":"image\/webp"}],"twitter_card":"summary_large_image","twitter_site":"@walkingranada","twitter_misc":{"Tempo estimado de leitura":"7 minutos"},"schema":{"@context":"https:\/\/schema.org","@graph":[{"@type":"WebPage","@id":"https:\/\/walkingranada.com\/visitas-guiadas\/albaicin-y-sacromonte\/","url":"https:\/\/walkingranada.com\/visitas-guiadas\/albaicin-y-sacromonte\/","name":"Visita Guiada Privada Albaic\u00edn e Sacromonte - Walk in Granada","isPartOf":{"@id":"https:\/\/walkingranada.com\/#website"},"primaryImageOfPage":{"@id":"https:\/\/walkingranada.com\/visitas-guiadas\/albaicin-y-sacromonte\/#primaryimage"},"image":{"@id":"https:\/\/walkingranada.com\/visitas-guiadas\/albaicin-y-sacromonte\/#primaryimage"},"thumbnailUrl":"https:\/\/walkingranada.com\/wp-content\/uploads\/2023\/01\/Card-Albaicin-sacromonte.webp","datePublished":"2022-10-27T08:56:21+00:00","dateModified":"2025-08-06T06:20:55+00:00","description":"Organizamos visitas privadas guiadas por um guia local para o Albaic\u00edn e o Sacromonte em Granada. Experimente a hist\u00f3ria do \u00faltimo Reino Nazar\u00ed.","breadcrumb":{"@id":"https:\/\/walkingranada.com\/visitas-guiadas\/albaicin-y-sacromonte\/#breadcrumb"},"inLanguage":"pt-PT","potentialAction":[{"@type":"ReadAction","target":["https:\/\/walkingranada.com\/visitas-guiadas\/albaicin-y-sacromonte\/"]}]},{"@type":"ImageObject","inLanguage":"pt-PT","@id":"https:\/\/walkingranada.com\/visitas-guiadas\/albaicin-y-sacromonte\/#primaryimage","url":"https:\/\/walkingranada.com\/wp-content\/uploads\/2023\/01\/Card-Albaicin-sacromonte.webp","contentUrl":"https:\/\/walkingranada.com\/wp-content\/uploads\/2023\/01\/Card-Albaicin-sacromonte.webp","width":452,"height":282,"caption":"vistas del sacromonte"},{"@type":"BreadcrumbList","@id":"https:\/\/walkingranada.com\/visitas-guiadas\/albaicin-y-sacromonte\/#breadcrumb","itemListElement":[{"@type":"ListItem","position":1,"name":"Portada","item":"https:\/\/walkingranada.com\/"},{"@type":"ListItem","position":2,"name":"Visitas guiadas","item":"https:\/\/walkingranada.com\/visitas-guiadas\/"},{"@type":"ListItem","position":3,"name":"Albaic\u00edn y Sacromonte"}]},{"@type":"WebSite","@id":"https:\/\/walkingranada.com\/#website","url":"https:\/\/walkingranada.com\/","name":"Walk in Granada","description":"Turismo responsable","publisher":{"@id":"https:\/\/walkingranada.com\/#organization"},"alternateName":"Walk in Granada","potentialAction":[{"@type":"SearchAction","target":{"@type":"EntryPoint","urlTemplate":"https:\/\/walkingranada.com\/?s={search_term_string}"},"query-input":{"@type":"PropertyValueSpecification","valueRequired":true,"valueName":"search_term_string"}}],"inLanguage":"pt-PT"},{"@type":"Organization","@id":"https:\/\/walkingranada.com\/#organization","name":"Walk In Granada","alternateName":"Walk In Granada","url":"https:\/\/walkingranada.com\/","logo":{"@type":"ImageObject","inLanguage":"pt-PT","@id":"https:\/\/walkingranada.com\/#\/schema\/logo\/image\/","url":"https:\/\/walkingranada.com\/wp-content\/uploads\/2022\/12\/Logo-Walking.webp","contentUrl":"https:\/\/walkingranada.com\/wp-content\/uploads\/2022\/12\/Logo-Walking.webp","width":512,"height":512,"caption":"Walk In Granada"},"image":{"@id":"https:\/\/walkingranada.com\/#\/schema\/logo\/image\/"},"sameAs":["https:\/\/es-es.facebook.com\/walkingranadatour\/","https:\/\/x.com\/walkingranada","https:\/\/www.instagram.com\/walkingranada\/"]}]}},"_links":{"self":[{"href":"https:\/\/walkingranada.com\/pt\/wp-json\/wp\/v2\/pages\/422","targetHints":{"allow":["GET"]}}],"collection":[{"href":"https:\/\/walkingranada.com\/pt\/wp-json\/wp\/v2\/pages"}],"about":[{"href":"https:\/\/walkingranada.com\/pt\/wp-json\/wp\/v2\/types\/page"}],"author":[{"embeddable":true,"href":"https:\/\/walkingranada.com\/pt\/wp-json\/wp\/v2\/users\/2"}],"replies":[{"embeddable":true,"href":"https:\/\/walkingranada.com\/pt\/wp-json\/wp\/v2\/comments?post=422"}],"version-history":[{"count":1,"href":"https:\/\/walkingranada.com\/pt\/wp-json\/wp\/v2\/pages\/422\/revisions"}],"predecessor-version":[{"id":7054,"href":"https:\/\/walkingranada.com\/pt\/wp-json\/wp\/v2\/pages\/422\/revisions\/7054"}],"up":[{"embeddable":true,"href":"https:\/\/walkingranada.com\/pt\/wp-json\/wp\/v2\/pages\/94"}],"wp:featuredmedia":[{"embeddable":true,"href":"https:\/\/walkingranada.com\/pt\/wp-json\/wp\/v2\/media\/2473"}],"wp:attachment":[{"href":"https:\/\/walkingranada.com\/pt\/wp-json\/wp\/v2\/media?parent=422"}],"curies":[{"name":"wp","href":"https:\/\/api.w.org\/{rel}","templated":true}]}}