{"id":4183,"date":"2023-05-22T07:38:23","date_gmt":"2023-05-22T07:38:23","guid":{"rendered":"https:\/\/walkingranada.com\/?page_id=4183"},"modified":"2023-05-24T09:54:25","modified_gmt":"2023-05-24T09:54:25","slug":"sandemans-granada","status":"publish","type":"page","link":"https:\/\/walkingranada.com\/pt\/sandemans-granada\/","title":{"rendered":"Sandemans Granada"},"content":{"rendered":"<h1>\n\t\tSANDEMANS GRANADA\n\t<\/h1>\n<h2>\n\t\tDISTRIBUIDOR OFICIAL SANDEMANS GRANADA\n\t<\/h2>\n\t<p>Reserve seu tour agora. Estamos esperando por voc\u00ea na Plaza Nueva!<\/p>\n\t<p>Somos el proveedor oficial de <strong>Sandemans en Granada<\/strong>. Llevamos varios a\u00f1os trabajando con <a href=\"https:\/\/www.neweuropetours.eu\/es\/sandemans-tours\/granada\/free-tour-esencial-de-granada\/\" rel=\"nofollow\"><strong>NewEuropeTours<\/strong><\/a> y con otros proveedores de primer nivel que nos posicionan como el <strong>referente local para Free Tour en Granada<\/strong>. Reserva ahora y descubre la magia de Granada de la mano de uno de nuestros gu\u00edas oficiales de turismo.<\/p>\n<h3 class=\"translation-block\">Cat\u00e1logo de <span class=\"red\">free tours a p\u00e9 em Granada<\/span><\/span><\/h3>\n\t <section id=\"servicios\">\n            <img decoding=\"async\" loading=\"lazy\" src=\"https:\/\/walkingranada.com\/wp-content\/uploads\/2023\/01\/Esencial-tour.webp\" width=\"100%\" alt=\"Free Tour Esencial\"\/>\n                <h3>Free Tour Granada Esencial<\/h3>\n                <hr \/>\n                <p>Passeio gratuito pelos locais mais ic\u00f4nicos da cidade de Granada. Junte-se a n\u00f3s!<\/p>\n                <hr \/>\n                    <p> Todos os dias<\/p>\n                    <p> 11:00<\/p>\n                    <p> 2,5h<\/p>\n                    <p>Livre<\/p>\n            <a href=\"https:\/\/walkingranada.com\/pt\/free-tour-granada\/granada-essencial\/\">Reservar &gt;<\/a>\n            <img decoding=\"async\" loading=\"lazy\" src=\"https:\/\/walkingranada.com\/wp-content\/uploads\/2023\/01\/Freetour-albaicin-y-sacromonte.webp\" width=\"100%\" alt=\"Free Tour Freetour Albaicin y Sacromonte\"\/>\n                <h3>Free tour Albaic\u00edn e Sacromonte<\/h3>\n                <hr \/>\n                <p>Conhe\u00e7a os bairros de Albaic\u00edn e Sacromonte, a ess\u00eancia pura de Granada. Junte-se a n\u00f3s! <\/p>\n                <hr \/>\n                    <p> Todos os dias<\/p>\n                    <p> Dependendo da esta\u00e7\u00e3o do ano<\/p>\n                    <p> 2,5h<\/p>\n                    <p>Livre<\/p>\n            <a href=\"https:\/\/walkingranada.com\/pt\/free-tour-granada\/albaicin-sacromonte\/\">Reservar &gt;<\/a>\n    <\/section>\n<h2>\n\t\tPunto de encuentro free tours\n\t<\/h2>\n\t\t\t\t<img decoding=\"async\" loading=\"lazy\" src=\"https:\/\/walkingranada.com\/wp-content\/uploads\/2023\/01\/fuente-plaza-nueva.webp\" alt=\"fuente-plaza-nueva\" itemprop=\"image\" height=\"398\" width=\"711\" title=\"fuente-plaza-nueva\" onerror=\"this.style.display='none'\"  \/>\n<h3>\n\t\tFuente frente a la farmacia en Plaza Nueva, nos reconocer\u00e1s por nuestro paraguas Rojo\n\t<\/h3>\n\t<p>Precisa de indica\u00e7\u00f5es para l\u00e1 chegar?<\/p>\n\t\t\t<a href=\"https:\/\/walkingranada.com\/pt\/como-chegar-a-plaza-nueva\/\" target=\"_self\" role=\"button\" rel=\"noopener\">\n\t\t\t\t\t\t\tComo chegar l\u00e1? &gt;\n\t\t\t\t\t<\/a>\n<h2>\n\t\tFree Tour Albaic\u00edn e Sacromonte: Informa\u00e7\u00f5es gerais\n\t<\/h2>\n\t<p class=\"translation-block\">Com nosso <strong>tour gratuito do Albaic\u00edn<\/strong>, voc\u00ea ir\u00e1 explorar dois dos bairros mais <strong>ic\u00f4nicos de Granada<\/strong>. Declarado <strong>patrim\u00f4nio da humanidade pela UNESCO<\/strong>, o Albaic\u00edn \u00e9 um bairro com ruas de paralelep\u00edpedos, becos estreitos e encantadoras pra\u00e7as que s\u00e3o imperd\u00edveis para qualquer visitante que queira <strong>conhecer Granada<\/strong>. Como o bairro original da cidade de Granada, o Albaic\u00edn \u00e9 um testemunho vivo do estilo de vida tradicional da Granada original. O passeio ent\u00e3o leva voc\u00ea ao Sacromonte, um bairro mouro ap\u00f3s a conquista da cidade e um dos ber\u00e7os do flam<\/p>\n<h2>\n\t\tRecomenda\u00e7\u00f5es\n\t<\/h2>\n\t<ol>\n<li>Use cal\u00e7ados confort\u00e1veis, leve \u00e1gua e utilize protetor solar.<\/li>\n<li>Este tour n\u00e3o \u00e9 adequado para carrinhos de beb\u00ea ou cadeiras de rodas.<\/li>\n<li><strong>Servi\u00e7o de guarda-volumes<\/strong>: A tres minutos del punto de inicio, rerserva <strong><a href=\"https:\/\/fareharbor.com\/embeds\/book\/discoveringspain\/items\/181031\/?sheet=217966&amp;asn=walkingranada-euro&amp;asn-ref=Walk%20In%20Granada&amp;full-items=yes&amp;flow=no&amp;language=es&amp;u=95661de6-71d3-47eb-a7f9-e826150f66db&amp;from-ssl=yes&amp;ga=UA-77432324-1,572443075.1663250936%3B&amp;ga4t=AW-756235301,undefined%3B&amp;g4=yes&amp;a=yes&amp;back=https:\/\/walkingranada.com\/free-tour-granada\/tour-granada-esencial\/\">AQU\u00cd<\/a><\/strong>.<\/li>\n<li>Recomendamos estar en el punto de encuentro 5 minutos antes del inicio del tour.<\/li>\n<\/ol>\n\t\t\t<a href=\"https:\/\/walkingranada.com\/pt\/free-tour-granada\/albaicin-sacromonte\/\" target=\"_self\" role=\"button\" rel=\"noopener\">\n\t\t\t\t\t\t\tReservar &gt;\n\t\t\t\t\t<\/a>\n<h2>\n\t\tItiner\u00e1rio\n\t<\/h2>\n\t<ul>\n<li>Plaza Nueva<\/li>\n<li>Aljibes del Albaic\u00edn<\/li>\n<li>Placeta del Comino<\/li>\n<li>Ponto de vista de San Nicol\u00e1s<\/li>\n<li>Cruz de Rauda<\/li>\n<li>Mario Maya<\/li>\n<li>Camino del Sacromonte<\/li>\n<li>Chorrojumo<\/li>\n<li>Paseo de los Tristes<\/li>\n<\/ul>\n<h2>\n\t\tFree Tour Granada Essencial: Informa\u00e7\u00f5es gerais\n\t<\/h2>\n\t<p class=\"translation-block\">Com o nosso <strong>Free Tour Granada Essencial<\/strong>, iremos descobrir o centro da cidade e seus locais mais destacados. Este passeio gratuito percorre as diferentes etapas hist\u00f3ricas que marcaram a <strong>cidade de Granada<\/strong>. Visitaremos monumentos que s\u00e3o vest\u00edgios da cristianiza\u00e7\u00e3o da cidade, como a <strong>Catedral e a Capela Real<\/strong>. Tamb\u00e9m exploraremos a emblem\u00e1tica pra\u00e7a de <strong>Bib-Rambla<\/strong>, antigo mercado nazar\u00ed, e passearemos pela <strong>alcaicer\u00eda<\/strong> da cidade. Ao longo da visita, iremos descobrir o ic\u00f4nico edif\u00edcio de <strong>La Madraza<\/strong>, a primeira universidade da cidade, e concluiremos nosso passeio na \u00e1rea do baixo Albaic\u00edn, o assentamento original e ber\u00e7o do que \u00e9 hoje Granada. Dessa forma, os visitantes poder\u00e3o se aprofundar na evolu\u00e7\u00e3o hist\u00f3rica da cidade por meio das diferentes etapas e influ\u00eancias culturais e pol\u00edticas que fizeram de Granada uma das cidades mais pr\u00f3speras da Europa por v\u00e1rios s\u00e9culos.<\/p>\n<h2>\n\t\tRecomenda\u00e7\u00f5es\n\t<\/h2>\n\t<ol>\n<li>\u00c1gua, sapatos confort\u00e1veis \u200b\u200be protetor solar.<\/li>\n<li>N\u00e3o \u00e9 poss\u00edvel fazer este passeio com carrinhos de beb\u00ea ou cadeiras de rodas.<\/li>\n<li><strong>Servi\u00e7o de guarda-volumes<\/strong>: Precisa de um lugar para deixar as suas malas durante o passeio? Pode faz\u00ea-lo no <strong>City Locker<\/strong> mesmo ao lado da Plaza Nueva na Carrera del Darro 3. Pode fazer a sua reserva <a href=\"https:\/\/fareharbor.com\/embeds\/book\/discoveringspain\/items\/181031\/?sheet=217966&amp;asn=walkingranada-euro&amp;asn-ref=Walk%20In%20Granada&amp;full-items=yes&amp;flow=no&amp;language=es&amp;u=95661de6-71d3-47eb-a7f9-e826150f66db&amp;from-ssl=yes&amp;ga=UA-77432324-1,572443075.1663250936%3B&amp;ga4t=AW-756235301,undefined%3B&amp;g4=yes&amp;a=yes&amp;back=https:\/\/walkingranada.com\/free-tour-granada\/tour-granada-esencial\/\">AQU\u00cd<\/a>.<\/li>\n<\/ol>\n\t\t\t<a href=\"https:\/\/walkingranada.com\/pt\/free-tour-granada\/granada-essencial\/\" target=\"_self\" role=\"button\" rel=\"noopener\">\n\t\t\t\t\t\t\tReservar &gt;\n\t\t\t\t\t<\/a>\n<h2>\n\t\tItiner\u00e1rio\n\t<\/h2>\n\t<ul>\n<li>Plaza Nueva<\/li>\n<li>Madraza<\/li>\n<li>Catedral<\/li>\n<li>Capilla Real<\/li>\n<li>Pra\u00e7a Bib-Rambla<\/li>\n<li>Alcaicer\u00eda<\/li>\n<li>Corral del Carb\u00f3n<\/li>\n<li>San Gregorio<\/li>\n<li>Albaic\u00edn Bajo<\/li>\n<\/ul>\n<h2 class=\"translation-block\"><span class=\"fl-heading-text\">Descubra nossos passeios guiados em <span class=\"red\">Granada<\/span><\/span><\/h2>\n\t<a href=\"https:\/\/walkingranada.com\/pt\/visitas-guiadas\/centre-historique-albaicin\/\" target=\"_self\" rel=\"noopener\"><\/a>\t\t\t<img decoding=\"async\" loading=\"lazy\" alt=\"Plaza Nueva\" src=\"https:\/\/walkingranada.com\/wp-content\/uploads\/2023\/01\/centrohistorico-albaicin-card.webp\"\/>\n\t\t<h3>Centro <br \/>hist\u00f3rico <br \/>e Albaic\u00edn<\/h3>\n\t<a href=\"https:\/\/walkingranada.com\/pt\/visitas-guiadas\/albaicin\/\" target=\"_self\" rel=\"noopener\"><\/a>\t\t\t<img decoding=\"async\" loading=\"lazy\" alt=\"Albayc\u00edn\" src=\"https:\/\/walkingranada.com\/wp-content\/uploads\/2023\/01\/card-albaicin.webp\"\/>\n\t\t<h3>Albaic\u00edn<\/h3>\n\t<a href=\"https:\/\/walkingranada.com\/pt\/visitas-guiadas\/sacromonte\/\" target=\"_self\" rel=\"noopener\"><\/a>\t\t\t<img decoding=\"async\" loading=\"lazy\" alt=\"Sacromonte\" src=\"https:\/\/walkingranada.com\/wp-content\/uploads\/2023\/01\/Sacromonte-card-1.webp\"\/>\n\t\t<h3>Sacromonte<\/h3>\n\t<a href=\"https:\/\/walkingranada.com\/pt\/visitas-guiadas\/albaicin-e-sacromonte\/\" target=\"_self\" rel=\"noopener\"><\/a>\t\t\t<img decoding=\"async\" loading=\"lazy\" alt=\"Sacromonte\" src=\"https:\/\/walkingranada.com\/wp-content\/uploads\/2023\/01\/Albaicin-sacromonte-card-1.webp\"\/>\n\t\t<h3>Albaic\u00edn y <br \/>sacromonte<\/h3>\n\t<a href=\"https:\/\/walkingranada.com\/pt\/visitas-guiadas\/lorquian-tours\/\" target=\"_self\" rel=\"noopener\"><\/a>\t\t\t<img decoding=\"async\" loading=\"lazy\" alt=\"Garc\u00eda Lorca\" src=\"https:\/\/walkingranada.com\/wp-content\/uploads\/2023\/01\/Visitas-Rutas-Loquianas.webp\"\/>\n\t\t<h3>Rotas <br \/>Lorquianas<\/h3>\n\t<a href=\"https:\/\/walkingranada.com\/pt\/visitas-guiadas\/turismo-acessivel\/\" target=\"_self\" rel=\"noopener\"><\/a>\t\t\t<img decoding=\"async\" loading=\"lazy\" alt=\"Patio de la Alhambra\" src=\"https:\/\/walkingranada.com\/wp-content\/uploads\/2023\/01\/accesible-card-1.webp\"\/>\n\t\t<h3>Turismo <br \/>acess\u00edvel<\/h3>\n<h2 class=\"translation-block\"><span class=\"fl-heading-text\">Voc\u00ea tamb\u00e9m pode se interessar por <span class=\"red\">visitar a Alhambra<\/span><\/span><\/h2>\n<h2>\n\t\tViaja para mais cidades?\n\t<\/h2>\n\t<p>FREE TOUR COMMUNITY<\/p>\n\t<p>Walk in Granada \u00e9 uma empresa local que oferece visitas guiadas exclusivamente em Granada. No entanto, fazemos parte de uma rede de ag\u00eancias locais que se uniram sob a mesma filosofia: Respeito pelas nossas cidades e turismo respons\u00e1vel. Confira as melhores viagens locais de todo o mundo em Free Tour Community.<\/p>\n\t\t\t\t<a href=\"https:\/\/freetourcommunity.com\/\" target=\"_blank\" rel=\"noopener\" itemprop=\"url\">\n\t\t\t\t<img decoding=\"async\" loading=\"lazy\" src=\"https:\/\/walkingranada.com\/wp-content\/uploads\/2022\/10\/logo-freetour-1.png\" alt=\"logo-freetour\" itemprop=\"image\" height=\"98\" width=\"316\" title=\"logo-freetour 1\" onerror=\"this.style.display='none'\"  \/>\n\t\t\t\t<\/a>\n<h3>\n\t\tTambi\u00e9n puedes reservar nuestros otros servicios&#8230;\n\t<\/h3>\n\t<a href=\"https:\/\/walkingranada.com\/pt\/que-fazer-em-granada\/flamenco\/\" target=\"_self\" rel=\"noopener\"><\/a>\t\t\t<img decoding=\"async\" loading=\"lazy\" alt=\"bailaora flamenca\" src=\"https:\/\/walkingranada.com\/wp-content\/uploads\/2022\/10\/Rectangle-42.png\"\/>\n\t\t<h3>Flamenco<\/h3>\n\t<a href=\"https:\/\/walkingranada.com\/pt\/que-fazer-em-granada\/hammam-al-andalus\/\" target=\"_self\" rel=\"noopener\"><\/a>\t\t\t<img decoding=\"async\" loading=\"lazy\" alt=\"ba\u00f1os \u00e1rabes\" src=\"https:\/\/walkingranada.com\/wp-content\/uploads\/2022\/10\/Rectangle-43.png\"\/>\n\t\t<h3>Hammam <br \/>Al-\u00e1ndalus<\/h3>\n\t<a href=\"https:\/\/walkingranada.com\/pt\/que-fazer-em-granada\/excursoes\/\" target=\"_self\" rel=\"noopener\"><\/a>\t\t\t<img decoding=\"async\" loading=\"lazy\" alt=\"mezquita de c\u00f3rdoba\" src=\"https:\/\/walkingranada.com\/wp-content\/uploads\/2022\/10\/Rectangle-45.png\"\/>\n\t\t<h3>excurs\u00f5es <br \/>de un dia<\/h3>\n\t<a href=\"https:\/\/walkingranada.com\/pt\/que-fazer-em-granada\/rota-olfativa\/\" target=\"_self\" rel=\"noopener\"><\/a>\t\t\t<img decoding=\"async\" loading=\"lazy\" alt=\"imagen de una chica joven\" src=\"https:\/\/walkingranada.com\/wp-content\/uploads\/2022\/10\/Rectangle-38.png\"\/>\n\t\t<h3>Rota olfativa<\/h3>","protected":false},"excerpt":{"rendered":"<p>SANDEMANS GRANADA DISTRIBUIDOR OFICIAL SANDEMANS GRANADA Reserva tu tour ahora. \u00a1Te esperamos en Plaza Nueva! Somos el proveedor oficial de Sandemans en Granada. Llevamos varios a\u00f1os trabajando con NewEuropeTours y con otros proveedores de primer nivel que nos posicionan como el referente local para Free Tour en Granada. Reserva ahora y descubre la magia de &#8230; <a title=\"Sandemans Granada\" class=\"read-more\" href=\"https:\/\/walkingranada.com\/pt\/sandemans-granada\/\" aria-label=\"Leia mais sobre Sandemans Granada\">Ler mais<\/a><\/p>","protected":false},"author":2,"featured_media":830,"parent":0,"menu_order":0,"comment_status":"closed","ping_status":"closed","template":"","meta":{"footnotes":""},"class_list":["post-4183","page","type-page","status-publish","has-post-thumbnail"],"yoast_head":"<!-- This site is optimized with the Yoast SEO plugin v27.4 - https:\/\/yoast.com\/product\/yoast-seo-wordpress\/ -->\n<title>Sandemans Granada: Proveedor Oficial - Walk in Granada<\/title>\n<meta name=\"description\" content=\"Sandemans Granada opera a trav\u00e9s de su proveedor oficial. Walk In Granada Tours. \u00a1Echa un vistazo a nuestros free tours y reserva tu plaza!\" \/>\n<meta name=\"robots\" content=\"index, follow, max-snippet:-1, max-image-preview:large, max-video-preview:-1\" \/>\n<link rel=\"canonical\" href=\"https:\/\/walkingranada.com\/pt\/sandemans-granada\/\" \/>\n<meta property=\"og:locale\" content=\"pt_PT\" \/>\n<meta property=\"og:type\" content=\"article\" \/>\n<meta property=\"og:title\" content=\"Sandemans Granada: Proveedor Oficial - Walk in Granada\" \/>\n<meta property=\"og:description\" content=\"Sandemans Granada opera a trav\u00e9s de su proveedor oficial. Walk In Granada Tours. \u00a1Echa un vistazo a nuestros free tours y reserva tu plaza!\" \/>\n<meta property=\"og:url\" content=\"https:\/\/walkingranada.com\/pt\/sandemans-granada\/\" \/>\n<meta property=\"og:site_name\" content=\"Walk in Granada\" \/>\n<meta property=\"article:publisher\" content=\"https:\/\/es-es.facebook.com\/walkingranadatour\/\" \/>\n<meta property=\"article:modified_time\" content=\"2023-05-24T09:54:25+00:00\" \/>\n<meta property=\"og:image\" content=\"https:\/\/walkingranada.com\/wp-content\/uploads\/2022\/12\/work2.jpg.webp\" \/>\n\t<meta property=\"og:image:width\" content=\"400\" \/>\n\t<meta property=\"og:image:height\" content=\"400\" \/>\n\t<meta property=\"og:image:type\" content=\"image\/jpeg\" \/>\n<meta name=\"twitter:card\" content=\"summary_large_image\" \/>\n<meta name=\"twitter:site\" content=\"@walkingranada\" \/>\n<meta name=\"twitter:label1\" content=\"Tempo estimado de leitura\" \/>\n\t<meta name=\"twitter:data1\" content=\"7 minutos\" \/>\n<script type=\"application\/ld+json\" class=\"yoast-schema-graph\">{\"@context\":\"https:\\\/\\\/schema.org\",\"@graph\":[{\"@type\":\"WebPage\",\"@id\":\"https:\\\/\\\/walkingranada.com\\\/sandemans-granada\\\/\",\"url\":\"https:\\\/\\\/walkingranada.com\\\/sandemans-granada\\\/\",\"name\":\"Sandemans Granada: Proveedor Oficial - Walk in Granada\",\"isPartOf\":{\"@id\":\"https:\\\/\\\/walkingranada.com\\\/#website\"},\"primaryImageOfPage\":{\"@id\":\"https:\\\/\\\/walkingranada.com\\\/sandemans-granada\\\/#primaryimage\"},\"image\":{\"@id\":\"https:\\\/\\\/walkingranada.com\\\/sandemans-granada\\\/#primaryimage\"},\"thumbnailUrl\":\"https:\\\/\\\/walkingranada.com\\\/wp-content\\\/uploads\\\/2022\\\/12\\\/work2.jpg.webp\",\"datePublished\":\"2023-05-22T07:38:23+00:00\",\"dateModified\":\"2023-05-24T09:54:25+00:00\",\"description\":\"Sandemans Granada opera a trav\u00e9s de su proveedor oficial. Walk In Granada Tours. \u00a1Echa un vistazo a nuestros free tours y reserva tu plaza!\",\"breadcrumb\":{\"@id\":\"https:\\\/\\\/walkingranada.com\\\/sandemans-granada\\\/#breadcrumb\"},\"inLanguage\":\"pt-PT\",\"potentialAction\":[{\"@type\":\"ReadAction\",\"target\":[\"https:\\\/\\\/walkingranada.com\\\/sandemans-granada\\\/\"]}]},{\"@type\":\"ImageObject\",\"inLanguage\":\"pt-PT\",\"@id\":\"https:\\\/\\\/walkingranada.com\\\/sandemans-granada\\\/#primaryimage\",\"url\":\"https:\\\/\\\/walkingranada.com\\\/wp-content\\\/uploads\\\/2022\\\/12\\\/work2.jpg.webp\",\"contentUrl\":\"https:\\\/\\\/walkingranada.com\\\/wp-content\\\/uploads\\\/2022\\\/12\\\/work2.jpg.webp\",\"width\":400,\"height\":400,\"caption\":\"Trabajadores de Walk in Granada\"},{\"@type\":\"BreadcrumbList\",\"@id\":\"https:\\\/\\\/walkingranada.com\\\/sandemans-granada\\\/#breadcrumb\",\"itemListElement\":[{\"@type\":\"ListItem\",\"position\":1,\"name\":\"Portada\",\"item\":\"https:\\\/\\\/walkingranada.com\\\/\"},{\"@type\":\"ListItem\",\"position\":2,\"name\":\"Sandemans Granada\"}]},{\"@type\":\"WebSite\",\"@id\":\"https:\\\/\\\/walkingranada.com\\\/#website\",\"url\":\"https:\\\/\\\/walkingranada.com\\\/\",\"name\":\"Walk in Granada\",\"description\":\"Turismo responsable\",\"publisher\":{\"@id\":\"https:\\\/\\\/walkingranada.com\\\/#organization\"},\"alternateName\":\"Walk in Granada\",\"potentialAction\":[{\"@type\":\"SearchAction\",\"target\":{\"@type\":\"EntryPoint\",\"urlTemplate\":\"https:\\\/\\\/walkingranada.com\\\/?s={search_term_string}\"},\"query-input\":{\"@type\":\"PropertyValueSpecification\",\"valueRequired\":true,\"valueName\":\"search_term_string\"}}],\"inLanguage\":\"pt-PT\"},{\"@type\":\"Organization\",\"@id\":\"https:\\\/\\\/walkingranada.com\\\/#organization\",\"name\":\"Walk In Granada\",\"alternateName\":\"Walk In Granada\",\"url\":\"https:\\\/\\\/walkingranada.com\\\/\",\"logo\":{\"@type\":\"ImageObject\",\"inLanguage\":\"pt-PT\",\"@id\":\"https:\\\/\\\/walkingranada.com\\\/#\\\/schema\\\/logo\\\/image\\\/\",\"url\":\"https:\\\/\\\/walkingranada.com\\\/wp-content\\\/uploads\\\/2022\\\/12\\\/Logo-Walking.webp\",\"contentUrl\":\"https:\\\/\\\/walkingranada.com\\\/wp-content\\\/uploads\\\/2022\\\/12\\\/Logo-Walking.webp\",\"width\":512,\"height\":512,\"caption\":\"Walk In Granada\"},\"image\":{\"@id\":\"https:\\\/\\\/walkingranada.com\\\/#\\\/schema\\\/logo\\\/image\\\/\"},\"sameAs\":[\"https:\\\/\\\/es-es.facebook.com\\\/walkingranadatour\\\/\",\"https:\\\/\\\/x.com\\\/walkingranada\",\"https:\\\/\\\/www.instagram.com\\\/walkingranada\\\/\"]}]}<\/script>\n<!-- \/ Yoast SEO plugin. -->","yoast_head_json":{"title":"Sandemans Granada: Distribuidor Oficial - Walk In Granada","description":"A Sandemans Granada opera por meio de seu fornecedor oficial, Walk In Granada Tours. Confira nossos passeios gratuitos e reserve seu lugar!","robots":{"index":"index","follow":"follow","max-snippet":"max-snippet:-1","max-image-preview":"max-image-preview:large","max-video-preview":"max-video-preview:-1"},"canonical":"https:\/\/walkingranada.com\/pt\/sandemans-granada\/","og_locale":"pt_PT","og_type":"article","og_title":"Sandemans Granada: Proveedor Oficial - Walk in Granada","og_description":"Sandemans Granada opera a trav\u00e9s de su proveedor oficial. Walk In Granada Tours. \u00a1Echa un vistazo a nuestros free tours y reserva tu plaza!","og_url":"https:\/\/walkingranada.com\/pt\/sandemans-granada\/","og_site_name":"Walk in Granada","article_publisher":"https:\/\/es-es.facebook.com\/walkingranadatour\/","article_modified_time":"2023-05-24T09:54:25+00:00","og_image":[{"width":400,"height":400,"url":"https:\/\/walkingranada.com\/wp-content\/uploads\/2022\/12\/work2.jpg.webp","type":"image\/jpeg"}],"twitter_card":"summary_large_image","twitter_site":"@walkingranada","twitter_misc":{"Tempo estimado de leitura":"7 minutos"},"schema":{"@context":"https:\/\/schema.org","@graph":[{"@type":"WebPage","@id":"https:\/\/walkingranada.com\/sandemans-granada\/","url":"https:\/\/walkingranada.com\/sandemans-granada\/","name":"Sandemans Granada: Distribuidor Oficial - Walk In Granada","isPartOf":{"@id":"https:\/\/walkingranada.com\/#website"},"primaryImageOfPage":{"@id":"https:\/\/walkingranada.com\/sandemans-granada\/#primaryimage"},"image":{"@id":"https:\/\/walkingranada.com\/sandemans-granada\/#primaryimage"},"thumbnailUrl":"https:\/\/walkingranada.com\/wp-content\/uploads\/2022\/12\/work2.jpg.webp","datePublished":"2023-05-22T07:38:23+00:00","dateModified":"2023-05-24T09:54:25+00:00","description":"A Sandemans Granada opera por meio de seu fornecedor oficial, Walk In Granada Tours. Confira nossos passeios gratuitos e reserve seu lugar!","breadcrumb":{"@id":"https:\/\/walkingranada.com\/sandemans-granada\/#breadcrumb"},"inLanguage":"pt-PT","potentialAction":[{"@type":"ReadAction","target":["https:\/\/walkingranada.com\/sandemans-granada\/"]}]},{"@type":"ImageObject","inLanguage":"pt-PT","@id":"https:\/\/walkingranada.com\/sandemans-granada\/#primaryimage","url":"https:\/\/walkingranada.com\/wp-content\/uploads\/2022\/12\/work2.jpg.webp","contentUrl":"https:\/\/walkingranada.com\/wp-content\/uploads\/2022\/12\/work2.jpg.webp","width":400,"height":400,"caption":"Trabajadores de Walk in Granada"},{"@type":"BreadcrumbList","@id":"https:\/\/walkingranada.com\/sandemans-granada\/#breadcrumb","itemListElement":[{"@type":"ListItem","position":1,"name":"Portada","item":"https:\/\/walkingranada.com\/"},{"@type":"ListItem","position":2,"name":"Sandemans Granada"}]},{"@type":"WebSite","@id":"https:\/\/walkingranada.com\/#website","url":"https:\/\/walkingranada.com\/","name":"Walk in Granada","description":"Turismo responsable","publisher":{"@id":"https:\/\/walkingranada.com\/#organization"},"alternateName":"Walk in Granada","potentialAction":[{"@type":"SearchAction","target":{"@type":"EntryPoint","urlTemplate":"https:\/\/walkingranada.com\/?s={search_term_string}"},"query-input":{"@type":"PropertyValueSpecification","valueRequired":true,"valueName":"search_term_string"}}],"inLanguage":"pt-PT"},{"@type":"Organization","@id":"https:\/\/walkingranada.com\/#organization","name":"Walk In Granada","alternateName":"Walk In Granada","url":"https:\/\/walkingranada.com\/","logo":{"@type":"ImageObject","inLanguage":"pt-PT","@id":"https:\/\/walkingranada.com\/#\/schema\/logo\/image\/","url":"https:\/\/walkingranada.com\/wp-content\/uploads\/2022\/12\/Logo-Walking.webp","contentUrl":"https:\/\/walkingranada.com\/wp-content\/uploads\/2022\/12\/Logo-Walking.webp","width":512,"height":512,"caption":"Walk In Granada"},"image":{"@id":"https:\/\/walkingranada.com\/#\/schema\/logo\/image\/"},"sameAs":["https:\/\/es-es.facebook.com\/walkingranadatour\/","https:\/\/x.com\/walkingranada","https:\/\/www.instagram.com\/walkingranada\/"]}]}},"_links":{"self":[{"href":"https:\/\/walkingranada.com\/pt\/wp-json\/wp\/v2\/pages\/4183","targetHints":{"allow":["GET"]}}],"collection":[{"href":"https:\/\/walkingranada.com\/pt\/wp-json\/wp\/v2\/pages"}],"about":[{"href":"https:\/\/walkingranada.com\/pt\/wp-json\/wp\/v2\/types\/page"}],"author":[{"embeddable":true,"href":"https:\/\/walkingranada.com\/pt\/wp-json\/wp\/v2\/users\/2"}],"replies":[{"embeddable":true,"href":"https:\/\/walkingranada.com\/pt\/wp-json\/wp\/v2\/comments?post=4183"}],"version-history":[{"count":0,"href":"https:\/\/walkingranada.com\/pt\/wp-json\/wp\/v2\/pages\/4183\/revisions"}],"wp:featuredmedia":[{"embeddable":true,"href":"https:\/\/walkingranada.com\/pt\/wp-json\/wp\/v2\/media\/830"}],"wp:attachment":[{"href":"https:\/\/walkingranada.com\/pt\/wp-json\/wp\/v2\/media?parent=4183"}],"curies":[{"name":"wp","href":"https:\/\/api.w.org\/{rel}","templated":true}]}}