{"id":416,"date":"2022-10-27T08:47:47","date_gmt":"2022-10-27T08:47:47","guid":{"rendered":"https:\/\/factum-omibu.es\/walkin\/?page_id=416"},"modified":"2025-08-06T06:19:54","modified_gmt":"2025-08-06T06:19:54","slug":"sacromonte","status":"publish","type":"page","link":"https:\/\/walkingranada.com\/pt\/visitas-guiadas\/sacromonte\/","title":{"rendered":"Sacromonte"},"content":{"rendered":"<p>Orientado tour &gt; Sacromonte<\/p>\n\t<!-- FareHarbor calendar of item #442585 -->\n<h1>\n\t\t\tTour privado Sacromonte\t<\/h1>\n        <a href=\"#encuentro\">\n            <img decoding=\"async\" loading=\"lazy\" src=\"https:\/\/walkingranada.com\/wp-content\/uploads\/2022\/10\/fi-rr-marker.png\" alt=\"Plaza nueva\"\/>\n            <p>Plaza nueva <img decoding=\"async\" loading=\"lazy\" src=\"https:\/\/walkingranada.com\/wp-content\/uploads\/2022\/10\/\ud83e\udd86-icon-_Info-Circle_.png\" alt=\"informaci\u00f3n\"\/><\/p>\n        <\/a>\n        <img decoding=\"async\" loading=\"lazy\" src=\"https:\/\/walkingranada.com\/wp-content\/uploads\/2022\/12\/fuente-icon.png\" alt=\"Fonte principal da pra\u00e7a\"\/>\n        <p>Fonte principal da pra\u00e7a<\/p>\n        <img decoding=\"async\" loading=\"lazy\" src=\"https:\/\/walkingranada.com\/wp-content\/uploads\/2022\/10\/fi-rr-chat-arrow-grow.png\" alt=\"Alta dificuldade\"\/>\n        <p>Alta dificuldade<\/p>\n        <img decoding=\"async\" loading=\"lazy\" src=\"https:\/\/walkingranada.com\/wp-content\/uploads\/2022\/10\/fi-rr-map.png\" alt=\"Bairro hist\u00f3rico\"\/>\n        <p>Bairro hist\u00f3rico<\/p>\n        <img decoding=\"async\" loading=\"lazy\" src=\"https:\/\/walkingranada.com\/wp-content\/uploads\/2022\/12\/accesibilidad_.png\" alt=\"Acessibilidade limitada\"\/>\n        <p>Acessibilidade limitada<\/p>\n        <img decoding=\"async\" loading=\"lazy\" src=\"https:\/\/walkingranada.com\/wp-content\/uploads\/2022\/10\/fi-rr-calendar.png\" alt=\"TODOS LOS DIAS\"\/>\n        <p>Todos os dias<\/p>\n        <img decoding=\"async\" loading=\"lazy\" src=\"https:\/\/walkingranada.com\/wp-content\/uploads\/2022\/10\/fi-rr-clock.png\" alt=\"horario Seg\u00fan disponibilidad\"\/>\n        <p>De acordo com a disponibilidade<\/p>\n        <img decoding=\"async\" loading=\"lazy\" src=\"https:\/\/walkingranada.com\/wp-content\/uploads\/2022\/10\/fi-rr-alarm-clock.png\" alt=\"2,5 HORAS\"\/>\n        <p>2,5 horas<\/p>\n        <img decoding=\"async\" loading=\"lazy\" src=\"https:\/\/walkingranada.com\/wp-content\/uploads\/2022\/10\/fi-rr-receipt.png\" alt=\"TU PONES EL PRECIO\"\/>\n        <p>A partir de 8\u20ac\/pax<\/p>\n        <img decoding=\"async\" loading=\"lazy\" src=\"https:\/\/walkingranada.com\/wp-content\/uploads\/2022\/10\/fi-rr-comments.png\" alt=\"L\u00edngua\"\/>\n        <p>Espanhol, ingl\u00eas, franc\u00eas e portugu\u00eas. Outros a pedido.<\/p>\n<h2>\n\t\t\tConhecer o bairro mais encantador de Granada\t<\/h2>\n\t<p>Este \u00e9 um passeio para aqueles que gostam de fotografia, natureza e passeios no campo.<\/p>\n<p>El barrio de los marginados. Cuando los Reyes Cat\u00f3licos conquistaron Granada en 1492, a extramuros de la ciudad comenz\u00f3 a congregarse todo tipo de repudiados: musulmanes, gitanos, antiguos esclavos de \u00c1frica&#8230; una pintoresca mezcla que conform\u00f3 el Sacromonte que hoy conocemos y nos dej\u00f3 una herencia tan importante como es el flamenco.<\/p>\n<p>Sem d\u00favida um bairro para conhecer e aprender a interpretar durante 2 horas e meia com a ajuda de um guia que \u00e9 especialista na \u00e1rea e na sua cultura.<\/p>\n<h2>\n\t\t\tPonto de encontro\t<\/h2>\n\t\t\t\t<img decoding=\"async\" src=\"https:\/\/walkingranada.com\/wp-content\/uploads\/2023\/01\/fuente-plaza-nueva.webp\" alt=\"fuente-plaza-nueva\" itemprop=\"image\" height=\"398\" width=\"711\" title=\"fuente-plaza-nueva\" onerror=\"this.style.display='none'\" loading=\"lazy\" \/>\n<h3 class=\"translation-block\"><span class=\"fl-heading-text\">Fonte principal em frente \u00e0 farm\u00e1cia na <span class=\"red\">Plaza Nueva<\/span><\/span><\/h3>\n\t<p>Precisa de indica\u00e7\u00f5es para l\u00e1 chegar?<\/p>\n\t\t\t<a href=\"#reserva\" target=\"_self\">\n\t\t\t\t\t\t\tReservar &gt;\n\t\t\t\t\t<\/a>\n\t\t\t<a href=\"https:\/\/walkingranada.com\/pt\/como-chegar-a-plaza-nueva\/\" target=\"_self\">\n\t\t\t\t\t\t\tComo chegar l\u00e1? &gt;\n\t\t\t\t\t<\/a>\n<h2>\n\t\t\tRecomenda\u00e7\u00f5es\t<\/h2>\n\t<ol>\n<li class=\"translation-block\">Chegue <strong>20 minutos antes<\/strong> do hor\u00e1rio de in\u00edcio da visita.<\/li>\n<li>Usar <strong>sapatos confort\u00e1veis<\/strong>. A visita tem a dura\u00e7\u00e3o de 2.5 horas.<\/li>\n<li>No Ver\u00e3o, lembre-se de usar\u00a0<strong>creme solar e traga uma garrafa de \u00e1gua<\/strong>.<\/li>\n<\/ol>\n<h2>\n\t\t\tItiner\u00e1rio\t<\/h2>\n\t<ul>\n<li>Plaza Nueva<\/li>\n<li>Pra\u00e7a Aliatar<\/li>\n<li>Aljibe de la Vieja<\/li>\n<li>Cruz de Rauda<\/li>\n<li>Cuevas<\/li>\n<li>Mirador de San Miguel Alto<\/li>\n<li>Parede Nasrid<\/li>\n<li>Vereda de Enmedio<\/li>\n<li>Flamenco<\/li>\n<li>Camino del Sacromonte<\/li>\n<li>Chorrojumo<\/li>\n<\/ul>\n\t<p>Este passeio combina caminhadas, hist\u00f3rias, lendas e as melhores vistas da cidade. \u00c9 um passeio para os amantes da fotografia, da natureza e dos passeios no campo. A tradi\u00e7\u00e3o das grutas est\u00e1 profundamente enraizada na cultura actual de Granada, lugares onde se pode sentir a ess\u00eancia aut\u00eantica da cidade. Nas zonas das grutas de Granada, a cultura move-se entre o que \u00e9 vis\u00edvel e o que est\u00e1 escondido dentro da montanha. Uma colina inteira que foi escavada durante gera\u00e7\u00f5es que nos transporta para outra era, um bairro onde se demonstra dia ap\u00f3s dia que viver de uma forma alternativa pode ser sin\u00f3nimo de viver a vida ao m\u00e1ximo. As grutas s\u00e3o, sem d\u00favida, um ponto obrigat\u00f3rio se visitar Granada, deixe-se embalar pela guitarra flamenca, o som do \"taconeo\" nos \"tablaos\" e a calma de um bairro congelado no tempo.<\/p>\n<p>Verifique a disponibilidade do nosso calend\u00e1rio.\u00a0<strong>N\u00e3o o perca!<\/strong><\/p>\nLembre-se, se tiver alguma d\u00favida antes de reservar uma visita privada ou se o dia que deseja visitar n\u00e3o estiver dispon\u00edvel, pode contactar-nos em qualquer altura em\u00a0<a href=\"mailto:info@walkingranada.com\">info@walkingranada.com<\/a>.<br \/>\nSe desejar uma visita mais espec\u00edfica, incluindo bilhetes para um monumento do seu interesse ou noutra l\u00edngua, pode fazer o pedido atrav\u00e9s da nossa\u00a0<a href=\"https:\/\/walkingranada.com\/pt\/visitas-personalizadas\/\">visitas personalizadas<\/a>.\n<h2>\n\t\t\tTambi\u00e9n puedes reservar nuestras otras visitas guiadas&#8230;\t<\/h2>\n\t <section>\n            <img decoding=\"async\" loading=\"lazy\" src=\"https:\/\/walkingranada.com\/wp-content\/uploads\/2023\/01\/Jardines-card-walkin.webp\" width=\"100%\" alt=\"Visita privada da Alhambra\"\/>\n                <h3>Visita privada da Alhambra<\/h3>\n                <hr \/>\n                <p>Se voc\u00ea quiser visitar a Alhambra com um guia dedicado e exclusivo a voc\u00ea e sua fam\u00edlia<\/p>\n                <hr \/>\n                    <p> Todos os dias<\/p>\n                    <p> Depende do s\u00edtio<\/p>\n                    <p> 3h<\/p>\n                    De\n                    <p>40\u20ac<\/p>\/pax\n            <a href=\"https:\/\/walkingranada.com\/pt\/alhambra\/visita-privada\/\">Reservar &gt;<\/a>\n            <img decoding=\"async\" loading=\"lazy\" src=\"https:\/\/walkingranada.com\/wp-content\/uploads\/2023\/01\/Alhambra-card-walkin.webp\" width=\"100%\" alt=\"Visita guiada com entrada na Alhambra e Generalife\"\/>\n                <h3>Visita guiada com entrada na Alhambra e Generalife<\/h3>\n                <hr \/>\n                <p>Entre na cidade palatina da Alhambra e nos seus impressionantes jardins.<\/p>\n                <hr \/>\n                    <p> Todos os dias<\/p>\n                    <p> Depende do s\u00edtio<\/p>\n                    <p> 3h<\/p>\n                    De\n                    <p>49\u20ac<\/p>\/pax\n            <a href=\"https:\/\/walkingranada.com\/pt\/alhambra\/visita-guiada-com-entrada-alhambra\/\">Reservar &gt;<\/a>\n        <img decoding=\"async\" loading=\"lazy\" src=\"https:\/\/walkingranada.com\/wp-content\/uploads\/2023\/01\/Centro-historico-card.webp\" width=\"100%\" alt=\"Orientado tour ao centro hist\u00f3rico e ao baixo albaic\u00edn\"\/>\n            <h3>Visita guiada ao centro hist\u00f3rico e Albaicin<\/h3>\n            <hr \/>\n            <p>Mergulhe na hist\u00f3ria. Neste passeio visitar\u00e1 as \u00e1reas mais centrais e populares.<\/p>\n            <hr \/>\n                <p> Todos os dias<\/p>\n                <p> Pergunte-nos<\/p>\n                <p> 2,5h<\/p>\n                    De\n                    <p>8\u20ac<\/p>\/pax\n        <a href=\"https:\/\/walkingranada.com\/pt\/visitas-guiadas\/centre-historique-albaicin\/\">Reservar &gt;<\/a>\n        <img decoding=\"async\" loading=\"lazy\" src=\"https:\/\/walkingranada.com\/wp-content\/uploads\/2023\/01\/Rutas-lorquianas-card.webp\"\/>\n            <h3>Rotas <br \/>Lorquianas <\/h3>\n            <hr \/>\n            Descubre el universo de Federico Garc\u00eda Lorca con estas tres distintas visitas.\n\n            <hr \/>\n                <p> Todos os dias<\/p>\n                <p> Pergunte-nos<\/p>\n                <p> Pergunte-nos<\/p>\n                    De\n                    <p>11\u20ac<\/p>\/pax\n        <a href=\"https:\/\/walkingranada.com\/pt\/visitas-guiadas\/sacromonte\/\">Reservar &gt;<\/a>\n    <\/section>\n<h2>\n\t\t\tTambi\u00e9n puedes reservar nuestros otros servicios&#8230;\t<\/h2>\n\t<a href=\"https:\/\/walkingranada.com\/pt\/que-fazer-em-granada\/flamenco\/\" target=\"_self\"><\/a>\t\t\t<img decoding=\"async\" loading=\"lazy\" alt=\"Servicio Flamenco\" src=\"https:\/\/walkingranada.com\/wp-content\/uploads\/2023\/01\/Servicio-Flamenco.webp\"\/>\n\t\t<h3>Flamenco<\/h3>\n\t<a href=\"https:\/\/walkingranada.com\/pt\/que-fazer-em-granada\/rota-olfativa\/\" target=\"_self\"><\/a>\t\t\t<img decoding=\"async\" loading=\"lazy\" alt=\"Servicio Rutas Olfativas\" src=\"https:\/\/walkingranada.com\/wp-content\/uploads\/2023\/01\/Servicio-Rutas-Olfativas.webp\"\/>\n\t\t<h3>Rota olfativa<\/h3>\n\t<a href=\"https:\/\/walkingranada.com\/pt\/que-fazer-em-granada\/hammam-al-andalus\/\" target=\"_self\"><\/a>\t\t\t<img decoding=\"async\" loading=\"lazy\" alt=\"Servicios Hamman\" src=\"https:\/\/walkingranada.com\/wp-content\/uploads\/2023\/01\/Servicios-Hamman.webp\"\/>\n\t\t\n\t\t\t<p>Hammam<br \/>Al-\u00e1ndalus<\/p>\n\t<a href=\"https:\/\/walkingranada.com\/pt\/que-fazer-em-granada\/rotas-gastronomicas\/\" target=\"_self\"><\/a>\t\t\t<img decoding=\"async\" loading=\"lazy\" alt=\"Servicio Rutas Gastron\u00f3micas\" src=\"https:\/\/walkingranada.com\/wp-content\/uploads\/2023\/01\/Servicio-Rutas-Gastronomicas.webp\"\/>\n\t\t<h3>Rotas gastron\u00f4micas<\/h3>","protected":false},"excerpt":{"rendered":"<p>Visita guiada &gt; Sacromonte Visita privada Sacromonte Plaza nueva Fuente principal de la plaza Dificultad alta Casco Hist\u00f3rico Accesibilidad limitada Todos los d\u00edas Seg\u00fan disponibilidad 2,5 horas Desde 8\u20ac\/pax Castellano, ingl\u00e9s, franc\u00e9s y portugu\u00e9s. Otros bajo petici\u00f3n. Conoce el barrio con m\u00e1s duende de Granada \u00c9ste es un tour para amantes de la fotograf\u00eda, la &#8230; <a title=\"Sacromonte\" class=\"read-more\" href=\"https:\/\/walkingranada.com\/pt\/visitas-guiadas\/sacromonte\/\" aria-label=\"Leia mais sobre Sacromonte\">Ler mais<\/a><\/p>","protected":false},"author":2,"featured_media":2315,"parent":94,"menu_order":0,"comment_status":"closed","ping_status":"closed","template":"","meta":{"footnotes":""},"class_list":["post-416","page","type-page","status-publish","has-post-thumbnail"],"yoast_head":"<!-- This site is optimized with the Yoast SEO plugin v27.5 - https:\/\/yoast.com\/product\/yoast-seo-wordpress\/ -->\n<title>Visita Guiada Sacromonte - Visita Privada - Walk in Granada<\/title>\n<meta name=\"description\" content=\"Ad\u00e9ntrate en el barrio gitano de Granada con esta visita privada por el Sacromonte. Descubre las casas cueva y las c\u00e9lebres Zambras.\" \/>\n<meta name=\"robots\" content=\"index, follow, max-snippet:-1, max-image-preview:large, max-video-preview:-1\" \/>\n<link rel=\"canonical\" href=\"https:\/\/walkingranada.com\/pt\/visitas-guiadas\/sacromonte\/\" \/>\n<meta property=\"og:locale\" content=\"pt_PT\" \/>\n<meta property=\"og:type\" content=\"article\" \/>\n<meta property=\"og:title\" content=\"Visita Guiada Sacromonte - Visita Privada - Walk in Granada\" \/>\n<meta property=\"og:description\" content=\"Ad\u00e9ntrate en el barrio gitano de Granada con esta visita privada por el Sacromonte. Descubre las casas cueva y las c\u00e9lebres Zambras.\" \/>\n<meta property=\"og:url\" content=\"https:\/\/walkingranada.com\/pt\/visitas-guiadas\/sacromonte\/\" \/>\n<meta property=\"og:site_name\" content=\"Walk in Granada\" \/>\n<meta property=\"article:publisher\" content=\"https:\/\/es-es.facebook.com\/walkingranadatour\/\" \/>\n<meta property=\"article:modified_time\" content=\"2025-08-06T06:19:54+00:00\" \/>\n<meta property=\"og:image\" content=\"https:\/\/walkingranada.com\/wp-content\/uploads\/2023\/01\/sacromonte-701.webp\" \/>\n\t<meta property=\"og:image:width\" content=\"305\" \/>\n\t<meta property=\"og:image:height\" content=\"305\" \/>\n\t<meta property=\"og:image:type\" content=\"image\/webp\" \/>\n<meta name=\"twitter:card\" content=\"summary_large_image\" \/>\n<meta name=\"twitter:site\" content=\"@walkingranada\" \/>\n<meta name=\"twitter:label1\" content=\"Tempo estimado de leitura\" \/>\n\t<meta name=\"twitter:data1\" content=\"7 minutos\" \/>\n<script type=\"application\/ld+json\" class=\"yoast-schema-graph\">{\"@context\":\"https:\\\/\\\/schema.org\",\"@graph\":[{\"@type\":\"WebPage\",\"@id\":\"https:\\\/\\\/walkingranada.com\\\/visitas-guiadas\\\/sacromonte\\\/\",\"url\":\"https:\\\/\\\/walkingranada.com\\\/visitas-guiadas\\\/sacromonte\\\/\",\"name\":\"Visita Guiada Sacromonte - Visita Privada - Walk in Granada\",\"isPartOf\":{\"@id\":\"https:\\\/\\\/walkingranada.com\\\/#website\"},\"primaryImageOfPage\":{\"@id\":\"https:\\\/\\\/walkingranada.com\\\/visitas-guiadas\\\/sacromonte\\\/#primaryimage\"},\"image\":{\"@id\":\"https:\\\/\\\/walkingranada.com\\\/visitas-guiadas\\\/sacromonte\\\/#primaryimage\"},\"thumbnailUrl\":\"https:\\\/\\\/walkingranada.com\\\/wp-content\\\/uploads\\\/2023\\\/01\\\/sacromonte-701.webp\",\"datePublished\":\"2022-10-27T08:47:47+00:00\",\"dateModified\":\"2025-08-06T06:19:54+00:00\",\"description\":\"Ad\u00e9ntrate en el barrio gitano de Granada con esta visita privada por el Sacromonte. Descubre las casas cueva y las c\u00e9lebres Zambras.\",\"breadcrumb\":{\"@id\":\"https:\\\/\\\/walkingranada.com\\\/visitas-guiadas\\\/sacromonte\\\/#breadcrumb\"},\"inLanguage\":\"pt-PT\",\"potentialAction\":[{\"@type\":\"ReadAction\",\"target\":[\"https:\\\/\\\/walkingranada.com\\\/visitas-guiadas\\\/sacromonte\\\/\"]}]},{\"@type\":\"ImageObject\",\"inLanguage\":\"pt-PT\",\"@id\":\"https:\\\/\\\/walkingranada.com\\\/visitas-guiadas\\\/sacromonte\\\/#primaryimage\",\"url\":\"https:\\\/\\\/walkingranada.com\\\/wp-content\\\/uploads\\\/2023\\\/01\\\/sacromonte-701.webp\",\"contentUrl\":\"https:\\\/\\\/walkingranada.com\\\/wp-content\\\/uploads\\\/2023\\\/01\\\/sacromonte-701.webp\",\"width\":305,\"height\":305,\"caption\":\"Sacromonte\"},{\"@type\":\"BreadcrumbList\",\"@id\":\"https:\\\/\\\/walkingranada.com\\\/visitas-guiadas\\\/sacromonte\\\/#breadcrumb\",\"itemListElement\":[{\"@type\":\"ListItem\",\"position\":1,\"name\":\"Portada\",\"item\":\"https:\\\/\\\/walkingranada.com\\\/\"},{\"@type\":\"ListItem\",\"position\":2,\"name\":\"Visitas guiadas\",\"item\":\"https:\\\/\\\/walkingranada.com\\\/visitas-guiadas\\\/\"},{\"@type\":\"ListItem\",\"position\":3,\"name\":\"Sacromonte\"}]},{\"@type\":\"WebSite\",\"@id\":\"https:\\\/\\\/walkingranada.com\\\/#website\",\"url\":\"https:\\\/\\\/walkingranada.com\\\/\",\"name\":\"Walk in Granada\",\"description\":\"Turismo responsable\",\"publisher\":{\"@id\":\"https:\\\/\\\/walkingranada.com\\\/#organization\"},\"alternateName\":\"Walk in Granada\",\"potentialAction\":[{\"@type\":\"SearchAction\",\"target\":{\"@type\":\"EntryPoint\",\"urlTemplate\":\"https:\\\/\\\/walkingranada.com\\\/?s={search_term_string}\"},\"query-input\":{\"@type\":\"PropertyValueSpecification\",\"valueRequired\":true,\"valueName\":\"search_term_string\"}}],\"inLanguage\":\"pt-PT\"},{\"@type\":\"Organization\",\"@id\":\"https:\\\/\\\/walkingranada.com\\\/#organization\",\"name\":\"Walk In Granada\",\"alternateName\":\"Walk In Granada\",\"url\":\"https:\\\/\\\/walkingranada.com\\\/\",\"logo\":{\"@type\":\"ImageObject\",\"inLanguage\":\"pt-PT\",\"@id\":\"https:\\\/\\\/walkingranada.com\\\/#\\\/schema\\\/logo\\\/image\\\/\",\"url\":\"https:\\\/\\\/walkingranada.com\\\/wp-content\\\/uploads\\\/2022\\\/12\\\/Logo-Walking.webp\",\"contentUrl\":\"https:\\\/\\\/walkingranada.com\\\/wp-content\\\/uploads\\\/2022\\\/12\\\/Logo-Walking.webp\",\"width\":512,\"height\":512,\"caption\":\"Walk In Granada\"},\"image\":{\"@id\":\"https:\\\/\\\/walkingranada.com\\\/#\\\/schema\\\/logo\\\/image\\\/\"},\"sameAs\":[\"https:\\\/\\\/es-es.facebook.com\\\/walkingranadatour\\\/\",\"https:\\\/\\\/x.com\\\/walkingranada\",\"https:\\\/\\\/www.instagram.com\\\/walkingranada\\\/\"]}]}<\/script>\n<!-- \/ Yoast SEO plugin. -->","yoast_head_json":{"title":"Visita Guiada ao Sacromonte - Visita Privada - Walk in Granada","description":"Mergulhe no bairro gitano de Granada com esta visita privada ao Sacromonte. Descubra as casas de caverna e as famosas Zambras.","robots":{"index":"index","follow":"follow","max-snippet":"max-snippet:-1","max-image-preview":"max-image-preview:large","max-video-preview":"max-video-preview:-1"},"canonical":"https:\/\/walkingranada.com\/pt\/visitas-guiadas\/sacromonte\/","og_locale":"pt_PT","og_type":"article","og_title":"Visita Guiada Sacromonte - Visita Privada - Walk in Granada","og_description":"Ad\u00e9ntrate en el barrio gitano de Granada con esta visita privada por el Sacromonte. Descubre las casas cueva y las c\u00e9lebres Zambras.","og_url":"https:\/\/walkingranada.com\/pt\/visitas-guiadas\/sacromonte\/","og_site_name":"Walk in Granada","article_publisher":"https:\/\/es-es.facebook.com\/walkingranadatour\/","article_modified_time":"2025-08-06T06:19:54+00:00","og_image":[{"width":305,"height":305,"url":"https:\/\/walkingranada.com\/wp-content\/uploads\/2023\/01\/sacromonte-701.webp","type":"image\/webp"}],"twitter_card":"summary_large_image","twitter_site":"@walkingranada","twitter_misc":{"Tempo estimado de leitura":"7 minutos"},"schema":{"@context":"https:\/\/schema.org","@graph":[{"@type":"WebPage","@id":"https:\/\/walkingranada.com\/visitas-guiadas\/sacromonte\/","url":"https:\/\/walkingranada.com\/visitas-guiadas\/sacromonte\/","name":"Visita Guiada ao Sacromonte - Visita Privada - Walk in Granada","isPartOf":{"@id":"https:\/\/walkingranada.com\/#website"},"primaryImageOfPage":{"@id":"https:\/\/walkingranada.com\/visitas-guiadas\/sacromonte\/#primaryimage"},"image":{"@id":"https:\/\/walkingranada.com\/visitas-guiadas\/sacromonte\/#primaryimage"},"thumbnailUrl":"https:\/\/walkingranada.com\/wp-content\/uploads\/2023\/01\/sacromonte-701.webp","datePublished":"2022-10-27T08:47:47+00:00","dateModified":"2025-08-06T06:19:54+00:00","description":"Mergulhe no bairro gitano de Granada com esta visita privada ao Sacromonte. Descubra as casas de caverna e as famosas Zambras.","breadcrumb":{"@id":"https:\/\/walkingranada.com\/visitas-guiadas\/sacromonte\/#breadcrumb"},"inLanguage":"pt-PT","potentialAction":[{"@type":"ReadAction","target":["https:\/\/walkingranada.com\/visitas-guiadas\/sacromonte\/"]}]},{"@type":"ImageObject","inLanguage":"pt-PT","@id":"https:\/\/walkingranada.com\/visitas-guiadas\/sacromonte\/#primaryimage","url":"https:\/\/walkingranada.com\/wp-content\/uploads\/2023\/01\/sacromonte-701.webp","contentUrl":"https:\/\/walkingranada.com\/wp-content\/uploads\/2023\/01\/sacromonte-701.webp","width":305,"height":305,"caption":"Sacromonte"},{"@type":"BreadcrumbList","@id":"https:\/\/walkingranada.com\/visitas-guiadas\/sacromonte\/#breadcrumb","itemListElement":[{"@type":"ListItem","position":1,"name":"Portada","item":"https:\/\/walkingranada.com\/"},{"@type":"ListItem","position":2,"name":"Visitas guiadas","item":"https:\/\/walkingranada.com\/visitas-guiadas\/"},{"@type":"ListItem","position":3,"name":"Sacromonte"}]},{"@type":"WebSite","@id":"https:\/\/walkingranada.com\/#website","url":"https:\/\/walkingranada.com\/","name":"Walk in Granada","description":"Turismo responsable","publisher":{"@id":"https:\/\/walkingranada.com\/#organization"},"alternateName":"Walk in Granada","potentialAction":[{"@type":"SearchAction","target":{"@type":"EntryPoint","urlTemplate":"https:\/\/walkingranada.com\/?s={search_term_string}"},"query-input":{"@type":"PropertyValueSpecification","valueRequired":true,"valueName":"search_term_string"}}],"inLanguage":"pt-PT"},{"@type":"Organization","@id":"https:\/\/walkingranada.com\/#organization","name":"Walk In Granada","alternateName":"Walk In Granada","url":"https:\/\/walkingranada.com\/","logo":{"@type":"ImageObject","inLanguage":"pt-PT","@id":"https:\/\/walkingranada.com\/#\/schema\/logo\/image\/","url":"https:\/\/walkingranada.com\/wp-content\/uploads\/2022\/12\/Logo-Walking.webp","contentUrl":"https:\/\/walkingranada.com\/wp-content\/uploads\/2022\/12\/Logo-Walking.webp","width":512,"height":512,"caption":"Walk In Granada"},"image":{"@id":"https:\/\/walkingranada.com\/#\/schema\/logo\/image\/"},"sameAs":["https:\/\/es-es.facebook.com\/walkingranadatour\/","https:\/\/x.com\/walkingranada","https:\/\/www.instagram.com\/walkingranada\/"]}]}},"_links":{"self":[{"href":"https:\/\/walkingranada.com\/pt\/wp-json\/wp\/v2\/pages\/416","targetHints":{"allow":["GET"]}}],"collection":[{"href":"https:\/\/walkingranada.com\/pt\/wp-json\/wp\/v2\/pages"}],"about":[{"href":"https:\/\/walkingranada.com\/pt\/wp-json\/wp\/v2\/types\/page"}],"author":[{"embeddable":true,"href":"https:\/\/walkingranada.com\/pt\/wp-json\/wp\/v2\/users\/2"}],"replies":[{"embeddable":true,"href":"https:\/\/walkingranada.com\/pt\/wp-json\/wp\/v2\/comments?post=416"}],"version-history":[{"count":1,"href":"https:\/\/walkingranada.com\/pt\/wp-json\/wp\/v2\/pages\/416\/revisions"}],"predecessor-version":[{"id":7052,"href":"https:\/\/walkingranada.com\/pt\/wp-json\/wp\/v2\/pages\/416\/revisions\/7052"}],"up":[{"embeddable":true,"href":"https:\/\/walkingranada.com\/pt\/wp-json\/wp\/v2\/pages\/94"}],"wp:featuredmedia":[{"embeddable":true,"href":"https:\/\/walkingranada.com\/pt\/wp-json\/wp\/v2\/media\/2315"}],"wp:attachment":[{"href":"https:\/\/walkingranada.com\/pt\/wp-json\/wp\/v2\/media?parent=416"}],"curies":[{"name":"wp","href":"https:\/\/api.w.org\/{rel}","templated":true}]}}