{"id":4142,"date":"2023-05-18T10:38:41","date_gmt":"2023-05-18T10:38:41","guid":{"rendered":"https:\/\/walkingranada.com\/?page_id=4142"},"modified":"2024-11-11T16:21:43","modified_gmt":"2024-11-11T16:21:43","slug":"catedral-capela-real-grupo","status":"publish","type":"page","link":"https:\/\/walkingranada.com\/pt\/visitas-guiadas\/catedral-capilla-real-grupo\/","title":{"rendered":"Visita em grupo Capela Real &amp; Catedral"},"content":{"rendered":"<p>Visita em grupo &gt; CAPELA REAL e CATEDRAL<\/p>\n<h1>\n\t\tVISIT EM GRUPO \u00c0 CAPELA REAL E CATEDRAL\n\t<\/h1>\n        <a href=\"#encuentro\">\n            <img decoding=\"async\" loading=\"lazy\" src=\"https:\/\/walkingranada.com\/wp-content\/uploads\/2022\/10\/fi-rr-marker.png\" alt=\"Plaza nueva\"\/>\n            <p>Pra\u00e7a Villamena 5, loja 1-2 <img decoding=\"async\" loading=\"lazy\" src=\"https:\/\/walkingranada.com\/wp-content\/uploads\/2022\/10\/\ud83e\udd86-icon-_Info-Circle_.png\" alt=\"informaci\u00f3n\"\/><\/p>\n        <\/a>\n        <img decoding=\"async\" loading=\"lazy\" src=\"https:\/\/walkingranada.com\/wp-content\/uploads\/2022\/12\/guia-tour.png\" alt=\"Busca a nuestro gu\u00eda\"\/>\n        <p>Loja \u00c1bside<\/p>\n        <img decoding=\"async\" loading=\"lazy\" src=\"https:\/\/walkingranada.com\/wp-content\/uploads\/2022\/10\/fi-rr-chat-arrow-grow.png\" alt=\"Baixa dificuldade\"\/>\n        <p>Baixa dificuldade<\/p>\n        <img decoding=\"async\" loading=\"lazy\" src=\"https:\/\/walkingranada.com\/wp-content\/uploads\/2022\/10\/fi-rr-map.png\" alt=\"Bairro hist\u00f3rico\"\/>\n        <p>Monumentos<\/p>\n        <img decoding=\"async\" loading=\"lazy\" src=\"https:\/\/walkingranada.com\/wp-content\/uploads\/2022\/12\/accesibilidad_.png\" alt=\"Acessibilidade limitada\"\/>\n        <p>Acessibilidade limitada<\/p>\n        <img decoding=\"async\" loading=\"lazy\" src=\"https:\/\/walkingranada.com\/wp-content\/uploads\/2022\/10\/fi-rr-calendar.png\" alt=\"TODOS LOS DIAS\"\/>\n        <p>Todos os dias<\/p>\n        <img decoding=\"async\" loading=\"lazy\" src=\"https:\/\/walkingranada.com\/wp-content\/uploads\/2022\/10\/fi-rr-clock.png\" alt=\"horario Seg\u00fan disponibilidad\"\/>\n        <p>10:00<\/p>\n        <img decoding=\"async\" loading=\"lazy\" src=\"https:\/\/walkingranada.com\/wp-content\/uploads\/2022\/10\/fi-rr-alarm-clock.png\" alt=\"2,5 HORAS\"\/>\n        <p>2 horas<\/p>\n        <img decoding=\"async\" loading=\"lazy\" src=\"https:\/\/walkingranada.com\/wp-content\/uploads\/2022\/10\/fi-rr-receipt.png\" alt=\"TU PONES EL PRECIO\"\/>\n        <p>A partir de 33\u20ac\/adulto A partir de 10\u20ac\/Crian\u00e7as menores de 12 anos<\/p>\n        <img decoding=\"async\" loading=\"lazy\" src=\"https:\/\/walkingranada.com\/wp-content\/uploads\/2022\/10\/fi-rr-comments.png\" alt=\"Espanhol\"\/>\n        <p>Espanhol \/ Ingl\u00eas \/ Franc\u00eas<\/p>\n<h2>\n\t\tDescubra os dois edif\u00edcios emblem\u00e1ticos dos Reis Cat\u00f3licos\n\t<\/h2>\n\t<p class=\"translation-block\">A <strong>Catedral de Granada<\/strong> e a <strong>Capela Real<\/strong> s\u00e3o dois edif\u00edcios que anunciam a cristianiza\u00e7\u00e3o da cidade e simbolizam os <strong>Reis Cat\u00f3licos<\/strong>, pois ambos foram encomendados pelos monarcas depois da conquista da cidade.<\/p>\n<p class=\"translation-block\">Descubra a <strong>Catedral e a Capela Real de Granada<\/strong> em uma visita guiada em grupo reduzido, com um guia oficial. Com esta visita, voc\u00ea ter\u00e1 acesso a todo o monumento: a catedral, a capela real, o mausol\u00e9u dos Reis Cat\u00f3licos e alguns de seus descendentes.<\/p>\n<h2>\n\t\tPonto de encontro\n\t<\/h2>\n\t\t\t\t<img decoding=\"async\" loading=\"lazy\" src=\"https:\/\/walkingranada.com\/wp-content\/uploads\/2023\/05\/Punto-de-encuentro-visita-capilla-real-y-catedral.jpg.webp\" alt=\"Tienda \u00e1bside en Granada\" itemprop=\"image\" height=\"734\" width=\"1269\" title=\"Punto de encuentro visita capilla real y catedral\" onerror=\"this.style.display='none'\"  \/>\n<h3>\n\t\tTienda de \u00c1bside en Plaza de Villamena\n\t<\/h3>\n\t<p>Precisa de indica\u00e7\u00f5es para l\u00e1 chegar?<\/p>\n\t\t\t<a href=\"#reserva\" target=\"_self\" rel=\"noopener\">\n\t\t\t\t\t\t\tReservar &gt;\n\t\t\t\t\t<\/a>\n\t\t\t<a href=\"https:\/\/walkingranada.com\/pt\/como-chegar-a-plaza-nueva\/\" target=\"_self\" rel=\"noopener\">\n\t\t\t\t\t\t\tComo chegar l\u00e1? &gt;\n\t\t\t\t\t<\/a>\n<h2>\n\t\tRecomenda\u00e7\u00f5es\n\t<\/h2>\n\t<ol>\n<li class=\"translation-block\">Chegue <strong>20 minutos antes<\/strong> do hor\u00e1rio de in\u00edcio da visita.<\/li>\n<li class=\"translation-block\">Use <strong>cal\u00e7ado confort\u00e1vel<\/strong>. A visita tem dura\u00e7\u00e3o de 2 horas.<\/li>\n<li>No Ver\u00e3o, lembre-se de usar\u00a0<strong>creme solar e traga uma garrafa de \u00e1gua<\/strong>.<\/li>\n<\/ol>\n<h2>\n\t\tItiner\u00e1rio\n\t<\/h2>\n\t<ul>\n<li>Catedral<\/li>\n<li>Capilla Real<\/li>\n<li>Alcaicer\u00eda<\/li>\n<\/ul>\n\t<p>Este passeio permitir-lhe-\u00e1 conhecer a figura dos monarcas cat\u00f3licos, onde est\u00e3o enterrados os seus restos mortais, a catedral, uma obra-prima da arte purista na Pen\u00ednsula, e a parte crist\u00e3 da cidade. Compreender\u00e1 porque Isabel e Ferdinand desempenharam um papel importante na cristianiza\u00e7\u00e3o da cidade e na transforma\u00e7\u00e3o de Granada numa cidade moderna.<\/p>\n<h2>\n\t\tTambi\u00e9n puedes reservar nuestras otras visitas guiadas&#8230;\n\t<\/h2>\n\t<section>\n            <img decoding=\"async\" loading=\"lazy\" src=\"https:\/\/walkingranada.com\/wp-content\/uploads\/2023\/01\/Jardines-card-walkin.webp\" width=\"100%\" alt=\"Visita privada da Alhambra\"\/>\n                <h3>Visita privada da Alhambra<\/h3>\n                <hr \/>\n                <p>Se voc\u00ea quiser visitar a Alhambra com um guia dedicado e exclusivo a voc\u00ea e sua fam\u00edlia<\/p>\n                <hr \/>\n                    <p> Todos os dias<\/p>\n                    <p> Depende do s\u00edtio<\/p>\n                    <p> 3h<\/p>\n                    De\n                    <p>40\u20ac<\/p>\/pax\n            <a href=\"https:\/\/walkingranada.com\/pt\/alhambra\/visita-privada\/\">Reservar &gt;<\/a>\n            <img decoding=\"async\" loading=\"lazy\" src=\"https:\/\/walkingranada.com\/wp-content\/uploads\/2023\/01\/Alhambra-card-walkin.webp\" width=\"100%\" alt=\"Visita con entrada a la alhambra y generalife\"\/>\n                <h3>Visita guiada com entrada na Alhambra e Generalife<\/h3>\n                <hr \/>\n                <p>Entre na cidade palatina da Alhambra e nos seus impressionantes jardins.<\/p>\n                <hr \/>\n                    <p> Todos os dias<\/p>\n                    <p> Depende do s\u00edtio<\/p>\n                    <p> 3h<\/p>\n                    De\n                    <p>49\u20ac<\/p>\/pax\n            <a href=\"https:\/\/walkingranada.com\/pt\/alhambra\/visita-guiada-com-entrada-alhambra\/\">Reservar &gt;<\/a>\n        <img decoding=\"async\" loading=\"lazy\" src=\"https:\/\/walkingranada.com\/wp-content\/uploads\/2023\/01\/visita-albaicin-card.webp\" width=\"100%\" alt=\"Visita guiada al albaic\u00edn\"\/>\n            <h3>Orientado tour ao <br \/>Albaic\u00edn<\/h3>\n            <hr \/>\n            <p>Descubra o antigo bairro mu\u00e7ulmano da cidade de Granada com este passeio especial.<\/p>\n            <hr \/>\n                <p> Todos os dias<\/p>\n                <p> Pergunte-nos<\/p>\n                <p> 2,5h<\/p>\n                    De\n                    <p>8\u20ac<\/p>\/pax\n        <a href=\"https:\/\/walkingranada.com\/pt\/visitas-guiadas\/albaicin\/\">Reservar &gt;<\/a>\n        <img decoding=\"async\" loading=\"lazy\" src=\"https:\/\/walkingranada.com\/wp-content\/uploads\/2023\/01\/Card-Sacromonte.webp\" width=\"100%\" alt=\"Visita guiada al sacromonte\"\/>\n            <h3>Orientado tour ao Sacromonte<\/h3>\n            <hr \/>\n            Conhe\u00e7a o bairro mais delicado de Granada. Este \u00e9 um passeio para os amantes da fotografia.\n            <hr \/>\n                <p> Todos os dias<\/p>\n                <p> Pergunte-nos<\/p>\n                <p> 2,5h<\/p>\n                    De\n                    <p>8\u20ac<\/p>\/pax\n        <a href=\"https:\/\/walkingranada.com\/pt\/visitas-guiadas\/sacromonte\/\">Reservar &gt;<\/a>\n<\/section>\n<h2>\n\t\tTambi\u00e9n puedes reservar nuestros otros servicios&#8230;\n\t<\/h2>\n\t<a href=\"https:\/\/walkingranada.com\/pt\/que-fazer-em-granada\/flamenco\/\" target=\"_self\" rel=\"noopener\"><\/a>\t\t\t<img decoding=\"async\" loading=\"lazy\" alt=\"bailaora flamenca\" src=\"https:\/\/walkingranada.com\/wp-content\/uploads\/2022\/10\/Rectangle-42.png\"\/>\n\t\t<h3>Flamenco<\/h3>\n\t<a href=\"https:\/\/walkingranada.com\/pt\/que-fazer-em-granada\/hammam-al-andalus\/\" target=\"_self\" rel=\"noopener\"><\/a>\t\t\t<img decoding=\"async\" loading=\"lazy\" alt=\"ba\u00f1os \u00e1rabes\" src=\"https:\/\/walkingranada.com\/wp-content\/uploads\/2022\/10\/Rectangle-43.png\"\/>\n\t\t<h3>Hammam <br \/>Al-\u00e1ndalus<\/h3>\n\t<a href=\"https:\/\/walkingranada.com\/pt\/que-fazer-em-granada\/excursoes\/\" target=\"_self\" rel=\"noopener\"><\/a>\t\t\t<img decoding=\"async\" loading=\"lazy\" alt=\"mezquita de c\u00f3rdoba\" src=\"https:\/\/walkingranada.com\/wp-content\/uploads\/2022\/10\/Rectangle-45.png\"\/>\n\t\t<h3>excurs\u00f5es <br \/>de un dia<\/h3>\n\t<a href=\"https:\/\/walkingranada.com\/pt\/que-fazer-em-granada\/rota-olfativa\/\" target=\"_self\" rel=\"noopener\"><\/a>\t\t\t<img decoding=\"async\" loading=\"lazy\" alt=\"imagen de una chica joven\" src=\"https:\/\/walkingranada.com\/wp-content\/uploads\/2022\/10\/Rectangle-38.png\"\/>\n\t\t<h3>Rota olfativa<\/h3>","protected":false},"excerpt":{"rendered":"<p>Visita EN GRUPO &gt;\u00a0 CAPILLA REAL Y CATEDRAL VISITA EN GRUPO CAPILLA REAL Y CATEDRAL Plaza Villamena 5, local 1-2 Tienda \u00c1bside Dificultad baja Monumentos Accesibilidad limitada Todos los d\u00edas 10:00 2 horas Desde 33\u20ac\/adulto Desde 10\u20ac\/Ni\u00f1os menores de 12 a\u00f1os CASTELLANO, INGL\u00c9S, FRANC\u00c9S Descubre los dos edificios emblem\u00e1ticos de los Reyes Cat\u00f3licos La Catedral &#8230; <a title=\"Visita em grupo Capela Real &amp; Catedral\" class=\"read-more\" href=\"https:\/\/walkingranada.com\/pt\/visitas-guiadas\/catedral-capilla-real-grupo\/\" aria-label=\"Leia mais sobre Capilla Real y Catedral en Grupo\">Ler mais<\/a><\/p>","protected":false},"author":2,"featured_media":2542,"parent":94,"menu_order":0,"comment_status":"closed","ping_status":"closed","template":"","meta":{"footnotes":""},"class_list":["post-4142","page","type-page","status-publish","has-post-thumbnail"],"yoast_head":"<!-- This site is optimized with the Yoast SEO plugin v27.5 - https:\/\/yoast.com\/product\/yoast-seo-wordpress\/ -->\n<title>Visita Guiada Capilla Real y Catedral en Grupo - Walk in Granada<\/title>\n<meta name=\"description\" content=\"Visita la Capilla Real y la Catedral de Granada en grupo y descubre los dos s\u00edmbolos de los Reyes Cat\u00f3licos tras la conquista de la ciudad.\" \/>\n<meta name=\"robots\" content=\"index, follow, max-snippet:-1, max-image-preview:large, max-video-preview:-1\" \/>\n<link rel=\"canonical\" href=\"https:\/\/walkingranada.com\/pt\/visitas-guiadas\/catedral-capela-real-grupo\/\" \/>\n<meta property=\"og:locale\" content=\"pt_PT\" \/>\n<meta property=\"og:type\" content=\"article\" \/>\n<meta property=\"og:title\" content=\"Visita Guiada Capilla Real y Catedral en Grupo - Walk in Granada\" \/>\n<meta property=\"og:description\" content=\"Visita la Capilla Real y la Catedral de Granada en grupo y descubre los dos s\u00edmbolos de los Reyes Cat\u00f3licos tras la conquista de la ciudad.\" \/>\n<meta property=\"og:url\" content=\"https:\/\/walkingranada.com\/pt\/visitas-guiadas\/catedral-capela-real-grupo\/\" \/>\n<meta property=\"og:site_name\" content=\"Walk in Granada\" \/>\n<meta property=\"article:publisher\" content=\"https:\/\/es-es.facebook.com\/walkingranadatour\/\" \/>\n<meta property=\"article:modified_time\" content=\"2024-11-11T16:21:43+00:00\" \/>\n<meta property=\"og:image\" content=\"https:\/\/walkingranada.com\/wp-content\/uploads\/2023\/01\/Capilla-Real.webp\" \/>\n\t<meta property=\"og:image:width\" content=\"305\" \/>\n\t<meta property=\"og:image:height\" content=\"305\" \/>\n\t<meta property=\"og:image:type\" content=\"image\/webp\" \/>\n<meta name=\"twitter:card\" content=\"summary_large_image\" \/>\n<meta name=\"twitter:site\" content=\"@walkingranada\" \/>\n<meta name=\"twitter:label1\" content=\"Tempo estimado de leitura\" \/>\n\t<meta name=\"twitter:data1\" content=\"8 minutos\" \/>\n<script type=\"application\/ld+json\" class=\"yoast-schema-graph\">{\"@context\":\"https:\\\/\\\/schema.org\",\"@graph\":[{\"@type\":\"WebPage\",\"@id\":\"https:\\\/\\\/walkingranada.com\\\/visitas-guiadas\\\/catedral-capilla-real-grupo\\\/\",\"url\":\"https:\\\/\\\/walkingranada.com\\\/visitas-guiadas\\\/catedral-capilla-real-grupo\\\/\",\"name\":\"Visita Guiada Capilla Real y Catedral en Grupo - Walk in Granada\",\"isPartOf\":{\"@id\":\"https:\\\/\\\/walkingranada.com\\\/#website\"},\"primaryImageOfPage\":{\"@id\":\"https:\\\/\\\/walkingranada.com\\\/visitas-guiadas\\\/catedral-capilla-real-grupo\\\/#primaryimage\"},\"image\":{\"@id\":\"https:\\\/\\\/walkingranada.com\\\/visitas-guiadas\\\/catedral-capilla-real-grupo\\\/#primaryimage\"},\"thumbnailUrl\":\"https:\\\/\\\/walkingranada.com\\\/wp-content\\\/uploads\\\/2023\\\/01\\\/Capilla-Real.webp\",\"datePublished\":\"2023-05-18T10:38:41+00:00\",\"dateModified\":\"2024-11-11T16:21:43+00:00\",\"description\":\"Visita la Capilla Real y la Catedral de Granada en grupo y descubre los dos s\u00edmbolos de los Reyes Cat\u00f3licos tras la conquista de la ciudad.\",\"breadcrumb\":{\"@id\":\"https:\\\/\\\/walkingranada.com\\\/visitas-guiadas\\\/catedral-capilla-real-grupo\\\/#breadcrumb\"},\"inLanguage\":\"pt-PT\",\"potentialAction\":[{\"@type\":\"ReadAction\",\"target\":[\"https:\\\/\\\/walkingranada.com\\\/visitas-guiadas\\\/catedral-capilla-real-grupo\\\/\"]}]},{\"@type\":\"ImageObject\",\"inLanguage\":\"pt-PT\",\"@id\":\"https:\\\/\\\/walkingranada.com\\\/visitas-guiadas\\\/catedral-capilla-real-grupo\\\/#primaryimage\",\"url\":\"https:\\\/\\\/walkingranada.com\\\/wp-content\\\/uploads\\\/2023\\\/01\\\/Capilla-Real.webp\",\"contentUrl\":\"https:\\\/\\\/walkingranada.com\\\/wp-content\\\/uploads\\\/2023\\\/01\\\/Capilla-Real.webp\",\"width\":305,\"height\":305,\"caption\":\"Capilla Real\"},{\"@type\":\"BreadcrumbList\",\"@id\":\"https:\\\/\\\/walkingranada.com\\\/visitas-guiadas\\\/catedral-capilla-real-grupo\\\/#breadcrumb\",\"itemListElement\":[{\"@type\":\"ListItem\",\"position\":1,\"name\":\"Portada\",\"item\":\"https:\\\/\\\/walkingranada.com\\\/\"},{\"@type\":\"ListItem\",\"position\":2,\"name\":\"Visitas guiadas\",\"item\":\"https:\\\/\\\/walkingranada.com\\\/visitas-guiadas\\\/\"},{\"@type\":\"ListItem\",\"position\":3,\"name\":\"Capilla Real y Catedral en Grupo\"}]},{\"@type\":\"WebSite\",\"@id\":\"https:\\\/\\\/walkingranada.com\\\/#website\",\"url\":\"https:\\\/\\\/walkingranada.com\\\/\",\"name\":\"Walk in Granada\",\"description\":\"Turismo responsable\",\"publisher\":{\"@id\":\"https:\\\/\\\/walkingranada.com\\\/#organization\"},\"alternateName\":\"Walk in Granada\",\"potentialAction\":[{\"@type\":\"SearchAction\",\"target\":{\"@type\":\"EntryPoint\",\"urlTemplate\":\"https:\\\/\\\/walkingranada.com\\\/?s={search_term_string}\"},\"query-input\":{\"@type\":\"PropertyValueSpecification\",\"valueRequired\":true,\"valueName\":\"search_term_string\"}}],\"inLanguage\":\"pt-PT\"},{\"@type\":\"Organization\",\"@id\":\"https:\\\/\\\/walkingranada.com\\\/#organization\",\"name\":\"Walk In Granada\",\"alternateName\":\"Walk In Granada\",\"url\":\"https:\\\/\\\/walkingranada.com\\\/\",\"logo\":{\"@type\":\"ImageObject\",\"inLanguage\":\"pt-PT\",\"@id\":\"https:\\\/\\\/walkingranada.com\\\/#\\\/schema\\\/logo\\\/image\\\/\",\"url\":\"https:\\\/\\\/walkingranada.com\\\/wp-content\\\/uploads\\\/2022\\\/12\\\/Logo-Walking.webp\",\"contentUrl\":\"https:\\\/\\\/walkingranada.com\\\/wp-content\\\/uploads\\\/2022\\\/12\\\/Logo-Walking.webp\",\"width\":512,\"height\":512,\"caption\":\"Walk In Granada\"},\"image\":{\"@id\":\"https:\\\/\\\/walkingranada.com\\\/#\\\/schema\\\/logo\\\/image\\\/\"},\"sameAs\":[\"https:\\\/\\\/es-es.facebook.com\\\/walkingranadatour\\\/\",\"https:\\\/\\\/x.com\\\/walkingranada\",\"https:\\\/\\\/www.instagram.com\\\/walkingranada\\\/\"]}]}<\/script>\n<!-- \/ Yoast SEO plugin. -->","yoast_head_json":{"title":"Visita em grupo \u00e0 Capela Real e Catedral - Walk in Granada","description":"Visite em grupo a Capela Real e a Catedral de Granada e descubra os dois s\u00edmbolos dos Reis Cat\u00f3licos ap\u00f3s a conquista da cidade.","robots":{"index":"index","follow":"follow","max-snippet":"max-snippet:-1","max-image-preview":"max-image-preview:large","max-video-preview":"max-video-preview:-1"},"canonical":"https:\/\/walkingranada.com\/pt\/visitas-guiadas\/catedral-capela-real-grupo\/","og_locale":"pt_PT","og_type":"article","og_title":"Visita Guiada Capilla Real y Catedral en Grupo - Walk in Granada","og_description":"Visita la Capilla Real y la Catedral de Granada en grupo y descubre los dos s\u00edmbolos de los Reyes Cat\u00f3licos tras la conquista de la ciudad.","og_url":"https:\/\/walkingranada.com\/pt\/visitas-guiadas\/catedral-capela-real-grupo\/","og_site_name":"Walk in Granada","article_publisher":"https:\/\/es-es.facebook.com\/walkingranadatour\/","article_modified_time":"2024-11-11T16:21:43+00:00","og_image":[{"width":305,"height":305,"url":"https:\/\/walkingranada.com\/wp-content\/uploads\/2023\/01\/Capilla-Real.webp","type":"image\/webp"}],"twitter_card":"summary_large_image","twitter_site":"@walkingranada","twitter_misc":{"Tempo estimado de leitura":"8 minutos"},"schema":{"@context":"https:\/\/schema.org","@graph":[{"@type":"WebPage","@id":"https:\/\/walkingranada.com\/visitas-guiadas\/catedral-capilla-real-grupo\/","url":"https:\/\/walkingranada.com\/visitas-guiadas\/catedral-capilla-real-grupo\/","name":"Visita em grupo \u00e0 Capela Real e Catedral - Walk in Granada","isPartOf":{"@id":"https:\/\/walkingranada.com\/#website"},"primaryImageOfPage":{"@id":"https:\/\/walkingranada.com\/visitas-guiadas\/catedral-capilla-real-grupo\/#primaryimage"},"image":{"@id":"https:\/\/walkingranada.com\/visitas-guiadas\/catedral-capilla-real-grupo\/#primaryimage"},"thumbnailUrl":"https:\/\/walkingranada.com\/wp-content\/uploads\/2023\/01\/Capilla-Real.webp","datePublished":"2023-05-18T10:38:41+00:00","dateModified":"2024-11-11T16:21:43+00:00","description":"Visite em grupo a Capela Real e a Catedral de Granada e descubra os dois s\u00edmbolos dos Reis Cat\u00f3licos ap\u00f3s a conquista da cidade.","breadcrumb":{"@id":"https:\/\/walkingranada.com\/visitas-guiadas\/catedral-capilla-real-grupo\/#breadcrumb"},"inLanguage":"pt-PT","potentialAction":[{"@type":"ReadAction","target":["https:\/\/walkingranada.com\/visitas-guiadas\/catedral-capilla-real-grupo\/"]}]},{"@type":"ImageObject","inLanguage":"pt-PT","@id":"https:\/\/walkingranada.com\/visitas-guiadas\/catedral-capilla-real-grupo\/#primaryimage","url":"https:\/\/walkingranada.com\/wp-content\/uploads\/2023\/01\/Capilla-Real.webp","contentUrl":"https:\/\/walkingranada.com\/wp-content\/uploads\/2023\/01\/Capilla-Real.webp","width":305,"height":305,"caption":"Capilla Real"},{"@type":"BreadcrumbList","@id":"https:\/\/walkingranada.com\/visitas-guiadas\/catedral-capilla-real-grupo\/#breadcrumb","itemListElement":[{"@type":"ListItem","position":1,"name":"Portada","item":"https:\/\/walkingranada.com\/"},{"@type":"ListItem","position":2,"name":"Visitas guiadas","item":"https:\/\/walkingranada.com\/visitas-guiadas\/"},{"@type":"ListItem","position":3,"name":"Capilla Real y Catedral en Grupo"}]},{"@type":"WebSite","@id":"https:\/\/walkingranada.com\/#website","url":"https:\/\/walkingranada.com\/","name":"Walk in Granada","description":"Turismo responsable","publisher":{"@id":"https:\/\/walkingranada.com\/#organization"},"alternateName":"Walk in Granada","potentialAction":[{"@type":"SearchAction","target":{"@type":"EntryPoint","urlTemplate":"https:\/\/walkingranada.com\/?s={search_term_string}"},"query-input":{"@type":"PropertyValueSpecification","valueRequired":true,"valueName":"search_term_string"}}],"inLanguage":"pt-PT"},{"@type":"Organization","@id":"https:\/\/walkingranada.com\/#organization","name":"Walk In Granada","alternateName":"Walk In Granada","url":"https:\/\/walkingranada.com\/","logo":{"@type":"ImageObject","inLanguage":"pt-PT","@id":"https:\/\/walkingranada.com\/#\/schema\/logo\/image\/","url":"https:\/\/walkingranada.com\/wp-content\/uploads\/2022\/12\/Logo-Walking.webp","contentUrl":"https:\/\/walkingranada.com\/wp-content\/uploads\/2022\/12\/Logo-Walking.webp","width":512,"height":512,"caption":"Walk In Granada"},"image":{"@id":"https:\/\/walkingranada.com\/#\/schema\/logo\/image\/"},"sameAs":["https:\/\/es-es.facebook.com\/walkingranadatour\/","https:\/\/x.com\/walkingranada","https:\/\/www.instagram.com\/walkingranada\/"]}]}},"_links":{"self":[{"href":"https:\/\/walkingranada.com\/pt\/wp-json\/wp\/v2\/pages\/4142","targetHints":{"allow":["GET"]}}],"collection":[{"href":"https:\/\/walkingranada.com\/pt\/wp-json\/wp\/v2\/pages"}],"about":[{"href":"https:\/\/walkingranada.com\/pt\/wp-json\/wp\/v2\/types\/page"}],"author":[{"embeddable":true,"href":"https:\/\/walkingranada.com\/pt\/wp-json\/wp\/v2\/users\/2"}],"replies":[{"embeddable":true,"href":"https:\/\/walkingranada.com\/pt\/wp-json\/wp\/v2\/comments?post=4142"}],"version-history":[{"count":4,"href":"https:\/\/walkingranada.com\/pt\/wp-json\/wp\/v2\/pages\/4142\/revisions"}],"predecessor-version":[{"id":5234,"href":"https:\/\/walkingranada.com\/pt\/wp-json\/wp\/v2\/pages\/4142\/revisions\/5234"}],"up":[{"embeddable":true,"href":"https:\/\/walkingranada.com\/pt\/wp-json\/wp\/v2\/pages\/94"}],"wp:featuredmedia":[{"embeddable":true,"href":"https:\/\/walkingranada.com\/pt\/wp-json\/wp\/v2\/media\/2542"}],"wp:attachment":[{"href":"https:\/\/walkingranada.com\/pt\/wp-json\/wp\/v2\/media?parent=4142"}],"curies":[{"name":"wp","href":"https:\/\/api.w.org\/{rel}","templated":true}]}}