{"id":414,"date":"2022-10-27T08:47:25","date_gmt":"2022-10-27T08:47:25","guid":{"rendered":"https:\/\/factum-omibu.es\/walkin\/?page_id=414"},"modified":"2025-08-06T06:19:08","modified_gmt":"2025-08-06T06:19:08","slug":"albaicin","status":"publish","type":"page","link":"https:\/\/walkingranada.com\/pt\/visitas-guiadas\/albaicin\/","title":{"rendered":"Albaic\u00edn"},"content":{"rendered":"<p>Orientado Tours &gt; Albaic\u00edn<\/p>\n\t<!-- FareHarbor calendar of item #442582 -->\n<h1>\n\t\t\tTour privado Albaic\u00edn\t<\/h1>\n        <a href=\"#encuentro\">\n            <img decoding=\"async\" loading=\"lazy\" src=\"https:\/\/walkingranada.com\/wp-content\/uploads\/2022\/10\/fi-rr-marker.png\" alt=\"Plaza nueva\"\/>\n            <p>Plaza nueva <img decoding=\"async\" loading=\"lazy\" src=\"https:\/\/walkingranada.com\/wp-content\/uploads\/2022\/10\/\ud83e\udd86-icon-_Info-Circle_.png\" alt=\"informaci\u00f3n\"\/><\/p>\n        <\/a>\n        <img decoding=\"async\" loading=\"lazy\" src=\"https:\/\/walkingranada.com\/wp-content\/uploads\/2022\/12\/fuente-icon.png\" alt=\"Fonte principal da pra\u00e7a\"\/>\n        <p>Fonte principal da pra\u00e7a<\/p>\n        <img decoding=\"async\" loading=\"lazy\" src=\"https:\/\/walkingranada.com\/wp-content\/uploads\/2022\/10\/fi-rr-chat-arrow-grow.png\" alt=\"Dificultade m\u00e9dia\"\/>\n        <p>Dificultade m\u00e9dia<\/p>\n        <img decoding=\"async\" loading=\"lazy\" src=\"https:\/\/walkingranada.com\/wp-content\/uploads\/2022\/10\/fi-rr-map.png\" alt=\"Bairro hist\u00f3rico\"\/>\n        <p>Bairro hist\u00f3rico<\/p>\n        <img decoding=\"async\" loading=\"lazy\" src=\"https:\/\/walkingranada.com\/wp-content\/uploads\/2022\/12\/accesibilidad_.png\" alt=\"Acessibilidade limitada\"\/>\n        <p>Acessibilidade limitada<\/p>\n        <img decoding=\"async\" loading=\"lazy\" src=\"https:\/\/walkingranada.com\/wp-content\/uploads\/2022\/10\/fi-rr-calendar.png\" alt=\"TODOS LOS DIAS\"\/>\n        <p>Todos os dias<\/p>\n        <img decoding=\"async\" loading=\"lazy\" src=\"https:\/\/walkingranada.com\/wp-content\/uploads\/2022\/10\/fi-rr-clock.png\" alt=\"horario Seg\u00fan disponibilidad\"\/>\n        <p>De acordo com a disponibilidade<\/p>\n        <img decoding=\"async\" loading=\"lazy\" src=\"https:\/\/walkingranada.com\/wp-content\/uploads\/2022\/10\/fi-rr-alarm-clock.png\" alt=\"2,5 HORAS\"\/>\n        <p>2,5 horas<\/p>\n        <img decoding=\"async\" loading=\"lazy\" src=\"https:\/\/walkingranada.com\/wp-content\/uploads\/2022\/10\/fi-rr-receipt.png\" alt=\"TU PONES EL PRECIO\"\/>\n        <p>A partir de 8\u20ac\/pax<\/p>\n        <img decoding=\"async\" loading=\"lazy\" src=\"https:\/\/walkingranada.com\/wp-content\/uploads\/2022\/10\/fi-rr-comments.png\" alt=\"L\u00edngua\"\/>\n        <p>Espanhol, ingl\u00eas, franc\u00eas e portugu\u00eas. Outros a pedido.<\/p>\n<h2>\n\t\t\tA origem de Granada\t<\/h2>\n\t<p>El barrio del Albaic\u00edn es el coraz\u00f3n de Granada. Aqu\u00ed se fund\u00f3 la ciudad, y hoy en d\u00eda sigue siendo, junto con la Alhambra, la zona m\u00e1s importante de la ciudad hist\u00f3ricamente. Sus calles estrechas y laber\u00ednticas nos recuerdan su pasado musulm\u00e1n, sus magn\u00edficos miradores, su ambiente&#8230; D\u00e9jate llevar durante 2 horas y media por un gu\u00eda experimentado que te mostrar\u00e1 lo mejor de este barrio, mientras aprendes y disfrutas de un tour dise\u00f1ado a tu medida.<\/p>\n<h2>\n\t\t\tPonto de encontro\t<\/h2>\n\t\t\t\t<img decoding=\"async\" src=\"https:\/\/walkingranada.com\/wp-content\/uploads\/2023\/01\/fuente-plaza-nueva.webp\" alt=\"fuente-plaza-nueva\" itemprop=\"image\" height=\"398\" width=\"711\" title=\"fuente-plaza-nueva\" onerror=\"this.style.display='none'\" loading=\"lazy\" \/>\n<h3 class=\"translation-block\"><span class=\"fl-heading-text\">Fonte principal em frente \u00e0 farm\u00e1cia na <span class=\"red\">Plaza Nueva<\/span><\/span><\/h3>\n\t<p>Precisa de indica\u00e7\u00f5es para l\u00e1 chegar?<\/p>\n\t\t\t<a href=\"#reserva\" target=\"_self\">\n\t\t\t\t\t\t\tReservar &gt;\n\t\t\t\t\t<\/a>\n\t\t\t<a href=\"https:\/\/walkingranada.com\/pt\/como-chegar-a-plaza-nueva\/\" target=\"_self\">\n\t\t\t\t\t\t\tComo chegar l\u00e1? &gt;\n\t\t\t\t\t<\/a>\n<h2>\n\t\t\tRecomenda\u00e7\u00f5es\t<\/h2>\n\t<ol>\n<li class=\"translation-block\">Chegue <strong>20 minutos antes<\/strong> do hor\u00e1rio de in\u00edcio da visita.<\/li>\n<li>Usar <strong>sapatos confort\u00e1veis<\/strong>. A visita tem a dura\u00e7\u00e3o de 2.5 horas.<\/li>\n<li>No Ver\u00e3o, lembre-se de usar\u00a0<strong>creme solar e traga uma garrafa de \u00e1gua<\/strong>.<\/li>\n<\/ol>\n<h2>\n\t\t\tItiner\u00e1rio\t<\/h2>\n\t<ul>\n<li>Plaza Nueva<\/li>\n<li>Carrera del Darro<\/li>\n<li>Ba\u00f1uelo<\/li>\n<li>Edif\u00edcios Hispano-Mu\u00e7ulmanos<\/li>\n<li>San Juan de los Reyes<\/li>\n<li>Carmen de la Victoria<\/li>\n<li>Igreja de El Salvador<\/li>\n<li>Ponto de vista de San Nicol\u00e1s<\/li>\n<li>Mesquita Maior<\/li>\n<li>Arco de las Pesas<\/li>\n<li>Pra\u00e7a Larga<\/li>\n<\/ul>\n\t<p>A conquista de Granada marcou um ponto de viragem na sociedade europeia no final do s\u00e9culo XV e \u00e9 no Albaic\u00edn que encontramos o testemunho mais v\u00edvido desta mudan\u00e7a. O distrito de Albaic\u00edn \u00e9 uma s\u00edntese de todas as culturas que passaram pelas suas ruas e pra\u00e7as e viveram nas suas casas. Dos romanos aos crist\u00e3os, passando pelos visigodos e n\u00e3o esquecendo os artistas e escritores rom\u00e2nticos que encontraram tanta inspira\u00e7\u00e3o nas suas belas ruas estreitas, todos contribu\u00edram para dar ao Albaic\u00edn o seu encanto caracter\u00edstico. Aqui, casas Nasrid e Mouros, casas mouriscas e c\u00e1rmenes com os seus jardins tradicionais, antigas mesquitas convertidas em igrejas e pal\u00e1cios mu\u00e7ulmanos coexistem com oficinas artesanais, bares tradicionais, neg\u00f3cios familiares e pontos de vista m\u00e1gicos.<\/p>\n<p>Verifique a disponibilidade do nosso calend\u00e1rio.\u00a0<strong>N\u00e3o o perca!<\/strong><\/p>\nLembre-se, se tiver alguma d\u00favida antes de reservar uma visita privada ou se o dia que deseja visitar n\u00e3o estiver dispon\u00edvel, pode contactar-nos em qualquer altura em\u00a0<a href=\"mailto:info@walkingranada.com\">info@walkingranada.com<\/a>.<br \/>\nSe desejar uma visita mais espec\u00edfica, incluindo bilhetes para um monumento do seu interesse ou noutra l\u00edngua, pode fazer o pedido atrav\u00e9s da nossa\u00a0<a href=\"https:\/\/walkingranada.com\/pt\/visitas-personalizadas\/\">visitas personalizadas<\/a>.\n<h2>\n\t\t\tTambi\u00e9n puedes reservar nuestras otras visitas guiadas&#8230;\t<\/h2>\n\t<section>\n            <img decoding=\"async\" loading=\"lazy\" src=\"https:\/\/walkingranada.com\/wp-content\/uploads\/2023\/01\/Jardines-card-walkin.webp\" width=\"100%\" alt=\"Orientado tour privado da Alhambra\"\/>\n                <h3>Visita privada da Alhambra<\/h3>\n                <hr \/>\n                <p>Se voc\u00ea quiser visitar a Alhambra com um guia dedicado e exclusivo a voc\u00ea e sua fam\u00edlia<\/p>\n                <hr \/>\n                    <p> Todos os dias<\/p>\n                    <p> Depende do s\u00edtio<\/p>\n                    <p> 3h<\/p>\n                    De\n                    <p>40\u20ac<\/p>\/pax\n            <a href=\"https:\/\/walkingranada.com\/pt\/alhambra\/visita-privada\/\">Reservar &gt;<\/a>\n            <img decoding=\"async\" loading=\"lazy\" src=\"https:\/\/walkingranada.com\/wp-content\/uploads\/2023\/01\/Alhambra-card-walkin.webp\" width=\"100%\" alt=\"Visita guiada com entrada na Alhambra e Generalife\"\/>\n                <h3>Visita guiada com entrada na Alhambra e Generalife<\/h3>\n                <hr \/>\n                <p>Entre na cidade palatina da Alhambra e nos seus impressionantes jardins.<\/p>\n                <hr \/>\n                    <p> Todos os dias<\/p>\n                    <p> Depende do s\u00edtio<\/p>\n                    <p> 3h<\/p>\n                    De\n                    <p>49\u20ac<\/p>\n                    \/pax\n            <a href=\"https:\/\/walkingranada.com\/pt\/alhambra\/visita-guiada-com-entrada-alhambra\/\">Reservar &gt;<\/a>\n        <img decoding=\"async\" loading=\"lazy\" src=\"https:\/\/walkingranada.com\/wp-content\/uploads\/2023\/01\/Centro-historico-card.webp\" width=\"100%\" alt=\"Orientado tour ao centro hist\u00f3rico e ao baixo albaic\u00edn\"\/>\n            <h3>Orientado tour ao centro hist\u00f3rico e ao baixo albaic\u00edn<\/h3>\n            <hr \/>\n            <p>Mergulhe na hist\u00f3ria. Neste passeio visitar\u00e1 as \u00e1reas mais centrais e populares.<\/p>\n            <hr \/>\n                <p> Todos os dias<\/p>\n                <p> Pergunte-nos<\/p>\n                <p> 2,5h<\/p>\n                    De\n                    <p>8\u20ac<\/p>\n                    \/pax\n        <a href=\"https:\/\/walkingranada.com\/pt\/visitas-guiadas\/centre-historique-albaicin\/\">Reservar &gt;<\/a>\n        <img decoding=\"async\" loading=\"lazy\" src=\"https:\/\/walkingranada.com\/wp-content\/uploads\/2023\/01\/Card-Sacromonte.webp\" width=\"100%\" alt=\"Orientado tour ao Sacromonte\"\/>\n            <h3>Orientado tour ao Sacromonte<\/h3>\n            <hr \/>\n            Conhe\u00e7a o bairro mais delicado de Granada. Este \u00e9 um passeio para os amantes da fotografia.\n            <hr \/>\n                <p> Todos os dias<\/p>\n                <p> Pergunte-nos<\/p>\n                <p> 2,5h<\/p>\n                    De\n                    <p>8\u20ac<\/p>\n                    \/pax\n        <a href=\"https:\/\/walkingranada.com\/pt\/visitas-guiadas\/sacromonte\/\">Reservar &gt;<\/a>\n<\/section>\n<h2>\n\t\t\tTambi\u00e9n puedes reservar nuestros otros servicios&#8230;\t<\/h2>\n\t<a href=\"https:\/\/walkingranada.com\/pt\/que-fazer-em-granada\/flamenco\/\" target=\"_self\"><\/a>\t\t\t<img decoding=\"async\" loading=\"lazy\" alt=\"bailaora flamenca\" src=\"https:\/\/walkingranada.com\/wp-content\/uploads\/2022\/10\/Rectangle-42.png\"\/>\n\t\t<h3>Flamenco<\/h3>\n\t<a href=\"https:\/\/walkingranada.com\/pt\/que-fazer-em-granada\/hammam-al-andalus\/\" target=\"_self\"><\/a>\t\t\t<img decoding=\"async\" loading=\"lazy\" alt=\"ba\u00f1os \u00e1rabes\" src=\"https:\/\/walkingranada.com\/wp-content\/uploads\/2022\/10\/Rectangle-43.png\"\/>\n\t\t<h3>Hammam <br \/>Al-\u00e1ndalus<\/h3>\n\t<a href=\"https:\/\/walkingranada.com\/pt\/que-fazer-em-granada\/excursoes\/\" target=\"_self\"><\/a>\t\t\t<img decoding=\"async\" loading=\"lazy\" alt=\"mezquita de c\u00f3rdoba\" src=\"https:\/\/walkingranada.com\/wp-content\/uploads\/2022\/10\/Rectangle-45.png\"\/>\n\t\t<h3>excurs\u00f5es <br \/>de un dia<\/h3>\n\t<a href=\"https:\/\/walkingranada.com\/pt\/que-fazer-em-granada\/rota-olfativa\/\" target=\"_self\"><\/a>\t\t\t<img decoding=\"async\" loading=\"lazy\" alt=\"imagen de una chica joven\" src=\"https:\/\/walkingranada.com\/wp-content\/uploads\/2022\/10\/Rectangle-38.png\"\/>\n\t\t<h3>Rota olfativa<\/h3>","protected":false},"excerpt":{"rendered":"<p>Visitas guiadas &gt; Albaic\u00edn Visita privada Albaic\u00edn Plaza nueva Fuente principal de la plaza Dificultad media Casco Hist\u00f3rico Accesibilidad limitada Todos los d\u00edas Seg\u00fan disponibilidad 2,5 horas Desde 8\u20ac\/pax Castellano, ingl\u00e9s, franc\u00e9s y portugu\u00e9s. Otros bajo petici\u00f3n. El origen de Granada El barrio del Albaic\u00edn es el coraz\u00f3n de Granada. Aqu\u00ed se fund\u00f3 la ciudad, &#8230; <a title=\"Albaic\u00edn\" class=\"read-more\" href=\"https:\/\/walkingranada.com\/pt\/visitas-guiadas\/albaicin\/\" aria-label=\"Leia mais sobre Albaic\u00edn\">Ler mais<\/a><\/p>","protected":false},"author":2,"featured_media":2199,"parent":94,"menu_order":0,"comment_status":"closed","ping_status":"closed","template":"","meta":{"footnotes":""},"class_list":["post-414","page","type-page","status-publish","has-post-thumbnail"],"yoast_head":"<!-- This site is optimized with the Yoast SEO plugin v27.5 - https:\/\/yoast.com\/product\/yoast-seo-wordpress\/ -->\n<title>Visita Guiada Albaic\u00edn - Visita Privada - Walk in Granada<\/title>\n<meta name=\"description\" content=\"Visitas privadas con gu\u00eda local en el barrio del Albaic\u00edn. Casas moriscas, c\u00e1rmenes mezquitas convertidas en iglesias, palacios y mucho m\u00e1s\" \/>\n<meta name=\"robots\" content=\"index, follow, max-snippet:-1, max-image-preview:large, max-video-preview:-1\" \/>\n<link rel=\"canonical\" href=\"https:\/\/walkingranada.com\/pt\/visitas-guiadas\/albaicin\/\" \/>\n<meta property=\"og:locale\" content=\"pt_PT\" \/>\n<meta property=\"og:type\" content=\"article\" \/>\n<meta property=\"og:title\" content=\"Visita Guiada Albaic\u00edn - Visita Privada - Walk in Granada\" \/>\n<meta property=\"og:description\" content=\"Visitas privadas con gu\u00eda local en el barrio del Albaic\u00edn. Casas moriscas, c\u00e1rmenes mezquitas convertidas en iglesias, palacios y mucho m\u00e1s\" \/>\n<meta property=\"og:url\" content=\"https:\/\/walkingranada.com\/pt\/visitas-guiadas\/albaicin\/\" \/>\n<meta property=\"og:site_name\" content=\"Walk in Granada\" \/>\n<meta property=\"article:publisher\" content=\"https:\/\/es-es.facebook.com\/walkingranadatour\/\" \/>\n<meta property=\"article:modified_time\" content=\"2025-08-06T06:19:08+00:00\" \/>\n<meta property=\"og:image\" content=\"https:\/\/walkingranada.com\/wp-content\/uploads\/2023\/01\/Freetour-albaicin-y-sacromonte.webp\" \/>\n\t<meta property=\"og:image:width\" content=\"452\" \/>\n\t<meta property=\"og:image:height\" content=\"282\" \/>\n\t<meta property=\"og:image:type\" content=\"image\/webp\" \/>\n<meta name=\"twitter:card\" content=\"summary_large_image\" \/>\n<meta name=\"twitter:site\" content=\"@walkingranada\" \/>\n<meta name=\"twitter:label1\" content=\"Tempo estimado de leitura\" \/>\n\t<meta name=\"twitter:data1\" content=\"7 minutos\" \/>\n<script type=\"application\/ld+json\" class=\"yoast-schema-graph\">{\"@context\":\"https:\\\/\\\/schema.org\",\"@graph\":[{\"@type\":\"WebPage\",\"@id\":\"https:\\\/\\\/walkingranada.com\\\/visitas-guiadas\\\/albaicin\\\/\",\"url\":\"https:\\\/\\\/walkingranada.com\\\/visitas-guiadas\\\/albaicin\\\/\",\"name\":\"Visita Guiada Albaic\u00edn - Visita Privada - Walk in Granada\",\"isPartOf\":{\"@id\":\"https:\\\/\\\/walkingranada.com\\\/#website\"},\"primaryImageOfPage\":{\"@id\":\"https:\\\/\\\/walkingranada.com\\\/visitas-guiadas\\\/albaicin\\\/#primaryimage\"},\"image\":{\"@id\":\"https:\\\/\\\/walkingranada.com\\\/visitas-guiadas\\\/albaicin\\\/#primaryimage\"},\"thumbnailUrl\":\"https:\\\/\\\/walkingranada.com\\\/wp-content\\\/uploads\\\/2023\\\/01\\\/Freetour-albaicin-y-sacromonte.webp\",\"datePublished\":\"2022-10-27T08:47:25+00:00\",\"dateModified\":\"2025-08-06T06:19:08+00:00\",\"description\":\"Visitas privadas con gu\u00eda local en el barrio del Albaic\u00edn. Casas moriscas, c\u00e1rmenes mezquitas convertidas en iglesias, palacios y mucho m\u00e1s\",\"breadcrumb\":{\"@id\":\"https:\\\/\\\/walkingranada.com\\\/visitas-guiadas\\\/albaicin\\\/#breadcrumb\"},\"inLanguage\":\"pt-PT\",\"potentialAction\":[{\"@type\":\"ReadAction\",\"target\":[\"https:\\\/\\\/walkingranada.com\\\/visitas-guiadas\\\/albaicin\\\/\"]}]},{\"@type\":\"ImageObject\",\"inLanguage\":\"pt-PT\",\"@id\":\"https:\\\/\\\/walkingranada.com\\\/visitas-guiadas\\\/albaicin\\\/#primaryimage\",\"url\":\"https:\\\/\\\/walkingranada.com\\\/wp-content\\\/uploads\\\/2023\\\/01\\\/Freetour-albaicin-y-sacromonte.webp\",\"contentUrl\":\"https:\\\/\\\/walkingranada.com\\\/wp-content\\\/uploads\\\/2023\\\/01\\\/Freetour-albaicin-y-sacromonte.webp\",\"width\":452,\"height\":282,\"caption\":\"Vistas del albaycin\"},{\"@type\":\"BreadcrumbList\",\"@id\":\"https:\\\/\\\/walkingranada.com\\\/visitas-guiadas\\\/albaicin\\\/#breadcrumb\",\"itemListElement\":[{\"@type\":\"ListItem\",\"position\":1,\"name\":\"Portada\",\"item\":\"https:\\\/\\\/walkingranada.com\\\/\"},{\"@type\":\"ListItem\",\"position\":2,\"name\":\"Visitas guiadas\",\"item\":\"https:\\\/\\\/walkingranada.com\\\/visitas-guiadas\\\/\"},{\"@type\":\"ListItem\",\"position\":3,\"name\":\"Albaic\u00edn\"}]},{\"@type\":\"WebSite\",\"@id\":\"https:\\\/\\\/walkingranada.com\\\/#website\",\"url\":\"https:\\\/\\\/walkingranada.com\\\/\",\"name\":\"Walk in Granada\",\"description\":\"Turismo responsable\",\"publisher\":{\"@id\":\"https:\\\/\\\/walkingranada.com\\\/#organization\"},\"alternateName\":\"Walk in Granada\",\"potentialAction\":[{\"@type\":\"SearchAction\",\"target\":{\"@type\":\"EntryPoint\",\"urlTemplate\":\"https:\\\/\\\/walkingranada.com\\\/?s={search_term_string}\"},\"query-input\":{\"@type\":\"PropertyValueSpecification\",\"valueRequired\":true,\"valueName\":\"search_term_string\"}}],\"inLanguage\":\"pt-PT\"},{\"@type\":\"Organization\",\"@id\":\"https:\\\/\\\/walkingranada.com\\\/#organization\",\"name\":\"Walk In Granada\",\"alternateName\":\"Walk In Granada\",\"url\":\"https:\\\/\\\/walkingranada.com\\\/\",\"logo\":{\"@type\":\"ImageObject\",\"inLanguage\":\"pt-PT\",\"@id\":\"https:\\\/\\\/walkingranada.com\\\/#\\\/schema\\\/logo\\\/image\\\/\",\"url\":\"https:\\\/\\\/walkingranada.com\\\/wp-content\\\/uploads\\\/2022\\\/12\\\/Logo-Walking.webp\",\"contentUrl\":\"https:\\\/\\\/walkingranada.com\\\/wp-content\\\/uploads\\\/2022\\\/12\\\/Logo-Walking.webp\",\"width\":512,\"height\":512,\"caption\":\"Walk In Granada\"},\"image\":{\"@id\":\"https:\\\/\\\/walkingranada.com\\\/#\\\/schema\\\/logo\\\/image\\\/\"},\"sameAs\":[\"https:\\\/\\\/es-es.facebook.com\\\/walkingranadatour\\\/\",\"https:\\\/\\\/x.com\\\/walkingranada\",\"https:\\\/\\\/www.instagram.com\\\/walkingranada\\\/\"]}]}<\/script>\n<!-- \/ Yoast SEO plugin. -->","yoast_head_json":{"title":"Visita Guiada Albaic\u00edn - Visita Privada - Walk in Granada","description":"Excurs\u00f5es privadas com guia local no bairro de Albaic\u00edn. Casas moura, antigos carmens de mesquitas transformados em igrejas, pal\u00e1cios e muito mais.","robots":{"index":"index","follow":"follow","max-snippet":"max-snippet:-1","max-image-preview":"max-image-preview:large","max-video-preview":"max-video-preview:-1"},"canonical":"https:\/\/walkingranada.com\/pt\/visitas-guiadas\/albaicin\/","og_locale":"pt_PT","og_type":"article","og_title":"Visita Guiada Albaic\u00edn - Visita Privada - Walk in Granada","og_description":"Visitas privadas con gu\u00eda local en el barrio del Albaic\u00edn. Casas moriscas, c\u00e1rmenes mezquitas convertidas en iglesias, palacios y mucho m\u00e1s","og_url":"https:\/\/walkingranada.com\/pt\/visitas-guiadas\/albaicin\/","og_site_name":"Walk in Granada","article_publisher":"https:\/\/es-es.facebook.com\/walkingranadatour\/","article_modified_time":"2025-08-06T06:19:08+00:00","og_image":[{"width":452,"height":282,"url":"https:\/\/walkingranada.com\/wp-content\/uploads\/2023\/01\/Freetour-albaicin-y-sacromonte.webp","type":"image\/webp"}],"twitter_card":"summary_large_image","twitter_site":"@walkingranada","twitter_misc":{"Tempo estimado de leitura":"7 minutos"},"schema":{"@context":"https:\/\/schema.org","@graph":[{"@type":"WebPage","@id":"https:\/\/walkingranada.com\/visitas-guiadas\/albaicin\/","url":"https:\/\/walkingranada.com\/visitas-guiadas\/albaicin\/","name":"Visita Guiada Albaic\u00edn - Visita Privada - Walk in Granada","isPartOf":{"@id":"https:\/\/walkingranada.com\/#website"},"primaryImageOfPage":{"@id":"https:\/\/walkingranada.com\/visitas-guiadas\/albaicin\/#primaryimage"},"image":{"@id":"https:\/\/walkingranada.com\/visitas-guiadas\/albaicin\/#primaryimage"},"thumbnailUrl":"https:\/\/walkingranada.com\/wp-content\/uploads\/2023\/01\/Freetour-albaicin-y-sacromonte.webp","datePublished":"2022-10-27T08:47:25+00:00","dateModified":"2025-08-06T06:19:08+00:00","description":"Excurs\u00f5es privadas com guia local no bairro de Albaic\u00edn. Casas moura, antigos carmens de mesquitas transformados em igrejas, pal\u00e1cios e muito mais.","breadcrumb":{"@id":"https:\/\/walkingranada.com\/visitas-guiadas\/albaicin\/#breadcrumb"},"inLanguage":"pt-PT","potentialAction":[{"@type":"ReadAction","target":["https:\/\/walkingranada.com\/visitas-guiadas\/albaicin\/"]}]},{"@type":"ImageObject","inLanguage":"pt-PT","@id":"https:\/\/walkingranada.com\/visitas-guiadas\/albaicin\/#primaryimage","url":"https:\/\/walkingranada.com\/wp-content\/uploads\/2023\/01\/Freetour-albaicin-y-sacromonte.webp","contentUrl":"https:\/\/walkingranada.com\/wp-content\/uploads\/2023\/01\/Freetour-albaicin-y-sacromonte.webp","width":452,"height":282,"caption":"Vistas del albaycin"},{"@type":"BreadcrumbList","@id":"https:\/\/walkingranada.com\/visitas-guiadas\/albaicin\/#breadcrumb","itemListElement":[{"@type":"ListItem","position":1,"name":"Portada","item":"https:\/\/walkingranada.com\/"},{"@type":"ListItem","position":2,"name":"Visitas guiadas","item":"https:\/\/walkingranada.com\/visitas-guiadas\/"},{"@type":"ListItem","position":3,"name":"Albaic\u00edn"}]},{"@type":"WebSite","@id":"https:\/\/walkingranada.com\/#website","url":"https:\/\/walkingranada.com\/","name":"Walk in Granada","description":"Turismo responsable","publisher":{"@id":"https:\/\/walkingranada.com\/#organization"},"alternateName":"Walk in Granada","potentialAction":[{"@type":"SearchAction","target":{"@type":"EntryPoint","urlTemplate":"https:\/\/walkingranada.com\/?s={search_term_string}"},"query-input":{"@type":"PropertyValueSpecification","valueRequired":true,"valueName":"search_term_string"}}],"inLanguage":"pt-PT"},{"@type":"Organization","@id":"https:\/\/walkingranada.com\/#organization","name":"Walk In Granada","alternateName":"Walk In Granada","url":"https:\/\/walkingranada.com\/","logo":{"@type":"ImageObject","inLanguage":"pt-PT","@id":"https:\/\/walkingranada.com\/#\/schema\/logo\/image\/","url":"https:\/\/walkingranada.com\/wp-content\/uploads\/2022\/12\/Logo-Walking.webp","contentUrl":"https:\/\/walkingranada.com\/wp-content\/uploads\/2022\/12\/Logo-Walking.webp","width":512,"height":512,"caption":"Walk In Granada"},"image":{"@id":"https:\/\/walkingranada.com\/#\/schema\/logo\/image\/"},"sameAs":["https:\/\/es-es.facebook.com\/walkingranadatour\/","https:\/\/x.com\/walkingranada","https:\/\/www.instagram.com\/walkingranada\/"]}]}},"_links":{"self":[{"href":"https:\/\/walkingranada.com\/pt\/wp-json\/wp\/v2\/pages\/414","targetHints":{"allow":["GET"]}}],"collection":[{"href":"https:\/\/walkingranada.com\/pt\/wp-json\/wp\/v2\/pages"}],"about":[{"href":"https:\/\/walkingranada.com\/pt\/wp-json\/wp\/v2\/types\/page"}],"author":[{"embeddable":true,"href":"https:\/\/walkingranada.com\/pt\/wp-json\/wp\/v2\/users\/2"}],"replies":[{"embeddable":true,"href":"https:\/\/walkingranada.com\/pt\/wp-json\/wp\/v2\/comments?post=414"}],"version-history":[{"count":1,"href":"https:\/\/walkingranada.com\/pt\/wp-json\/wp\/v2\/pages\/414\/revisions"}],"predecessor-version":[{"id":7050,"href":"https:\/\/walkingranada.com\/pt\/wp-json\/wp\/v2\/pages\/414\/revisions\/7050"}],"up":[{"embeddable":true,"href":"https:\/\/walkingranada.com\/pt\/wp-json\/wp\/v2\/pages\/94"}],"wp:featuredmedia":[{"embeddable":true,"href":"https:\/\/walkingranada.com\/pt\/wp-json\/wp\/v2\/media\/2199"}],"wp:attachment":[{"href":"https:\/\/walkingranada.com\/pt\/wp-json\/wp\/v2\/media?parent=414"}],"curies":[{"name":"wp","href":"https:\/\/api.w.org\/{rel}","templated":true}]}}