{"id":4131,"date":"2023-05-09T09:18:01","date_gmt":"2023-05-09T09:18:01","guid":{"rendered":"https:\/\/walkingranada.com\/?page_id=4131"},"modified":"2025-04-21T11:44:38","modified_gmt":"2025-04-21T11:44:38","slug":"visita-guiada-de-grupo-premium","status":"publish","type":"page","link":"https:\/\/walkingranada.com\/pt\/alhambra\/visita-guiada-alhambra-premium\/","title":{"rendered":"Visita Guiada de la Alhambra en Grupo. Premium"},"content":{"rendered":"<p>ALHAMBRA &gt; VISITA GUIADA PREMIUM<\/p>\n\t\n\n\n\tReservar online\n\t\t\t<a href=\"https:\/\/walkingranada.com\/pt\/alhambra\/visita-guiada-de-grupo-premium\/\" target=\"_self\">\n\t\t\t\t\t\t\tEspanhol\n\t\t\t\t\t<\/a>\n\t\t\t<a href=\"https:\/\/walkingranada.com\/en\/alhambra\/premium-group-guided-tour\/\" target=\"_self\">\n\t\t\t\t\t\t\tIngl\u00eas\n\t\t\t\t\t<\/a>\n\t\t\t<a href=\"https:\/\/walkingranada.com\/fr\/alhambra\/premium-visite-guidee-en-groupe\/\" target=\"_self\">\n\t\t\t\t\t\t\tFranc\u00eas\n\t\t\t\t\t<\/a>\n\t\n<h1>\n\t\tVISITA GUIADA EM GRUPO PREMIUM COM INGRESSOS PARA ALHAMBRA E GENERALIFE\n\t<\/h1>\n        <a href=\"#encuentro\">\n            <img decoding=\"async\" loading=\"lazy\" src=\"https:\/\/walkingranada.com\/wp-content\/uploads\/2022\/10\/fi-rr-marker.png\" alt=\"Paseo de la Sabica 1\"\/>\n            <p>Paseo de la Sabica 1 <img decoding=\"async\" loading=\"lazy\" src=\"https:\/\/walkingranada.com\/wp-content\/uploads\/2022\/10\/\ud83e\udd86-icon-_Info-Circle_.png\" alt=\"informaci\u00f3n\"\/><\/p>\n        <\/a>\n        <img decoding=\"async\" loading=\"lazy\" src=\"https:\/\/walkingranada.com\/wp-content\/uploads\/2022\/12\/encuentro_icon.png\" alt=\"Recepci\u00f3n de visitantes\"\/>\n        <p>Recepci\u00f3n de visitantes<\/p>\n        <img decoding=\"async\" loading=\"lazy\" src=\"https:\/\/walkingranada.com\/wp-content\/uploads\/2024\/03\/Entradas.png\" alt=\"Entrada inclu\u00edda\" width=\"60px\" height=\"60px\"\/>\n        <p>Entrada inclu\u00edda<\/p>\n        <img decoding=\"async\" loading=\"lazy\" src=\"https:\/\/walkingranada.com\/wp-content\/uploads\/2023\/06\/visita-en-grupo.webp\" alt=\"Grupo de at\u00e9 14 pessoas\"\/>\n        <p>Grupo de at\u00e9 14 pessoas<\/p>\n        <img decoding=\"async\" loading=\"lazy\" src=\"https:\/\/walkingranada.com\/wp-content\/uploads\/2022\/12\/accesibilidad_.png\" alt=\"Acessibilidade limitada\"\/>\n        <p>Acessibilidade limitada<\/p>\n        <img decoding=\"async\" loading=\"lazy\" src=\"https:\/\/walkingranada.com\/wp-content\/uploads\/2022\/10\/fi-rr-calendar.png\" alt=\"Todos os dias\"\/>\n        <p>Todos os dias<\/p>\n        <img decoding=\"async\" loading=\"lazy\" src=\"https:\/\/walkingranada.com\/wp-content\/uploads\/2022\/10\/fi-rr-clock.png\" alt=\"De acordo com a disponibilidade\"\/>\n        <p>De acordo com a disponibilidade<\/p>\n        <img decoding=\"async\" loading=\"lazy\" src=\"https:\/\/walkingranada.com\/wp-content\/uploads\/2022\/10\/fi-rr-alarm-clock.png\" alt=\"3 horas\"\/>\n        <p>3 horas<\/p>\n        <img decoding=\"async\" loading=\"lazy\" src=\"https:\/\/walkingranada.com\/wp-content\/uploads\/2022\/10\/fi-rr-receipt.png\" alt=\"A partir de 52\u20ac\/pax\"\/>\n        <p>A partir de 52\u20ac\/pax<\/p>\n        <img decoding=\"async\" loading=\"lazy\" src=\"https:\/\/walkingranada.com\/wp-content\/uploads\/2022\/10\/fi-rr-comments.png\" alt=\"Espanhol \/ Ingl\u00eas\"\/>\n        <p>Espanhol, ingl\u00eas, franc\u00eas<\/p>\n<h2>\n\t\tDescubra os segredos e os mist\u00e9rios da fortaleza vermelha!\n\t<\/h2>\n\t<p class=\"translation-block\">Nesta Visita Guiada Alhambra Premium, com um grupo de no m\u00e1ximo <strong>14 pessoas<\/strong>, voc\u00ea conhecer\u00e1, pelas m\u00e3os de um guia oficial, a evolu\u00e7\u00e3o desta cidade palaciana desde a \u00e9poca dos nazar\u00edes at\u00e9 os dias atuais.<\/p>\n\t<p>A visita guiada ser\u00e1 realizada em espanhol, ingl\u00eas ou franc\u00eas.<\/p>\n\t<p>Importante antes da reserva:<\/p>\n<ul>\n<li>Este servi\u00e7o \u00e9 prestado por um terceiro.<\/li>\n<li>Em raras ocasi\u00f5es, o n\u00famero de pessoas do grupo pode exceder o montante especificado.<\/li>\n<\/ul>\n<h2>\n\t\tPonto de encontro\n\t<\/h2>\n\t\t\t\t<img decoding=\"async\" loading=\"lazy\" src=\"https:\/\/walkingranada.com\/wp-content\/uploads\/2025\/03\/Punto-de-encuentro-Alhambra-AGOG.jpg.webp\" alt=\"\" itemprop=\"image\" height=\"660\" width=\"682\" onerror=\"this.style.display='none'\"  \/>\n<h3>\n\t\tRecepci\u00f3n de visitantes (Paseo de la Sabica 1, 18009, Granada)&nbsp;\n\t<\/h3>\n\t<p>Precisa de indica\u00e7\u00f5es para l\u00e1 chegar?<\/p>\n\t\t\t<a href=\"#reserva\" target=\"_self\">\n\t\t\t\t\t\t\tReservar &gt;\n\t\t\t\t\t<\/a>\n\t\t\t<a href=\"https:\/\/maps.app.goo.gl\/4VLJkwzxjQpBSofu8\" target=\"_blank\" rel=\"noopener\">\n\t\t\t\t\t\t\tComo chegar l\u00e1? &gt;\n\t\t\t\t\t<\/a>\n<h2>\n\t\tRecomenda\u00e7\u00f5es\n\t<\/h2>\n\t<ol>\n<li>\u00c9&nbsp;<strong>MANDAT\u00d3RIO<\/strong>&nbsp;apresentar&nbsp;<strong>Cart\u00e3o de identidade ou passaporte original<\/strong>&nbsp;para acesso ao monumento<\/li>\n<li>N\u00e3o \u00e9 permitida a entrada de mochilas ou sacos com mais de 40\u00d740 cm no monumento.<\/li>\n<li class=\"translation-block\">Chegue <strong>20 minutos antes<\/strong> do hor\u00e1rio de in\u00edcio da visita.<\/li>\n<li>Usar&nbsp;<strong>sapatos confort\u00e1veis<\/strong>. A visita tem a dura\u00e7\u00e3o de 3 horas.<\/li>\n<\/ol>\n<h2>\n\t\tItiner\u00e1rio\n\t<\/h2>\n\t<ul>\n<li>Pal\u00e1cios Nasrid<\/li>\n<li>Mexuar<\/li>\n<li>Comares<\/li>\n<li>Patio de los Arrayanes<\/li>\n<li>Pal\u00e1cio dos Le\u00f5es<\/li>\n<li>Alcazaba<\/li>\n<li>Pal\u00e1cio de Carlos V<\/li>\n<li>Generalife e jardins<\/li>\n<\/ul>\n<h2>\n\t\tM\u00e1s informaci\u00f3n sobre la Visita Guiada Alhambra Premium\n\t<\/h2>\n\t<p class=\"translation-block\">A Alhambra \u00e9 um dos lugares mais visitados do mundo. Sem d\u00favida, a sua beleza exterior \u00e9 uma das principais raz\u00f5es para a visitar, mas no seu interior existem muitas mais atrac\u00e7\u00f5es. O monumento \u00e9 muito mais do que uma cidade palaciana: \u00e9 um dos principais s\u00edmbolos da cidade de Granada e um dos poucos legados art\u00edsticos dos Nasridas que sobreviveu at\u00e9 aos nossos dias. Atrav\u00e9s desta visita o viajante \u00e9 transportado para outra \u00e9poca, onde a arte, a hist\u00f3ria e a cultura se misturam em partes iguais e onde nos s\u00e3o revelados os segredos mais bem guardados deste lugar. Podemos dizer que este \u00e9 o nosso melhor passeio. Durante a visita, descobriremos como viviam os sult\u00f5es, os emires, os artes\u00e3os, os servos, os reis e as rainhas no interior da Alhambra, para al\u00e9m de in\u00fameras anedotas e lendas. Visitaremos as suas numerosas salas, jardins, pomares, torres e fontes, acompanhados por um guia oficial que nos iluminar\u00e1 com uma vis\u00e3o divertida e informativa do monumento nasrida. Uma viagem pela hist\u00f3ria em que se sentir\u00e1 como se fosse um dos cidad\u00e3os do complexo monumental.<\/p>\n<h3>\n\t\tPara consultar nuestra disponibilidad para Visita Guiada Alhambra Premium, comprueba nuestro calendario, \u00a1No te lo pierdas!\n\t<\/h3>\n<h2>\n\t\tTambi\u00e9n puedes reservar nuestras otras visitas a la Alhambra&#8230;\n\t<\/h2>\n<h2>\n\t\tTambi\u00e9n puedes reservar nuestros otros servicios&#8230;\n\t<\/h2>\n\t<a href=\"https:\/\/walkingranada.com\/pt\/que-fazer-em-granada\/flamenco\/\" target=\"_self\"><\/a>\t\t\t<img decoding=\"async\" loading=\"lazy\" alt=\"bailaora flamenca\" src=\"https:\/\/walkingranada.com\/wp-content\/uploads\/2022\/10\/Rectangle-42.png\"\/>\n\t\t<h3>Flamenco<\/h3>\n\t<a href=\"https:\/\/walkingranada.com\/pt\/que-fazer-em-granada\/hammam-al-andalus\/\" target=\"_self\"><\/a>\t\t\t<img decoding=\"async\" loading=\"lazy\" alt=\"ba\u00f1os \u00e1rabes\" src=\"https:\/\/walkingranada.com\/wp-content\/uploads\/2022\/10\/Rectangle-43.png\"\/>\n\t\t<h3>Hammam <br \/>Al-\u00e1ndalus<\/h3>\n\t<a href=\"https:\/\/walkingranada.com\/pt\/que-fazer-em-granada\/excursoes\/\" target=\"_self\"><\/a>\t\t\t<img decoding=\"async\" loading=\"lazy\" alt=\"mezquita de c\u00f3rdoba\" src=\"https:\/\/walkingranada.com\/wp-content\/uploads\/2022\/10\/Rectangle-45.png\"\/>\n\t\t<h3>excurs\u00f5es <br \/>de un dia<\/h3>\n\t<a href=\"https:\/\/walkingranada.com\/pt\/que-fazer-em-granada\/rota-olfativa\/\" target=\"_self\"><\/a>\t\t\t<img decoding=\"async\" loading=\"lazy\" alt=\"imagen de una chica joven\" src=\"https:\/\/walkingranada.com\/wp-content\/uploads\/2022\/10\/Rectangle-38.png\"\/>\n\t\t<h3>Rota olfativa<\/h3>","protected":false},"excerpt":{"rendered":"<p>ALHAMBRA &gt; VISITA GUIADA ALHAMBRA PREMIUM VISITA GUIADA CON ENTRADA A LA ALHAMBRA Y GENERALIFE EN GRUPO PREMIUM Paseo de la Sabica 1 Recepci\u00f3n de visitantes Entrada incluida Grupo de hasta 14 personas Accesibilidad limitada Todos los d\u00edas Seg\u00fan disponibilidad 3 horas Desde 52\u20ac\/pax Castellano, ingl\u00e9s, franc\u00e9s \u00a1Conoce los secretos y misterios de la fortaleza &#8230; <a title=\"Visita Guiada de la Alhambra en Grupo. Premium\" class=\"read-more\" href=\"https:\/\/walkingranada.com\/pt\/alhambra\/visita-guiada-alhambra-premium\/\" aria-label=\"Leia mais sobre Visita Guiada de la Alhambra en Grupo. Premium\">Ler mais<\/a><\/p>","protected":false},"author":2,"featured_media":2279,"parent":88,"menu_order":0,"comment_status":"closed","ping_status":"closed","template":"","meta":{"footnotes":""},"class_list":["post-4131","page","type-page","status-publish","has-post-thumbnail"],"yoast_head":"<!-- This site is optimized with the Yoast SEO plugin v27.5 - https:\/\/yoast.com\/product\/yoast-seo-wordpress\/ -->\n<title>Visita guiada Alhambra Premium - Walk in Granada<\/title>\n<meta name=\"description\" content=\"\u00danete a nuestra Visita Guiada Alhambra Premium con un gu\u00eda oficial y descubre la evoluci\u00f3n de este complejo monumental. \u00a1Reserva ya!\" \/>\n<meta name=\"robots\" content=\"index, follow, max-snippet:-1, max-image-preview:large, max-video-preview:-1\" \/>\n<link rel=\"canonical\" href=\"https:\/\/walkingranada.com\/pt\/alhambra\/visita-guiada-de-grupo-premium\/\" \/>\n<meta property=\"og:locale\" content=\"pt_PT\" \/>\n<meta property=\"og:type\" content=\"article\" \/>\n<meta property=\"og:title\" content=\"Visita guiada Alhambra Premium - Walk in Granada\" \/>\n<meta property=\"og:description\" content=\"\u00danete a nuestra Visita Guiada Alhambra Premium con un gu\u00eda oficial y descubre la evoluci\u00f3n de este complejo monumental. \u00a1Reserva ya!\" \/>\n<meta property=\"og:url\" content=\"https:\/\/walkingranada.com\/pt\/alhambra\/visita-guiada-de-grupo-premium\/\" \/>\n<meta property=\"og:site_name\" content=\"Walk in Granada\" \/>\n<meta property=\"article:publisher\" content=\"https:\/\/es-es.facebook.com\/walkingranadatour\/\" \/>\n<meta property=\"article:modified_time\" content=\"2025-04-21T11:44:38+00:00\" \/>\n<meta property=\"og:image\" content=\"https:\/\/walkingranada.com\/wp-content\/uploads\/2023\/01\/Alhambra-Detail.webp\" \/>\n\t<meta property=\"og:image:width\" content=\"305\" \/>\n\t<meta property=\"og:image:height\" content=\"305\" \/>\n\t<meta property=\"og:image:type\" content=\"image\/webp\" \/>\n<meta name=\"twitter:card\" content=\"summary_large_image\" \/>\n<meta name=\"twitter:site\" content=\"@walkingranada\" \/>\n<meta name=\"twitter:label1\" content=\"Tempo estimado de leitura\" \/>\n\t<meta name=\"twitter:data1\" content=\"8 minutos\" \/>\n<script type=\"application\/ld+json\" class=\"yoast-schema-graph\">{\"@context\":\"https:\\\/\\\/schema.org\",\"@graph\":[{\"@type\":\"WebPage\",\"@id\":\"https:\\\/\\\/walkingranada.com\\\/alhambra\\\/visita-guiada-alhambra-premium\\\/\",\"url\":\"https:\\\/\\\/walkingranada.com\\\/alhambra\\\/visita-guiada-alhambra-premium\\\/\",\"name\":\"Visita guiada Alhambra Premium - Walk in Granada\",\"isPartOf\":{\"@id\":\"https:\\\/\\\/walkingranada.com\\\/#website\"},\"primaryImageOfPage\":{\"@id\":\"https:\\\/\\\/walkingranada.com\\\/alhambra\\\/visita-guiada-alhambra-premium\\\/#primaryimage\"},\"image\":{\"@id\":\"https:\\\/\\\/walkingranada.com\\\/alhambra\\\/visita-guiada-alhambra-premium\\\/#primaryimage\"},\"thumbnailUrl\":\"https:\\\/\\\/walkingranada.com\\\/wp-content\\\/uploads\\\/2023\\\/01\\\/Alhambra-Detail.webp\",\"datePublished\":\"2023-05-09T09:18:01+00:00\",\"dateModified\":\"2025-04-21T11:44:38+00:00\",\"description\":\"\u00danete a nuestra Visita Guiada Alhambra Premium con un gu\u00eda oficial y descubre la evoluci\u00f3n de este complejo monumental. \u00a1Reserva ya!\",\"breadcrumb\":{\"@id\":\"https:\\\/\\\/walkingranada.com\\\/alhambra\\\/visita-guiada-alhambra-premium\\\/#breadcrumb\"},\"inLanguage\":\"pt-PT\",\"potentialAction\":[{\"@type\":\"ReadAction\",\"target\":[\"https:\\\/\\\/walkingranada.com\\\/alhambra\\\/visita-guiada-alhambra-premium\\\/\"]}]},{\"@type\":\"ImageObject\",\"inLanguage\":\"pt-PT\",\"@id\":\"https:\\\/\\\/walkingranada.com\\\/alhambra\\\/visita-guiada-alhambra-premium\\\/#primaryimage\",\"url\":\"https:\\\/\\\/walkingranada.com\\\/wp-content\\\/uploads\\\/2023\\\/01\\\/Alhambra-Detail.webp\",\"contentUrl\":\"https:\\\/\\\/walkingranada.com\\\/wp-content\\\/uploads\\\/2023\\\/01\\\/Alhambra-Detail.webp\",\"width\":305,\"height\":305,\"caption\":\"Alhambra\"},{\"@type\":\"BreadcrumbList\",\"@id\":\"https:\\\/\\\/walkingranada.com\\\/alhambra\\\/visita-guiada-alhambra-premium\\\/#breadcrumb\",\"itemListElement\":[{\"@type\":\"ListItem\",\"position\":1,\"name\":\"Portada\",\"item\":\"https:\\\/\\\/walkingranada.com\\\/\"},{\"@type\":\"ListItem\",\"position\":2,\"name\":\"Alhambra\",\"item\":\"https:\\\/\\\/walkingranada.com\\\/alhambra\\\/\"},{\"@type\":\"ListItem\",\"position\":3,\"name\":\"Visita Guiada de la Alhambra en Grupo. Premium\"}]},{\"@type\":\"WebSite\",\"@id\":\"https:\\\/\\\/walkingranada.com\\\/#website\",\"url\":\"https:\\\/\\\/walkingranada.com\\\/\",\"name\":\"Walk in Granada\",\"description\":\"Turismo responsable\",\"publisher\":{\"@id\":\"https:\\\/\\\/walkingranada.com\\\/#organization\"},\"alternateName\":\"Walk in Granada\",\"potentialAction\":[{\"@type\":\"SearchAction\",\"target\":{\"@type\":\"EntryPoint\",\"urlTemplate\":\"https:\\\/\\\/walkingranada.com\\\/?s={search_term_string}\"},\"query-input\":{\"@type\":\"PropertyValueSpecification\",\"valueRequired\":true,\"valueName\":\"search_term_string\"}}],\"inLanguage\":\"pt-PT\"},{\"@type\":\"Organization\",\"@id\":\"https:\\\/\\\/walkingranada.com\\\/#organization\",\"name\":\"Walk In Granada\",\"alternateName\":\"Walk In Granada\",\"url\":\"https:\\\/\\\/walkingranada.com\\\/\",\"logo\":{\"@type\":\"ImageObject\",\"inLanguage\":\"pt-PT\",\"@id\":\"https:\\\/\\\/walkingranada.com\\\/#\\\/schema\\\/logo\\\/image\\\/\",\"url\":\"https:\\\/\\\/walkingranada.com\\\/wp-content\\\/uploads\\\/2022\\\/12\\\/Logo-Walking.webp\",\"contentUrl\":\"https:\\\/\\\/walkingranada.com\\\/wp-content\\\/uploads\\\/2022\\\/12\\\/Logo-Walking.webp\",\"width\":512,\"height\":512,\"caption\":\"Walk In Granada\"},\"image\":{\"@id\":\"https:\\\/\\\/walkingranada.com\\\/#\\\/schema\\\/logo\\\/image\\\/\"},\"sameAs\":[\"https:\\\/\\\/es-es.facebook.com\\\/walkingranadatour\\\/\",\"https:\\\/\\\/x.com\\\/walkingranada\",\"https:\\\/\\\/www.instagram.com\\\/walkingranada\\\/\"]}]}<\/script>\n<!-- \/ Yoast SEO plugin. -->","yoast_head_json":{"title":"Visita guiada Alhambra Premium - Walk in Granada","description":"\u00danete a nuestra Visita Guiada Alhambra Premium con un gu\u00eda oficial y descubre la evoluci\u00f3n de este complejo monumental. \u00a1Reserva ya!","robots":{"index":"index","follow":"follow","max-snippet":"max-snippet:-1","max-image-preview":"max-image-preview:large","max-video-preview":"max-video-preview:-1"},"canonical":"https:\/\/walkingranada.com\/pt\/alhambra\/visita-guiada-de-grupo-premium\/","og_locale":"pt_PT","og_type":"article","og_title":"Visita guiada Alhambra Premium - Walk in Granada","og_description":"\u00danete a nuestra Visita Guiada Alhambra Premium con un gu\u00eda oficial y descubre la evoluci\u00f3n de este complejo monumental. \u00a1Reserva ya!","og_url":"https:\/\/walkingranada.com\/pt\/alhambra\/visita-guiada-de-grupo-premium\/","og_site_name":"Walk in Granada","article_publisher":"https:\/\/es-es.facebook.com\/walkingranadatour\/","article_modified_time":"2025-04-21T11:44:38+00:00","og_image":[{"width":305,"height":305,"url":"https:\/\/walkingranada.com\/wp-content\/uploads\/2023\/01\/Alhambra-Detail.webp","type":"image\/webp"}],"twitter_card":"summary_large_image","twitter_site":"@walkingranada","twitter_misc":{"Tempo estimado de leitura":"8 minutos"},"schema":{"@context":"https:\/\/schema.org","@graph":[{"@type":"WebPage","@id":"https:\/\/walkingranada.com\/alhambra\/visita-guiada-alhambra-premium\/","url":"https:\/\/walkingranada.com\/alhambra\/visita-guiada-alhambra-premium\/","name":"Visita guiada Alhambra Premium - Walk in Granada","isPartOf":{"@id":"https:\/\/walkingranada.com\/#website"},"primaryImageOfPage":{"@id":"https:\/\/walkingranada.com\/alhambra\/visita-guiada-alhambra-premium\/#primaryimage"},"image":{"@id":"https:\/\/walkingranada.com\/alhambra\/visita-guiada-alhambra-premium\/#primaryimage"},"thumbnailUrl":"https:\/\/walkingranada.com\/wp-content\/uploads\/2023\/01\/Alhambra-Detail.webp","datePublished":"2023-05-09T09:18:01+00:00","dateModified":"2025-04-21T11:44:38+00:00","description":"\u00danete a nuestra Visita Guiada Alhambra Premium con un gu\u00eda oficial y descubre la evoluci\u00f3n de este complejo monumental. \u00a1Reserva ya!","breadcrumb":{"@id":"https:\/\/walkingranada.com\/alhambra\/visita-guiada-alhambra-premium\/#breadcrumb"},"inLanguage":"pt-PT","potentialAction":[{"@type":"ReadAction","target":["https:\/\/walkingranada.com\/alhambra\/visita-guiada-alhambra-premium\/"]}]},{"@type":"ImageObject","inLanguage":"pt-PT","@id":"https:\/\/walkingranada.com\/alhambra\/visita-guiada-alhambra-premium\/#primaryimage","url":"https:\/\/walkingranada.com\/wp-content\/uploads\/2023\/01\/Alhambra-Detail.webp","contentUrl":"https:\/\/walkingranada.com\/wp-content\/uploads\/2023\/01\/Alhambra-Detail.webp","width":305,"height":305,"caption":"Alhambra"},{"@type":"BreadcrumbList","@id":"https:\/\/walkingranada.com\/alhambra\/visita-guiada-alhambra-premium\/#breadcrumb","itemListElement":[{"@type":"ListItem","position":1,"name":"Portada","item":"https:\/\/walkingranada.com\/"},{"@type":"ListItem","position":2,"name":"Alhambra","item":"https:\/\/walkingranada.com\/alhambra\/"},{"@type":"ListItem","position":3,"name":"Visita Guiada de la Alhambra en Grupo. Premium"}]},{"@type":"WebSite","@id":"https:\/\/walkingranada.com\/#website","url":"https:\/\/walkingranada.com\/","name":"Walk in Granada","description":"Turismo responsable","publisher":{"@id":"https:\/\/walkingranada.com\/#organization"},"alternateName":"Walk in Granada","potentialAction":[{"@type":"SearchAction","target":{"@type":"EntryPoint","urlTemplate":"https:\/\/walkingranada.com\/?s={search_term_string}"},"query-input":{"@type":"PropertyValueSpecification","valueRequired":true,"valueName":"search_term_string"}}],"inLanguage":"pt-PT"},{"@type":"Organization","@id":"https:\/\/walkingranada.com\/#organization","name":"Walk In Granada","alternateName":"Walk In Granada","url":"https:\/\/walkingranada.com\/","logo":{"@type":"ImageObject","inLanguage":"pt-PT","@id":"https:\/\/walkingranada.com\/#\/schema\/logo\/image\/","url":"https:\/\/walkingranada.com\/wp-content\/uploads\/2022\/12\/Logo-Walking.webp","contentUrl":"https:\/\/walkingranada.com\/wp-content\/uploads\/2022\/12\/Logo-Walking.webp","width":512,"height":512,"caption":"Walk In Granada"},"image":{"@id":"https:\/\/walkingranada.com\/#\/schema\/logo\/image\/"},"sameAs":["https:\/\/es-es.facebook.com\/walkingranadatour\/","https:\/\/x.com\/walkingranada","https:\/\/www.instagram.com\/walkingranada\/"]}]}},"_links":{"self":[{"href":"https:\/\/walkingranada.com\/pt\/wp-json\/wp\/v2\/pages\/4131","targetHints":{"allow":["GET"]}}],"collection":[{"href":"https:\/\/walkingranada.com\/pt\/wp-json\/wp\/v2\/pages"}],"about":[{"href":"https:\/\/walkingranada.com\/pt\/wp-json\/wp\/v2\/types\/page"}],"author":[{"embeddable":true,"href":"https:\/\/walkingranada.com\/pt\/wp-json\/wp\/v2\/users\/2"}],"replies":[{"embeddable":true,"href":"https:\/\/walkingranada.com\/pt\/wp-json\/wp\/v2\/comments?post=4131"}],"version-history":[{"count":39,"href":"https:\/\/walkingranada.com\/pt\/wp-json\/wp\/v2\/pages\/4131\/revisions"}],"predecessor-version":[{"id":6903,"href":"https:\/\/walkingranada.com\/pt\/wp-json\/wp\/v2\/pages\/4131\/revisions\/6903"}],"up":[{"embeddable":true,"href":"https:\/\/walkingranada.com\/pt\/wp-json\/wp\/v2\/pages\/88"}],"wp:featuredmedia":[{"embeddable":true,"href":"https:\/\/walkingranada.com\/pt\/wp-json\/wp\/v2\/media\/2279"}],"wp:attachment":[{"href":"https:\/\/walkingranada.com\/pt\/wp-json\/wp\/v2\/media?parent=4131"}],"curies":[{"name":"wp","href":"https:\/\/api.w.org\/{rel}","templated":true}]}}