{"id":412,"date":"2022-10-27T08:47:08","date_gmt":"2022-10-27T08:47:08","guid":{"rendered":"https:\/\/factum-omibu.es\/walkin\/?page_id=412"},"modified":"2025-08-06T06:17:22","modified_gmt":"2025-08-06T06:17:22","slug":"centre-historique-albaicin","status":"publish","type":"page","link":"https:\/\/walkingranada.com\/pt\/visitas-guiadas\/granada-centro-albaicin\/","title":{"rendered":"Granada centro y Albaic\u00edn"},"content":{"rendered":"<p>ORIENTADO TOURS &gt; CENTRO HISTORICO E ALBAIC\u00cdN<\/p>\n\t<!-- FareHarbor calendar of item #442572 -->\n<h1>\n\t\t\tTour privado centro hist\u00f3rico e albaic\u00edn\t<\/h1>\n        <a href=\"#encuentro\">\n            <img decoding=\"async\" loading=\"lazy\" src=\"https:\/\/walkingranada.com\/wp-content\/uploads\/2022\/10\/fi-rr-marker.png\" alt=\"Plaza nueva\"\/>\n            <p>Plaza nueva <img decoding=\"async\" loading=\"lazy\" src=\"https:\/\/walkingranada.com\/wp-content\/uploads\/2022\/10\/\ud83e\udd86-icon-_Info-Circle_.png\" alt=\"informaci\u00f3n\"\/><\/p>\n        <\/a>\n        <img decoding=\"async\" loading=\"lazy\" src=\"https:\/\/walkingranada.com\/wp-content\/uploads\/2022\/12\/fuente-icon.png\" alt=\"Fonte principal da pra\u00e7a\"\/>\n        <p>Fonte principal da pra\u00e7a<\/p>\n        <img decoding=\"async\" loading=\"lazy\" src=\"https:\/\/walkingranada.com\/wp-content\/uploads\/2022\/10\/fi-rr-chat-arrow-grow.png\" alt=\"Baixa dificuldade\"\/>\n        <p>Baixa dificuldade<\/p>\n        <img decoding=\"async\" loading=\"lazy\" src=\"https:\/\/walkingranada.com\/wp-content\/uploads\/2022\/10\/fi-rr-map.png\" alt=\"Bairro hist\u00f3rico\"\/>\n        <p>Bairro hist\u00f3rico<\/p>\n        <img decoding=\"async\" loading=\"lazy\" src=\"https:\/\/walkingranada.com\/wp-content\/uploads\/2022\/12\/accesibilidad_.png\" alt=\"Acessibilidade limitada\"\/>\n        <p>Acessibilidade limitada<\/p>\n        <img decoding=\"async\" loading=\"lazy\" src=\"https:\/\/walkingranada.com\/wp-content\/uploads\/2022\/10\/fi-rr-calendar.png\" alt=\"TODOS LOS DIAS\"\/>\n        <p>Todos os dias<\/p>\n        <img decoding=\"async\" loading=\"lazy\" src=\"https:\/\/walkingranada.com\/wp-content\/uploads\/2022\/10\/fi-rr-clock.png\" alt=\"horario Seg\u00fan disponibilidad\"\/>\n        <p>De acordo com a disponibilidade<\/p>\n        <img decoding=\"async\" loading=\"lazy\" src=\"https:\/\/walkingranada.com\/wp-content\/uploads\/2022\/10\/fi-rr-alarm-clock.png\" alt=\"2,5 HORAS\"\/>\n        <p>2,5 horas<\/p>\n        <img decoding=\"async\" loading=\"lazy\" src=\"https:\/\/walkingranada.com\/wp-content\/uploads\/2022\/10\/fi-rr-receipt.png\" alt=\"TU PONES EL PRECIO\"\/>\n        <p>A partir de 8\u20ac\/pax<\/p>\n        <img decoding=\"async\" loading=\"lazy\" src=\"https:\/\/walkingranada.com\/wp-content\/uploads\/2022\/10\/fi-rr-comments.png\" alt=\"L\u00edngua\"\/>\n        <p>Espanhol, ingl\u00eas, franc\u00eas e portugu\u00eas. Outros a pedido.<\/p>\n<h2>\n\t\t\tMergulhe na hist\u00f3ria\t<\/h2>\n\t<p>Au cours de ce circuit, vous visiterez les quartiers les plus centraux et les plus populaires de la ville, comme la cath\u00e9drale, la chapelle royale, La Madraza, La Alcaicer\u00eda et le Corral del Carb\u00f3n, ainsi que certains des coins les plus particuliers de l'ancien quartier musulman, l'Albaic\u00edn.<\/p>\n<p>Um guia local ajud\u00e1-lo-\u00e1 a compreender, durante 2 horas e meia, o contraste e a transi\u00e7\u00e3o entre os per\u00edodos mu\u00e7ulmano e crist\u00e3o. Anedotas, lendas e hist\u00f3ria da cidade na ponta dos seus dedos.<\/p>\n<h2>\n\t\t\tPonto de encontro\t<\/h2>\n\t\t\t\t<img decoding=\"async\" src=\"https:\/\/walkingranada.com\/wp-content\/uploads\/2023\/01\/fuente-plaza-nueva.webp\" alt=\"fuente-plaza-nueva\" itemprop=\"image\" height=\"398\" width=\"711\" title=\"fuente-plaza-nueva\" onerror=\"this.style.display='none'\" loading=\"lazy\" \/>\n<h3 class=\"translation-block\"><span class=\"fl-heading-text\">Fonte principal em frente \u00e0 farm\u00e1cia na <span class=\"red\">Plaza Nueva<\/span><\/span><\/h3>\n\t<p>Precisa de indica\u00e7\u00f5es para l\u00e1 chegar?<\/p>\n\t\t\t<a href=\"#reserva\" target=\"_self\">\n\t\t\t\t\t\t\tReservar &gt;\n\t\t\t\t\t<\/a>\n\t\t\t<a href=\"https:\/\/walkingranada.com\/pt\/como-chegar-a-plaza-nueva\/\" target=\"_self\">\n\t\t\t\t\t\t\tComo chegar l\u00e1? &gt;\n\t\t\t\t\t<\/a>\n<h2>\n\t\t\tRecomenda\u00e7\u00f5es\t<\/h2>\n\t<ol>\n<li class=\"translation-block\">Chegue <strong>20 minutos antes<\/strong> do hor\u00e1rio de in\u00edcio da visita.<\/li>\n<li>Usar <strong>sapatos confort\u00e1veis<\/strong>. A visita tem a dura\u00e7\u00e3o de 2.5 horas.<\/li>\n<li>No Ver\u00e3o, lembre-se de usar\u00a0<strong>creme solar e traga uma garrafa de \u00e1gua<\/strong>.<\/li>\n<\/ol>\n<h2>\n\t\t\tItiner\u00e1rio\t<\/h2>\n\t<ul>\n<li>Plaza Nueva<\/li>\n<li>Madraza<\/li>\n<li>Catedral<\/li>\n<li>Capilla Real<\/li>\n<li>Pra\u00e7a Bib-Rambla<\/li>\n<li>Alcaicer\u00eda<\/li>\n<li>Corral del Carb\u00f3n<\/li>\n<li>San Gregorio<\/li>\n<li>Albaic\u00edn Bajo<\/li>\n<\/ul>\n\t<p>Inolvidable tour para descubrir las zonas m\u00e1s c\u00e9ntricas y populares de la ciudad, la Catedral, la Capilla Real, la Alcaicer\u00eda&#8230; An\u00e9cdotas, leyendas, la historia al alcance de tu mano. Una experiencia que te ayudar\u00e1 a comprender y a acercarte a la magia del Reino Nazar\u00ed de Granada y a su posterior conquista y transformaci\u00f3n por parte de los Reyes Cat\u00f3licos.<\/p>\n<p>Deixe-se surpreender pelo contraste das suas ruas, venha descobrir o centro de Granada com guias locais, amantes da sua cidade e o legado que partilha com dois dos imp\u00e9rios mais poderosos da hist\u00f3ria.<\/p>\n<p>Verifique a disponibilidade do nosso calend\u00e1rio.\u00a0<strong>N\u00e3o o perca!<\/strong><\/p>\nLembre-se, se tiver alguma d\u00favida antes de reservar uma visita privada ou se o dia que deseja visitar n\u00e3o estiver dispon\u00edvel, pode contactar-nos em qualquer altura em\u00a0<a href=\"mailto:info@walkingranada.com\">info@walkingranada.com<\/a>.<br \/>\nSe desejar uma visita mais espec\u00edfica, incluindo bilhetes para um monumento do seu interesse ou noutra l\u00edngua, pode fazer o pedido atrav\u00e9s da nossa\u00a0<a href=\"https:\/\/walkingranada.com\/pt\/visitas-personalizadas\/\">visitas personalizadas<\/a>.\n<h2>\n\t\t\tTambi\u00e9n puedes reservar nuestras otras visitas guiadas&#8230;\t<\/h2>\n\t<section>\n            <img decoding=\"async\" loading=\"lazy\" src=\"https:\/\/walkingranada.com\/wp-content\/uploads\/2023\/01\/Jardines-card-walkin.webp\" width=\"100%\" alt=\"Visita privada da Alhambra\"\/>\n                <h3>Visita privada da Alhambra<\/h3>\n                <hr \/>\n                <p>Se voc\u00ea quiser visitar a Alhambra com um guia dedicado e exclusivo a voc\u00ea e sua fam\u00edlia<\/p>\n                <hr \/>\n                    <p> Todos os dias<\/p>\n                    <p> Depende do s\u00edtio<\/p>\n                    <p> 3h<\/p>\n                    De\n                    <p>40\u20ac<\/p>\/pax\n            <a href=\"https:\/\/walkingranada.com\/pt\/alhambra\/visita-privada\/\">Reservar &gt;<\/a>\n            <img decoding=\"async\" loading=\"lazy\" src=\"https:\/\/walkingranada.com\/wp-content\/uploads\/2023\/01\/Alhambra-card-walkin.webp\" width=\"100%\" alt=\"Visita con entrada a la alhambra y generalife\"\/>\n                <h3>Visita guiada com entrada na Alhambra e Generalife<\/h3>\n                <hr \/>\n                <p>Entre na cidade palatina da Alhambra e nos seus impressionantes jardins.<\/p>\n                <hr \/>\n                    <p> Todos os dias<\/p>\n                    <p> Depende do s\u00edtio<\/p>\n                    <p> 3h<\/p>\n                    De\n                    <p>49\u20ac<\/p>\/pax\n            <a href=\"https:\/\/walkingranada.com\/pt\/alhambra\/visita-guiada-com-entrada-alhambra\/\">Reservar &gt;<\/a>\n        <img decoding=\"async\" loading=\"lazy\" src=\"https:\/\/walkingranada.com\/wp-content\/uploads\/2023\/01\/visita-albaicin-card.webp\" width=\"100%\" alt=\"Visita guiada al albaic\u00edn\"\/>\n            <h3>Orientado tour ao <br \/>Albaic\u00edn<\/h3>\n            <hr \/>\n            <p>Descubra o antigo bairro mu\u00e7ulmano da cidade de Granada com este passeio especial.<\/p>\n            <hr \/>\n                <p> Todos os dias<\/p>\n                <p> Pergunte-nos<\/p>\n                <p> 2,5h<\/p>\n                    De\n                    <p>8\u20ac<\/p>\/pax\n        <a href=\"https:\/\/walkingranada.com\/pt\/visitas-guiadas\/albaicin\/\">Reservar &gt;<\/a>\n        <img decoding=\"async\" loading=\"lazy\" src=\"https:\/\/walkingranada.com\/wp-content\/uploads\/2023\/01\/Card-Sacromonte.webp\" width=\"100%\" alt=\"Visita guiada al sacromonte\"\/>\n            <h3>Orientado tour ao Sacromonte<\/h3>\n            <hr \/>\n            Conhe\u00e7a o bairro mais delicado de Granada. Este \u00e9 um passeio para os amantes da fotografia.\n            <hr \/>\n                <p> Todos os dias<\/p>\n                <p> Pergunte-nos<\/p>\n                <p> 2,5h<\/p>\n                    De\n                    <p>8\u20ac<\/p>\/pax\n        <a href=\"https:\/\/walkingranada.com\/pt\/visitas-guiadas\/sacromonte\/\">Reservar &gt;<\/a>\n<\/section>\n<h2>\n\t\t\tTambi\u00e9n puedes reservar nuestros otros servicios&#8230;\t<\/h2>\n\t<a href=\"https:\/\/walkingranada.com\/pt\/que-fazer-em-granada\/flamenco\/\" target=\"_self\"><\/a>\t\t\t<img decoding=\"async\" loading=\"lazy\" alt=\"bailaora flamenca\" src=\"https:\/\/walkingranada.com\/wp-content\/uploads\/2022\/10\/Rectangle-42.png\"\/>\n\t\t<h3>Flamenco<\/h3>\n\t<a href=\"https:\/\/walkingranada.com\/pt\/que-fazer-em-granada\/hammam-al-andalus\/\" target=\"_self\"><\/a>\t\t\t<img decoding=\"async\" loading=\"lazy\" alt=\"ba\u00f1os \u00e1rabes\" src=\"https:\/\/walkingranada.com\/wp-content\/uploads\/2022\/10\/Rectangle-43.png\"\/>\n\t\t<h3>Hammam <br \/>Al-\u00e1ndalus<\/h3>\n\t<a href=\"https:\/\/walkingranada.com\/pt\/que-fazer-em-granada\/excursoes\/\" target=\"_self\"><\/a>\t\t\t<img decoding=\"async\" loading=\"lazy\" alt=\"mezquita de c\u00f3rdoba\" src=\"https:\/\/walkingranada.com\/wp-content\/uploads\/2022\/10\/Rectangle-45.png\"\/>\n\t\t<h3>excurs\u00f5es <br \/>de un dia<\/h3>\n\t<a href=\"https:\/\/walkingranada.com\/pt\/que-fazer-em-granada\/rota-olfativa\/\" target=\"_self\"><\/a>\t\t\t<img decoding=\"async\" loading=\"lazy\" alt=\"imagen de una chica joven\" src=\"https:\/\/walkingranada.com\/wp-content\/uploads\/2022\/10\/Rectangle-38.png\"\/>\n\t\t<h3>Rota olfativa<\/h3>","protected":false},"excerpt":{"rendered":"<p>Visitas guiadas &gt; Centro hist\u00f3rico y Albaic\u00edn visita privada centro hist\u00f3rico y albaic\u00edn Plaza nueva Fuente principal de la plaza Dificultad baja Casco Hist\u00f3rico Accesibilidad limitada Todos los d\u00edas Seg\u00fan disponibilidad 2,5 horas Desde 8\u20ac\/pax Castellano, ingl\u00e9s, franc\u00e9s y portugu\u00e9s. Otros bajo petici\u00f3n. Sum\u00e9rgete en la historia En esta visita recorrer\u00e1s las zonas m\u00e1s c\u00e9ntricas &#8230; <a title=\"Granada centro y Albaic\u00edn\" class=\"read-more\" href=\"https:\/\/walkingranada.com\/pt\/visitas-guiadas\/granada-centro-albaicin\/\" aria-label=\"Leia mais sobre Granada centro y Albaic\u00edn\">Ler mais<\/a><\/p>","protected":false},"author":2,"featured_media":278,"parent":94,"menu_order":0,"comment_status":"closed","ping_status":"closed","template":"","meta":{"footnotes":""},"class_list":["post-412","page","type-page","status-publish","has-post-thumbnail"],"yoast_head":"<!-- This site is optimized with the Yoast SEO plugin v27.5 - https:\/\/yoast.com\/product\/yoast-seo-wordpress\/ -->\n<title>Visita Guiada Privada Centro y Albaic\u00edn - Walk in Granada<\/title>\n<meta name=\"description\" content=\"Descubre el centro de Granada y el bajo Albaic\u00edn con esta ruta guiada privada solo para ti y tu grupo. \u00a1Reserva ya!\" \/>\n<meta name=\"robots\" content=\"index, follow, max-snippet:-1, max-image-preview:large, max-video-preview:-1\" \/>\n<link rel=\"canonical\" href=\"https:\/\/walkingranada.com\/pt\/visitas-guiadas\/centre-historique-albaicin\/\" \/>\n<meta property=\"og:locale\" content=\"pt_PT\" \/>\n<meta property=\"og:type\" content=\"article\" \/>\n<meta property=\"og:title\" content=\"Visita Guiada Privada Centro y Albaic\u00edn - Walk in Granada\" \/>\n<meta property=\"og:description\" content=\"Descubre el centro de Granada y el bajo Albaic\u00edn con esta ruta guiada privada solo para ti y tu grupo. \u00a1Reserva ya!\" \/>\n<meta property=\"og:url\" content=\"https:\/\/walkingranada.com\/pt\/visitas-guiadas\/centre-historique-albaicin\/\" \/>\n<meta property=\"og:site_name\" content=\"Walk in Granada\" \/>\n<meta property=\"article:publisher\" content=\"https:\/\/es-es.facebook.com\/walkingranadatour\/\" \/>\n<meta property=\"article:modified_time\" content=\"2025-08-06T06:17:22+00:00\" \/>\n<meta property=\"og:image\" content=\"https:\/\/walkingranada.com\/wp-content\/uploads\/2019\/06\/barrio-albaycin-granada.jpg.webp\" \/>\n\t<meta property=\"og:image:width\" content=\"800\" \/>\n\t<meta property=\"og:image:height\" content=\"600\" \/>\n\t<meta property=\"og:image:type\" content=\"image\/jpeg\" \/>\n<meta name=\"twitter:card\" content=\"summary_large_image\" \/>\n<meta name=\"twitter:site\" content=\"@walkingranada\" \/>\n<meta name=\"twitter:label1\" content=\"Tempo estimado de leitura\" \/>\n\t<meta name=\"twitter:data1\" content=\"7 minutos\" \/>\n<script type=\"application\/ld+json\" class=\"yoast-schema-graph\">{\"@context\":\"https:\\\/\\\/schema.org\",\"@graph\":[{\"@type\":\"WebPage\",\"@id\":\"https:\\\/\\\/walkingranada.com\\\/visitas-guiadas\\\/granada-centro-albaicin\\\/\",\"url\":\"https:\\\/\\\/walkingranada.com\\\/visitas-guiadas\\\/granada-centro-albaicin\\\/\",\"name\":\"Visita Guiada Privada Centro y Albaic\u00edn - Walk in Granada\",\"isPartOf\":{\"@id\":\"https:\\\/\\\/walkingranada.com\\\/#website\"},\"primaryImageOfPage\":{\"@id\":\"https:\\\/\\\/walkingranada.com\\\/visitas-guiadas\\\/granada-centro-albaicin\\\/#primaryimage\"},\"image\":{\"@id\":\"https:\\\/\\\/walkingranada.com\\\/visitas-guiadas\\\/granada-centro-albaicin\\\/#primaryimage\"},\"thumbnailUrl\":\"https:\\\/\\\/walkingranada.com\\\/wp-content\\\/uploads\\\/2019\\\/06\\\/barrio-albaycin-granada.jpg.webp\",\"datePublished\":\"2022-10-27T08:47:08+00:00\",\"dateModified\":\"2025-08-06T06:17:22+00:00\",\"description\":\"Descubre el centro de Granada y el bajo Albaic\u00edn con esta ruta guiada privada solo para ti y tu grupo. \u00a1Reserva ya!\",\"breadcrumb\":{\"@id\":\"https:\\\/\\\/walkingranada.com\\\/visitas-guiadas\\\/granada-centro-albaicin\\\/#breadcrumb\"},\"inLanguage\":\"pt-PT\",\"potentialAction\":[{\"@type\":\"ReadAction\",\"target\":[\"https:\\\/\\\/walkingranada.com\\\/visitas-guiadas\\\/granada-centro-albaicin\\\/\"]}]},{\"@type\":\"ImageObject\",\"inLanguage\":\"pt-PT\",\"@id\":\"https:\\\/\\\/walkingranada.com\\\/visitas-guiadas\\\/granada-centro-albaicin\\\/#primaryimage\",\"url\":\"https:\\\/\\\/walkingranada.com\\\/wp-content\\\/uploads\\\/2019\\\/06\\\/barrio-albaycin-granada.jpg.webp\",\"contentUrl\":\"https:\\\/\\\/walkingranada.com\\\/wp-content\\\/uploads\\\/2019\\\/06\\\/barrio-albaycin-granada.jpg.webp\",\"width\":800,\"height\":600,\"caption\":\"barrio-albaycin-granada\"},{\"@type\":\"BreadcrumbList\",\"@id\":\"https:\\\/\\\/walkingranada.com\\\/visitas-guiadas\\\/granada-centro-albaicin\\\/#breadcrumb\",\"itemListElement\":[{\"@type\":\"ListItem\",\"position\":1,\"name\":\"Portada\",\"item\":\"https:\\\/\\\/walkingranada.com\\\/\"},{\"@type\":\"ListItem\",\"position\":2,\"name\":\"Visitas guiadas\",\"item\":\"https:\\\/\\\/walkingranada.com\\\/visitas-guiadas\\\/\"},{\"@type\":\"ListItem\",\"position\":3,\"name\":\"Granada centro y Albaic\u00edn\"}]},{\"@type\":\"WebSite\",\"@id\":\"https:\\\/\\\/walkingranada.com\\\/#website\",\"url\":\"https:\\\/\\\/walkingranada.com\\\/\",\"name\":\"Walk in Granada\",\"description\":\"Turismo responsable\",\"publisher\":{\"@id\":\"https:\\\/\\\/walkingranada.com\\\/#organization\"},\"alternateName\":\"Walk in Granada\",\"potentialAction\":[{\"@type\":\"SearchAction\",\"target\":{\"@type\":\"EntryPoint\",\"urlTemplate\":\"https:\\\/\\\/walkingranada.com\\\/?s={search_term_string}\"},\"query-input\":{\"@type\":\"PropertyValueSpecification\",\"valueRequired\":true,\"valueName\":\"search_term_string\"}}],\"inLanguage\":\"pt-PT\"},{\"@type\":\"Organization\",\"@id\":\"https:\\\/\\\/walkingranada.com\\\/#organization\",\"name\":\"Walk In Granada\",\"alternateName\":\"Walk In Granada\",\"url\":\"https:\\\/\\\/walkingranada.com\\\/\",\"logo\":{\"@type\":\"ImageObject\",\"inLanguage\":\"pt-PT\",\"@id\":\"https:\\\/\\\/walkingranada.com\\\/#\\\/schema\\\/logo\\\/image\\\/\",\"url\":\"https:\\\/\\\/walkingranada.com\\\/wp-content\\\/uploads\\\/2022\\\/12\\\/Logo-Walking.webp\",\"contentUrl\":\"https:\\\/\\\/walkingranada.com\\\/wp-content\\\/uploads\\\/2022\\\/12\\\/Logo-Walking.webp\",\"width\":512,\"height\":512,\"caption\":\"Walk In Granada\"},\"image\":{\"@id\":\"https:\\\/\\\/walkingranada.com\\\/#\\\/schema\\\/logo\\\/image\\\/\"},\"sameAs\":[\"https:\\\/\\\/es-es.facebook.com\\\/walkingranadatour\\\/\",\"https:\\\/\\\/x.com\\\/walkingranada\",\"https:\\\/\\\/www.instagram.com\\\/walkingranada\\\/\"]}]}<\/script>\n<!-- \/ Yoast SEO plugin. -->","yoast_head_json":{"title":"Visita guiada privada do centro da cidade e Albaic\u00edn - Walk in Granada","description":"Descubra o centro de Granada e o baixo Albaic\u00edn com esta excurs\u00e3o privativa guiada apenas para voc\u00ea e seu grupo. Reserve agora!","robots":{"index":"index","follow":"follow","max-snippet":"max-snippet:-1","max-image-preview":"max-image-preview:large","max-video-preview":"max-video-preview:-1"},"canonical":"https:\/\/walkingranada.com\/pt\/visitas-guiadas\/centre-historique-albaicin\/","og_locale":"pt_PT","og_type":"article","og_title":"Visita Guiada Privada Centro y Albaic\u00edn - Walk in Granada","og_description":"Descubre el centro de Granada y el bajo Albaic\u00edn con esta ruta guiada privada solo para ti y tu grupo. \u00a1Reserva ya!","og_url":"https:\/\/walkingranada.com\/pt\/visitas-guiadas\/centre-historique-albaicin\/","og_site_name":"Walk in Granada","article_publisher":"https:\/\/es-es.facebook.com\/walkingranadatour\/","article_modified_time":"2025-08-06T06:17:22+00:00","og_image":[{"width":800,"height":600,"url":"https:\/\/walkingranada.com\/wp-content\/uploads\/2019\/06\/barrio-albaycin-granada.jpg.webp","type":"image\/jpeg"}],"twitter_card":"summary_large_image","twitter_site":"@walkingranada","twitter_misc":{"Tempo estimado de leitura":"7 minutos"},"schema":{"@context":"https:\/\/schema.org","@graph":[{"@type":"WebPage","@id":"https:\/\/walkingranada.com\/visitas-guiadas\/granada-centro-albaicin\/","url":"https:\/\/walkingranada.com\/visitas-guiadas\/granada-centro-albaicin\/","name":"Visita guiada privada do centro da cidade e Albaic\u00edn - Walk in Granada","isPartOf":{"@id":"https:\/\/walkingranada.com\/#website"},"primaryImageOfPage":{"@id":"https:\/\/walkingranada.com\/visitas-guiadas\/granada-centro-albaicin\/#primaryimage"},"image":{"@id":"https:\/\/walkingranada.com\/visitas-guiadas\/granada-centro-albaicin\/#primaryimage"},"thumbnailUrl":"https:\/\/walkingranada.com\/wp-content\/uploads\/2019\/06\/barrio-albaycin-granada.jpg.webp","datePublished":"2022-10-27T08:47:08+00:00","dateModified":"2025-08-06T06:17:22+00:00","description":"Descubra o centro de Granada e o baixo Albaic\u00edn com esta excurs\u00e3o privativa guiada apenas para voc\u00ea e seu grupo. Reserve agora!","breadcrumb":{"@id":"https:\/\/walkingranada.com\/visitas-guiadas\/granada-centro-albaicin\/#breadcrumb"},"inLanguage":"pt-PT","potentialAction":[{"@type":"ReadAction","target":["https:\/\/walkingranada.com\/visitas-guiadas\/granada-centro-albaicin\/"]}]},{"@type":"ImageObject","inLanguage":"pt-PT","@id":"https:\/\/walkingranada.com\/visitas-guiadas\/granada-centro-albaicin\/#primaryimage","url":"https:\/\/walkingranada.com\/wp-content\/uploads\/2019\/06\/barrio-albaycin-granada.jpg.webp","contentUrl":"https:\/\/walkingranada.com\/wp-content\/uploads\/2019\/06\/barrio-albaycin-granada.jpg.webp","width":800,"height":600,"caption":"barrio-albaycin-granada"},{"@type":"BreadcrumbList","@id":"https:\/\/walkingranada.com\/visitas-guiadas\/granada-centro-albaicin\/#breadcrumb","itemListElement":[{"@type":"ListItem","position":1,"name":"Portada","item":"https:\/\/walkingranada.com\/"},{"@type":"ListItem","position":2,"name":"Visitas guiadas","item":"https:\/\/walkingranada.com\/visitas-guiadas\/"},{"@type":"ListItem","position":3,"name":"Granada centro y Albaic\u00edn"}]},{"@type":"WebSite","@id":"https:\/\/walkingranada.com\/#website","url":"https:\/\/walkingranada.com\/","name":"Walk in Granada","description":"Turismo responsable","publisher":{"@id":"https:\/\/walkingranada.com\/#organization"},"alternateName":"Walk in Granada","potentialAction":[{"@type":"SearchAction","target":{"@type":"EntryPoint","urlTemplate":"https:\/\/walkingranada.com\/?s={search_term_string}"},"query-input":{"@type":"PropertyValueSpecification","valueRequired":true,"valueName":"search_term_string"}}],"inLanguage":"pt-PT"},{"@type":"Organization","@id":"https:\/\/walkingranada.com\/#organization","name":"Walk In Granada","alternateName":"Walk In Granada","url":"https:\/\/walkingranada.com\/","logo":{"@type":"ImageObject","inLanguage":"pt-PT","@id":"https:\/\/walkingranada.com\/#\/schema\/logo\/image\/","url":"https:\/\/walkingranada.com\/wp-content\/uploads\/2022\/12\/Logo-Walking.webp","contentUrl":"https:\/\/walkingranada.com\/wp-content\/uploads\/2022\/12\/Logo-Walking.webp","width":512,"height":512,"caption":"Walk In Granada"},"image":{"@id":"https:\/\/walkingranada.com\/#\/schema\/logo\/image\/"},"sameAs":["https:\/\/es-es.facebook.com\/walkingranadatour\/","https:\/\/x.com\/walkingranada","https:\/\/www.instagram.com\/walkingranada\/"]}]}},"_links":{"self":[{"href":"https:\/\/walkingranada.com\/pt\/wp-json\/wp\/v2\/pages\/412","targetHints":{"allow":["GET"]}}],"collection":[{"href":"https:\/\/walkingranada.com\/pt\/wp-json\/wp\/v2\/pages"}],"about":[{"href":"https:\/\/walkingranada.com\/pt\/wp-json\/wp\/v2\/types\/page"}],"author":[{"embeddable":true,"href":"https:\/\/walkingranada.com\/pt\/wp-json\/wp\/v2\/users\/2"}],"replies":[{"embeddable":true,"href":"https:\/\/walkingranada.com\/pt\/wp-json\/wp\/v2\/comments?post=412"}],"version-history":[{"count":1,"href":"https:\/\/walkingranada.com\/pt\/wp-json\/wp\/v2\/pages\/412\/revisions"}],"predecessor-version":[{"id":7047,"href":"https:\/\/walkingranada.com\/pt\/wp-json\/wp\/v2\/pages\/412\/revisions\/7047"}],"up":[{"embeddable":true,"href":"https:\/\/walkingranada.com\/pt\/wp-json\/wp\/v2\/pages\/94"}],"wp:featuredmedia":[{"embeddable":true,"href":"https:\/\/walkingranada.com\/pt\/wp-json\/wp\/v2\/media\/278"}],"wp:attachment":[{"href":"https:\/\/walkingranada.com\/pt\/wp-json\/wp\/v2\/media?parent=412"}],"curies":[{"name":"wp","href":"https:\/\/api.w.org\/{rel}","templated":true}]}}