{"id":410,"date":"2022-10-27T08:46:15","date_gmt":"2022-10-27T08:46:15","guid":{"rendered":"https:\/\/factum-omibu.es\/walkin\/?page_id=410"},"modified":"2025-08-06T06:17:58","modified_gmt":"2025-08-06T06:17:58","slug":"visita-privada","status":"publish","type":"page","link":"https:\/\/walkingranada.com\/pt\/alhambra\/visita-privada\/","title":{"rendered":"Visita privada da Alhambra"},"content":{"rendered":"<p>ALHAMBRA &gt; VISITA PRIVADA AO ALHAMBRA<\/p>\n\t<!-- FareHarbor calendar of item #350897 -->\n<h1>\n\t\t\tVISITA PRIVADA ALHAMBRA &#038; GENERALIFE\t<\/h1>\n        <a href=\"#encuentro\">\n            <img decoding=\"async\" loading=\"lazy\" src=\"https:\/\/walkingranada.com\/wp-content\/uploads\/2022\/10\/fi-rr-marker.png\" alt=\"Bilheteiras de Alhambra\"\/>\n            <p>Bilheteiras de Alhambra <img decoding=\"async\" loading=\"lazy\" src=\"https:\/\/walkingranada.com\/wp-content\/uploads\/2022\/10\/\ud83e\udd86-icon-_Info-Circle_.png\" alt=\"informaci\u00f3n\"\/><\/p>\n        <\/a>\n        <img decoding=\"async\" loading=\"lazy\" src=\"https:\/\/walkingranada.com\/wp-content\/uploads\/2022\/12\/encuentro_icon.png\" alt=\"Ponto de encontro da Ag\u00eancia\"\/>\n        <p>Ponto de encontro da Ag\u00eancia<\/p>\n        <img decoding=\"async\" loading=\"lazy\" src=\"https:\/\/walkingranada.com\/wp-content\/uploads\/2022\/10\/fi-rr-chat-arrow-grow.png\" alt=\"Baixa dificuldade\"\/>\n        <p>Baixa dificuldade<\/p>\n        <img decoding=\"async\" loading=\"lazy\" src=\"https:\/\/walkingranada.com\/wp-content\/uploads\/2022\/10\/fi-rr-map.png\" alt=\"Complexo monumental\"\/>\n        <p>Complexo monumental<\/p>\n        <img decoding=\"async\" loading=\"lazy\" src=\"https:\/\/walkingranada.com\/wp-content\/uploads\/2022\/12\/accesibilidad_.png\" alt=\"Acessibilidade limitada\"\/>\n        <p>Acessibilidade limitada<\/p>\n        <img decoding=\"async\" loading=\"lazy\" src=\"https:\/\/walkingranada.com\/wp-content\/uploads\/2022\/10\/fi-rr-calendar.png\" alt=\"TODOS LOS DIAS\"\/>\n        <p>Todos os dias<\/p>\n        <img decoding=\"async\" loading=\"lazy\" src=\"https:\/\/walkingranada.com\/wp-content\/uploads\/2022\/10\/fi-rr-clock.png\" alt=\"11:00 AM\"\/>\n        <p>De acordo com a disponibilidade<\/p>\n        <img decoding=\"async\" loading=\"lazy\" src=\"https:\/\/walkingranada.com\/wp-content\/uploads\/2022\/10\/fi-rr-alarm-clock.png\" alt=\"2,5 HORAS\"\/>\n        <p>3 horas<\/p>\n        <img decoding=\"async\" loading=\"lazy\" src=\"https:\/\/walkingranada.com\/wp-content\/uploads\/2022\/10\/fi-rr-receipt.png\" alt=\"TU PONES EL PRECIO\"\/>\n        <p>A partir de 40\u20ac\/pax<\/p>\n        <img decoding=\"async\" loading=\"lazy\" src=\"https:\/\/walkingranada.com\/wp-content\/uploads\/2022\/10\/fi-rr-comments.png\" alt=\"L\u00edngua\"\/>\n        <p>Espanhol, ingl\u00eas, franc\u00eas e portugu\u00eas. Outros a pedido.<\/p>\n<h2>\n\t\t\tDescubra a hist\u00f3ria do monumento mais emblem\u00e1tico de Granada!\t<\/h2>\n\t<p class=\"translation-block\">Com este <strong class=\"red\">tour privado<\/strong> de 3 horas, voc\u00ea ter\u00e1 um guia oficial exclusivo para o seu grupo, com o qual descobrir\u00e1 os segredos mais bem guardados deste lugar emblem\u00e1tico de forma privada e personalizada. <strong>A Alhambra<\/strong> \u00e9 o \u00fanico pal\u00e1cio medieval mu\u00e7ulmano que foi preservado praticamente em sua totalidade, e isso se deve, em grande parte, ao cuidado que os governantes posteriores dedicaram a ela e suas transforma\u00e7\u00f5es. Al-hamar, fundador da Dinastia Nazar\u00ed, inicialmente instalado no bairro de Albaic\u00edn, decidiu iniciar, em 1238, a reconstru\u00e7\u00e3o das antigas ru\u00ednas do morro da Alhambra, dando origem \u00e0 constru\u00e7\u00e3o da cidade que conhecemos hoje. Este monumento, visitado por milh\u00f5es de pessoas a cada ano, \u00e9 composto por um conjunto de pal\u00e1cios, jardins e fortalezas que voc\u00ea definitivamente n\u00e3o pode e n\u00e3o deve deixar de visitar em sua passagem por Granada.<\/p>\n<p>&nbsp;<\/p>\n<h2>\n\t\t\tPonto de encontro\t<\/h2>\n\t\t\t\t<img decoding=\"async\" src=\"https:\/\/walkingranada.com\/wp-content\/uploads\/2022\/12\/punto-encuentro-Alhambra-min.jpg.webp\" alt=\"punto encuentro Alhambra\" itemprop=\"image\" height=\"398\" width=\"711\" title=\"punto encuentro Alhambra min\" onerror=\"this.style.display='none'\" loading=\"lazy\" \/>\n<h3>\n\t\t\tExplanada de tierra ubicada a 20 metros de la taquilla de la Alhambra (Pabell\u00f3n de Acceso a la Alhambra y Generalife)\u00a0\t<\/h3>\n\t<p>Precisa de indica\u00e7\u00f5es para l\u00e1 chegar?<\/p>\n\t\t\t<a href=\"#reserva\" target=\"_self\">\n\t\t\t\t\t\t\tReservar &gt;\n\t\t\t\t\t<\/a>\n\t\t\t<a href=\"https:\/\/walkingranada.com\/pt\/como-chegar-a-alhambra\/\" target=\"_self\">\n\t\t\t\t\t\t\tComo chegar l\u00e1? &gt;\n\t\t\t\t\t<\/a>\n<h2>\n\t\t\tRecomenda\u00e7\u00f5es\t<\/h2>\n\t<ol>\n<li>\u00c9\u00a0<strong>MANDAT\u00d3RIO<\/strong>\u00a0apresentar\u00a0<strong>Cart\u00e3o de identidade ou passaporte original<\/strong>\u00a0para acesso ao monumento<\/li>\n<li>N\u00e3o \u00e9 permitida a entrada de mochilas ou sacos com mais de 40\u00d740 cm no monumento.<\/li>\n<li class=\"translation-block\">Chegue <strong>20 minutos antes<\/strong> do hor\u00e1rio de in\u00edcio da visita.<\/li>\n<li>Usar\u00a0<strong>sapatos confort\u00e1veis<\/strong>A visita tem a dura\u00e7\u00e3o de 3 horas.<\/li>\n<\/ol>\n<h2>\n\t\t\tItiner\u00e1rio\t<\/h2>\n\t<ul>\n<li>Pal\u00e1cios Nasrid<\/li>\n<li>Mexuar<\/li>\n<li>Comares<\/li>\n<li>Patio de los Arrayanes<\/li>\n<li>Pal\u00e1cio dos Le\u00f5es<\/li>\n<li>Alcazaba<\/li>\n<li>Pal\u00e1cio de Carlos V<\/li>\n<li>Generalife e jardins<\/li>\n<\/ul>\n\t<p>Descubra com um dos nossos guias oficiais um dos \u00faltimos vest\u00edgios da Arte Nasrid, um s\u00edmbolo da nossa cidade e da hist\u00f3ria latente da cultura mu\u00e7ulmana.<\/p>\n<p>Nesta visita aprender\u00e1 sobre a hist\u00f3ria, cultura, sociedade, arte e anedotas de uma dinastia que esteve presente em Granada durante mais de 200 anos e a posterior adapta\u00e7\u00e3o do monumento pelos crist\u00e3os.<\/p>\n<p>Verifique a disponibilidade do nosso calend\u00e1rio. <strong>N\u00e3o o perca!<\/strong><\/p>\n<h2>\n\t\t\tTambi\u00e9n puedes reservar nuestras otras visitas a la Alhambra&#8230;\t<\/h2>\n<h2>\n\t\t\tTambi\u00e9n puedes reservar nuestros otros servicios&#8230;\t<\/h2>\n\t<a href=\"https:\/\/walkingranada.com\/pt\/que-fazer-em-granada\/flamenco\/\" target=\"_self\"><\/a>\t\t\t<img decoding=\"async\" loading=\"lazy\" alt=\"bailaora flamenca\" src=\"https:\/\/walkingranada.com\/wp-content\/uploads\/2022\/10\/Rectangle-42.png\"\/>\n\t\t<h3>Flamenco<\/h3>\n\t<a href=\"https:\/\/walkingranada.com\/pt\/que-fazer-em-granada\/hammam-al-andalus\/\" target=\"_self\"><\/a>\t\t\t<img decoding=\"async\" loading=\"lazy\" alt=\"ba\u00f1os \u00e1rabes\" src=\"https:\/\/walkingranada.com\/wp-content\/uploads\/2022\/10\/Rectangle-43.png\"\/>\n\t\t<h3>Hammam <br \/>Al-\u00e1ndalus<\/h3>\n\t<a href=\"https:\/\/walkingranada.com\/pt\/que-fazer-em-granada\/excursoes\/\" target=\"_self\"><\/a>\t\t\t<img decoding=\"async\" loading=\"lazy\" alt=\"mezquita de c\u00f3rdoba\" src=\"https:\/\/walkingranada.com\/wp-content\/uploads\/2022\/10\/Rectangle-45.png\"\/>\n\t\t<h3>excurs\u00f5es <br \/>de un dia<\/h3>\n\t<a href=\"https:\/\/walkingranada.com\/pt\/que-fazer-em-granada\/rota-olfativa\/\" target=\"_self\"><\/a>\t\t\t<img decoding=\"async\" loading=\"lazy\" alt=\"imagen de una chica joven\" src=\"https:\/\/walkingranada.com\/wp-content\/uploads\/2022\/10\/Rectangle-38.png\"\/>\n\t\t<h3>Rota olfativa<\/h3>","protected":false},"excerpt":{"rendered":"<p>Alhambra &gt; Visita privada VISITA PRIVADA ALHAMBRA &#038; GENERALIFE Taquillas Alhambra Punto de encuentro de agencias Dificultad baja Complejo monumental Accesibilidad limitada Todos los d\u00edas Seg\u00fan disponibilidad 3 HORAS Desde 40\u20ac\/pax Castellano, ingl\u00e9s, franc\u00e9s y portugu\u00e9s. Otros bajo petici\u00f3n. \u00a1Descubre la historia del m\u00e1s ic\u00f3nico monumento de Granada! Con este tour privado de 3 horas &#8230; <a title=\"Visita privada da Alhambra\" class=\"read-more\" href=\"https:\/\/walkingranada.com\/pt\/alhambra\/visita-privada\/\" aria-label=\"Leia mais sobre Visita privada de la Alhambra\">Ler mais<\/a><\/p>","protected":false},"author":2,"featured_media":2260,"parent":88,"menu_order":0,"comment_status":"closed","ping_status":"closed","template":"","meta":{"footnotes":""},"class_list":["post-410","page","type-page","status-publish","has-post-thumbnail"],"yoast_head":"<!-- This site is optimized with the Yoast SEO plugin v27.4 - https:\/\/yoast.com\/product\/yoast-seo-wordpress\/ -->\n<title>Visita privada de la Alhambra - Walk in Granada<\/title>\n<meta name=\"description\" content=\"\u00bfQuieres realizar una visita privada de la Alhambra? Dispondr\u00e1s de un gu\u00eda en exclusiva para ti y tu grupo. \u00a1Reserva tu visita ahora!\" \/>\n<meta name=\"robots\" content=\"index, follow, max-snippet:-1, max-image-preview:large, max-video-preview:-1\" \/>\n<link rel=\"canonical\" href=\"https:\/\/walkingranada.com\/pt\/alhambra\/visita-privada\/\" \/>\n<meta property=\"og:locale\" content=\"pt_PT\" \/>\n<meta property=\"og:type\" content=\"article\" \/>\n<meta property=\"og:title\" content=\"Visita privada de la Alhambra - Walk in Granada\" \/>\n<meta property=\"og:description\" content=\"\u00bfQuieres realizar una visita privada de la Alhambra? Dispondr\u00e1s de un gu\u00eda en exclusiva para ti y tu grupo. \u00a1Reserva tu visita ahora!\" \/>\n<meta property=\"og:url\" content=\"https:\/\/walkingranada.com\/pt\/alhambra\/visita-privada\/\" \/>\n<meta property=\"og:site_name\" content=\"Walk in Granada\" \/>\n<meta property=\"article:publisher\" content=\"https:\/\/es-es.facebook.com\/walkingranadatour\/\" \/>\n<meta property=\"article:modified_time\" content=\"2025-08-06T06:17:58+00:00\" \/>\n<meta property=\"og:image\" content=\"https:\/\/walkingranada.com\/wp-content\/uploads\/2023\/01\/Alhambra-card-walkin.webp\" \/>\n\t<meta property=\"og:image:width\" content=\"452\" \/>\n\t<meta property=\"og:image:height\" content=\"282\" \/>\n\t<meta property=\"og:image:type\" content=\"image\/webp\" \/>\n<meta name=\"twitter:card\" content=\"summary_large_image\" \/>\n<meta name=\"twitter:site\" content=\"@walkingranada\" \/>\n<meta name=\"twitter:label1\" content=\"Tempo estimado de leitura\" \/>\n\t<meta name=\"twitter:data1\" content=\"8 minutos\" \/>\n<script type=\"application\/ld+json\" class=\"yoast-schema-graph\">{\"@context\":\"https:\\\/\\\/schema.org\",\"@graph\":[{\"@type\":\"WebPage\",\"@id\":\"https:\\\/\\\/walkingranada.com\\\/alhambra\\\/visita-privada\\\/\",\"url\":\"https:\\\/\\\/walkingranada.com\\\/alhambra\\\/visita-privada\\\/\",\"name\":\"Visita privada de la Alhambra - Walk in Granada\",\"isPartOf\":{\"@id\":\"https:\\\/\\\/walkingranada.com\\\/#website\"},\"primaryImageOfPage\":{\"@id\":\"https:\\\/\\\/walkingranada.com\\\/alhambra\\\/visita-privada\\\/#primaryimage\"},\"image\":{\"@id\":\"https:\\\/\\\/walkingranada.com\\\/alhambra\\\/visita-privada\\\/#primaryimage\"},\"thumbnailUrl\":\"https:\\\/\\\/walkingranada.com\\\/wp-content\\\/uploads\\\/2023\\\/01\\\/Alhambra-card-walkin.webp\",\"datePublished\":\"2022-10-27T08:46:15+00:00\",\"dateModified\":\"2025-08-06T06:17:58+00:00\",\"description\":\"\u00bfQuieres realizar una visita privada de la Alhambra? Dispondr\u00e1s de un gu\u00eda en exclusiva para ti y tu grupo. \u00a1Reserva tu visita ahora!\",\"breadcrumb\":{\"@id\":\"https:\\\/\\\/walkingranada.com\\\/alhambra\\\/visita-privada\\\/#breadcrumb\"},\"inLanguage\":\"pt-PT\",\"potentialAction\":[{\"@type\":\"ReadAction\",\"target\":[\"https:\\\/\\\/walkingranada.com\\\/alhambra\\\/visita-privada\\\/\"]}]},{\"@type\":\"ImageObject\",\"inLanguage\":\"pt-PT\",\"@id\":\"https:\\\/\\\/walkingranada.com\\\/alhambra\\\/visita-privada\\\/#primaryimage\",\"url\":\"https:\\\/\\\/walkingranada.com\\\/wp-content\\\/uploads\\\/2023\\\/01\\\/Alhambra-card-walkin.webp\",\"contentUrl\":\"https:\\\/\\\/walkingranada.com\\\/wp-content\\\/uploads\\\/2023\\\/01\\\/Alhambra-card-walkin.webp\",\"width\":452,\"height\":282,\"caption\":\"Vistas de la Alhambra\"},{\"@type\":\"BreadcrumbList\",\"@id\":\"https:\\\/\\\/walkingranada.com\\\/alhambra\\\/visita-privada\\\/#breadcrumb\",\"itemListElement\":[{\"@type\":\"ListItem\",\"position\":1,\"name\":\"Portada\",\"item\":\"https:\\\/\\\/walkingranada.com\\\/\"},{\"@type\":\"ListItem\",\"position\":2,\"name\":\"Alhambra\",\"item\":\"https:\\\/\\\/walkingranada.com\\\/alhambra\\\/\"},{\"@type\":\"ListItem\",\"position\":3,\"name\":\"Visita privada de la Alhambra\"}]},{\"@type\":\"WebSite\",\"@id\":\"https:\\\/\\\/walkingranada.com\\\/#website\",\"url\":\"https:\\\/\\\/walkingranada.com\\\/\",\"name\":\"Walk in Granada\",\"description\":\"Turismo responsable\",\"publisher\":{\"@id\":\"https:\\\/\\\/walkingranada.com\\\/#organization\"},\"alternateName\":\"Walk in Granada\",\"potentialAction\":[{\"@type\":\"SearchAction\",\"target\":{\"@type\":\"EntryPoint\",\"urlTemplate\":\"https:\\\/\\\/walkingranada.com\\\/?s={search_term_string}\"},\"query-input\":{\"@type\":\"PropertyValueSpecification\",\"valueRequired\":true,\"valueName\":\"search_term_string\"}}],\"inLanguage\":\"pt-PT\"},{\"@type\":\"Organization\",\"@id\":\"https:\\\/\\\/walkingranada.com\\\/#organization\",\"name\":\"Walk In Granada\",\"alternateName\":\"Walk In Granada\",\"url\":\"https:\\\/\\\/walkingranada.com\\\/\",\"logo\":{\"@type\":\"ImageObject\",\"inLanguage\":\"pt-PT\",\"@id\":\"https:\\\/\\\/walkingranada.com\\\/#\\\/schema\\\/logo\\\/image\\\/\",\"url\":\"https:\\\/\\\/walkingranada.com\\\/wp-content\\\/uploads\\\/2022\\\/12\\\/Logo-Walking.webp\",\"contentUrl\":\"https:\\\/\\\/walkingranada.com\\\/wp-content\\\/uploads\\\/2022\\\/12\\\/Logo-Walking.webp\",\"width\":512,\"height\":512,\"caption\":\"Walk In Granada\"},\"image\":{\"@id\":\"https:\\\/\\\/walkingranada.com\\\/#\\\/schema\\\/logo\\\/image\\\/\"},\"sameAs\":[\"https:\\\/\\\/es-es.facebook.com\\\/walkingranadatour\\\/\",\"https:\\\/\\\/x.com\\\/walkingranada\",\"https:\\\/\\\/www.instagram.com\\\/walkingranada\\\/\"]}]}<\/script>\n<!-- \/ Yoast SEO plugin. -->","yoast_head_json":{"title":"Visita privada da Alhambra - Walk in Granada","description":"Voc\u00ea quer fazer uma visita privada da Alhambra? Voc\u00ea ter\u00e1 um guia exclusivo somente para voc\u00ea e seu grupo. Reserve sua visita agora!","robots":{"index":"index","follow":"follow","max-snippet":"max-snippet:-1","max-image-preview":"max-image-preview:large","max-video-preview":"max-video-preview:-1"},"canonical":"https:\/\/walkingranada.com\/pt\/alhambra\/visita-privada\/","og_locale":"pt_PT","og_type":"article","og_title":"Visita privada de la Alhambra - Walk in Granada","og_description":"\u00bfQuieres realizar una visita privada de la Alhambra? Dispondr\u00e1s de un gu\u00eda en exclusiva para ti y tu grupo. \u00a1Reserva tu visita ahora!","og_url":"https:\/\/walkingranada.com\/pt\/alhambra\/visita-privada\/","og_site_name":"Walk in Granada","article_publisher":"https:\/\/es-es.facebook.com\/walkingranadatour\/","article_modified_time":"2025-08-06T06:17:58+00:00","og_image":[{"width":452,"height":282,"url":"https:\/\/walkingranada.com\/wp-content\/uploads\/2023\/01\/Alhambra-card-walkin.webp","type":"image\/webp"}],"twitter_card":"summary_large_image","twitter_site":"@walkingranada","twitter_misc":{"Tempo estimado de leitura":"8 minutos"},"schema":{"@context":"https:\/\/schema.org","@graph":[{"@type":"WebPage","@id":"https:\/\/walkingranada.com\/alhambra\/visita-privada\/","url":"https:\/\/walkingranada.com\/alhambra\/visita-privada\/","name":"Visita privada da Alhambra - Walk in Granada","isPartOf":{"@id":"https:\/\/walkingranada.com\/#website"},"primaryImageOfPage":{"@id":"https:\/\/walkingranada.com\/alhambra\/visita-privada\/#primaryimage"},"image":{"@id":"https:\/\/walkingranada.com\/alhambra\/visita-privada\/#primaryimage"},"thumbnailUrl":"https:\/\/walkingranada.com\/wp-content\/uploads\/2023\/01\/Alhambra-card-walkin.webp","datePublished":"2022-10-27T08:46:15+00:00","dateModified":"2025-08-06T06:17:58+00:00","description":"Voc\u00ea quer fazer uma visita privada da Alhambra? Voc\u00ea ter\u00e1 um guia exclusivo somente para voc\u00ea e seu grupo. Reserve sua visita agora!","breadcrumb":{"@id":"https:\/\/walkingranada.com\/alhambra\/visita-privada\/#breadcrumb"},"inLanguage":"pt-PT","potentialAction":[{"@type":"ReadAction","target":["https:\/\/walkingranada.com\/alhambra\/visita-privada\/"]}]},{"@type":"ImageObject","inLanguage":"pt-PT","@id":"https:\/\/walkingranada.com\/alhambra\/visita-privada\/#primaryimage","url":"https:\/\/walkingranada.com\/wp-content\/uploads\/2023\/01\/Alhambra-card-walkin.webp","contentUrl":"https:\/\/walkingranada.com\/wp-content\/uploads\/2023\/01\/Alhambra-card-walkin.webp","width":452,"height":282,"caption":"Vistas de la Alhambra"},{"@type":"BreadcrumbList","@id":"https:\/\/walkingranada.com\/alhambra\/visita-privada\/#breadcrumb","itemListElement":[{"@type":"ListItem","position":1,"name":"Portada","item":"https:\/\/walkingranada.com\/"},{"@type":"ListItem","position":2,"name":"Alhambra","item":"https:\/\/walkingranada.com\/alhambra\/"},{"@type":"ListItem","position":3,"name":"Visita privada de la Alhambra"}]},{"@type":"WebSite","@id":"https:\/\/walkingranada.com\/#website","url":"https:\/\/walkingranada.com\/","name":"Walk in Granada","description":"Turismo responsable","publisher":{"@id":"https:\/\/walkingranada.com\/#organization"},"alternateName":"Walk in Granada","potentialAction":[{"@type":"SearchAction","target":{"@type":"EntryPoint","urlTemplate":"https:\/\/walkingranada.com\/?s={search_term_string}"},"query-input":{"@type":"PropertyValueSpecification","valueRequired":true,"valueName":"search_term_string"}}],"inLanguage":"pt-PT"},{"@type":"Organization","@id":"https:\/\/walkingranada.com\/#organization","name":"Walk In Granada","alternateName":"Walk In Granada","url":"https:\/\/walkingranada.com\/","logo":{"@type":"ImageObject","inLanguage":"pt-PT","@id":"https:\/\/walkingranada.com\/#\/schema\/logo\/image\/","url":"https:\/\/walkingranada.com\/wp-content\/uploads\/2022\/12\/Logo-Walking.webp","contentUrl":"https:\/\/walkingranada.com\/wp-content\/uploads\/2022\/12\/Logo-Walking.webp","width":512,"height":512,"caption":"Walk In Granada"},"image":{"@id":"https:\/\/walkingranada.com\/#\/schema\/logo\/image\/"},"sameAs":["https:\/\/es-es.facebook.com\/walkingranadatour\/","https:\/\/x.com\/walkingranada","https:\/\/www.instagram.com\/walkingranada\/"]}]}},"_links":{"self":[{"href":"https:\/\/walkingranada.com\/pt\/wp-json\/wp\/v2\/pages\/410","targetHints":{"allow":["GET"]}}],"collection":[{"href":"https:\/\/walkingranada.com\/pt\/wp-json\/wp\/v2\/pages"}],"about":[{"href":"https:\/\/walkingranada.com\/pt\/wp-json\/wp\/v2\/types\/page"}],"author":[{"embeddable":true,"href":"https:\/\/walkingranada.com\/pt\/wp-json\/wp\/v2\/users\/2"}],"replies":[{"embeddable":true,"href":"https:\/\/walkingranada.com\/pt\/wp-json\/wp\/v2\/comments?post=410"}],"version-history":[{"count":9,"href":"https:\/\/walkingranada.com\/pt\/wp-json\/wp\/v2\/pages\/410\/revisions"}],"predecessor-version":[{"id":7048,"href":"https:\/\/walkingranada.com\/pt\/wp-json\/wp\/v2\/pages\/410\/revisions\/7048"}],"up":[{"embeddable":true,"href":"https:\/\/walkingranada.com\/pt\/wp-json\/wp\/v2\/pages\/88"}],"wp:featuredmedia":[{"embeddable":true,"href":"https:\/\/walkingranada.com\/pt\/wp-json\/wp\/v2\/media\/2260"}],"wp:attachment":[{"href":"https:\/\/walkingranada.com\/pt\/wp-json\/wp\/v2\/media?parent=410"}],"curies":[{"name":"wp","href":"https:\/\/api.w.org\/{rel}","templated":true}]}}