{"id":408,"date":"2022-10-27T08:45:49","date_gmt":"2022-10-27T08:45:49","guid":{"rendered":"https:\/\/factum-omibu.es\/walkin\/?page_id=408"},"modified":"2025-04-21T11:43:36","modified_gmt":"2025-04-21T11:43:36","slug":"visita-guiada-com-entrada-alhambra","status":"publish","type":"page","link":"https:\/\/walkingranada.com\/pt\/alhambra\/visita-guiada-con-entrada-alhambra\/","title":{"rendered":"Visita guiada en grupo normal"},"content":{"rendered":"<p>Alhambra &gt; Visita guiada num grupo normal<\/p>\n\t\n\n\n\tReservar online\n\t\t\t<a href=\"https:\/\/walkingranada.com\/pt\/alhambra\/visita-guiada-com-entrada-alhambra\/\" target=\"_self\">\n\t\t\t\t\t\t\tEspanhol\n\t\t\t\t\t<\/a>\n\t\t\t<a href=\"https:\/\/walkingranada.com\/en\/alhambra\/guided-tour-with-alhambra-ticket\/\" target=\"_self\">\n\t\t\t\t\t\t\tIngl\u00eas\n\t\t\t\t\t<\/a>\n\t\t\t<a href=\"https:\/\/walkingranada.com\/fr\/alhambra\/visite-guidee-avec-entree-alhambra\/\" target=\"_self\">\n\t\t\t\t\t\t\tFranc\u00eas\n\t\t\t\t\t<\/a>\n\t\n<h1>\n\t\tVISITA GUIADA COM INGRESSOS PARA ALHAMBRA E GENERALIFE EM GRUPO NORMAL\n\t<\/h1>\n        <a href=\"#encuentro\">\n            <img decoding=\"async\" loading=\"lazy\" src=\"https:\/\/walkingranada.com\/wp-content\/uploads\/2022\/10\/fi-rr-marker.png\" alt=\"Paseo de la Sabica 1\"\/>\n            <p>Paseo de la Sabica 1 <img decoding=\"async\" loading=\"lazy\" src=\"https:\/\/walkingranada.com\/wp-content\/uploads\/2022\/10\/\ud83e\udd86-icon-_Info-Circle_.png\" alt=\"Paseo de la Sabica 1\"\/><\/p>\n        <\/a>\n        <img decoding=\"async\" loading=\"lazy\" src=\"https:\/\/walkingranada.com\/wp-content\/uploads\/2022\/10\/fi-rr-umbrella.png\" alt=\"Recepci\u00f3n de visitantes\"\/>\n        <p>Recepci\u00f3n de visitantes<\/p>\n        <img decoding=\"async\" loading=\"lazy\" src=\"https:\/\/walkingranada.com\/wp-content\/uploads\/2024\/03\/Entradas.png\" alt=\"Entrada inclu\u00edda\" width=\"60px\" height=\"60px\"\/>\n        <p>Entrada inclu\u00edda<\/p>\n        <img decoding=\"async\" loading=\"lazy\" src=\"https:\/\/walkingranada.com\/wp-content\/uploads\/2023\/06\/visita-en-grupo.webp\" alt=\"Grupo at\u00e9 30 pessoas\"\/>\n        <p>Grupo at\u00e9 30 pessoas<\/p>\n        <img decoding=\"async\" loading=\"lazy\" src=\"https:\/\/walkingranada.com\/wp-content\/uploads\/2022\/12\/accesibilidad_.png\" alt=\"Acessibilidade limitada\"\/>\n        <p>Acessibilidade limitada<\/p>\n        <img decoding=\"async\" loading=\"lazy\" src=\"https:\/\/walkingranada.com\/wp-content\/uploads\/2022\/10\/fi-rr-calendar.png\" alt=\"Todos os dias\"\/>\n        <p>Todos os dias<\/p>\n        <img decoding=\"async\" loading=\"lazy\" src=\"https:\/\/walkingranada.com\/wp-content\/uploads\/2022\/10\/fi-rr-clock.png\" alt=\"De acordo com a disponibilidade\"\/>\n        <p>De acordo com a disponibilidade<\/p>\n        <img decoding=\"async\" loading=\"lazy\" src=\"https:\/\/walkingranada.com\/wp-content\/uploads\/2022\/10\/fi-rr-alarm-clock.png\" alt=\"3 horas\"\/>\n        <p>3 horas<\/p>\n        <img decoding=\"async\" loading=\"lazy\" src=\"https:\/\/walkingranada.com\/wp-content\/uploads\/2022\/10\/fi-rr-receipt.png\" alt=\"A partir de 42\u20ac\/pax\"\/>\n        <p>A partir de 42\u20ac\/pax<\/p>\n        <img decoding=\"async\" loading=\"lazy\" src=\"https:\/\/walkingranada.com\/wp-content\/uploads\/2022\/10\/fi-rr-comments.png\" alt=\"Espanhol \/ Ingl\u00eas\"\/>\n        <p>Espanhol, ingl\u00eas, franc\u00eas<\/p>\n<h2>\n\t\tDescubra os segredos e mist\u00e9rios da j\u00f3ia de Granada!\n\t<\/h2>\n\t<p>Junte-se ao nosso passeio de grupo com um guia especializado e descubra a import\u00e2ncia que esta cidade palatina andaluza tinha para Granada e para o posterior reino crist\u00e3o dos monarcas cat\u00f3licos, Isabel e Fernando.<\/p>\n\t<p>A visita guiada ser\u00e1 realizada em espanhol, ingl\u00eas ou franc\u00eas.<\/p>\n\t<p>Importante antes da reserva:<\/p>\n<ul>\n<li>Este servi\u00e7o \u00e9 prestado por um terceiro.<\/li>\n<li>Em raras ocasi\u00f5es, o n\u00famero de pessoas do grupo pode exceder o montante especificado.<\/li>\n<\/ul>\n<h2>\n\t\tPonto de encontro\n\t<\/h2>\n\t\t\t\t<img decoding=\"async\" loading=\"lazy\" src=\"https:\/\/walkingranada.com\/wp-content\/uploads\/2025\/03\/Punto-de-encuentro-Alhambra-AGOG.jpg.webp\" alt=\"\" itemprop=\"image\" height=\"660\" width=\"682\" onerror=\"this.style.display='none'\"  \/>\n<h3>\n\t\tRecepci\u00f3n de visitantes (Paseo de la Sabica 1, 18009, Granada)&nbsp;\n\t<\/h3>\n\t<p>Precisa de indica\u00e7\u00f5es para l\u00e1 chegar?<\/p>\n\t\t\t<a href=\"#reserva\" target=\"_self\">\n\t\t\t\t\t\t\tReservar &gt;\n\t\t\t\t\t<\/a>\n\t\t\t<a href=\"https:\/\/maps.app.goo.gl\/4VLJkwzxjQpBSofu8\" target=\"_blank\" rel=\"noopener\">\n\t\t\t\t\t\t\tComo chegar l\u00e1? &gt;\n\t\t\t\t\t<\/a>\n<h2>\n\t\tRecomenda\u00e7\u00f5es\n\t<\/h2>\n\t<ol>\n<li>\u00c9\u00a0<strong>MANDAT\u00d3RIO<\/strong>\u00a0apresentar\u00a0<strong>um bilhete de identidade ou passaporte original e v\u00e1lido<\/strong> para entrar no monumento.<\/li>\n<li>N\u00e3o \u00e9 permitida a entrada de mochilas ou sacos com mais de 40\u00d740 cm no monumento.<\/li>\n<li class=\"translation-block\">Chegue <strong>20 minutos antes<\/strong> do hor\u00e1rio de in\u00edcio da visita.<\/li>\n<li>Usar\u00a0<strong>sapatos confort\u00e1veis<\/strong>A visita tem a dura\u00e7\u00e3o de 3 horas.<\/li>\n<li>No Ver\u00e3o, lembre-se de usar\u00a0<strong>creme solar e traga uma garrafa de \u00e1gua<\/strong>.<\/li>\n<\/ol>\n<h2>\n\t\tItiner\u00e1rio\n\t<\/h2>\n\t<ul>\n<li>Pal\u00e1cios Nasrid<\/li>\n<li>Mexuar<\/li>\n<li>Comares<\/li>\n<li>Patio de los Arrayanes<\/li>\n<li>Pal\u00e1cio dos Le\u00f5es<\/li>\n<li>Alcazaba<\/li>\n<li>Pal\u00e1cio de Carlos V<\/li>\n<li>Generalife e jardins<\/li>\n<\/ul>\n\t<p>Um dos monumentos mais visitados do mundo, o Alhambra \u00e9 muito mais do que um pal\u00e1cio ou uma fortaleza: \u00e9 a j\u00f3ia de Granada. Este passeio \u00e9 uma viagem no tempo em que durante 3 horas conhecer\u00e1 os segredos mais bem guardados deste lugar emblem\u00e1tico. Sem d\u00favida, a nossa melhor digress\u00e3o. Descubra n\u00e3o s\u00f3 o seu valor hist\u00f3rico e art\u00edstico mas tamb\u00e9m todos os seus recantos, anedotas, lendas e segredos. Caminhar\u00e1 pelas suas numerosas salas, jardins e fontes, acompanhado por um guia oficial que lhe mostrar\u00e1 uma vis\u00e3o divertida e informativa do monumento Nasrid. Uma viagem pela hist\u00f3ria em que se sentir\u00e1 como os grandes sult\u00f5es e reis que outrora viveram aqui.<\/p>\n<p>Verifique a disponibilidade do nosso calend\u00e1rio.\u00a0<strong>N\u00e3o o perca!<\/strong><\/p>\n<h2>\n\t\tTambi\u00e9n puedes reservar nuestras otras visitas a la Alhambra&#8230;\n\t<\/h2>\n<h2>\n\t\tTambi\u00e9n puedes reservar nuestros otros servicios&#8230;\n\t<\/h2>\n\t<a href=\"https:\/\/walkingranada.com\/pt\/que-fazer-em-granada\/flamenco\/\" target=\"_self\"><\/a>\t\t\t<img decoding=\"async\" loading=\"lazy\" alt=\"bailaora flamenca\" src=\"https:\/\/walkingranada.com\/wp-content\/uploads\/2022\/10\/Rectangle-42.png\"\/>\n\t\t<h3>Flamenco<\/h3>\n\t<a href=\"https:\/\/walkingranada.com\/pt\/que-fazer-em-granada\/hammam-al-andalus\/\" target=\"_self\"><\/a>\t\t\t<img decoding=\"async\" loading=\"lazy\" alt=\"ba\u00f1os \u00e1rabes\" src=\"https:\/\/walkingranada.com\/wp-content\/uploads\/2022\/10\/Rectangle-43.png\"\/>\n\t\t<h3>Hammam <br \/>Al-\u00e1ndalus<\/h3>\n\t<a href=\"https:\/\/walkingranada.com\/pt\/que-fazer-em-granada\/excursoes\/\" target=\"_self\"><\/a>\t\t\t<img decoding=\"async\" loading=\"lazy\" alt=\"mezquita de c\u00f3rdoba\" src=\"https:\/\/walkingranada.com\/wp-content\/uploads\/2022\/10\/Rectangle-45.png\"\/>\n\t\t<h3>excurs\u00f5es <br \/>de un dia<\/h3>\n\t<a href=\"https:\/\/walkingranada.com\/pt\/que-fazer-em-granada\/rota-olfativa\/\" target=\"_self\"><\/a>\t\t\t<img decoding=\"async\" loading=\"lazy\" alt=\"imagen de una chica joven\" src=\"https:\/\/walkingranada.com\/wp-content\/uploads\/2022\/10\/Rectangle-38.png\"\/>\n\t\t<h3>Rota olfativa<\/h3>","protected":false},"excerpt":{"rendered":"<p>Alhambra &gt; Visita guiada en grupo normal VISITA GUIADA CON ENTRADA A LA ALHAMBRA Y GENERALIFE EN GRUPO NORMAL Paseo de la Sabica 1 Recepci\u00f3n de visitantes Entrada incluida Grupo de hasta 30 personas Accesibilidad limitada Todos los d\u00edas Seg\u00fan disponibilidad 3 horas Desde 42\u20ac\/pax Castellano, ingl\u00e9s, franc\u00e9s Conoce los secretos y misterios de la &#8230; <a title=\"Visita guiada en grupo normal\" class=\"read-more\" href=\"https:\/\/walkingranada.com\/pt\/alhambra\/visita-guiada-con-entrada-alhambra\/\" aria-label=\"Leia mais sobre Visita guiada en grupo normal\">Ler mais<\/a><\/p>","protected":false},"author":2,"featured_media":2274,"parent":88,"menu_order":0,"comment_status":"closed","ping_status":"closed","template":"","meta":{"footnotes":""},"class_list":["post-408","page","type-page","status-publish","has-post-thumbnail"],"yoast_head":"<!-- This site is optimized with the Yoast SEO plugin v27.4 - https:\/\/yoast.com\/product\/yoast-seo-wordpress\/ -->\n<title>Visita guiada con entrada a la Alhambra y Generalife<\/title>\n<meta name=\"description\" content=\"Con nuestra visita guiada con entrada a la Alhambra podr\u00e1s comprar tu entrada de la Alhambra y conocerla de mano de uno de nuestros gu\u00edas.\" \/>\n<meta name=\"robots\" content=\"index, follow, max-snippet:-1, max-image-preview:large, max-video-preview:-1\" \/>\n<link rel=\"canonical\" href=\"https:\/\/walkingranada.com\/pt\/alhambra\/visita-guiada-com-entrada-alhambra\/\" \/>\n<meta property=\"og:locale\" content=\"pt_PT\" \/>\n<meta property=\"og:type\" content=\"article\" \/>\n<meta property=\"og:title\" content=\"Visita guiada con entrada a la Alhambra y Generalife\" \/>\n<meta property=\"og:description\" content=\"Con nuestra visita guiada con entrada a la Alhambra podr\u00e1s comprar tu entrada de la Alhambra y conocerla de mano de uno de nuestros gu\u00edas.\" \/>\n<meta property=\"og:url\" content=\"https:\/\/walkingranada.com\/pt\/alhambra\/visita-guiada-com-entrada-alhambra\/\" \/>\n<meta property=\"og:site_name\" content=\"Walk in Granada\" \/>\n<meta property=\"article:publisher\" content=\"https:\/\/es-es.facebook.com\/walkingranadatour\/\" \/>\n<meta property=\"article:modified_time\" content=\"2025-04-21T11:43:36+00:00\" \/>\n<meta property=\"og:image\" content=\"https:\/\/walkingranada.com\/wp-content\/uploads\/2023\/01\/Generalife-Alhambra-1.webp\" \/>\n\t<meta property=\"og:image:width\" content=\"305\" \/>\n\t<meta property=\"og:image:height\" content=\"305\" \/>\n\t<meta property=\"og:image:type\" content=\"image\/webp\" \/>\n<meta name=\"twitter:card\" content=\"summary_large_image\" \/>\n<meta name=\"twitter:site\" content=\"@walkingranada\" \/>\n<meta name=\"twitter:label1\" content=\"Tempo estimado de leitura\" \/>\n\t<meta name=\"twitter:data1\" content=\"8 minutos\" \/>\n<script type=\"application\/ld+json\" class=\"yoast-schema-graph\">{\"@context\":\"https:\\\/\\\/schema.org\",\"@graph\":[{\"@type\":\"WebPage\",\"@id\":\"https:\\\/\\\/walkingranada.com\\\/alhambra\\\/visita-guiada-con-entrada-alhambra\\\/\",\"url\":\"https:\\\/\\\/walkingranada.com\\\/alhambra\\\/visita-guiada-con-entrada-alhambra\\\/\",\"name\":\"Visita guiada con entrada a la Alhambra y Generalife\",\"isPartOf\":{\"@id\":\"https:\\\/\\\/walkingranada.com\\\/#website\"},\"primaryImageOfPage\":{\"@id\":\"https:\\\/\\\/walkingranada.com\\\/alhambra\\\/visita-guiada-con-entrada-alhambra\\\/#primaryimage\"},\"image\":{\"@id\":\"https:\\\/\\\/walkingranada.com\\\/alhambra\\\/visita-guiada-con-entrada-alhambra\\\/#primaryimage\"},\"thumbnailUrl\":\"https:\\\/\\\/walkingranada.com\\\/wp-content\\\/uploads\\\/2023\\\/01\\\/Generalife-Alhambra-1.webp\",\"datePublished\":\"2022-10-27T08:45:49+00:00\",\"dateModified\":\"2025-04-21T11:43:36+00:00\",\"description\":\"Con nuestra visita guiada con entrada a la Alhambra podr\u00e1s comprar tu entrada de la Alhambra y conocerla de mano de uno de nuestros gu\u00edas.\",\"breadcrumb\":{\"@id\":\"https:\\\/\\\/walkingranada.com\\\/alhambra\\\/visita-guiada-con-entrada-alhambra\\\/#breadcrumb\"},\"inLanguage\":\"pt-PT\",\"potentialAction\":[{\"@type\":\"ReadAction\",\"target\":[\"https:\\\/\\\/walkingranada.com\\\/alhambra\\\/visita-guiada-con-entrada-alhambra\\\/\"]}]},{\"@type\":\"ImageObject\",\"inLanguage\":\"pt-PT\",\"@id\":\"https:\\\/\\\/walkingranada.com\\\/alhambra\\\/visita-guiada-con-entrada-alhambra\\\/#primaryimage\",\"url\":\"https:\\\/\\\/walkingranada.com\\\/wp-content\\\/uploads\\\/2023\\\/01\\\/Generalife-Alhambra-1.webp\",\"contentUrl\":\"https:\\\/\\\/walkingranada.com\\\/wp-content\\\/uploads\\\/2023\\\/01\\\/Generalife-Alhambra-1.webp\",\"width\":305,\"height\":305,\"caption\":\"Generalife\"},{\"@type\":\"BreadcrumbList\",\"@id\":\"https:\\\/\\\/walkingranada.com\\\/alhambra\\\/visita-guiada-con-entrada-alhambra\\\/#breadcrumb\",\"itemListElement\":[{\"@type\":\"ListItem\",\"position\":1,\"name\":\"Portada\",\"item\":\"https:\\\/\\\/walkingranada.com\\\/\"},{\"@type\":\"ListItem\",\"position\":2,\"name\":\"Alhambra\",\"item\":\"https:\\\/\\\/walkingranada.com\\\/alhambra\\\/\"},{\"@type\":\"ListItem\",\"position\":3,\"name\":\"Visita guiada en grupo normal\"}]},{\"@type\":\"WebSite\",\"@id\":\"https:\\\/\\\/walkingranada.com\\\/#website\",\"url\":\"https:\\\/\\\/walkingranada.com\\\/\",\"name\":\"Walk in Granada\",\"description\":\"Turismo responsable\",\"publisher\":{\"@id\":\"https:\\\/\\\/walkingranada.com\\\/#organization\"},\"alternateName\":\"Walk in Granada\",\"potentialAction\":[{\"@type\":\"SearchAction\",\"target\":{\"@type\":\"EntryPoint\",\"urlTemplate\":\"https:\\\/\\\/walkingranada.com\\\/?s={search_term_string}\"},\"query-input\":{\"@type\":\"PropertyValueSpecification\",\"valueRequired\":true,\"valueName\":\"search_term_string\"}}],\"inLanguage\":\"pt-PT\"},{\"@type\":\"Organization\",\"@id\":\"https:\\\/\\\/walkingranada.com\\\/#organization\",\"name\":\"Walk In Granada\",\"alternateName\":\"Walk In Granada\",\"url\":\"https:\\\/\\\/walkingranada.com\\\/\",\"logo\":{\"@type\":\"ImageObject\",\"inLanguage\":\"pt-PT\",\"@id\":\"https:\\\/\\\/walkingranada.com\\\/#\\\/schema\\\/logo\\\/image\\\/\",\"url\":\"https:\\\/\\\/walkingranada.com\\\/wp-content\\\/uploads\\\/2022\\\/12\\\/Logo-Walking.webp\",\"contentUrl\":\"https:\\\/\\\/walkingranada.com\\\/wp-content\\\/uploads\\\/2022\\\/12\\\/Logo-Walking.webp\",\"width\":512,\"height\":512,\"caption\":\"Walk In Granada\"},\"image\":{\"@id\":\"https:\\\/\\\/walkingranada.com\\\/#\\\/schema\\\/logo\\\/image\\\/\"},\"sameAs\":[\"https:\\\/\\\/es-es.facebook.com\\\/walkingranadatour\\\/\",\"https:\\\/\\\/x.com\\\/walkingranada\",\"https:\\\/\\\/www.instagram.com\\\/walkingranada\\\/\"]}]}<\/script>\n<!-- \/ Yoast SEO plugin. -->","yoast_head_json":{"title":"Visita guiada com entrada na Alhambra e Generalife","description":"Com nossa visita guiada com entrada na Alhambra, voc\u00ea pode comprar seu ingresso da Alhambra e conhec\u00ea-la com um de nossos guias.","robots":{"index":"index","follow":"follow","max-snippet":"max-snippet:-1","max-image-preview":"max-image-preview:large","max-video-preview":"max-video-preview:-1"},"canonical":"https:\/\/walkingranada.com\/pt\/alhambra\/visita-guiada-com-entrada-alhambra\/","og_locale":"pt_PT","og_type":"article","og_title":"Visita guiada con entrada a la Alhambra y Generalife","og_description":"Con nuestra visita guiada con entrada a la Alhambra podr\u00e1s comprar tu entrada de la Alhambra y conocerla de mano de uno de nuestros gu\u00edas.","og_url":"https:\/\/walkingranada.com\/pt\/alhambra\/visita-guiada-com-entrada-alhambra\/","og_site_name":"Walk in Granada","article_publisher":"https:\/\/es-es.facebook.com\/walkingranadatour\/","article_modified_time":"2025-04-21T11:43:36+00:00","og_image":[{"width":305,"height":305,"url":"https:\/\/walkingranada.com\/wp-content\/uploads\/2023\/01\/Generalife-Alhambra-1.webp","type":"image\/webp"}],"twitter_card":"summary_large_image","twitter_site":"@walkingranada","twitter_misc":{"Tempo estimado de leitura":"8 minutos"},"schema":{"@context":"https:\/\/schema.org","@graph":[{"@type":"WebPage","@id":"https:\/\/walkingranada.com\/alhambra\/visita-guiada-con-entrada-alhambra\/","url":"https:\/\/walkingranada.com\/alhambra\/visita-guiada-con-entrada-alhambra\/","name":"Visita guiada com entrada na Alhambra e Generalife","isPartOf":{"@id":"https:\/\/walkingranada.com\/#website"},"primaryImageOfPage":{"@id":"https:\/\/walkingranada.com\/alhambra\/visita-guiada-con-entrada-alhambra\/#primaryimage"},"image":{"@id":"https:\/\/walkingranada.com\/alhambra\/visita-guiada-con-entrada-alhambra\/#primaryimage"},"thumbnailUrl":"https:\/\/walkingranada.com\/wp-content\/uploads\/2023\/01\/Generalife-Alhambra-1.webp","datePublished":"2022-10-27T08:45:49+00:00","dateModified":"2025-04-21T11:43:36+00:00","description":"Com nossa visita guiada com entrada na Alhambra, voc\u00ea pode comprar seu ingresso da Alhambra e conhec\u00ea-la com um de nossos guias.","breadcrumb":{"@id":"https:\/\/walkingranada.com\/alhambra\/visita-guiada-con-entrada-alhambra\/#breadcrumb"},"inLanguage":"pt-PT","potentialAction":[{"@type":"ReadAction","target":["https:\/\/walkingranada.com\/alhambra\/visita-guiada-con-entrada-alhambra\/"]}]},{"@type":"ImageObject","inLanguage":"pt-PT","@id":"https:\/\/walkingranada.com\/alhambra\/visita-guiada-con-entrada-alhambra\/#primaryimage","url":"https:\/\/walkingranada.com\/wp-content\/uploads\/2023\/01\/Generalife-Alhambra-1.webp","contentUrl":"https:\/\/walkingranada.com\/wp-content\/uploads\/2023\/01\/Generalife-Alhambra-1.webp","width":305,"height":305,"caption":"Generalife"},{"@type":"BreadcrumbList","@id":"https:\/\/walkingranada.com\/alhambra\/visita-guiada-con-entrada-alhambra\/#breadcrumb","itemListElement":[{"@type":"ListItem","position":1,"name":"Portada","item":"https:\/\/walkingranada.com\/"},{"@type":"ListItem","position":2,"name":"Alhambra","item":"https:\/\/walkingranada.com\/alhambra\/"},{"@type":"ListItem","position":3,"name":"Visita guiada en grupo normal"}]},{"@type":"WebSite","@id":"https:\/\/walkingranada.com\/#website","url":"https:\/\/walkingranada.com\/","name":"Walk in Granada","description":"Turismo responsable","publisher":{"@id":"https:\/\/walkingranada.com\/#organization"},"alternateName":"Walk in Granada","potentialAction":[{"@type":"SearchAction","target":{"@type":"EntryPoint","urlTemplate":"https:\/\/walkingranada.com\/?s={search_term_string}"},"query-input":{"@type":"PropertyValueSpecification","valueRequired":true,"valueName":"search_term_string"}}],"inLanguage":"pt-PT"},{"@type":"Organization","@id":"https:\/\/walkingranada.com\/#organization","name":"Walk In Granada","alternateName":"Walk In Granada","url":"https:\/\/walkingranada.com\/","logo":{"@type":"ImageObject","inLanguage":"pt-PT","@id":"https:\/\/walkingranada.com\/#\/schema\/logo\/image\/","url":"https:\/\/walkingranada.com\/wp-content\/uploads\/2022\/12\/Logo-Walking.webp","contentUrl":"https:\/\/walkingranada.com\/wp-content\/uploads\/2022\/12\/Logo-Walking.webp","width":512,"height":512,"caption":"Walk In Granada"},"image":{"@id":"https:\/\/walkingranada.com\/#\/schema\/logo\/image\/"},"sameAs":["https:\/\/es-es.facebook.com\/walkingranadatour\/","https:\/\/x.com\/walkingranada","https:\/\/www.instagram.com\/walkingranada\/"]}]}},"_links":{"self":[{"href":"https:\/\/walkingranada.com\/pt\/wp-json\/wp\/v2\/pages\/408","targetHints":{"allow":["GET"]}}],"collection":[{"href":"https:\/\/walkingranada.com\/pt\/wp-json\/wp\/v2\/pages"}],"about":[{"href":"https:\/\/walkingranada.com\/pt\/wp-json\/wp\/v2\/types\/page"}],"author":[{"embeddable":true,"href":"https:\/\/walkingranada.com\/pt\/wp-json\/wp\/v2\/users\/2"}],"replies":[{"embeddable":true,"href":"https:\/\/walkingranada.com\/pt\/wp-json\/wp\/v2\/comments?post=408"}],"version-history":[{"count":61,"href":"https:\/\/walkingranada.com\/pt\/wp-json\/wp\/v2\/pages\/408\/revisions"}],"predecessor-version":[{"id":6902,"href":"https:\/\/walkingranada.com\/pt\/wp-json\/wp\/v2\/pages\/408\/revisions\/6902"}],"up":[{"embeddable":true,"href":"https:\/\/walkingranada.com\/pt\/wp-json\/wp\/v2\/pages\/88"}],"wp:featuredmedia":[{"embeddable":true,"href":"https:\/\/walkingranada.com\/pt\/wp-json\/wp\/v2\/media\/2274"}],"wp:attachment":[{"href":"https:\/\/walkingranada.com\/pt\/wp-json\/wp\/v2\/media?parent=408"}],"curies":[{"name":"wp","href":"https:\/\/api.w.org\/{rel}","templated":true}]}}