{"id":3185,"date":"2023-01-31T12:04:53","date_gmt":"2023-01-31T12:04:53","guid":{"rendered":"https:\/\/factum-omibu.es\/walkin\/?page_id=3185"},"modified":"2023-05-22T06:52:05","modified_gmt":"2023-05-22T06:52:05","slug":"spanish-cooking-class","status":"publish","type":"page","link":"https:\/\/walkingranada.com\/pt\/spanish-cooking-class\/","title":{"rendered":"Spanish cooking class"},"content":{"rendered":"<p>ROTAS GASTRON\u00d3MICAS &gt; AULA DE COZINHA ESPANHOLA<\/p>\r\n\n<div class=\"wpcf7 no-js\" id=\"wpcf7-f3193-o1\" lang=\"es-ES\" dir=\"ltr\" data-wpcf7-id=\"3193\">\n<div class=\"screen-reader-response\"><p role=\"status\" aria-live=\"polite\" aria-atomic=\"true\"><\/p> <ul><\/ul><\/div>\n<form action=\"\/pt\/wp-json\/wp\/v2\/pages\/3185#wpcf7-f3193-o1\" method=\"post\" class=\"wpcf7-form init\" aria-label=\"Formulario de contacto\" novalidate=\"novalidate\" data-status=\"init\" data-trp-original-action=\"\/pt\/wp-json\/wp\/v2\/pages\/3185#wpcf7-f3193-o1\">\n<fieldset class=\"hidden-fields-container\"><input type=\"hidden\" name=\"_wpcf7\" value=\"3193\" \/><input type=\"hidden\" name=\"_wpcf7_version\" value=\"6.1.5\" \/><input type=\"hidden\" name=\"_wpcf7_locale\" value=\"es_ES\" \/><input type=\"hidden\" name=\"_wpcf7_unit_tag\" value=\"wpcf7-f3193-o1\" \/><input type=\"hidden\" name=\"_wpcf7_container_post\" value=\"0\" \/><input type=\"hidden\" name=\"_wpcf7_posted_data_hash\" value=\"\" \/>\n<\/fieldset>\n<div class=\"wpcf7-turnstile cf-turnstile\" data-sitekey=\"0x4AAAAAABDgXyo_srqgI3Rz\" data-response-field-name=\"_wpcf7_turnstile_response\"><\/div>\n\n<p><span class=\"wpcf7-form-control-wrap\" data-name=\"nombre\"><input size=\"40\" maxlength=\"400\" class=\"wpcf7-form-control wpcf7-text wpcf7-validates-as-required\" aria-required=\"true\" aria-invalid=\"false\" placeholder=\"Nome\" value=\"\" type=\"text\" name=\"nombre\" \/><\/span>\n<\/p>\n<p><span class=\"wpcf7-form-control-wrap\" data-name=\"email\"><input size=\"40\" maxlength=\"400\" class=\"wpcf7-form-control wpcf7-email wpcf7-validates-as-required wpcf7-text wpcf7-validates-as-email\" aria-required=\"true\" aria-invalid=\"false\" placeholder=\"Correio eletr\u00f3nico*\" value=\"\" type=\"email\" name=\"email\" \/><\/span>\n<\/p>\n<p><span class=\"wpcf7-form-control-wrap\" data-name=\"telefono\"><input size=\"40\" maxlength=\"400\" class=\"wpcf7-form-control wpcf7-text wpcf7-validates-as-required\" aria-required=\"true\" aria-invalid=\"false\" placeholder=\"Telefone*\" value=\"\" type=\"text\" name=\"telefono\" \/><\/span>\n<\/p>\n<p><span class=\"wpcf7-form-control-wrap\" data-name=\"alojamiento\"><input size=\"40\" maxlength=\"400\" class=\"wpcf7-form-control wpcf7-text\" aria-invalid=\"false\" placeholder=\"Onde est\u00e1 alojado em Granada?\" value=\"\" type=\"text\" name=\"alojamiento\" \/><\/span>\n<\/p>\n<p><span class=\"wpcf7-form-control-wrap\" data-name=\"mensaje\"><textarea cols=\"40\" rows=\"10\" maxlength=\"2000\" class=\"wpcf7-form-control wpcf7-textarea\" aria-invalid=\"false\" placeholder=\"Mensagem\" name=\"mensaje\"><\/textarea><\/span>\n<\/p>\n<p><label>\u00bfComo \u00e9 que nos encontrou?<br \/>\n<span class=\"wpcf7-form-control-wrap\" data-name=\"conociste\"><select class=\"wpcf7-form-control wpcf7-select\" aria-invalid=\"false\" name=\"conociste\"><option value=\"\">&#8212;Por favor, elige una opci\u00f3n&#8212;<\/option><option value=\"Word of mouth\">Palavra de boca em boca<\/option><option value=\"Search online\">Search online<\/option><option value=\"Facebook\/Twitter\/Socialmedia\">Facebook\/Twitter\/Socialmedia<\/option><option value=\"Tourist Office\">Tourist Office<\/option><option value=\"Tripadvisor\">Tripadvisor<\/option><option value=\"Accommodation\">Accommodation<\/option><option value=\"Other\">Other<\/option><\/select><\/span> <\/label>\n<\/p>\n<p><span class=\"wpcf7-form-control-wrap\" data-name=\"acceptance-994\"><span class=\"wpcf7-form-control wpcf7-acceptance\"><span class=\"wpcf7-list-item\"><label><input type=\"checkbox\" name=\"acceptance-994\" value=\"1\" aria-invalid=\"false\" \/><span class=\"wpcf7-list-item-label\">Li e aceito a <a class=\"red\" href=\"https:\/\/walkingranada.com\/en\/privacy-policy\/\" target=\"_blank\">Pol\u00edtica de Privacidade<\/a><\/span><\/label><\/span><\/span><\/span>\n<\/p>\n<p><div class=\"cf7-cf-turnstile\" style=\"margin-top: 0px; margin-bottom: -15px;\"> <div id=\"cf-turnstile-cf7-1081721774\" class=\"cf-turnstile\" data-sitekey=\"0x4AAAAAABDgXyo_srqgI3Rz\" data-theme=\"light\" data-language=\"auto\" data-size=\"normal\" data-retry=\"auto\" data-retry-interval=\"1000\" data-refresh-expired=\"auto\" data-refresh-timeout=\"auto\" data-action=\"contact-form-7\" data-callback=\"turnstileCF7Callback\" data-appearance=\"always\"><\/div> <script>document.addEventListener(\"DOMContentLoaded\", function() { setTimeout(function(){ var e=document.getElementById(\"cf-turnstile-cf7-1081721774\"); if(e&&!e.innerHTML.trim()){turnstile.render(e, {sitekey:\"0x4AAAAAABDgXyo_srqgI3Rz\"});} }, 200); });<\/script> <br class=\"cf-turnstile-br cf-turnstile-br-cf7-1081721774\"> <style>#cf-turnstile-cf7-1081721774 { margin-left: -15px; }<\/style> <script>document.addEventListener(\"DOMContentLoaded\",function(){document.querySelectorAll('.wpcf7-form').forEach(function(e){e.addEventListener('submit',function(){if(document.getElementById('cf-turnstile-cf7-1081721774')){setTimeout(function(){turnstile.reset('#cf-turnstile-cf7-1081721774');},1000)}})})});<\/script> <\/div><br\/><input class=\"wpcf7-form-control wpcf7-submit has-spinner\" type=\"submit\" value=\"Enviar\" \/>\n<\/p><div class=\"wpcf7-response-output\" aria-hidden=\"true\"><\/div>\n<input type=\"hidden\" name=\"trp-form-language\" value=\"pt\"\/><\/form>\n<\/div>\n\r\n<h1>SPANISH COOKING CLASS<\/h1>\r\n<p><a href=\"#encuentro\"> <img decoding=\"async\" loading=\"lazy\" src=\"https:\/\/walkingranada.com\/wp-content\/uploads\/2022\/10\/fi-rr-marker.png\" alt=\"Plaza nueva\" \/><\/a><\/p>\r\n<p>Plaza nueva <img decoding=\"async\" loading=\"lazy\" src=\"https:\/\/walkingranada.com\/wp-content\/uploads\/2022\/10\/\ud83e\udd86-icon-_Info-Circle_.png\" alt=\"informaci\u00f3n\" \/><\/p>\r\n<p><img decoding=\"async\" loading=\"lazy\" src=\"https:\/\/walkingranada.com\/wp-content\/uploads\/2022\/10\/fi-rr-umbrella.png\" alt=\"ubicaci\u00f3n\" \/><\/p>\r\n<p>Consoante o alojamento<\/p>\r\n<p><img decoding=\"async\" loading=\"lazy\" src=\"https:\/\/walkingranada.com\/wp-content\/uploads\/2022\/10\/fi-rr-chat-arrow-grow.png\" alt=\"Dificultad\" \/><\/p>\r\n<p>Baixa dificuldade<\/p>\r\n<p><img decoding=\"async\" loading=\"lazy\" src=\"https:\/\/walkingranada.com\/wp-content\/uploads\/2022\/10\/fi-rr-map.png\" alt=\"Area\" \/><\/p>\r\n<p>Historic Centre, Urban Centre<\/p>\r\n<p><img decoding=\"async\" loading=\"lazy\" src=\"https:\/\/walkingranada.com\/wp-content\/uploads\/2022\/12\/accesibilidad_.png\" alt=\"Accesibilidad\" \/><\/p>\r\n<p>Acessibilidade limitada<\/p>\r\n<p><img decoding=\"async\" loading=\"lazy\" src=\"https:\/\/walkingranada.com\/wp-content\/uploads\/2022\/10\/fi-rr-calendar.png\" alt=\"Disponibilidad\" \/><\/p>\r\n<p>Sujeito \u00e0 disponibilidade<\/p>\r\n<p><img decoding=\"async\" loading=\"lazy\" src=\"https:\/\/walkingranada.com\/wp-content\/uploads\/2022\/10\/fi-rr-clock.png\" alt=\"Horario\" \/><\/p>\r\n<p>\u00c0 11:00 et \u00e0 18:00<\/p>\r\n<p><img decoding=\"async\" loading=\"lazy\" src=\"https:\/\/walkingranada.com\/wp-content\/uploads\/2022\/10\/fi-rr-alarm-clock.png\" alt=\"Duraci\u00f3n\" \/><\/p>\r\n<p>3 horas<\/p>\r\n<p><img decoding=\"async\" loading=\"lazy\" src=\"https:\/\/walkingranada.com\/wp-content\/uploads\/2022\/10\/fi-rr-receipt.png\" alt=\"Precio\" \/><\/p>\r\n<p>A partir de 49 euros\/pax<\/p>\r\n<p><img decoding=\"async\" loading=\"lazy\" src=\"https:\/\/walkingranada.com\/wp-content\/uploads\/2022\/10\/fi-rr-comments.png\" alt=\"Idiomas\" \/><\/p>\r\n<p>N\u00edvel b\u00e1sico de espanhol exigido<\/p>\r\n<p>Uma experi\u00eancia cultural inovadora e l\u00fadica para aprender espanhol enquanto cozinha.<\/p>\r\n<p>The best memories are related to food. Odors, textures, unforgettable flavors that transport us to a moment shared with people and in places that we will always keep in our memory.<\/p>\r\n<p>Desfrute da riqueza gastron\u00f3mica de Granada, a terra das tr\u00eas culturas. \u00c1rabes, crist\u00e3os e judeus coexistiram em harmonia durante muitos anos e deixaram-nos receitas que ainda permanecem nas cozinhas das fam\u00edlias de Granada. Com esta experi\u00eancia, poder\u00e1 aprender espanhol enquanto cozinha estas receitas tradicionais e saborear a aut\u00eantica cultura.<\/p>\r\n<p>Ideal para fam\u00edlias, gourmets, estudantes de espanhol, Quijotes e Sanchos Panza...<\/p>\r\n<p>Para al\u00e9m de desfrutar da experi\u00eancia do\u00a0<strong>aula de culin\u00e1ria num pequeno grupo<\/strong>\u00a0(m\u00e1ximo 12 pessoas), tamb\u00e9m pode escolher um\u00a0<strong>aula particular de cozinha<\/strong>, onde ter\u00e1 um tratamento VIP e personalizado, podendo escolher o hor\u00e1rio que melhor lhe convier, bem como escolher as receitas da nossa gastronomia que estiver interessado em descobrir durante a aula.<\/p>\r\n<h2>Terms &amp; Conditions<\/h2>\r\n<ul>\r\n<li>Classe espanhola, ingredientes, degusta\u00e7\u00e3o da receita, 1 bebida, avental exclusivo e certificado de assist\u00eancia.<\/li>\r\n<li>Grupo (de 4 a 12 pessoas).<\/li>\r\n<li>Professor de espanhol qualificado.<\/li>\r\n<\/ul>\r\n<p>Para fazer a reserva, ser\u00e3o cobrados 9 euros por pessoa e os restantes 40 euros ser\u00e3o pagos no estabelecimento. (Nota: o estabelecimento n\u00e3o aceita cart\u00f5es de cr\u00e9dito).<\/p>\r\n<h2>Condi\u00e7\u00f5es gerais<\/h2>\r\n<ul>\r\n<li><a href=\"https:\/\/walkingranada.com\/pt\/transfers\/\">Transfers<\/a><\/li>\r\n<\/ul>\r\n<h2>Tambi\u00e9n puedes reservar nuestros otros servicios&#8230;<\/h2>\r\n<p><img decoding=\"async\" loading=\"lazy\" src=\"https:\/\/walkingranada.com\/wp-content\/uploads\/2022\/10\/Rectangle-42.png\" alt=\"bailaora flamenca\" \/><\/p>\r\n<h3>Flamenco<\/h3>\r\n<p><img decoding=\"async\" loading=\"lazy\" src=\"https:\/\/walkingranada.com\/wp-content\/uploads\/2022\/10\/Rectangle-43.png\" alt=\"ba\u00f1os \u00e1rabes\" \/><\/p>\r\n<h3>Hammam <br \/>Al-\u00e1ndalus<\/h3>\r\n<p><img decoding=\"async\" loading=\"lazy\" src=\"https:\/\/walkingranada.com\/wp-content\/uploads\/2022\/10\/Rectangle-45.png\" alt=\"mezquita de c\u00f3rdoba\" \/><\/p>\r\n<h3>excurs\u00f5es <br \/>de un dia<\/h3>\r\n<p><img decoding=\"async\" loading=\"lazy\" src=\"https:\/\/walkingranada.com\/wp-content\/uploads\/2022\/10\/Rectangle-38.png\" alt=\"imagen de una chica joven\" \/><\/p>\r\n<h3>Rota olfativa<\/h3>","protected":false},"excerpt":{"rendered":"<p>GASTRONOMIC ROUTES &gt; SPANISH COOKING CLASS SPANISH COOKING CLASS Plaza nueva According to accommodation Low difficulty Historic Centre, Urban Centre Accesibilidad limitada according to availability At 11:00 and at 18:00 3 horas From 49\u20ac\/pax Basic level of Spanish required An innovative and playful cultural experience to learn Spanish while cooking. The best memories are related &#8230; <a title=\"Spanish cooking class\" class=\"read-more\" href=\"https:\/\/walkingranada.com\/pt\/spanish-cooking-class\/\" aria-label=\"Leia mais sobre Spanish cooking class\">Ler mais<\/a><\/p>","protected":false},"author":2,"featured_media":2391,"parent":0,"menu_order":0,"comment_status":"closed","ping_status":"closed","template":"","meta":{"footnotes":""},"class_list":["post-3185","page","type-page","status-publish","has-post-thumbnail"],"yoast_head":"<!-- This site is optimized with the Yoast SEO plugin v27.5 - https:\/\/yoast.com\/product\/yoast-seo-wordpress\/ -->\n<title>Spanish cooking class - Walk in Granada<\/title>\n<meta name=\"description\" content=\"Enjoy this wonderful experience.\" \/>\n<meta name=\"robots\" content=\"index, follow, max-snippet:-1, max-image-preview:large, max-video-preview:-1\" \/>\n<link rel=\"canonical\" href=\"https:\/\/walkingranada.com\/pt\/spanish-cooking-class\/\" \/>\n<meta property=\"og:locale\" content=\"pt_PT\" \/>\n<meta property=\"og:type\" content=\"article\" \/>\n<meta property=\"og:title\" content=\"Spanish cooking class - Walk in Granada\" \/>\n<meta property=\"og:description\" content=\"Enjoy this wonderful experience.\" \/>\n<meta property=\"og:url\" content=\"https:\/\/walkingranada.com\/pt\/spanish-cooking-class\/\" \/>\n<meta property=\"og:site_name\" content=\"Walk in Granada\" \/>\n<meta property=\"article:publisher\" content=\"https:\/\/es-es.facebook.com\/walkingranadatour\/\" \/>\n<meta property=\"article:modified_time\" content=\"2023-05-22T06:52:05+00:00\" \/>\n<meta property=\"og:image\" content=\"https:\/\/walkingranada.com\/wp-content\/uploads\/2023\/01\/Tour-Gastronomico-6.jpg.webp\" \/>\n\t<meta property=\"og:image:width\" content=\"305\" \/>\n\t<meta property=\"og:image:height\" content=\"305\" \/>\n\t<meta property=\"og:image:type\" content=\"image\/jpeg\" \/>\n<meta name=\"twitter:card\" content=\"summary_large_image\" \/>\n<meta name=\"twitter:site\" content=\"@walkingranada\" \/>\n<meta name=\"twitter:label1\" content=\"Tempo estimado de leitura\" \/>\n\t<meta name=\"twitter:data1\" content=\"5 minutos\" \/>\n<script type=\"application\/ld+json\" class=\"yoast-schema-graph\">{\"@context\":\"https:\\\/\\\/schema.org\",\"@graph\":[{\"@type\":\"WebPage\",\"@id\":\"https:\\\/\\\/walkingranada.com\\\/spanish-cooking-class\\\/\",\"url\":\"https:\\\/\\\/walkingranada.com\\\/spanish-cooking-class\\\/\",\"name\":\"Spanish cooking class - Walk in Granada\",\"isPartOf\":{\"@id\":\"https:\\\/\\\/walkingranada.com\\\/#website\"},\"primaryImageOfPage\":{\"@id\":\"https:\\\/\\\/walkingranada.com\\\/spanish-cooking-class\\\/#primaryimage\"},\"image\":{\"@id\":\"https:\\\/\\\/walkingranada.com\\\/spanish-cooking-class\\\/#primaryimage\"},\"thumbnailUrl\":\"https:\\\/\\\/walkingranada.com\\\/wp-content\\\/uploads\\\/2023\\\/01\\\/Tour-Gastronomico-6.jpg.webp\",\"datePublished\":\"2023-01-31T12:04:53+00:00\",\"dateModified\":\"2023-05-22T06:52:05+00:00\",\"description\":\"Enjoy this wonderful experience.\",\"breadcrumb\":{\"@id\":\"https:\\\/\\\/walkingranada.com\\\/spanish-cooking-class\\\/#breadcrumb\"},\"inLanguage\":\"pt-PT\",\"potentialAction\":[{\"@type\":\"ReadAction\",\"target\":[\"https:\\\/\\\/walkingranada.com\\\/spanish-cooking-class\\\/\"]}]},{\"@type\":\"ImageObject\",\"inLanguage\":\"pt-PT\",\"@id\":\"https:\\\/\\\/walkingranada.com\\\/spanish-cooking-class\\\/#primaryimage\",\"url\":\"https:\\\/\\\/walkingranada.com\\\/wp-content\\\/uploads\\\/2023\\\/01\\\/Tour-Gastronomico-6.jpg.webp\",\"contentUrl\":\"https:\\\/\\\/walkingranada.com\\\/wp-content\\\/uploads\\\/2023\\\/01\\\/Tour-Gastronomico-6.jpg.webp\",\"width\":305,\"height\":305,\"caption\":\"salmorejo\"},{\"@type\":\"BreadcrumbList\",\"@id\":\"https:\\\/\\\/walkingranada.com\\\/spanish-cooking-class\\\/#breadcrumb\",\"itemListElement\":[{\"@type\":\"ListItem\",\"position\":1,\"name\":\"Portada\",\"item\":\"https:\\\/\\\/walkingranada.com\\\/\"},{\"@type\":\"ListItem\",\"position\":2,\"name\":\"Spanish cooking class\"}]},{\"@type\":\"WebSite\",\"@id\":\"https:\\\/\\\/walkingranada.com\\\/#website\",\"url\":\"https:\\\/\\\/walkingranada.com\\\/\",\"name\":\"Walk in Granada\",\"description\":\"Turismo responsable\",\"publisher\":{\"@id\":\"https:\\\/\\\/walkingranada.com\\\/#organization\"},\"alternateName\":\"Walk in Granada\",\"potentialAction\":[{\"@type\":\"SearchAction\",\"target\":{\"@type\":\"EntryPoint\",\"urlTemplate\":\"https:\\\/\\\/walkingranada.com\\\/?s={search_term_string}\"},\"query-input\":{\"@type\":\"PropertyValueSpecification\",\"valueRequired\":true,\"valueName\":\"search_term_string\"}}],\"inLanguage\":\"pt-PT\"},{\"@type\":\"Organization\",\"@id\":\"https:\\\/\\\/walkingranada.com\\\/#organization\",\"name\":\"Walk In Granada\",\"alternateName\":\"Walk In Granada\",\"url\":\"https:\\\/\\\/walkingranada.com\\\/\",\"logo\":{\"@type\":\"ImageObject\",\"inLanguage\":\"pt-PT\",\"@id\":\"https:\\\/\\\/walkingranada.com\\\/#\\\/schema\\\/logo\\\/image\\\/\",\"url\":\"https:\\\/\\\/walkingranada.com\\\/wp-content\\\/uploads\\\/2022\\\/12\\\/Logo-Walking.webp\",\"contentUrl\":\"https:\\\/\\\/walkingranada.com\\\/wp-content\\\/uploads\\\/2022\\\/12\\\/Logo-Walking.webp\",\"width\":512,\"height\":512,\"caption\":\"Walk In Granada\"},\"image\":{\"@id\":\"https:\\\/\\\/walkingranada.com\\\/#\\\/schema\\\/logo\\\/image\\\/\"},\"sameAs\":[\"https:\\\/\\\/es-es.facebook.com\\\/walkingranadatour\\\/\",\"https:\\\/\\\/x.com\\\/walkingranada\",\"https:\\\/\\\/www.instagram.com\\\/walkingranada\\\/\"]}]}<\/script>\n<!-- \/ Yoast SEO plugin. -->","yoast_head_json":{"title":"Spanish cooking class - Walk in Granada","description":"Enjoy this wonderful experience.","robots":{"index":"index","follow":"follow","max-snippet":"max-snippet:-1","max-image-preview":"max-image-preview:large","max-video-preview":"max-video-preview:-1"},"canonical":"https:\/\/walkingranada.com\/pt\/spanish-cooking-class\/","og_locale":"pt_PT","og_type":"article","og_title":"Spanish cooking class - Walk in Granada","og_description":"Enjoy this wonderful experience.","og_url":"https:\/\/walkingranada.com\/pt\/spanish-cooking-class\/","og_site_name":"Walk in Granada","article_publisher":"https:\/\/es-es.facebook.com\/walkingranadatour\/","article_modified_time":"2023-05-22T06:52:05+00:00","og_image":[{"width":305,"height":305,"url":"https:\/\/walkingranada.com\/wp-content\/uploads\/2023\/01\/Tour-Gastronomico-6.jpg.webp","type":"image\/jpeg"}],"twitter_card":"summary_large_image","twitter_site":"@walkingranada","twitter_misc":{"Tempo estimado de leitura":"5 minutos"},"schema":{"@context":"https:\/\/schema.org","@graph":[{"@type":"WebPage","@id":"https:\/\/walkingranada.com\/spanish-cooking-class\/","url":"https:\/\/walkingranada.com\/spanish-cooking-class\/","name":"Spanish cooking class - Walk in Granada","isPartOf":{"@id":"https:\/\/walkingranada.com\/#website"},"primaryImageOfPage":{"@id":"https:\/\/walkingranada.com\/spanish-cooking-class\/#primaryimage"},"image":{"@id":"https:\/\/walkingranada.com\/spanish-cooking-class\/#primaryimage"},"thumbnailUrl":"https:\/\/walkingranada.com\/wp-content\/uploads\/2023\/01\/Tour-Gastronomico-6.jpg.webp","datePublished":"2023-01-31T12:04:53+00:00","dateModified":"2023-05-22T06:52:05+00:00","description":"Enjoy this wonderful experience.","breadcrumb":{"@id":"https:\/\/walkingranada.com\/spanish-cooking-class\/#breadcrumb"},"inLanguage":"pt-PT","potentialAction":[{"@type":"ReadAction","target":["https:\/\/walkingranada.com\/spanish-cooking-class\/"]}]},{"@type":"ImageObject","inLanguage":"pt-PT","@id":"https:\/\/walkingranada.com\/spanish-cooking-class\/#primaryimage","url":"https:\/\/walkingranada.com\/wp-content\/uploads\/2023\/01\/Tour-Gastronomico-6.jpg.webp","contentUrl":"https:\/\/walkingranada.com\/wp-content\/uploads\/2023\/01\/Tour-Gastronomico-6.jpg.webp","width":305,"height":305,"caption":"salmorejo"},{"@type":"BreadcrumbList","@id":"https:\/\/walkingranada.com\/spanish-cooking-class\/#breadcrumb","itemListElement":[{"@type":"ListItem","position":1,"name":"Portada","item":"https:\/\/walkingranada.com\/"},{"@type":"ListItem","position":2,"name":"Spanish cooking class"}]},{"@type":"WebSite","@id":"https:\/\/walkingranada.com\/#website","url":"https:\/\/walkingranada.com\/","name":"Walk in Granada","description":"Turismo responsable","publisher":{"@id":"https:\/\/walkingranada.com\/#organization"},"alternateName":"Walk in Granada","potentialAction":[{"@type":"SearchAction","target":{"@type":"EntryPoint","urlTemplate":"https:\/\/walkingranada.com\/?s={search_term_string}"},"query-input":{"@type":"PropertyValueSpecification","valueRequired":true,"valueName":"search_term_string"}}],"inLanguage":"pt-PT"},{"@type":"Organization","@id":"https:\/\/walkingranada.com\/#organization","name":"Walk In Granada","alternateName":"Walk In Granada","url":"https:\/\/walkingranada.com\/","logo":{"@type":"ImageObject","inLanguage":"pt-PT","@id":"https:\/\/walkingranada.com\/#\/schema\/logo\/image\/","url":"https:\/\/walkingranada.com\/wp-content\/uploads\/2022\/12\/Logo-Walking.webp","contentUrl":"https:\/\/walkingranada.com\/wp-content\/uploads\/2022\/12\/Logo-Walking.webp","width":512,"height":512,"caption":"Walk In Granada"},"image":{"@id":"https:\/\/walkingranada.com\/#\/schema\/logo\/image\/"},"sameAs":["https:\/\/es-es.facebook.com\/walkingranadatour\/","https:\/\/x.com\/walkingranada","https:\/\/www.instagram.com\/walkingranada\/"]}]}},"_links":{"self":[{"href":"https:\/\/walkingranada.com\/pt\/wp-json\/wp\/v2\/pages\/3185","targetHints":{"allow":["GET"]}}],"collection":[{"href":"https:\/\/walkingranada.com\/pt\/wp-json\/wp\/v2\/pages"}],"about":[{"href":"https:\/\/walkingranada.com\/pt\/wp-json\/wp\/v2\/types\/page"}],"author":[{"embeddable":true,"href":"https:\/\/walkingranada.com\/pt\/wp-json\/wp\/v2\/users\/2"}],"replies":[{"embeddable":true,"href":"https:\/\/walkingranada.com\/pt\/wp-json\/wp\/v2\/comments?post=3185"}],"version-history":[{"count":0,"href":"https:\/\/walkingranada.com\/pt\/wp-json\/wp\/v2\/pages\/3185\/revisions"}],"wp:featuredmedia":[{"embeddable":true,"href":"https:\/\/walkingranada.com\/pt\/wp-json\/wp\/v2\/media\/2391"}],"wp:attachment":[{"href":"https:\/\/walkingranada.com\/pt\/wp-json\/wp\/v2\/media?parent=3185"}],"curies":[{"name":"wp","href":"https:\/\/api.w.org\/{rel}","templated":true}]}}