{"id":3141,"date":"2023-01-30T11:40:39","date_gmt":"2023-01-30T11:40:39","guid":{"rendered":"https:\/\/factum-omibu.es\/walkin\/?page_id=3141"},"modified":"2025-05-26T15:52:50","modified_gmt":"2025-05-26T15:52:50","slug":"transfer-para-grupos","status":"publish","type":"page","link":"https:\/\/walkingranada.com\/pt\/transfers\/transfer-para-grupos\/","title":{"rendered":"Transfers para grupos"},"content":{"rendered":"<p>Transfers &gt; Transfer para grupos<\/p>\n\t<!-- FareHarbor calendar of item #212774 -->\n<h1>\n\t\t\tTransfer para grupos\t<\/h1>\n\t<p>O Walk em Granada oferece-lhe um servi\u00e7o de transfer\u00eancia profissional em ve\u00edculos de \u00faltima gera\u00e7\u00e3o que se adapta perfeitamente \u00e0s necessidades de mobilidade do seu grupo.<\/p>\n<p class=\"translation-block\">Sea cual sea el tama\u00f1o de tu grupo podemos ofrecerte una soluci\u00f3n para vuestros desplazamientos, puesto que trabajamos con varios operadores para poner a tu disposici\u00f3n una moderna, segura y confortable flota de&nbsp;<strong>minibuses<\/strong>&nbsp;y&nbsp;<strong>autobuses<\/strong>.<\/p>\n<p>Temos tamb\u00e9m uma grande equipa de guias para oferecer ao seu grupo o melhor servi\u00e7o de acompanhamento e assist\u00eancia durante as suas viagens.<\/p>\n<h2>\n\t\t\tInforma\u00e7\u00e3o t\u00e9cnica\t<\/h2>\n<h3>\n\t\t\tInclui\t<\/h3>\n\t<ul>\n<li>Servi\u00e7o 24 Horas, 7 dias por semana<\/li>\n<li>Condutores experientes que falam ingl\u00eas e espanhol<\/li>\n<li>Servi\u00e7o porta-a-porta<\/li>\n<li>Servi\u00e7o privado com ve\u00edculos de alta qualidade<\/li>\n<\/ul>\n<h3>\n\t\t\tOp\u00e7\u00f5es\t<\/h3>\n\t<ul>\n<li>Possibility of accompanying guide (with supplement)Possibility of accompanying guide (with supplement)<\/li>\n<li>Reboque de bagagem extra, se necess\u00e1rio (custo extra)<\/li>\n<\/ul>\n\t\t\t<a href=\"https:\/\/walkingranada.com\/pt\/transfers\/condicioes-generais-de-transfer\/\" target=\"_self\">\n\t\t\t\t\t\t\tCondi\u00e7\u00f5es gerais de transfer &gt;\n\t\t\t\t\t<\/a>\n\t<p>Para outras transfer\u00eancias, por favor pe\u00e7a um or\u00e7amento. Personalizamos cada or\u00e7amento em fun\u00e7\u00e3o das suas necessidades.<\/p>\n\t\t\t<a href=\"https:\/\/walkingranada.com\/pt\/transfers\/transfer-personalizado\/\" target=\"_self\">\n\t\t\t\t\t\t\tTransfer\u00eancias personalizadas &gt;\n\t\t\t\t\t<\/a>\n<h2>\n\t\t\tTambi\u00e9n puedes reservar nuestros otros transfers&#8230;\t<\/h2>\n\t<a href=\"https:\/\/walkingranada.com\/pt\/transfers\/transfer-privado-de-luxo\/\" target=\"_self\"><\/a>\t\t\t<img decoding=\"async\" loading=\"lazy\" alt=\"imagen de un coche\" src=\"https:\/\/walkingranada.com\/wp-content\/uploads\/2022\/10\/Rectangle-38-2.png\"\/>\n\t\t<h3>Transfer privadas de luxo<\/h3>\n<h2>\n\t\t\tTambi\u00e9n puedes reservar nuestros otros servicios&#8230;\t<\/h2>\n\t<a href=\"https:\/\/walkingranada.com\/pt\/que-fazer-em-granada\/flamenco\/\" target=\"_self\"><\/a>\t\t\t<img decoding=\"async\" loading=\"lazy\" alt=\"bailaora flamenca\" src=\"https:\/\/walkingranada.com\/wp-content\/uploads\/2022\/10\/Rectangle-42.png\"\/>\n\t\t<h3>Flamenco<\/h3>\n\t<a href=\"https:\/\/walkingranada.com\/pt\/que-fazer-em-granada\/hammam-al-andalus\/\" target=\"_self\"><\/a>\t\t\t<img decoding=\"async\" loading=\"lazy\" alt=\"ba\u00f1os \u00e1rabes\" src=\"https:\/\/walkingranada.com\/wp-content\/uploads\/2022\/10\/Rectangle-43.png\"\/>\n\t\t<h3>Hammam <br \/>Al-\u00e1ndalus<\/h3>\n\t<a href=\"https:\/\/walkingranada.com\/pt\/que-fazer-em-granada\/excursoes\/\" target=\"_self\"><\/a>\t\t\t<img decoding=\"async\" loading=\"lazy\" alt=\"mezquita de c\u00f3rdoba\" src=\"https:\/\/walkingranada.com\/wp-content\/uploads\/2022\/10\/Rectangle-45.png\"\/>\n\t\t<h3>excurs\u00f5es <br \/>de un dia<\/h3>\n\t<a href=\"https:\/\/walkingranada.com\/pt\/que-fazer-em-granada\/rota-olfativa\/\" target=\"_self\"><\/a>\t\t\t<img decoding=\"async\" loading=\"lazy\" alt=\"imagen de una chica joven\" src=\"https:\/\/walkingranada.com\/wp-content\/uploads\/2022\/10\/Rectangle-38.png\"\/>\n\t\t<h3>Rota olfativa<\/h3>","protected":false},"excerpt":{"rendered":"<p>Transfers &gt; Transfer para grupos Transfer para grupos Walk in Granada te ofrece un servicio profesional de traslados en veh\u00edculos de \u00faltima generaci\u00f3n que se adapta a la perfecci\u00f3n con las necesidades de movilidad de tu grupo. Sea cual sea el tama\u00f1o de tu grupo podemos ofrecerte una soluci\u00f3n para vuestros desplazamientos, puesto que trabajamos &#8230; <a title=\"Transfers para grupos\" class=\"read-more\" href=\"https:\/\/walkingranada.com\/pt\/transfers\/transfer-para-grupos\/\" aria-label=\"Leia mais sobre Transfers para grupos\">Ler mais<\/a><\/p>","protected":false},"author":2,"featured_media":0,"parent":185,"menu_order":0,"comment_status":"closed","ping_status":"closed","template":"","meta":{"footnotes":""},"class_list":["post-3141","page","type-page","status-publish"],"yoast_head":"<!-- This site is optimized with the Yoast SEO plugin v27.5 - https:\/\/yoast.com\/product\/yoast-seo-wordpress\/ -->\n<title>Transfers para grupos - Walk in Granada<\/title>\n<meta name=\"description\" content=\"Walk in Granada te ofrece un servicio profesional de traslados en veh\u00edculos de \u00faltima generaci\u00f3n que se adapta a las necesidades de tu grupo.\" \/>\n<meta name=\"robots\" content=\"index, follow, max-snippet:-1, max-image-preview:large, max-video-preview:-1\" \/>\n<link rel=\"canonical\" href=\"https:\/\/walkingranada.com\/pt\/transfers\/transfer-para-grupos\/\" \/>\n<meta property=\"og:locale\" content=\"pt_PT\" \/>\n<meta property=\"og:type\" content=\"article\" \/>\n<meta property=\"og:title\" content=\"Transfers para grupos - Walk in Granada\" \/>\n<meta property=\"og:description\" content=\"Walk in Granada te ofrece un servicio profesional de traslados en veh\u00edculos de \u00faltima generaci\u00f3n que se adapta a las necesidades de tu grupo.\" \/>\n<meta property=\"og:url\" content=\"https:\/\/walkingranada.com\/pt\/transfers\/transfer-para-grupos\/\" \/>\n<meta property=\"og:site_name\" content=\"Walk in Granada\" \/>\n<meta property=\"article:publisher\" content=\"https:\/\/es-es.facebook.com\/walkingranadatour\/\" \/>\n<meta property=\"article:modified_time\" content=\"2025-05-26T15:52:50+00:00\" \/>\n<meta property=\"og:image\" content=\"https:\/\/walkingranada.com\/wp-content\/uploads\/2022\/10\/Rectangle-38-2.png\" \/>\n<meta name=\"twitter:card\" content=\"summary_large_image\" \/>\n<meta name=\"twitter:site\" content=\"@walkingranada\" \/>\n<meta name=\"twitter:label1\" content=\"Tempo estimado de leitura\" \/>\n\t<meta name=\"twitter:data1\" content=\"3 minutos\" \/>\n<script type=\"application\/ld+json\" class=\"yoast-schema-graph\">{\"@context\":\"https:\\\/\\\/schema.org\",\"@graph\":[{\"@type\":\"WebPage\",\"@id\":\"https:\\\/\\\/walkingranada.com\\\/transfers\\\/transfer-para-grupos\\\/\",\"url\":\"https:\\\/\\\/walkingranada.com\\\/transfers\\\/transfer-para-grupos\\\/\",\"name\":\"Transfers para grupos - Walk in Granada\",\"isPartOf\":{\"@id\":\"https:\\\/\\\/walkingranada.com\\\/#website\"},\"primaryImageOfPage\":{\"@id\":\"https:\\\/\\\/walkingranada.com\\\/transfers\\\/transfer-para-grupos\\\/#primaryimage\"},\"image\":{\"@id\":\"https:\\\/\\\/walkingranada.com\\\/transfers\\\/transfer-para-grupos\\\/#primaryimage\"},\"thumbnailUrl\":\"https:\\\/\\\/walkingranada.com\\\/wp-content\\\/uploads\\\/2022\\\/10\\\/Rectangle-38-2.png\",\"datePublished\":\"2023-01-30T11:40:39+00:00\",\"dateModified\":\"2025-05-26T15:52:50+00:00\",\"description\":\"Walk in Granada te ofrece un servicio profesional de traslados en veh\u00edculos de \u00faltima generaci\u00f3n que se adapta a las necesidades de tu grupo.\",\"breadcrumb\":{\"@id\":\"https:\\\/\\\/walkingranada.com\\\/transfers\\\/transfer-para-grupos\\\/#breadcrumb\"},\"inLanguage\":\"pt-PT\",\"potentialAction\":[{\"@type\":\"ReadAction\",\"target\":[\"https:\\\/\\\/walkingranada.com\\\/transfers\\\/transfer-para-grupos\\\/\"]}]},{\"@type\":\"ImageObject\",\"inLanguage\":\"pt-PT\",\"@id\":\"https:\\\/\\\/walkingranada.com\\\/transfers\\\/transfer-para-grupos\\\/#primaryimage\",\"url\":\"https:\\\/\\\/walkingranada.com\\\/wp-content\\\/uploads\\\/2022\\\/10\\\/Rectangle-38-2.png\",\"contentUrl\":\"https:\\\/\\\/walkingranada.com\\\/wp-content\\\/uploads\\\/2022\\\/10\\\/Rectangle-38-2.png\"},{\"@type\":\"BreadcrumbList\",\"@id\":\"https:\\\/\\\/walkingranada.com\\\/transfers\\\/transfer-para-grupos\\\/#breadcrumb\",\"itemListElement\":[{\"@type\":\"ListItem\",\"position\":1,\"name\":\"Portada\",\"item\":\"https:\\\/\\\/walkingranada.com\\\/\"},{\"@type\":\"ListItem\",\"position\":2,\"name\":\"Transfers\",\"item\":\"https:\\\/\\\/walkingranada.com\\\/transfers\\\/\"},{\"@type\":\"ListItem\",\"position\":3,\"name\":\"Transfers para grupos\"}]},{\"@type\":\"WebSite\",\"@id\":\"https:\\\/\\\/walkingranada.com\\\/#website\",\"url\":\"https:\\\/\\\/walkingranada.com\\\/\",\"name\":\"Walk in Granada\",\"description\":\"Turismo responsable\",\"publisher\":{\"@id\":\"https:\\\/\\\/walkingranada.com\\\/#organization\"},\"alternateName\":\"Walk in Granada\",\"potentialAction\":[{\"@type\":\"SearchAction\",\"target\":{\"@type\":\"EntryPoint\",\"urlTemplate\":\"https:\\\/\\\/walkingranada.com\\\/?s={search_term_string}\"},\"query-input\":{\"@type\":\"PropertyValueSpecification\",\"valueRequired\":true,\"valueName\":\"search_term_string\"}}],\"inLanguage\":\"pt-PT\"},{\"@type\":\"Organization\",\"@id\":\"https:\\\/\\\/walkingranada.com\\\/#organization\",\"name\":\"Walk In Granada\",\"alternateName\":\"Walk In Granada\",\"url\":\"https:\\\/\\\/walkingranada.com\\\/\",\"logo\":{\"@type\":\"ImageObject\",\"inLanguage\":\"pt-PT\",\"@id\":\"https:\\\/\\\/walkingranada.com\\\/#\\\/schema\\\/logo\\\/image\\\/\",\"url\":\"https:\\\/\\\/walkingranada.com\\\/wp-content\\\/uploads\\\/2022\\\/12\\\/Logo-Walking.webp\",\"contentUrl\":\"https:\\\/\\\/walkingranada.com\\\/wp-content\\\/uploads\\\/2022\\\/12\\\/Logo-Walking.webp\",\"width\":512,\"height\":512,\"caption\":\"Walk In Granada\"},\"image\":{\"@id\":\"https:\\\/\\\/walkingranada.com\\\/#\\\/schema\\\/logo\\\/image\\\/\"},\"sameAs\":[\"https:\\\/\\\/es-es.facebook.com\\\/walkingranadatour\\\/\",\"https:\\\/\\\/x.com\\\/walkingranada\",\"https:\\\/\\\/www.instagram.com\\\/walkingranada\\\/\"]}]}<\/script>\n<!-- \/ Yoast SEO plugin. -->","yoast_head_json":{"title":"Transporte para grupos - Walk in Granada","description":"Walk in Granada oferece um servi\u00e7o profissional de transfer\u00eancia em ve\u00edculos de \u00faltima gera\u00e7\u00e3o que se adapta \u00e0s necessidades do seu grupo.","robots":{"index":"index","follow":"follow","max-snippet":"max-snippet:-1","max-image-preview":"max-image-preview:large","max-video-preview":"max-video-preview:-1"},"canonical":"https:\/\/walkingranada.com\/pt\/transfers\/transfer-para-grupos\/","og_locale":"pt_PT","og_type":"article","og_title":"Transfers para grupos - Walk in Granada","og_description":"Walk in Granada te ofrece un servicio profesional de traslados en veh\u00edculos de \u00faltima generaci\u00f3n que se adapta a las necesidades de tu grupo.","og_url":"https:\/\/walkingranada.com\/pt\/transfers\/transfer-para-grupos\/","og_site_name":"Walk in Granada","article_publisher":"https:\/\/es-es.facebook.com\/walkingranadatour\/","article_modified_time":"2025-05-26T15:52:50+00:00","og_image":[{"url":"https:\/\/walkingranada.com\/wp-content\/uploads\/2022\/10\/Rectangle-38-2.png","type":"","width":"","height":""}],"twitter_card":"summary_large_image","twitter_site":"@walkingranada","twitter_misc":{"Tempo estimado de leitura":"3 minutos"},"schema":{"@context":"https:\/\/schema.org","@graph":[{"@type":"WebPage","@id":"https:\/\/walkingranada.com\/transfers\/transfer-para-grupos\/","url":"https:\/\/walkingranada.com\/transfers\/transfer-para-grupos\/","name":"Transporte para grupos - Walk in Granada","isPartOf":{"@id":"https:\/\/walkingranada.com\/#website"},"primaryImageOfPage":{"@id":"https:\/\/walkingranada.com\/transfers\/transfer-para-grupos\/#primaryimage"},"image":{"@id":"https:\/\/walkingranada.com\/transfers\/transfer-para-grupos\/#primaryimage"},"thumbnailUrl":"https:\/\/walkingranada.com\/wp-content\/uploads\/2022\/10\/Rectangle-38-2.png","datePublished":"2023-01-30T11:40:39+00:00","dateModified":"2025-05-26T15:52:50+00:00","description":"Walk in Granada oferece um servi\u00e7o profissional de transfer\u00eancia em ve\u00edculos de \u00faltima gera\u00e7\u00e3o que se adapta \u00e0s necessidades do seu grupo.","breadcrumb":{"@id":"https:\/\/walkingranada.com\/transfers\/transfer-para-grupos\/#breadcrumb"},"inLanguage":"pt-PT","potentialAction":[{"@type":"ReadAction","target":["https:\/\/walkingranada.com\/transfers\/transfer-para-grupos\/"]}]},{"@type":"ImageObject","inLanguage":"pt-PT","@id":"https:\/\/walkingranada.com\/transfers\/transfer-para-grupos\/#primaryimage","url":"https:\/\/walkingranada.com\/wp-content\/uploads\/2022\/10\/Rectangle-38-2.png","contentUrl":"https:\/\/walkingranada.com\/wp-content\/uploads\/2022\/10\/Rectangle-38-2.png"},{"@type":"BreadcrumbList","@id":"https:\/\/walkingranada.com\/transfers\/transfer-para-grupos\/#breadcrumb","itemListElement":[{"@type":"ListItem","position":1,"name":"Portada","item":"https:\/\/walkingranada.com\/"},{"@type":"ListItem","position":2,"name":"Transfers","item":"https:\/\/walkingranada.com\/transfers\/"},{"@type":"ListItem","position":3,"name":"Transfers para grupos"}]},{"@type":"WebSite","@id":"https:\/\/walkingranada.com\/#website","url":"https:\/\/walkingranada.com\/","name":"Walk in Granada","description":"Turismo responsable","publisher":{"@id":"https:\/\/walkingranada.com\/#organization"},"alternateName":"Walk in Granada","potentialAction":[{"@type":"SearchAction","target":{"@type":"EntryPoint","urlTemplate":"https:\/\/walkingranada.com\/?s={search_term_string}"},"query-input":{"@type":"PropertyValueSpecification","valueRequired":true,"valueName":"search_term_string"}}],"inLanguage":"pt-PT"},{"@type":"Organization","@id":"https:\/\/walkingranada.com\/#organization","name":"Walk In Granada","alternateName":"Walk In Granada","url":"https:\/\/walkingranada.com\/","logo":{"@type":"ImageObject","inLanguage":"pt-PT","@id":"https:\/\/walkingranada.com\/#\/schema\/logo\/image\/","url":"https:\/\/walkingranada.com\/wp-content\/uploads\/2022\/12\/Logo-Walking.webp","contentUrl":"https:\/\/walkingranada.com\/wp-content\/uploads\/2022\/12\/Logo-Walking.webp","width":512,"height":512,"caption":"Walk In Granada"},"image":{"@id":"https:\/\/walkingranada.com\/#\/schema\/logo\/image\/"},"sameAs":["https:\/\/es-es.facebook.com\/walkingranadatour\/","https:\/\/x.com\/walkingranada","https:\/\/www.instagram.com\/walkingranada\/"]}]}},"_links":{"self":[{"href":"https:\/\/walkingranada.com\/pt\/wp-json\/wp\/v2\/pages\/3141","targetHints":{"allow":["GET"]}}],"collection":[{"href":"https:\/\/walkingranada.com\/pt\/wp-json\/wp\/v2\/pages"}],"about":[{"href":"https:\/\/walkingranada.com\/pt\/wp-json\/wp\/v2\/types\/page"}],"author":[{"embeddable":true,"href":"https:\/\/walkingranada.com\/pt\/wp-json\/wp\/v2\/users\/2"}],"replies":[{"embeddable":true,"href":"https:\/\/walkingranada.com\/pt\/wp-json\/wp\/v2\/comments?post=3141"}],"version-history":[{"count":1,"href":"https:\/\/walkingranada.com\/pt\/wp-json\/wp\/v2\/pages\/3141\/revisions"}],"predecessor-version":[{"id":6974,"href":"https:\/\/walkingranada.com\/pt\/wp-json\/wp\/v2\/pages\/3141\/revisions\/6974"}],"up":[{"embeddable":true,"href":"https:\/\/walkingranada.com\/pt\/wp-json\/wp\/v2\/pages\/185"}],"wp:attachment":[{"href":"https:\/\/walkingranada.com\/pt\/wp-json\/wp\/v2\/media?parent=3141"}],"curies":[{"name":"wp","href":"https:\/\/api.w.org\/{rel}","templated":true}]}}