{"id":195,"date":"2022-10-21T07:19:42","date_gmt":"2022-10-21T07:19:42","guid":{"rendered":"https:\/\/factum-omibu.es\/walkin\/?page_id=195"},"modified":"2025-03-27T09:18:57","modified_gmt":"2025-03-27T09:18:57","slug":"granada-essencial","status":"publish","type":"page","link":"https:\/\/walkingranada.com\/pt\/free-tour-granada\/granada-esencial\/","title":{"rendered":"Free tour Granada essencial"},"content":{"rendered":"<p>Free Tour &gt; Granada Essencial<\/p>\n\t<!-- FareHarbor calendar of item #212690 -->\n<h1>\n\t\tFREE TOUR GRANADA ESSENCIAL\n\t<\/h1>\n        <a href=\"#encuentro\">\n            <img decoding=\"async\" loading=\"lazy\" src=\"https:\/\/walkingranada.com\/wp-content\/uploads\/2022\/10\/fi-rr-marker.png\" alt=\"Plaza nueva\"\/>\n            <p>Plaza nueva <img decoding=\"async\" loading=\"lazy\" src=\"https:\/\/walkingranada.com\/wp-content\/uploads\/2022\/10\/\ud83e\udd86-icon-_Info-Circle_.png\" alt=\"informaci\u00f3n\"\/><\/p>\n        <\/a>\n        <img decoding=\"async\" loading=\"lazy\" src=\"https:\/\/walkingranada.com\/wp-content\/uploads\/2022\/10\/fi-rr-umbrella.png\" alt=\"Procurar o guarda-chuva vermelho\"\/>\n        <p>Procurar o guarda-chuva vermelho<\/p>\n        <img decoding=\"async\" loading=\"lazy\" src=\"https:\/\/walkingranada.com\/wp-content\/uploads\/2022\/10\/fi-rr-chat-arrow-grow.png\" alt=\"Baixa dificuldade\"\/>\n        <p>Baixa dificuldade<\/p>\n        <img decoding=\"async\" loading=\"lazy\" src=\"https:\/\/walkingranada.com\/wp-content\/uploads\/2022\/10\/fi-rr-map.png\" alt=\"Cidade urbana\"\/>\n        <p>Cidade urbana<\/p>\n        <img decoding=\"async\" loading=\"lazy\" src=\"https:\/\/walkingranada.com\/wp-content\/uploads\/2022\/12\/accesibilidad_.png\" alt=\"Acessibilidade limitada\"\/>\n        <p>Acessibilidade limitada<\/p>\n        <img decoding=\"async\" loading=\"lazy\" src=\"https:\/\/walkingranada.com\/wp-content\/uploads\/2022\/10\/fi-rr-calendar.png\" alt=\"Todos os dias\"\/>\n        <p>Todos os dias<\/p>\n        <img decoding=\"async\" loading=\"lazy\" src=\"https:\/\/walkingranada.com\/wp-content\/uploads\/2022\/10\/fi-rr-clock.png\" alt=\"11:00 AM\"\/>\n        <p>11:00 AM<\/p>\n        <img decoding=\"async\" loading=\"lazy\" src=\"https:\/\/walkingranada.com\/wp-content\/uploads\/2022\/10\/fi-rr-alarm-clock.png\" alt=\"2,5 HORAS\"\/>\n        <p>2,5 HORAS<\/p>\n        <img decoding=\"async\" loading=\"lazy\" src=\"https:\/\/walkingranada.com\/wp-content\/uploads\/2022\/10\/fi-rr-receipt.png\" alt=\"Nomeia o pre\u00e7o\"\/>\n        <p>Nomeia o pre\u00e7o<\/p>\n        <img decoding=\"async\" loading=\"lazy\" src=\"https:\/\/walkingranada.com\/wp-content\/uploads\/2022\/10\/fi-rr-comments.png\" alt=\"Espanhol\"\/>\n        <p>Espanhol \/ Engl\u00eas<\/p>\n\t<p>Visita guiada em Granada. Mergulhe na hist\u00f3ria da cidade da Alhambra.<\/p>\n\t<p>Inolvidable free tour por Granada para descubrir las zonas m\u00e1s c\u00e9ntricas y populares de la ciudad, la Catedral, la Capilla Real, la Alcaicer\u00eda&#8230; adem\u00e1s del m\u00edtico barrio del Albaic\u00edn.<\/p>\n\t<p><strong>Importante antes da reserva<\/strong>:<\/p>\n<ul>\n<li class=\"translation-block\">Esta visita \u00e9 realizada com a participa\u00e7\u00e3o <strong>m\u00ednima de 5 adultos<\/strong>.<\/li>\n<li class=\"translation-block\">O <strong>n\u00famero m\u00e1ximo de pessoas<\/strong> permitido por reserva \u00e9 de <strong>oito<\/strong>. Para grupos maiores que desejem efetuar esta visita, deve ser feita uma reserva para uma <a href=\"https:\/\/walkingranada.com\/pt\/visitas-guiadas\/centre-historique-albaicin\/\" target=\"_self\">visita privada<\/a>.<\/li>\n<\/ul>\n<h2>\n\t\tPonto de encontro\n\t<\/h2>\n\t\t\t\t<img decoding=\"async\" loading=\"lazy\" src=\"https:\/\/walkingranada.com\/wp-content\/uploads\/2023\/01\/fuente-plaza-nueva.webp\" alt=\"fuente-plaza-nueva\" itemprop=\"image\" height=\"398\" width=\"711\" title=\"fuente-plaza-nueva\" onerror=\"this.style.display='none'\"  \/>\n<h3>\n\t\tFuente frente a la farmacia en Plaza Nueva, nos reconocer\u00e1s por nuestro paraguas Rojo\n\t<\/h3>\n\t<p>Precisa de indica\u00e7\u00f5es para l\u00e1 chegar?<\/p>\n\t\t\t<a href=\"#reserva\" target=\"_self\">\n\t\t\t\t\t\t\tReservar &gt;\n\t\t\t\t\t<\/a>\n\t\t\t<a href=\"https:\/\/walkingranada.com\/pt\/como-chegar-a-plaza-nueva\/\" target=\"_self\">\n\t\t\t\t\t\t\tComo chegar l\u00e1? &gt;\n\t\t\t\t\t<\/a>\n<h2>\n\t\tRecomenda\u00e7\u00f5es\n\t<\/h2>\n\t<ol>\n<li>\u00c1gua, sapatos confort\u00e1veis \u200b\u200be protetor solar.<\/li>\n<li>N\u00e3o \u00e9 poss\u00edvel fazer este passeio com carrinhos de beb\u00ea ou cadeiras de rodas.<\/li>\n<li><strong>Servi\u00e7o de guarda-volumes<\/strong>: Precisa de um lugar para deixar as suas malas durante o passeio? Pode faz\u00ea-lo no <strong>City Locker<\/strong> mesmo ao lado da Plaza Nueva na Carrera del Darro 3. Pode fazer a sua reserva <a href=\"https:\/\/fareharbor.com\/embeds\/book\/discoveringspain\/items\/181031\/?sheet=217966&amp;asn=walkingranada-euro&amp;asn-ref=Walk%20In%20Granada&amp;full-items=yes&amp;flow=no&amp;language=es&amp;u=95661de6-71d3-47eb-a7f9-e826150f66db&amp;from-ssl=yes&amp;ga=UA-77432324-1,572443075.1663250936%3B&amp;ga4t=AW-756235301,undefined%3B&amp;g4=yes&amp;a=yes&amp;back=https:\/\/walkingranada.com\/free-tour-granada\/tour-granada-esencial\/\">AQU\u00cd<\/a>.<\/li>\n<\/ol>\n<h2>\n\t\tItiner\u00e1rio\n\t<\/h2>\n\t<ul>\n<li>Plaza Nueva<\/li>\n<li>Madraza<\/li>\n<li>Catedral<\/li>\n<li>Capilla Real<\/li>\n<li>Pra\u00e7a Bib-Rambla<\/li>\n<li>Alcaicer\u00eda<\/li>\n<li>Corral del Carb\u00f3n<\/li>\n<li>San Gregorio<\/li>\n<li>Albaic\u00edn Bajo<\/li>\n<\/ul>\n\t<p>Anedotas, lendas, toda a hist\u00f3ria da cidade enquanto voc\u00ea caminha por suas ruas. Uma atividade tur\u00edstica que o ajudar\u00e1 a entender e se aproximar da magia do Reino Nasrid de Granada. Deixe-se surpreender pelo contraste de suas ruas e descubra o centro de Granada pelas m\u00e3os de guias locais, amantes da cidade e do legado que compartilha com dois dos imp\u00e9rios mais poderosos da hist\u00f3ria.<\/p>\n<p>Neste tour gratuito, tamb\u00e9m nos perderemos nos <strong>recoins magiques de l\u2019Albaic\u00edn<\/strong>, voc\u00ea conhecer\u00e1 as mudan\u00e7as que ocorreram na virada pol\u00edtica e social da Reconquista e lhe daremos em primeira m\u00e3o como era a vida em diferentes per\u00edodos da hist\u00f3ria de Granada. Nosso passeio a p\u00e9 guiado o levar\u00e1 por lugares emblem\u00e1ticos do que provavelmente \u00e9 o bairro mais charmoso da Espanha. Um passeio muito completo onde com certeza voc\u00ea se contagiar\u00e1 com o encanto desta incr\u00edvel cidade.<\/p>\n<p>N\u00e3o perca a oportunidade de realizar esta magn\u00edfica atividade em Granada. Oferecemos passeios todas as manh\u00e3s e tamb\u00e9m Free Tours \u00e0 tarde.<\/p>\n<p><strong>A hist\u00f3ria se vive em Granada!<\/strong><\/p>\n<h2>\n\t\tTambi\u00e9n puedes reservar nuestros otros free tours&#8230;\n\t<\/h2>\n<h2>\n\t\tTambi\u00e9n puedes reservar nuestros otros servicios&#8230;\n\t<\/h2>\n\t<a href=\"https:\/\/walkingranada.com\/pt\/que-fazer-em-granada\/flamenco\/\" target=\"_self\"><\/a>\t\t\t<img decoding=\"async\" loading=\"lazy\" alt=\"bailaora flamenca\" src=\"https:\/\/walkingranada.com\/wp-content\/uploads\/2022\/10\/Rectangle-42.png\"\/>\n\t\t<h3>Flamenco<\/h3>\n\t<a href=\"https:\/\/walkingranada.com\/pt\/que-fazer-em-granada\/hammam-al-andalus\/\" target=\"_self\"><\/a>\t\t\t<img decoding=\"async\" loading=\"lazy\" alt=\"ba\u00f1os \u00e1rabes\" src=\"https:\/\/walkingranada.com\/wp-content\/uploads\/2022\/10\/Rectangle-43.png\"\/>\n\t\t<h3>Hammam <br \/>Al-\u00e1ndalus<\/h3>\n\t<a href=\"https:\/\/walkingranada.com\/pt\/que-fazer-em-granada\/excursoes\/\" target=\"_self\"><\/a>\t\t\t<img decoding=\"async\" loading=\"lazy\" alt=\"mezquita de c\u00f3rdoba\" src=\"https:\/\/walkingranada.com\/wp-content\/uploads\/2022\/10\/Rectangle-45.png\"\/>\n\t\t<h3>excurs\u00f5es <br \/>de un dia<\/h3>\n\t<a href=\"https:\/\/walkingranada.com\/pt\/que-fazer-em-granada\/rota-olfativa\/\" target=\"_self\"><\/a>\t\t\t<img decoding=\"async\" loading=\"lazy\" alt=\"imagen de una chica joven\" src=\"https:\/\/walkingranada.com\/wp-content\/uploads\/2022\/10\/Rectangle-38.png\"\/>\n\t\t<h3>Rota olfativa<\/h3>","protected":false},"excerpt":{"rendered":"<p>Free Tours &gt; Granada Esencial FREE TOUR GRANADA ESENCIAL Plaza nueva Busca el paraguas rojo Dificultad baja Casco urbano Accesibilidad limitada Todos los d\u00edas 11:00 AM 2,5 HORAS T\u00fa pones el precio CASTELLANO \/ INGL\u00c9S Tour guiado en Granada. Sum\u00e9rgete en la historia de la ciudad de la Alhambra. Inolvidable free tour por Granada para &#8230; <a title=\"Free tour Granada essencial\" class=\"read-more\" href=\"https:\/\/walkingranada.com\/pt\/free-tour-granada\/granada-esencial\/\" aria-label=\"Leia mais sobre Free tour Granada esencial\">Ler mais<\/a><\/p>","protected":false},"author":2,"featured_media":2203,"parent":81,"menu_order":0,"comment_status":"closed","ping_status":"closed","template":"","meta":{"footnotes":""},"class_list":["post-195","page","type-page","status-publish","has-post-thumbnail"],"yoast_head":"<!-- This site is optimized with the Yoast SEO plugin v27.4 - https:\/\/yoast.com\/product\/yoast-seo-wordpress\/ -->\n<title>Free Tour Granada Esencial - Walk in Granada<\/title>\n<meta name=\"description\" content=\"Con el free tour Granada Esencial conocer\u00e1s la historia de la ciudad visitando el centro hist\u00f3rico y el bajo albaic\u00edn. \u00a1Reserva tu plaza!\" \/>\n<meta name=\"robots\" content=\"index, follow, max-snippet:-1, max-image-preview:large, max-video-preview:-1\" \/>\n<link rel=\"canonical\" href=\"https:\/\/walkingranada.com\/pt\/free-tour-granada\/granada-essencial\/\" \/>\n<meta property=\"og:locale\" content=\"pt_PT\" \/>\n<meta property=\"og:type\" content=\"article\" \/>\n<meta property=\"og:title\" content=\"Free Tour Granada Esencial - Walk in Granada\" \/>\n<meta property=\"og:description\" content=\"Con el free tour Granada Esencial conocer\u00e1s la historia de la ciudad visitando el centro hist\u00f3rico y el bajo albaic\u00edn. \u00a1Reserva tu plaza!\" \/>\n<meta property=\"og:url\" content=\"https:\/\/walkingranada.com\/pt\/free-tour-granada\/granada-essencial\/\" \/>\n<meta property=\"og:site_name\" content=\"Walk in Granada\" \/>\n<meta property=\"article:publisher\" content=\"https:\/\/es-es.facebook.com\/walkingranadatour\/\" \/>\n<meta property=\"article:modified_time\" content=\"2025-03-27T09:18:57+00:00\" \/>\n<meta property=\"og:image\" content=\"https:\/\/walkingranada.com\/wp-content\/uploads\/2023\/01\/reyes-catolicos.webp\" \/>\n\t<meta property=\"og:image:width\" content=\"305\" \/>\n\t<meta property=\"og:image:height\" content=\"305\" \/>\n\t<meta property=\"og:image:type\" content=\"image\/webp\" \/>\n<meta name=\"twitter:card\" content=\"summary_large_image\" \/>\n<meta name=\"twitter:site\" content=\"@walkingranada\" \/>\n<meta name=\"twitter:label1\" content=\"Tempo estimado de leitura\" \/>\n\t<meta name=\"twitter:data1\" content=\"6 minutos\" \/>\n<script type=\"application\/ld+json\" class=\"yoast-schema-graph\">{\"@context\":\"https:\\\/\\\/schema.org\",\"@graph\":[{\"@type\":\"WebPage\",\"@id\":\"https:\\\/\\\/walkingranada.com\\\/free-tour-granada\\\/granada-esencial\\\/\",\"url\":\"https:\\\/\\\/walkingranada.com\\\/free-tour-granada\\\/granada-esencial\\\/\",\"name\":\"Free Tour Granada Esencial - Walk in Granada\",\"isPartOf\":{\"@id\":\"https:\\\/\\\/walkingranada.com\\\/#website\"},\"primaryImageOfPage\":{\"@id\":\"https:\\\/\\\/walkingranada.com\\\/free-tour-granada\\\/granada-esencial\\\/#primaryimage\"},\"image\":{\"@id\":\"https:\\\/\\\/walkingranada.com\\\/free-tour-granada\\\/granada-esencial\\\/#primaryimage\"},\"thumbnailUrl\":\"https:\\\/\\\/walkingranada.com\\\/wp-content\\\/uploads\\\/2023\\\/01\\\/reyes-catolicos.webp\",\"datePublished\":\"2022-10-21T07:19:42+00:00\",\"dateModified\":\"2025-03-27T09:18:57+00:00\",\"description\":\"Con el free tour Granada Esencial conocer\u00e1s la historia de la ciudad visitando el centro hist\u00f3rico y el bajo albaic\u00edn. \u00a1Reserva tu plaza!\",\"breadcrumb\":{\"@id\":\"https:\\\/\\\/walkingranada.com\\\/free-tour-granada\\\/granada-esencial\\\/#breadcrumb\"},\"inLanguage\":\"pt-PT\",\"potentialAction\":[{\"@type\":\"ReadAction\",\"target\":[\"https:\\\/\\\/walkingranada.com\\\/free-tour-granada\\\/granada-esencial\\\/\"]}]},{\"@type\":\"ImageObject\",\"inLanguage\":\"pt-PT\",\"@id\":\"https:\\\/\\\/walkingranada.com\\\/free-tour-granada\\\/granada-esencial\\\/#primaryimage\",\"url\":\"https:\\\/\\\/walkingranada.com\\\/wp-content\\\/uploads\\\/2023\\\/01\\\/reyes-catolicos.webp\",\"contentUrl\":\"https:\\\/\\\/walkingranada.com\\\/wp-content\\\/uploads\\\/2023\\\/01\\\/reyes-catolicos.webp\",\"width\":305,\"height\":305,\"caption\":\"reyes cat\u00f3licos freetour Granada\"},{\"@type\":\"BreadcrumbList\",\"@id\":\"https:\\\/\\\/walkingranada.com\\\/free-tour-granada\\\/granada-esencial\\\/#breadcrumb\",\"itemListElement\":[{\"@type\":\"ListItem\",\"position\":1,\"name\":\"Portada\",\"item\":\"https:\\\/\\\/walkingranada.com\\\/\"},{\"@type\":\"ListItem\",\"position\":2,\"name\":\"Free tours\",\"item\":\"https:\\\/\\\/walkingranada.com\\\/free-tour-granada\\\/\"},{\"@type\":\"ListItem\",\"position\":3,\"name\":\"Free tour Granada esencial\"}]},{\"@type\":\"WebSite\",\"@id\":\"https:\\\/\\\/walkingranada.com\\\/#website\",\"url\":\"https:\\\/\\\/walkingranada.com\\\/\",\"name\":\"Walk in Granada\",\"description\":\"Turismo responsable\",\"publisher\":{\"@id\":\"https:\\\/\\\/walkingranada.com\\\/#organization\"},\"alternateName\":\"Walk in Granada\",\"potentialAction\":[{\"@type\":\"SearchAction\",\"target\":{\"@type\":\"EntryPoint\",\"urlTemplate\":\"https:\\\/\\\/walkingranada.com\\\/?s={search_term_string}\"},\"query-input\":{\"@type\":\"PropertyValueSpecification\",\"valueRequired\":true,\"valueName\":\"search_term_string\"}}],\"inLanguage\":\"pt-PT\"},{\"@type\":\"Organization\",\"@id\":\"https:\\\/\\\/walkingranada.com\\\/#organization\",\"name\":\"Walk In Granada\",\"alternateName\":\"Walk In Granada\",\"url\":\"https:\\\/\\\/walkingranada.com\\\/\",\"logo\":{\"@type\":\"ImageObject\",\"inLanguage\":\"pt-PT\",\"@id\":\"https:\\\/\\\/walkingranada.com\\\/#\\\/schema\\\/logo\\\/image\\\/\",\"url\":\"https:\\\/\\\/walkingranada.com\\\/wp-content\\\/uploads\\\/2022\\\/12\\\/Logo-Walking.webp\",\"contentUrl\":\"https:\\\/\\\/walkingranada.com\\\/wp-content\\\/uploads\\\/2022\\\/12\\\/Logo-Walking.webp\",\"width\":512,\"height\":512,\"caption\":\"Walk In Granada\"},\"image\":{\"@id\":\"https:\\\/\\\/walkingranada.com\\\/#\\\/schema\\\/logo\\\/image\\\/\"},\"sameAs\":[\"https:\\\/\\\/es-es.facebook.com\\\/walkingranadatour\\\/\",\"https:\\\/\\\/x.com\\\/walkingranada\",\"https:\\\/\\\/www.instagram.com\\\/walkingranada\\\/\"]}]}<\/script>\n<!-- \/ Yoast SEO plugin. -->","yoast_head_json":{"title":"Free Tour Granada Essencial - Walk in Granada","description":"Com o Tour Gratuito Essencial de Granada, voc\u00ea aprender\u00e1 sobre a hist\u00f3ria da cidade visitando o centro hist\u00f3rico e o bairro inferior de Albaic\u00edn. Reserve seu lugar!","robots":{"index":"index","follow":"follow","max-snippet":"max-snippet:-1","max-image-preview":"max-image-preview:large","max-video-preview":"max-video-preview:-1"},"canonical":"https:\/\/walkingranada.com\/pt\/free-tour-granada\/granada-essencial\/","og_locale":"pt_PT","og_type":"article","og_title":"Free Tour Granada Esencial - Walk in Granada","og_description":"Con el free tour Granada Esencial conocer\u00e1s la historia de la ciudad visitando el centro hist\u00f3rico y el bajo albaic\u00edn. \u00a1Reserva tu plaza!","og_url":"https:\/\/walkingranada.com\/pt\/free-tour-granada\/granada-essencial\/","og_site_name":"Walk in Granada","article_publisher":"https:\/\/es-es.facebook.com\/walkingranadatour\/","article_modified_time":"2025-03-27T09:18:57+00:00","og_image":[{"width":305,"height":305,"url":"https:\/\/walkingranada.com\/wp-content\/uploads\/2023\/01\/reyes-catolicos.webp","type":"image\/webp"}],"twitter_card":"summary_large_image","twitter_site":"@walkingranada","twitter_misc":{"Tempo estimado de leitura":"6 minutos"},"schema":{"@context":"https:\/\/schema.org","@graph":[{"@type":"WebPage","@id":"https:\/\/walkingranada.com\/free-tour-granada\/granada-esencial\/","url":"https:\/\/walkingranada.com\/free-tour-granada\/granada-esencial\/","name":"Free Tour Granada Essencial - Walk in Granada","isPartOf":{"@id":"https:\/\/walkingranada.com\/#website"},"primaryImageOfPage":{"@id":"https:\/\/walkingranada.com\/free-tour-granada\/granada-esencial\/#primaryimage"},"image":{"@id":"https:\/\/walkingranada.com\/free-tour-granada\/granada-esencial\/#primaryimage"},"thumbnailUrl":"https:\/\/walkingranada.com\/wp-content\/uploads\/2023\/01\/reyes-catolicos.webp","datePublished":"2022-10-21T07:19:42+00:00","dateModified":"2025-03-27T09:18:57+00:00","description":"Com o Tour Gratuito Essencial de Granada, voc\u00ea aprender\u00e1 sobre a hist\u00f3ria da cidade visitando o centro hist\u00f3rico e o bairro inferior de Albaic\u00edn. Reserve seu lugar!","breadcrumb":{"@id":"https:\/\/walkingranada.com\/free-tour-granada\/granada-esencial\/#breadcrumb"},"inLanguage":"pt-PT","potentialAction":[{"@type":"ReadAction","target":["https:\/\/walkingranada.com\/free-tour-granada\/granada-esencial\/"]}]},{"@type":"ImageObject","inLanguage":"pt-PT","@id":"https:\/\/walkingranada.com\/free-tour-granada\/granada-esencial\/#primaryimage","url":"https:\/\/walkingranada.com\/wp-content\/uploads\/2023\/01\/reyes-catolicos.webp","contentUrl":"https:\/\/walkingranada.com\/wp-content\/uploads\/2023\/01\/reyes-catolicos.webp","width":305,"height":305,"caption":"reyes cat\u00f3licos freetour Granada"},{"@type":"BreadcrumbList","@id":"https:\/\/walkingranada.com\/free-tour-granada\/granada-esencial\/#breadcrumb","itemListElement":[{"@type":"ListItem","position":1,"name":"Portada","item":"https:\/\/walkingranada.com\/"},{"@type":"ListItem","position":2,"name":"Free tours","item":"https:\/\/walkingranada.com\/free-tour-granada\/"},{"@type":"ListItem","position":3,"name":"Free tour Granada esencial"}]},{"@type":"WebSite","@id":"https:\/\/walkingranada.com\/#website","url":"https:\/\/walkingranada.com\/","name":"Walk in Granada","description":"Turismo responsable","publisher":{"@id":"https:\/\/walkingranada.com\/#organization"},"alternateName":"Walk in Granada","potentialAction":[{"@type":"SearchAction","target":{"@type":"EntryPoint","urlTemplate":"https:\/\/walkingranada.com\/?s={search_term_string}"},"query-input":{"@type":"PropertyValueSpecification","valueRequired":true,"valueName":"search_term_string"}}],"inLanguage":"pt-PT"},{"@type":"Organization","@id":"https:\/\/walkingranada.com\/#organization","name":"Walk In Granada","alternateName":"Walk In Granada","url":"https:\/\/walkingranada.com\/","logo":{"@type":"ImageObject","inLanguage":"pt-PT","@id":"https:\/\/walkingranada.com\/#\/schema\/logo\/image\/","url":"https:\/\/walkingranada.com\/wp-content\/uploads\/2022\/12\/Logo-Walking.webp","contentUrl":"https:\/\/walkingranada.com\/wp-content\/uploads\/2022\/12\/Logo-Walking.webp","width":512,"height":512,"caption":"Walk In Granada"},"image":{"@id":"https:\/\/walkingranada.com\/#\/schema\/logo\/image\/"},"sameAs":["https:\/\/es-es.facebook.com\/walkingranadatour\/","https:\/\/x.com\/walkingranada","https:\/\/www.instagram.com\/walkingranada\/"]}]}},"_links":{"self":[{"href":"https:\/\/walkingranada.com\/pt\/wp-json\/wp\/v2\/pages\/195","targetHints":{"allow":["GET"]}}],"collection":[{"href":"https:\/\/walkingranada.com\/pt\/wp-json\/wp\/v2\/pages"}],"about":[{"href":"https:\/\/walkingranada.com\/pt\/wp-json\/wp\/v2\/types\/page"}],"author":[{"embeddable":true,"href":"https:\/\/walkingranada.com\/pt\/wp-json\/wp\/v2\/users\/2"}],"replies":[{"embeddable":true,"href":"https:\/\/walkingranada.com\/pt\/wp-json\/wp\/v2\/comments?post=195"}],"version-history":[{"count":3,"href":"https:\/\/walkingranada.com\/pt\/wp-json\/wp\/v2\/pages\/195\/revisions"}],"predecessor-version":[{"id":6690,"href":"https:\/\/walkingranada.com\/pt\/wp-json\/wp\/v2\/pages\/195\/revisions\/6690"}],"up":[{"embeddable":true,"href":"https:\/\/walkingranada.com\/pt\/wp-json\/wp\/v2\/pages\/81"}],"wp:featuredmedia":[{"embeddable":true,"href":"https:\/\/walkingranada.com\/pt\/wp-json\/wp\/v2\/media\/2203"}],"wp:attachment":[{"href":"https:\/\/walkingranada.com\/pt\/wp-json\/wp\/v2\/media?parent=195"}],"curies":[{"name":"wp","href":"https:\/\/api.w.org\/{rel}","templated":true}]}}