{"id":1607,"date":"2022-12-27T11:56:26","date_gmt":"2022-12-27T11:56:26","guid":{"rendered":"https:\/\/factum-omibu.es\/walkin\/?page_id=1607"},"modified":"2023-05-22T06:40:37","modified_gmt":"2023-05-22T06:40:37","slug":"como-chegar-a-plaza-de-la-romanilla","status":"publish","type":"page","link":"https:\/\/walkingranada.com\/pt\/como-llegar-a-plaza-de-la-romanilla\/","title":{"rendered":"Como llegar a Plaza de la Romanilla"},"content":{"rendered":"<h1>Como chegar \u00e0 Plaza de la Romanilla<\/h1>\r\n<p><a id=\"fl-tabs--label-0\" tabindex=\"0\" role=\"tab\" href=\"#\" data-index=\"0\" aria-selected=\"true\" aria-controls=\"fl-tabs--panel-0\" aria-expanded=\"true\"> <img decoding=\"async\" loading=\"lazy\" src=\"https:\/\/walkingranada.com\/wp-content\/uploads\/2022\/12\/a-pie.png\" alt=\"a pie\" \/>Um pie <\/a> <a id=\"fl-tabs--label-1\" tabindex=\"0\" role=\"tab\" href=\"#\" data-index=\"1\" aria-selected=\"false\" aria-controls=\"fl-tabs--panel-1\" aria-expanded=\"false\"> <img decoding=\"async\" loading=\"lazy\" src=\"https:\/\/walkingranada.com\/wp-content\/uploads\/2022\/12\/bus.png\" alt=\"autobus\" \/>Autob\u00fas <\/a> <a id=\"fl-tabs--label-2\" tabindex=\"0\" role=\"tab\" href=\"#\" data-index=\"2\" aria-selected=\"false\" aria-controls=\"fl-tabs--panel-2\" aria-expanded=\"false\"> <img decoding=\"async\" loading=\"lazy\" src=\"https:\/\/walkingranada.com\/wp-content\/uploads\/2022\/12\/taxi.png\" alt=\"taxi\" \/>T\u00e1xi <\/a> <a id=\"fl-tabs--label-3\" tabindex=\"0\" role=\"tab\" href=\"#\" data-index=\"3\" aria-selected=\"false\" aria-controls=\"fl-tabs--panel-3\" aria-expanded=\"false\"> <img decoding=\"async\" loading=\"lazy\" src=\"https:\/\/walkingranada.com\/wp-content\/uploads\/2022\/12\/coche.png\" alt=\"taxi\" \/>Car <\/a> <img decoding=\"async\" loading=\"lazy\" src=\"https:\/\/walkingranada.com\/wp-content\/uploads\/2022\/12\/a-pie.png\" alt=\"a pie\" \/>Um pie<\/p>\r\n<p>A Plaza de la Romanilla fica muito perto da Catedral de Granada. Pode chegar a esta pra\u00e7a central a partir de v\u00e1rias direc\u00e7\u00f5es, entre outras:<\/p>\r\n<ul>\r\n<li>Via Gran V\u00eda ou Calle San Jer\u00f3nimo, se vier da zona de Triunfo.<\/li>\r\n<li>Na rua C\u00e1rcel Baja, se vier da zona do Centro.<\/li>\r\n<li>Por Cuesta Gomerez, se vem da Alhambra<\/li>\r\n<li>Por Carrera del Darro, se vem dos bairros de Albaic\u00edn ou Sacromonte.<\/li>\r\n<li>Rua Pavaneras, se vier do bairro Realejo.<\/li>\r\n<\/ul>\r\n<p>A no ser que te encuentres en una zona muy a las afueras de la ciudad, la distancia m\u00e1xima desde pr\u00e1cticamente cualquier lugar de la ciudad hasta Plaza Nueva no supera los 1,200 &#8211; 1500 metros (entre 15 y 20 minutos). Depende de tu ritmo.<\/p>\r\n<p><img decoding=\"async\" loading=\"lazy\" src=\"https:\/\/walkingranada.com\/wp-content\/uploads\/2022\/12\/bus.png\" alt=\"autobus\" \/>Autob\u00fas<\/p>\r\n<p>No hay una l\u00ednea de bus que tenga una parada en la misma plaza. Sin embargo, existen l\u00edneas de autob\u00fas que cuentan con paradas muy cercanas a este lugar como son Plaza Isabel la Cat\u00f3lica o Gran V\u00eda Catedral,. Estas l\u00edneas son las del minib\u00fas rojo que cubren la zona Centro: C31 (Albaic\u00edn &#8211; Centro), C32 (Alhambra &#8211; Albaic\u00edn) y C34 (Sacromonte &#8211; Centro). Tambi\u00e9n llegan hasta cerca de Plaza de la Romanilla las l\u00edneas C30 (Alhambra &#8211; Centro), C5 (Neptuno &#8211; Centro), 4 (Chana &#8211; Zaid\u00edn) y 33 (Cenes de la Vega &#8211; Estaci\u00f3n Autobuses). Estos autobuses pasan con bastante frecuencia, cada 15-20 minutos, y el precio del billete normal es de 1,40 \u20ac. En los estancos se pueden adquirir bonos de varios viajes desde 5 o 10 \u20ac, siendo el viaje individual mucho m\u00e1s barato.<\/p>\r\n<p><img decoding=\"async\" loading=\"lazy\" src=\"https:\/\/walkingranada.com\/wp-content\/uploads\/2022\/12\/taxi.png\" alt=\"taxi\" \/>T\u00e1xi<\/p>\r\n<p>Os t\u00e1xis s\u00e3o outra op\u00e7\u00e3o para se chegar ao Alhambra. O custo aproximado das diferentes partes da cidade situa-se entre 5,00 e 10,00 euros (Tele-radio-taxi: +34 958 280 654). <a href=\"tel:+34958280654\">+34 958 280 654<\/a>)<\/p>\r\n<p><img decoding=\"async\" loading=\"lazy\" src=\"https:\/\/walkingranada.com\/wp-content\/uploads\/2022\/12\/coche.png\" alt=\"taxi\" \/>Car<\/p>\r\n<p>O acesso \u00e0 Plaza Romanilla de carro \u00e9 bastante complexo, uma vez que existem v\u00e1rias ruas no centro que est\u00e3o restritas ao tr\u00e1fego rodovi\u00e1rio. Por esta raz\u00e3o, n\u00e3o \u00e9 poss\u00edvel chegar \u00e0 pra\u00e7a em si de carro, sendo necess\u00e1rio estacionar o carro a poucos minutos do local e terminar o percurso a p\u00e9.<\/p>\r\n<p>No centro de Granada as op\u00e7\u00f5es de estacionamento gratuito s\u00e3o muito limitadas, por isso recomendamos deixar o seu carro num dos parques de estacionamento do centro e desloc\u00e1-lo o menos poss\u00edvel durante a sua estadia na cidade. O Parque de San Agust\u00edn fica imediatamente abaixo do mercado central de Granada e \u00e9 um dos mais pr\u00f3ximos, a apenas 2-3 minutos a p\u00e9 da Plaza de la Romanilla. Outros parques de estacionamento pr\u00f3ximos s\u00e3o o Parking de Plaza de los Campos (a cerca de 10 minutos a p\u00e9), ou o Parking del Triunfo (a 15 minutos a p\u00e9).\u00a0 O pre\u00e7o destes parques de estacionamento \u00e9 de aproximadamente 2,50 euros por hora.<\/p>\r\n<h3>Tambi\u00e9n puedes reservar nuestros otros servicicios&#8230;<\/h3>\r\n<p><img decoding=\"async\" loading=\"lazy\" src=\"https:\/\/walkingranada.com\/wp-content\/uploads\/2022\/10\/Rectangle-42.png\" alt=\"\" \/><\/p>\r\n<p>Flamenco<\/p>\r\n<p><img decoding=\"async\" loading=\"lazy\" src=\"https:\/\/walkingranada.com\/wp-content\/uploads\/2022\/10\/Rectangle-43.png\" alt=\"\" \/><\/p>\r\n<p>Hammam<br \/>Al-\u00e1ndalus<\/p>\r\n<p><img decoding=\"async\" loading=\"lazy\" src=\"https:\/\/walkingranada.com\/wp-content\/uploads\/2022\/10\/Rectangle-45.png\" alt=\"\" \/><\/p>\r\n<p>Excurs\u00f5es de um dia<\/p>\r\n<p><img decoding=\"async\" loading=\"lazy\" src=\"https:\/\/walkingranada.com\/wp-content\/uploads\/2022\/10\/Rectangle-38.png\" alt=\"\" \/><\/p>\r\n<p>Rota olfativa<\/p>","protected":false},"excerpt":{"rendered":"<p>C\u00f3mo llegar a Plaza de la Romanilla A pie Autobus Taxi Coche A pie La Plaza de la Romanilla queda muy cerca de la Catedral de Granada. Puedes llegar hasta esta c\u00e9ntrica plaza desde varias direcciones, entre otras: Por la Gran V\u00eda o Calle San Jer\u00f3nimo, si vienes desde la zona del Triunfo. Por la &#8230; <a title=\"Como llegar a Plaza de la Romanilla\" class=\"read-more\" href=\"https:\/\/walkingranada.com\/pt\/como-llegar-a-plaza-de-la-romanilla\/\" aria-label=\"Leia mais sobre Como llegar a Plaza de la Romanilla\">Ler mais<\/a><\/p>","protected":false},"author":2,"featured_media":2716,"parent":0,"menu_order":0,"comment_status":"closed","ping_status":"closed","template":"","meta":{"footnotes":""},"class_list":["post-1607","page","type-page","status-publish","has-post-thumbnail"],"yoast_head":"<!-- This site is optimized with the Yoast SEO plugin v27.5 - https:\/\/yoast.com\/product\/yoast-seo-wordpress\/ -->\n<title>C\u00f3mo llegar a la Plaza de la Romanilla - Walk in Granada<\/title>\n<meta name=\"description\" content=\"C\u00f3mo llegar a la Plaza de la Romanilla: Aqu\u00ed te desglosamos las diferentes opciones para llegar hasta esta c\u00e9ntrica plaza de Granada.\" \/>\n<meta name=\"robots\" content=\"index, follow, max-snippet:-1, max-image-preview:large, max-video-preview:-1\" \/>\n<link rel=\"canonical\" href=\"https:\/\/walkingranada.com\/pt\/como-chegar-a-plaza-de-la-romanilla\/\" \/>\n<meta property=\"og:locale\" content=\"pt_PT\" \/>\n<meta property=\"og:type\" content=\"article\" \/>\n<meta property=\"og:title\" content=\"C\u00f3mo llegar a la Plaza de la Romanilla - Walk in Granada\" \/>\n<meta property=\"og:description\" content=\"C\u00f3mo llegar a la Plaza de la Romanilla: Aqu\u00ed te desglosamos las diferentes opciones para llegar hasta esta c\u00e9ntrica plaza de Granada.\" \/>\n<meta property=\"og:url\" content=\"https:\/\/walkingranada.com\/pt\/como-chegar-a-plaza-de-la-romanilla\/\" \/>\n<meta property=\"og:site_name\" content=\"Walk in Granada\" \/>\n<meta property=\"article:publisher\" content=\"https:\/\/es-es.facebook.com\/walkingranadatour\/\" \/>\n<meta property=\"article:modified_time\" content=\"2023-05-22T06:40:37+00:00\" \/>\n<meta property=\"og:image\" content=\"https:\/\/walkingranada.com\/wp-content\/uploads\/2023\/01\/plaza-romanilla.webp\" \/>\n\t<meta property=\"og:image:width\" content=\"711\" \/>\n\t<meta property=\"og:image:height\" content=\"398\" \/>\n\t<meta property=\"og:image:type\" content=\"image\/webp\" \/>\n<meta name=\"twitter:card\" content=\"summary_large_image\" \/>\n<meta name=\"twitter:site\" content=\"@walkingranada\" \/>\n<meta name=\"twitter:label1\" content=\"Tempo estimado de leitura\" \/>\n\t<meta name=\"twitter:data1\" content=\"5 minutos\" \/>\n<script type=\"application\/ld+json\" class=\"yoast-schema-graph\">{\"@context\":\"https:\\\/\\\/schema.org\",\"@graph\":[{\"@type\":\"WebPage\",\"@id\":\"https:\\\/\\\/walkingranada.com\\\/como-llegar-a-plaza-de-la-romanilla\\\/\",\"url\":\"https:\\\/\\\/walkingranada.com\\\/como-llegar-a-plaza-de-la-romanilla\\\/\",\"name\":\"C\u00f3mo llegar a la Plaza de la Romanilla - Walk in Granada\",\"isPartOf\":{\"@id\":\"https:\\\/\\\/walkingranada.com\\\/#website\"},\"primaryImageOfPage\":{\"@id\":\"https:\\\/\\\/walkingranada.com\\\/como-llegar-a-plaza-de-la-romanilla\\\/#primaryimage\"},\"image\":{\"@id\":\"https:\\\/\\\/walkingranada.com\\\/como-llegar-a-plaza-de-la-romanilla\\\/#primaryimage\"},\"thumbnailUrl\":\"https:\\\/\\\/walkingranada.com\\\/wp-content\\\/uploads\\\/2023\\\/01\\\/plaza-romanilla.webp\",\"datePublished\":\"2022-12-27T11:56:26+00:00\",\"dateModified\":\"2023-05-22T06:40:37+00:00\",\"description\":\"C\u00f3mo llegar a la Plaza de la Romanilla: Aqu\u00ed te desglosamos las diferentes opciones para llegar hasta esta c\u00e9ntrica plaza de Granada.\",\"breadcrumb\":{\"@id\":\"https:\\\/\\\/walkingranada.com\\\/como-llegar-a-plaza-de-la-romanilla\\\/#breadcrumb\"},\"inLanguage\":\"pt-PT\",\"potentialAction\":[{\"@type\":\"ReadAction\",\"target\":[\"https:\\\/\\\/walkingranada.com\\\/como-llegar-a-plaza-de-la-romanilla\\\/\"]}]},{\"@type\":\"ImageObject\",\"inLanguage\":\"pt-PT\",\"@id\":\"https:\\\/\\\/walkingranada.com\\\/como-llegar-a-plaza-de-la-romanilla\\\/#primaryimage\",\"url\":\"https:\\\/\\\/walkingranada.com\\\/wp-content\\\/uploads\\\/2023\\\/01\\\/plaza-romanilla.webp\",\"contentUrl\":\"https:\\\/\\\/walkingranada.com\\\/wp-content\\\/uploads\\\/2023\\\/01\\\/plaza-romanilla.webp\",\"width\":711,\"height\":398,\"caption\":\"plaza romanilla\"},{\"@type\":\"BreadcrumbList\",\"@id\":\"https:\\\/\\\/walkingranada.com\\\/como-llegar-a-plaza-de-la-romanilla\\\/#breadcrumb\",\"itemListElement\":[{\"@type\":\"ListItem\",\"position\":1,\"name\":\"Portada\",\"item\":\"https:\\\/\\\/walkingranada.com\\\/\"},{\"@type\":\"ListItem\",\"position\":2,\"name\":\"Como llegar a Plaza de la Romanilla\"}]},{\"@type\":\"WebSite\",\"@id\":\"https:\\\/\\\/walkingranada.com\\\/#website\",\"url\":\"https:\\\/\\\/walkingranada.com\\\/\",\"name\":\"Walk in Granada\",\"description\":\"Turismo responsable\",\"publisher\":{\"@id\":\"https:\\\/\\\/walkingranada.com\\\/#organization\"},\"alternateName\":\"Walk in Granada\",\"potentialAction\":[{\"@type\":\"SearchAction\",\"target\":{\"@type\":\"EntryPoint\",\"urlTemplate\":\"https:\\\/\\\/walkingranada.com\\\/?s={search_term_string}\"},\"query-input\":{\"@type\":\"PropertyValueSpecification\",\"valueRequired\":true,\"valueName\":\"search_term_string\"}}],\"inLanguage\":\"pt-PT\"},{\"@type\":\"Organization\",\"@id\":\"https:\\\/\\\/walkingranada.com\\\/#organization\",\"name\":\"Walk In Granada\",\"alternateName\":\"Walk In Granada\",\"url\":\"https:\\\/\\\/walkingranada.com\\\/\",\"logo\":{\"@type\":\"ImageObject\",\"inLanguage\":\"pt-PT\",\"@id\":\"https:\\\/\\\/walkingranada.com\\\/#\\\/schema\\\/logo\\\/image\\\/\",\"url\":\"https:\\\/\\\/walkingranada.com\\\/wp-content\\\/uploads\\\/2022\\\/12\\\/Logo-Walking.webp\",\"contentUrl\":\"https:\\\/\\\/walkingranada.com\\\/wp-content\\\/uploads\\\/2022\\\/12\\\/Logo-Walking.webp\",\"width\":512,\"height\":512,\"caption\":\"Walk In Granada\"},\"image\":{\"@id\":\"https:\\\/\\\/walkingranada.com\\\/#\\\/schema\\\/logo\\\/image\\\/\"},\"sameAs\":[\"https:\\\/\\\/es-es.facebook.com\\\/walkingranadatour\\\/\",\"https:\\\/\\\/x.com\\\/walkingranada\",\"https:\\\/\\\/www.instagram.com\\\/walkingranada\\\/\"]}]}<\/script>\n<!-- \/ Yoast SEO plugin. -->","yoast_head_json":{"title":"Como chegar \u00e0 Plaza de la Romanilla - Walk in Granada","description":"Como chegar \u00e0 Plaza de la Romanilla: Aqui descrevemos as diferentes op\u00e7\u00f5es para chegar a esta pra\u00e7a central de Granada.","robots":{"index":"index","follow":"follow","max-snippet":"max-snippet:-1","max-image-preview":"max-image-preview:large","max-video-preview":"max-video-preview:-1"},"canonical":"https:\/\/walkingranada.com\/pt\/como-chegar-a-plaza-de-la-romanilla\/","og_locale":"pt_PT","og_type":"article","og_title":"C\u00f3mo llegar a la Plaza de la Romanilla - Walk in Granada","og_description":"C\u00f3mo llegar a la Plaza de la Romanilla: Aqu\u00ed te desglosamos las diferentes opciones para llegar hasta esta c\u00e9ntrica plaza de Granada.","og_url":"https:\/\/walkingranada.com\/pt\/como-chegar-a-plaza-de-la-romanilla\/","og_site_name":"Walk in Granada","article_publisher":"https:\/\/es-es.facebook.com\/walkingranadatour\/","article_modified_time":"2023-05-22T06:40:37+00:00","og_image":[{"width":711,"height":398,"url":"https:\/\/walkingranada.com\/wp-content\/uploads\/2023\/01\/plaza-romanilla.webp","type":"image\/webp"}],"twitter_card":"summary_large_image","twitter_site":"@walkingranada","twitter_misc":{"Tempo estimado de leitura":"5 minutos"},"schema":{"@context":"https:\/\/schema.org","@graph":[{"@type":"WebPage","@id":"https:\/\/walkingranada.com\/como-llegar-a-plaza-de-la-romanilla\/","url":"https:\/\/walkingranada.com\/como-llegar-a-plaza-de-la-romanilla\/","name":"Como chegar \u00e0 Plaza de la Romanilla - Walk in Granada","isPartOf":{"@id":"https:\/\/walkingranada.com\/#website"},"primaryImageOfPage":{"@id":"https:\/\/walkingranada.com\/como-llegar-a-plaza-de-la-romanilla\/#primaryimage"},"image":{"@id":"https:\/\/walkingranada.com\/como-llegar-a-plaza-de-la-romanilla\/#primaryimage"},"thumbnailUrl":"https:\/\/walkingranada.com\/wp-content\/uploads\/2023\/01\/plaza-romanilla.webp","datePublished":"2022-12-27T11:56:26+00:00","dateModified":"2023-05-22T06:40:37+00:00","description":"Como chegar \u00e0 Plaza de la Romanilla: Aqui descrevemos as diferentes op\u00e7\u00f5es para chegar a esta pra\u00e7a central de Granada.","breadcrumb":{"@id":"https:\/\/walkingranada.com\/como-llegar-a-plaza-de-la-romanilla\/#breadcrumb"},"inLanguage":"pt-PT","potentialAction":[{"@type":"ReadAction","target":["https:\/\/walkingranada.com\/como-llegar-a-plaza-de-la-romanilla\/"]}]},{"@type":"ImageObject","inLanguage":"pt-PT","@id":"https:\/\/walkingranada.com\/como-llegar-a-plaza-de-la-romanilla\/#primaryimage","url":"https:\/\/walkingranada.com\/wp-content\/uploads\/2023\/01\/plaza-romanilla.webp","contentUrl":"https:\/\/walkingranada.com\/wp-content\/uploads\/2023\/01\/plaza-romanilla.webp","width":711,"height":398,"caption":"plaza romanilla"},{"@type":"BreadcrumbList","@id":"https:\/\/walkingranada.com\/como-llegar-a-plaza-de-la-romanilla\/#breadcrumb","itemListElement":[{"@type":"ListItem","position":1,"name":"Portada","item":"https:\/\/walkingranada.com\/"},{"@type":"ListItem","position":2,"name":"Como llegar a Plaza de la Romanilla"}]},{"@type":"WebSite","@id":"https:\/\/walkingranada.com\/#website","url":"https:\/\/walkingranada.com\/","name":"Walk in Granada","description":"Turismo responsable","publisher":{"@id":"https:\/\/walkingranada.com\/#organization"},"alternateName":"Walk in Granada","potentialAction":[{"@type":"SearchAction","target":{"@type":"EntryPoint","urlTemplate":"https:\/\/walkingranada.com\/?s={search_term_string}"},"query-input":{"@type":"PropertyValueSpecification","valueRequired":true,"valueName":"search_term_string"}}],"inLanguage":"pt-PT"},{"@type":"Organization","@id":"https:\/\/walkingranada.com\/#organization","name":"Walk In Granada","alternateName":"Walk In Granada","url":"https:\/\/walkingranada.com\/","logo":{"@type":"ImageObject","inLanguage":"pt-PT","@id":"https:\/\/walkingranada.com\/#\/schema\/logo\/image\/","url":"https:\/\/walkingranada.com\/wp-content\/uploads\/2022\/12\/Logo-Walking.webp","contentUrl":"https:\/\/walkingranada.com\/wp-content\/uploads\/2022\/12\/Logo-Walking.webp","width":512,"height":512,"caption":"Walk In Granada"},"image":{"@id":"https:\/\/walkingranada.com\/#\/schema\/logo\/image\/"},"sameAs":["https:\/\/es-es.facebook.com\/walkingranadatour\/","https:\/\/x.com\/walkingranada","https:\/\/www.instagram.com\/walkingranada\/"]}]}},"_links":{"self":[{"href":"https:\/\/walkingranada.com\/pt\/wp-json\/wp\/v2\/pages\/1607","targetHints":{"allow":["GET"]}}],"collection":[{"href":"https:\/\/walkingranada.com\/pt\/wp-json\/wp\/v2\/pages"}],"about":[{"href":"https:\/\/walkingranada.com\/pt\/wp-json\/wp\/v2\/types\/page"}],"author":[{"embeddable":true,"href":"https:\/\/walkingranada.com\/pt\/wp-json\/wp\/v2\/users\/2"}],"replies":[{"embeddable":true,"href":"https:\/\/walkingranada.com\/pt\/wp-json\/wp\/v2\/comments?post=1607"}],"version-history":[{"count":0,"href":"https:\/\/walkingranada.com\/pt\/wp-json\/wp\/v2\/pages\/1607\/revisions"}],"wp:featuredmedia":[{"embeddable":true,"href":"https:\/\/walkingranada.com\/pt\/wp-json\/wp\/v2\/media\/2716"}],"wp:attachment":[{"href":"https:\/\/walkingranada.com\/pt\/wp-json\/wp\/v2\/media?parent=1607"}],"curies":[{"name":"wp","href":"https:\/\/api.w.org\/{rel}","templated":true}]}}