{"id":1243,"date":"2022-12-20T15:23:38","date_gmt":"2022-12-20T15:23:38","guid":{"rendered":"https:\/\/factum-omibu.es\/walkin\/?page_id=1243"},"modified":"2023-02-09T09:47:20","modified_gmt":"2023-02-09T09:47:20","slug":"faq","status":"publish","type":"page","link":"https:\/\/walkingranada.com\/pt\/preguntas-frecuentes\/","title":{"rendered":"FAQ"},"content":{"rendered":"<h1>\n\t\tPerguntas frequentes\n\t<\/h1>\n\t\t\t\t\t<a href=\"#\" id=\"fl-accordion--label-0\" tabindex=\"0\" aria-controls=\"fl-accordion--panel-0\">Por onde come\u00e7a a tour?<\/a>\n\t\t\t\t\t\t\t\t\t\t\t<a href=\"#\" id=\"fl-accordion--icon-0\" tabindex=\"0\" aria-controls=\"fl-accordion--panel-0\"><i>Expand<\/i><\/a>\n\t\t\t\t\t<p class=\"translation-block\">As duas excurs\u00f5es livres que fazemos (<a class=\"red\" title=\"Free Tour Granada essencial\" href=\"https:\/\/walkingranada.com\/pt\/free-tour-granada\/granada-essencial\/\" target=\"_self\"><strong>Granada Esencial<\/strong><\/a> e <a class=\"red\" title=\"Free Tour Albaic\u00edn eSacromonte\" href=\"https:\/\/walkingranada.com\/fr\/free-tour-granada\/albaicin-sacromonte\/\" target=\"_self\"><strong>Albaic\u00edn e Sacromonte<\/strong><\/a>, partem da Plaza Nueva, encontrar-nos-\u00e3o ao lado da fonte redonda no meio da pra\u00e7a com um guarda-chuva vermelho).<\/p>\n\t\t\t\t\t<a href=\"#\" id=\"fl-accordion--label-1\" tabindex=\"0\" aria-controls=\"fl-accordion--panel-1\">Onde termina a digress\u00e3o?<\/a>\n\t\t\t\t\t\t\t\t\t\t\t<a href=\"#\" id=\"fl-accordion--icon-1\" tabindex=\"0\" aria-controls=\"fl-accordion--panel-1\"><i>Expand<\/i><\/a>\n\t\t\t\t\tFree Tour <a href=\"https:\/\/walkingranada.com\/pt\/free-tour-granada\/granada-essencial\/\"><strong>Granada Esencial<\/strong><\/a>: Mirador de Carvajales<br \/>\nFree Tour <a href=\"https:\/\/walkingranada.com\/pt\/free-tour-granada\/albaicin-sacromonte\/\"><strong>Albaic\u00edn e Sacromonte<\/strong><\/a>Escultura do Chorrohumo na Cuesta del Chap\u00edz, (perto do Paseo de los Tristes).<br \/>\n<a href=\"https:\/\/walkingranada.com\/pt\/alhambra\/visita-privada\/\"><strong>Alhambra em grupo <\/strong><\/a> : No recinto de Alhambra\n<p>Note-se que estes locais podem variar se o guia o considerar apropriado.<\/p>\n\t\t\t\t\t<a href=\"#\" id=\"fl-accordion--label-2\" tabindex=\"0\" aria-controls=\"fl-accordion--panel-2\">Como identificar a empresa?<\/a>\n\t\t\t\t\t\t\t\t\t\t\t<a href=\"#\" id=\"fl-accordion--icon-2\" tabindex=\"0\" aria-controls=\"fl-accordion--panel-2\"><i>Expand<\/i><\/a>\n\t\t\t\t\t<p>Para passeios que come\u00e7am na Plaza Nueva, trazemos sempre um guarda-chuva vermelho com o nosso nome, n\u00e3o pode faltar!<\/p>\n\t\t\t\t\t<a href=\"#\" id=\"fl-accordion--label-3\" tabindex=\"0\" aria-controls=\"fl-accordion--panel-3\">Posso participar na digress\u00e3o se estiver atrasado?<\/a>\n\t\t\t\t\t\t\t\t\t\t\t<a href=\"#\" id=\"fl-accordion--icon-3\" tabindex=\"0\" aria-controls=\"fl-accordion--panel-3\"><i>Expand<\/i><\/a>\n\t\t\t\t\t<p>Depende. Em geral, se estiver 5-10min atrasado n\u00e3o h\u00e1 problema, uma vez que o guia ainda est\u00e1 normalmente perto do ponto de encontro e podemos facilmente lev\u00e1-lo at\u00e9 l\u00e1 (deve avisar-nos que vai chegar atrasado para que possamos esperar por si no ponto de encontro!) Se o atraso for de 15-30min, podemos mostrar-lhe onde o guia deve estar com o grupo para que possa apanh\u00e1-los por si pr\u00f3prio. Se o atraso for superior a meia hora, encontrar o guia ser\u00e1 demasiado dif\u00edcil, especialmente se n\u00e3o se conhecer a cidade.<\/p>\n<p>No caso da Free Tour de <a href=\"https:\/\/walkingranada.com\/pt\/free-tour-granada\/albaicin-sacromonte\/\"><strong>Albaic\u00edn e Sacromonte<\/strong><\/a>Uma vez que o grupo tenha deixado o ponto de encontro, \u00e9 praticamente imposs\u00edvel alcan\u00e7\u00e1-los, por isso, especialmente para este passeio, n\u00e3o se atrasem!<\/p>\n\t\t\t\t\t<a href=\"#\" id=\"fl-accordion--label-4\" tabindex=\"0\" aria-controls=\"fl-accordion--panel-4\">O que \u00e9 um Free Tour?<\/a>\n\t\t\t\t\t\t\t\t\t\t\t<a href=\"#\" id=\"fl-accordion--icon-4\" tabindex=\"0\" aria-controls=\"fl-accordion--panel-4\"><i>Expand<\/i><\/a>\n\t\t\t\t\t<p>\u00c9 uma digress\u00e3o onde todos s\u00e3o livres de contribuir com o que acham que a digress\u00e3o valeu a pena. Os guias n\u00e3o t\u00eam um pagamento atribu\u00eddo, mas cada um dos participantes do grupo decide quanto acha que o seu trabalho valeu e d\u00e1-lho directamente no final da digress\u00e3o.<\/p>\n\t\t\t\t\t<a href=\"#\" id=\"fl-accordion--label-5\" tabindex=\"0\" aria-controls=\"fl-accordion--panel-5\">Preciso de reservar para participar na tour?<\/a>\n\t\t\t\t\t\t\t\t\t\t\t<a href=\"#\" id=\"fl-accordion--icon-5\" tabindex=\"0\" aria-controls=\"fl-accordion--panel-5\"><i>Expand<\/i><\/a>\n\t\t\t\t\t<p>Embora a reserva n\u00e3o seja geralmente obrigat\u00f3ria, h\u00e1 certas datas em que n\u00e3o temos outra escolha sen\u00e3o limitar a participa\u00e7\u00e3o \u00e0queles que fizeram a reserva com anteced\u00eancia. Este \u00e9 especialmente o caso na P\u00e1scoa, Natal e outros feriados p\u00fablicos. A raz\u00e3o para isto \u00e9 que n\u00e3o queremos sobrecarregar os grupos, uma vez que a visita perderia qualidade, pelo que colocamos um n\u00famero limitado de lugares e os atribu\u00edmos \u00e0s primeiras pessoas que os reservam.<\/p>\n<p>Nos outros dias, embora aceitemos aqueles que aparecem no ponto de encontro sem reserva, preferimos e apreciamos que fa\u00e7a uma reserva com anteced\u00eancia, para que tenhamos uma melhor estimativa de quantas pessoas est\u00e3o interessadas e possamos chamar mais guias, se necess\u00e1rio.<\/p>\n\t\t\t\t\t<a href=\"#\" id=\"fl-accordion--label-6\" tabindex=\"0\" aria-controls=\"fl-accordion--panel-6\">Por que n\u00e3o nos podemos juntar a um free tour se somos um grupo de mais de 8 adultos?<\/a>\n\t\t\t\t\t\t\t\t\t\t\t<a href=\"#\" id=\"fl-accordion--icon-6\" tabindex=\"0\" aria-controls=\"fl-accordion--panel-6\"><i>Expand<\/i><\/a>\n\t\t\t\t\t<p>H\u00e1 uma s\u00e9rie de raz\u00f5es pelas quais grandes grupos desequilibram o equil\u00edbrio de um\u00a0<a title=\"Free Tour en Granada\" href=\"https:\/\/walkingranada.com\/pt\/free-tour-granada\/\"><strong>Free Tour<\/strong><\/a>\u00a0(masificaci\u00f3n, muchas veces hablan entre ellos molestando al resto de participantes&#8230;), pero el motivo m\u00e1s importante es \u00e9ste:<\/p>\n<p>Como explicado acima, num\u00a0<a title=\"Free Tour en Granada\"  href=\"https:\/\/walkingranada.com\/pt\/free-tour-granada\/\"><strong>Free Tour<\/strong><\/a>\u00a0O guia n\u00e3o recebe qualquer sal\u00e1rio, mas os pr\u00f3prios participantes decidem individualmente quanto acham que o passeio valeu a pena e d\u00e3o-no directamente ao guia. Mas nem tudo \u00e9 mantido pelo guia. A fim de manter o sistema a funcionar, o guia, por sua vez, d\u00e1 parte do lucro \u00e0 empresa. O montante varia em fun\u00e7\u00e3o do n\u00famero de participantes. Quando existem grandes grupos, o guia descobre frequentemente que a quantia que tem de dar \u00e0 empresa \u00e9 maior do que a que o grupo lhe d\u00e1 (uma vez que os membros do grupo n\u00e3o valorizam a viagem individualmente, mas como um grupo). Portanto, a fim de proteger os nossos guias, temos a regra de que grupos de mais de 8 adultos t\u00eam de contratar um Tour Privado, no qual o guia recebe um sal\u00e1rio fixo pr\u00e9-acordado.<\/p>\n\t\t\t\t\t<a href=\"#\" id=\"fl-accordion--label-7\" tabindex=\"0\" aria-controls=\"fl-accordion--panel-7\">Que espect\u00e1culo de flamenco recomenda?<\/a>\n\t\t\t\t\t\t\t\t\t\t\t<a href=\"#\" id=\"fl-accordion--icon-7\" tabindex=\"0\" aria-controls=\"fl-accordion--panel-7\"><i>Expand<\/i><\/a>\n\t\t\t\t\t<p>Tendo em conta v\u00e1rios fatores tais como a qualidade do espet\u00e1culo, qualidade do local, gest\u00e3o respons\u00e1vel, originalidade, etc. Os dois locais que mais gostamos em Granada s\u00e3o\u00a0<strong><a title=\"La Zambra Mar\u00eda la Canastera\" href=\"https:\/\/walkingranada.com\/pt\/experiencias\/flamenco\/#la_zambra_maria_la_canastera\">La Zambra Mar\u00eda la Canastera<\/a><\/strong>\u00a0e\u00a0<a title=\"Jardines de Zoraya\" href=\"https:\/\/walkingranada.com\/pt\/experiencias\/flamenco\/#jardines_de_zoraya\"><strong>Jardines de Zoraya<\/strong><\/a>.<\/p>\n<p><strong><a title=\"La Zambra Mar\u00eda la Canastera\" href=\"https:\/\/walkingranada.com\/pt\/experiencias\/flamenco\/#la_zambra_maria_la_canastera\">La Zambra Mar\u00eda la Canastera<\/a><\/strong>\u00a0oferece o verdadeiro\u00a0<a title=\"Espect\u00e1culos de Flamenco en Granada\" href=\"https:\/\/walkingranada.com\/pt\/experiencias\/flamenco\/\"><strong>Flamenco<\/strong><\/a>\u00a0de Sacromonte dan\u00e7ou no ch\u00e3o de uma caverna t\u00edpica, e s\u00e3o os \u00fanicos que ainda representam os palos t\u00edpicos da zona.<\/p>\n<p><a title=\"Jardines de Zoraya\" href=\"https:\/\/walkingranada.com\/pt\/experiencias\/flamenco\/#jardines_de_zoraya\"><strong>Jardines de Zoraya<\/strong><\/a>\u00a0\u00e9 um tablao que traz artistas de grande cache e tamb\u00e9m oferece (opcionalmente) um jantar cozinhado com muito cuidado e aten\u00e7\u00e3o aos detalhes.<\/p>\n<p>Se quiser reservar em\u00a0<strong><a title=\"La Zambra Mar\u00eda la Canastera\" href=\"https:\/\/walkingranada.com\/pt\/experiencias\/flamenco\/#la_zambra_maria_la_canastera\">La Zambra Mar\u00eda la Canastera<\/a><\/strong>Por favor escreva-nos para\u00a0<strong><a title=\"Contate-Nos!\" href=\"mailto:info@walkingranada.com\">info@walkingranada.com<\/a><\/strong>\u00a0dizendo-nos em que dia gostaria de ir e quantos de voc\u00eas s\u00e3o. Para\u00a0<a title=\"Jardines de Zoraya\" href=\"https:\/\/walkingranada.com\/pt\/experiencias\/flamenco\/#jardines_de_zoraya\"><strong>Jardines de Zoraya<\/strong><\/a>\u00a0pode efetuar a reserva voc\u00ea mesmo\u00a0<a title=\"Jardines de Zoraya\" href=\"https:\/\/www.mireservaonline.es\/pt\/servios\/espetaculo-de-flamenco-em-granada.aspx?p=loiplnhmpnlkijlkmhmilpokqyqnpqjqi\"><strong>aqui<\/strong>.<\/a><\/p>","protected":false},"excerpt":{"rendered":"<p>Preguntas frecuentes \u00bfDe d\u00f3nde sale el tour? Expand Los dos Free Tours que hacemos (Granada Esencial y Albaic\u00edn y Sacromonte, salen de Plaza Nueva, nos encontrar\u00e1s al lado de la fuente redonda que hay en medio de la plaza con un paraguas rojo. \u00bfD\u00f3nde termina el tour? Expand Free Tour Granada Esencial: Mirador de Carvajales &#8230; <a title=\"FAQ\" class=\"read-more\" href=\"https:\/\/walkingranada.com\/pt\/preguntas-frecuentes\/\" aria-label=\"Leia mais sobre FAQ\">Ler mais<\/a><\/p>","protected":false},"author":2,"featured_media":0,"parent":0,"menu_order":0,"comment_status":"closed","ping_status":"closed","template":"","meta":{"footnotes":""},"class_list":["post-1243","page","type-page","status-publish"],"yoast_head":"<!-- This site is optimized with the Yoast SEO plugin v27.5 - https:\/\/yoast.com\/product\/yoast-seo-wordpress\/ -->\n<title>FAQ - Walk in Granada<\/title>\n<meta name=\"description\" content=\"\u00bfTienes dudas sobre nuestros productos o servicios? Aqu\u00ed te detallamos cu\u00e1les son las dudas m\u00e1s habituales de nuestros clientes.\" \/>\n<meta name=\"robots\" content=\"index, follow, max-snippet:-1, max-image-preview:large, max-video-preview:-1\" \/>\n<link rel=\"canonical\" href=\"https:\/\/walkingranada.com\/pt\/faq\/\" \/>\n<meta property=\"og:locale\" content=\"pt_PT\" \/>\n<meta property=\"og:type\" content=\"article\" \/>\n<meta property=\"og:title\" content=\"FAQ - Walk in Granada\" \/>\n<meta property=\"og:description\" content=\"\u00bfTienes dudas sobre nuestros productos o servicios? Aqu\u00ed te detallamos cu\u00e1les son las dudas m\u00e1s habituales de nuestros clientes.\" \/>\n<meta property=\"og:url\" content=\"https:\/\/walkingranada.com\/pt\/faq\/\" \/>\n<meta property=\"og:site_name\" content=\"Walk in Granada\" \/>\n<meta property=\"article:publisher\" content=\"https:\/\/es-es.facebook.com\/walkingranadatour\/\" \/>\n<meta property=\"article:modified_time\" content=\"2023-02-09T09:47:20+00:00\" \/>\n<meta property=\"og:image\" content=\"https:\/\/walkingranada.com\/wp-content\/uploads\/2018\/10\/Walk-In-Granada.png\" \/>\n\t<meta property=\"og:image:width\" content=\"1000\" \/>\n\t<meta property=\"og:image:height\" content=\"1000\" \/>\n\t<meta property=\"og:image:type\" content=\"image\/png\" \/>\n<meta name=\"twitter:card\" content=\"summary_large_image\" \/>\n<meta name=\"twitter:site\" content=\"@walkingranada\" \/>\n<meta name=\"twitter:label1\" content=\"Tempo estimado de leitura\" \/>\n\t<meta name=\"twitter:data1\" content=\"4 minutos\" \/>\n<script type=\"application\/ld+json\" class=\"yoast-schema-graph\">{\"@context\":\"https:\\\/\\\/schema.org\",\"@graph\":[{\"@type\":\"WebPage\",\"@id\":\"https:\\\/\\\/walkingranada.com\\\/preguntas-frecuentes\\\/\",\"url\":\"https:\\\/\\\/walkingranada.com\\\/preguntas-frecuentes\\\/\",\"name\":\"FAQ - Walk in Granada\",\"isPartOf\":{\"@id\":\"https:\\\/\\\/walkingranada.com\\\/#website\"},\"datePublished\":\"2022-12-20T15:23:38+00:00\",\"dateModified\":\"2023-02-09T09:47:20+00:00\",\"description\":\"\u00bfTienes dudas sobre nuestros productos o servicios? Aqu\u00ed te detallamos cu\u00e1les son las dudas m\u00e1s habituales de nuestros clientes.\",\"breadcrumb\":{\"@id\":\"https:\\\/\\\/walkingranada.com\\\/preguntas-frecuentes\\\/#breadcrumb\"},\"inLanguage\":\"pt-PT\",\"potentialAction\":[{\"@type\":\"ReadAction\",\"target\":[\"https:\\\/\\\/walkingranada.com\\\/preguntas-frecuentes\\\/\"]}]},{\"@type\":\"BreadcrumbList\",\"@id\":\"https:\\\/\\\/walkingranada.com\\\/preguntas-frecuentes\\\/#breadcrumb\",\"itemListElement\":[{\"@type\":\"ListItem\",\"position\":1,\"name\":\"Portada\",\"item\":\"https:\\\/\\\/walkingranada.com\\\/\"},{\"@type\":\"ListItem\",\"position\":2,\"name\":\"FAQ\"}]},{\"@type\":\"WebSite\",\"@id\":\"https:\\\/\\\/walkingranada.com\\\/#website\",\"url\":\"https:\\\/\\\/walkingranada.com\\\/\",\"name\":\"Walk in Granada\",\"description\":\"Turismo responsable\",\"publisher\":{\"@id\":\"https:\\\/\\\/walkingranada.com\\\/#organization\"},\"alternateName\":\"Walk in Granada\",\"potentialAction\":[{\"@type\":\"SearchAction\",\"target\":{\"@type\":\"EntryPoint\",\"urlTemplate\":\"https:\\\/\\\/walkingranada.com\\\/?s={search_term_string}\"},\"query-input\":{\"@type\":\"PropertyValueSpecification\",\"valueRequired\":true,\"valueName\":\"search_term_string\"}}],\"inLanguage\":\"pt-PT\"},{\"@type\":\"Organization\",\"@id\":\"https:\\\/\\\/walkingranada.com\\\/#organization\",\"name\":\"Walk In Granada\",\"alternateName\":\"Walk In Granada\",\"url\":\"https:\\\/\\\/walkingranada.com\\\/\",\"logo\":{\"@type\":\"ImageObject\",\"inLanguage\":\"pt-PT\",\"@id\":\"https:\\\/\\\/walkingranada.com\\\/#\\\/schema\\\/logo\\\/image\\\/\",\"url\":\"https:\\\/\\\/walkingranada.com\\\/wp-content\\\/uploads\\\/2022\\\/12\\\/Logo-Walking.webp\",\"contentUrl\":\"https:\\\/\\\/walkingranada.com\\\/wp-content\\\/uploads\\\/2022\\\/12\\\/Logo-Walking.webp\",\"width\":512,\"height\":512,\"caption\":\"Walk In Granada\"},\"image\":{\"@id\":\"https:\\\/\\\/walkingranada.com\\\/#\\\/schema\\\/logo\\\/image\\\/\"},\"sameAs\":[\"https:\\\/\\\/es-es.facebook.com\\\/walkingranadatour\\\/\",\"https:\\\/\\\/x.com\\\/walkingranada\",\"https:\\\/\\\/www.instagram.com\\\/walkingranada\\\/\"]}]}<\/script>\n<!-- \/ Yoast SEO plugin. -->","yoast_head_json":{"title":"FAQ - Walk in Granada","description":"Voc\u00ea tem d\u00favidas sobre nossos produtos ou servi\u00e7os? Aqui detalhamos as perguntas mais comuns de nossos clientes.","robots":{"index":"index","follow":"follow","max-snippet":"max-snippet:-1","max-image-preview":"max-image-preview:large","max-video-preview":"max-video-preview:-1"},"canonical":"https:\/\/walkingranada.com\/pt\/faq\/","og_locale":"pt_PT","og_type":"article","og_title":"FAQ - Walk in Granada","og_description":"\u00bfTienes dudas sobre nuestros productos o servicios? Aqu\u00ed te detallamos cu\u00e1les son las dudas m\u00e1s habituales de nuestros clientes.","og_url":"https:\/\/walkingranada.com\/pt\/faq\/","og_site_name":"Walk in Granada","article_publisher":"https:\/\/es-es.facebook.com\/walkingranadatour\/","article_modified_time":"2023-02-09T09:47:20+00:00","og_image":[{"width":1000,"height":1000,"url":"https:\/\/walkingranada.com\/wp-content\/uploads\/2018\/10\/Walk-In-Granada.png","type":"image\/png"}],"twitter_card":"summary_large_image","twitter_site":"@walkingranada","twitter_misc":{"Tempo estimado de leitura":"4 minutos"},"schema":{"@context":"https:\/\/schema.org","@graph":[{"@type":"WebPage","@id":"https:\/\/walkingranada.com\/preguntas-frecuentes\/","url":"https:\/\/walkingranada.com\/preguntas-frecuentes\/","name":"FAQ - Walk in Granada","isPartOf":{"@id":"https:\/\/walkingranada.com\/#website"},"datePublished":"2022-12-20T15:23:38+00:00","dateModified":"2023-02-09T09:47:20+00:00","description":"Voc\u00ea tem d\u00favidas sobre nossos produtos ou servi\u00e7os? Aqui detalhamos as perguntas mais comuns de nossos clientes.","breadcrumb":{"@id":"https:\/\/walkingranada.com\/preguntas-frecuentes\/#breadcrumb"},"inLanguage":"pt-PT","potentialAction":[{"@type":"ReadAction","target":["https:\/\/walkingranada.com\/preguntas-frecuentes\/"]}]},{"@type":"BreadcrumbList","@id":"https:\/\/walkingranada.com\/preguntas-frecuentes\/#breadcrumb","itemListElement":[{"@type":"ListItem","position":1,"name":"Portada","item":"https:\/\/walkingranada.com\/"},{"@type":"ListItem","position":2,"name":"FAQ"}]},{"@type":"WebSite","@id":"https:\/\/walkingranada.com\/#website","url":"https:\/\/walkingranada.com\/","name":"Walk in Granada","description":"Turismo responsable","publisher":{"@id":"https:\/\/walkingranada.com\/#organization"},"alternateName":"Walk in Granada","potentialAction":[{"@type":"SearchAction","target":{"@type":"EntryPoint","urlTemplate":"https:\/\/walkingranada.com\/?s={search_term_string}"},"query-input":{"@type":"PropertyValueSpecification","valueRequired":true,"valueName":"search_term_string"}}],"inLanguage":"pt-PT"},{"@type":"Organization","@id":"https:\/\/walkingranada.com\/#organization","name":"Walk In Granada","alternateName":"Walk In Granada","url":"https:\/\/walkingranada.com\/","logo":{"@type":"ImageObject","inLanguage":"pt-PT","@id":"https:\/\/walkingranada.com\/#\/schema\/logo\/image\/","url":"https:\/\/walkingranada.com\/wp-content\/uploads\/2022\/12\/Logo-Walking.webp","contentUrl":"https:\/\/walkingranada.com\/wp-content\/uploads\/2022\/12\/Logo-Walking.webp","width":512,"height":512,"caption":"Walk In Granada"},"image":{"@id":"https:\/\/walkingranada.com\/#\/schema\/logo\/image\/"},"sameAs":["https:\/\/es-es.facebook.com\/walkingranadatour\/","https:\/\/x.com\/walkingranada","https:\/\/www.instagram.com\/walkingranada\/"]}]}},"_links":{"self":[{"href":"https:\/\/walkingranada.com\/pt\/wp-json\/wp\/v2\/pages\/1243","targetHints":{"allow":["GET"]}}],"collection":[{"href":"https:\/\/walkingranada.com\/pt\/wp-json\/wp\/v2\/pages"}],"about":[{"href":"https:\/\/walkingranada.com\/pt\/wp-json\/wp\/v2\/types\/page"}],"author":[{"embeddable":true,"href":"https:\/\/walkingranada.com\/pt\/wp-json\/wp\/v2\/users\/2"}],"replies":[{"embeddable":true,"href":"https:\/\/walkingranada.com\/pt\/wp-json\/wp\/v2\/comments?post=1243"}],"version-history":[{"count":0,"href":"https:\/\/walkingranada.com\/pt\/wp-json\/wp\/v2\/pages\/1243\/revisions"}],"wp:attachment":[{"href":"https:\/\/walkingranada.com\/pt\/wp-json\/wp\/v2\/media?parent=1243"}],"curies":[{"name":"wp","href":"https:\/\/api.w.org\/{rel}","templated":true}]}}