{"id":1240,"date":"2022-12-20T15:11:12","date_gmt":"2022-12-20T15:11:12","guid":{"rendered":"https:\/\/factum-omibu.es\/walkin\/?page_id=1240"},"modified":"2023-04-24T09:47:25","modified_gmt":"2023-04-24T09:47:25","slug":"termos-e-condicoes","status":"publish","type":"page","link":"https:\/\/walkingranada.com\/pt\/terminos-y-condiciones\/","title":{"rendered":"Termos e Condi\u00e7\u00f5es"},"content":{"rendered":"<h1>Termos e Condi\u00e7\u00f5es<\/h1>\r\n<p>WALK IN GRANADA S.L. utiliza la informaci\u00f3n que nos facilita con el fin de prestarle el servicio solicitado. Los datos proporcionados se conservar\u00e1n mientras se mantenga la relaci\u00f3n comercial o durante los a\u00f1os necesarios para cumplir con las obligaciones legales. Los datos no se ceder\u00e1n a terceros salvo en los casos en que exista una obligaci\u00f3n legal. Usted tiene derecho a acceder a sus datos personales, rectificar los datos inexactos o solicitar su supresi\u00f3n cuando los datos ya no sean necesarios.<\/p>\r\n<p>Informamos tamb\u00e9m que, no final do servi\u00e7o, a empresa poder\u00e1 enviar-lhe um correio eletr\u00f3nico para avaliar o servi\u00e7o e assim conhecer o seu grau de satisfa\u00e7\u00e3o.<\/p>\r\n<p>WALK IN GRANADA SL reserva-se o direito de recusar a qualquer pessoa que participe nas excurs\u00f5es, se considerado necess\u00e1rio, a qualquer momento.<\/p>\r\n<p>WALK IN GRANADA SL e os seus guias tur\u00edsticos independentes n\u00e3o aceitam nenhum responsabilidade por ferimentos, perda, roubo, danos ou eventos inesperados que possam ocorrer durante os passeios.<\/p>\r\n<p>En los servicios denominados \u00abFree Tour\u00bb, se aplicar\u00e1n las siguientes condiciones:<\/p>\r\n<ul>\r\n<li>WALK IN GRANADA SL reserva-se o direito de cancelar qualquer servi\u00e7o que n\u00e3o atinja um m\u00ednimo de 5 adultos (os adultos s\u00e3o considerados como tendo 18 anos de idade ou mais).<\/li>\r\n<li>Debido a la din\u00e1mica del \u00ab<a href=\"https:\/\/walkingranada.com\/pt\/free-tour-granada\/\">Free Tour<\/a>\u00bb los grupos de 9 personas o m\u00e1s deben reservar una visita privada. Aunque el motor de reservas permita reservar en grupos separados (por ejemplo: un grupo de 4 personas y un grupo de 5 personas, o m\u00e1s), el encargado del punto de encuentro podr\u00e1 rechazar al grupo en caso de identificar este tipo de reserva.<\/li>\r\n<\/ul>\r\n<h2>Pol\u00edtica de cancelamento<\/h2>\r\n<p>Para visitas guiadas de grupo com entrada na Alhambra (Regular e Premium):<\/p>\r\n<ul>\r\n<li>Reembolso a 100% para cancelamentos efectuados at\u00e9 30 dias antes da visita ou evento.<\/li>\r\n<li>Cobran\u00e7a de 100% do montante total para cancelamentos efectuados menos de 30 dias antes da visita ou evento.<\/li>\r\n<\/ul>\r\n<p>Para visitas guiadas privadas com entrada a monumentos \/ eventos:<\/p>\r\n<ul>\r\n<li>Cobran\u00e7a do montante correspondente ao suplemento do bilhete, desde o momento da reserva at\u00e9 5 dias antes da visita ou evento.<\/li>\r\n<li>100% do montante total desde 4 dias antes at\u00e9 ao dia da visita ou evento.<\/li>\r\n<\/ul>\r\n<p>Para outros servi\u00e7os que n\u00e3o incluam bilhetes de entrada em monumentos\/eventos:<\/p>\r\n<ul>\r\n<li>Reembolso a 100% para cancelamentos at\u00e9 5 dias antes da visita ou evento.<\/li>\r\n<li>100% do montante total desde 4 dias antes at\u00e9 ao dia da visita ou evento.<\/li>\r\n<\/ul>\r\n<p>Em nenhuma circunst\u00e2ncia o servi\u00e7o ou servi\u00e7os ser\u00e3o reembolsados por incidentes fora do controlo da WALK IN GRANADA S.L.\nPara fazer qualquer tipo de cancelamento, \u00e9 essencial enviar a encomenda para o seguinte endere\u00e7o electr\u00f3nico:<br \/>Para fazer qualquer tipo de cancelamento, \u00e9 essencial enviar o pedido para o endere\u00e7o de correio eletr\u00f3nico: <a href=\"mailto:info@walkingranada.com\">info@walkingranada.com<\/a> Cancelamento por WALK IN GRANADA S.L.:<br \/>Na rara ocasi\u00e3o do cancelamento de uma visita da WALK IN GRANADA S.L., tentaremos encontrar outra disponibilidade para o cliente. Se tal n\u00e3o for poss\u00edvel, ser\u00e1 feito um reembolso total.<\/p>","protected":false},"excerpt":{"rendered":"<p>T\u00e9rminos y condiciones WALK IN GRANADA S.L. utiliza la informaci\u00f3n que nos facilita con el fin de prestarle el servicio solicitado. Los datos proporcionados se conservar\u00e1n mientras se mantenga la relaci\u00f3n comercial o durante los a\u00f1os necesarios para cumplir con las obligaciones legales. Los datos no se ceder\u00e1n a terceros salvo en los casos en &#8230; <a title=\"Termos e Condi\u00e7\u00f5es\" class=\"read-more\" href=\"https:\/\/walkingranada.com\/pt\/terminos-y-condiciones\/\" aria-label=\"Leia mais sobre T\u00e9rminos y condiciones\">Ler mais<\/a><\/p>","protected":false},"author":2,"featured_media":0,"parent":0,"menu_order":0,"comment_status":"closed","ping_status":"closed","template":"","meta":{"footnotes":""},"class_list":["post-1240","page","type-page","status-publish"],"yoast_head":"<!-- This site is optimized with the Yoast SEO plugin v27.4 - https:\/\/yoast.com\/product\/yoast-seo-wordpress\/ -->\n<title>T\u00e9rminos y condiciones - Walk in Granada<\/title>\n<meta name=\"description\" content=\"Te detallamos los t\u00e9rminos y condiciones con las que trabajamos en Walk In Granada. No dudes en contactarnos si necesitas m\u00e1s informaci\u00f3n.\" \/>\n<meta name=\"robots\" content=\"index, follow, max-snippet:-1, max-image-preview:large, max-video-preview:-1\" \/>\n<link rel=\"canonical\" href=\"https:\/\/walkingranada.com\/pt\/termos-e-condicoes\/\" \/>\n<meta property=\"og:locale\" content=\"pt_PT\" \/>\n<meta property=\"og:type\" content=\"article\" \/>\n<meta property=\"og:title\" content=\"T\u00e9rminos y condiciones - Walk in Granada\" \/>\n<meta property=\"og:description\" content=\"Te detallamos los t\u00e9rminos y condiciones con las que trabajamos en Walk In Granada. No dudes en contactarnos si necesitas m\u00e1s informaci\u00f3n.\" \/>\n<meta property=\"og:url\" content=\"https:\/\/walkingranada.com\/pt\/termos-e-condicoes\/\" \/>\n<meta property=\"og:site_name\" content=\"Walk in Granada\" \/>\n<meta property=\"article:publisher\" content=\"https:\/\/es-es.facebook.com\/walkingranadatour\/\" \/>\n<meta property=\"article:modified_time\" content=\"2023-04-24T09:47:25+00:00\" \/>\n<meta property=\"og:image\" content=\"https:\/\/walkingranada.com\/wp-content\/uploads\/2018\/10\/Walk-In-Granada.png\" \/>\n\t<meta property=\"og:image:width\" content=\"1000\" \/>\n\t<meta property=\"og:image:height\" content=\"1000\" \/>\n\t<meta property=\"og:image:type\" content=\"image\/png\" \/>\n<meta name=\"twitter:card\" content=\"summary_large_image\" \/>\n<meta name=\"twitter:site\" content=\"@walkingranada\" \/>\n<meta name=\"twitter:label1\" content=\"Tempo estimado de leitura\" \/>\n\t<meta name=\"twitter:data1\" content=\"3 minutos\" \/>\n<script type=\"application\/ld+json\" class=\"yoast-schema-graph\">{\"@context\":\"https:\\\/\\\/schema.org\",\"@graph\":[{\"@type\":\"WebPage\",\"@id\":\"https:\\\/\\\/walkingranada.com\\\/terminos-y-condiciones\\\/\",\"url\":\"https:\\\/\\\/walkingranada.com\\\/terminos-y-condiciones\\\/\",\"name\":\"T\u00e9rminos y condiciones - Walk in Granada\",\"isPartOf\":{\"@id\":\"https:\\\/\\\/walkingranada.com\\\/#website\"},\"datePublished\":\"2022-12-20T15:11:12+00:00\",\"dateModified\":\"2023-04-24T09:47:25+00:00\",\"description\":\"Te detallamos los t\u00e9rminos y condiciones con las que trabajamos en Walk In Granada. No dudes en contactarnos si necesitas m\u00e1s informaci\u00f3n.\",\"breadcrumb\":{\"@id\":\"https:\\\/\\\/walkingranada.com\\\/terminos-y-condiciones\\\/#breadcrumb\"},\"inLanguage\":\"pt-PT\",\"potentialAction\":[{\"@type\":\"ReadAction\",\"target\":[\"https:\\\/\\\/walkingranada.com\\\/terminos-y-condiciones\\\/\"]}]},{\"@type\":\"BreadcrumbList\",\"@id\":\"https:\\\/\\\/walkingranada.com\\\/terminos-y-condiciones\\\/#breadcrumb\",\"itemListElement\":[{\"@type\":\"ListItem\",\"position\":1,\"name\":\"Portada\",\"item\":\"https:\\\/\\\/walkingranada.com\\\/\"},{\"@type\":\"ListItem\",\"position\":2,\"name\":\"T\u00e9rminos y condiciones\"}]},{\"@type\":\"WebSite\",\"@id\":\"https:\\\/\\\/walkingranada.com\\\/#website\",\"url\":\"https:\\\/\\\/walkingranada.com\\\/\",\"name\":\"Walk in Granada\",\"description\":\"Turismo responsable\",\"publisher\":{\"@id\":\"https:\\\/\\\/walkingranada.com\\\/#organization\"},\"alternateName\":\"Walk in Granada\",\"potentialAction\":[{\"@type\":\"SearchAction\",\"target\":{\"@type\":\"EntryPoint\",\"urlTemplate\":\"https:\\\/\\\/walkingranada.com\\\/?s={search_term_string}\"},\"query-input\":{\"@type\":\"PropertyValueSpecification\",\"valueRequired\":true,\"valueName\":\"search_term_string\"}}],\"inLanguage\":\"pt-PT\"},{\"@type\":\"Organization\",\"@id\":\"https:\\\/\\\/walkingranada.com\\\/#organization\",\"name\":\"Walk In Granada\",\"alternateName\":\"Walk In Granada\",\"url\":\"https:\\\/\\\/walkingranada.com\\\/\",\"logo\":{\"@type\":\"ImageObject\",\"inLanguage\":\"pt-PT\",\"@id\":\"https:\\\/\\\/walkingranada.com\\\/#\\\/schema\\\/logo\\\/image\\\/\",\"url\":\"https:\\\/\\\/walkingranada.com\\\/wp-content\\\/uploads\\\/2022\\\/12\\\/Logo-Walking.webp\",\"contentUrl\":\"https:\\\/\\\/walkingranada.com\\\/wp-content\\\/uploads\\\/2022\\\/12\\\/Logo-Walking.webp\",\"width\":512,\"height\":512,\"caption\":\"Walk In Granada\"},\"image\":{\"@id\":\"https:\\\/\\\/walkingranada.com\\\/#\\\/schema\\\/logo\\\/image\\\/\"},\"sameAs\":[\"https:\\\/\\\/es-es.facebook.com\\\/walkingranadatour\\\/\",\"https:\\\/\\\/x.com\\\/walkingranada\",\"https:\\\/\\\/www.instagram.com\\\/walkingranada\\\/\"]}]}<\/script>\n<!-- \/ Yoast SEO plugin. -->","yoast_head_json":{"title":"Termos e condi\u00e7\u00f5es - Walk in Granada","description":"Apresentamos-lhe os termos e condi\u00e7\u00f5es com os quais trabalhamos na Walk In Granada. N\u00e3o hesite em contactar-nos se precisar de mais informa\u00e7\u00f5es.","robots":{"index":"index","follow":"follow","max-snippet":"max-snippet:-1","max-image-preview":"max-image-preview:large","max-video-preview":"max-video-preview:-1"},"canonical":"https:\/\/walkingranada.com\/pt\/termos-e-condicoes\/","og_locale":"pt_PT","og_type":"article","og_title":"T\u00e9rminos y condiciones - Walk in Granada","og_description":"Te detallamos los t\u00e9rminos y condiciones con las que trabajamos en Walk In Granada. No dudes en contactarnos si necesitas m\u00e1s informaci\u00f3n.","og_url":"https:\/\/walkingranada.com\/pt\/termos-e-condicoes\/","og_site_name":"Walk in Granada","article_publisher":"https:\/\/es-es.facebook.com\/walkingranadatour\/","article_modified_time":"2023-04-24T09:47:25+00:00","og_image":[{"width":1000,"height":1000,"url":"https:\/\/walkingranada.com\/wp-content\/uploads\/2018\/10\/Walk-In-Granada.png","type":"image\/png"}],"twitter_card":"summary_large_image","twitter_site":"@walkingranada","twitter_misc":{"Tempo estimado de leitura":"3 minutos"},"schema":{"@context":"https:\/\/schema.org","@graph":[{"@type":"WebPage","@id":"https:\/\/walkingranada.com\/terminos-y-condiciones\/","url":"https:\/\/walkingranada.com\/terminos-y-condiciones\/","name":"Termos e condi\u00e7\u00f5es - Walk in Granada","isPartOf":{"@id":"https:\/\/walkingranada.com\/#website"},"datePublished":"2022-12-20T15:11:12+00:00","dateModified":"2023-04-24T09:47:25+00:00","description":"Apresentamos-lhe os termos e condi\u00e7\u00f5es com os quais trabalhamos na Walk In Granada. N\u00e3o hesite em contactar-nos se precisar de mais informa\u00e7\u00f5es.","breadcrumb":{"@id":"https:\/\/walkingranada.com\/terminos-y-condiciones\/#breadcrumb"},"inLanguage":"pt-PT","potentialAction":[{"@type":"ReadAction","target":["https:\/\/walkingranada.com\/terminos-y-condiciones\/"]}]},{"@type":"BreadcrumbList","@id":"https:\/\/walkingranada.com\/terminos-y-condiciones\/#breadcrumb","itemListElement":[{"@type":"ListItem","position":1,"name":"Portada","item":"https:\/\/walkingranada.com\/"},{"@type":"ListItem","position":2,"name":"T\u00e9rminos y condiciones"}]},{"@type":"WebSite","@id":"https:\/\/walkingranada.com\/#website","url":"https:\/\/walkingranada.com\/","name":"Walk in Granada","description":"Turismo responsable","publisher":{"@id":"https:\/\/walkingranada.com\/#organization"},"alternateName":"Walk in Granada","potentialAction":[{"@type":"SearchAction","target":{"@type":"EntryPoint","urlTemplate":"https:\/\/walkingranada.com\/?s={search_term_string}"},"query-input":{"@type":"PropertyValueSpecification","valueRequired":true,"valueName":"search_term_string"}}],"inLanguage":"pt-PT"},{"@type":"Organization","@id":"https:\/\/walkingranada.com\/#organization","name":"Walk In Granada","alternateName":"Walk In Granada","url":"https:\/\/walkingranada.com\/","logo":{"@type":"ImageObject","inLanguage":"pt-PT","@id":"https:\/\/walkingranada.com\/#\/schema\/logo\/image\/","url":"https:\/\/walkingranada.com\/wp-content\/uploads\/2022\/12\/Logo-Walking.webp","contentUrl":"https:\/\/walkingranada.com\/wp-content\/uploads\/2022\/12\/Logo-Walking.webp","width":512,"height":512,"caption":"Walk In Granada"},"image":{"@id":"https:\/\/walkingranada.com\/#\/schema\/logo\/image\/"},"sameAs":["https:\/\/es-es.facebook.com\/walkingranadatour\/","https:\/\/x.com\/walkingranada","https:\/\/www.instagram.com\/walkingranada\/"]}]}},"_links":{"self":[{"href":"https:\/\/walkingranada.com\/pt\/wp-json\/wp\/v2\/pages\/1240","targetHints":{"allow":["GET"]}}],"collection":[{"href":"https:\/\/walkingranada.com\/pt\/wp-json\/wp\/v2\/pages"}],"about":[{"href":"https:\/\/walkingranada.com\/pt\/wp-json\/wp\/v2\/types\/page"}],"author":[{"embeddable":true,"href":"https:\/\/walkingranada.com\/pt\/wp-json\/wp\/v2\/users\/2"}],"replies":[{"embeddable":true,"href":"https:\/\/walkingranada.com\/pt\/wp-json\/wp\/v2\/comments?post=1240"}],"version-history":[{"count":0,"href":"https:\/\/walkingranada.com\/pt\/wp-json\/wp\/v2\/pages\/1240\/revisions"}],"wp:attachment":[{"href":"https:\/\/walkingranada.com\/pt\/wp-json\/wp\/v2\/media?parent=1240"}],"curies":[{"name":"wp","href":"https:\/\/api.w.org\/{rel}","templated":true}]}}