{"id":1051,"date":"2022-12-19T15:45:10","date_gmt":"2022-12-19T15:45:10","guid":{"rendered":"https:\/\/factum-omibu.es\/walkin\/?page_id=1051"},"modified":"2023-05-22T06:41:02","modified_gmt":"2023-05-22T06:41:02","slug":"como-chegar-a-plaza-nueva","status":"publish","type":"page","link":"https:\/\/walkingranada.com\/pt\/como-llegar-a-plaza-nueva\/","title":{"rendered":"Como llegar a Plaza Nueva"},"content":{"rendered":"<h1>Como chegar \u00e0 Plaza Nueva?<\/h1>\r\n<p><a id=\"fl-tabs--label-0\" tabindex=\"0\" role=\"tab\" href=\"#\" data-index=\"0\" aria-selected=\"true\" aria-controls=\"fl-tabs--panel-0\" aria-expanded=\"true\"> <img decoding=\"async\" loading=\"lazy\" src=\"https:\/\/walkingranada.com\/wp-content\/uploads\/2022\/12\/a-pie.png\" alt=\"a pie\" \/>Um pie <\/a> <a id=\"fl-tabs--label-1\" tabindex=\"0\" role=\"tab\" href=\"#\" data-index=\"1\" aria-selected=\"false\" aria-controls=\"fl-tabs--panel-1\" aria-expanded=\"false\"> <img decoding=\"async\" loading=\"lazy\" src=\"https:\/\/walkingranada.com\/wp-content\/uploads\/2022\/12\/bus.png\" alt=\"autobus\" \/>Autob\u00fas <\/a> <a id=\"fl-tabs--label-2\" tabindex=\"0\" role=\"tab\" href=\"#\" data-index=\"2\" aria-selected=\"false\" aria-controls=\"fl-tabs--panel-2\" aria-expanded=\"false\"> <img decoding=\"async\" loading=\"lazy\" src=\"https:\/\/walkingranada.com\/wp-content\/uploads\/2022\/12\/taxi.png\" alt=\"taxi\" \/>T\u00e1xi <\/a> <a id=\"fl-tabs--label-3\" tabindex=\"0\" role=\"tab\" href=\"#\" data-index=\"3\" aria-selected=\"false\" aria-controls=\"fl-tabs--panel-3\" aria-expanded=\"false\"> <img decoding=\"async\" loading=\"lazy\" src=\"https:\/\/walkingranada.com\/wp-content\/uploads\/2022\/12\/coche.png\" alt=\"taxi\" \/>Car <\/a> <img decoding=\"async\" loading=\"lazy\" src=\"https:\/\/walkingranada.com\/wp-content\/uploads\/2022\/12\/a-pie.png\" alt=\"a pie\" \/>Um pie<\/p>\r\n<p>A Plaza nueva \u00e9 uma das pra\u00e7as mais importantes de Granada. Pode chegar a esta pra\u00e7a central a partir de v\u00e1rias direc\u00e7\u00f5es,<\/p>\r\n<ul>\r\n<li>Ao longo da Gran V\u00eda ou Calle Elvira, se vier da zona de Triunfo,<\/li>\r\n<li>Rua Reyes Cat\u00f3licos, se vier da zona do Centro<\/li>\r\n<li>Por Cuesta Gomerez, se vem da Alhambra<\/li>\r\n<li>Por Carrera del Darro, se vem dos bairros de Albaic\u00edn ou Sacromonte.<br \/>Rua Pavaneras, se vier do bairro Realejo.<\/li>\r\n<\/ul>\r\n<p>A no ser que te encuentres en una zona muy a las afueras de la ciudad, la distancia m\u00e1xima desde pr\u00e1cticamente cualquier lugar de la ciudad hasta Plaza Nueva no supera los 1,200 &#8211; 1500 metros (entre 15 y 20 minutos). Depende de tu ritmo.<\/p>\r\n<p><img decoding=\"async\" loading=\"lazy\" src=\"https:\/\/walkingranada.com\/wp-content\/uploads\/2022\/12\/bus.png\" alt=\"autobus\" \/>Autob\u00fas<\/p>\r\n<p>Las l\u00edneas de autob\u00fas que realizan el trayecto hasta Plaza Nueva son principalmente las l\u00edneas de minib\u00fas rojo que cubren la zona Centro: C31 (Albaic\u00edn &#8211; Centro), C32 (Alhambra &#8211; Albaic\u00edn) y C34 (Sacromonte &#8211; Centro). Tambi\u00e9n llegan hasta cerca de Plaza Nueva las l\u00edneas C30 (Alhambra &#8211; Centro), \u00a0C5 (Neptuno &#8211; Centro), 4 (Chana &#8211; Zaid\u00edn) y 33 (Cenes de la Vega &#8211; Estaci\u00f3n Autobuses). Estos autobuses pasan con bastante frecuencia, cada 15-20 minutos, y el precio del billete normal es de 1,40 \u20ac. En los estancos se pueden adquirir bonos de varios viajes desde 5 o 10 \u20ac, siendo el viaje individual mucho m\u00e1s barato.<\/p>\r\n<p><img decoding=\"async\" loading=\"lazy\" src=\"https:\/\/walkingranada.com\/wp-content\/uploads\/2022\/12\/taxi.png\" alt=\"taxi\" \/>T\u00e1xi<\/p>\r\n<p>Os t\u00e1xis s\u00e3o outra op\u00e7\u00e3o para chegar \u00e0 Plaza Nueva. O custo aproximado de diferentes partes da cidade pode situar-se entre 5,00 e 10,00 euros (Tele-radio-taxi: 958 280 654). Tamb\u00e9m \u00e9 poss\u00edvel reservar t\u00e1xis de 7 lugares ou Eurotaxis adaptados para pessoas com mobilidade reduzida. \u00c9 aconselh\u00e1vel reservar estes t\u00e1xis com anteced\u00eancia, uma vez que a disponibilidade \u00e9 mais limitada.<\/p>\r\n<p><img decoding=\"async\" loading=\"lazy\" src=\"https:\/\/walkingranada.com\/wp-content\/uploads\/2022\/12\/coche.png\" alt=\"taxi\" \/>Car<\/p>\r\n<p>O acesso \u00e0 Plaza Nueva de carro \u00e9 bastante complexo, uma vez que existem v\u00e1rias ruas no centro que est\u00e3o restritas ao tr\u00e1fego rodovi\u00e1rio. Por esta raz\u00e3o, n\u00e3o \u00e9 poss\u00edvel chegar \u00e0 pra\u00e7a em si de carro, e \u00e9 necess\u00e1rio estacionar o carro a poucos minutos da pra\u00e7a e terminar o percurso a p\u00e9.<\/p>\r\n<p>No centro de Granada h\u00e1 muito poucas op\u00e7\u00f5es de estacionamento gratuito, por isso recomendamos que deixe o seu carro num dos parques de estacionamento do centro e que o desloque o menos poss\u00edvel durante a sua estadia na cidade. O Parque de San Agust\u00edn fica logo abaixo do mercado central de Granada e \u00e9 um dos mais pr\u00f3ximos, apenas 4-5 minutos a p\u00e9 da Plaza Nueva. Outros parques de estacionamento pr\u00f3ximos s\u00e3o o Parking de Plaza de los Campos (a cerca de 10 minutos a p\u00e9), ou o Parking del Triunfo (a 15 minutos a p\u00e9). \u00a0O pre\u00e7o destes parques de estacionamento \u00e9 de aproximadamente 2,50 euros por hora.<\/p>\r\n<h3>Tambi\u00e9n puedes reservar nuestros otros servicicios&#8230;<\/h3>\r\n<p><img decoding=\"async\" loading=\"lazy\" src=\"https:\/\/walkingranada.com\/wp-content\/uploads\/2022\/10\/Rectangle-42.png\" alt=\"\" \/><\/p>\r\n<p>Flamenco<\/p>\r\n<p><img decoding=\"async\" loading=\"lazy\" src=\"https:\/\/walkingranada.com\/wp-content\/uploads\/2022\/10\/Rectangle-43.png\" alt=\"\" \/><\/p>\r\n<p>Hammam<br \/>Al-\u00e1ndalus<\/p>\r\n<p><img decoding=\"async\" loading=\"lazy\" src=\"https:\/\/walkingranada.com\/wp-content\/uploads\/2022\/10\/Rectangle-45.png\" alt=\"\" \/><\/p>\r\n<p>Excurs\u00f5es de um dia<\/p>\r\n<p><img decoding=\"async\" loading=\"lazy\" src=\"https:\/\/walkingranada.com\/wp-content\/uploads\/2022\/10\/Rectangle-38.png\" alt=\"\" \/><\/p>\r\n<p>Rota olfativa<\/p>","protected":false},"excerpt":{"rendered":"<p>\u00bfC\u00f3mo llegar a Plaza Nueva? A pie Autobus Taxi Coche A pie Plaza nueva es una de las plazas m\u00e1s importantes de Granada. Puedes llegar hasta esta c\u00e9ntrica plaza desde varias direcciones, entre otras: Por la Gran V\u00eda o Calle Elvira, si vienes desde la zona del Triunfo. Por la calle Reyes Cat\u00f3licos, si vienes &#8230; <a title=\"Como llegar a Plaza Nueva\" class=\"read-more\" href=\"https:\/\/walkingranada.com\/pt\/como-llegar-a-plaza-nueva\/\" aria-label=\"Leia mais sobre Como llegar a Plaza Nueva\">Ler mais<\/a><\/p>","protected":false},"author":2,"featured_media":2732,"parent":0,"menu_order":0,"comment_status":"closed","ping_status":"closed","template":"","meta":{"footnotes":""},"class_list":["post-1051","page","type-page","status-publish","has-post-thumbnail"],"yoast_head":"<!-- This site is optimized with the Yoast SEO plugin v27.5 - https:\/\/yoast.com\/product\/yoast-seo-wordpress\/ -->\n<title>C\u00f3mo llegar a Plaza Nueva - Walk in Granada<\/title>\n<meta name=\"description\" content=\"Aqu\u00ed te mostramos las diferentes opciones de transporte para llegar a Plaza Nueva en Granada. Una plaza c\u00e9ntrica a los pies de la Alhambra.\" \/>\n<meta name=\"robots\" content=\"index, follow, max-snippet:-1, max-image-preview:large, max-video-preview:-1\" \/>\n<link rel=\"canonical\" href=\"https:\/\/walkingranada.com\/pt\/como-chegar-a-plaza-nueva\/\" \/>\n<meta property=\"og:locale\" content=\"pt_PT\" \/>\n<meta property=\"og:type\" content=\"article\" \/>\n<meta property=\"og:title\" content=\"C\u00f3mo llegar a Plaza Nueva - Walk in Granada\" \/>\n<meta property=\"og:description\" content=\"Aqu\u00ed te mostramos las diferentes opciones de transporte para llegar a Plaza Nueva en Granada. Una plaza c\u00e9ntrica a los pies de la Alhambra.\" \/>\n<meta property=\"og:url\" content=\"https:\/\/walkingranada.com\/pt\/como-chegar-a-plaza-nueva\/\" \/>\n<meta property=\"og:site_name\" content=\"Walk in Granada\" \/>\n<meta property=\"article:publisher\" content=\"https:\/\/es-es.facebook.com\/walkingranadatour\/\" \/>\n<meta property=\"article:modified_time\" content=\"2023-05-22T06:41:02+00:00\" \/>\n<meta property=\"og:image\" content=\"https:\/\/walkingranada.com\/wp-content\/uploads\/2023\/01\/fuente-plaza-nueva.webp\" \/>\n\t<meta property=\"og:image:width\" content=\"711\" \/>\n\t<meta property=\"og:image:height\" content=\"398\" \/>\n\t<meta property=\"og:image:type\" content=\"image\/webp\" \/>\n<meta name=\"twitter:card\" content=\"summary_large_image\" \/>\n<meta name=\"twitter:site\" content=\"@walkingranada\" \/>\n<meta name=\"twitter:label1\" content=\"Tempo estimado de leitura\" \/>\n\t<meta name=\"twitter:data1\" content=\"5 minutos\" \/>\n<script type=\"application\/ld+json\" class=\"yoast-schema-graph\">{\"@context\":\"https:\\\/\\\/schema.org\",\"@graph\":[{\"@type\":\"WebPage\",\"@id\":\"https:\\\/\\\/walkingranada.com\\\/como-llegar-a-plaza-nueva\\\/\",\"url\":\"https:\\\/\\\/walkingranada.com\\\/como-llegar-a-plaza-nueva\\\/\",\"name\":\"C\u00f3mo llegar a Plaza Nueva - Walk in Granada\",\"isPartOf\":{\"@id\":\"https:\\\/\\\/walkingranada.com\\\/#website\"},\"primaryImageOfPage\":{\"@id\":\"https:\\\/\\\/walkingranada.com\\\/como-llegar-a-plaza-nueva\\\/#primaryimage\"},\"image\":{\"@id\":\"https:\\\/\\\/walkingranada.com\\\/como-llegar-a-plaza-nueva\\\/#primaryimage\"},\"thumbnailUrl\":\"https:\\\/\\\/walkingranada.com\\\/wp-content\\\/uploads\\\/2023\\\/01\\\/fuente-plaza-nueva.webp\",\"datePublished\":\"2022-12-19T15:45:10+00:00\",\"dateModified\":\"2023-05-22T06:41:02+00:00\",\"description\":\"Aqu\u00ed te mostramos las diferentes opciones de transporte para llegar a Plaza Nueva en Granada. Una plaza c\u00e9ntrica a los pies de la Alhambra.\",\"breadcrumb\":{\"@id\":\"https:\\\/\\\/walkingranada.com\\\/como-llegar-a-plaza-nueva\\\/#breadcrumb\"},\"inLanguage\":\"pt-PT\",\"potentialAction\":[{\"@type\":\"ReadAction\",\"target\":[\"https:\\\/\\\/walkingranada.com\\\/como-llegar-a-plaza-nueva\\\/\"]}]},{\"@type\":\"ImageObject\",\"inLanguage\":\"pt-PT\",\"@id\":\"https:\\\/\\\/walkingranada.com\\\/como-llegar-a-plaza-nueva\\\/#primaryimage\",\"url\":\"https:\\\/\\\/walkingranada.com\\\/wp-content\\\/uploads\\\/2023\\\/01\\\/fuente-plaza-nueva.webp\",\"contentUrl\":\"https:\\\/\\\/walkingranada.com\\\/wp-content\\\/uploads\\\/2023\\\/01\\\/fuente-plaza-nueva.webp\",\"width\":711,\"height\":398,\"caption\":\"Fuente en Plaza Nueva\"},{\"@type\":\"BreadcrumbList\",\"@id\":\"https:\\\/\\\/walkingranada.com\\\/como-llegar-a-plaza-nueva\\\/#breadcrumb\",\"itemListElement\":[{\"@type\":\"ListItem\",\"position\":1,\"name\":\"Portada\",\"item\":\"https:\\\/\\\/walkingranada.com\\\/\"},{\"@type\":\"ListItem\",\"position\":2,\"name\":\"Como llegar a Plaza Nueva\"}]},{\"@type\":\"WebSite\",\"@id\":\"https:\\\/\\\/walkingranada.com\\\/#website\",\"url\":\"https:\\\/\\\/walkingranada.com\\\/\",\"name\":\"Walk in Granada\",\"description\":\"Turismo responsable\",\"publisher\":{\"@id\":\"https:\\\/\\\/walkingranada.com\\\/#organization\"},\"alternateName\":\"Walk in Granada\",\"potentialAction\":[{\"@type\":\"SearchAction\",\"target\":{\"@type\":\"EntryPoint\",\"urlTemplate\":\"https:\\\/\\\/walkingranada.com\\\/?s={search_term_string}\"},\"query-input\":{\"@type\":\"PropertyValueSpecification\",\"valueRequired\":true,\"valueName\":\"search_term_string\"}}],\"inLanguage\":\"pt-PT\"},{\"@type\":\"Organization\",\"@id\":\"https:\\\/\\\/walkingranada.com\\\/#organization\",\"name\":\"Walk In Granada\",\"alternateName\":\"Walk In Granada\",\"url\":\"https:\\\/\\\/walkingranada.com\\\/\",\"logo\":{\"@type\":\"ImageObject\",\"inLanguage\":\"pt-PT\",\"@id\":\"https:\\\/\\\/walkingranada.com\\\/#\\\/schema\\\/logo\\\/image\\\/\",\"url\":\"https:\\\/\\\/walkingranada.com\\\/wp-content\\\/uploads\\\/2022\\\/12\\\/Logo-Walking.webp\",\"contentUrl\":\"https:\\\/\\\/walkingranada.com\\\/wp-content\\\/uploads\\\/2022\\\/12\\\/Logo-Walking.webp\",\"width\":512,\"height\":512,\"caption\":\"Walk In Granada\"},\"image\":{\"@id\":\"https:\\\/\\\/walkingranada.com\\\/#\\\/schema\\\/logo\\\/image\\\/\"},\"sameAs\":[\"https:\\\/\\\/es-es.facebook.com\\\/walkingranadatour\\\/\",\"https:\\\/\\\/x.com\\\/walkingranada\",\"https:\\\/\\\/www.instagram.com\\\/walkingranada\\\/\"]}]}<\/script>\n<!-- \/ Yoast SEO plugin. -->","yoast_head_json":{"title":"Como chegar \u00e0 Plaza Nueva - Walk in Granada","description":"Aqui mostramos as diferentes op\u00e7\u00f5es de transporte para chegar \u00e0 Plaza Nueva em Granada. Uma pra\u00e7a central aos p\u00e9s da Alhambra.","robots":{"index":"index","follow":"follow","max-snippet":"max-snippet:-1","max-image-preview":"max-image-preview:large","max-video-preview":"max-video-preview:-1"},"canonical":"https:\/\/walkingranada.com\/pt\/como-chegar-a-plaza-nueva\/","og_locale":"pt_PT","og_type":"article","og_title":"C\u00f3mo llegar a Plaza Nueva - Walk in Granada","og_description":"Aqu\u00ed te mostramos las diferentes opciones de transporte para llegar a Plaza Nueva en Granada. Una plaza c\u00e9ntrica a los pies de la Alhambra.","og_url":"https:\/\/walkingranada.com\/pt\/como-chegar-a-plaza-nueva\/","og_site_name":"Walk in Granada","article_publisher":"https:\/\/es-es.facebook.com\/walkingranadatour\/","article_modified_time":"2023-05-22T06:41:02+00:00","og_image":[{"width":711,"height":398,"url":"https:\/\/walkingranada.com\/wp-content\/uploads\/2023\/01\/fuente-plaza-nueva.webp","type":"image\/webp"}],"twitter_card":"summary_large_image","twitter_site":"@walkingranada","twitter_misc":{"Tempo estimado de leitura":"5 minutos"},"schema":{"@context":"https:\/\/schema.org","@graph":[{"@type":"WebPage","@id":"https:\/\/walkingranada.com\/como-llegar-a-plaza-nueva\/","url":"https:\/\/walkingranada.com\/como-llegar-a-plaza-nueva\/","name":"Como chegar \u00e0 Plaza Nueva - Walk in Granada","isPartOf":{"@id":"https:\/\/walkingranada.com\/#website"},"primaryImageOfPage":{"@id":"https:\/\/walkingranada.com\/como-llegar-a-plaza-nueva\/#primaryimage"},"image":{"@id":"https:\/\/walkingranada.com\/como-llegar-a-plaza-nueva\/#primaryimage"},"thumbnailUrl":"https:\/\/walkingranada.com\/wp-content\/uploads\/2023\/01\/fuente-plaza-nueva.webp","datePublished":"2022-12-19T15:45:10+00:00","dateModified":"2023-05-22T06:41:02+00:00","description":"Aqui mostramos as diferentes op\u00e7\u00f5es de transporte para chegar \u00e0 Plaza Nueva em Granada. Uma pra\u00e7a central aos p\u00e9s da Alhambra.","breadcrumb":{"@id":"https:\/\/walkingranada.com\/como-llegar-a-plaza-nueva\/#breadcrumb"},"inLanguage":"pt-PT","potentialAction":[{"@type":"ReadAction","target":["https:\/\/walkingranada.com\/como-llegar-a-plaza-nueva\/"]}]},{"@type":"ImageObject","inLanguage":"pt-PT","@id":"https:\/\/walkingranada.com\/como-llegar-a-plaza-nueva\/#primaryimage","url":"https:\/\/walkingranada.com\/wp-content\/uploads\/2023\/01\/fuente-plaza-nueva.webp","contentUrl":"https:\/\/walkingranada.com\/wp-content\/uploads\/2023\/01\/fuente-plaza-nueva.webp","width":711,"height":398,"caption":"Fuente en Plaza Nueva"},{"@type":"BreadcrumbList","@id":"https:\/\/walkingranada.com\/como-llegar-a-plaza-nueva\/#breadcrumb","itemListElement":[{"@type":"ListItem","position":1,"name":"Portada","item":"https:\/\/walkingranada.com\/"},{"@type":"ListItem","position":2,"name":"Como llegar a Plaza Nueva"}]},{"@type":"WebSite","@id":"https:\/\/walkingranada.com\/#website","url":"https:\/\/walkingranada.com\/","name":"Walk in Granada","description":"Turismo responsable","publisher":{"@id":"https:\/\/walkingranada.com\/#organization"},"alternateName":"Walk in Granada","potentialAction":[{"@type":"SearchAction","target":{"@type":"EntryPoint","urlTemplate":"https:\/\/walkingranada.com\/?s={search_term_string}"},"query-input":{"@type":"PropertyValueSpecification","valueRequired":true,"valueName":"search_term_string"}}],"inLanguage":"pt-PT"},{"@type":"Organization","@id":"https:\/\/walkingranada.com\/#organization","name":"Walk In Granada","alternateName":"Walk In Granada","url":"https:\/\/walkingranada.com\/","logo":{"@type":"ImageObject","inLanguage":"pt-PT","@id":"https:\/\/walkingranada.com\/#\/schema\/logo\/image\/","url":"https:\/\/walkingranada.com\/wp-content\/uploads\/2022\/12\/Logo-Walking.webp","contentUrl":"https:\/\/walkingranada.com\/wp-content\/uploads\/2022\/12\/Logo-Walking.webp","width":512,"height":512,"caption":"Walk In Granada"},"image":{"@id":"https:\/\/walkingranada.com\/#\/schema\/logo\/image\/"},"sameAs":["https:\/\/es-es.facebook.com\/walkingranadatour\/","https:\/\/x.com\/walkingranada","https:\/\/www.instagram.com\/walkingranada\/"]}]}},"_links":{"self":[{"href":"https:\/\/walkingranada.com\/pt\/wp-json\/wp\/v2\/pages\/1051","targetHints":{"allow":["GET"]}}],"collection":[{"href":"https:\/\/walkingranada.com\/pt\/wp-json\/wp\/v2\/pages"}],"about":[{"href":"https:\/\/walkingranada.com\/pt\/wp-json\/wp\/v2\/types\/page"}],"author":[{"embeddable":true,"href":"https:\/\/walkingranada.com\/pt\/wp-json\/wp\/v2\/users\/2"}],"replies":[{"embeddable":true,"href":"https:\/\/walkingranada.com\/pt\/wp-json\/wp\/v2\/comments?post=1051"}],"version-history":[{"count":0,"href":"https:\/\/walkingranada.com\/pt\/wp-json\/wp\/v2\/pages\/1051\/revisions"}],"wp:featuredmedia":[{"embeddable":true,"href":"https:\/\/walkingranada.com\/pt\/wp-json\/wp\/v2\/media\/2732"}],"wp:attachment":[{"href":"https:\/\/walkingranada.com\/pt\/wp-json\/wp\/v2\/media?parent=1051"}],"curies":[{"name":"wp","href":"https:\/\/api.w.org\/{rel}","templated":true}]}}