{"id":94,"date":"2022-10-10T10:47:43","date_gmt":"2022-10-10T10:47:43","guid":{"rendered":"https:\/\/factum-omibu.es\/walkin\/?page_id=94"},"modified":"2025-02-06T07:17:18","modified_gmt":"2025-02-06T07:17:18","slug":"visites-guidees","status":"publish","type":"page","link":"https:\/\/walkingranada.com\/fr\/visitas-guiadas\/","title":{"rendered":"Visites guid\u00e9es"},"content":{"rendered":"<h1>\n\t\tVisites guid\u00e9es \u00e0 Granada\n\t<\/h1>\n<h2>\n\t\tVISITES PRIV\u00c9ES \u00c0 GRANADA, JUSTE POUR VOUS ET VOTRE GROUPE\n\t<\/h2>\n<h2>\n\t\tNous vous pr\u00e9parons un tour sur-mesure juste pour vous\n\t<\/h2>\n\t\u00c0 Walk In Granada, nous avons \u00e9labor\u00e9 une s\u00e9lection de visites guid\u00e9es les plus populaires de la ville qui passent par les quartiers les plus repr\u00e9sentatifs :<br \/>\nle Centre Historique, l\u2019Albaic\u00edn et le Sacromonte.\n<p>De plus, si vous \u00eates amateur\/amatrice du po\u00e8te grenadin Federico Garc\u00eda Lorca ou si vous voulez approfondir vos connaissances en mati\u00e8re d\u2019architecture arabe et mud\u00e9jare que cache l\u2019ancien quartier musulman, nous avons cr\u00e9\u00e9 une s\u00e9rie de routes sp\u00e9ciales que nous sommes s\u00fbrs que vous allez adorer.<\/p>\n<p>Tous ces tours conviennent aux couples, aux familles, aux groupes d\u2019amis, aux congr\u00e8s et aux voyages d\u2019affaires.<\/p>\n<p>Gr\u00e2ce \u00e0 nos guides locaux, vous conna\u00eetrez toute l'histoire de la ville en exclusivit\u00e9, en profitant de la ville de Grenade comme jamais auparavant.<\/p>\n<p>Et ce n'est pas tout ! Conform\u00e9ment \u00e0 notre philosophie de tourisme responsable et durable, \u00e0 Walk in Granada, nous pensons que tout le monde a le droit de profiter de Grenade, quelle que soit sa condition. En 2018, nous pr\u00e9sentons 4 parcours adapt\u00e9s aux personnes \u00e0 Mobilit\u00e9 R\u00e9duite.<\/p>\n<p>Nous vous invitons \u00e0 y jeter un coup d\u2019oeil !<\/p>\n<h3>\n\t\tNuestras visitas guiadas  en Granada\n\t<\/h3>\n\t<a href=\"https:\/\/walkingranada.com\/fr\/visites-guidees\/centre-historique-albaicin\/\" target=\"_self\"><\/a>\t\t\t<img decoding=\"async\" loading=\"lazy\" alt=\"Plaza Nueva\" src=\"https:\/\/walkingranada.com\/wp-content\/uploads\/2023\/01\/centrohistorico-albaicin-card.webp\"\/>\n\t\t<h3>Centre historique et Albaic\u00edn<\/h3>\n\t<a href=\"https:\/\/walkingranada.com\/fr\/visites-guidees\/albaicin\/\" target=\"_self\"><\/a>\t\t\t<img decoding=\"async\" loading=\"lazy\" alt=\"Albayc\u00edn\" src=\"https:\/\/walkingranada.com\/wp-content\/uploads\/2023\/01\/card-albaicin.webp\"\/>\n\t\t<h3>Albaic\u00edn<\/h3>\n\t<a href=\"https:\/\/walkingranada.com\/fr\/visites-guidees\/sacromonte\/\" target=\"_self\"><\/a>\t\t\t<img decoding=\"async\" loading=\"lazy\" alt=\"Sacromonte\" src=\"https:\/\/walkingranada.com\/wp-content\/uploads\/2023\/01\/Sacromonte-card-1.webp\"\/>\n\t\t<h3>Sacromonte<\/h3>\n\t<a href=\"https:\/\/walkingranada.com\/fr\/visites-guidees\/albaicin-et-sacromonte\/\" target=\"_self\"><\/a>\t\t\t<img decoding=\"async\" loading=\"lazy\" alt=\"Sacromonte\" src=\"https:\/\/walkingranada.com\/wp-content\/uploads\/2023\/01\/Albaicin-sacromonte-card-1.webp\"\/>\n\t\t<h3>Albaic\u00edn et Sacromonte<\/h3>\n\t<a href=\"https:\/\/walkingranada.com\/fr\/visites-guidees\/tourisme-accessible\/\" target=\"_self\"><\/a>\t\t\t<img decoding=\"async\" loading=\"lazy\" alt=\"Patio de la Alhambra\" src=\"https:\/\/walkingranada.com\/wp-content\/uploads\/2023\/01\/accesible-card-1.webp\"\/>\n\t\t<h3>Tourisme accessible<\/h3>\n\t<a href=\"https:\/\/walkingranada.com\/fr\/visites-guidees\/routes-lorquiennes\/\" target=\"_self\"><\/a>\t\t\t<img decoding=\"async\" loading=\"lazy\" alt=\"Garc\u00eda Lorca\" src=\"https:\/\/walkingranada.com\/wp-content\/uploads\/2023\/01\/Visitas-Rutas-Loquianas.webp\"\/>\n\t\t<h3>Visites Lorquiennes<\/h3>\n\t<a href=\"https:\/\/walkingranada.com\/fr\/visites-guidees\/albaicin-2\/\" target=\"_self\"><\/a>\t\t\t<img decoding=\"async\" loading=\"lazy\" alt=\"\" src=\"https:\/\/walkingranada.com\/wp-content\/uploads\/2024\/08\/puerta-del-vino.jpeg\"\/>\n\t\t<h3>Servantes et Sultanes<\/h3>\n\t<a href=\"https:\/\/walkingranada.com\/fr\/visites-guidees\/albaicin-3\/\" target=\"_self\"><\/a>\t\t\t<img decoding=\"async\" loading=\"lazy\" alt=\"\" src=\"https:\/\/walkingranada.com\/wp-content\/uploads\/2024\/08\/IMG_7526-1.jpeg\"\/>\n\t\t<h3>Potins zirides<\/h3>\n\t<a href=\"https:\/\/walkingranada.com\/fr\/visites-guidees\/albaicin-4\/\" target=\"_self\"><\/a>\t\t\t<img decoding=\"async\" loading=\"lazy\" alt=\"\" src=\"https:\/\/walkingranada.com\/wp-content\/uploads\/2024\/08\/IMG_2901.jpeg\"\/>\n\t\t<h3>L'heritage du capitaine<\/h3>\n\t<a href=\"https:\/\/walkingranada.com\/fr\/visites-guidees\/abadia-del-sacromonte\/\" target=\"_self\"><\/a>\t\t\t<img decoding=\"async\" loading=\"lazy\" alt=\"\" src=\"https:\/\/walkingranada.com\/wp-content\/uploads\/2025\/02\/abadia-entrada.jpg.webp\"\/>\n\t\t<h3>Abbaye du Sacromonte<\/h3>\n<h3>\n\t\tTambi\u00e9n puedes reservar nuestros otros servicios&#8230;\n\t<\/h3>\n\t<a href=\"https:\/\/walkingranada.com\/fr\/que-faire-a-granada\/flamenco\/\" target=\"_self\"><\/a>\t\t\t<img decoding=\"async\" loading=\"lazy\" alt=\"bailaora flamenca\" src=\"https:\/\/walkingranada.com\/wp-content\/uploads\/2022\/10\/Rectangle-42.png\"\/>\n\t\t<h3>Flamenco<\/h3>\n\t<a href=\"https:\/\/walkingranada.com\/fr\/que-faire-a-granada\/hammam-al-andalus\/\" target=\"_self\"><\/a>\t\t\t<img decoding=\"async\" loading=\"lazy\" alt=\"ba\u00f1os \u00e1rabes\" src=\"https:\/\/walkingranada.com\/wp-content\/uploads\/2022\/10\/Rectangle-43.png\"\/>\n\t\t<h3>Hammam <br \/>Al-\u00e1ndalus<\/h3>\n\t<a href=\"https:\/\/walkingranada.com\/fr\/que-faire-a-granada\/excursions\/\" target=\"_self\"><\/a>\t\t\t<img decoding=\"async\" loading=\"lazy\" alt=\"mezquita de c\u00f3rdoba\" src=\"https:\/\/walkingranada.com\/wp-content\/uploads\/2022\/10\/Rectangle-45.png\"\/>\n\t\t<h3>excursions <br \/>d\u2019une journ\u00e9e<\/h3>\n\t<a href=\"https:\/\/walkingranada.com\/fr\/que-faire-a-granada\/route-olfactif\/\" target=\"_self\"><\/a>\t\t\t<img decoding=\"async\" loading=\"lazy\" alt=\"imagen de una chica joven\" src=\"https:\/\/walkingranada.com\/wp-content\/uploads\/2022\/10\/Rectangle-38.png\"\/>\n\t\t<h3>Route olfactif<\/h3>","protected":false},"excerpt":{"rendered":"<p>Visitas Guiadas en Granada VISITAS\u00a0 PRIVADAS EN GRANADA, SOLO PARA TI Y TU GRUPO Tours guiados a medida s\u00f3lo para ti En Walk in Granada hemos elaborado una selecci\u00f3n de las visitas guiadas m\u00e1s populares por la ciudad y por los barrios m\u00e1s representativos: Centro Hist\u00f3rico, Albaic\u00edn y Sacromonte. Pero tanto si eres un amante &#8230; <a title=\"Visites guid\u00e9es\" class=\"read-more\" href=\"https:\/\/walkingranada.com\/fr\/visitas-guiadas\/\" aria-label=\"En savoir plus sur Visitas guiadas\">Lire la suite<\/a><\/p>","protected":false},"author":2,"featured_media":0,"parent":0,"menu_order":0,"comment_status":"closed","ping_status":"closed","template":"","meta":{"footnotes":""},"class_list":["post-94","page","type-page","status-publish"],"yoast_head":"<!-- This site is optimized with the Yoast SEO plugin v27.5 - https:\/\/yoast.com\/product\/yoast-seo-wordpress\/ -->\n<title>Visitas guiadas - Walk in Granada<\/title>\n<meta name=\"description\" content=\"Visitas Guiadas Granada. Tenemos itinerarios exclusivos para ti y tu grupo. Reserva tu visita privada en nuestra web. \u00a1Nos adaptamos a ti!\" \/>\n<meta name=\"robots\" content=\"index, follow, max-snippet:-1, max-image-preview:large, max-video-preview:-1\" \/>\n<link rel=\"canonical\" href=\"https:\/\/walkingranada.com\/fr\/visites-guidees\/\" \/>\n<meta property=\"og:locale\" content=\"fr_FR\" \/>\n<meta property=\"og:type\" content=\"article\" \/>\n<meta property=\"og:title\" content=\"Visitas guiadas - Walk in Granada\" \/>\n<meta property=\"og:description\" content=\"Visitas Guiadas Granada. Tenemos itinerarios exclusivos para ti y tu grupo. Reserva tu visita privada en nuestra web. \u00a1Nos adaptamos a ti!\" \/>\n<meta property=\"og:url\" content=\"https:\/\/walkingranada.com\/fr\/visites-guidees\/\" \/>\n<meta property=\"og:site_name\" content=\"Walk in Granada\" \/>\n<meta property=\"article:publisher\" content=\"https:\/\/es-es.facebook.com\/walkingranadatour\/\" \/>\n<meta property=\"article:modified_time\" content=\"2025-02-06T07:17:18+00:00\" \/>\n<meta property=\"og:image\" content=\"https:\/\/walkingranada.com\/wp-content\/uploads\/2023\/01\/centrohistorico-albaicin-card.webp\" \/>\n<meta name=\"twitter:card\" content=\"summary_large_image\" \/>\n<meta name=\"twitter:site\" content=\"@walkingranada\" \/>\n<meta name=\"twitter:label1\" content=\"Dur\u00e9e de lecture estim\u00e9e\" \/>\n\t<meta name=\"twitter:data1\" content=\"3 minutes\" \/>\n<script type=\"application\/ld+json\" class=\"yoast-schema-graph\">{\"@context\":\"https:\\\/\\\/schema.org\",\"@graph\":[{\"@type\":\"WebPage\",\"@id\":\"https:\\\/\\\/walkingranada.com\\\/visitas-guiadas\\\/\",\"url\":\"https:\\\/\\\/walkingranada.com\\\/visitas-guiadas\\\/\",\"name\":\"Visitas guiadas - Walk in Granada\",\"isPartOf\":{\"@id\":\"https:\\\/\\\/walkingranada.com\\\/#website\"},\"primaryImageOfPage\":{\"@id\":\"https:\\\/\\\/walkingranada.com\\\/visitas-guiadas\\\/#primaryimage\"},\"image\":{\"@id\":\"https:\\\/\\\/walkingranada.com\\\/visitas-guiadas\\\/#primaryimage\"},\"thumbnailUrl\":\"https:\\\/\\\/walkingranada.com\\\/wp-content\\\/uploads\\\/2023\\\/01\\\/centrohistorico-albaicin-card.webp\",\"datePublished\":\"2022-10-10T10:47:43+00:00\",\"dateModified\":\"2025-02-06T07:17:18+00:00\",\"description\":\"Visitas Guiadas Granada. Tenemos itinerarios exclusivos para ti y tu grupo. Reserva tu visita privada en nuestra web. \u00a1Nos adaptamos a ti!\",\"breadcrumb\":{\"@id\":\"https:\\\/\\\/walkingranada.com\\\/visitas-guiadas\\\/#breadcrumb\"},\"inLanguage\":\"fr-FR\",\"potentialAction\":[{\"@type\":\"ReadAction\",\"target\":[\"https:\\\/\\\/walkingranada.com\\\/visitas-guiadas\\\/\"]}]},{\"@type\":\"ImageObject\",\"inLanguage\":\"fr-FR\",\"@id\":\"https:\\\/\\\/walkingranada.com\\\/visitas-guiadas\\\/#primaryimage\",\"url\":\"https:\\\/\\\/walkingranada.com\\\/wp-content\\\/uploads\\\/2023\\\/01\\\/centrohistorico-albaicin-card.webp\",\"contentUrl\":\"https:\\\/\\\/walkingranada.com\\\/wp-content\\\/uploads\\\/2023\\\/01\\\/centrohistorico-albaicin-card.webp\"},{\"@type\":\"BreadcrumbList\",\"@id\":\"https:\\\/\\\/walkingranada.com\\\/visitas-guiadas\\\/#breadcrumb\",\"itemListElement\":[{\"@type\":\"ListItem\",\"position\":1,\"name\":\"Portada\",\"item\":\"https:\\\/\\\/walkingranada.com\\\/\"},{\"@type\":\"ListItem\",\"position\":2,\"name\":\"Visitas guiadas\"}]},{\"@type\":\"WebSite\",\"@id\":\"https:\\\/\\\/walkingranada.com\\\/#website\",\"url\":\"https:\\\/\\\/walkingranada.com\\\/\",\"name\":\"Walk in Granada\",\"description\":\"Turismo responsable\",\"publisher\":{\"@id\":\"https:\\\/\\\/walkingranada.com\\\/#organization\"},\"alternateName\":\"Walk in Granada\",\"potentialAction\":[{\"@type\":\"SearchAction\",\"target\":{\"@type\":\"EntryPoint\",\"urlTemplate\":\"https:\\\/\\\/walkingranada.com\\\/?s={search_term_string}\"},\"query-input\":{\"@type\":\"PropertyValueSpecification\",\"valueRequired\":true,\"valueName\":\"search_term_string\"}}],\"inLanguage\":\"fr-FR\"},{\"@type\":\"Organization\",\"@id\":\"https:\\\/\\\/walkingranada.com\\\/#organization\",\"name\":\"Walk In Granada\",\"alternateName\":\"Walk In Granada\",\"url\":\"https:\\\/\\\/walkingranada.com\\\/\",\"logo\":{\"@type\":\"ImageObject\",\"inLanguage\":\"fr-FR\",\"@id\":\"https:\\\/\\\/walkingranada.com\\\/#\\\/schema\\\/logo\\\/image\\\/\",\"url\":\"https:\\\/\\\/walkingranada.com\\\/wp-content\\\/uploads\\\/2022\\\/12\\\/Logo-Walking.webp\",\"contentUrl\":\"https:\\\/\\\/walkingranada.com\\\/wp-content\\\/uploads\\\/2022\\\/12\\\/Logo-Walking.webp\",\"width\":512,\"height\":512,\"caption\":\"Walk In Granada\"},\"image\":{\"@id\":\"https:\\\/\\\/walkingranada.com\\\/#\\\/schema\\\/logo\\\/image\\\/\"},\"sameAs\":[\"https:\\\/\\\/es-es.facebook.com\\\/walkingranadatour\\\/\",\"https:\\\/\\\/x.com\\\/walkingranada\",\"https:\\\/\\\/www.instagram.com\\\/walkingranada\\\/\"]}]}<\/script>\n<!-- \/ Yoast SEO plugin. -->","yoast_head_json":{"title":"Visites guid\u00e9es priv\u00e9es \u00e0 Grenade - Walk in Granada","description":"Visites guid\u00e9es \u00e0 Grenade. Nous avons des itin\u00e9raires exclusifs pour vous et votre groupe. R\u00e9servez votre visite priv\u00e9e sur notre site web. Nous adaptons \u00e0 vous!","robots":{"index":"index","follow":"follow","max-snippet":"max-snippet:-1","max-image-preview":"max-image-preview:large","max-video-preview":"max-video-preview:-1"},"canonical":"https:\/\/walkingranada.com\/fr\/visites-guidees\/","og_locale":"fr_FR","og_type":"article","og_title":"Visitas guiadas - Walk in Granada","og_description":"Visitas Guiadas Granada. Tenemos itinerarios exclusivos para ti y tu grupo. Reserva tu visita privada en nuestra web. \u00a1Nos adaptamos a ti!","og_url":"https:\/\/walkingranada.com\/fr\/visites-guidees\/","og_site_name":"Walk in Granada","article_publisher":"https:\/\/es-es.facebook.com\/walkingranadatour\/","article_modified_time":"2025-02-06T07:17:18+00:00","og_image":[{"url":"https:\/\/walkingranada.com\/wp-content\/uploads\/2023\/01\/centrohistorico-albaicin-card.webp","type":"","width":"","height":""}],"twitter_card":"summary_large_image","twitter_site":"@walkingranada","twitter_misc":{"Dur\u00e9e de lecture estim\u00e9e":"3 minutes"},"schema":{"@context":"https:\/\/schema.org","@graph":[{"@type":"WebPage","@id":"https:\/\/walkingranada.com\/visitas-guiadas\/","url":"https:\/\/walkingranada.com\/visitas-guiadas\/","name":"Visites guid\u00e9es priv\u00e9es \u00e0 Grenade - Walk in Granada","isPartOf":{"@id":"https:\/\/walkingranada.com\/#website"},"primaryImageOfPage":{"@id":"https:\/\/walkingranada.com\/visitas-guiadas\/#primaryimage"},"image":{"@id":"https:\/\/walkingranada.com\/visitas-guiadas\/#primaryimage"},"thumbnailUrl":"https:\/\/walkingranada.com\/wp-content\/uploads\/2023\/01\/centrohistorico-albaicin-card.webp","datePublished":"2022-10-10T10:47:43+00:00","dateModified":"2025-02-06T07:17:18+00:00","description":"Visites guid\u00e9es \u00e0 Grenade. Nous avons des itin\u00e9raires exclusifs pour vous et votre groupe. R\u00e9servez votre visite priv\u00e9e sur notre site web. Nous adaptons \u00e0 vous!","breadcrumb":{"@id":"https:\/\/walkingranada.com\/visitas-guiadas\/#breadcrumb"},"inLanguage":"fr-FR","potentialAction":[{"@type":"ReadAction","target":["https:\/\/walkingranada.com\/visitas-guiadas\/"]}]},{"@type":"ImageObject","inLanguage":"fr-FR","@id":"https:\/\/walkingranada.com\/visitas-guiadas\/#primaryimage","url":"https:\/\/walkingranada.com\/wp-content\/uploads\/2023\/01\/centrohistorico-albaicin-card.webp","contentUrl":"https:\/\/walkingranada.com\/wp-content\/uploads\/2023\/01\/centrohistorico-albaicin-card.webp"},{"@type":"BreadcrumbList","@id":"https:\/\/walkingranada.com\/visitas-guiadas\/#breadcrumb","itemListElement":[{"@type":"ListItem","position":1,"name":"Portada","item":"https:\/\/walkingranada.com\/"},{"@type":"ListItem","position":2,"name":"Visitas guiadas"}]},{"@type":"WebSite","@id":"https:\/\/walkingranada.com\/#website","url":"https:\/\/walkingranada.com\/","name":"Walk in Granada","description":"Turismo responsable","publisher":{"@id":"https:\/\/walkingranada.com\/#organization"},"alternateName":"Walk in Granada","potentialAction":[{"@type":"SearchAction","target":{"@type":"EntryPoint","urlTemplate":"https:\/\/walkingranada.com\/?s={search_term_string}"},"query-input":{"@type":"PropertyValueSpecification","valueRequired":true,"valueName":"search_term_string"}}],"inLanguage":"fr-FR"},{"@type":"Organization","@id":"https:\/\/walkingranada.com\/#organization","name":"Walk In Granada","alternateName":"Walk In Granada","url":"https:\/\/walkingranada.com\/","logo":{"@type":"ImageObject","inLanguage":"fr-FR","@id":"https:\/\/walkingranada.com\/#\/schema\/logo\/image\/","url":"https:\/\/walkingranada.com\/wp-content\/uploads\/2022\/12\/Logo-Walking.webp","contentUrl":"https:\/\/walkingranada.com\/wp-content\/uploads\/2022\/12\/Logo-Walking.webp","width":512,"height":512,"caption":"Walk In Granada"},"image":{"@id":"https:\/\/walkingranada.com\/#\/schema\/logo\/image\/"},"sameAs":["https:\/\/es-es.facebook.com\/walkingranadatour\/","https:\/\/x.com\/walkingranada","https:\/\/www.instagram.com\/walkingranada\/"]}]}},"_links":{"self":[{"href":"https:\/\/walkingranada.com\/fr\/wp-json\/wp\/v2\/pages\/94","targetHints":{"allow":["GET"]}}],"collection":[{"href":"https:\/\/walkingranada.com\/fr\/wp-json\/wp\/v2\/pages"}],"about":[{"href":"https:\/\/walkingranada.com\/fr\/wp-json\/wp\/v2\/types\/page"}],"author":[{"embeddable":true,"href":"https:\/\/walkingranada.com\/fr\/wp-json\/wp\/v2\/users\/2"}],"replies":[{"embeddable":true,"href":"https:\/\/walkingranada.com\/fr\/wp-json\/wp\/v2\/comments?post=94"}],"version-history":[{"count":4,"href":"https:\/\/walkingranada.com\/fr\/wp-json\/wp\/v2\/pages\/94\/revisions"}],"predecessor-version":[{"id":6149,"href":"https:\/\/walkingranada.com\/fr\/wp-json\/wp\/v2\/pages\/94\/revisions\/6149"}],"wp:attachment":[{"href":"https:\/\/walkingranada.com\/fr\/wp-json\/wp\/v2\/media?parent=94"}],"curies":[{"name":"wp","href":"https:\/\/api.w.org\/{rel}","templated":true}]}}