{"id":88,"date":"2022-10-10T10:30:51","date_gmt":"2022-10-10T10:30:51","guid":{"rendered":"https:\/\/factum-omibu.es\/walkin\/?page_id=88"},"modified":"2025-05-26T14:21:03","modified_gmt":"2025-05-26T14:21:03","slug":"alhambra","status":"publish","type":"page","link":"https:\/\/walkingranada.com\/fr\/alhambra\/","title":{"rendered":"Alhambra"},"content":{"rendered":"<h1>\n\t\t\tTours de l'Alhambra\t<\/h1>\n<h2>\n\t\t\tALHAMBRA\t<\/h2>\n\t<p>La Alhambra, o la Roja (al-\u1e24amr\u0101), es el \u00fanico palacio medieval musulm\u00e1n que ha llegado pr\u00e1cticamente entero a nuestra \u00e9poca, y ello debido, en gran parte, al cari\u00f1o con que los gobernantes posteriores pusieron en ella. Al-Ahmar, fundador de la Dinast\u00eda nazar\u00ed, en un principio instalado en la Alcazaba Qadima &#8211; Albaic\u00edn en 1238, es quien decide iniciar la reconstrucci\u00f3n de las antiguas ruinas de la colina de la Alhambra comenzando as\u00ed la edificaci\u00f3n de la Alhambra que conocemos ahora.<\/p>\n<p>Ce monument, visit\u00e9 par des millions de personnes chaque ann\u00e9e, est compos\u00e9 d\u2019un ensemble de palais, de jardins et de forteresses que vous ne pouvez ni ne devriez manquer durant votre visite \u00e0 Grenade.<\/p>\n\t\t\t<a href=\"https:\/\/walkingranada.com\/fr\/comment-rejoindre-a-la-alhambra\/\" target=\"_self\">\n\t\t\t\t\t\t\tComment s'y rendre ? &gt;\n\t\t\t\t\t<\/a>\n\t <section id=\"servicios\">\n            <img decoding=\"async\" loading=\"lazy\" src=\"https:\/\/walkingranada.com\/wp-content\/uploads\/2023\/01\/Jardines-card-walkin.webp\" alt=\"Visite priv\u00e9e de l\u2019Alhambra\"\/>\n                <h3>Alhambra &amp; Geeralife Visite Priv\u00e9e<\/h3>\n                <hr \/>\n                <p>Si vous voulez visiter l\u2019Alhambra avec un guide d\u00e9di\u00e9 seulement \u00e0 vous et votre famille\/vos amis<\/p>\n                <hr \/>\n                    <p> Tous les jours<\/p>\n                    <p> Heures du site<\/p>\n                    <p> 3h<\/p>\n                    \u00c0 partir de\n                    <p>40\u20ac<\/p>\/pax\n            <a href=\"https:\/\/walkingranada.com\/fr\/alhambra\/visite-privee\/\">R\u00e9server &gt;<\/a>\n            <img decoding=\"async\" loading=\"lazy\" src=\"https:\/\/walkingranada.com\/wp-content\/uploads\/2023\/05\/visita-guiada-alhambra-en-grupo-premium-e1683625511498.jpg.webp\" alt=\"Visita guiada premium de la Alhambra en grupo\"\/>\n                <h3>Alhambra et Generalife en groupe premium<\/h3>\n                <hr \/>\n                <p>Visitez l'Alhambra avec un groupe limit\u00e9 jusqu'\u00e0 14 personnes et plongez-vous dans l'histoire.<\/p>\n                <hr \/>\n                    <p> Tous les jours<\/p>\n                    <p> Heures du site<\/p>\n                    <p> 3h<\/p>\n                    \u00c0 partir de\n                    <p>64\u20ac<\/p>\/pax\n            <a href=\"https:\/\/walkingranada.com\/fr\/alhambra\/premium-visite-guidee-en-groupe\/\">R\u00e9server &gt;<\/a>\n            <img decoding=\"async\" loading=\"lazy\" src=\"https:\/\/walkingranada.com\/wp-content\/uploads\/2023\/01\/Alhambra-card-walkin.webp\" alt=\"Visite guid\u00e9e avec entr\u00e9e \u00e0 l\u2019Alhambra et Generalife\"\/>\n                <h3>Alhambra et Generalife en petit groupe<\/h3>\n                <hr \/>\n                <p> Entrez dans la ville palatine de l'Alhambra et ses jardins impressionnants.<\/p>\n                <hr \/>\n                    <p> Tous les jours<\/p>\n                    <p> Heures du site<\/p>\n                    <p> 3h<\/p>\n                    \u00c0 partir de\n                    <p>49\u20ac<\/p>\/pax\n            <a href=\"https:\/\/walkingranada.com\/fr\/alhambra\/visite-guidee-avec-entree-alhambra\/\">R\u00e9server &gt;<\/a>\n    <\/section>\n\t<p>Nos revues de<\/p>\n\t\t\t\t<img decoding=\"async\" src=\"https:\/\/walkingranada.com\/wp-content\/uploads\/2023\/01\/google-g-logo.webp\" alt=\"google-g-logo\" itemprop=\"image\" height=\"151\" width=\"151\" title=\"google-g-logo\" onerror=\"this.style.display='none'\" loading='lazy' \/>\n\t<pre class=\"ti-widget\"><template id=\"trustindex-google-widget-html\"><div class=\"ti-widget  ti-goog ti-review-text-mode-readmore ti-text-align-left\" data-no-translation=\"true\" data-time-locale=\"hace %d %s|hoy|d\u00eda|d\u00edas|semana|semanas|mes|meses|a\u00f1o|a\u00f1os\" data-plugin-version=\"13.2.9\" data-layout-id=\"27\" data-layout-category=\"button\" data-set-id=\"light-minimal\" data-pid=\"\" data-language=\"es\" data-close-locale=\"Cerca\" data-css-version=\"2\" data-size=\"1\"> <div class=\"ti-widget-container\"> <a href=\"https:\/\/admin.trustindex.io\/api\/googleReview?place-id=ChIJwRpCRcD8cQ0RP1zvUxLzG9I\" role=\"button\" target=\"_blank\" rel=\"noopener nofollow\" class=\"ti-header ti-header-grid source-Google\"> <div class=\"ti-fade-container\"> <div class=\"ti-mob-row\"> <span class=\"nowrap\"><strong>EXCELENTE<\/strong><\/span> <span class=\"ti-stars\"><trustindex-image class=\"ti-star\" data-imgurl=\"https:\/\/cdn.trustindex.io\/assets\/platform\/Google\/star\/f.svg\" alt=\"Google star 1\" width=\"17\" height=\"17\" loading=\"lazy\"><\/trustindex-image><trustindex-image class=\"ti-star\" data-imgurl=\"https:\/\/cdn.trustindex.io\/assets\/platform\/Google\/star\/f.svg\" alt=\"Google star 2\" width=\"17\" height=\"17\" loading=\"lazy\"><\/trustindex-image><trustindex-image class=\"ti-star\" data-imgurl=\"https:\/\/cdn.trustindex.io\/assets\/platform\/Google\/star\/f.svg\" alt=\"Google star 3\" width=\"17\" height=\"17\" loading=\"lazy\"><\/trustindex-image><trustindex-image class=\"ti-star\" data-imgurl=\"https:\/\/cdn.trustindex.io\/assets\/platform\/Google\/star\/f.svg\" alt=\"Google star 4\" width=\"17\" height=\"17\" loading=\"lazy\"><\/trustindex-image><trustindex-image class=\"ti-star\" data-imgurl=\"https:\/\/cdn.trustindex.io\/assets\/platform\/Google\/star\/f.svg\" alt=\"Google star 5\" width=\"17\" height=\"17\" loading=\"lazy\"><\/trustindex-image><\/span> <\/div> <div class=\"ti-mob-row\"> <span class=\"nowrap\"><strong>5305 rese\u00f1as<\/strong><\/span><div class=\"ti-small-logo\"><trustindex-image data-imgurl=\"https:\/\/walkingranada.com\/wp-content\/plugins\/wp-reviews-plugin-for-google\/static\/img\/platform\/logo.svg?ver=do-not-care-13.2.9\" alt=\"Google\" width=\"150\" height=\"25\" loading=\"lazy\"><\/trustindex-image><\/div> <\/div> <\/div> <\/a> <\/div> <\/div> <\/template><\/pre><div data-src=\"https:\/\/cdn.trustindex.io\/loader.js?wp-widget\" data-template-id=\"trustindex-google-widget-html\" data-css-url=\"https:\/\/walkingranada.com\/wp-content\/uploads\/trustindex-google-widget.css?1776183020\"><\/div>\n\t\t\t\t<a href=\"https:\/\/www.tripadvisor.es\/Attraction_Review-g187441-d7896128-Reviews-Walk_In_Granada-Granada_Province_of_Granada_Andalucia.html\"  target=\"_blank\" rel=\"noopener\"  itemprop=\"url\">\n\t\t\t\t<img decoding=\"async\" src=\"https:\/\/walkingranada.com\/wp-content\/uploads\/2025\/01\/tchotel_2024_LL.png\" alt=\"Tripadvisor Travellers&#039; Choice Awards 2024\" itemprop=\"image\" height=\"220\" width=\"200\" onerror=\"this.style.display='none'\" loading='lazy' \/>\n\t\t\t\t<\/a>\n\t\t\t\t<img decoding=\"async\" loading=\"lazy\" src=\"https:\/\/walkingranada.com\/wp-content\/uploads\/bb-plugin\/cache\/sonia-c-1-square.png\" alt=\"sonia\" title=\"sonia-c 1\" itemprop=\"image\"\/>\n\t\t\t\t\t\t\t<p>Excellente exp\u00e9rience<br \/>TripadvisorGranada esencial, Albaic\u00edn y Sacromonte, 2 tours en los cuales hemos coincidido con Alain. La ruta es una maravilla y Alain es un gu\u00eda de los que te hace reflexionar, de los que cuenta la historia de una forma muy amena&#8230;Una maravilla.<br \/>Nous avons \u00e9galement r\u00e9serv\u00e9 une visite de l'Alhambra, dans ce cas nous avons \u00e9t\u00e9 guid\u00e9s par Edu, qui est tr\u00e8s bien inform\u00e9 sur l'histoire et l'am\u00e9nagement paysager. Les 3 visites que nous avons faites avec Walk in Granada sont 100% recommandables.<\/p>\t\t\t\t\t\t\n\t\t\t\t\t\t\t\tSonia C\n\t\t\t\t\t\t\tFilled starFilled starFilled starFilled starFilled star\n\t\t\t\t<img decoding=\"async\" loading=\"lazy\" src=\"https:\/\/walkingranada.com\/wp-content\/uploads\/bb-plugin\/cache\/Grupo-1-square.png\" alt=\"Grupo 1\" title=\"Grupo 1\" itemprop=\"image\"\/>\n\t\t\t\t\t\t\t<p>Une merveilleuse promenade \u00e0 travers l'histoire de Grenade.<br \/>TripadvisorLa Fonda y la Alcaicer\u00eda (Zacat\u00edn). Una entretenida y did\u00e1ctica clase de la historia de las cuatro culturas de Granada. Se nos ha hecho muy corta.<\/p>\t\t\t\t\t\t\n\t\t\t\t\t\t\t\t Beletxe\n\t\t\t\t\t\t\tFilled starFilled starFilled starFilled starFilled star\n\t\t\t\t<img decoding=\"async\" loading=\"lazy\" src=\"https:\/\/walkingranada.com\/wp-content\/uploads\/bb-plugin\/cache\/Grupo-2-square.png\" alt=\"Grupo 2\" title=\"Grupo 2\" itemprop=\"image\"\/>\n\t\t\t\t\t\t\tGranada est unique<br \/>\nTripadvisor\n<p>Granada est une ville unique et si vous avez la chance d'avoir une personne comme Eduardo pour vous l'expliquer, la ville devient encore plus attrayante. Visite tr\u00e8s, tr\u00e8s divertissante et historiquement pr\u00e9cise.<\/p>\n\t\t\t\t\t\t\t\tAna C\n\t\t\t\t\t\t\tFilled starFilled starFilled starFilled starFilled star\n\t<h3>\n\t\t\tTambi\u00e9n puedes reservar nuestros otros servicios&#8230;\t<\/h3>\n\t<a href=\"https:\/\/walkingranada.com\/fr\/que-faire-a-granada\/flamenco\/\" target=\"_self\"><\/a>\t\t\t<img decoding=\"async\" loading=\"lazy\" alt=\"bailaora flamenca\" src=\"https:\/\/walkingranada.com\/wp-content\/uploads\/2022\/10\/Rectangle-42.png\"\/>\n\t\t<h3>Flamenco<\/h3>\n\t<a href=\"https:\/\/walkingranada.com\/fr\/que-faire-a-granada\/hammam-al-andalus\/\" target=\"_self\"><\/a>\t\t\t<img decoding=\"async\" loading=\"lazy\" alt=\"ba\u00f1os \u00e1rabes\" src=\"https:\/\/walkingranada.com\/wp-content\/uploads\/2022\/10\/Rectangle-43.png\"\/>\n\t\t<h3>Hammam <br \/>Al-\u00e1ndalus<\/h3>\n\t<a href=\"https:\/\/walkingranada.com\/fr\/que-faire-a-granada\/excursions\/\" target=\"_self\"><\/a>\t\t\t<img decoding=\"async\" loading=\"lazy\" alt=\"mezquita de c\u00f3rdoba\" src=\"https:\/\/walkingranada.com\/wp-content\/uploads\/2022\/10\/Rectangle-45.png\"\/>\n\t\t<h3>excursions <br \/>d\u2019une journ\u00e9e<\/h3>\n\t<a href=\"https:\/\/walkingranada.com\/fr\/que-faire-a-granada\/route-olfactif\/\" target=\"_self\"><\/a>\t\t\t<img decoding=\"async\" loading=\"lazy\" alt=\"imagen de una chica joven\" src=\"https:\/\/walkingranada.com\/wp-content\/uploads\/2022\/10\/Rectangle-38.png\"\/>\n\t\t<h3>Route olfactif<\/h3>","protected":false},"excerpt":{"rendered":"<p>VISITAS A LA Alhambra ALHAMBRA La Alhambra, o la Roja (al-\u1e24amr\u0101), es el \u00fanico palacio medieval musulm\u00e1n que ha llegado pr\u00e1cticamente entero a nuestra \u00e9poca, y ello debido, en gran parte, al cari\u00f1o con que los gobernantes posteriores pusieron en ella. Al-Ahmar, fundador de la Dinast\u00eda nazar\u00ed, en un principio instalado en la Alcazaba Qadima &#8230; <a title=\"Alhambra\" class=\"read-more\" href=\"https:\/\/walkingranada.com\/fr\/alhambra\/\" aria-label=\"En savoir plus sur Alhambra\">Lire la suite<\/a><\/p>","protected":false},"author":2,"featured_media":0,"parent":0,"menu_order":0,"comment_status":"closed","ping_status":"closed","template":"","meta":{"footnotes":""},"class_list":["post-88","page","type-page","status-publish"],"yoast_head":"<!-- This site is optimized with the Yoast SEO plugin v27.4 - https:\/\/yoast.com\/product\/yoast-seo-wordpress\/ -->\n<title>Visitas Guiadas a la Alhambra | Walk In Granada<\/title>\n<meta name=\"description\" content=\"\u00bfQuieres visitar la Alhambra de Granada? Descubre una de las maravillas del mundo de la mano de nuestros gu\u00edas. \u2705 \u00a1Reserva tu visita ahora!\" \/>\n<meta name=\"robots\" content=\"index, follow, max-snippet:-1, max-image-preview:large, max-video-preview:-1\" \/>\n<link rel=\"canonical\" href=\"https:\/\/walkingranada.com\/fr\/alhambra\/\" \/>\n<meta property=\"og:locale\" content=\"fr_FR\" \/>\n<meta property=\"og:type\" content=\"article\" \/>\n<meta property=\"og:title\" content=\"Visitas Guiadas a la Alhambra | Walk In Granada\" \/>\n<meta property=\"og:description\" content=\"\u00bfQuieres visitar la Alhambra de Granada? Descubre una de las maravillas del mundo de la mano de nuestros gu\u00edas. \u2705 \u00a1Reserva tu visita ahora!\" \/>\n<meta property=\"og:url\" content=\"https:\/\/walkingranada.com\/fr\/alhambra\/\" \/>\n<meta property=\"og:site_name\" content=\"Walk in Granada\" \/>\n<meta property=\"article:publisher\" content=\"https:\/\/es-es.facebook.com\/walkingranadatour\/\" \/>\n<meta property=\"article:modified_time\" content=\"2025-05-26T14:21:03+00:00\" \/>\n<meta property=\"og:image\" content=\"https:\/\/walkingranada.com\/wp-content\/uploads\/2023\/01\/alhambra_palacio-1.webp\" \/>\n\t<meta property=\"og:image:width\" content=\"711\" \/>\n\t<meta property=\"og:image:height\" content=\"627\" \/>\n\t<meta property=\"og:image:type\" content=\"image\/webp\" \/>\n<meta name=\"twitter:card\" content=\"summary_large_image\" \/>\n<meta name=\"twitter:image\" content=\"https:\/\/walkingranada.com\/wp-content\/uploads\/2023\/01\/alhambra_palacio-1.webp\" \/>\n<meta name=\"twitter:site\" content=\"@walkingranada\" \/>\n<meta name=\"twitter:label1\" content=\"Dur\u00e9e de lecture estim\u00e9e\" \/>\n\t<meta name=\"twitter:data1\" content=\"5 minutes\" \/>\n<script type=\"application\/ld+json\" class=\"yoast-schema-graph\">{\"@context\":\"https:\\\/\\\/schema.org\",\"@graph\":[{\"@type\":\"WebPage\",\"@id\":\"https:\\\/\\\/walkingranada.com\\\/alhambra\\\/\",\"url\":\"https:\\\/\\\/walkingranada.com\\\/alhambra\\\/\",\"name\":\"Visitas Guiadas a la Alhambra | Walk In Granada\",\"isPartOf\":{\"@id\":\"https:\\\/\\\/walkingranada.com\\\/#website\"},\"primaryImageOfPage\":{\"@id\":\"https:\\\/\\\/walkingranada.com\\\/alhambra\\\/#primaryimage\"},\"image\":{\"@id\":\"https:\\\/\\\/walkingranada.com\\\/alhambra\\\/#primaryimage\"},\"thumbnailUrl\":\"https:\\\/\\\/walkingranada.com\\\/wp-content\\\/uploads\\\/2023\\\/01\\\/Jardines-card-walkin.webp\",\"datePublished\":\"2022-10-10T10:30:51+00:00\",\"dateModified\":\"2025-05-26T14:21:03+00:00\",\"description\":\"\u00bfQuieres visitar la Alhambra de Granada? Descubre una de las maravillas del mundo de la mano de nuestros gu\u00edas. \u2705 \u00a1Reserva tu visita ahora!\",\"breadcrumb\":{\"@id\":\"https:\\\/\\\/walkingranada.com\\\/alhambra\\\/#breadcrumb\"},\"inLanguage\":\"fr-FR\",\"potentialAction\":[{\"@type\":\"ReadAction\",\"target\":[\"https:\\\/\\\/walkingranada.com\\\/alhambra\\\/\"]}]},{\"@type\":\"ImageObject\",\"inLanguage\":\"fr-FR\",\"@id\":\"https:\\\/\\\/walkingranada.com\\\/alhambra\\\/#primaryimage\",\"url\":\"https:\\\/\\\/walkingranada.com\\\/wp-content\\\/uploads\\\/2023\\\/01\\\/Jardines-card-walkin.webp\",\"contentUrl\":\"https:\\\/\\\/walkingranada.com\\\/wp-content\\\/uploads\\\/2023\\\/01\\\/Jardines-card-walkin.webp\"},{\"@type\":\"BreadcrumbList\",\"@id\":\"https:\\\/\\\/walkingranada.com\\\/alhambra\\\/#breadcrumb\",\"itemListElement\":[{\"@type\":\"ListItem\",\"position\":1,\"name\":\"Portada\",\"item\":\"https:\\\/\\\/walkingranada.com\\\/\"},{\"@type\":\"ListItem\",\"position\":2,\"name\":\"Alhambra\"}]},{\"@type\":\"WebSite\",\"@id\":\"https:\\\/\\\/walkingranada.com\\\/#website\",\"url\":\"https:\\\/\\\/walkingranada.com\\\/\",\"name\":\"Walk in Granada\",\"description\":\"Turismo responsable\",\"publisher\":{\"@id\":\"https:\\\/\\\/walkingranada.com\\\/#organization\"},\"alternateName\":\"Walk in Granada\",\"potentialAction\":[{\"@type\":\"SearchAction\",\"target\":{\"@type\":\"EntryPoint\",\"urlTemplate\":\"https:\\\/\\\/walkingranada.com\\\/?s={search_term_string}\"},\"query-input\":{\"@type\":\"PropertyValueSpecification\",\"valueRequired\":true,\"valueName\":\"search_term_string\"}}],\"inLanguage\":\"fr-FR\"},{\"@type\":\"Organization\",\"@id\":\"https:\\\/\\\/walkingranada.com\\\/#organization\",\"name\":\"Walk In Granada\",\"alternateName\":\"Walk In Granada\",\"url\":\"https:\\\/\\\/walkingranada.com\\\/\",\"logo\":{\"@type\":\"ImageObject\",\"inLanguage\":\"fr-FR\",\"@id\":\"https:\\\/\\\/walkingranada.com\\\/#\\\/schema\\\/logo\\\/image\\\/\",\"url\":\"https:\\\/\\\/walkingranada.com\\\/wp-content\\\/uploads\\\/2022\\\/12\\\/Logo-Walking.webp\",\"contentUrl\":\"https:\\\/\\\/walkingranada.com\\\/wp-content\\\/uploads\\\/2022\\\/12\\\/Logo-Walking.webp\",\"width\":512,\"height\":512,\"caption\":\"Walk In Granada\"},\"image\":{\"@id\":\"https:\\\/\\\/walkingranada.com\\\/#\\\/schema\\\/logo\\\/image\\\/\"},\"sameAs\":[\"https:\\\/\\\/es-es.facebook.com\\\/walkingranadatour\\\/\",\"https:\\\/\\\/x.com\\\/walkingranada\",\"https:\\\/\\\/www.instagram.com\\\/walkingranada\\\/\"]}]}<\/script>\n<!-- \/ Yoast SEO plugin. -->","yoast_head_json":{"title":"Visites guid\u00e9es de l'Alhambra - Walk in Granada","description":"Voulez-vous visiter l'Alhambra de Grenade? D\u00e9couvrez l'une des merveilles du monde avec l'aide de nos guides. R\u00e9servez votre visite maintenant!","robots":{"index":"index","follow":"follow","max-snippet":"max-snippet:-1","max-image-preview":"max-image-preview:large","max-video-preview":"max-video-preview:-1"},"canonical":"https:\/\/walkingranada.com\/fr\/alhambra\/","og_locale":"fr_FR","og_type":"article","og_title":"Visitas Guiadas a la Alhambra | Walk In Granada","og_description":"\u00bfQuieres visitar la Alhambra de Granada? Descubre una de las maravillas del mundo de la mano de nuestros gu\u00edas. \u2705 \u00a1Reserva tu visita ahora!","og_url":"https:\/\/walkingranada.com\/fr\/alhambra\/","og_site_name":"Walk in Granada","article_publisher":"https:\/\/es-es.facebook.com\/walkingranadatour\/","article_modified_time":"2025-05-26T14:21:03+00:00","og_image":[{"width":711,"height":627,"url":"https:\/\/walkingranada.com\/wp-content\/uploads\/2023\/01\/alhambra_palacio-1.webp","type":"image\/webp"}],"twitter_card":"summary_large_image","twitter_image":"https:\/\/walkingranada.com\/wp-content\/uploads\/2023\/01\/alhambra_palacio-1.webp","twitter_site":"@walkingranada","twitter_misc":{"Dur\u00e9e de lecture estim\u00e9e":"5 minutes"},"schema":{"@context":"https:\/\/schema.org","@graph":[{"@type":"WebPage","@id":"https:\/\/walkingranada.com\/alhambra\/","url":"https:\/\/walkingranada.com\/alhambra\/","name":"Visites guid\u00e9es de l'Alhambra - Walk in Granada","isPartOf":{"@id":"https:\/\/walkingranada.com\/#website"},"primaryImageOfPage":{"@id":"https:\/\/walkingranada.com\/alhambra\/#primaryimage"},"image":{"@id":"https:\/\/walkingranada.com\/alhambra\/#primaryimage"},"thumbnailUrl":"https:\/\/walkingranada.com\/wp-content\/uploads\/2023\/01\/Jardines-card-walkin.webp","datePublished":"2022-10-10T10:30:51+00:00","dateModified":"2025-05-26T14:21:03+00:00","description":"Voulez-vous visiter l'Alhambra de Grenade? D\u00e9couvrez l'une des merveilles du monde avec l'aide de nos guides. R\u00e9servez votre visite maintenant!","breadcrumb":{"@id":"https:\/\/walkingranada.com\/alhambra\/#breadcrumb"},"inLanguage":"fr-FR","potentialAction":[{"@type":"ReadAction","target":["https:\/\/walkingranada.com\/alhambra\/"]}]},{"@type":"ImageObject","inLanguage":"fr-FR","@id":"https:\/\/walkingranada.com\/alhambra\/#primaryimage","url":"https:\/\/walkingranada.com\/wp-content\/uploads\/2023\/01\/Jardines-card-walkin.webp","contentUrl":"https:\/\/walkingranada.com\/wp-content\/uploads\/2023\/01\/Jardines-card-walkin.webp"},{"@type":"BreadcrumbList","@id":"https:\/\/walkingranada.com\/alhambra\/#breadcrumb","itemListElement":[{"@type":"ListItem","position":1,"name":"Portada","item":"https:\/\/walkingranada.com\/"},{"@type":"ListItem","position":2,"name":"Alhambra"}]},{"@type":"WebSite","@id":"https:\/\/walkingranada.com\/#website","url":"https:\/\/walkingranada.com\/","name":"Walk in Granada","description":"Turismo responsable","publisher":{"@id":"https:\/\/walkingranada.com\/#organization"},"alternateName":"Walk in Granada","potentialAction":[{"@type":"SearchAction","target":{"@type":"EntryPoint","urlTemplate":"https:\/\/walkingranada.com\/?s={search_term_string}"},"query-input":{"@type":"PropertyValueSpecification","valueRequired":true,"valueName":"search_term_string"}}],"inLanguage":"fr-FR"},{"@type":"Organization","@id":"https:\/\/walkingranada.com\/#organization","name":"Walk In Granada","alternateName":"Walk In Granada","url":"https:\/\/walkingranada.com\/","logo":{"@type":"ImageObject","inLanguage":"fr-FR","@id":"https:\/\/walkingranada.com\/#\/schema\/logo\/image\/","url":"https:\/\/walkingranada.com\/wp-content\/uploads\/2022\/12\/Logo-Walking.webp","contentUrl":"https:\/\/walkingranada.com\/wp-content\/uploads\/2022\/12\/Logo-Walking.webp","width":512,"height":512,"caption":"Walk In Granada"},"image":{"@id":"https:\/\/walkingranada.com\/#\/schema\/logo\/image\/"},"sameAs":["https:\/\/es-es.facebook.com\/walkingranadatour\/","https:\/\/x.com\/walkingranada","https:\/\/www.instagram.com\/walkingranada\/"]}]}},"_links":{"self":[{"href":"https:\/\/walkingranada.com\/fr\/wp-json\/wp\/v2\/pages\/88","targetHints":{"allow":["GET"]}}],"collection":[{"href":"https:\/\/walkingranada.com\/fr\/wp-json\/wp\/v2\/pages"}],"about":[{"href":"https:\/\/walkingranada.com\/fr\/wp-json\/wp\/v2\/types\/page"}],"author":[{"embeddable":true,"href":"https:\/\/walkingranada.com\/fr\/wp-json\/wp\/v2\/users\/2"}],"replies":[{"embeddable":true,"href":"https:\/\/walkingranada.com\/fr\/wp-json\/wp\/v2\/comments?post=88"}],"version-history":[{"count":8,"href":"https:\/\/walkingranada.com\/fr\/wp-json\/wp\/v2\/pages\/88\/revisions"}],"predecessor-version":[{"id":6968,"href":"https:\/\/walkingranada.com\/fr\/wp-json\/wp\/v2\/pages\/88\/revisions\/6968"}],"wp:attachment":[{"href":"https:\/\/walkingranada.com\/fr\/wp-json\/wp\/v2\/media?parent=88"}],"curies":[{"name":"wp","href":"https:\/\/api.w.org\/{rel}","templated":true}]}}