{"id":665,"date":"2022-12-14T08:22:39","date_gmt":"2022-12-14T08:22:39","guid":{"rendered":"https:\/\/factum-omibu.es\/walkin\/?page_id=665"},"modified":"2023-05-22T06:51:36","modified_gmt":"2023-05-22T06:51:36","slug":"itineraire-gastronomique-prive","status":"publish","type":"page","link":"https:\/\/walkingranada.com\/fr\/que-hacer-en-granada\/rutas-gastronomicas\/ruta-gastronomica-privada\/","title":{"rendered":"Parcour gastronomique priv\u00e9"},"content":{"rendered":"<p>Parcours gastronomiques &gt; Priv\u00e9<\/p>\r\n\n<div class=\"wpcf7 no-js\" id=\"wpcf7-f737-o1\" lang=\"es-ES\" dir=\"ltr\" data-wpcf7-id=\"737\">\n<div class=\"screen-reader-response\"><p role=\"status\" aria-live=\"polite\" aria-atomic=\"true\"><\/p> <ul><\/ul><\/div>\n<form action=\"\/fr\/wp-json\/wp\/v2\/pages\/665#wpcf7-f737-o1\" method=\"post\" class=\"wpcf7-form init\" aria-label=\"Formulario de contacto\" novalidate=\"novalidate\" data-status=\"init\" data-trp-original-action=\"\/fr\/wp-json\/wp\/v2\/pages\/665#wpcf7-f737-o1\">\n<fieldset class=\"hidden-fields-container\"><input type=\"hidden\" name=\"_wpcf7\" value=\"737\" \/><input type=\"hidden\" name=\"_wpcf7_version\" value=\"6.1.5\" \/><input type=\"hidden\" name=\"_wpcf7_locale\" value=\"es_ES\" \/><input type=\"hidden\" name=\"_wpcf7_unit_tag\" value=\"wpcf7-f737-o1\" \/><input type=\"hidden\" name=\"_wpcf7_container_post\" value=\"0\" \/><input type=\"hidden\" name=\"_wpcf7_posted_data_hash\" value=\"\" \/>\n<\/fieldset>\n<div class=\"wpcf7-turnstile cf-turnstile\" data-sitekey=\"0x4AAAAAABDgXyo_srqgI3Rz\" data-response-field-name=\"_wpcf7_turnstile_response\"><\/div>\n\n<p><span class=\"wpcf7-form-control-wrap\" data-name=\"nombre\"><input size=\"40\" maxlength=\"400\" class=\"wpcf7-form-control wpcf7-text wpcf7-validates-as-required\" aria-required=\"true\" aria-invalid=\"false\" placeholder=\"Nom*\" value=\"\" type=\"text\" name=\"nombre\" \/><\/span>\n<\/p>\n<p><span class=\"wpcf7-form-control-wrap\" data-name=\"email\"><input size=\"40\" maxlength=\"400\" class=\"wpcf7-form-control wpcf7-email wpcf7-validates-as-required wpcf7-text wpcf7-validates-as-email\" aria-required=\"true\" aria-invalid=\"false\" placeholder=\"Courrier \u00e9lectronique*\" value=\"\" type=\"email\" name=\"email\" \/><\/span>\n<\/p>\n<p><span class=\"wpcf7-form-control-wrap\" data-name=\"telefono\"><input size=\"40\" maxlength=\"400\" class=\"wpcf7-form-control wpcf7-text wpcf7-validates-as-required\" aria-required=\"true\" aria-invalid=\"false\" placeholder=\"T\u00e9l\u00e9phone*\" value=\"\" type=\"text\" name=\"telefono\" \/><\/span>\n<\/p>\n<p><span class=\"wpcf7-form-control-wrap\" data-name=\"alojamiento\"><input size=\"40\" maxlength=\"400\" class=\"wpcf7-form-control wpcf7-text\" aria-invalid=\"false\" placeholder=\"O\u00f9 logez-vous ?\" value=\"\" type=\"text\" name=\"alojamiento\" \/><\/span>\n<\/p>\n<p><span class=\"wpcf7-form-control-wrap\" data-name=\"mensaje\"><textarea cols=\"40\" rows=\"10\" maxlength=\"2000\" class=\"wpcf7-form-control wpcf7-textarea\" aria-invalid=\"false\" placeholder=\"Commentaire:\" name=\"mensaje\"><\/textarea><\/span>\n<\/p>\n<p><label>Comment nous avez-vous rencontr\u00e9?<br \/>\n<span class=\"wpcf7-form-control-wrap\" data-name=\"conociste\"><select class=\"wpcf7-form-control wpcf7-select wpcf7-validates-as-required\" aria-required=\"true\" aria-invalid=\"false\" name=\"conociste\"><option value=\"\">&#8212;Por favor, elige una opci\u00f3n&#8212;<\/option><option value=\"Boca a boca\">Bouche \u00e0 oreille<\/option><option value=\"B\u00fasqueda online\">Recherches en ligne<\/option><option value=\"Facebook\/Twitter\/Socialmedia\">Facebook\/Twitter\/Socialmedia<\/option><option value=\"Oficina de turismo\">L'office de tourisme<\/option><option value=\"Tripadvisor\">Tripadvisor<\/option><option value=\"Alojamiento\">H\u00e9bergement<\/option><option value=\"Otro\">Un autre<\/option><\/select><\/span> <\/label>\n<\/p>\n<p><span class=\"wpcf7-form-control-wrap\" data-name=\"acceptance-994\"><span class=\"wpcf7-form-control wpcf7-acceptance\"><span class=\"wpcf7-list-item\"><label><input type=\"checkbox\" name=\"acceptance-994\" value=\"1\" aria-invalid=\"false\" \/><span class=\"wpcf7-list-item-label\">J'ai lu et j'accepte la <a class=\"red\" href=\"https:\/\/walkingranada.com\/fr\/politique-de-confidentialite\/\" target=\"_blank\">Politique de confidentialit\u00e9<\/a><\/span><\/label><\/span><\/span><\/span><br \/>\n<div class=\"cf7-cf-turnstile\" style=\"margin-top: 0px; margin-bottom: -15px;\"> <div id=\"cf-turnstile-cf7-3801371802\" class=\"cf-turnstile\" data-sitekey=\"0x4AAAAAABDgXyo_srqgI3Rz\" data-theme=\"light\" data-language=\"auto\" data-size=\"normal\" data-retry=\"auto\" data-retry-interval=\"1000\" data-refresh-expired=\"auto\" data-refresh-timeout=\"auto\" data-action=\"contact-form-7\" data-callback=\"turnstileCF7Callback\" data-appearance=\"always\"><\/div> <script>document.addEventListener(\"DOMContentLoaded\", function() { setTimeout(function(){ var e=document.getElementById(\"cf-turnstile-cf7-3801371802\"); if(e&&!e.innerHTML.trim()){turnstile.render(e, {sitekey:\"0x4AAAAAABDgXyo_srqgI3Rz\"});} }, 200); });<\/script> <br class=\"cf-turnstile-br cf-turnstile-br-cf7-3801371802\"> <style>#cf-turnstile-cf7-3801371802 { margin-left: -15px; }<\/style> <script>document.addEventListener(\"DOMContentLoaded\",function(){document.querySelectorAll('.wpcf7-form').forEach(function(e){e.addEventListener('submit',function(){if(document.getElementById('cf-turnstile-cf7-3801371802')){setTimeout(function(){turnstile.reset('#cf-turnstile-cf7-3801371802');},1000)}})})});<\/script> <\/div><br \/>\n<input class=\"wpcf7-form-control wpcf7-submit has-spinner\" type=\"submit\" value=\"Envoyer\" \/>\n<\/p><div class=\"wpcf7-response-output\" aria-hidden=\"true\"><\/div>\n<input type=\"hidden\" name=\"trp-form-language\" value=\"fr\"\/><\/form>\n<\/div>\n\r\n<h1>Parcour gastronomique priv\u00e9<\/h1>\r\n<p><a href=\"#encuentro\"> <img decoding=\"async\" loading=\"lazy\" src=\"https:\/\/walkingranada.com\/wp-content\/uploads\/2022\/10\/fi-rr-marker.png\" alt=\"Place Romanilla\" \/><\/a><\/p>\r\n<p>Place Romanilla <img decoding=\"async\" loading=\"lazy\" src=\"https:\/\/walkingranada.com\/wp-content\/uploads\/2022\/10\/\ud83e\udd86-icon-_Info-Circle_.png\" alt=\"informaci\u00f3n\" \/><\/p>\r\n<p><img decoding=\"async\" loading=\"lazy\" src=\"https:\/\/walkingranada.com\/wp-content\/uploads\/2022\/12\/guia-tour.png\" alt=\"En face du Centre Federico Garc\u00eda Lorca\" \/> En face du Centre Federico Garc\u00eda Lorca <img decoding=\"async\" loading=\"lazy\" src=\"https:\/\/walkingranada.com\/wp-content\/uploads\/2022\/10\/fi-rr-chat-arrow-grow.png\" alt=\"Difficult\u00e9 basse\" \/><\/p>\r\n<p>Difficult\u00e9 basse<\/p>\r\n<p><img decoding=\"async\" loading=\"lazy\" src=\"https:\/\/walkingranada.com\/wp-content\/uploads\/2022\/10\/fi-rr-map.png\" alt=\"Centre-ville\" \/><\/p>\r\n<p>Centre-ville<\/p>\r\n<p><img decoding=\"async\" loading=\"lazy\" src=\"https:\/\/walkingranada.com\/wp-content\/uploads\/2022\/12\/accesibilidad_.png\" alt=\"Accessibilit\u00e9 limit\u00e9e\" \/><\/p>\r\n<p>Accessibilit\u00e9 limit\u00e9e<\/p>\r\n<p><img decoding=\"async\" loading=\"lazy\" src=\"https:\/\/walkingranada.com\/wp-content\/uploads\/2022\/10\/fi-rr-calendar.png\" alt=\"Tous les jours\" \/><\/p>\r\n<p>Tous les jours<\/p>\r\n<p><img decoding=\"async\" loading=\"lazy\" src=\"https:\/\/walkingranada.com\/wp-content\/uploads\/2022\/10\/fi-rr-clock.png\" alt=\"Selon la disponibilit\u00e9\" \/><\/p>\r\n<p>Selon la disponibilit\u00e9<\/p>\r\n<p><img decoding=\"async\" loading=\"lazy\" src=\"https:\/\/walkingranada.com\/wp-content\/uploads\/2022\/10\/fi-rr-alarm-clock.png\" alt=\"3 heures\" \/><\/p>\r\n<p>3 heures<\/p>\r\n<p><img decoding=\"async\" loading=\"lazy\" src=\"https:\/\/walkingranada.com\/wp-content\/uploads\/2022\/10\/fi-rr-receipt.png\" alt=\"A partir de 46\u20ac\/pax\" \/><\/p>\r\n<p>A partir de 46\u20ac\/pax<\/p>\r\n<p><img decoding=\"async\" loading=\"lazy\" src=\"https:\/\/walkingranada.com\/wp-content\/uploads\/2022\/10\/fi-rr-comments.png\" alt=\"ESPAGNOL, ANGLAIS (autres langues sur demande)\" \/><\/p>\r\n<p>ESPAGNOL, ANGLAIS (autres langues sur demande)<\/p>\r\n<h2>Go\u00fatez Granada en priv\u00e9<\/h2>\r\n<p>Cette exp\u00e9rience gastronomique authentique <strong>avec un guide priv\u00e9<\/strong> vous offre l'opportunit\u00e9 de d\u00e9guster les meilleurs plats traditionnels de Grenade et de d\u00e9couvrir la ville \u00e0 travers la d\u00e9licieuse gastronomie espagnole.<\/p>\r\n<p><strong>D\u00e9couvrez Grenade comme un vrai granadino d'une mani\u00e8re exceptionnelle!<\/strong><\/p>\r\n<h2>Point de rencontre<\/h2>\r\n<p><img decoding=\"async\" loading=\"lazy\" title=\"plaza romanilla\" src=\"https:\/\/walkingranada.com\/wp-content\/uploads\/2023\/01\/plaza-romanilla.webp\" alt=\"plaza romanilla\" width=\"711\" height=\"398\" \/><\/p>\r\n<h3>Plaza de la Romanilla, frente al Centro Feder\u00edco Garc\u00eda Lorca<\/h3>\r\n<p>Avez-vous besoin d'indications pour vous y rendre ?<\/p>\r\n<p><a role=\"button\" href=\"#reserva\" target=\"_self\" rel=\"noopener\"> Reservar &gt; <\/a> <a role=\"button\" href=\"https:\/\/walkingranada.com\/fr\/comment-rejoindre-a-place-de-la-romanilla\/\" target=\"_self\" rel=\"noopener\"> \u00bfC\u00f3mo llegar? &gt; <\/a><\/p>\r\n<h2>Recommandations<\/h2>\r\n<ol>\r\n<li>En cas d'allergies alimentaires ou de r\u00e9gimes sp\u00e9ciaux, veuillez nous en informer \u00e0 l'avance.<\/li>\r\n<\/ol>\r\n<h2>Comprend<\/h2>\r\n<ol>\r\n<li>6 \u00e0 7 tapas<\/li>\r\n<li>2 \u00e0 3 boissons<\/li>\r\n<li>Dessert<\/li>\r\n<li>Les taxes sur la nourriture et les boissons<\/li>\r\n<li>Guide locale<\/li>\r\n<\/ol>\r\n<h2>Exclut<\/h2>\r\n<ol>\r\n<li>Commandes de tapas additionnels<\/li>\r\n<li>Transport<\/li>\r\n<li>Pourboires<\/li>\r\n<\/ol>\r\n<p>Avec cette visite priv\u00e9e, un guide local vous fera d\u00e9couvrir l'histoire et les secrets de Grenade, une ville consid\u00e9r\u00e9e au niveau national et international comme l'une des capitales des tapas. Vous pourrez \u00e9galement visiter certains des bars \u00e0 tapas les plus authentiques de la ville, en vous sentant comme un local et en appr\u00e9ciant l'une de nos traditions les plus c\u00e9l\u00e8bres.<\/p>\r\n<h2>Tambi\u00e9n puedes reservar nuestras otras visitas guiadas&#8230;<\/h2>\r\n<section><img decoding=\"async\" loading=\"lazy\" src=\"https:\/\/walkingranada.com\/wp-content\/uploads\/2023\/01\/Card-Albaicin-sacromonte.jpg.webp\" alt=\"Albaicin y sacromonte\" \/>\r\n<h3>Visite guid\u00e9e de l'Albaic\u00edn et du Sacromonte<\/h3>\r\n<hr \/>\r\n<p>Des rues \u00e9troites et des points de vue \u00e0 couper le souffle. D\u00e9couvrez ces deux quartiers.<\/p>\r\n<hr \/>\r\n<p>Tous les jours<\/p>\r\n<p>Demandez-nous<\/p>\r\n<p>2,5h<\/p>\r\n\u00c0 partir de\r\n<p>8\u20ac<\/p>\r\n\/pax <a href=\"https:\/\/walkingranada.com\/fr\/visites-guidees\/albaicin-et-sacromonte\/\">Reservar &gt;<\/a> <img decoding=\"async\" loading=\"lazy\" src=\"https:\/\/walkingranada.com\/wp-content\/uploads\/2023\/01\/visita-albaicin-card.webp\" alt=\"albaicin\" \/>\r\n<h3>Visite guid\u00e9e du <br \/>Albaic\u00edn<\/h3>\r\n<hr \/>\r\n<p>D\u00e9couvrez l'ancien quartier musulman de la ville de Grenade avec cette visite sp\u00e9ciale.<\/p>\r\n<hr \/>\r\n<p>Tous les jours<\/p>\r\n<p>Demandez-nous<\/p>\r\n<p>2,5h<\/p>\r\n\u00c0 partir de\r\n<p>8\u20ac<\/p>\r\n\/pax <a href=\"https:\/\/walkingranada.com\/fr\/visites-guidees\/albaicin\/\">Reservar &gt;<\/a> <img decoding=\"async\" loading=\"lazy\" src=\"https:\/\/walkingranada.com\/wp-content\/uploads\/2023\/01\/Card-Sacromonte.webp\" alt=\"Sacromonte\" \/>\r\n<h3>Visite guid\u00e9e du Sacromonte<\/h3>\r\n<hr \/>Conoce el barrio con m\u00e1s duende de Granada. \u00c9ste es un tour para amantes de la fotograf\u00eda.<hr \/>\r\n<p>Tous les jours<\/p>\r\n<p>Demandez-nous<\/p>\r\n<p>2,5h<\/p>\r\n\u00c0 partir de\r\n<p>8\u20ac<\/p>\r\n\/pax <a href=\"https:\/\/walkingranada.com\/fr\/visites-guidees\/sacromonte\/\">Reservar &gt;<\/a> <img decoding=\"async\" loading=\"lazy\" src=\"https:\/\/walkingranada.com\/wp-content\/uploads\/2023\/01\/Centro-historico-card.webp\" alt=\"Centro Historico y bajo albaicin\" \/>\r\n<h3>Visite guid\u00e9e du centre historique et du bas Albaic\u00edn<\/h3>\r\n<hr \/>\r\n<p>Plongez dans l'histoire. Au cours de ce circuit, vous visiterez les quartiers les plus centraux et les plus populaires.<\/p>\r\n<hr \/>\r\n<p>Tous les jours<\/p>\r\n<p>Demandez-nous<\/p>\r\n<p>2,5h<\/p>\r\n\u00c0 partir de\r\n<p>8\u20ac<\/p>\r\n\/pax <a href=\"https:\/\/walkingranada.com\/fr\/visites-guidees\/centre-historique-albaicin\/\">Reservar &gt;<\/a><\/section>\r\n<h2>Tambi\u00e9n puedes reservar nuestros otros servicios&#8230;<\/h2>\r\n<p><img decoding=\"async\" loading=\"lazy\" src=\"https:\/\/walkingranada.com\/wp-content\/uploads\/2022\/10\/Rectangle-42.png\" alt=\"bailaora flamenca\" \/><\/p>\r\n<h3>Flamenco<\/h3>\r\n<p><img decoding=\"async\" loading=\"lazy\" src=\"https:\/\/walkingranada.com\/wp-content\/uploads\/2022\/10\/Rectangle-43.png\" alt=\"ba\u00f1os \u00e1rabes\" \/><\/p>\r\n<h3>Hammam <br \/>Al-\u00e1ndalus<\/h3>\r\n<p><img decoding=\"async\" loading=\"lazy\" src=\"https:\/\/walkingranada.com\/wp-content\/uploads\/2022\/10\/Rectangle-45.png\" alt=\"mezquita de c\u00f3rdoba\" \/><\/p>\r\n<h3>excursions <br \/>d\u2019une journ\u00e9e<\/h3>\r\n<p><img decoding=\"async\" loading=\"lazy\" src=\"https:\/\/walkingranada.com\/wp-content\/uploads\/2022\/10\/Rectangle-38.png\" alt=\"imagen de una chica joven\" \/><\/p>\r\n<h3>Route olfactif<\/h3>","protected":false},"excerpt":{"rendered":"<p>Rutas gastron\u00f3micas &gt; Privada Ruta gastron\u00f3mica privada Plaza Romanilla Frente al Centro Federico Garc\u00eda Lorca Dificultad baja Casco Urbano Accesibilidad limitada Todos los d\u00edas Seg\u00fan disponibilidad 3 horas Desde 46\u20ac\/pax CASTELLANO, INGL\u00c9S (Otros idiomas bajo petici\u00f3n) Saborea Granada en privado Esta aut\u00e9ntica experiencia gastron\u00f3mica con un gu\u00eda privado te ofrece la oportunidad de probar la &#8230; <a title=\"Parcour gastronomique priv\u00e9\" class=\"read-more\" href=\"https:\/\/walkingranada.com\/fr\/que-hacer-en-granada\/rutas-gastronomicas\/ruta-gastronomica-privada\/\" aria-label=\"En savoir plus sur Ruta gastron\u00f3mica privada\">Lire la suite<\/a><\/p>","protected":false},"author":2,"featured_media":2393,"parent":442,"menu_order":0,"comment_status":"closed","ping_status":"closed","template":"","meta":{"footnotes":""},"class_list":["post-665","page","type-page","status-publish","has-post-thumbnail"],"yoast_head":"<!-- This site is optimized with the Yoast SEO plugin v27.4 - https:\/\/yoast.com\/product\/yoast-seo-wordpress\/ -->\n<title>Ruta gastron\u00f3mica privada - Walk in Granada<\/title>\n<meta name=\"description\" content=\"Reserva un gu\u00eda para ti y tu grupo y adentraros en la ciudad de Granada a trav\u00e9s una ruta sin igual que os permitir\u00e1 descubrir la gastronom\u00eda\" \/>\n<meta name=\"robots\" content=\"index, follow, max-snippet:-1, max-image-preview:large, max-video-preview:-1\" \/>\n<link rel=\"canonical\" href=\"https:\/\/walkingranada.com\/fr\/que-faire-a-granada\/parcours-gastronomiques\/itineraire-gastronomique-prive\/\" \/>\n<meta property=\"og:locale\" content=\"fr_FR\" \/>\n<meta property=\"og:type\" content=\"article\" \/>\n<meta property=\"og:title\" content=\"Ruta gastron\u00f3mica privada - Walk in Granada\" \/>\n<meta property=\"og:description\" content=\"Reserva un gu\u00eda para ti y tu grupo y adentraros en la ciudad de Granada a trav\u00e9s una ruta sin igual que os permitir\u00e1 descubrir la gastronom\u00eda\" \/>\n<meta property=\"og:url\" content=\"https:\/\/walkingranada.com\/fr\/que-faire-a-granada\/parcours-gastronomiques\/itineraire-gastronomique-prive\/\" \/>\n<meta property=\"og:site_name\" content=\"Walk in Granada\" \/>\n<meta property=\"article:publisher\" content=\"https:\/\/es-es.facebook.com\/walkingranadatour\/\" \/>\n<meta property=\"article:modified_time\" content=\"2023-05-22T06:51:36+00:00\" \/>\n<meta property=\"og:image\" content=\"https:\/\/walkingranada.com\/wp-content\/uploads\/2023\/01\/Tour-Gastronomico-privado.jpg.webp\" \/>\n\t<meta property=\"og:image:width\" content=\"452\" \/>\n\t<meta property=\"og:image:height\" content=\"282\" \/>\n\t<meta property=\"og:image:type\" content=\"image\/jpeg\" \/>\n<meta name=\"twitter:card\" content=\"summary_large_image\" \/>\n<meta name=\"twitter:site\" content=\"@walkingranada\" \/>\n<meta name=\"twitter:label1\" content=\"Dur\u00e9e de lecture estim\u00e9e\" \/>\n\t<meta name=\"twitter:data1\" content=\"6 minutes\" \/>\n<script type=\"application\/ld+json\" class=\"yoast-schema-graph\">{\"@context\":\"https:\\\/\\\/schema.org\",\"@graph\":[{\"@type\":\"WebPage\",\"@id\":\"https:\\\/\\\/walkingranada.com\\\/que-hacer-en-granada\\\/rutas-gastronomicas\\\/ruta-gastronomica-privada\\\/\",\"url\":\"https:\\\/\\\/walkingranada.com\\\/que-hacer-en-granada\\\/rutas-gastronomicas\\\/ruta-gastronomica-privada\\\/\",\"name\":\"Ruta gastron\u00f3mica privada - Walk in Granada\",\"isPartOf\":{\"@id\":\"https:\\\/\\\/walkingranada.com\\\/#website\"},\"primaryImageOfPage\":{\"@id\":\"https:\\\/\\\/walkingranada.com\\\/que-hacer-en-granada\\\/rutas-gastronomicas\\\/ruta-gastronomica-privada\\\/#primaryimage\"},\"image\":{\"@id\":\"https:\\\/\\\/walkingranada.com\\\/que-hacer-en-granada\\\/rutas-gastronomicas\\\/ruta-gastronomica-privada\\\/#primaryimage\"},\"thumbnailUrl\":\"https:\\\/\\\/walkingranada.com\\\/wp-content\\\/uploads\\\/2023\\\/01\\\/Tour-Gastronomico-privado.jpg.webp\",\"datePublished\":\"2022-12-14T08:22:39+00:00\",\"dateModified\":\"2023-05-22T06:51:36+00:00\",\"description\":\"Reserva un gu\u00eda para ti y tu grupo y adentraros en la ciudad de Granada a trav\u00e9s una ruta sin igual que os permitir\u00e1 descubrir la gastronom\u00eda\",\"breadcrumb\":{\"@id\":\"https:\\\/\\\/walkingranada.com\\\/que-hacer-en-granada\\\/rutas-gastronomicas\\\/ruta-gastronomica-privada\\\/#breadcrumb\"},\"inLanguage\":\"fr-FR\",\"potentialAction\":[{\"@type\":\"ReadAction\",\"target\":[\"https:\\\/\\\/walkingranada.com\\\/que-hacer-en-granada\\\/rutas-gastronomicas\\\/ruta-gastronomica-privada\\\/\"]}]},{\"@type\":\"ImageObject\",\"inLanguage\":\"fr-FR\",\"@id\":\"https:\\\/\\\/walkingranada.com\\\/que-hacer-en-granada\\\/rutas-gastronomicas\\\/ruta-gastronomica-privada\\\/#primaryimage\",\"url\":\"https:\\\/\\\/walkingranada.com\\\/wp-content\\\/uploads\\\/2023\\\/01\\\/Tour-Gastronomico-privado.jpg.webp\",\"contentUrl\":\"https:\\\/\\\/walkingranada.com\\\/wp-content\\\/uploads\\\/2023\\\/01\\\/Tour-Gastronomico-privado.jpg.webp\",\"width\":452,\"height\":282,\"caption\":\"imagen de un men\u00fa del tour gastron\u00f3mico privado\"},{\"@type\":\"BreadcrumbList\",\"@id\":\"https:\\\/\\\/walkingranada.com\\\/que-hacer-en-granada\\\/rutas-gastronomicas\\\/ruta-gastronomica-privada\\\/#breadcrumb\",\"itemListElement\":[{\"@type\":\"ListItem\",\"position\":1,\"name\":\"Portada\",\"item\":\"https:\\\/\\\/walkingranada.com\\\/\"},{\"@type\":\"ListItem\",\"position\":2,\"name\":\"Qu\u00e9 hacer en granada\",\"item\":\"https:\\\/\\\/walkingranada.com\\\/que-hacer-en-granada\\\/\"},{\"@type\":\"ListItem\",\"position\":3,\"name\":\"Rutas gastron\u00f3micas\",\"item\":\"https:\\\/\\\/walkingranada.com\\\/que-hacer-en-granada\\\/rutas-gastronomicas\\\/\"},{\"@type\":\"ListItem\",\"position\":4,\"name\":\"Ruta gastron\u00f3mica privada\"}]},{\"@type\":\"WebSite\",\"@id\":\"https:\\\/\\\/walkingranada.com\\\/#website\",\"url\":\"https:\\\/\\\/walkingranada.com\\\/\",\"name\":\"Walk in Granada\",\"description\":\"Turismo responsable\",\"publisher\":{\"@id\":\"https:\\\/\\\/walkingranada.com\\\/#organization\"},\"alternateName\":\"Walk in Granada\",\"potentialAction\":[{\"@type\":\"SearchAction\",\"target\":{\"@type\":\"EntryPoint\",\"urlTemplate\":\"https:\\\/\\\/walkingranada.com\\\/?s={search_term_string}\"},\"query-input\":{\"@type\":\"PropertyValueSpecification\",\"valueRequired\":true,\"valueName\":\"search_term_string\"}}],\"inLanguage\":\"fr-FR\"},{\"@type\":\"Organization\",\"@id\":\"https:\\\/\\\/walkingranada.com\\\/#organization\",\"name\":\"Walk In Granada\",\"alternateName\":\"Walk In Granada\",\"url\":\"https:\\\/\\\/walkingranada.com\\\/\",\"logo\":{\"@type\":\"ImageObject\",\"inLanguage\":\"fr-FR\",\"@id\":\"https:\\\/\\\/walkingranada.com\\\/#\\\/schema\\\/logo\\\/image\\\/\",\"url\":\"https:\\\/\\\/walkingranada.com\\\/wp-content\\\/uploads\\\/2022\\\/12\\\/Logo-Walking.webp\",\"contentUrl\":\"https:\\\/\\\/walkingranada.com\\\/wp-content\\\/uploads\\\/2022\\\/12\\\/Logo-Walking.webp\",\"width\":512,\"height\":512,\"caption\":\"Walk In Granada\"},\"image\":{\"@id\":\"https:\\\/\\\/walkingranada.com\\\/#\\\/schema\\\/logo\\\/image\\\/\"},\"sameAs\":[\"https:\\\/\\\/es-es.facebook.com\\\/walkingranadatour\\\/\",\"https:\\\/\\\/x.com\\\/walkingranada\",\"https:\\\/\\\/www.instagram.com\\\/walkingranada\\\/\"]}]}<\/script>\n<!-- \/ Yoast SEO plugin. -->","yoast_head_json":{"title":"Tour gastronomique priv\u00e9 - Walk in Granada","description":"R\u00e9servez un guide pour vous et votre groupe et entrez dans la ville de Grenade par un itin\u00e9raire unique qui vous permettra de d\u00e9couvrir la gastronomie","robots":{"index":"index","follow":"follow","max-snippet":"max-snippet:-1","max-image-preview":"max-image-preview:large","max-video-preview":"max-video-preview:-1"},"canonical":"https:\/\/walkingranada.com\/fr\/que-faire-a-granada\/parcours-gastronomiques\/itineraire-gastronomique-prive\/","og_locale":"fr_FR","og_type":"article","og_title":"Ruta gastron\u00f3mica privada - Walk in Granada","og_description":"Reserva un gu\u00eda para ti y tu grupo y adentraros en la ciudad de Granada a trav\u00e9s una ruta sin igual que os permitir\u00e1 descubrir la gastronom\u00eda","og_url":"https:\/\/walkingranada.com\/fr\/que-faire-a-granada\/parcours-gastronomiques\/itineraire-gastronomique-prive\/","og_site_name":"Walk in Granada","article_publisher":"https:\/\/es-es.facebook.com\/walkingranadatour\/","article_modified_time":"2023-05-22T06:51:36+00:00","og_image":[{"width":452,"height":282,"url":"https:\/\/walkingranada.com\/wp-content\/uploads\/2023\/01\/Tour-Gastronomico-privado.jpg.webp","type":"image\/jpeg"}],"twitter_card":"summary_large_image","twitter_site":"@walkingranada","twitter_misc":{"Dur\u00e9e de lecture estim\u00e9e":"6 minutes"},"schema":{"@context":"https:\/\/schema.org","@graph":[{"@type":"WebPage","@id":"https:\/\/walkingranada.com\/que-hacer-en-granada\/rutas-gastronomicas\/ruta-gastronomica-privada\/","url":"https:\/\/walkingranada.com\/que-hacer-en-granada\/rutas-gastronomicas\/ruta-gastronomica-privada\/","name":"Tour gastronomique priv\u00e9 - Walk in Granada","isPartOf":{"@id":"https:\/\/walkingranada.com\/#website"},"primaryImageOfPage":{"@id":"https:\/\/walkingranada.com\/que-hacer-en-granada\/rutas-gastronomicas\/ruta-gastronomica-privada\/#primaryimage"},"image":{"@id":"https:\/\/walkingranada.com\/que-hacer-en-granada\/rutas-gastronomicas\/ruta-gastronomica-privada\/#primaryimage"},"thumbnailUrl":"https:\/\/walkingranada.com\/wp-content\/uploads\/2023\/01\/Tour-Gastronomico-privado.jpg.webp","datePublished":"2022-12-14T08:22:39+00:00","dateModified":"2023-05-22T06:51:36+00:00","description":"R\u00e9servez un guide pour vous et votre groupe et entrez dans la ville de Grenade par un itin\u00e9raire unique qui vous permettra de d\u00e9couvrir la gastronomie","breadcrumb":{"@id":"https:\/\/walkingranada.com\/que-hacer-en-granada\/rutas-gastronomicas\/ruta-gastronomica-privada\/#breadcrumb"},"inLanguage":"fr-FR","potentialAction":[{"@type":"ReadAction","target":["https:\/\/walkingranada.com\/que-hacer-en-granada\/rutas-gastronomicas\/ruta-gastronomica-privada\/"]}]},{"@type":"ImageObject","inLanguage":"fr-FR","@id":"https:\/\/walkingranada.com\/que-hacer-en-granada\/rutas-gastronomicas\/ruta-gastronomica-privada\/#primaryimage","url":"https:\/\/walkingranada.com\/wp-content\/uploads\/2023\/01\/Tour-Gastronomico-privado.jpg.webp","contentUrl":"https:\/\/walkingranada.com\/wp-content\/uploads\/2023\/01\/Tour-Gastronomico-privado.jpg.webp","width":452,"height":282,"caption":"imagen de un men\u00fa del tour gastron\u00f3mico privado"},{"@type":"BreadcrumbList","@id":"https:\/\/walkingranada.com\/que-hacer-en-granada\/rutas-gastronomicas\/ruta-gastronomica-privada\/#breadcrumb","itemListElement":[{"@type":"ListItem","position":1,"name":"Portada","item":"https:\/\/walkingranada.com\/"},{"@type":"ListItem","position":2,"name":"Qu\u00e9 hacer en granada","item":"https:\/\/walkingranada.com\/que-hacer-en-granada\/"},{"@type":"ListItem","position":3,"name":"Rutas gastron\u00f3micas","item":"https:\/\/walkingranada.com\/que-hacer-en-granada\/rutas-gastronomicas\/"},{"@type":"ListItem","position":4,"name":"Ruta gastron\u00f3mica privada"}]},{"@type":"WebSite","@id":"https:\/\/walkingranada.com\/#website","url":"https:\/\/walkingranada.com\/","name":"Walk in Granada","description":"Turismo responsable","publisher":{"@id":"https:\/\/walkingranada.com\/#organization"},"alternateName":"Walk in Granada","potentialAction":[{"@type":"SearchAction","target":{"@type":"EntryPoint","urlTemplate":"https:\/\/walkingranada.com\/?s={search_term_string}"},"query-input":{"@type":"PropertyValueSpecification","valueRequired":true,"valueName":"search_term_string"}}],"inLanguage":"fr-FR"},{"@type":"Organization","@id":"https:\/\/walkingranada.com\/#organization","name":"Walk In Granada","alternateName":"Walk In Granada","url":"https:\/\/walkingranada.com\/","logo":{"@type":"ImageObject","inLanguage":"fr-FR","@id":"https:\/\/walkingranada.com\/#\/schema\/logo\/image\/","url":"https:\/\/walkingranada.com\/wp-content\/uploads\/2022\/12\/Logo-Walking.webp","contentUrl":"https:\/\/walkingranada.com\/wp-content\/uploads\/2022\/12\/Logo-Walking.webp","width":512,"height":512,"caption":"Walk In Granada"},"image":{"@id":"https:\/\/walkingranada.com\/#\/schema\/logo\/image\/"},"sameAs":["https:\/\/es-es.facebook.com\/walkingranadatour\/","https:\/\/x.com\/walkingranada","https:\/\/www.instagram.com\/walkingranada\/"]}]}},"_links":{"self":[{"href":"https:\/\/walkingranada.com\/fr\/wp-json\/wp\/v2\/pages\/665","targetHints":{"allow":["GET"]}}],"collection":[{"href":"https:\/\/walkingranada.com\/fr\/wp-json\/wp\/v2\/pages"}],"about":[{"href":"https:\/\/walkingranada.com\/fr\/wp-json\/wp\/v2\/types\/page"}],"author":[{"embeddable":true,"href":"https:\/\/walkingranada.com\/fr\/wp-json\/wp\/v2\/users\/2"}],"replies":[{"embeddable":true,"href":"https:\/\/walkingranada.com\/fr\/wp-json\/wp\/v2\/comments?post=665"}],"version-history":[{"count":0,"href":"https:\/\/walkingranada.com\/fr\/wp-json\/wp\/v2\/pages\/665\/revisions"}],"up":[{"embeddable":true,"href":"https:\/\/walkingranada.com\/fr\/wp-json\/wp\/v2\/pages\/442"}],"wp:featuredmedia":[{"embeddable":true,"href":"https:\/\/walkingranada.com\/fr\/wp-json\/wp\/v2\/media\/2393"}],"wp:attachment":[{"href":"https:\/\/walkingranada.com\/fr\/wp-json\/wp\/v2\/media?parent=665"}],"curies":[{"name":"wp","href":"https:\/\/api.w.org\/{rel}","templated":true}]}}