{"id":661,"date":"2022-12-14T08:11:28","date_gmt":"2022-12-14T08:11:28","guid":{"rendered":"https:\/\/factum-omibu.es\/walkin\/?page_id=661"},"modified":"2023-05-22T06:50:42","modified_gmt":"2023-05-22T06:50:42","slug":"parcours-gastronomiques-en-groupe","status":"publish","type":"page","link":"https:\/\/walkingranada.com\/fr\/que-hacer-en-granada\/rutas-gastronomicas\/ruta-gastronomica-en-grupo\/","title":{"rendered":"Parcours gastronomiques en groupe"},"content":{"rendered":"<p>Parcours Gastronomiques &gt; en groupe<\/p>\r\n<!-- FareHarbor calendar of item #172807 -->\r\n<h1>Parcours gastronomiques en groupe<\/h1>\r\n<p><a href=\"#encuentro\"> <img decoding=\"async\" loading=\"lazy\" src=\"https:\/\/walkingranada.com\/wp-content\/uploads\/2022\/10\/fi-rr-marker.png\" alt=\"Place Romanilla\" \/><\/a><\/p>\r\n<p>Place Romanilla <img decoding=\"async\" loading=\"lazy\" src=\"https:\/\/walkingranada.com\/wp-content\/uploads\/2022\/10\/\ud83e\udd86-icon-_Info-Circle_.png\" alt=\"informaci\u00f3n\" \/><\/p>\r\n<p><img decoding=\"async\" loading=\"lazy\" src=\"https:\/\/walkingranada.com\/wp-content\/uploads\/2022\/12\/guia-tour.png\" alt=\"en face du Centre Federico Garc\u00eda Lorca\" \/><\/p>\r\n<p>en face du Centre Federico Garc\u00eda Lorca<\/p>\r\n<p><img decoding=\"async\" loading=\"lazy\" src=\"https:\/\/walkingranada.com\/wp-content\/uploads\/2022\/10\/fi-rr-chat-arrow-grow.png\" alt=\"Difficult\u00e9 basse\" \/><\/p>\r\n<p>Difficult\u00e9 basse<\/p>\r\n<p><img decoding=\"async\" loading=\"lazy\" src=\"https:\/\/walkingranada.com\/wp-content\/uploads\/2022\/10\/fi-rr-map.png\" alt=\"Centre-ville\" \/><\/p>\r\n<p>Centre-ville<\/p>\r\n<p><img decoding=\"async\" loading=\"lazy\" src=\"https:\/\/walkingranada.com\/wp-content\/uploads\/2022\/12\/accesibilidad_.png\" alt=\"Accessibilit\u00e9 limit\u00e9e\" \/><\/p>\r\n<p>Accessibilit\u00e9 limit\u00e9e<\/p>\r\n<p><img decoding=\"async\" loading=\"lazy\" src=\"https:\/\/walkingranada.com\/wp-content\/uploads\/2022\/10\/fi-rr-calendar.png\" alt=\"DU MARDI AU SAMEDI\" \/><\/p>\r\n<p>DU MARDI AU SAMEDI<\/p>\r\n<p><img decoding=\"async\" loading=\"lazy\" src=\"https:\/\/walkingranada.com\/wp-content\/uploads\/2022\/10\/fi-rr-clock.png\" alt=\"19:30\" \/><\/p>\r\n<p>19:30<\/p>\r\n<p><img decoding=\"async\" loading=\"lazy\" src=\"https:\/\/walkingranada.com\/wp-content\/uploads\/2022\/10\/fi-rr-alarm-clock.png\" alt=\"3 heures\" \/><\/p>\r\n<p>3 heures<\/p>\r\n<p><img decoding=\"async\" loading=\"lazy\" src=\"https:\/\/walkingranada.com\/wp-content\/uploads\/2022\/10\/fi-rr-receipt.png\" alt=\"A partir de 69\u20ac\/pax\" \/><\/p>\r\n<p>A partir de 69\u20ac\/pax<\/p>\r\n<p><img decoding=\"async\" loading=\"lazy\" src=\"https:\/\/walkingranada.com\/wp-content\/uploads\/2022\/10\/fi-rr-comments.png\" alt=\"Espagnol, Anglais\" \/><\/p>\r\n<p>Espagnol, Anglais<\/p>\r\n<h2>Go\u00fbter la ville de Granada en groupe<\/h2>\r\n<p>Cet authentique parcours gastronomique vous offre la possibilit\u00e9 de d\u00e9couvrir la ville \u00e0 travers la d\u00e9licieuse gastronomie espagnole.<\/p>\r\n<p><strong>Exp\u00e9rimentez Granada d\u2019une mani\u00e8re inoubliable comme si vous \u00e9tiez un local !<\/strong><\/p>\r\n<h2>Point de rencontre<\/h2>\r\n<p><img decoding=\"async\" loading=\"lazy\" title=\"plaza romanilla\" src=\"https:\/\/walkingranada.com\/wp-content\/uploads\/2023\/01\/plaza-romanilla.webp\" alt=\"plaza romanilla\" width=\"711\" height=\"398\" \/><\/p>\r\n<h3>Plaza de la Romanilla, frente al Centro Feder\u00edco Garc\u00eda Lorca<\/h3>\r\n<p>Avez-vous besoin d'indications pour vous y rendre ?<\/p>\r\n<p><a role=\"button\" href=\"#reserva\" target=\"_self\" rel=\"noopener\"> Reservar &gt; <\/a> <a role=\"button\" href=\"https:\/\/walkingranada.com\/fr\/comment-rejoindre-a-place-de-la-romanilla\/\" target=\"_self\" rel=\"noopener\"> \u00bfC\u00f3mo llegar? &gt; <\/a><\/p>\r\n<h2>Recommandations<\/h2>\r\n<ol>\r\n<li>En cas d'allergies alimentaires ou de r\u00e9gimes sp\u00e9ciaux, veuillez nous en informer \u00e0 l'avance.<\/li>\r\n<\/ol>\r\n<h2>Comprend<\/h2>\r\n<ul>\r\n<li>De 10 \u00e0 12 tapas<\/li>\r\n<li>De 4 \u00e0 5 boissons<\/li>\r\n<li>Les taxes sur la nourriture et les boissons<\/li>\r\n<li>Groupe r\u00e9duit (de 2 \u00e0 8 personnes)<\/li>\r\n<li>Guide locale<\/li>\r\n<\/ul>\r\n<h2>Exclut<\/h2>\r\n<ul>\r\n<li>Commandes de tapas additionnels<\/li>\r\n<li>Pourboires<\/li>\r\n<\/ul>\r\n<p>Avec cette visite guid\u00e9e en groupe, un guide local partagera avec vous l'histoire et les secrets de Granada, une ville consid\u00e9r\u00e9e comme la capitale des tapas. Vous pourrez \u00e9galement visiter certains des bars \u00e0 tapas les plus authentiques de la ville, en vous sentant comme un local, en appr\u00e9ciant l'une de nos traditions les plus c\u00e9l\u00e8bres.<\/p>\r\n<h2>Tambi\u00e9n puedes reservar nuestras otras visitas guiadas&#8230;<\/h2>\r\n<section><img decoding=\"async\" loading=\"lazy\" src=\"https:\/\/walkingranada.com\/wp-content\/uploads\/2023\/01\/Card-Albaicin-sacromonte.jpg.webp\" alt=\"Albaicin y sacromonte\" \/>\r\n<h3>Visite guid\u00e9e de l'Albaic\u00edn et du Sacromonte<\/h3>\r\n<hr \/>\r\n<p>Des rues \u00e9troites et des points de vue \u00e0 couper le souffle. D\u00e9couvrez ces deux quartiers.<\/p>\r\n<hr \/>\r\n<p>Tous les jours<\/p>\r\n<p>Demandez-nous<\/p>\r\n<p>2,5h<\/p>\r\n\u00c0 partir de\r\n<p>8\u20ac<\/p>\r\n\/pax <a href=\"https:\/\/walkingranada.com\/fr\/visites-guidees\/albaicin-et-sacromonte\/\">Reservar &gt;<\/a> <img decoding=\"async\" loading=\"lazy\" src=\"https:\/\/walkingranada.com\/wp-content\/uploads\/2023\/01\/visita-albaicin-card.webp\" alt=\"albaicin\" \/>\r\n<h3>Visite guid\u00e9e du <br \/>Albaic\u00edn<\/h3>\r\n<hr \/>\r\n<p>D\u00e9couvrez l'ancien quartier musulman de la ville de Grenade avec cette visite sp\u00e9ciale.<\/p>\r\n<hr \/>\r\n<p>Tous les jours<\/p>\r\n<p>Demandez-nous<\/p>\r\n<p>2,5h<\/p>\r\n\u00c0 partir de\r\n<p>8\u20ac<\/p>\r\n\/pax <a href=\"https:\/\/walkingranada.com\/fr\/visites-guidees\/albaicin\/\">Reservar &gt;<\/a> <img decoding=\"async\" loading=\"lazy\" src=\"https:\/\/walkingranada.com\/wp-content\/uploads\/2023\/01\/Card-Sacromonte.webp\" alt=\"Sacromonte\" \/>\r\n<h3>Visite guid\u00e9e du Sacromonte<\/h3>\r\n<hr \/>Conoce el barrio con m\u00e1s duende de Granada. \u00c9ste es un tour para amantes de la fotograf\u00eda.<hr \/>\r\n<p>Tous les jours<\/p>\r\n<p>Demandez-nous<\/p>\r\n<p>2,5h<\/p>\r\n\u00c0 partir de\r\n<p>8\u20ac<\/p>\r\n\/pax <a href=\"https:\/\/walkingranada.com\/fr\/visites-guidees\/sacromonte\/\">Reservar &gt;<\/a> <img decoding=\"async\" loading=\"lazy\" src=\"https:\/\/walkingranada.com\/wp-content\/uploads\/2023\/01\/Centro-historico-card.webp\" alt=\"Centro Historico y bajo albaicin\" \/>\r\n<h3>Visite guid\u00e9e du centre historique et du bas Albaic\u00edn<\/h3>\r\n<hr \/>\r\n<p>Plongez dans l'histoire. Au cours de ce circuit, vous visiterez les quartiers les plus centraux et les plus populaires.<\/p>\r\n<hr \/>\r\n<p>Tous les jours<\/p>\r\n<p>Demandez-nous<\/p>\r\n<p>2,5h<\/p>\r\n\u00c0 partir de\r\n<p>8\u20ac<\/p>\r\n\/pax <a href=\"https:\/\/walkingranada.com\/fr\/visites-guidees\/centre-historique-albaicin\/\">Reservar &gt;<\/a><\/section>\r\n<h2>Tambi\u00e9n puedes reservar nuestros otros servicios&#8230;<\/h2>\r\n<p><img decoding=\"async\" loading=\"lazy\" src=\"https:\/\/walkingranada.com\/wp-content\/uploads\/2022\/10\/Rectangle-42.png\" alt=\"bailaora flamenca\" \/><\/p>\r\n<h3>Flamenco<\/h3>\r\n<p><img decoding=\"async\" loading=\"lazy\" src=\"https:\/\/walkingranada.com\/wp-content\/uploads\/2022\/10\/Rectangle-43.png\" alt=\"ba\u00f1os \u00e1rabes\" \/><\/p>\r\n<h3>Hammam <br \/>Al-\u00e1ndalus<\/h3>\r\n<p><img decoding=\"async\" loading=\"lazy\" src=\"https:\/\/walkingranada.com\/wp-content\/uploads\/2022\/10\/Rectangle-45.png\" alt=\"mezquita de c\u00f3rdoba\" \/><\/p>\r\n<h3>excursions <br \/>d\u2019une journ\u00e9e<\/h3>\r\n<p><img decoding=\"async\" loading=\"lazy\" src=\"https:\/\/walkingranada.com\/wp-content\/uploads\/2022\/10\/Rectangle-38.png\" alt=\"imagen de una chica joven\" \/><\/p>\r\n<h3>Route olfactif<\/h3>","protected":false},"excerpt":{"rendered":"<p>Rutas gastron\u00f3micas &gt; En grupo Ruta gastron\u00f3mica en grupo Plaza Romanilla Frente al Centro Feder\u00edco Garc\u00eda Lorca Dificultad baja Casco Urbano Accesibilidad limitada De martes a s\u00e1bado 19:30 3 horas Desde 69\u20ac\/pax CASTELLANO, INGL\u00c9S Saborea Granada en grupo Este aut\u00e9ntico recorrido gastron\u00f3mico te ofrece la oportunidad de probar la mejor comida tradicional de Granada y &#8230; <a title=\"Parcours gastronomiques en groupe\" class=\"read-more\" href=\"https:\/\/walkingranada.com\/fr\/que-hacer-en-granada\/rutas-gastronomicas\/ruta-gastronomica-en-grupo\/\" aria-label=\"En savoir plus sur Ruta gastron\u00f3mica en grupo\">Lire la suite<\/a><\/p>","protected":false},"author":2,"featured_media":2389,"parent":442,"menu_order":0,"comment_status":"closed","ping_status":"closed","template":"","meta":{"footnotes":""},"class_list":["post-661","page","type-page","status-publish","has-post-thumbnail"],"yoast_head":"<!-- This site is optimized with the Yoast SEO plugin v27.5 - https:\/\/yoast.com\/product\/yoast-seo-wordpress\/ -->\n<title>Ruta gastron\u00f3mica en grupo - Walk in Granada<\/title>\n<meta name=\"description\" content=\"\u00danete a un grupo y d\u00e9jate llevar por uno de nuestros gu\u00edas locales a descubrir la magia de la gastronom\u00eda granadina a trav\u00e9s de sus tapas.\" \/>\n<meta name=\"robots\" content=\"index, follow, max-snippet:-1, max-image-preview:large, max-video-preview:-1\" \/>\n<link rel=\"canonical\" href=\"https:\/\/walkingranada.com\/fr\/que-faire-a-granada\/parcours-gastronomiques\/parcours-gastronomiques-en-groupe\/\" \/>\n<meta property=\"og:locale\" content=\"fr_FR\" \/>\n<meta property=\"og:type\" content=\"article\" \/>\n<meta property=\"og:title\" content=\"Ruta gastron\u00f3mica en grupo - Walk in Granada\" \/>\n<meta property=\"og:description\" content=\"\u00danete a un grupo y d\u00e9jate llevar por uno de nuestros gu\u00edas locales a descubrir la magia de la gastronom\u00eda granadina a trav\u00e9s de sus tapas.\" \/>\n<meta property=\"og:url\" content=\"https:\/\/walkingranada.com\/fr\/que-faire-a-granada\/parcours-gastronomiques\/parcours-gastronomiques-en-groupe\/\" \/>\n<meta property=\"og:site_name\" content=\"Walk in Granada\" \/>\n<meta property=\"article:publisher\" content=\"https:\/\/es-es.facebook.com\/walkingranadatour\/\" \/>\n<meta property=\"article:modified_time\" content=\"2023-05-22T06:50:42+00:00\" \/>\n<meta property=\"og:image\" content=\"https:\/\/walkingranada.com\/wp-content\/uploads\/2023\/01\/Tour-Gastronomico-4.jpg.webp\" \/>\n\t<meta property=\"og:image:width\" content=\"305\" \/>\n\t<meta property=\"og:image:height\" content=\"305\" \/>\n\t<meta property=\"og:image:type\" content=\"image\/jpeg\" \/>\n<meta name=\"twitter:card\" content=\"summary_large_image\" \/>\n<meta name=\"twitter:site\" content=\"@walkingranada\" \/>\n<meta name=\"twitter:label1\" content=\"Dur\u00e9e de lecture estim\u00e9e\" \/>\n\t<meta name=\"twitter:data1\" content=\"6 minutes\" \/>\n<script type=\"application\/ld+json\" class=\"yoast-schema-graph\">{\"@context\":\"https:\\\/\\\/schema.org\",\"@graph\":[{\"@type\":\"WebPage\",\"@id\":\"https:\\\/\\\/walkingranada.com\\\/que-hacer-en-granada\\\/rutas-gastronomicas\\\/ruta-gastronomica-en-grupo\\\/\",\"url\":\"https:\\\/\\\/walkingranada.com\\\/que-hacer-en-granada\\\/rutas-gastronomicas\\\/ruta-gastronomica-en-grupo\\\/\",\"name\":\"Ruta gastron\u00f3mica en grupo - Walk in Granada\",\"isPartOf\":{\"@id\":\"https:\\\/\\\/walkingranada.com\\\/#website\"},\"primaryImageOfPage\":{\"@id\":\"https:\\\/\\\/walkingranada.com\\\/que-hacer-en-granada\\\/rutas-gastronomicas\\\/ruta-gastronomica-en-grupo\\\/#primaryimage\"},\"image\":{\"@id\":\"https:\\\/\\\/walkingranada.com\\\/que-hacer-en-granada\\\/rutas-gastronomicas\\\/ruta-gastronomica-en-grupo\\\/#primaryimage\"},\"thumbnailUrl\":\"https:\\\/\\\/walkingranada.com\\\/wp-content\\\/uploads\\\/2023\\\/01\\\/Tour-Gastronomico-4.jpg.webp\",\"datePublished\":\"2022-12-14T08:11:28+00:00\",\"dateModified\":\"2023-05-22T06:50:42+00:00\",\"description\":\"\u00danete a un grupo y d\u00e9jate llevar por uno de nuestros gu\u00edas locales a descubrir la magia de la gastronom\u00eda granadina a trav\u00e9s de sus tapas.\",\"breadcrumb\":{\"@id\":\"https:\\\/\\\/walkingranada.com\\\/que-hacer-en-granada\\\/rutas-gastronomicas\\\/ruta-gastronomica-en-grupo\\\/#breadcrumb\"},\"inLanguage\":\"fr-FR\",\"potentialAction\":[{\"@type\":\"ReadAction\",\"target\":[\"https:\\\/\\\/walkingranada.com\\\/que-hacer-en-granada\\\/rutas-gastronomicas\\\/ruta-gastronomica-en-grupo\\\/\"]}]},{\"@type\":\"ImageObject\",\"inLanguage\":\"fr-FR\",\"@id\":\"https:\\\/\\\/walkingranada.com\\\/que-hacer-en-granada\\\/rutas-gastronomicas\\\/ruta-gastronomica-en-grupo\\\/#primaryimage\",\"url\":\"https:\\\/\\\/walkingranada.com\\\/wp-content\\\/uploads\\\/2023\\\/01\\\/Tour-Gastronomico-4.jpg.webp\",\"contentUrl\":\"https:\\\/\\\/walkingranada.com\\\/wp-content\\\/uploads\\\/2023\\\/01\\\/Tour-Gastronomico-4.jpg.webp\",\"width\":305,\"height\":305,\"caption\":\"grupo haciendo el tour gastron\u00f3mico\"},{\"@type\":\"BreadcrumbList\",\"@id\":\"https:\\\/\\\/walkingranada.com\\\/que-hacer-en-granada\\\/rutas-gastronomicas\\\/ruta-gastronomica-en-grupo\\\/#breadcrumb\",\"itemListElement\":[{\"@type\":\"ListItem\",\"position\":1,\"name\":\"Portada\",\"item\":\"https:\\\/\\\/walkingranada.com\\\/\"},{\"@type\":\"ListItem\",\"position\":2,\"name\":\"Qu\u00e9 hacer en granada\",\"item\":\"https:\\\/\\\/walkingranada.com\\\/que-hacer-en-granada\\\/\"},{\"@type\":\"ListItem\",\"position\":3,\"name\":\"Rutas gastron\u00f3micas\",\"item\":\"https:\\\/\\\/walkingranada.com\\\/que-hacer-en-granada\\\/rutas-gastronomicas\\\/\"},{\"@type\":\"ListItem\",\"position\":4,\"name\":\"Ruta gastron\u00f3mica en grupo\"}]},{\"@type\":\"WebSite\",\"@id\":\"https:\\\/\\\/walkingranada.com\\\/#website\",\"url\":\"https:\\\/\\\/walkingranada.com\\\/\",\"name\":\"Walk in Granada\",\"description\":\"Turismo responsable\",\"publisher\":{\"@id\":\"https:\\\/\\\/walkingranada.com\\\/#organization\"},\"alternateName\":\"Walk in Granada\",\"potentialAction\":[{\"@type\":\"SearchAction\",\"target\":{\"@type\":\"EntryPoint\",\"urlTemplate\":\"https:\\\/\\\/walkingranada.com\\\/?s={search_term_string}\"},\"query-input\":{\"@type\":\"PropertyValueSpecification\",\"valueRequired\":true,\"valueName\":\"search_term_string\"}}],\"inLanguage\":\"fr-FR\"},{\"@type\":\"Organization\",\"@id\":\"https:\\\/\\\/walkingranada.com\\\/#organization\",\"name\":\"Walk In Granada\",\"alternateName\":\"Walk In Granada\",\"url\":\"https:\\\/\\\/walkingranada.com\\\/\",\"logo\":{\"@type\":\"ImageObject\",\"inLanguage\":\"fr-FR\",\"@id\":\"https:\\\/\\\/walkingranada.com\\\/#\\\/schema\\\/logo\\\/image\\\/\",\"url\":\"https:\\\/\\\/walkingranada.com\\\/wp-content\\\/uploads\\\/2022\\\/12\\\/Logo-Walking.webp\",\"contentUrl\":\"https:\\\/\\\/walkingranada.com\\\/wp-content\\\/uploads\\\/2022\\\/12\\\/Logo-Walking.webp\",\"width\":512,\"height\":512,\"caption\":\"Walk In Granada\"},\"image\":{\"@id\":\"https:\\\/\\\/walkingranada.com\\\/#\\\/schema\\\/logo\\\/image\\\/\"},\"sameAs\":[\"https:\\\/\\\/es-es.facebook.com\\\/walkingranadatour\\\/\",\"https:\\\/\\\/x.com\\\/walkingranada\",\"https:\\\/\\\/www.instagram.com\\\/walkingranada\\\/\"]}]}<\/script>\n<!-- \/ Yoast SEO plugin. -->","yoast_head_json":{"title":"Tour gastronomique en groupe - Walk in Granada","description":"Rejoignez un groupe et laissez-vous guider par l'un de nos guides locaux pour d\u00e9couvrir la magie de la gastronomie de Grenade \u00e0 travers ses tapas.","robots":{"index":"index","follow":"follow","max-snippet":"max-snippet:-1","max-image-preview":"max-image-preview:large","max-video-preview":"max-video-preview:-1"},"canonical":"https:\/\/walkingranada.com\/fr\/que-faire-a-granada\/parcours-gastronomiques\/parcours-gastronomiques-en-groupe\/","og_locale":"fr_FR","og_type":"article","og_title":"Ruta gastron\u00f3mica en grupo - Walk in Granada","og_description":"\u00danete a un grupo y d\u00e9jate llevar por uno de nuestros gu\u00edas locales a descubrir la magia de la gastronom\u00eda granadina a trav\u00e9s de sus tapas.","og_url":"https:\/\/walkingranada.com\/fr\/que-faire-a-granada\/parcours-gastronomiques\/parcours-gastronomiques-en-groupe\/","og_site_name":"Walk in Granada","article_publisher":"https:\/\/es-es.facebook.com\/walkingranadatour\/","article_modified_time":"2023-05-22T06:50:42+00:00","og_image":[{"width":305,"height":305,"url":"https:\/\/walkingranada.com\/wp-content\/uploads\/2023\/01\/Tour-Gastronomico-4.jpg.webp","type":"image\/jpeg"}],"twitter_card":"summary_large_image","twitter_site":"@walkingranada","twitter_misc":{"Dur\u00e9e de lecture estim\u00e9e":"6 minutes"},"schema":{"@context":"https:\/\/schema.org","@graph":[{"@type":"WebPage","@id":"https:\/\/walkingranada.com\/que-hacer-en-granada\/rutas-gastronomicas\/ruta-gastronomica-en-grupo\/","url":"https:\/\/walkingranada.com\/que-hacer-en-granada\/rutas-gastronomicas\/ruta-gastronomica-en-grupo\/","name":"Tour gastronomique en groupe - Walk in Granada","isPartOf":{"@id":"https:\/\/walkingranada.com\/#website"},"primaryImageOfPage":{"@id":"https:\/\/walkingranada.com\/que-hacer-en-granada\/rutas-gastronomicas\/ruta-gastronomica-en-grupo\/#primaryimage"},"image":{"@id":"https:\/\/walkingranada.com\/que-hacer-en-granada\/rutas-gastronomicas\/ruta-gastronomica-en-grupo\/#primaryimage"},"thumbnailUrl":"https:\/\/walkingranada.com\/wp-content\/uploads\/2023\/01\/Tour-Gastronomico-4.jpg.webp","datePublished":"2022-12-14T08:11:28+00:00","dateModified":"2023-05-22T06:50:42+00:00","description":"Rejoignez un groupe et laissez-vous guider par l'un de nos guides locaux pour d\u00e9couvrir la magie de la gastronomie de Grenade \u00e0 travers ses tapas.","breadcrumb":{"@id":"https:\/\/walkingranada.com\/que-hacer-en-granada\/rutas-gastronomicas\/ruta-gastronomica-en-grupo\/#breadcrumb"},"inLanguage":"fr-FR","potentialAction":[{"@type":"ReadAction","target":["https:\/\/walkingranada.com\/que-hacer-en-granada\/rutas-gastronomicas\/ruta-gastronomica-en-grupo\/"]}]},{"@type":"ImageObject","inLanguage":"fr-FR","@id":"https:\/\/walkingranada.com\/que-hacer-en-granada\/rutas-gastronomicas\/ruta-gastronomica-en-grupo\/#primaryimage","url":"https:\/\/walkingranada.com\/wp-content\/uploads\/2023\/01\/Tour-Gastronomico-4.jpg.webp","contentUrl":"https:\/\/walkingranada.com\/wp-content\/uploads\/2023\/01\/Tour-Gastronomico-4.jpg.webp","width":305,"height":305,"caption":"grupo haciendo el tour gastron\u00f3mico"},{"@type":"BreadcrumbList","@id":"https:\/\/walkingranada.com\/que-hacer-en-granada\/rutas-gastronomicas\/ruta-gastronomica-en-grupo\/#breadcrumb","itemListElement":[{"@type":"ListItem","position":1,"name":"Portada","item":"https:\/\/walkingranada.com\/"},{"@type":"ListItem","position":2,"name":"Qu\u00e9 hacer en granada","item":"https:\/\/walkingranada.com\/que-hacer-en-granada\/"},{"@type":"ListItem","position":3,"name":"Rutas gastron\u00f3micas","item":"https:\/\/walkingranada.com\/que-hacer-en-granada\/rutas-gastronomicas\/"},{"@type":"ListItem","position":4,"name":"Ruta gastron\u00f3mica en grupo"}]},{"@type":"WebSite","@id":"https:\/\/walkingranada.com\/#website","url":"https:\/\/walkingranada.com\/","name":"Walk in Granada","description":"Turismo responsable","publisher":{"@id":"https:\/\/walkingranada.com\/#organization"},"alternateName":"Walk in Granada","potentialAction":[{"@type":"SearchAction","target":{"@type":"EntryPoint","urlTemplate":"https:\/\/walkingranada.com\/?s={search_term_string}"},"query-input":{"@type":"PropertyValueSpecification","valueRequired":true,"valueName":"search_term_string"}}],"inLanguage":"fr-FR"},{"@type":"Organization","@id":"https:\/\/walkingranada.com\/#organization","name":"Walk In Granada","alternateName":"Walk In Granada","url":"https:\/\/walkingranada.com\/","logo":{"@type":"ImageObject","inLanguage":"fr-FR","@id":"https:\/\/walkingranada.com\/#\/schema\/logo\/image\/","url":"https:\/\/walkingranada.com\/wp-content\/uploads\/2022\/12\/Logo-Walking.webp","contentUrl":"https:\/\/walkingranada.com\/wp-content\/uploads\/2022\/12\/Logo-Walking.webp","width":512,"height":512,"caption":"Walk In Granada"},"image":{"@id":"https:\/\/walkingranada.com\/#\/schema\/logo\/image\/"},"sameAs":["https:\/\/es-es.facebook.com\/walkingranadatour\/","https:\/\/x.com\/walkingranada","https:\/\/www.instagram.com\/walkingranada\/"]}]}},"_links":{"self":[{"href":"https:\/\/walkingranada.com\/fr\/wp-json\/wp\/v2\/pages\/661","targetHints":{"allow":["GET"]}}],"collection":[{"href":"https:\/\/walkingranada.com\/fr\/wp-json\/wp\/v2\/pages"}],"about":[{"href":"https:\/\/walkingranada.com\/fr\/wp-json\/wp\/v2\/types\/page"}],"author":[{"embeddable":true,"href":"https:\/\/walkingranada.com\/fr\/wp-json\/wp\/v2\/users\/2"}],"replies":[{"embeddable":true,"href":"https:\/\/walkingranada.com\/fr\/wp-json\/wp\/v2\/comments?post=661"}],"version-history":[{"count":0,"href":"https:\/\/walkingranada.com\/fr\/wp-json\/wp\/v2\/pages\/661\/revisions"}],"up":[{"embeddable":true,"href":"https:\/\/walkingranada.com\/fr\/wp-json\/wp\/v2\/pages\/442"}],"wp:featuredmedia":[{"embeddable":true,"href":"https:\/\/walkingranada.com\/fr\/wp-json\/wp\/v2\/media\/2389"}],"wp:attachment":[{"href":"https:\/\/walkingranada.com\/fr\/wp-json\/wp\/v2\/media?parent=661"}],"curies":[{"name":"wp","href":"https:\/\/api.w.org\/{rel}","templated":true}]}}