{"id":6098,"date":"2025-02-05T10:56:13","date_gmt":"2025-02-05T10:56:13","guid":{"rendered":"https:\/\/walkingranada.com\/?page_id=6098"},"modified":"2025-04-21T12:39:43","modified_gmt":"2025-04-21T12:39:43","slug":"abadia-del-sacromonte","status":"publish","type":"page","link":"https:\/\/walkingranada.com\/fr\/visitas-guiadas\/abadia-del-sacromonte\/","title":{"rendered":"Abbaye du Sacromonte"},"content":{"rendered":"<p>Visites guid\u00e9es &gt; Abbaye du Sacromonte<\/p>\n\t<!-- FareHarbor calendar of item #575257 -->\n<h1>\n\t\tVisite de groupe Abbaye du Sacromonte\n\t<\/h1>\n        <a href=\"#encuentro\">\n            <img decoding=\"async\" loading=\"lazy\" src=\"https:\/\/walkingranada.com\/wp-content\/uploads\/2022\/10\/fi-rr-marker.png\" alt=\"Parking de l&#039;Abbaye du Sacromonte\"\/>\n            <p>Parking de l'Abbaye du Sacromonte <img decoding=\"async\" loading=\"lazy\" src=\"https:\/\/walkingranada.com\/wp-content\/uploads\/2022\/10\/\ud83e\udd86-icon-_Info-Circle_.png\" alt=\"informaci\u00f3n\"\/><\/p>\n        <\/a>\n        <img decoding=\"async\" loading=\"lazy\" src=\"https:\/\/walkingranada.com\/wp-content\/uploads\/2022\/12\/guia-tour.png\" alt=\"Camino del Sacromonte, s\/n\"\/>\n        <p>Camino del Sacromonte, s\/n<\/p>\n        <img decoding=\"async\" loading=\"lazy\" src=\"https:\/\/walkingranada.com\/wp-content\/uploads\/2022\/10\/fi-rr-chat-arrow-grow.png\" alt=\"Difficult\u00e9 basse\"\/>\n        <p>Difficult\u00e9 basse<\/p>\n        <img decoding=\"async\" loading=\"lazy\" src=\"https:\/\/walkingranada.com\/wp-content\/uploads\/2023\/06\/visita-en-grupo.webp\" alt=\"Groupe de jusqu&#039;\u00e0 20 personnes\"\/>\n        <p>Groupe de jusqu'\u00e0 20 personnes<\/p>\n        <img decoding=\"async\" loading=\"lazy\" src=\"https:\/\/walkingranada.com\/wp-content\/uploads\/2022\/12\/accesibilidad_.png\" alt=\"Accessibilit\u00e9 limit\u00e9e\"\/>\n        <p>Accessibilit\u00e9 limit\u00e9e<\/p>\n        <img decoding=\"async\" loading=\"lazy\" src=\"https:\/\/walkingranada.com\/wp-content\/uploads\/2022\/10\/fi-rr-calendar.png\" alt=\"Samedi\"\/>\n        <p>Samedi<\/p>\n        <img decoding=\"async\" loading=\"lazy\" src=\"https:\/\/walkingranada.com\/wp-content\/uploads\/2022\/10\/fi-rr-clock.png\" alt=\"16:30\"\/>\n        <p>16:30<\/p>\n        <img decoding=\"async\" loading=\"lazy\" src=\"https:\/\/walkingranada.com\/wp-content\/uploads\/2022\/10\/fi-rr-alarm-clock.png\" alt=\"2 heures\"\/>\n        <p>2 heures<\/p>\n        <img decoding=\"async\" loading=\"lazy\" src=\"https:\/\/walkingranada.com\/wp-content\/uploads\/2022\/10\/fi-rr-receipt.png\" alt=\"A partir de 26\u20ac\/personne\"\/>\n        <p>A partir de 26\u20ac\/personne<\/p>\n        <img decoding=\"async\" loading=\"lazy\" src=\"https:\/\/walkingranada.com\/wp-content\/uploads\/2022\/10\/fi-rr-comments.png\" alt=\"Espagnol\"\/>\n        <p>Espagnol<\/p>\n<h2>\n\t\tLes livres et reliques sacr\u00e9s du Sacromonte\n\t<\/h2>\n\t<p>Entre chasseurs de tr\u00e9sors, m\u00e9decins maures et \u00e9v\u00eaques de Grenade et de Rome, se sont tiss\u00e9es les incroyables d\u00e9couvertes des Libros Pl\u00fambeos et les reliques sacr\u00e9es des martyrs de Grenade. Nous retournons au XVIe si\u00e8cle pour retrouver un peuple sur le point d'\u00eatre expuls\u00e9 et qui a besoin de miracles.<\/p>\n<h2>\n\t\tPoint de rencontre\n\t<\/h2>\n\t\t\t\t<img decoding=\"async\" loading=\"lazy\" src=\"https:\/\/walkingranada.com\/wp-content\/uploads\/2025\/02\/abadia-entrada.jpg.webp\" alt=\"\" itemprop=\"image\" height=\"408\" width=\"305\" onerror=\"this.style.display='none'\"  \/>\n<h3>\n\t\tParking Abad\u00eda del Sacromonte Camino del Sacromonte, s\/n\n\t<\/h3>\n\t<p>Avez-vous besoin d'indications pour vous y rendre ?<\/p>\n\t\t\t<a href=\"#reserva\" target=\"_self\">\n\t\t\t\t\t\t\tR\u00e9server &gt;\n\t\t\t\t\t<\/a>\n\t\t\t<a href=\"https:\/\/maps.app.goo.gl\/WfdHCLhGYbJnxdwo8\" target=\"_blank\" rel=\"noopener\">\n\t\t\t\t\t\t\tComment s'y rendre ? &gt;\n\t\t\t\t\t<\/a>\n<h2>\n\t\tRecommandations\n\t<\/h2>\n\t<ol>\n<li class=\"translation-block\">Arriver <strong>20 minutes avant<\/strong> l'heure de d\u00e9but de la visite.<\/li>\n<li class=\"translation-block\">En \u00e9t\u00e9, portez des <strong>chaussures confortables<\/strong>, de <strong>l'eau<\/strong> et une <strong>protection solaire<\/strong>.<\/li>\n<li class=\"translation-block\"><strong>Faible difficult\u00e9<\/strong>. Il y a des <strong>sols pav\u00e9s<\/strong> lors de cette visite.<\/li>\n<li class=\"translation-block\"><strong>Ne convient<\/strong> pas aux <strong>fauteuils roulants<\/strong> ni aux <strong>poussettes<\/strong>. Un <strong>porte-b\u00e9b\u00e9<\/strong> peut \u00eatre utilis\u00e9.<\/li>\n<\/ol>\n<h2>\n\t\tItin\u00e9raire\n\t<\/h2>\n\t<ul>\n<li aria-level=\"2\">Entr\u00e9e de l'Abbaye du Sacromonte<\/li>\n<li aria-level=\"2\">Vall\u00e9e du Darro<\/li>\n<li aria-level=\"2\">Clo\u00eetre et coll\u00e9giale<\/li>\n<li aria-level=\"2\">Saintes Grottes<\/li>\n<li aria-level=\"2\">Mus\u00e9e de l'Abbaye<\/li>\n<li aria-level=\"2\">Fa\u00e7ade ext\u00e9rieure<\/li>\n<\/ul>\n\t<p class=\"translation-block\">L'abbaye du Sacromonte, situ\u00e9e dans les collines du m\u00eame nom \u00e0 Grenade, est un complexe historique et religieux embl\u00e9matique fond\u00e9 au XVIIe si\u00e8cle. Construite sur des grottes consid\u00e9r\u00e9es comme sacr\u00e9es, elle abrite des reliques des martyrs chr\u00e9tiens San Cecilio et d'autres, ainsi que les c\u00e9l\u00e8bres <em>Libros Pl\u00fambeos<\/em>. Il se distingue par son architecture baroque, son clo\u00eetre, son mus\u00e9e avec des pi\u00e8ces d'art de grande valeur et son emplacement spectaculaire avec vue sur l'Alhambra et la ville. C'est un lieu plein de spiritualit\u00e9, d'histoire et de culture.<\/p>\n\t<p class=\"translation-block\">Il s'agit d'une visite guid\u00e9e en petit groupe. Si vous ne trouvez pas de disponibilit\u00e9 et que vous souhaitez effectuer cette visite en format priv\u00e9, vous pouvez en faire la demande par le biais de notre section de <a href=\"https:\/\/walkingranada.com\/fr\/visites-personnalisees\/\" target=\"_self\">visites personnalis\u00e9es<\/a>.<\/p>\n\t\n\t\n\t\n\t\t\t<a href=\"https:\/\/walkingranada.com\/fr\/visites-personnalisees\/\" target=\"_self\">\n\t\t\t\t\t\t\tVisites personnalis\u00e9es >\n\t\t\t\t\t<\/a>\n\t\n\t\n<h2>\n\t\tTambi\u00e9n puedes reservar nuestras otras visitas guiadas&#8230;\n\t<\/h2>\n\t<section>\n            <img decoding=\"async\" loading=\"lazy\" src=\"https:\/\/walkingranada.com\/wp-content\/uploads\/2023\/01\/Jardines-card-walkin.webp\" width=\"100%\" alt=\"Visite priv\u00e9e de l\u2019Alhambra\"\/>\n                <h3>Visite priv\u00e9e de l\u2019Alhambra<\/h3>\n                <hr \/>\n                <p>Si vous voulez visiter l\u2019Alhambra avec un guide d\u00e9di\u00e9 seulement \u00e0 vous et votre famille\/vos amis<\/p>\n                <hr \/>\n                    <p> Tous les jours<\/p>\n                    <p> Heures du site<\/p>\n                    <p> 3h<\/p>\n                    \u00c0 partir de\n                    <p>40\u20ac<\/p>\/pax\n            <a href=\"https:\/\/walkingranada.com\/fr\/alhambra\/visite-privee\/\">R\u00e9server &gt;<\/a>\n            <img decoding=\"async\" loading=\"lazy\" src=\"https:\/\/walkingranada.com\/wp-content\/uploads\/2023\/01\/Alhambra-card-walkin.webp\" width=\"100%\" alt=\"Visite guid\u00e9e avec entr\u00e9e \u00e0 l\u2019Alhambra et Generalife\"\/>\n                <h3>Visite guid\u00e9e avec entr\u00e9e \u00e0 l\u2019Alhambra et Generalife<\/h3>\n                <hr \/>\n                <p>Entrez dans la ville palatine de l'Alhambra et ses jardins impressionnants.<\/p>\n                <hr \/>\n                    <p> Tous les jours<\/p>\n                    <p> Heures du site<\/p>\n                    <p> 3h<\/p>\n                    \u00c0 partir de\n                    <p>49\u20ac<\/p>\n                    \/pax\n            <a href=\"https:\/\/walkingranada.com\/fr\/alhambra\/visite-guidee-avec-entree-alhambra\/\">R\u00e9server &gt;<\/a>\n        <img decoding=\"async\" loading=\"lazy\" src=\"https:\/\/walkingranada.com\/wp-content\/uploads\/2023\/01\/Centro-historico-card.webp\" width=\"100%\" alt=\"Visite guid\u00e9e du centre historique et du bas-Albaicin\"\/>\n            <h3>Visite guid\u00e9e du centre historique et du bas-Albaicin<\/h3>\n            <hr \/>\n            <p>Plongez dans l'histoire. Au cours de ce circuit, vous visiterez les quartiers les plus centraux et les plus populaires.<\/p>\n            <hr \/>\n                <p> Tous les jours<\/p>\n                <p> Demandez-nous<\/p>\n                <p> 2,5h<\/p>\n                    \u00c0 partir de\n                    <p>8\u20ac<\/p>\n                    \/pax\n        <a href=\"https:\/\/walkingranada.com\/fr\/visites-guidees\/centre-historique-albaicin\/\">R\u00e9server &gt;<\/a>\n        <img decoding=\"async\" loading=\"lazy\" src=\"https:\/\/walkingranada.com\/wp-content\/uploads\/2023\/01\/Card-Sacromonte.webp\" width=\"100%\" alt=\"Visite guid\u00e9e du Sacromonte\"\/>\n            <h3>Visite guid\u00e9e du Sacromonte<\/h3>\n            <hr \/>\n            D\u00e9couvrez le quartier avec le plus de gobelins de Grenade. Ceci est une visite pour les amateurs de photographie.\n            <hr \/>\n                <p> Tous les jours<\/p>\n                <p> Demandez-nous<\/p>\n                <p> 2,5h<\/p>\n                    \u00c0 partir de\n                    <p>8\u20ac<\/p>\n                    \/pax\n        <a href=\"https:\/\/walkingranada.com\/fr\/visites-guidees\/sacromonte\/\">R\u00e9server &gt;<\/a>\n<\/section>\n<h2>\n\t\tTambi\u00e9n puedes reservar nuestros otros servicios&#8230;\n\t<\/h2>\n\t<a href=\"https:\/\/walkingranada.com\/fr\/que-faire-a-granada\/flamenco\/\" target=\"_self\"><\/a>\t\t\t<img decoding=\"async\" loading=\"lazy\" alt=\"bailaora flamenca\" src=\"https:\/\/walkingranada.com\/wp-content\/uploads\/2022\/10\/Rectangle-42.png\"\/>\n\t\t<h3>Flamenco<\/h3>\n\t<a href=\"https:\/\/walkingranada.com\/fr\/que-faire-a-granada\/hammam-al-andalus\/\" target=\"_self\"><\/a>\t\t\t<img decoding=\"async\" loading=\"lazy\" alt=\"ba\u00f1os \u00e1rabes\" src=\"https:\/\/walkingranada.com\/wp-content\/uploads\/2022\/10\/Rectangle-43.png\"\/>\n\t\t<h3>Hammam <br \/>Al-\u00e1ndalus<\/h3>\n\t<a href=\"https:\/\/walkingranada.com\/fr\/que-faire-a-granada\/excursions\/\" target=\"_self\"><\/a>\t\t\t<img decoding=\"async\" loading=\"lazy\" alt=\"mezquita de c\u00f3rdoba\" src=\"https:\/\/walkingranada.com\/wp-content\/uploads\/2022\/10\/Rectangle-45.png\"\/>\n\t\t<h3>excursions <br \/>d\u2019une journ\u00e9e<\/h3>\n\t<a href=\"https:\/\/walkingranada.com\/fr\/que-faire-a-granada\/route-olfactif\/\" target=\"_self\"><\/a>\t\t\t<img decoding=\"async\" loading=\"lazy\" alt=\"imagen de una chica joven\" src=\"https:\/\/walkingranada.com\/wp-content\/uploads\/2022\/10\/Rectangle-38.png\"\/>\n\t\t<h3>Route olfactif<\/h3>","protected":false},"excerpt":{"rendered":"<p>Visitas guiadas &gt; Abad\u00eda del Sacromonte Visita en Grupo Abad\u00eda del Sacromonte Parking Abad\u00eda del Sacromonte Camino del Sacromonte, s\/n Dificultad baja Grupo de hasta 20 personas Accesibilidad limitada S\u00e1bado 16:30 2 horas Desde 26\u20ac\/persona Espa\u00f1ol Los libros pl\u00fambeos del Sacromonte y las santas reliquias Entre buscadores de tesoros, m\u00e9dicos moriscos y obispos de Granada &#8230; <a title=\"Abbaye du Sacromonte\" class=\"read-more\" href=\"https:\/\/walkingranada.com\/fr\/visitas-guiadas\/abadia-del-sacromonte\/\" aria-label=\"En savoir plus sur Abad\u00eda del Sacromonte\">Lire la suite<\/a><\/p>","protected":false},"author":5,"featured_media":0,"parent":94,"menu_order":0,"comment_status":"closed","ping_status":"closed","template":"","meta":{"footnotes":""},"class_list":["post-6098","page","type-page","status-publish"],"yoast_head":"<!-- This site is optimized with the Yoast SEO plugin v27.5 - https:\/\/yoast.com\/product\/yoast-seo-wordpress\/ -->\n<title>Abad\u00eda del Sacromonte - Visita en Grupo - Walk in Granada<\/title>\n<meta name=\"description\" content=\"Entre buscadores de tesoros, m\u00e9dicos moriscos y obispos de Granada y Roma se fueron tejiendo los incre\u00edbles hallazgos de los Libros Pl\u00fambeos y las sagradas reliquias de los m\u00e1rtires de Granada.\" \/>\n<meta name=\"robots\" content=\"index, follow, max-snippet:-1, max-image-preview:large, max-video-preview:-1\" \/>\n<link rel=\"canonical\" href=\"https:\/\/walkingranada.com\/fr\/visites-guidees\/abadia-del-sacromonte\/\" \/>\n<meta property=\"og:locale\" content=\"fr_FR\" \/>\n<meta property=\"og:type\" content=\"article\" \/>\n<meta property=\"og:title\" content=\"Abad\u00eda del Sacromonte - Visita en Grupo - Walk in Granada\" \/>\n<meta property=\"og:description\" content=\"Entre buscadores de tesoros, m\u00e9dicos moriscos y obispos de Granada y Roma se fueron tejiendo los incre\u00edbles hallazgos de los Libros Pl\u00fambeos y las sagradas reliquias de los m\u00e1rtires de Granada.\" \/>\n<meta property=\"og:url\" content=\"https:\/\/walkingranada.com\/fr\/visites-guidees\/abadia-del-sacromonte\/\" \/>\n<meta property=\"og:site_name\" content=\"Walk in Granada\" \/>\n<meta property=\"article:publisher\" content=\"https:\/\/es-es.facebook.com\/walkingranadatour\/\" \/>\n<meta property=\"article:modified_time\" content=\"2025-04-21T12:39:43+00:00\" \/>\n<meta property=\"og:image\" content=\"https:\/\/walkingranada.com\/wp-content\/uploads\/2022\/10\/fi-rr-marker.png\" \/>\n<meta name=\"twitter:card\" content=\"summary_large_image\" \/>\n<meta name=\"twitter:site\" content=\"@walkingranada\" \/>\n<meta name=\"twitter:label1\" content=\"Dur\u00e9e de lecture estim\u00e9e\" \/>\n\t<meta name=\"twitter:data1\" content=\"8 minutes\" \/>\n<script type=\"application\/ld+json\" class=\"yoast-schema-graph\">{\"@context\":\"https:\\\/\\\/schema.org\",\"@graph\":[{\"@type\":\"WebPage\",\"@id\":\"https:\\\/\\\/walkingranada.com\\\/visitas-guiadas\\\/abadia-del-sacromonte\\\/\",\"url\":\"https:\\\/\\\/walkingranada.com\\\/visitas-guiadas\\\/abadia-del-sacromonte\\\/\",\"name\":\"Abad\u00eda del Sacromonte - Visita en Grupo - Walk in Granada\",\"isPartOf\":{\"@id\":\"https:\\\/\\\/walkingranada.com\\\/#website\"},\"primaryImageOfPage\":{\"@id\":\"https:\\\/\\\/walkingranada.com\\\/visitas-guiadas\\\/abadia-del-sacromonte\\\/#primaryimage\"},\"image\":{\"@id\":\"https:\\\/\\\/walkingranada.com\\\/visitas-guiadas\\\/abadia-del-sacromonte\\\/#primaryimage\"},\"thumbnailUrl\":\"https:\\\/\\\/walkingranada.com\\\/wp-content\\\/uploads\\\/2022\\\/10\\\/fi-rr-marker.png\",\"datePublished\":\"2025-02-05T10:56:13+00:00\",\"dateModified\":\"2025-04-21T12:39:43+00:00\",\"description\":\"Entre buscadores de tesoros, m\u00e9dicos moriscos y obispos de Granada y Roma se fueron tejiendo los incre\u00edbles hallazgos de los Libros Pl\u00fambeos y las sagradas reliquias de los m\u00e1rtires de Granada.\",\"breadcrumb\":{\"@id\":\"https:\\\/\\\/walkingranada.com\\\/visitas-guiadas\\\/abadia-del-sacromonte\\\/#breadcrumb\"},\"inLanguage\":\"fr-FR\",\"potentialAction\":[{\"@type\":\"ReadAction\",\"target\":[\"https:\\\/\\\/walkingranada.com\\\/visitas-guiadas\\\/abadia-del-sacromonte\\\/\"]}]},{\"@type\":\"ImageObject\",\"inLanguage\":\"fr-FR\",\"@id\":\"https:\\\/\\\/walkingranada.com\\\/visitas-guiadas\\\/abadia-del-sacromonte\\\/#primaryimage\",\"url\":\"https:\\\/\\\/walkingranada.com\\\/wp-content\\\/uploads\\\/2022\\\/10\\\/fi-rr-marker.png\",\"contentUrl\":\"https:\\\/\\\/walkingranada.com\\\/wp-content\\\/uploads\\\/2022\\\/10\\\/fi-rr-marker.png\"},{\"@type\":\"BreadcrumbList\",\"@id\":\"https:\\\/\\\/walkingranada.com\\\/visitas-guiadas\\\/abadia-del-sacromonte\\\/#breadcrumb\",\"itemListElement\":[{\"@type\":\"ListItem\",\"position\":1,\"name\":\"Portada\",\"item\":\"https:\\\/\\\/walkingranada.com\\\/\"},{\"@type\":\"ListItem\",\"position\":2,\"name\":\"Visitas guiadas\",\"item\":\"https:\\\/\\\/walkingranada.com\\\/visitas-guiadas\\\/\"},{\"@type\":\"ListItem\",\"position\":3,\"name\":\"Abad\u00eda del Sacromonte\"}]},{\"@type\":\"WebSite\",\"@id\":\"https:\\\/\\\/walkingranada.com\\\/#website\",\"url\":\"https:\\\/\\\/walkingranada.com\\\/\",\"name\":\"Walk in Granada\",\"description\":\"Turismo responsable\",\"publisher\":{\"@id\":\"https:\\\/\\\/walkingranada.com\\\/#organization\"},\"alternateName\":\"Walk in Granada\",\"potentialAction\":[{\"@type\":\"SearchAction\",\"target\":{\"@type\":\"EntryPoint\",\"urlTemplate\":\"https:\\\/\\\/walkingranada.com\\\/?s={search_term_string}\"},\"query-input\":{\"@type\":\"PropertyValueSpecification\",\"valueRequired\":true,\"valueName\":\"search_term_string\"}}],\"inLanguage\":\"fr-FR\"},{\"@type\":\"Organization\",\"@id\":\"https:\\\/\\\/walkingranada.com\\\/#organization\",\"name\":\"Walk In Granada\",\"alternateName\":\"Walk In Granada\",\"url\":\"https:\\\/\\\/walkingranada.com\\\/\",\"logo\":{\"@type\":\"ImageObject\",\"inLanguage\":\"fr-FR\",\"@id\":\"https:\\\/\\\/walkingranada.com\\\/#\\\/schema\\\/logo\\\/image\\\/\",\"url\":\"https:\\\/\\\/walkingranada.com\\\/wp-content\\\/uploads\\\/2022\\\/12\\\/Logo-Walking.webp\",\"contentUrl\":\"https:\\\/\\\/walkingranada.com\\\/wp-content\\\/uploads\\\/2022\\\/12\\\/Logo-Walking.webp\",\"width\":512,\"height\":512,\"caption\":\"Walk In Granada\"},\"image\":{\"@id\":\"https:\\\/\\\/walkingranada.com\\\/#\\\/schema\\\/logo\\\/image\\\/\"},\"sameAs\":[\"https:\\\/\\\/es-es.facebook.com\\\/walkingranadatour\\\/\",\"https:\\\/\\\/x.com\\\/walkingranada\",\"https:\\\/\\\/www.instagram.com\\\/walkingranada\\\/\"]}]}<\/script>\n<!-- \/ Yoast SEO plugin. -->","yoast_head_json":{"title":"Abbaye de Sacromonte - Visite de groupe - Walk in Granada","description":"Entre chasseurs de tr\u00e9sors, m\u00e9decins maures et \u00e9v\u00eaques de Grenade et de Rome, se tissent les incroyables d\u00e9couvertes des Livres de Plombic et des reliques sacr\u00e9es des martyrs de Grenade.","robots":{"index":"index","follow":"follow","max-snippet":"max-snippet:-1","max-image-preview":"max-image-preview:large","max-video-preview":"max-video-preview:-1"},"canonical":"https:\/\/walkingranada.com\/fr\/visites-guidees\/abadia-del-sacromonte\/","og_locale":"fr_FR","og_type":"article","og_title":"Abad\u00eda del Sacromonte - Visita en Grupo - Walk in Granada","og_description":"Entre buscadores de tesoros, m\u00e9dicos moriscos y obispos de Granada y Roma se fueron tejiendo los incre\u00edbles hallazgos de los Libros Pl\u00fambeos y las sagradas reliquias de los m\u00e1rtires de Granada.","og_url":"https:\/\/walkingranada.com\/fr\/visites-guidees\/abadia-del-sacromonte\/","og_site_name":"Walk in Granada","article_publisher":"https:\/\/es-es.facebook.com\/walkingranadatour\/","article_modified_time":"2025-04-21T12:39:43+00:00","og_image":[{"url":"https:\/\/walkingranada.com\/wp-content\/uploads\/2022\/10\/fi-rr-marker.png","type":"","width":"","height":""}],"twitter_card":"summary_large_image","twitter_site":"@walkingranada","twitter_misc":{"Dur\u00e9e de lecture estim\u00e9e":"8 minutes"},"schema":{"@context":"https:\/\/schema.org","@graph":[{"@type":"WebPage","@id":"https:\/\/walkingranada.com\/visitas-guiadas\/abadia-del-sacromonte\/","url":"https:\/\/walkingranada.com\/visitas-guiadas\/abadia-del-sacromonte\/","name":"Abbaye de Sacromonte - Visite de groupe - Walk in Granada","isPartOf":{"@id":"https:\/\/walkingranada.com\/#website"},"primaryImageOfPage":{"@id":"https:\/\/walkingranada.com\/visitas-guiadas\/abadia-del-sacromonte\/#primaryimage"},"image":{"@id":"https:\/\/walkingranada.com\/visitas-guiadas\/abadia-del-sacromonte\/#primaryimage"},"thumbnailUrl":"https:\/\/walkingranada.com\/wp-content\/uploads\/2022\/10\/fi-rr-marker.png","datePublished":"2025-02-05T10:56:13+00:00","dateModified":"2025-04-21T12:39:43+00:00","description":"Entre chasseurs de tr\u00e9sors, m\u00e9decins maures et \u00e9v\u00eaques de Grenade et de Rome, se tissent les incroyables d\u00e9couvertes des Livres de Plombic et des reliques sacr\u00e9es des martyrs de Grenade.","breadcrumb":{"@id":"https:\/\/walkingranada.com\/visitas-guiadas\/abadia-del-sacromonte\/#breadcrumb"},"inLanguage":"fr-FR","potentialAction":[{"@type":"ReadAction","target":["https:\/\/walkingranada.com\/visitas-guiadas\/abadia-del-sacromonte\/"]}]},{"@type":"ImageObject","inLanguage":"fr-FR","@id":"https:\/\/walkingranada.com\/visitas-guiadas\/abadia-del-sacromonte\/#primaryimage","url":"https:\/\/walkingranada.com\/wp-content\/uploads\/2022\/10\/fi-rr-marker.png","contentUrl":"https:\/\/walkingranada.com\/wp-content\/uploads\/2022\/10\/fi-rr-marker.png"},{"@type":"BreadcrumbList","@id":"https:\/\/walkingranada.com\/visitas-guiadas\/abadia-del-sacromonte\/#breadcrumb","itemListElement":[{"@type":"ListItem","position":1,"name":"Portada","item":"https:\/\/walkingranada.com\/"},{"@type":"ListItem","position":2,"name":"Visitas guiadas","item":"https:\/\/walkingranada.com\/visitas-guiadas\/"},{"@type":"ListItem","position":3,"name":"Abad\u00eda del Sacromonte"}]},{"@type":"WebSite","@id":"https:\/\/walkingranada.com\/#website","url":"https:\/\/walkingranada.com\/","name":"Walk in Granada","description":"Turismo responsable","publisher":{"@id":"https:\/\/walkingranada.com\/#organization"},"alternateName":"Walk in Granada","potentialAction":[{"@type":"SearchAction","target":{"@type":"EntryPoint","urlTemplate":"https:\/\/walkingranada.com\/?s={search_term_string}"},"query-input":{"@type":"PropertyValueSpecification","valueRequired":true,"valueName":"search_term_string"}}],"inLanguage":"fr-FR"},{"@type":"Organization","@id":"https:\/\/walkingranada.com\/#organization","name":"Walk In Granada","alternateName":"Walk In Granada","url":"https:\/\/walkingranada.com\/","logo":{"@type":"ImageObject","inLanguage":"fr-FR","@id":"https:\/\/walkingranada.com\/#\/schema\/logo\/image\/","url":"https:\/\/walkingranada.com\/wp-content\/uploads\/2022\/12\/Logo-Walking.webp","contentUrl":"https:\/\/walkingranada.com\/wp-content\/uploads\/2022\/12\/Logo-Walking.webp","width":512,"height":512,"caption":"Walk In Granada"},"image":{"@id":"https:\/\/walkingranada.com\/#\/schema\/logo\/image\/"},"sameAs":["https:\/\/es-es.facebook.com\/walkingranadatour\/","https:\/\/x.com\/walkingranada","https:\/\/www.instagram.com\/walkingranada\/"]}]}},"_links":{"self":[{"href":"https:\/\/walkingranada.com\/fr\/wp-json\/wp\/v2\/pages\/6098","targetHints":{"allow":["GET"]}}],"collection":[{"href":"https:\/\/walkingranada.com\/fr\/wp-json\/wp\/v2\/pages"}],"about":[{"href":"https:\/\/walkingranada.com\/fr\/wp-json\/wp\/v2\/types\/page"}],"author":[{"embeddable":true,"href":"https:\/\/walkingranada.com\/fr\/wp-json\/wp\/v2\/users\/5"}],"replies":[{"embeddable":true,"href":"https:\/\/walkingranada.com\/fr\/wp-json\/wp\/v2\/comments?post=6098"}],"version-history":[{"count":13,"href":"https:\/\/walkingranada.com\/fr\/wp-json\/wp\/v2\/pages\/6098\/revisions"}],"predecessor-version":[{"id":6917,"href":"https:\/\/walkingranada.com\/fr\/wp-json\/wp\/v2\/pages\/6098\/revisions\/6917"}],"up":[{"embeddable":true,"href":"https:\/\/walkingranada.com\/fr\/wp-json\/wp\/v2\/pages\/94"}],"wp:attachment":[{"href":"https:\/\/walkingranada.com\/fr\/wp-json\/wp\/v2\/media?parent=6098"}],"curies":[{"name":"wp","href":"https:\/\/api.w.org\/{rel}","templated":true}]}}