{"id":576,"date":"2022-11-17T09:40:03","date_gmt":"2022-11-17T09:40:03","guid":{"rendered":"https:\/\/factum-omibu.es\/walkin\/?page_id=576"},"modified":"2023-05-22T06:58:57","modified_gmt":"2023-05-22T06:58:57","slug":"lorca-vega","status":"publish","type":"page","link":"https:\/\/walkingranada.com\/fr\/visitas-guiadas\/rutas-lorquianas\/lorca-vega\/","title":{"rendered":"Une journ\u00e9e avec Lorca dans la route de la vega"},"content":{"rendered":"<p>ROUTES LORQUIENNES &gt; VEGA TOUR<\/p>\r\n<p><strong>Si vous avez des questions ou si vous souhaitez r\u00e9server, n'h\u00e9sitez pas \u00e0 nous contacter !<\/strong><\/p>\r\n<p><strong>Mail:\u00a0<\/strong><a title=\"Contactez-nous!\" href=\"mailto:info@walkingranada.com\"> <strong>info@walkingranada.com<\/strong><\/a><br \/><strong>Tlf:\u00a0<\/strong><a title=\"\u00a1Ll\u00e1manos!\" href=\"tel:+34630070893\"> <strong>+34 630 07 08 93<\/strong><\/a><\/p>\r\n<h1>Visite priv\u00e9e : Une journ\u00e9e avec Lorca dans la Vega de Grenade<\/h1>\r\n<p><a href=\"#encuentro\"> <img decoding=\"async\" loading=\"lazy\" src=\"https:\/\/walkingranada.com\/wp-content\/uploads\/2022\/10\/fi-rr-marker.png\" alt=\"SELON L&#039;H\u00c9BERGEMENT\" \/><\/a><\/p>\r\n<p>SELON L'H\u00c9BERGEMENT <img decoding=\"async\" loading=\"lazy\" src=\"https:\/\/walkingranada.com\/wp-content\/uploads\/2022\/10\/\ud83e\udd86-icon-_Info-Circle_.png\" alt=\"informaci\u00f3n\" \/><\/p>\r\n<p><img decoding=\"async\" loading=\"lazy\" src=\"https:\/\/walkingranada.com\/wp-content\/uploads\/2022\/12\/guia-tour.png\" \/><\/p>\r\n<p>Trouver votre guide<\/p>\r\n<p><img decoding=\"async\" loading=\"lazy\" src=\"https:\/\/walkingranada.com\/wp-content\/uploads\/2022\/10\/fi-rr-chat-arrow-grow.png\" alt=\"Difficult\u00e9 basse\" \/><\/p>\r\n<p>Difficult\u00e9 basse<\/p>\r\n<p><img decoding=\"async\" loading=\"lazy\" src=\"https:\/\/walkingranada.com\/wp-content\/uploads\/2022\/10\/fi-rr-map.png\" alt=\"Centres urbains, paysages des basses terres fertiles\" \/><\/p>\r\n<p>Centres urbains, paysages des basses terres fertiles<\/p>\r\n<p><img decoding=\"async\" loading=\"lazy\" src=\"https:\/\/walkingranada.com\/wp-content\/uploads\/2022\/12\/accesibilidad_.png\" alt=\"Accessibilit\u00e9 limit\u00e9e\" \/><\/p>\r\n<p>Accessibilit\u00e9 limit\u00e9e<\/p>\r\n<p><img decoding=\"async\" loading=\"lazy\" src=\"https:\/\/walkingranada.com\/wp-content\/uploads\/2022\/10\/fi-rr-calendar.png\" alt=\"TODOS LOS DIAS\" \/><\/p>\r\n<p>Tous les jours<\/p>\r\n<p><img decoding=\"async\" loading=\"lazy\" src=\"https:\/\/walkingranada.com\/wp-content\/uploads\/2022\/10\/fi-rr-clock.png\" alt=\"horario Seg\u00fan disponibilidad\" \/><\/p>\r\n<p>Selon la disponibilit\u00e9<\/p>\r\n<p><img decoding=\"async\" loading=\"lazy\" src=\"https:\/\/walkingranada.com\/wp-content\/uploads\/2022\/10\/fi-rr-alarm-clock.png\" alt=\"7,5 horas\" \/><\/p>\r\n<p>7,5 horas<\/p>\r\n<p><img decoding=\"async\" loading=\"lazy\" src=\"https:\/\/walkingranada.com\/wp-content\/uploads\/2022\/10\/fi-rr-receipt.png\" alt=\"desde 30 \u20ac\" \/><\/p>\r\n<p>desde 30\u20ac\/pax<\/p>\r\n<p><img decoding=\"async\" loading=\"lazy\" src=\"https:\/\/walkingranada.com\/wp-content\/uploads\/2022\/10\/fi-rr-comments.png\" alt=\"ESPAGNOL, ANGLAIS\" \/><\/p>\r\n<p>ESPAGNOL, ANGLAIS<\/p>\r\n<p>Cette visite vous permettra de conna\u00eetre la plaine fertile de Granada, ses champs, son histoire, ses paysages, la source d'inspiration du po\u00e8te et dramaturge.<\/p>\r\n<p>En outre, nous ferons un tour de la vie de Federico, depuis sa petite enfance \u00e0 Fuente Vaqueros, le lieu de naissance de l'\u00e9crivain, avec une visite de sa maison natale, jusqu'\u00e0 ses derniers jours \u00e0 Grenade, avec une visite de la ville de V\u00edznar, le lieu o\u00f9 il a \u00e9t\u00e9 ex\u00e9cut\u00e9 pendant la guerre civile.<\/p>\r\n<h2>Point de rencontre<\/h2>\r\n<p><img decoding=\"async\" loading=\"lazy\" title=\"lorca-color\" src=\"https:\/\/walkingranada.com\/wp-content\/uploads\/2022\/12\/lorca-color.jpg.webp\" alt=\"Foto de Garc\u00eda Lorca en color\" width=\"711\" height=\"398\" \/> \u00c0 confirmer avec le client<br \/>en fonction de l'h\u00e9bergement.<\/p>\r\n<p>Avez-vous besoin d'indications pour vous y rendre ?<\/p>\r\n<p><a role=\"button\" href=\"#reserva\" target=\"_self\" rel=\"noopener\"> Reservar &gt; <\/a><\/p>\r\n<h2>Recommandations<\/h2>\r\n<ol>\r\n<li>Cet itin\u00e9raire doit \u00eatre effectu\u00e9 en voiture, par cons\u00e9quent, si plus de 4 participants souhaitent le faire, il est n\u00e9cessaire de v\u00e9rifier la disponibilit\u00e9 des v\u00e9hicules.<\/li>\r\n<li class=\"translation-block\">Arrivez <strong>20 minutes en avance<\/strong> avant l'heure de d\u00e9but de la visite.<\/li>\r\n<li>Portez des\u00a0<strong>chaussures confortables<\/strong>. La visita tiene una duraci\u00f3n de 7,5 horas.<\/li>\r\n<li>En \u00e9t\u00e9, pensez \u00e0 utiliser de la<strong>\u00a0cr\u00e8me solaire et \u00e0 emporter une bouteille d'eau<\/strong>.<\/li>\r\n<\/ol>\r\n<h2>Itin\u00e9raire<\/h2>\r\n<ul>\r\n<li>Vega de Granada<\/li>\r\n<li>Centre d'\u00e9tudes lorquiennes<br \/><em>Fuente Vaqueros<\/em><\/li>\r\n<li>Maison-mus\u00e9e Federico Garc\u00eda Lorca.<br \/><em>Valderrubio<\/em><\/li>\r\n<li>Ferme de Daimuz<\/li>\r\n<li>Pause d\u00e9jeuner<br \/><em>(no incluido)<\/em><\/li>\r\n<li>Viznar<\/li>\r\n<li>Aynadamar. Parc Federico Garc\u00eda Lorca<br \/><em>Ravin de V\u00edznar<\/em><\/li>\r\n<\/ul>\r\n<p>Lors de notre transfert de Fuente Vaqueros \u00e0 Valderrubio et de Valderrubio \u00e0 Viznar, nous traversons un paysage naturel pratiquement identique \u00e0 celui dont Lorca a profit\u00e9 de son vivant.<br \/>Le paysage de la Vega de Granada poss\u00e8de des valeurs culturelles et naturelles qui parlent d'elles-m\u00eames. Il puise ses racines dans les vergers de la Grenade nasride, une excellente fertilit\u00e9 agricole, conserve un paysage de peupleraies, de lin et de tabac et les vestiges de l'industrialisation de la betterave \u00e0 sucre et du chanvre, produits qui ont soutenu le d\u00e9veloppement \u00e9conomique de la famille Lorca.<br \/>familia Lorca. <strong>Si vous avez des questions ou si vous souhaitez r\u00e9server, n'h\u00e9sitez pas \u00e0 nous contacter !<\/strong><br \/>Mail:\u00a0<a title=\"Contactez-nous!\" href=\"mailto:info@walkingranada.com\"> <strong>info@walkingranada.com<\/strong><\/a><br \/>Tlf:\u00a0<a title=\"\u00a1Ll\u00e1manos!\" href=\"tel:+34630070893\"> <strong>+34 630 07 08 93<\/strong><\/a><\/p>\r\n<h2>Tambi\u00e9n puedes reservar nuestras otras visitas guiadas&#8230;<\/h2>\r\n<section><img decoding=\"async\" loading=\"lazy\" src=\"https:\/\/walkingranada.com\/wp-content\/uploads\/2023\/01\/Card-Albaicin-sacromonte.webp\" alt=\"Visita guiada al albaic\u00edn y Sacromonte\" width=\"100%\" \/>\r\n<h3>Visite guid\u00e9e de l'Albaic\u00edn et du Sacromonte<\/h3>\r\n<hr \/>\r\n<p>Un itin\u00e9raire qui combine les deux quartiers les plus repr\u00e9sentatifs et embl\u00e9matiques de Granada.<\/p>\r\n<hr \/>\r\n<p>Tous les jours<\/p>\r\n<p>Demandez-nous<\/p>\r\n<p>2,5h<\/p>\r\n\u00c0 partir de\r\n<p>8\u20ac<\/p>\r\n\/pax <a href=\"https:\/\/walkingranada.com\/fr\/visites-guidees\/albaicin-et-sacromonte\/\">Reservar &gt;<\/a> <img decoding=\"async\" loading=\"lazy\" src=\"https:\/\/walkingranada.com\/wp-content\/uploads\/2023\/01\/visita-albaicin-card.webp\" alt=\"Visita Guiada al Albaic\u00edn\" width=\"100%\" \/>\r\n<h3>Visite guid\u00e9e du <br \/>Albaic\u00edn<\/h3>\r\n<hr \/>\r\n<p>Sum\u00e9rgete en la historia. En esta visita recorrer\u00e1s las zonas m\u00e1s c\u00e9ntricas y populares de la &#8230;<\/p>\r\n<hr \/>\r\n<p>Tous les jours<\/p>\r\n<p>Demandez-nous<\/p>\r\n<p>2,5h<\/p>\r\n\u00c0 partir de\r\n<p>8\u20ac<\/p>\r\n\/pax <a href=\"https:\/\/walkingranada.com\/fr\/visites-guidees\/albaicin\/\">Reservar &gt;<\/a> <img decoding=\"async\" loading=\"lazy\" src=\"https:\/\/walkingranada.com\/wp-content\/uploads\/2023\/01\/Card-Sacromonte.webp\" alt=\"Visita guiada al sacromonte\" width=\"100%\" \/>\r\n<h3>Visite guid\u00e9e du Sacromonte<\/h3>\r\n<hr \/>Conoce el barrio con m\u00e1s duende de Granada. \u00c9ste es un tour para amantes de la fotograf\u00eda.<hr \/>\r\n<p>Tous les jours<\/p>\r\n<p>Demandez-nous<\/p>\r\n<p>2,5h<\/p>\r\n\u00c0 partir de\r\n<p>8\u20ac<\/p>\r\n\/pax <a href=\"https:\/\/walkingranada.com\/fr\/visites-guidees\/sacromonte\/\">Reservar &gt;<\/a> <img decoding=\"async\" loading=\"lazy\" src=\"https:\/\/walkingranada.com\/wp-content\/uploads\/2023\/01\/Centro-historico-card.webp\" alt=\"Visita guiada al centro historico y bajo albaicin\" width=\"100%\" \/>\r\n<h3>Visite guid\u00e9e du centre historique et du bas Albaic\u00edn<\/h3>\r\n<hr \/>\r\n<p>Plongez dans l'histoire. Au cours de ce circuit, vous visiterez les quartiers les plus centraux et les plus populaires.<\/p>\r\n<hr \/>\r\n<p>Tous les jours<\/p>\r\n<p>Demandez-nous<\/p>\r\n<p>2,5h<\/p>\r\n\u00c0 partir de\r\n<p>8\u20ac<\/p>\r\n\/pax <a href=\"https:\/\/walkingranada.com\/fr\/visites-guidees\/centre-historique-albaicin\/\">Reservar &gt;<\/a><\/section>\r\n<h2>Tambi\u00e9n puedes reservar nuestros otros servicios&#8230;<\/h2>\r\n<p><img decoding=\"async\" loading=\"lazy\" src=\"https:\/\/walkingranada.com\/wp-content\/uploads\/2022\/10\/Rectangle-42.png\" alt=\"bailaora flamenca\" \/><\/p>\r\n<h3>Flamenco<\/h3>\r\n<p><img decoding=\"async\" loading=\"lazy\" src=\"https:\/\/walkingranada.com\/wp-content\/uploads\/2022\/10\/Rectangle-43.png\" alt=\"ba\u00f1os \u00e1rabes\" \/><\/p>\r\n<h3>Hammam <br \/>Al-\u00e1ndalus<\/h3>\r\n<p><img decoding=\"async\" loading=\"lazy\" src=\"https:\/\/walkingranada.com\/wp-content\/uploads\/2022\/10\/Rectangle-45.png\" alt=\"mezquita de c\u00f3rdoba\" \/><\/p>\r\n<h3>excursions <br \/>d\u2019une journ\u00e9e<\/h3>\r\n<p><img decoding=\"async\" loading=\"lazy\" src=\"https:\/\/walkingranada.com\/wp-content\/uploads\/2022\/10\/Rectangle-38.png\" alt=\"imagen de una chica joven\" \/><\/p>\r\n<h3>Route olfactif<\/h3>","protected":false},"excerpt":{"rendered":"<p>Rutas Lorquianas &gt; Lorca Vega \u00a1Si tienes cualquier pregunta o deseas reservar, no dudes en contactarnos! Mail:\u00a0 info@walkingranada.comTlf:\u00a0 +34 630 07 08 93 Ruta privada: un d\u00eda con Lorca en la vega de Granada Seg\u00fan alojamiento busca a tu gu\u00eda Dificultad baja Cascos urbanos, paisajes de la vega Accesibilidad limitada Todos los d\u00edas Seg\u00fan disponibilidad &#8230; <a title=\"Une journ\u00e9e avec Lorca dans la route de la vega\" class=\"read-more\" href=\"https:\/\/walkingranada.com\/fr\/visitas-guiadas\/rutas-lorquianas\/lorca-vega\/\" aria-label=\"En savoir plus sur Un d\u00eda con Lorca en la vega de Granada\">Lire la suite<\/a><\/p>","protected":false},"author":2,"featured_media":2469,"parent":426,"menu_order":0,"comment_status":"closed","ping_status":"closed","template":"","meta":{"footnotes":""},"class_list":["post-576","page","type-page","status-publish","has-post-thumbnail"],"yoast_head":"<!-- This site is optimized with the Yoast SEO plugin v27.5 - https:\/\/yoast.com\/product\/yoast-seo-wordpress\/ -->\n<title>Un d\u00eda con Lorca en la vega de Granada - Walk in Granada<\/title>\n<meta name=\"description\" content=\"Ad\u00e9ntrate en la Vega Granadina con esta ruta basada en los puntos clave del poeta Federico Garc\u00eda Lorca. Sum\u00e9rgete en la historia.\" \/>\n<meta name=\"robots\" content=\"index, follow, max-snippet:-1, max-image-preview:large, max-video-preview:-1\" \/>\n<link rel=\"canonical\" href=\"https:\/\/walkingranada.com\/fr\/visites-guidees\/routes-lorquiennes\/lorca-vega\/\" \/>\n<meta property=\"og:locale\" content=\"fr_FR\" \/>\n<meta property=\"og:type\" content=\"article\" \/>\n<meta property=\"og:title\" content=\"Un d\u00eda con Lorca en la vega de Granada - Walk in Granada\" \/>\n<meta property=\"og:description\" content=\"Ad\u00e9ntrate en la Vega Granadina con esta ruta basada en los puntos clave del poeta Federico Garc\u00eda Lorca. Sum\u00e9rgete en la historia.\" \/>\n<meta property=\"og:url\" content=\"https:\/\/walkingranada.com\/fr\/visites-guidees\/routes-lorquiennes\/lorca-vega\/\" \/>\n<meta property=\"og:site_name\" content=\"Walk in Granada\" \/>\n<meta property=\"article:publisher\" content=\"https:\/\/es-es.facebook.com\/walkingranadatour\/\" \/>\n<meta property=\"article:modified_time\" content=\"2023-05-22T06:58:57+00:00\" \/>\n<meta property=\"og:image\" content=\"https:\/\/walkingranada.com\/wp-content\/uploads\/2023\/01\/Vega-Granada-Lorca.webp\" \/>\n\t<meta property=\"og:image:width\" content=\"452\" \/>\n\t<meta property=\"og:image:height\" content=\"282\" \/>\n\t<meta property=\"og:image:type\" content=\"image\/webp\" \/>\n<meta name=\"twitter:card\" content=\"summary_large_image\" \/>\n<meta name=\"twitter:site\" content=\"@walkingranada\" \/>\n<meta name=\"twitter:label1\" content=\"Dur\u00e9e de lecture estim\u00e9e\" \/>\n\t<meta name=\"twitter:data1\" content=\"7 minutes\" \/>\n<script type=\"application\/ld+json\" class=\"yoast-schema-graph\">{\"@context\":\"https:\\\/\\\/schema.org\",\"@graph\":[{\"@type\":\"WebPage\",\"@id\":\"https:\\\/\\\/walkingranada.com\\\/en\\\/guided-tours\\\/lorquian-routes\\\/lorca-vega\\\/\",\"url\":\"https:\\\/\\\/walkingranada.com\\\/en\\\/guided-tours\\\/lorquian-routes\\\/lorca-vega\\\/\",\"name\":\"Un d\u00eda con Lorca en la vega de Granada - Walk in Granada\",\"isPartOf\":{\"@id\":\"https:\\\/\\\/walkingranada.com\\\/#website\"},\"primaryImageOfPage\":{\"@id\":\"https:\\\/\\\/walkingranada.com\\\/en\\\/guided-tours\\\/lorquian-routes\\\/lorca-vega\\\/#primaryimage\"},\"image\":{\"@id\":\"https:\\\/\\\/walkingranada.com\\\/en\\\/guided-tours\\\/lorquian-routes\\\/lorca-vega\\\/#primaryimage\"},\"thumbnailUrl\":\"https:\\\/\\\/walkingranada.com\\\/wp-content\\\/uploads\\\/2023\\\/01\\\/Vega-Granada-Lorca.webp\",\"datePublished\":\"2022-11-17T09:40:03+00:00\",\"dateModified\":\"2023-05-22T06:58:57+00:00\",\"description\":\"Ad\u00e9ntrate en la Vega Granadina con esta ruta basada en los puntos clave del poeta Federico Garc\u00eda Lorca. Sum\u00e9rgete en la historia.\",\"breadcrumb\":{\"@id\":\"https:\\\/\\\/walkingranada.com\\\/en\\\/guided-tours\\\/lorquian-routes\\\/lorca-vega\\\/#breadcrumb\"},\"inLanguage\":\"fr-FR\",\"potentialAction\":[{\"@type\":\"ReadAction\",\"target\":[\"https:\\\/\\\/walkingranada.com\\\/en\\\/guided-tours\\\/lorquian-routes\\\/lorca-vega\\\/\"]}]},{\"@type\":\"ImageObject\",\"inLanguage\":\"fr-FR\",\"@id\":\"https:\\\/\\\/walkingranada.com\\\/en\\\/guided-tours\\\/lorquian-routes\\\/lorca-vega\\\/#primaryimage\",\"url\":\"https:\\\/\\\/walkingranada.com\\\/wp-content\\\/uploads\\\/2023\\\/01\\\/Vega-Granada-Lorca.webp\",\"contentUrl\":\"https:\\\/\\\/walkingranada.com\\\/wp-content\\\/uploads\\\/2023\\\/01\\\/Vega-Granada-Lorca.webp\",\"width\":452,\"height\":282,\"caption\":\"Vega de Granada\"},{\"@type\":\"BreadcrumbList\",\"@id\":\"https:\\\/\\\/walkingranada.com\\\/en\\\/guided-tours\\\/lorquian-routes\\\/lorca-vega\\\/#breadcrumb\",\"itemListElement\":[{\"@type\":\"ListItem\",\"position\":1,\"name\":\"Portada\",\"item\":\"https:\\\/\\\/walkingranada.com\\\/\"},{\"@type\":\"ListItem\",\"position\":2,\"name\":\"Visitas guiadas\",\"item\":\"https:\\\/\\\/walkingranada.com\\\/visitas-guiadas\\\/\"},{\"@type\":\"ListItem\",\"position\":3,\"name\":\"Rutas Lorquianas\",\"item\":\"https:\\\/\\\/walkingranada.com\\\/visitas-guiadas\\\/rutas-lorquianas\\\/\"},{\"@type\":\"ListItem\",\"position\":4,\"name\":\"Un d\u00eda con Lorca en la vega de Granada\"}]},{\"@type\":\"WebSite\",\"@id\":\"https:\\\/\\\/walkingranada.com\\\/#website\",\"url\":\"https:\\\/\\\/walkingranada.com\\\/\",\"name\":\"Walk in Granada\",\"description\":\"Turismo responsable\",\"publisher\":{\"@id\":\"https:\\\/\\\/walkingranada.com\\\/#organization\"},\"alternateName\":\"Walk in Granada\",\"potentialAction\":[{\"@type\":\"SearchAction\",\"target\":{\"@type\":\"EntryPoint\",\"urlTemplate\":\"https:\\\/\\\/walkingranada.com\\\/?s={search_term_string}\"},\"query-input\":{\"@type\":\"PropertyValueSpecification\",\"valueRequired\":true,\"valueName\":\"search_term_string\"}}],\"inLanguage\":\"fr-FR\"},{\"@type\":\"Organization\",\"@id\":\"https:\\\/\\\/walkingranada.com\\\/#organization\",\"name\":\"Walk In Granada\",\"alternateName\":\"Walk In Granada\",\"url\":\"https:\\\/\\\/walkingranada.com\\\/\",\"logo\":{\"@type\":\"ImageObject\",\"inLanguage\":\"fr-FR\",\"@id\":\"https:\\\/\\\/walkingranada.com\\\/#\\\/schema\\\/logo\\\/image\\\/\",\"url\":\"https:\\\/\\\/walkingranada.com\\\/wp-content\\\/uploads\\\/2022\\\/12\\\/Logo-Walking.webp\",\"contentUrl\":\"https:\\\/\\\/walkingranada.com\\\/wp-content\\\/uploads\\\/2022\\\/12\\\/Logo-Walking.webp\",\"width\":512,\"height\":512,\"caption\":\"Walk In Granada\"},\"image\":{\"@id\":\"https:\\\/\\\/walkingranada.com\\\/#\\\/schema\\\/logo\\\/image\\\/\"},\"sameAs\":[\"https:\\\/\\\/es-es.facebook.com\\\/walkingranadatour\\\/\",\"https:\\\/\\\/x.com\\\/walkingranada\",\"https:\\\/\\\/www.instagram.com\\\/walkingranada\\\/\"]}]}<\/script>\n<!-- \/ Yoast SEO plugin. -->","yoast_head_json":{"title":"Une journ\u00e9e avec Lorca dans la Vega de Granada - Walk in Granada","description":"Plongez-vous dans la Vega de Granada avec cette itin\u00e9raire bas\u00e9 sur les points cl\u00e9s du po\u00e8te Federico Garc\u00eda Lorca. Plongez dans l'histoire.","robots":{"index":"index","follow":"follow","max-snippet":"max-snippet:-1","max-image-preview":"max-image-preview:large","max-video-preview":"max-video-preview:-1"},"canonical":"https:\/\/walkingranada.com\/fr\/visites-guidees\/routes-lorquiennes\/lorca-vega\/","og_locale":"fr_FR","og_type":"article","og_title":"Un d\u00eda con Lorca en la vega de Granada - Walk in Granada","og_description":"Ad\u00e9ntrate en la Vega Granadina con esta ruta basada en los puntos clave del poeta Federico Garc\u00eda Lorca. Sum\u00e9rgete en la historia.","og_url":"https:\/\/walkingranada.com\/fr\/visites-guidees\/routes-lorquiennes\/lorca-vega\/","og_site_name":"Walk in Granada","article_publisher":"https:\/\/es-es.facebook.com\/walkingranadatour\/","article_modified_time":"2023-05-22T06:58:57+00:00","og_image":[{"width":452,"height":282,"url":"https:\/\/walkingranada.com\/wp-content\/uploads\/2023\/01\/Vega-Granada-Lorca.webp","type":"image\/webp"}],"twitter_card":"summary_large_image","twitter_site":"@walkingranada","twitter_misc":{"Dur\u00e9e de lecture estim\u00e9e":"7 minutes"},"schema":{"@context":"https:\/\/schema.org","@graph":[{"@type":"WebPage","@id":"https:\/\/walkingranada.com\/en\/guided-tours\/lorquian-routes\/lorca-vega\/","url":"https:\/\/walkingranada.com\/en\/guided-tours\/lorquian-routes\/lorca-vega\/","name":"Une journ\u00e9e avec Lorca dans la Vega de Granada - Walk in Granada","isPartOf":{"@id":"https:\/\/walkingranada.com\/#website"},"primaryImageOfPage":{"@id":"https:\/\/walkingranada.com\/en\/guided-tours\/lorquian-routes\/lorca-vega\/#primaryimage"},"image":{"@id":"https:\/\/walkingranada.com\/en\/guided-tours\/lorquian-routes\/lorca-vega\/#primaryimage"},"thumbnailUrl":"https:\/\/walkingranada.com\/wp-content\/uploads\/2023\/01\/Vega-Granada-Lorca.webp","datePublished":"2022-11-17T09:40:03+00:00","dateModified":"2023-05-22T06:58:57+00:00","description":"Plongez-vous dans la Vega de Granada avec cette itin\u00e9raire bas\u00e9 sur les points cl\u00e9s du po\u00e8te Federico Garc\u00eda Lorca. Plongez dans l'histoire.","breadcrumb":{"@id":"https:\/\/walkingranada.com\/en\/guided-tours\/lorquian-routes\/lorca-vega\/#breadcrumb"},"inLanguage":"fr-FR","potentialAction":[{"@type":"ReadAction","target":["https:\/\/walkingranada.com\/en\/guided-tours\/lorquian-routes\/lorca-vega\/"]}]},{"@type":"ImageObject","inLanguage":"fr-FR","@id":"https:\/\/walkingranada.com\/en\/guided-tours\/lorquian-routes\/lorca-vega\/#primaryimage","url":"https:\/\/walkingranada.com\/wp-content\/uploads\/2023\/01\/Vega-Granada-Lorca.webp","contentUrl":"https:\/\/walkingranada.com\/wp-content\/uploads\/2023\/01\/Vega-Granada-Lorca.webp","width":452,"height":282,"caption":"Vega de Granada"},{"@type":"BreadcrumbList","@id":"https:\/\/walkingranada.com\/en\/guided-tours\/lorquian-routes\/lorca-vega\/#breadcrumb","itemListElement":[{"@type":"ListItem","position":1,"name":"Portada","item":"https:\/\/walkingranada.com\/"},{"@type":"ListItem","position":2,"name":"Visitas guiadas","item":"https:\/\/walkingranada.com\/visitas-guiadas\/"},{"@type":"ListItem","position":3,"name":"Rutas Lorquianas","item":"https:\/\/walkingranada.com\/visitas-guiadas\/rutas-lorquianas\/"},{"@type":"ListItem","position":4,"name":"Un d\u00eda con Lorca en la vega de Granada"}]},{"@type":"WebSite","@id":"https:\/\/walkingranada.com\/#website","url":"https:\/\/walkingranada.com\/","name":"Walk in Granada","description":"Turismo responsable","publisher":{"@id":"https:\/\/walkingranada.com\/#organization"},"alternateName":"Walk in Granada","potentialAction":[{"@type":"SearchAction","target":{"@type":"EntryPoint","urlTemplate":"https:\/\/walkingranada.com\/?s={search_term_string}"},"query-input":{"@type":"PropertyValueSpecification","valueRequired":true,"valueName":"search_term_string"}}],"inLanguage":"fr-FR"},{"@type":"Organization","@id":"https:\/\/walkingranada.com\/#organization","name":"Walk In Granada","alternateName":"Walk In Granada","url":"https:\/\/walkingranada.com\/","logo":{"@type":"ImageObject","inLanguage":"fr-FR","@id":"https:\/\/walkingranada.com\/#\/schema\/logo\/image\/","url":"https:\/\/walkingranada.com\/wp-content\/uploads\/2022\/12\/Logo-Walking.webp","contentUrl":"https:\/\/walkingranada.com\/wp-content\/uploads\/2022\/12\/Logo-Walking.webp","width":512,"height":512,"caption":"Walk In Granada"},"image":{"@id":"https:\/\/walkingranada.com\/#\/schema\/logo\/image\/"},"sameAs":["https:\/\/es-es.facebook.com\/walkingranadatour\/","https:\/\/x.com\/walkingranada","https:\/\/www.instagram.com\/walkingranada\/"]}]}},"_links":{"self":[{"href":"https:\/\/walkingranada.com\/fr\/wp-json\/wp\/v2\/pages\/576","targetHints":{"allow":["GET"]}}],"collection":[{"href":"https:\/\/walkingranada.com\/fr\/wp-json\/wp\/v2\/pages"}],"about":[{"href":"https:\/\/walkingranada.com\/fr\/wp-json\/wp\/v2\/types\/page"}],"author":[{"embeddable":true,"href":"https:\/\/walkingranada.com\/fr\/wp-json\/wp\/v2\/users\/2"}],"replies":[{"embeddable":true,"href":"https:\/\/walkingranada.com\/fr\/wp-json\/wp\/v2\/comments?post=576"}],"version-history":[{"count":0,"href":"https:\/\/walkingranada.com\/fr\/wp-json\/wp\/v2\/pages\/576\/revisions"}],"up":[{"embeddable":true,"href":"https:\/\/walkingranada.com\/fr\/wp-json\/wp\/v2\/pages\/426"}],"wp:featuredmedia":[{"embeddable":true,"href":"https:\/\/walkingranada.com\/fr\/wp-json\/wp\/v2\/media\/2469"}],"wp:attachment":[{"href":"https:\/\/walkingranada.com\/fr\/wp-json\/wp\/v2\/media?parent=576"}],"curies":[{"name":"wp","href":"https:\/\/api.w.org\/{rel}","templated":true}]}}