{"id":5020,"date":"2024-08-21T09:25:09","date_gmt":"2024-08-21T09:25:09","guid":{"rendered":"https:\/\/walkingranada.com\/?page_id=5020"},"modified":"2026-03-06T12:44:21","modified_gmt":"2026-03-06T12:44:21","slug":"visite-guidee-avec-entree-alhambra-2","status":"publish","type":"page","link":"https:\/\/walkingranada.com\/fr\/alhambra\/nocturna\/","title":{"rendered":"Visite de l'Alhambra de nuit"},"content":{"rendered":"<p>Alhambra &gt; Visite de nuit<\/p>\n\t<!-- FareHarbor calendar of item #547089 -->\n<h1>\n\t\t\tVisite de l'Alhambra de nuit\t<\/h1>\n        <a href=\"#encuentro\">\n            <img decoding=\"async\" loading=\"lazy\" src=\"https:\/\/walkingranada.com\/wp-content\/uploads\/2022\/10\/fi-rr-marker.png\" alt=\"Restaurant La Mimbre\"\/>\n            <p>Restaurant La Mimbre <img decoding=\"async\" loading=\"lazy\" src=\"https:\/\/walkingranada.com\/wp-content\/uploads\/2022\/10\/\ud83e\udd86-icon-_Info-Circle_.png\" alt=\"informaci\u00f3n\"\/><\/p>\n        <\/a>\n        <img decoding=\"async\" loading=\"lazy\" src=\"https:\/\/walkingranada.com\/wp-content\/uploads\/2022\/10\/fi-rr-umbrella.png\" alt=\"Paseo de la Alhambra s\/n\"\/>\n        <p>Paseo de la Alhambra s\/n<\/p>\n        <img decoding=\"async\" loading=\"lazy\" src=\"https:\/\/walkingranada.com\/wp-content\/uploads\/2024\/03\/Entradas.png\" alt=\"Difficult\u00e9 basse\" width=\"60px\" height=\"60px\"\/>\n        <p>Entr\u00e9e comprise<\/p>\n        <img decoding=\"async\" loading=\"lazy\" src=\"https:\/\/walkingranada.com\/wp-content\/uploads\/2023\/06\/visita-en-grupo.webp\" alt=\"Grupo\"\/>\n        <p>Groupe jusqu'\u00e0 30 personnes<\/p>\n        <img decoding=\"async\" loading=\"lazy\" src=\"https:\/\/walkingranada.com\/wp-content\/uploads\/2022\/12\/accesibilidad_.png\" alt=\"Accessibilit\u00e9 limit\u00e9e\"\/>\n        <p>Accessibilit\u00e9 limit\u00e9e<\/p>\n        <img decoding=\"async\" loading=\"lazy\" src=\"https:\/\/walkingranada.com\/wp-content\/uploads\/2022\/10\/fi-rr-calendar.png\" alt=\"Tous les jours\"\/>\n        <p>Selon disponibilit\u00e9<\/p>\n        <img decoding=\"async\" loading=\"lazy\" src=\"https:\/\/walkingranada.com\/wp-content\/uploads\/2022\/10\/fi-rr-clock.png\" alt=\"21:30 AM\"\/>\n        <p>21:30 (Verano)<\/p>\n19:30 (Invierno)\n        <img decoding=\"async\" loading=\"lazy\" src=\"https:\/\/walkingranada.com\/wp-content\/uploads\/2022\/10\/fi-rr-alarm-clock.png\" alt=\"2,5 HEURES\"\/>\n        <p>2 heures<\/p>\n        <img decoding=\"async\" loading=\"lazy\" src=\"https:\/\/walkingranada.com\/wp-content\/uploads\/2022\/10\/fi-rr-receipt.png\" alt=\"TU PONES EL PRECIO\"\/>\n        <p>A partir de 50\u20ac\/personne<\/p>\n        <img decoding=\"async\" loading=\"lazy\" src=\"https:\/\/walkingranada.com\/wp-content\/uploads\/2022\/10\/fi-rr-comments.png\" alt=\"Espagnol\"\/>\n        <p>Espagnol<\/p>\n<h2>\n\t\t\tNous d\u00e9couvrons les palais Nasrides sous leur jour le plus magique et le plus flatteur.\t<\/h2>\n\t<p>Personne ne peut r\u00e9sister aux charmes de la<strong> visite nocturne de l'Alhambra<\/strong>. Profitez d'une visite plus l\u00e9g\u00e8re de 2 heures qui vous plongera dans l'essence de l'Alhambra. Cette exp\u00e9rience comprend une douce promenade dans les <strong>Palais Nasrides<\/strong> et le <strong>Palais de Charles V<\/strong>, deux des lieux les plus embl\u00e9matiques du complexe, con\u00e7us dans l'intention d'\u00eatre la demeure de leurs seigneurs royaux.\u00a0<\/p>\n<p>En outre, le prix couvre le droit d'entr\u00e9e, ce qui vous lib\u00e8re de toute proc\u00e9dure de pr\u00e9-r\u00e9servation fastidieuse et vous permet de vous immerger pleinement dans la merveilleuse histoire que ce lieu a \u00e0 offrir.<\/p>\n<h2>\n\t\t\tPoint de rencontre\t<\/h2>\n<figure itemscope itemtype=\"https:\/\/schema.org\/ImageObject\">\n\t\t\t\t<img decoding=\"async\" src=\"https:\/\/walkingranada.com\/wp-content\/uploads\/2024\/08\/Restaurante-La-Mimbre.jpeg\" alt=\"Restaurant La Mimbre\" height=\"341\" width=\"512\" title=\"Restaurant La Mimbre\" onerror=\"this.style.display='none'\" loading=\"lazy\" \/>\n\t<\/figure>\n<h3>\n\t\t\tRestaurante La Mimbre  Junto a Pabell\u00f3n de Acceso a la Alhambra y Generalife \t<\/h3>\n\t<p>Avez-vous besoin d'indications pour vous y rendre ?<\/p>\n\t\t\t<a href=\"#reserva\"  target=\"_self\">\n\t\t\t\t\t\t\tR\u00e9server &gt;\n\t\t\t\t\t<\/a>\n\t\t\t<a href=\"https:\/\/walkingranada.com\/fr\/comment-rejoindre-a-la-alhambra\/\"  target=\"_self\">\n\t\t\t\t\t\t\tComment s'y rendre ? &gt;\n\t\t\t\t\t<\/a>\n<h2>\n\t\t\tRecommandations\t<\/h2>\n\t<ol>\n<li aria-level=\"1\"><strong>Difficult\u00e9 basse<\/strong><\/li>\n<li aria-level=\"1\">Les sacs \u00e0 dos ou les sacs de plus de 40\u00d740 cm ne sont pas autoris\u00e9s.<\/li>\n<li aria-level=\"1\">Le prix <strong>COMPREND L'ENTR\u00c9E<\/strong> et il est <strong>ABSOLUMENT OBLIGATOIRE d'apporter la pi\u00e8ce d'identit\u00e9 originale<\/strong>.\u00a0<\/li>\n<li aria-level=\"1\"><strong>Visite de l'Alhambra selon disponibilit\u00e9<\/strong>. Les r\u00e9servations ne peuvent \u00eatre faites que pour les dates disponibles et le groupe sera ferm\u00e9 d\u00e8s que les billets seront \u00e9puis\u00e9s. Si un billet n'a pas pu \u00eatre achet\u00e9 en raison de l'\u00e9puisement des places, mais que le paiement a \u00e9t\u00e9 effectu\u00e9, le montant sera rembours\u00e9 dans son int\u00e9gralit\u00e9.<\/li>\n<li aria-level=\"1\">Nous recommandons <strong>de r\u00e9server au moins trois semaines \u00e0 l'avance<\/strong>.<\/li>\n<li aria-level=\"1\">Le prix <strong>comprend les syst\u00e8mes audio pour les groupes de plus de 7 personnes<\/strong>.<\/li>\n<\/ol>\n<h2>\n\t\t\tItin\u00e9raire\t<\/h2>\n\t<ul>\n<li>Restaurant La Mimbre<\/li>\n<li>Palais de Charles V<\/li>\n<li>Palais Nasrides<\/li>\n<li>Mexuar<\/li>\n<li>Comares<\/li>\n<li>Patio de los Arrayanes<\/li>\n<li>Palais des Lions<\/li>\n<\/ul>\n\t<p>Chaque d\u00e9tail, des d\u00e9licates sculptures en bois aux carreaux m\u00e9ticuleusement d\u00e9cor\u00e9s, brille sous l'\u00e9clairage nocturne, r\u00e9v\u00e9lant des secrets cach\u00e9s en plein jour. Une visite nocturne \u00e0 l'Alhambra n'est pas seulement un voyage \u00e0 travers son architecture et ses jardins, mais aussi un voyage sensoriel qui enveloppe les sens et laisse une marque ind\u00e9l\u00e9bile dans le c\u0153ur de ses visiteurs.<\/p>\n<h2>\n\t\t\tTambi\u00e9n puedes reservar nuestras otras visitas a la Alhambra&#8230;\t<\/h2>\n<h2>\n\t\t\tTambi\u00e9n puedes reservar nuestros otros servicios&#8230;\t<\/h2>\n\t<a href=\"https:\/\/walkingranada.com\/fr\/que-faire-a-granada\/flamenco\/\" target=\"_self\"><\/a>\t\t\t<img decoding=\"async\" loading=\"lazy\" alt=\"bailaora flamenca\" src=\"https:\/\/walkingranada.com\/wp-content\/uploads\/2022\/10\/Rectangle-42.png\"\/>\n\t\t<h3>Flamenco<\/h3>\n\t<a href=\"https:\/\/walkingranada.com\/fr\/que-faire-a-granada\/hammam-al-andalus\/\" target=\"_self\"><\/a>\t\t\t<img decoding=\"async\" loading=\"lazy\" alt=\"ba\u00f1os \u00e1rabes\" src=\"https:\/\/walkingranada.com\/wp-content\/uploads\/2022\/10\/Rectangle-43.png\"\/>\n\t\t<h3>Hammam <br \/>Al-\u00e1ndalus<\/h3>\n\t<a href=\"https:\/\/walkingranada.com\/fr\/que-faire-a-granada\/excursions\/\" target=\"_self\"><\/a>\t\t\t<img decoding=\"async\" loading=\"lazy\" alt=\"mezquita de c\u00f3rdoba\" src=\"https:\/\/walkingranada.com\/wp-content\/uploads\/2022\/10\/Rectangle-45.png\"\/>\n\t\t<h3>excursions <br \/>d\u2019une journ\u00e9e<\/h3>\n\t<a href=\"https:\/\/walkingranada.com\/fr\/que-faire-a-granada\/route-olfactif\/\" target=\"_self\"><\/a>\t\t\t<img decoding=\"async\" loading=\"lazy\" alt=\"imagen de una chica joven\" src=\"https:\/\/walkingranada.com\/wp-content\/uploads\/2022\/10\/Rectangle-38.png\"\/>\n\t\t<h3>Route olfactif<\/h3>","protected":false},"excerpt":{"rendered":"<p>Alhambra &gt; Visita Nocturna Visita Alhambra Nocturna Restaurante La Mimbre Paseo de la Alhambra s\/n Entrada incluida Grupo de hasta 30 personas Accesibilidad limitada Seg\u00fan Disponibilidad 21:30 (Verano) 19:30 (Invierno) 2 horas Desde 50\u20ac\/persona Espa\u00f1ol Descubrimos los Palacios Nazar\u00edes con su luz m\u00e1s m\u00e1gica y favorecedora No hay quien se resista a los encantos de &#8230; <a title=\"Visite de l&#039;Alhambra de nuit\" class=\"read-more\" href=\"https:\/\/walkingranada.com\/fr\/alhambra\/nocturna\/\" aria-label=\"En savoir plus sur Visita Alhambra Nocturna\">Lire la suite<\/a><\/p>","protected":false},"author":2,"featured_media":2274,"parent":88,"menu_order":0,"comment_status":"closed","ping_status":"closed","template":"","meta":{"footnotes":""},"class_list":["post-5020","page","type-page","status-publish","has-post-thumbnail"],"yoast_head":"<!-- This site is optimized with the Yoast SEO plugin v27.4 - https:\/\/yoast.com\/product\/yoast-seo-wordpress\/ -->\n<title>Visita Alhambra Nocturna - Walk In Granada<\/title>\n<meta name=\"description\" content=\"Descubre una belleza sin parang\u00f3n con nuestra visita a la Alhambra Nocturna. D\u00e9jate cautivar por los palacios Nazar\u00edes a la luz de la luna.\" \/>\n<meta name=\"robots\" content=\"index, follow, max-snippet:-1, max-image-preview:large, max-video-preview:-1\" \/>\n<link rel=\"canonical\" href=\"https:\/\/walkingranada.com\/fr\/alhambra\/visite-guidee-avec-entree-alhambra-2\/\" \/>\n<meta property=\"og:locale\" content=\"fr_FR\" \/>\n<meta property=\"og:type\" content=\"article\" \/>\n<meta property=\"og:title\" content=\"Visita Alhambra Nocturna - Walk In Granada\" \/>\n<meta property=\"og:description\" content=\"Descubre una belleza sin parang\u00f3n con nuestra visita a la Alhambra Nocturna. D\u00e9jate cautivar por los palacios Nazar\u00edes a la luz de la luna.\" \/>\n<meta property=\"og:url\" content=\"https:\/\/walkingranada.com\/fr\/alhambra\/visite-guidee-avec-entree-alhambra-2\/\" \/>\n<meta property=\"og:site_name\" content=\"Walk in Granada\" \/>\n<meta property=\"article:publisher\" content=\"https:\/\/es-es.facebook.com\/walkingranadatour\/\" \/>\n<meta property=\"article:modified_time\" content=\"2026-03-06T12:44:21+00:00\" \/>\n<meta property=\"og:image\" content=\"https:\/\/walkingranada.com\/wp-content\/uploads\/2023\/01\/Generalife-Alhambra-1.webp\" \/>\n\t<meta property=\"og:image:width\" content=\"305\" \/>\n\t<meta property=\"og:image:height\" content=\"305\" \/>\n\t<meta property=\"og:image:type\" content=\"image\/webp\" \/>\n<meta name=\"twitter:card\" content=\"summary_large_image\" \/>\n<meta name=\"twitter:site\" content=\"@walkingranada\" \/>\n<meta name=\"twitter:label1\" content=\"Dur\u00e9e de lecture estim\u00e9e\" \/>\n\t<meta name=\"twitter:data1\" content=\"8 minutes\" \/>\n<script type=\"application\/ld+json\" class=\"yoast-schema-graph\">{\"@context\":\"https:\\\/\\\/schema.org\",\"@graph\":[{\"@type\":\"WebPage\",\"@id\":\"https:\\\/\\\/walkingranada.com\\\/alhambra\\\/nocturna\\\/\",\"url\":\"https:\\\/\\\/walkingranada.com\\\/alhambra\\\/nocturna\\\/\",\"name\":\"Visita Alhambra Nocturna - Walk In Granada\",\"isPartOf\":{\"@id\":\"https:\\\/\\\/walkingranada.com\\\/#website\"},\"primaryImageOfPage\":{\"@id\":\"https:\\\/\\\/walkingranada.com\\\/alhambra\\\/nocturna\\\/#primaryimage\"},\"image\":{\"@id\":\"https:\\\/\\\/walkingranada.com\\\/alhambra\\\/nocturna\\\/#primaryimage\"},\"thumbnailUrl\":\"https:\\\/\\\/walkingranada.com\\\/wp-content\\\/uploads\\\/2023\\\/01\\\/Generalife-Alhambra-1.webp\",\"datePublished\":\"2024-08-21T09:25:09+00:00\",\"dateModified\":\"2026-03-06T12:44:21+00:00\",\"description\":\"Descubre una belleza sin parang\u00f3n con nuestra visita a la Alhambra Nocturna. D\u00e9jate cautivar por los palacios Nazar\u00edes a la luz de la luna.\",\"breadcrumb\":{\"@id\":\"https:\\\/\\\/walkingranada.com\\\/alhambra\\\/nocturna\\\/#breadcrumb\"},\"inLanguage\":\"fr-FR\",\"potentialAction\":[{\"@type\":\"ReadAction\",\"target\":[\"https:\\\/\\\/walkingranada.com\\\/alhambra\\\/nocturna\\\/\"]}]},{\"@type\":\"ImageObject\",\"inLanguage\":\"fr-FR\",\"@id\":\"https:\\\/\\\/walkingranada.com\\\/alhambra\\\/nocturna\\\/#primaryimage\",\"url\":\"https:\\\/\\\/walkingranada.com\\\/wp-content\\\/uploads\\\/2023\\\/01\\\/Generalife-Alhambra-1.webp\",\"contentUrl\":\"https:\\\/\\\/walkingranada.com\\\/wp-content\\\/uploads\\\/2023\\\/01\\\/Generalife-Alhambra-1.webp\",\"width\":305,\"height\":305,\"caption\":\"Generalife\"},{\"@type\":\"BreadcrumbList\",\"@id\":\"https:\\\/\\\/walkingranada.com\\\/alhambra\\\/nocturna\\\/#breadcrumb\",\"itemListElement\":[{\"@type\":\"ListItem\",\"position\":1,\"name\":\"Portada\",\"item\":\"https:\\\/\\\/walkingranada.com\\\/\"},{\"@type\":\"ListItem\",\"position\":2,\"name\":\"Alhambra\",\"item\":\"https:\\\/\\\/walkingranada.com\\\/alhambra\\\/\"},{\"@type\":\"ListItem\",\"position\":3,\"name\":\"Visita Alhambra Nocturna\"}]},{\"@type\":\"WebSite\",\"@id\":\"https:\\\/\\\/walkingranada.com\\\/#website\",\"url\":\"https:\\\/\\\/walkingranada.com\\\/\",\"name\":\"Walk in Granada\",\"description\":\"Turismo responsable\",\"publisher\":{\"@id\":\"https:\\\/\\\/walkingranada.com\\\/#organization\"},\"alternateName\":\"Walk in Granada\",\"potentialAction\":[{\"@type\":\"SearchAction\",\"target\":{\"@type\":\"EntryPoint\",\"urlTemplate\":\"https:\\\/\\\/walkingranada.com\\\/?s={search_term_string}\"},\"query-input\":{\"@type\":\"PropertyValueSpecification\",\"valueRequired\":true,\"valueName\":\"search_term_string\"}}],\"inLanguage\":\"fr-FR\"},{\"@type\":\"Organization\",\"@id\":\"https:\\\/\\\/walkingranada.com\\\/#organization\",\"name\":\"Walk In Granada\",\"alternateName\":\"Walk In Granada\",\"url\":\"https:\\\/\\\/walkingranada.com\\\/\",\"logo\":{\"@type\":\"ImageObject\",\"inLanguage\":\"fr-FR\",\"@id\":\"https:\\\/\\\/walkingranada.com\\\/#\\\/schema\\\/logo\\\/image\\\/\",\"url\":\"https:\\\/\\\/walkingranada.com\\\/wp-content\\\/uploads\\\/2022\\\/12\\\/Logo-Walking.webp\",\"contentUrl\":\"https:\\\/\\\/walkingranada.com\\\/wp-content\\\/uploads\\\/2022\\\/12\\\/Logo-Walking.webp\",\"width\":512,\"height\":512,\"caption\":\"Walk In Granada\"},\"image\":{\"@id\":\"https:\\\/\\\/walkingranada.com\\\/#\\\/schema\\\/logo\\\/image\\\/\"},\"sameAs\":[\"https:\\\/\\\/es-es.facebook.com\\\/walkingranadatour\\\/\",\"https:\\\/\\\/x.com\\\/walkingranada\",\"https:\\\/\\\/www.instagram.com\\\/walkingranada\\\/\"]}]}<\/script>\n<!-- \/ Yoast SEO plugin. -->","yoast_head_json":{"title":"Visita Alhambra Nocturna - Walk In Granada","description":"Descubre una belleza sin parang\u00f3n con nuestra visita a la Alhambra Nocturna. D\u00e9jate cautivar por los palacios Nazar\u00edes a la luz de la luna.","robots":{"index":"index","follow":"follow","max-snippet":"max-snippet:-1","max-image-preview":"max-image-preview:large","max-video-preview":"max-video-preview:-1"},"canonical":"https:\/\/walkingranada.com\/fr\/alhambra\/visite-guidee-avec-entree-alhambra-2\/","og_locale":"fr_FR","og_type":"article","og_title":"Visita Alhambra Nocturna - Walk In Granada","og_description":"Descubre una belleza sin parang\u00f3n con nuestra visita a la Alhambra Nocturna. D\u00e9jate cautivar por los palacios Nazar\u00edes a la luz de la luna.","og_url":"https:\/\/walkingranada.com\/fr\/alhambra\/visite-guidee-avec-entree-alhambra-2\/","og_site_name":"Walk in Granada","article_publisher":"https:\/\/es-es.facebook.com\/walkingranadatour\/","article_modified_time":"2026-03-06T12:44:21+00:00","og_image":[{"width":305,"height":305,"url":"https:\/\/walkingranada.com\/wp-content\/uploads\/2023\/01\/Generalife-Alhambra-1.webp","type":"image\/webp"}],"twitter_card":"summary_large_image","twitter_site":"@walkingranada","twitter_misc":{"Dur\u00e9e de lecture estim\u00e9e":"8 minutes"},"schema":{"@context":"https:\/\/schema.org","@graph":[{"@type":"WebPage","@id":"https:\/\/walkingranada.com\/alhambra\/nocturna\/","url":"https:\/\/walkingranada.com\/alhambra\/nocturna\/","name":"Visita Alhambra Nocturna - Walk In Granada","isPartOf":{"@id":"https:\/\/walkingranada.com\/#website"},"primaryImageOfPage":{"@id":"https:\/\/walkingranada.com\/alhambra\/nocturna\/#primaryimage"},"image":{"@id":"https:\/\/walkingranada.com\/alhambra\/nocturna\/#primaryimage"},"thumbnailUrl":"https:\/\/walkingranada.com\/wp-content\/uploads\/2023\/01\/Generalife-Alhambra-1.webp","datePublished":"2024-08-21T09:25:09+00:00","dateModified":"2026-03-06T12:44:21+00:00","description":"Descubre una belleza sin parang\u00f3n con nuestra visita a la Alhambra Nocturna. D\u00e9jate cautivar por los palacios Nazar\u00edes a la luz de la luna.","breadcrumb":{"@id":"https:\/\/walkingranada.com\/alhambra\/nocturna\/#breadcrumb"},"inLanguage":"fr-FR","potentialAction":[{"@type":"ReadAction","target":["https:\/\/walkingranada.com\/alhambra\/nocturna\/"]}]},{"@type":"ImageObject","inLanguage":"fr-FR","@id":"https:\/\/walkingranada.com\/alhambra\/nocturna\/#primaryimage","url":"https:\/\/walkingranada.com\/wp-content\/uploads\/2023\/01\/Generalife-Alhambra-1.webp","contentUrl":"https:\/\/walkingranada.com\/wp-content\/uploads\/2023\/01\/Generalife-Alhambra-1.webp","width":305,"height":305,"caption":"Generalife"},{"@type":"BreadcrumbList","@id":"https:\/\/walkingranada.com\/alhambra\/nocturna\/#breadcrumb","itemListElement":[{"@type":"ListItem","position":1,"name":"Portada","item":"https:\/\/walkingranada.com\/"},{"@type":"ListItem","position":2,"name":"Alhambra","item":"https:\/\/walkingranada.com\/alhambra\/"},{"@type":"ListItem","position":3,"name":"Visita Alhambra Nocturna"}]},{"@type":"WebSite","@id":"https:\/\/walkingranada.com\/#website","url":"https:\/\/walkingranada.com\/","name":"Walk in Granada","description":"Turismo responsable","publisher":{"@id":"https:\/\/walkingranada.com\/#organization"},"alternateName":"Walk in Granada","potentialAction":[{"@type":"SearchAction","target":{"@type":"EntryPoint","urlTemplate":"https:\/\/walkingranada.com\/?s={search_term_string}"},"query-input":{"@type":"PropertyValueSpecification","valueRequired":true,"valueName":"search_term_string"}}],"inLanguage":"fr-FR"},{"@type":"Organization","@id":"https:\/\/walkingranada.com\/#organization","name":"Walk In Granada","alternateName":"Walk In Granada","url":"https:\/\/walkingranada.com\/","logo":{"@type":"ImageObject","inLanguage":"fr-FR","@id":"https:\/\/walkingranada.com\/#\/schema\/logo\/image\/","url":"https:\/\/walkingranada.com\/wp-content\/uploads\/2022\/12\/Logo-Walking.webp","contentUrl":"https:\/\/walkingranada.com\/wp-content\/uploads\/2022\/12\/Logo-Walking.webp","width":512,"height":512,"caption":"Walk In Granada"},"image":{"@id":"https:\/\/walkingranada.com\/#\/schema\/logo\/image\/"},"sameAs":["https:\/\/es-es.facebook.com\/walkingranadatour\/","https:\/\/x.com\/walkingranada","https:\/\/www.instagram.com\/walkingranada\/"]}]}},"_links":{"self":[{"href":"https:\/\/walkingranada.com\/fr\/wp-json\/wp\/v2\/pages\/5020","targetHints":{"allow":["GET"]}}],"collection":[{"href":"https:\/\/walkingranada.com\/fr\/wp-json\/wp\/v2\/pages"}],"about":[{"href":"https:\/\/walkingranada.com\/fr\/wp-json\/wp\/v2\/types\/page"}],"author":[{"embeddable":true,"href":"https:\/\/walkingranada.com\/fr\/wp-json\/wp\/v2\/users\/2"}],"replies":[{"embeddable":true,"href":"https:\/\/walkingranada.com\/fr\/wp-json\/wp\/v2\/comments?post=5020"}],"version-history":[{"count":14,"href":"https:\/\/walkingranada.com\/fr\/wp-json\/wp\/v2\/pages\/5020\/revisions"}],"predecessor-version":[{"id":7280,"href":"https:\/\/walkingranada.com\/fr\/wp-json\/wp\/v2\/pages\/5020\/revisions\/7280"}],"up":[{"embeddable":true,"href":"https:\/\/walkingranada.com\/fr\/wp-json\/wp\/v2\/pages\/88"}],"wp:featuredmedia":[{"embeddable":true,"href":"https:\/\/walkingranada.com\/fr\/wp-json\/wp\/v2\/media\/2274"}],"wp:attachment":[{"href":"https:\/\/walkingranada.com\/fr\/wp-json\/wp\/v2\/media?parent=5020"}],"curies":[{"name":"wp","href":"https:\/\/api.w.org\/{rel}","templated":true}]}}