{"id":5006,"date":"2024-08-21T08:35:18","date_gmt":"2024-08-21T08:35:18","guid":{"rendered":"https:\/\/walkingranada.com\/?page_id=5006"},"modified":"2025-04-21T12:38:40","modified_gmt":"2025-04-21T12:38:40","slug":"albaicin-4","status":"publish","type":"page","link":"https:\/\/walkingranada.com\/fr\/visitas-guiadas\/legado-del-capitan\/","title":{"rendered":"L'h\u00e9ritage du capitaine"},"content":{"rendered":"<p>Visites guid\u00e9es &gt; L'h\u00e9ritage du Capitaine<\/p>\n\t<!-- FareHarbor calendar of item #556537 -->\n<h1>\n\t\tVisite de groupe L'h\u00e9ritage du capitaine\n\t<\/h1>\n        <a href=\"#encuentro\">\n            <img decoding=\"async\" loading=\"lazy\" src=\"https:\/\/walkingranada.com\/wp-content\/uploads\/2022\/10\/fi-rr-marker.png\" alt=\"Jardines del triunfo\"\/>\n            <p>Porte principale Jardines del Triunfo <img decoding=\"async\" loading=\"lazy\" src=\"https:\/\/walkingranada.com\/wp-content\/uploads\/2022\/10\/\ud83e\udd86-icon-_Info-Circle_.png\" alt=\"informaci\u00f3n\"\/><\/p>\n        <\/a>\n        <img decoding=\"async\" loading=\"lazy\" src=\"https:\/\/walkingranada.com\/wp-content\/uploads\/2022\/12\/guia-tour.png\" alt=\"Calle real de la Alhambra, 18\"\/>\n        <p>Avenida de la Constituci\u00f3n, 2<\/p>\n        <img decoding=\"async\" loading=\"lazy\" src=\"https:\/\/walkingranada.com\/wp-content\/uploads\/2022\/10\/fi-rr-chat-arrow-grow.png\" alt=\"Difficult\u00e9 basse\"\/>\n        <p>Difficult\u00e9 basse<\/p>\n        <img decoding=\"async\" loading=\"lazy\" src=\"https:\/\/walkingranada.com\/wp-content\/uploads\/2023\/06\/visita-en-grupo.webp\" alt=\"Visita en grupo\"\/>\n        <p>Groupe jusqu'\u00e0 30 personnes<\/p>\n        <img decoding=\"async\" loading=\"lazy\" src=\"https:\/\/walkingranada.com\/wp-content\/uploads\/2022\/12\/accesibilidad_.png\" alt=\"Accessibilit\u00e9 limit\u00e9e\"\/>\n        <p>Accessibilit\u00e9 limit\u00e9e<\/p>\n        <img decoding=\"async\" loading=\"lazy\" src=\"https:\/\/walkingranada.com\/wp-content\/uploads\/2022\/10\/fi-rr-calendar.png\" alt=\"Vendredi et samedi\"\/>\n        <p>Vendredi et samedi<\/p>\n        <img decoding=\"async\" loading=\"lazy\" src=\"https:\/\/walkingranada.com\/wp-content\/uploads\/2022\/10\/fi-rr-clock.png\" alt=\"19:00\"\/>\n        <p>10:30<\/p>\n        <img decoding=\"async\" loading=\"lazy\" src=\"https:\/\/walkingranada.com\/wp-content\/uploads\/2022\/10\/fi-rr-alarm-clock.png\" alt=\"2 heures\"\/>\n        <p>2 heures<\/p>\n        <img decoding=\"async\" loading=\"lazy\" src=\"https:\/\/walkingranada.com\/wp-content\/uploads\/2022\/10\/fi-rr-receipt.png\" alt=\"22\u20ac\"\/>\n        <p>A partir de 28\u20ac\/personne<\/p>\n        <img decoding=\"async\" loading=\"lazy\" src=\"https:\/\/walkingranada.com\/wp-content\/uploads\/2022\/10\/fi-rr-comments.png\" alt=\"Espagnol\"\/>\n        <p>Espagnol<\/p>\n<h2>\n\t\tLa p\u00e9riode de splendeur de Grenade ne se termine pas avec le d\u00e9part de Boabdil\n\t<\/h2>\n\t<p>\u00c0 l'\u00e9poque chr\u00e9tienne, c'\u00e9tait aussi une ville privil\u00e9gi\u00e9e, qui jouissait de la faveur m\u00eame des <strong>Rois catholiques<\/strong>. Des personnages de l'envergure de <strong>Gonzalo Fern\u00e1ndez de C\u00f3rdoba<\/strong>, plus connu sous le nom de <strong>Gran Capit\u00e1n<\/strong>, a \u00e9galement marqu\u00e9 l'avenir de ces terres.<\/p>\n<p>Nous d\u00e9couvrirons sa tombe, situ\u00e9e dans le <strong>Monast\u00e8re de Saint J\u00e9r\u00f4me<\/strong>, avec une visite guid\u00e9e du monast\u00e8re et de sa spectaculaire \u00e9glise. <\/p>\n<p>Une histoire passionnante, un personnage que nous connaissons tous, mais que presque personne ne conna\u00eet. Nous parlerons de ses vertus, de ses passions et des \u00e9v\u00e9nements qui l'ont amen\u00e9 \u00e0 \u00eatre, peut-\u00eatre, <strong>le meilleur guerrier qui ait jamais exist\u00e9 dans l'histoire de l'Espagne et de la Castille<\/strong>.<\/p>\n<h2>\n\t\tPoint de rencontre\n\t<\/h2>\n\t\t\t\t<img decoding=\"async\" loading=\"lazy\" src=\"https:\/\/walkingranada.com\/wp-content\/uploads\/2024\/08\/93b5142a-41c3-4200-af9e-15c3c7957e41.jpeg\" alt=\"Busto de El Gran Capit\u00e1n\" itemprop=\"image\" height=\"2048\" width=\"1536\" title=\"Busto de El Gran Capit\u00e1n\" onerror=\"this.style.display='none'\"  \/>\n<h3>\n\t\tPuerta Principal Jardines del Triunfo Avenida de la Constituci\u00f3n, 2\n\t<\/h3>\n\t<p>Avez-vous besoin d'indications pour vous y rendre ?<\/p>\n\t\t\t<a href=\"#reserva\" target=\"_self\">\n\t\t\t\t\t\t\tR\u00e9server &gt;\n\t\t\t\t\t<\/a>\n\t\t\t<a href=\"https:\/\/www.google.es\/maps\/place\/Jardines+del+Triunfo\/@37.1840617,-3.6040414,17z\/data=!4m6!3m5!1s0xd71fce9f8d635e5:0xb97d58a5b13dec87!8m2!3d37.1839335!4d-3.6019278!16s%2Fg%2F11cncpcfgq?ucbcb=1&#038;entry=ttu\" target=\"_self\">\n\t\t\t\t\t\t\tComment s'y rendre ? &gt;\n\t\t\t\t\t<\/a>\n<h2>\n\t\tRecommandations\n\t<\/h2>\n\t<ol>\n<li class=\"translation-block\">Arrivez <strong>20 minutes en avance<\/strong> avant l'heure de d\u00e9but de la visite.<\/li>\n<li class=\"translation-block\">Portez des <strong>chaussures confortables<\/strong>. La visite dure 2 heures.<\/li>\n<li>En \u00e9t\u00e9, pensez \u00e0 utiliser de la\u00a0<strong>cr\u00e8me solaire et \u00e0 emporter une bouteille d'eau<\/strong>.<\/li>\n<li><b>Convient aux poussettes<\/b><\/li>\n<li><strong>Pas adapt\u00e9 aux fauteuils roulants<\/strong><\/li>\n<li class=\"translation-block\"><strong>Comprend<\/strong> l'<strong>entr\u00e9e<\/strong> au monast\u00e8re de Saint J\u00e9r\u00f4me<\/li>\n<\/ol>\n<h2>\n\t\tItin\u00e9raire\n\t<\/h2>\n\t<ul>\n<li aria-level=\"2\">Jardines del Triunfo<\/li>\n<li aria-level=\"2\">Statue de Gonzalo Fern\u00e1ndez de C\u00f3rdoba<\/li>\n<li aria-level=\"2\">Rue San Juan de Dios<\/li>\n<li aria-level=\"2\">Monast\u00e8re de Saint J\u00e9r\u00f4me<\/li>\n<\/ul>\n\t<p class=\"translation-block\">L\u2019h\u00e9ritage de <strong>Gonzalo Fern\u00e1ndez de C\u00f3rdoba<\/strong>, <strong>le Grand Capitaine<\/strong>, d\u00e9passe ses exploits militaires, influen\u00e7ant la strat\u00e9gie et la tactique de guerre dans toute l\u2019Europe.<\/p>\n<p class=\"translation-block\">Son <strong>talent de commandement<\/strong> et son <strong>ing\u00e9niosit\u00e9 sur le champ de bataille<\/strong> en ont fait une figure cl\u00e9 lors des campagnes d\u2019Italie, o\u00f9 <strong>ses victoires \u00e0 C\u00e9rignole et au Garigliano ont chang\u00e9 le cours de l\u2019histoire<\/strong>.<\/p>\n\t<p class=\"translation-block\">Il s'agit d'une visite guid\u00e9e en petit groupe. Si vous ne trouvez pas de disponibilit\u00e9 et que vous souhaitez effectuer cette visite en format priv\u00e9, vous pouvez en faire la demande par le biais de notre section de <a href=\"https:\/\/walkingranada.com\/fr\/visites-personnalisees\/\" target=\"_self\">visites personnalis\u00e9es<\/a>.<\/p>\n\t\n\t\n\t\n\t\t\t<a href=\"https:\/\/walkingranada.com\/fr\/visites-personnalisees\/\" target=\"_self\">\n\t\t\t\t\t\t\tVisites personnalis\u00e9es >\n\t\t\t\t\t<\/a>\n\t\n\t\n<h2>\n\t\tTambi\u00e9n puedes reservar nuestras otras visitas guiadas&#8230;\n\t<\/h2>\n\t<section>\n            <img decoding=\"async\" loading=\"lazy\" src=\"https:\/\/walkingranada.com\/wp-content\/uploads\/2023\/01\/Jardines-card-walkin.webp\" width=\"100%\" alt=\"Visite priv\u00e9e de l\u2019Alhambra\"\/>\n                <h3>Visite priv\u00e9e de l\u2019Alhambra<\/h3>\n                <hr \/>\n                <p>Si vous voulez visiter l\u2019Alhambra avec un guide d\u00e9di\u00e9 seulement \u00e0 vous et votre famille\/vos amis<\/p>\n                <hr \/>\n                    <p> Tous les jours<\/p>\n                    <p> Heures du site<\/p>\n                    <p> 3h<\/p>\n                    \u00c0 partir de\n                    <p>40\u20ac<\/p>\/pax\n            <a href=\"https:\/\/walkingranada.com\/fr\/alhambra\/visite-privee\/\">R\u00e9server &gt;<\/a>\n            <img decoding=\"async\" loading=\"lazy\" src=\"https:\/\/walkingranada.com\/wp-content\/uploads\/2023\/01\/Alhambra-card-walkin.webp\" width=\"100%\" alt=\"Visite guid\u00e9e avec entr\u00e9e \u00e0 l\u2019Alhambra et Generalife\"\/>\n                <h3>Visite guid\u00e9e avec entr\u00e9e \u00e0 l\u2019Alhambra et Generalife<\/h3>\n                <hr \/>\n                <p>Entrez dans la ville palatine de l'Alhambra et ses jardins impressionnants.<\/p>\n                <hr \/>\n                    <p> Tous les jours<\/p>\n                    <p> Heures du site<\/p>\n                    <p> 3h<\/p>\n                    \u00c0 partir de\n                    <p>49\u20ac<\/p>\n                    \/pax\n            <a href=\"https:\/\/walkingranada.com\/fr\/alhambra\/visite-guidee-avec-entree-alhambra\/\">R\u00e9server &gt;<\/a>\n        <img decoding=\"async\" loading=\"lazy\" src=\"https:\/\/walkingranada.com\/wp-content\/uploads\/2023\/01\/Centro-historico-card.webp\" width=\"100%\" alt=\"Visite guid\u00e9e du centre historique et du bas-Albaicin\"\/>\n            <h3>Visite guid\u00e9e du centre historique et du bas-Albaicin<\/h3>\n            <hr \/>\n            <p>Plongez dans l'histoire. Au cours de ce circuit, vous visiterez les quartiers les plus centraux et les plus populaires.<\/p>\n            <hr \/>\n                <p> Tous les jours<\/p>\n                <p> Demandez-nous<\/p>\n                <p> 2,5h<\/p>\n                    \u00c0 partir de\n                    <p>8\u20ac<\/p>\n                    \/pax\n        <a href=\"https:\/\/walkingranada.com\/fr\/visites-guidees\/centre-historique-albaicin\/\">R\u00e9server &gt;<\/a>\n        <img decoding=\"async\" loading=\"lazy\" src=\"https:\/\/walkingranada.com\/wp-content\/uploads\/2023\/01\/Card-Sacromonte.webp\" width=\"100%\" alt=\"Visite guid\u00e9e du Sacromonte\"\/>\n            <h3>Visite guid\u00e9e du Sacromonte<\/h3>\n            <hr \/>\n            D\u00e9couvrez le quartier avec le plus de gobelins de Grenade. Ceci est une visite pour les amateurs de photographie.\n            <hr \/>\n                <p> Tous les jours<\/p>\n                <p> Demandez-nous<\/p>\n                <p> 2,5h<\/p>\n                    \u00c0 partir de\n                    <p>8\u20ac<\/p>\n                    \/pax\n        <a href=\"https:\/\/walkingranada.com\/fr\/visites-guidees\/sacromonte\/\">R\u00e9server &gt;<\/a>\n<\/section>\n<h2>\n\t\tTambi\u00e9n puedes reservar nuestros otros servicios&#8230;\n\t<\/h2>\n\t<a href=\"https:\/\/walkingranada.com\/fr\/que-faire-a-granada\/flamenco\/\" target=\"_self\"><\/a>\t\t\t<img decoding=\"async\" loading=\"lazy\" alt=\"bailaora flamenca\" src=\"https:\/\/walkingranada.com\/wp-content\/uploads\/2022\/10\/Rectangle-42.png\"\/>\n\t\t<h3>Flamenco<\/h3>\n\t<a href=\"https:\/\/walkingranada.com\/fr\/que-faire-a-granada\/hammam-al-andalus\/\" target=\"_self\"><\/a>\t\t\t<img decoding=\"async\" loading=\"lazy\" alt=\"ba\u00f1os \u00e1rabes\" src=\"https:\/\/walkingranada.com\/wp-content\/uploads\/2022\/10\/Rectangle-43.png\"\/>\n\t\t<h3>Hammam <br \/>Al-\u00e1ndalus<\/h3>\n\t<a href=\"https:\/\/walkingranada.com\/fr\/que-faire-a-granada\/excursions\/\" target=\"_self\"><\/a>\t\t\t<img decoding=\"async\" loading=\"lazy\" alt=\"mezquita de c\u00f3rdoba\" src=\"https:\/\/walkingranada.com\/wp-content\/uploads\/2022\/10\/Rectangle-45.png\"\/>\n\t\t<h3>excursions <br \/>d\u2019une journ\u00e9e<\/h3>\n\t<a href=\"https:\/\/walkingranada.com\/fr\/que-faire-a-granada\/route-olfactif\/\" target=\"_self\"><\/a>\t\t\t<img decoding=\"async\" loading=\"lazy\" alt=\"imagen de una chica joven\" src=\"https:\/\/walkingranada.com\/wp-content\/uploads\/2022\/10\/Rectangle-38.png\"\/>\n\t\t<h3>Route olfactif<\/h3>","protected":false},"excerpt":{"rendered":"<p>Visitas guiadas &gt; El Legado del Capit\u00e1n Visita en Grupo El Legado del Capit\u00e1n Puerta principal jardines del triunfo Avenida de la Constituci\u00f3n, 2 Dificultad baja Grupo de hasta 30 personas Accesibilidad limitada Viernes y s\u00e1bado 10:30 2 horas Desde 28\u20ac\/persona Espa\u00f1ol La \u00e9poca de esplendor de Granada no termin\u00f3 con la salida de Boabdil &#8230; <a title=\"L&#039;h\u00e9ritage du capitaine\" class=\"read-more\" href=\"https:\/\/walkingranada.com\/fr\/visitas-guiadas\/legado-del-capitan\/\" aria-label=\"En savoir plus sur El Legado del Capit\u00e1n\">Lire la suite<\/a><\/p>","protected":false},"author":2,"featured_media":2199,"parent":94,"menu_order":0,"comment_status":"closed","ping_status":"closed","template":"","meta":{"footnotes":""},"class_list":["post-5006","page","type-page","status-publish","has-post-thumbnail"],"yoast_head":"<!-- This site is optimized with the Yoast SEO plugin v27.4 - https:\/\/yoast.com\/product\/yoast-seo-wordpress\/ -->\n<title>Legado del Capit\u00e1n - Visita en Grupo - Walk in Granada<\/title>\n<meta name=\"description\" content=\"El legado de Gonzalo Fern\u00e1ndez de C\u00f3rdoba, el Gran Capit\u00e1n, se extiende m\u00e1s all\u00e1 de sus logros militares. Descubre c\u00f3mo cambi\u00f3 Granada.\" \/>\n<meta name=\"robots\" content=\"index, follow, max-snippet:-1, max-image-preview:large, max-video-preview:-1\" \/>\n<link rel=\"canonical\" href=\"https:\/\/walkingranada.com\/fr\/visites-guidees\/albaicin-4\/\" \/>\n<meta property=\"og:locale\" content=\"fr_FR\" \/>\n<meta property=\"og:type\" content=\"article\" \/>\n<meta property=\"og:title\" content=\"Legado del Capit\u00e1n - Visita en Grupo - Walk in Granada\" \/>\n<meta property=\"og:description\" content=\"El legado de Gonzalo Fern\u00e1ndez de C\u00f3rdoba, el Gran Capit\u00e1n, se extiende m\u00e1s all\u00e1 de sus logros militares. Descubre c\u00f3mo cambi\u00f3 Granada.\" \/>\n<meta property=\"og:url\" content=\"https:\/\/walkingranada.com\/fr\/visites-guidees\/albaicin-4\/\" \/>\n<meta property=\"og:site_name\" content=\"Walk in Granada\" \/>\n<meta property=\"article:publisher\" content=\"https:\/\/es-es.facebook.com\/walkingranadatour\/\" \/>\n<meta property=\"article:modified_time\" content=\"2025-04-21T12:38:40+00:00\" \/>\n<meta property=\"og:image\" content=\"https:\/\/walkingranada.com\/wp-content\/uploads\/2023\/01\/Freetour-albaicin-y-sacromonte.webp\" \/>\n\t<meta property=\"og:image:width\" content=\"452\" \/>\n\t<meta property=\"og:image:height\" content=\"282\" \/>\n\t<meta property=\"og:image:type\" content=\"image\/webp\" \/>\n<meta name=\"twitter:card\" content=\"summary_large_image\" \/>\n<meta name=\"twitter:site\" content=\"@walkingranada\" \/>\n<meta name=\"twitter:label1\" content=\"Dur\u00e9e de lecture estim\u00e9e\" \/>\n\t<meta name=\"twitter:data1\" content=\"9 minutes\" \/>\n<script type=\"application\/ld+json\" class=\"yoast-schema-graph\">{\"@context\":\"https:\\\/\\\/schema.org\",\"@graph\":[{\"@type\":\"WebPage\",\"@id\":\"https:\\\/\\\/walkingranada.com\\\/visitas-guiadas\\\/legado-del-capitan\\\/\",\"url\":\"https:\\\/\\\/walkingranada.com\\\/visitas-guiadas\\\/legado-del-capitan\\\/\",\"name\":\"Legado del Capit\u00e1n - Visita en Grupo - Walk in Granada\",\"isPartOf\":{\"@id\":\"https:\\\/\\\/walkingranada.com\\\/#website\"},\"primaryImageOfPage\":{\"@id\":\"https:\\\/\\\/walkingranada.com\\\/visitas-guiadas\\\/legado-del-capitan\\\/#primaryimage\"},\"image\":{\"@id\":\"https:\\\/\\\/walkingranada.com\\\/visitas-guiadas\\\/legado-del-capitan\\\/#primaryimage\"},\"thumbnailUrl\":\"https:\\\/\\\/walkingranada.com\\\/wp-content\\\/uploads\\\/2023\\\/01\\\/Freetour-albaicin-y-sacromonte.webp\",\"datePublished\":\"2024-08-21T08:35:18+00:00\",\"dateModified\":\"2025-04-21T12:38:40+00:00\",\"description\":\"El legado de Gonzalo Fern\u00e1ndez de C\u00f3rdoba, el Gran Capit\u00e1n, se extiende m\u00e1s all\u00e1 de sus logros militares. Descubre c\u00f3mo cambi\u00f3 Granada.\",\"breadcrumb\":{\"@id\":\"https:\\\/\\\/walkingranada.com\\\/visitas-guiadas\\\/legado-del-capitan\\\/#breadcrumb\"},\"inLanguage\":\"fr-FR\",\"potentialAction\":[{\"@type\":\"ReadAction\",\"target\":[\"https:\\\/\\\/walkingranada.com\\\/visitas-guiadas\\\/legado-del-capitan\\\/\"]}]},{\"@type\":\"ImageObject\",\"inLanguage\":\"fr-FR\",\"@id\":\"https:\\\/\\\/walkingranada.com\\\/visitas-guiadas\\\/legado-del-capitan\\\/#primaryimage\",\"url\":\"https:\\\/\\\/walkingranada.com\\\/wp-content\\\/uploads\\\/2023\\\/01\\\/Freetour-albaicin-y-sacromonte.webp\",\"contentUrl\":\"https:\\\/\\\/walkingranada.com\\\/wp-content\\\/uploads\\\/2023\\\/01\\\/Freetour-albaicin-y-sacromonte.webp\",\"width\":452,\"height\":282,\"caption\":\"Vistas del albaycin\"},{\"@type\":\"BreadcrumbList\",\"@id\":\"https:\\\/\\\/walkingranada.com\\\/visitas-guiadas\\\/legado-del-capitan\\\/#breadcrumb\",\"itemListElement\":[{\"@type\":\"ListItem\",\"position\":1,\"name\":\"Portada\",\"item\":\"https:\\\/\\\/walkingranada.com\\\/\"},{\"@type\":\"ListItem\",\"position\":2,\"name\":\"Visitas guiadas\",\"item\":\"https:\\\/\\\/walkingranada.com\\\/visitas-guiadas\\\/\"},{\"@type\":\"ListItem\",\"position\":3,\"name\":\"El Legado del Capit\u00e1n\"}]},{\"@type\":\"WebSite\",\"@id\":\"https:\\\/\\\/walkingranada.com\\\/#website\",\"url\":\"https:\\\/\\\/walkingranada.com\\\/\",\"name\":\"Walk in Granada\",\"description\":\"Turismo responsable\",\"publisher\":{\"@id\":\"https:\\\/\\\/walkingranada.com\\\/#organization\"},\"alternateName\":\"Walk in Granada\",\"potentialAction\":[{\"@type\":\"SearchAction\",\"target\":{\"@type\":\"EntryPoint\",\"urlTemplate\":\"https:\\\/\\\/walkingranada.com\\\/?s={search_term_string}\"},\"query-input\":{\"@type\":\"PropertyValueSpecification\",\"valueRequired\":true,\"valueName\":\"search_term_string\"}}],\"inLanguage\":\"fr-FR\"},{\"@type\":\"Organization\",\"@id\":\"https:\\\/\\\/walkingranada.com\\\/#organization\",\"name\":\"Walk In Granada\",\"alternateName\":\"Walk In Granada\",\"url\":\"https:\\\/\\\/walkingranada.com\\\/\",\"logo\":{\"@type\":\"ImageObject\",\"inLanguage\":\"fr-FR\",\"@id\":\"https:\\\/\\\/walkingranada.com\\\/#\\\/schema\\\/logo\\\/image\\\/\",\"url\":\"https:\\\/\\\/walkingranada.com\\\/wp-content\\\/uploads\\\/2022\\\/12\\\/Logo-Walking.webp\",\"contentUrl\":\"https:\\\/\\\/walkingranada.com\\\/wp-content\\\/uploads\\\/2022\\\/12\\\/Logo-Walking.webp\",\"width\":512,\"height\":512,\"caption\":\"Walk In Granada\"},\"image\":{\"@id\":\"https:\\\/\\\/walkingranada.com\\\/#\\\/schema\\\/logo\\\/image\\\/\"},\"sameAs\":[\"https:\\\/\\\/es-es.facebook.com\\\/walkingranadatour\\\/\",\"https:\\\/\\\/x.com\\\/walkingranada\",\"https:\\\/\\\/www.instagram.com\\\/walkingranada\\\/\"]}]}<\/script>\n<!-- \/ Yoast SEO plugin. -->","yoast_head_json":{"title":"L'h\u00e9ritage du capitaine - Visite de groupe - Walk in Granada","description":"L'h\u00e9ritage de Gonzalo Fern\u00e1ndez de C\u00f3rdoba, le grand capitaine, va au-del\u00e0 de ses exploits militaires. D\u00e9couvrez comment il a chang\u00e9 Grenade.","robots":{"index":"index","follow":"follow","max-snippet":"max-snippet:-1","max-image-preview":"max-image-preview:large","max-video-preview":"max-video-preview:-1"},"canonical":"https:\/\/walkingranada.com\/fr\/visites-guidees\/albaicin-4\/","og_locale":"fr_FR","og_type":"article","og_title":"Legado del Capit\u00e1n - Visita en Grupo - Walk in Granada","og_description":"El legado de Gonzalo Fern\u00e1ndez de C\u00f3rdoba, el Gran Capit\u00e1n, se extiende m\u00e1s all\u00e1 de sus logros militares. Descubre c\u00f3mo cambi\u00f3 Granada.","og_url":"https:\/\/walkingranada.com\/fr\/visites-guidees\/albaicin-4\/","og_site_name":"Walk in Granada","article_publisher":"https:\/\/es-es.facebook.com\/walkingranadatour\/","article_modified_time":"2025-04-21T12:38:40+00:00","og_image":[{"width":452,"height":282,"url":"https:\/\/walkingranada.com\/wp-content\/uploads\/2023\/01\/Freetour-albaicin-y-sacromonte.webp","type":"image\/webp"}],"twitter_card":"summary_large_image","twitter_site":"@walkingranada","twitter_misc":{"Dur\u00e9e de lecture estim\u00e9e":"9 minutes"},"schema":{"@context":"https:\/\/schema.org","@graph":[{"@type":"WebPage","@id":"https:\/\/walkingranada.com\/visitas-guiadas\/legado-del-capitan\/","url":"https:\/\/walkingranada.com\/visitas-guiadas\/legado-del-capitan\/","name":"L'h\u00e9ritage du capitaine - Visite de groupe - Walk in Granada","isPartOf":{"@id":"https:\/\/walkingranada.com\/#website"},"primaryImageOfPage":{"@id":"https:\/\/walkingranada.com\/visitas-guiadas\/legado-del-capitan\/#primaryimage"},"image":{"@id":"https:\/\/walkingranada.com\/visitas-guiadas\/legado-del-capitan\/#primaryimage"},"thumbnailUrl":"https:\/\/walkingranada.com\/wp-content\/uploads\/2023\/01\/Freetour-albaicin-y-sacromonte.webp","datePublished":"2024-08-21T08:35:18+00:00","dateModified":"2025-04-21T12:38:40+00:00","description":"L'h\u00e9ritage de Gonzalo Fern\u00e1ndez de C\u00f3rdoba, le grand capitaine, va au-del\u00e0 de ses exploits militaires. D\u00e9couvrez comment il a chang\u00e9 Grenade.","breadcrumb":{"@id":"https:\/\/walkingranada.com\/visitas-guiadas\/legado-del-capitan\/#breadcrumb"},"inLanguage":"fr-FR","potentialAction":[{"@type":"ReadAction","target":["https:\/\/walkingranada.com\/visitas-guiadas\/legado-del-capitan\/"]}]},{"@type":"ImageObject","inLanguage":"fr-FR","@id":"https:\/\/walkingranada.com\/visitas-guiadas\/legado-del-capitan\/#primaryimage","url":"https:\/\/walkingranada.com\/wp-content\/uploads\/2023\/01\/Freetour-albaicin-y-sacromonte.webp","contentUrl":"https:\/\/walkingranada.com\/wp-content\/uploads\/2023\/01\/Freetour-albaicin-y-sacromonte.webp","width":452,"height":282,"caption":"Vistas del albaycin"},{"@type":"BreadcrumbList","@id":"https:\/\/walkingranada.com\/visitas-guiadas\/legado-del-capitan\/#breadcrumb","itemListElement":[{"@type":"ListItem","position":1,"name":"Portada","item":"https:\/\/walkingranada.com\/"},{"@type":"ListItem","position":2,"name":"Visitas guiadas","item":"https:\/\/walkingranada.com\/visitas-guiadas\/"},{"@type":"ListItem","position":3,"name":"El Legado del Capit\u00e1n"}]},{"@type":"WebSite","@id":"https:\/\/walkingranada.com\/#website","url":"https:\/\/walkingranada.com\/","name":"Walk in Granada","description":"Turismo responsable","publisher":{"@id":"https:\/\/walkingranada.com\/#organization"},"alternateName":"Walk in Granada","potentialAction":[{"@type":"SearchAction","target":{"@type":"EntryPoint","urlTemplate":"https:\/\/walkingranada.com\/?s={search_term_string}"},"query-input":{"@type":"PropertyValueSpecification","valueRequired":true,"valueName":"search_term_string"}}],"inLanguage":"fr-FR"},{"@type":"Organization","@id":"https:\/\/walkingranada.com\/#organization","name":"Walk In Granada","alternateName":"Walk In Granada","url":"https:\/\/walkingranada.com\/","logo":{"@type":"ImageObject","inLanguage":"fr-FR","@id":"https:\/\/walkingranada.com\/#\/schema\/logo\/image\/","url":"https:\/\/walkingranada.com\/wp-content\/uploads\/2022\/12\/Logo-Walking.webp","contentUrl":"https:\/\/walkingranada.com\/wp-content\/uploads\/2022\/12\/Logo-Walking.webp","width":512,"height":512,"caption":"Walk In Granada"},"image":{"@id":"https:\/\/walkingranada.com\/#\/schema\/logo\/image\/"},"sameAs":["https:\/\/es-es.facebook.com\/walkingranadatour\/","https:\/\/x.com\/walkingranada","https:\/\/www.instagram.com\/walkingranada\/"]}]}},"_links":{"self":[{"href":"https:\/\/walkingranada.com\/fr\/wp-json\/wp\/v2\/pages\/5006","targetHints":{"allow":["GET"]}}],"collection":[{"href":"https:\/\/walkingranada.com\/fr\/wp-json\/wp\/v2\/pages"}],"about":[{"href":"https:\/\/walkingranada.com\/fr\/wp-json\/wp\/v2\/types\/page"}],"author":[{"embeddable":true,"href":"https:\/\/walkingranada.com\/fr\/wp-json\/wp\/v2\/users\/2"}],"replies":[{"embeddable":true,"href":"https:\/\/walkingranada.com\/fr\/wp-json\/wp\/v2\/comments?post=5006"}],"version-history":[{"count":10,"href":"https:\/\/walkingranada.com\/fr\/wp-json\/wp\/v2\/pages\/5006\/revisions"}],"predecessor-version":[{"id":6916,"href":"https:\/\/walkingranada.com\/fr\/wp-json\/wp\/v2\/pages\/5006\/revisions\/6916"}],"up":[{"embeddable":true,"href":"https:\/\/walkingranada.com\/fr\/wp-json\/wp\/v2\/pages\/94"}],"wp:featuredmedia":[{"embeddable":true,"href":"https:\/\/walkingranada.com\/fr\/wp-json\/wp\/v2\/media\/2199"}],"wp:attachment":[{"href":"https:\/\/walkingranada.com\/fr\/wp-json\/wp\/v2\/media?parent=5006"}],"curies":[{"name":"wp","href":"https:\/\/api.w.org\/{rel}","templated":true}]}}